{"id":997,"date":"2024-01-03T16:32:46","date_gmt":"2024-01-03T15:32:46","guid":{"rendered":"https:\/\/www.campelplanet.com\/gruppeferier\/"},"modified":"2024-12-23T12:27:19","modified_gmt":"2024-12-23T11:27:19","slug":"gruppeferier","status":"publish","type":"page","link":"https:\/\/www.campelplanet.com\/no\/gruppeferier\/","title":{"rendered":"Gruppeferier"},"content":{"rendered":"\t\t<div data-elementor-type=\"wp-page\" data-elementor-id=\"997\" class=\"elementor elementor-997 elementor-306\" data-elementor-post-type=\"page\">\n\t\t\t\t\t\t<section class=\"elementor-section elementor-top-section elementor-element elementor-element-248d1af elementor-section-boxed elementor-section-height-default elementor-section-height-default\" data-id=\"248d1af\" data-element_type=\"section\" data-e-type=\"section\" data-settings=\"{&quot;background_background&quot;:&quot;classic&quot;}\">\n\t\t\t\t\t\t\t<div class=\"elementor-background-overlay\"><\/div>\n\t\t\t\t\t\t\t<div class=\"elementor-container elementor-column-gap-no\">\n\t\t\t\t\t<div class=\"elementor-column elementor-col-100 elementor-top-column elementor-element elementor-element-b9d205f\" data-id=\"b9d205f\" data-element_type=\"column\" data-e-type=\"column\">\n\t\t\t<div class=\"elementor-widget-wrap elementor-element-populated\">\n\t\t\t\t\t\t\t<\/div>\n\t\t<\/div>\n\t\t\t\t\t<\/div>\n\t\t<\/section>\n\t\t<div class=\"elementor-element elementor-element-c8f49ca e-flex e-con-boxed e-con e-parent\" data-id=\"c8f49ca\" data-element_type=\"container\" data-e-type=\"container\">\n\t\t\t\t\t<div class=\"e-con-inner\">\n\t\t<div class=\"elementor-element elementor-element-cd0bc48 e-con-full e-flex e-con e-child\" data-id=\"cd0bc48\" data-element_type=\"container\" data-e-type=\"container\">\n\t\t\t\t<div class=\"elementor-element elementor-element-754350e elementor-widget elementor-widget-image\" data-id=\"754350e\" data-element_type=\"widget\" data-e-type=\"widget\" data-widget_type=\"image.default\">\n\t\t\t\t\t\t\t\t\t\t\t\t\t\t\t<img decoding=\"async\" src=\"https:\/\/www.campelplanet.com\/wp-content\/uploads\/2024\/12\/56872479_2334043346812434_7202535266332966912_n.jpg\" title=\"\" alt=\"\" loading=\"lazy\" \/>\t\t\t\t\t\t\t\t\t\t\t\t\t\t\t<\/div>\n\t\t\t\t<\/div>\n\t\t<div class=\"elementor-element elementor-element-3aa7d10 e-con-full e-flex e-con e-child\" data-id=\"3aa7d10\" data-element_type=\"container\" data-e-type=\"container\">\n\t\t\t\t<div class=\"elementor-element elementor-element-f0afc97 elementor-widget elementor-widget-text-editor\" data-id=\"f0afc97\" data-element_type=\"widget\" data-e-type=\"widget\" data-widget_type=\"text-editor.default\">\n\t\t\t\t\t\t\t\t\t<p style=\"padding-left: 40px;\"><span style=\"color: #000080;\"><strong>Camp el Planet er ideelt egnet for og er et ganske popul\u00e6rt reisem\u00e5l for store grupper. Eiendommen best\u00e5r av 11 studioleiligheter som varierer i st\u00f8rrelse fra 28 M2 til 52 M2. Ni av studioene har standard kapasitet til to-tre personer, mens to kan sove tre eller flere. Avhengig av sammensetningen av gruppen er kapasiteten typisk i omr\u00e5det 24 &#8211; 32. Denne gamle og vakre bygningen er gjennom en st\u00f8rre renovering omgjort til et moderne leilighetshotell; eierne har strukket seg langt for \u00e5 bevare &laquo;terreno rustico&raquo;-stilen og opprettholde byggets sjarm og s\u00e6regenheter. Omkranset bygningen er en vakker hage med sv\u00f8mmebasseng, palmer, ulike frukttr\u00e6r, to pergolaer og flere sittegrupper. Det er to felleskj\u00f8kken; i tillegg til ett lite kj\u00f8kken i hver studioleilighet.<\/strong><\/span><\/p>\n<p style=\"padding-left: 40px;\"><span style=\"color: #000080;\"><strong>Felleskj\u00f8kkenene ligger ved kafeteriaen, og med kapasitet til \u00e5 betjene forholdsvis store grupper. P\u00e5 Camp el Planet kan en stor gruppe nyte tiden sammen i fredelige og rolige omgivelser, og nyte eksklusiv bruk av bassenget, hagen, kafeteriaen og de to felleskj\u00f8kkenene. Lage felles m\u00e5ltider for hele gruppen; eller f\u00e5 den levert.<\/strong><\/span><\/p>\t\t\t\t\t\t\t\t<\/div>\n\t\t\t\t<\/div>\n\t\t\t\t\t<\/div>\n\t\t\t\t<\/div>\n\t\t<div class=\"elementor-element elementor-element-a917434 e-flex e-con-boxed e-con e-parent\" data-id=\"a917434\" data-element_type=\"container\" data-e-type=\"container\">\n\t\t\t\t\t<div class=\"e-con-inner\">\n\t\t\t\t<div class=\"elementor-element elementor-element-c9200ee elementor-widget elementor-widget-text-editor\" data-id=\"c9200ee\" data-element_type=\"widget\" data-e-type=\"widget\" data-widget_type=\"text-editor.default\">\n\t\t\t\t\t\t\t\t\t<span style=\"color: #000080;\"><strong>\u00a0Beliggenheten har en familievennlig planl\u00f8sning og passer for behovene til de fleste store grupper. \u00d8konomisk sett kan et slikt opphold ogs\u00e5 bli ganske rimelig tatt i betraktning antall personer som innkvarteres. For de som \u00f8nsker \u00e5 tilbringe litt tid p\u00e5 egenh\u00e5nd, er det et stort antall aktiviteter og attraksjoner \u00e5 unne seg. Spesielt de som liker \u00e5 g\u00e5 p\u00e5 tur (spektakul\u00e6re fjell i n\u00e6rheten), sykle (Costa Blanca er blant Europas mest popul\u00e6re sykkeldestinasjoner), vannsport (seiling, kajakkpadling, surfing og mer), spansk kultur (Valencia, Alicante, fjellandsbyer) eller bare tilbringe litt tid p\u00e5 stranden vil ha en fantastisk tid.<\/strong><\/span>\t\t\t\t\t\t\t\t<\/div>\n\t\t\t\t\t<\/div>\n\t\t\t\t<\/div>\n\t\t\t\t<section class=\"elementor-section elementor-top-section elementor-element elementor-element-b8dfd32 elementor-section-boxed elementor-section-height-default elementor-section-height-default\" data-id=\"b8dfd32\" data-element_type=\"section\" data-e-type=\"section\" data-settings=\"{&quot;background_background&quot;:&quot;classic&quot;}\">\n\t\t\t\t\t\t<div class=\"elementor-container elementor-column-gap-no\">\n\t\t\t\t\t<div class=\"elementor-column elementor-col-100 elementor-top-column elementor-element elementor-element-5b649c4\" data-id=\"5b649c4\" data-element_type=\"column\" data-e-type=\"column\">\n\t\t\t<div class=\"elementor-widget-wrap elementor-element-populated\">\n\t\t\t\t\t\t<div class=\"elementor-element elementor-element-f448682 elementor-widget elementor-widget-heading\" data-id=\"f448682\" data-element_type=\"widget\" data-e-type=\"widget\" data-widget_type=\"heading.default\">\n\t\t\t\t\t<h2 class=\"elementor-heading-title elementor-size-default\">Aktivitetsgalleri<\/h2>\t\t\t\t<\/div>\n\t\t\t\t<section class=\"elementor-section elementor-inner-section elementor-element elementor-element-99059a6 elementor-section-boxed elementor-section-height-default elementor-section-height-default\" data-id=\"99059a6\" data-element_type=\"section\" data-e-type=\"section\">\n\t\t\t\t\t\t<div class=\"elementor-container elementor-column-gap-no\">\n\t\t\t\t\t<div class=\"elementor-column elementor-col-100 elementor-inner-column elementor-element elementor-element-5a11686\" data-id=\"5a11686\" data-element_type=\"column\" data-e-type=\"column\">\n\t\t\t<div class=\"elementor-widget-wrap\">\n\t\t\t\t\t\t\t<\/div>\n\t\t<\/div>\n\t\t\t\t\t<\/div>\n\t\t<\/section>\n\t\t\t\t\t<\/div>\n\t\t<\/div>\n\t\t\t\t\t<\/div>\n\t\t<\/section>\n\t\t<div class=\"elementor-element elementor-element-cc20fee e-flex e-con-boxed e-con e-parent\" data-id=\"cc20fee\" data-element_type=\"container\" data-e-type=\"container\">\n\t\t\t\t\t<div class=\"e-con-inner\">\n\t\t\t\t<div class=\"elementor-element elementor-element-93d774c elementor-widget-divider--view-line elementor-widget elementor-widget-divider\" data-id=\"93d774c\" data-element_type=\"widget\" data-e-type=\"widget\" data-widget_type=\"divider.default\">\n\t\t\t\t\t\t\t<div class=\"elementor-divider\">\n\t\t\t<span class=\"elementor-divider-separator\">\n\t\t\t\t\t\t<\/span>\n\t\t<\/div>\n\t\t\t\t\t\t<\/div>\n\t\t\t\t\t<\/div>\n\t\t\t\t<\/div>\n\t\t\t\t<\/div>\n\t\t","protected":false},"excerpt":{"rendered":"<p>Camp el Planet er ideelt egnet for og er et ganske popul\u00e6rt reisem\u00e5l for store grupper. Eiendommen best\u00e5r av 11 studioleiligheter som varierer i st\u00f8rrelse fra 28 M2 til 52 M2. Ni av studioene har standard kapasitet til to-tre personer, mens to kan sove tre eller flere. Avhengig av sammensetningen av gruppen er kapasiteten typisk [&hellip;]<\/p>\n","protected":false},"author":1,"featured_media":0,"parent":0,"menu_order":0,"comment_status":"closed","ping_status":"closed","template":"elementor_header_footer","meta":{"footnotes":""},"class_list":["post-997","page","type-page","status-publish","hentry"],"yoast_head":"<!-- This site is optimized with the Yoast SEO Premium plugin v27.4 (Yoast SEO v27.4) - https:\/\/yoast.com\/product\/yoast-seo-premium-wordpress\/ -->\n<title>Gruppeferier - Camp El Planet<\/title>\n<meta name=\"description\" content=\"Camp el Planet er ideelt egnet for og er et ganske popul\u00e6rt reisem\u00e5l for store gruppeferier. Bygningen best\u00e5r av 11 studioer...\" \/>\n<meta name=\"robots\" content=\"index, follow, max-snippet:-1, max-image-preview:large, max-video-preview:-1\" \/>\n<link rel=\"canonical\" href=\"https:\/\/www.campelplanet.com\/no\/gruppeferier\/\" \/>\n<meta property=\"og:locale\" content=\"nb_NO\" \/>\n<meta property=\"og:type\" content=\"article\" \/>\n<meta property=\"og:title\" content=\"Gruppeferier\" \/>\n<meta property=\"og:description\" content=\"Camp el Planet er ideelt egnet for og er et ganske popul\u00e6rt reisem\u00e5l for store gruppeferier. Bygningen best\u00e5r av 11 studioer...\" \/>\n<meta property=\"og:url\" content=\"https:\/\/www.campelplanet.com\/no\/gruppeferier\/\" \/>\n<meta property=\"og:site_name\" content=\"Camp El Planet\" \/>\n<meta property=\"article:publisher\" content=\"https:\/\/www.facebook.com\/campelplanet\" \/>\n<meta property=\"article:modified_time\" content=\"2024-12-23T11:27:19+00:00\" \/>\n<meta name=\"twitter:card\" content=\"summary_large_image\" \/>\n<meta name=\"twitter:label1\" content=\"Ansl. lesetid\" \/>\n\t<meta name=\"twitter:data1\" content=\"3 minutter\" \/>\n<script type=\"application\/ld+json\" class=\"yoast-schema-graph\">{\"@context\":\"https:\\\/\\\/schema.org\",\"@graph\":[{\"@type\":\"WebPage\",\"@id\":\"https:\\\/\\\/www.campelplanet.com\\\/no\\\/gruppeferier\\\/\",\"url\":\"https:\\\/\\\/www.campelplanet.com\\\/no\\\/gruppeferier\\\/\",\"name\":\"Gruppeferier - Camp El Planet\",\"isPartOf\":{\"@id\":\"https:\\\/\\\/www.campelplanet.com\\\/no\\\/#website\"},\"primaryImageOfPage\":{\"@id\":\"https:\\\/\\\/www.campelplanet.com\\\/no\\\/gruppeferier\\\/#primaryimage\"},\"image\":{\"@id\":\"https:\\\/\\\/www.campelplanet.com\\\/no\\\/gruppeferier\\\/#primaryimage\"},\"thumbnailUrl\":\"https:\\\/\\\/www.campelplanet.com\\\/wp-content\\\/uploads\\\/2024\\\/12\\\/56872479_2334043346812434_7202535266332966912_n-1024x1024.jpg\",\"datePublished\":\"2024-01-03T15:32:46+00:00\",\"dateModified\":\"2024-12-23T11:27:19+00:00\",\"description\":\"Camp el Planet er ideelt egnet for og er et ganske popul\u00e6rt reisem\u00e5l for store gruppeferier. Bygningen best\u00e5r av 11 studioer...\",\"breadcrumb\":{\"@id\":\"https:\\\/\\\/www.campelplanet.com\\\/no\\\/gruppeferier\\\/#breadcrumb\"},\"inLanguage\":\"nb-NO\",\"potentialAction\":[{\"@type\":\"ReadAction\",\"target\":[\"https:\\\/\\\/www.campelplanet.com\\\/no\\\/gruppeferier\\\/\"]}]},{\"@type\":\"ImageObject\",\"inLanguage\":\"nb-NO\",\"@id\":\"https:\\\/\\\/www.campelplanet.com\\\/no\\\/gruppeferier\\\/#primaryimage\",\"url\":\"https:\\\/\\\/www.campelplanet.com\\\/wp-content\\\/uploads\\\/2024\\\/12\\\/56872479_2334043346812434_7202535266332966912_n-1024x1024.jpg\",\"contentUrl\":\"https:\\\/\\\/www.campelplanet.com\\\/wp-content\\\/uploads\\\/2024\\\/12\\\/56872479_2334043346812434_7202535266332966912_n-1024x1024.jpg\"},{\"@type\":\"BreadcrumbList\",\"@id\":\"https:\\\/\\\/www.campelplanet.com\\\/no\\\/gruppeferier\\\/#breadcrumb\",\"itemListElement\":[{\"@type\":\"ListItem\",\"position\":1,\"name\":\"Home\",\"item\":\"https:\\\/\\\/www.campelplanet.com\\\/no\\\/\"},{\"@type\":\"ListItem\",\"position\":2,\"name\":\"Gruppeferier\"}]},{\"@type\":\"WebSite\",\"@id\":\"https:\\\/\\\/www.campelplanet.com\\\/no\\\/#website\",\"url\":\"https:\\\/\\\/www.campelplanet.com\\\/no\\\/\",\"name\":\"Camp El Planet's\",\"description\":\"The soul of the Costa Blanca\",\"publisher\":{\"@id\":\"https:\\\/\\\/www.campelplanet.com\\\/no\\\/#organization\"},\"potentialAction\":[{\"@type\":\"SearchAction\",\"target\":{\"@type\":\"EntryPoint\",\"urlTemplate\":\"https:\\\/\\\/www.campelplanet.com\\\/no\\\/?s={search_term_string}\"},\"query-input\":{\"@type\":\"PropertyValueSpecification\",\"valueRequired\":true,\"valueName\":\"search_term_string\"}}],\"inLanguage\":\"nb-NO\"},{\"@type\":\"Organization\",\"@id\":\"https:\\\/\\\/www.campelplanet.com\\\/no\\\/#organization\",\"name\":\"Camp El Planet's\",\"url\":\"https:\\\/\\\/www.campelplanet.com\\\/no\\\/\",\"logo\":{\"@type\":\"ImageObject\",\"inLanguage\":\"nb-NO\",\"@id\":\"https:\\\/\\\/www.campelplanet.com\\\/no\\\/#\\\/schema\\\/logo\\\/image\\\/\",\"url\":\"https:\\\/\\\/www.campelplanet.com\\\/wp-content\\\/uploads\\\/2024\\\/01\\\/cropped-CampElPlanet_bla.png\",\"contentUrl\":\"https:\\\/\\\/www.campelplanet.com\\\/wp-content\\\/uploads\\\/2024\\\/01\\\/cropped-CampElPlanet_bla.png\",\"width\":440,\"height\":256,\"caption\":\"Camp El Planet's\"},\"image\":{\"@id\":\"https:\\\/\\\/www.campelplanet.com\\\/no\\\/#\\\/schema\\\/logo\\\/image\\\/\"},\"sameAs\":[\"https:\\\/\\\/www.facebook.com\\\/campelplanet\",\"https:\\\/\\\/www.instagram.com\\\/campelplanet\\\/\"]}]}<\/script>\n<!-- \/ Yoast SEO Premium plugin. -->","yoast_head_json":{"title":"Gruppeferier - Camp El Planet","description":"Camp el Planet er ideelt egnet for og er et ganske popul\u00e6rt reisem\u00e5l for store gruppeferier. Bygningen best\u00e5r av 11 studioer...","robots":{"index":"index","follow":"follow","max-snippet":"max-snippet:-1","max-image-preview":"max-image-preview:large","max-video-preview":"max-video-preview:-1"},"canonical":"https:\/\/www.campelplanet.com\/no\/gruppeferier\/","og_locale":"nb_NO","og_type":"article","og_title":"Gruppeferier","og_description":"Camp el Planet er ideelt egnet for og er et ganske popul\u00e6rt reisem\u00e5l for store gruppeferier. Bygningen best\u00e5r av 11 studioer...","og_url":"https:\/\/www.campelplanet.com\/no\/gruppeferier\/","og_site_name":"Camp El Planet","article_publisher":"https:\/\/www.facebook.com\/campelplanet","article_modified_time":"2024-12-23T11:27:19+00:00","twitter_card":"summary_large_image","twitter_misc":{"Ansl. lesetid":"3 minutter"},"schema":{"@context":"https:\/\/schema.org","@graph":[{"@type":"WebPage","@id":"https:\/\/www.campelplanet.com\/no\/gruppeferier\/","url":"https:\/\/www.campelplanet.com\/no\/gruppeferier\/","name":"Gruppeferier - Camp El Planet","isPartOf":{"@id":"https:\/\/www.campelplanet.com\/no\/#website"},"primaryImageOfPage":{"@id":"https:\/\/www.campelplanet.com\/no\/gruppeferier\/#primaryimage"},"image":{"@id":"https:\/\/www.campelplanet.com\/no\/gruppeferier\/#primaryimage"},"thumbnailUrl":"https:\/\/www.campelplanet.com\/wp-content\/uploads\/2024\/12\/56872479_2334043346812434_7202535266332966912_n-1024x1024.jpg","datePublished":"2024-01-03T15:32:46+00:00","dateModified":"2024-12-23T11:27:19+00:00","description":"Camp el Planet er ideelt egnet for og er et ganske popul\u00e6rt reisem\u00e5l for store gruppeferier. Bygningen best\u00e5r av 11 studioer...","breadcrumb":{"@id":"https:\/\/www.campelplanet.com\/no\/gruppeferier\/#breadcrumb"},"inLanguage":"nb-NO","potentialAction":[{"@type":"ReadAction","target":["https:\/\/www.campelplanet.com\/no\/gruppeferier\/"]}]},{"@type":"ImageObject","inLanguage":"nb-NO","@id":"https:\/\/www.campelplanet.com\/no\/gruppeferier\/#primaryimage","url":"https:\/\/www.campelplanet.com\/wp-content\/uploads\/2024\/12\/56872479_2334043346812434_7202535266332966912_n-1024x1024.jpg","contentUrl":"https:\/\/www.campelplanet.com\/wp-content\/uploads\/2024\/12\/56872479_2334043346812434_7202535266332966912_n-1024x1024.jpg"},{"@type":"BreadcrumbList","@id":"https:\/\/www.campelplanet.com\/no\/gruppeferier\/#breadcrumb","itemListElement":[{"@type":"ListItem","position":1,"name":"Home","item":"https:\/\/www.campelplanet.com\/no\/"},{"@type":"ListItem","position":2,"name":"Gruppeferier"}]},{"@type":"WebSite","@id":"https:\/\/www.campelplanet.com\/no\/#website","url":"https:\/\/www.campelplanet.com\/no\/","name":"Camp El Planet's","description":"The soul of the Costa Blanca","publisher":{"@id":"https:\/\/www.campelplanet.com\/no\/#organization"},"potentialAction":[{"@type":"SearchAction","target":{"@type":"EntryPoint","urlTemplate":"https:\/\/www.campelplanet.com\/no\/?s={search_term_string}"},"query-input":{"@type":"PropertyValueSpecification","valueRequired":true,"valueName":"search_term_string"}}],"inLanguage":"nb-NO"},{"@type":"Organization","@id":"https:\/\/www.campelplanet.com\/no\/#organization","name":"Camp El Planet's","url":"https:\/\/www.campelplanet.com\/no\/","logo":{"@type":"ImageObject","inLanguage":"nb-NO","@id":"https:\/\/www.campelplanet.com\/no\/#\/schema\/logo\/image\/","url":"https:\/\/www.campelplanet.com\/wp-content\/uploads\/2024\/01\/cropped-CampElPlanet_bla.png","contentUrl":"https:\/\/www.campelplanet.com\/wp-content\/uploads\/2024\/01\/cropped-CampElPlanet_bla.png","width":440,"height":256,"caption":"Camp El Planet's"},"image":{"@id":"https:\/\/www.campelplanet.com\/no\/#\/schema\/logo\/image\/"},"sameAs":["https:\/\/www.facebook.com\/campelplanet","https:\/\/www.instagram.com\/campelplanet\/"]}]}},"_links":{"self":[{"href":"https:\/\/www.campelplanet.com\/no\/wp-json\/wp\/v2\/pages\/997","targetHints":{"allow":["GET"]}}],"collection":[{"href":"https:\/\/www.campelplanet.com\/no\/wp-json\/wp\/v2\/pages"}],"about":[{"href":"https:\/\/www.campelplanet.com\/no\/wp-json\/wp\/v2\/types\/page"}],"author":[{"embeddable":true,"href":"https:\/\/www.campelplanet.com\/no\/wp-json\/wp\/v2\/users\/1"}],"replies":[{"embeddable":true,"href":"https:\/\/www.campelplanet.com\/no\/wp-json\/wp\/v2\/comments?post=997"}],"version-history":[{"count":1,"href":"https:\/\/www.campelplanet.com\/no\/wp-json\/wp\/v2\/pages\/997\/revisions"}],"predecessor-version":[{"id":5460,"href":"https:\/\/www.campelplanet.com\/no\/wp-json\/wp\/v2\/pages\/997\/revisions\/5460"}],"wp:attachment":[{"href":"https:\/\/www.campelplanet.com\/no\/wp-json\/wp\/v2\/media?parent=997"}],"curies":[{"name":"wp","href":"https:\/\/api.w.org\/{rel}","templated":true}]}}