{"id":981,"date":"2024-01-03T15:13:34","date_gmt":"2024-01-03T14:13:34","guid":{"rendered":"https:\/\/www.campelplanet.com\/business-retreat\/"},"modified":"2024-12-23T11:53:12","modified_gmt":"2024-12-23T10:53:12","slug":"business-retreat","status":"publish","type":"page","link":"https:\/\/www.campelplanet.com\/no\/business-retreat\/","title":{"rendered":"Business Retreat"},"content":{"rendered":"\t\t<div data-elementor-type=\"wp-page\" data-elementor-id=\"981\" class=\"elementor elementor-981 elementor-269\" data-elementor-post-type=\"page\">\n\t\t\t\t\t\t<section class=\"elementor-section elementor-top-section elementor-element elementor-element-1d230e3 elementor-section-boxed elementor-section-height-default elementor-section-height-default\" data-id=\"1d230e3\" data-element_type=\"section\" data-e-type=\"section\" data-settings=\"{&quot;background_background&quot;:&quot;classic&quot;}\">\n\t\t\t\t\t\t\t<div class=\"elementor-background-overlay\"><\/div>\n\t\t\t\t\t\t\t<div class=\"elementor-container elementor-column-gap-no\">\n\t\t\t\t\t<div class=\"elementor-column elementor-col-100 elementor-top-column elementor-element elementor-element-690284a\" data-id=\"690284a\" data-element_type=\"column\" data-e-type=\"column\">\n\t\t\t<div class=\"elementor-widget-wrap elementor-element-populated\">\n\t\t\t\t\t\t\t<\/div>\n\t\t<\/div>\n\t\t\t\t\t<\/div>\n\t\t<\/section>\n\t\t<div class=\"elementor-element elementor-element-1395a74 e-flex e-con-boxed e-con e-parent\" data-id=\"1395a74\" data-element_type=\"container\" data-e-type=\"container\">\n\t\t\t\t\t<div class=\"e-con-inner\">\n\t\t<div class=\"elementor-element elementor-element-f5ce616 e-con-full e-flex e-con e-child\" data-id=\"f5ce616\" data-element_type=\"container\" data-e-type=\"container\">\n\t\t\t\t<div class=\"elementor-element elementor-element-58754f7 elementor-widget elementor-widget-image\" data-id=\"58754f7\" data-element_type=\"widget\" data-e-type=\"widget\" data-widget_type=\"image.default\">\n\t\t\t\t\t\t\t\t\t\t\t\t\t\t\t<img decoding=\"async\" src=\"https:\/\/www.campelplanet.com\/wp-content\/uploads\/2024\/12\/Aparthotel-El-Camp-Outside-View-9-Fotografo-Nelly-del-Arbo.jpg\" title=\"Aparthotel-El-Camp-Outside-View-9-Fotografo-Nelly-del-Arbo.jpg\" alt=\"Aparthotel-El-Camp-Outside-View-9-Fotografo-Nelly-del-Arbo.jpg\" loading=\"lazy\" \/>\t\t\t\t\t\t\t\t\t\t\t\t\t\t\t<\/div>\n\t\t\t\t<div class=\"elementor-element elementor-element-a341361 elementor-widget elementor-widget-image\" data-id=\"a341361\" data-element_type=\"widget\" data-e-type=\"widget\" data-widget_type=\"image.default\">\n\t\t\t\t\t\t\t\t\t\t\t\t\t\t\t<img decoding=\"async\" src=\"https:\/\/www.campelplanet.com\/wp-content\/uploads\/2024\/12\/Aparthotel-El-Camp-Outside-View-12-Fotografo-Nelly-del-Arbo.jpg\" title=\"Aparthotel-El-Camp-Outside-View-12-Fotografo-Nelly-del-Arbo.jpg\" alt=\"Aparthotel-El-Camp-Outside-View-12-Fotografo-Nelly-del-Arbo.jpg\" loading=\"lazy\" \/>\t\t\t\t\t\t\t\t\t\t\t\t\t\t\t<\/div>\n\t\t\t\t<\/div>\n\t\t<div class=\"elementor-element elementor-element-ddf5624 e-con-full e-flex e-con e-child\" data-id=\"ddf5624\" data-element_type=\"container\" data-e-type=\"container\">\n\t\t\t\t<div class=\"elementor-element elementor-element-4fc2a06 elementor-widget elementor-widget-text-editor\" data-id=\"4fc2a06\" data-element_type=\"widget\" data-e-type=\"widget\" data-widget_type=\"text-editor.default\">\n\t\t\t\t\t\t\t\t\t<p style=\"padding-left: 40px;\"><strong><span style=\"color: #000080;\">Camp el Planet er et flott sted for firma turer. Mange bedrifter har bes\u00f8kt oss de siste par \u00e5rene, og de har alle mer eller mindre oppn\u00e5dd det de kom hit for. Noen kommer\u00a0 for teambygging, noen for \u00e5 jobbe eksternt, noen for sin \u00e5rlige bel\u00f8nningsreise og noen for en ledersamling. Flertallet kommer imidlertid for \u00e5 mikse arbeid med teambygging; \u00e5 ha det hyggelig og \u00e5 bli bedre kjent. Gitt eiendommens personlighet og dens hyggelige omgivelser, p\u00e5 Camp el Planet er det lett \u00e5 finne balansen mellom \u00e5 bruke tid p\u00e5 arbeidsoppgaver, sosialt samv\u00e6r, slappe av og ha det g\u00f8y.<\/span><\/strong><\/p>\n<p style=\"padding-left: 40px;\"><strong><span style=\"color: #000080;\">Med mer enn 300 soldager \u00e5rlig og et mildt klima er regionen utmerket for sport og fritidsaktiviteter. Det er sannsynligvis en god id\u00e9 \u00e5 sette av (god) tid til kollektive eller individuelle aktiviteter som ikke er arbeidsrelaterte. I omr\u00e5det er det gode muligheter for sykling, fotturer, jogging, golf, tennis, padle og maritime idretter som kajakkpadling, kiting og windsurfing.<\/span><\/strong><\/p>\n<p style=\"padding-left: 40px;\"><strong><span style=\"color: #000080;\">Et enkelt netts\u00f8k vil ogs\u00e5 avdekke en rekke lokale tilbydere av spennende og interessante aktiviteter.\u00a0 \u00a0\u00a0\u00a0\u00a0\u00a0\u00a0\u00a0\u00a0\u00a0\u00a0\u00a0\u00a0\u00a0\u00a0<\/span><\/strong><\/p>\n<p style=\"padding-left: 40px;\"><strong><span style=\"color: #000080;\">Camp el Planet kan komfortabelt innkvartere opptil 28 ansatte med enkeltsenger fordelt p\u00e5 elleve studioleiligheter og en penthouseleilighet. M\u00e5ltider kan serveres eller tilberedes av gruppen. Kj\u00f8kkenet og kafeteriaen gir gode muligheter for \u00e5 tilberede alt selv.<\/span><\/strong><\/p>\t\t\t\t\t\t\t\t<\/div>\n\t\t\t\t<\/div>\n\t\t\t\t\t<\/div>\n\t\t\t\t<\/div>\n\t\t\t\t<\/div>\n\t\t","protected":false},"excerpt":{"rendered":"<p>Camp el Planet er et flott sted for firma turer. Mange bedrifter har bes\u00f8kt oss de siste par \u00e5rene, og de har alle mer eller mindre oppn\u00e5dd det de kom hit for. Noen kommer\u00a0 for teambygging, noen for \u00e5 jobbe eksternt, noen for sin \u00e5rlige bel\u00f8nningsreise og noen for en ledersamling. Flertallet kommer imidlertid for [&hellip;]<\/p>\n","protected":false},"author":1,"featured_media":0,"parent":0,"menu_order":0,"comment_status":"closed","ping_status":"closed","template":"elementor_header_footer","meta":{"footnotes":""},"class_list":["post-981","page","type-page","status-publish","hentry"],"yoast_head":"<!-- This site is optimized with the Yoast SEO Premium plugin v27.4 (Yoast SEO v27.4) - https:\/\/yoast.com\/product\/yoast-seo-premium-wordpress\/ -->\n<title>Business Retreat - Camp El Planet<\/title>\n<meta name=\"description\" content=\"Business Retreat fjellene i regionen har knapt noen likhet med Himalaya, men er likevel anerkjent internasjonalt ...\" \/>\n<meta name=\"robots\" content=\"index, follow, max-snippet:-1, max-image-preview:large, max-video-preview:-1\" \/>\n<link rel=\"canonical\" href=\"https:\/\/www.campelplanet.com\/no\/business-retreat\/\" \/>\n<meta property=\"og:locale\" content=\"nb_NO\" \/>\n<meta property=\"og:type\" content=\"article\" \/>\n<meta property=\"og:title\" content=\"Business Retreat\" \/>\n<meta property=\"og:description\" content=\"Business Retreat fjellene i regionen har knapt noen likhet med Himalaya, men er likevel anerkjent internasjonalt ...\" \/>\n<meta property=\"og:url\" content=\"https:\/\/www.campelplanet.com\/no\/business-retreat\/\" \/>\n<meta property=\"og:site_name\" content=\"Camp El Planet\" \/>\n<meta property=\"article:publisher\" content=\"https:\/\/www.facebook.com\/campelplanet\" \/>\n<meta property=\"article:modified_time\" content=\"2024-12-23T10:53:12+00:00\" \/>\n<meta property=\"og:image\" content=\"https:\/\/www.campelplanet.com\/wp-content\/uploads\/2024\/12\/Aparthotel-El-Camp-Outside-View-9-Fotografo-Nelly-del-Arbo.jpg\" \/>\n<meta name=\"twitter:card\" content=\"summary_large_image\" \/>\n<script type=\"application\/ld+json\" class=\"yoast-schema-graph\">{\"@context\":\"https:\\\/\\\/schema.org\",\"@graph\":[{\"@type\":\"WebPage\",\"@id\":\"https:\\\/\\\/www.campelplanet.com\\\/no\\\/business-retreat\\\/\",\"url\":\"https:\\\/\\\/www.campelplanet.com\\\/no\\\/business-retreat\\\/\",\"name\":\"Business Retreat - Camp El Planet\",\"isPartOf\":{\"@id\":\"https:\\\/\\\/www.campelplanet.com\\\/no\\\/#website\"},\"primaryImageOfPage\":{\"@id\":\"https:\\\/\\\/www.campelplanet.com\\\/no\\\/business-retreat\\\/#primaryimage\"},\"image\":{\"@id\":\"https:\\\/\\\/www.campelplanet.com\\\/no\\\/business-retreat\\\/#primaryimage\"},\"thumbnailUrl\":\"https:\\\/\\\/www.campelplanet.com\\\/wp-content\\\/uploads\\\/2024\\\/12\\\/Aparthotel-El-Camp-Outside-View-9-Fotografo-Nelly-del-Arbo.jpg\",\"datePublished\":\"2024-01-03T14:13:34+00:00\",\"dateModified\":\"2024-12-23T10:53:12+00:00\",\"description\":\"Business Retreat fjellene i regionen har knapt noen likhet med Himalaya, men er likevel anerkjent internasjonalt ...\",\"breadcrumb\":{\"@id\":\"https:\\\/\\\/www.campelplanet.com\\\/no\\\/business-retreat\\\/#breadcrumb\"},\"inLanguage\":\"nb-NO\",\"potentialAction\":[{\"@type\":\"ReadAction\",\"target\":[\"https:\\\/\\\/www.campelplanet.com\\\/no\\\/business-retreat\\\/\"]}]},{\"@type\":\"ImageObject\",\"inLanguage\":\"nb-NO\",\"@id\":\"https:\\\/\\\/www.campelplanet.com\\\/no\\\/business-retreat\\\/#primaryimage\",\"url\":\"https:\\\/\\\/www.campelplanet.com\\\/wp-content\\\/uploads\\\/2024\\\/12\\\/Aparthotel-El-Camp-Outside-View-9-Fotografo-Nelly-del-Arbo.jpg\",\"contentUrl\":\"https:\\\/\\\/www.campelplanet.com\\\/wp-content\\\/uploads\\\/2024\\\/12\\\/Aparthotel-El-Camp-Outside-View-9-Fotografo-Nelly-del-Arbo.jpg\"},{\"@type\":\"BreadcrumbList\",\"@id\":\"https:\\\/\\\/www.campelplanet.com\\\/no\\\/business-retreat\\\/#breadcrumb\",\"itemListElement\":[{\"@type\":\"ListItem\",\"position\":1,\"name\":\"Home\",\"item\":\"https:\\\/\\\/www.campelplanet.com\\\/no\\\/\"},{\"@type\":\"ListItem\",\"position\":2,\"name\":\"Business Retreat\"}]},{\"@type\":\"WebSite\",\"@id\":\"https:\\\/\\\/www.campelplanet.com\\\/no\\\/#website\",\"url\":\"https:\\\/\\\/www.campelplanet.com\\\/no\\\/\",\"name\":\"Camp El Planet's\",\"description\":\"The soul of the Costa Blanca\",\"publisher\":{\"@id\":\"https:\\\/\\\/www.campelplanet.com\\\/no\\\/#organization\"},\"potentialAction\":[{\"@type\":\"SearchAction\",\"target\":{\"@type\":\"EntryPoint\",\"urlTemplate\":\"https:\\\/\\\/www.campelplanet.com\\\/no\\\/?s={search_term_string}\"},\"query-input\":{\"@type\":\"PropertyValueSpecification\",\"valueRequired\":true,\"valueName\":\"search_term_string\"}}],\"inLanguage\":\"nb-NO\"},{\"@type\":\"Organization\",\"@id\":\"https:\\\/\\\/www.campelplanet.com\\\/no\\\/#organization\",\"name\":\"Camp El Planet's\",\"url\":\"https:\\\/\\\/www.campelplanet.com\\\/no\\\/\",\"logo\":{\"@type\":\"ImageObject\",\"inLanguage\":\"nb-NO\",\"@id\":\"https:\\\/\\\/www.campelplanet.com\\\/no\\\/#\\\/schema\\\/logo\\\/image\\\/\",\"url\":\"https:\\\/\\\/www.campelplanet.com\\\/wp-content\\\/uploads\\\/2024\\\/01\\\/cropped-CampElPlanet_bla.png\",\"contentUrl\":\"https:\\\/\\\/www.campelplanet.com\\\/wp-content\\\/uploads\\\/2024\\\/01\\\/cropped-CampElPlanet_bla.png\",\"width\":440,\"height\":256,\"caption\":\"Camp El Planet's\"},\"image\":{\"@id\":\"https:\\\/\\\/www.campelplanet.com\\\/no\\\/#\\\/schema\\\/logo\\\/image\\\/\"},\"sameAs\":[\"https:\\\/\\\/www.facebook.com\\\/campelplanet\",\"https:\\\/\\\/www.instagram.com\\\/campelplanet\\\/\"]}]}<\/script>\n<!-- \/ Yoast SEO Premium plugin. -->","yoast_head_json":{"title":"Business Retreat - Camp El Planet","description":"Business Retreat fjellene i regionen har knapt noen likhet med Himalaya, men er likevel anerkjent internasjonalt ...","robots":{"index":"index","follow":"follow","max-snippet":"max-snippet:-1","max-image-preview":"max-image-preview:large","max-video-preview":"max-video-preview:-1"},"canonical":"https:\/\/www.campelplanet.com\/no\/business-retreat\/","og_locale":"nb_NO","og_type":"article","og_title":"Business Retreat","og_description":"Business Retreat fjellene i regionen har knapt noen likhet med Himalaya, men er likevel anerkjent internasjonalt ...","og_url":"https:\/\/www.campelplanet.com\/no\/business-retreat\/","og_site_name":"Camp El Planet","article_publisher":"https:\/\/www.facebook.com\/campelplanet","article_modified_time":"2024-12-23T10:53:12+00:00","og_image":[{"url":"https:\/\/www.campelplanet.com\/wp-content\/uploads\/2024\/12\/Aparthotel-El-Camp-Outside-View-9-Fotografo-Nelly-del-Arbo.jpg","type":"","width":"","height":""}],"twitter_card":"summary_large_image","schema":{"@context":"https:\/\/schema.org","@graph":[{"@type":"WebPage","@id":"https:\/\/www.campelplanet.com\/no\/business-retreat\/","url":"https:\/\/www.campelplanet.com\/no\/business-retreat\/","name":"Business Retreat - Camp El Planet","isPartOf":{"@id":"https:\/\/www.campelplanet.com\/no\/#website"},"primaryImageOfPage":{"@id":"https:\/\/www.campelplanet.com\/no\/business-retreat\/#primaryimage"},"image":{"@id":"https:\/\/www.campelplanet.com\/no\/business-retreat\/#primaryimage"},"thumbnailUrl":"https:\/\/www.campelplanet.com\/wp-content\/uploads\/2024\/12\/Aparthotel-El-Camp-Outside-View-9-Fotografo-Nelly-del-Arbo.jpg","datePublished":"2024-01-03T14:13:34+00:00","dateModified":"2024-12-23T10:53:12+00:00","description":"Business Retreat fjellene i regionen har knapt noen likhet med Himalaya, men er likevel anerkjent internasjonalt ...","breadcrumb":{"@id":"https:\/\/www.campelplanet.com\/no\/business-retreat\/#breadcrumb"},"inLanguage":"nb-NO","potentialAction":[{"@type":"ReadAction","target":["https:\/\/www.campelplanet.com\/no\/business-retreat\/"]}]},{"@type":"ImageObject","inLanguage":"nb-NO","@id":"https:\/\/www.campelplanet.com\/no\/business-retreat\/#primaryimage","url":"https:\/\/www.campelplanet.com\/wp-content\/uploads\/2024\/12\/Aparthotel-El-Camp-Outside-View-9-Fotografo-Nelly-del-Arbo.jpg","contentUrl":"https:\/\/www.campelplanet.com\/wp-content\/uploads\/2024\/12\/Aparthotel-El-Camp-Outside-View-9-Fotografo-Nelly-del-Arbo.jpg"},{"@type":"BreadcrumbList","@id":"https:\/\/www.campelplanet.com\/no\/business-retreat\/#breadcrumb","itemListElement":[{"@type":"ListItem","position":1,"name":"Home","item":"https:\/\/www.campelplanet.com\/no\/"},{"@type":"ListItem","position":2,"name":"Business Retreat"}]},{"@type":"WebSite","@id":"https:\/\/www.campelplanet.com\/no\/#website","url":"https:\/\/www.campelplanet.com\/no\/","name":"Camp El Planet's","description":"The soul of the Costa Blanca","publisher":{"@id":"https:\/\/www.campelplanet.com\/no\/#organization"},"potentialAction":[{"@type":"SearchAction","target":{"@type":"EntryPoint","urlTemplate":"https:\/\/www.campelplanet.com\/no\/?s={search_term_string}"},"query-input":{"@type":"PropertyValueSpecification","valueRequired":true,"valueName":"search_term_string"}}],"inLanguage":"nb-NO"},{"@type":"Organization","@id":"https:\/\/www.campelplanet.com\/no\/#organization","name":"Camp El Planet's","url":"https:\/\/www.campelplanet.com\/no\/","logo":{"@type":"ImageObject","inLanguage":"nb-NO","@id":"https:\/\/www.campelplanet.com\/no\/#\/schema\/logo\/image\/","url":"https:\/\/www.campelplanet.com\/wp-content\/uploads\/2024\/01\/cropped-CampElPlanet_bla.png","contentUrl":"https:\/\/www.campelplanet.com\/wp-content\/uploads\/2024\/01\/cropped-CampElPlanet_bla.png","width":440,"height":256,"caption":"Camp El Planet's"},"image":{"@id":"https:\/\/www.campelplanet.com\/no\/#\/schema\/logo\/image\/"},"sameAs":["https:\/\/www.facebook.com\/campelplanet","https:\/\/www.instagram.com\/campelplanet\/"]}]}},"_links":{"self":[{"href":"https:\/\/www.campelplanet.com\/no\/wp-json\/wp\/v2\/pages\/981","targetHints":{"allow":["GET"]}}],"collection":[{"href":"https:\/\/www.campelplanet.com\/no\/wp-json\/wp\/v2\/pages"}],"about":[{"href":"https:\/\/www.campelplanet.com\/no\/wp-json\/wp\/v2\/types\/page"}],"author":[{"embeddable":true,"href":"https:\/\/www.campelplanet.com\/no\/wp-json\/wp\/v2\/users\/1"}],"replies":[{"embeddable":true,"href":"https:\/\/www.campelplanet.com\/no\/wp-json\/wp\/v2\/comments?post=981"}],"version-history":[{"count":1,"href":"https:\/\/www.campelplanet.com\/no\/wp-json\/wp\/v2\/pages\/981\/revisions"}],"predecessor-version":[{"id":5442,"href":"https:\/\/www.campelplanet.com\/no\/wp-json\/wp\/v2\/pages\/981\/revisions\/5442"}],"wp:attachment":[{"href":"https:\/\/www.campelplanet.com\/no\/wp-json\/wp\/v2\/media?parent=981"}],"curies":[{"name":"wp","href":"https:\/\/api.w.org\/{rel}","templated":true}]}}