{"id":939,"date":"2024-01-01T19:24:06","date_gmt":"2024-01-01T18:24:06","guid":{"rendered":"https:\/\/www.campelplanet.com\/hjem\/"},"modified":"2025-11-23T18:35:25","modified_gmt":"2025-11-23T17:35:25","slug":"hjem","status":"publish","type":"page","link":"https:\/\/www.campelplanet.com\/no\/","title":{"rendered":"Hjem"},"content":{"rendered":"\t\t<div data-elementor-type=\"wp-page\" data-elementor-id=\"939\" class=\"elementor elementor-939 elementor-8\" data-elementor-post-type=\"page\">\n\t\t\t\t\t\t<section class=\"elementor-section elementor-top-section elementor-element elementor-element-1132f70d elementor-reverse-tablet elementor-reverse-mobile elementor-section-boxed elementor-section-height-default elementor-section-height-default\" data-id=\"1132f70d\" data-element_type=\"section\" data-e-type=\"section\" data-settings=\"{&quot;background_background&quot;:&quot;classic&quot;}\">\n\t\t\t\t\t\t\t<div class=\"elementor-background-overlay\"><\/div>\n\t\t\t\t\t\t\t<div class=\"elementor-container elementor-column-gap-no\">\n\t\t\t\t\t<div class=\"elementor-column elementor-col-50 elementor-top-column elementor-element elementor-element-9bd00e9\" data-id=\"9bd00e9\" data-element_type=\"column\" data-e-type=\"column\">\n\t\t\t<div class=\"elementor-widget-wrap elementor-element-populated\">\n\t\t\t\t\t\t<div class=\"elementor-element elementor-element-313263e9 elementor-widget__width-initial elementor-widget elementor-widget-heading\" data-id=\"313263e9\" data-element_type=\"widget\" data-e-type=\"widget\" data-widget_type=\"heading.default\">\n\t\t\t\t\t<h1 class=\"elementor-heading-title elementor-size-default\">Kom og skap \nminner for livet<\/h1>\t\t\t\t<\/div>\n\t\t\t\t\t<\/div>\n\t\t<\/div>\n\t\t\t\t<div class=\"elementor-column elementor-col-50 elementor-top-column elementor-element elementor-element-68ae4072 elementor-hidden-tablet elementor-hidden-phone\" data-id=\"68ae4072\" data-element_type=\"column\" data-e-type=\"column\">\n\t\t\t<div class=\"elementor-widget-wrap\">\n\t\t\t\t\t\t\t<\/div>\n\t\t<\/div>\n\t\t\t\t\t<\/div>\n\t\t<\/section>\n\t\t\t\t<section class=\"elementor-section elementor-top-section elementor-element elementor-element-e6e3ad4 elementor-section-boxed elementor-section-height-default elementor-section-height-default\" data-id=\"e6e3ad4\" data-element_type=\"section\" data-e-type=\"section\">\n\t\t\t\t\t\t<div class=\"elementor-container elementor-column-gap-no\">\n\t\t\t\t\t<div class=\"elementor-column elementor-col-100 elementor-top-column elementor-element elementor-element-915848b\" data-id=\"915848b\" data-element_type=\"column\" data-e-type=\"column\">\n\t\t\t<div class=\"elementor-widget-wrap elementor-element-populated\">\n\t\t\t\t\t\t<div class=\"elementor-element elementor-element-0106dce elementor-widget elementor-widget-heading\" data-id=\"0106dce\" data-element_type=\"widget\" data-e-type=\"widget\" data-widget_type=\"heading.default\">\n\t\t\t\t\t<h2 class=\"elementor-heading-title elementor-size-default\">Camp El Planet - en spansk oase<\/h2>\t\t\t\t<\/div>\n\t\t\t\t<section class=\"elementor-section elementor-inner-section elementor-element elementor-element-41daa5a elementor-section-full_width elementor-section-height-default elementor-section-height-default\" data-id=\"41daa5a\" data-element_type=\"section\" data-e-type=\"section\">\n\t\t\t\t\t\t<div class=\"elementor-container elementor-column-gap-default\">\n\t\t\t\t\t<div class=\"elementor-column elementor-col-100 elementor-inner-column elementor-element elementor-element-1e173ab\" data-id=\"1e173ab\" data-element_type=\"column\" data-e-type=\"column\" data-settings=\"{&quot;background_background&quot;:&quot;classic&quot;}\">\n\t\t\t<div class=\"elementor-widget-wrap elementor-element-populated\">\n\t\t\t\t\t\t<div class=\"elementor-element elementor-element-598db20 elementor-widget elementor-widget-text-editor\" data-id=\"598db20\" data-element_type=\"widget\" data-e-type=\"widget\" data-widget_type=\"text-editor.default\">\n\t\t\t\t\t\t\t\t\t<p style=\"text-align: left;\"><img fetchpriority=\"high\" decoding=\"async\" class=\"alignnone size-medium wp-image-2768\" src=\"https:\/\/www.campelplanet.com\/wp-content\/uploads\/2024\/02\/IMG_1317-300x225.jpeg\" alt=\"\" width=\"300\" height=\"225\" srcset=\"https:\/\/www.campelplanet.com\/wp-content\/uploads\/2024\/02\/IMG_1317-300x225.jpeg 300w, https:\/\/www.campelplanet.com\/wp-content\/uploads\/2024\/02\/IMG_1317-1024x768.jpeg 1024w, https:\/\/www.campelplanet.com\/wp-content\/uploads\/2024\/02\/IMG_1317-768x576.jpeg 768w, https:\/\/www.campelplanet.com\/wp-content\/uploads\/2024\/02\/IMG_1317-1536x1152.jpeg 1536w, https:\/\/www.campelplanet.com\/wp-content\/uploads\/2024\/02\/IMG_1317.jpeg 2048w\" sizes=\"(max-width: 300px) 100vw, 300px\" \/><img decoding=\"async\" class=\"alignnone wp-image-311\" src=\"https:\/\/www.campelplanet.com\/wp-content\/uploads\/2024\/01\/Aparthotel-El-Camp-Outside-View-11-Fotografo-Nelly-del-Arbo-e1581327717950-300x200.jpg\" alt=\"\" width=\"337\" height=\"225\" srcset=\"https:\/\/www.campelplanet.com\/wp-content\/uploads\/2024\/01\/Aparthotel-El-Camp-Outside-View-11-Fotografo-Nelly-del-Arbo-e1581327717950-300x200.jpg 300w, https:\/\/www.campelplanet.com\/wp-content\/uploads\/2024\/01\/Aparthotel-El-Camp-Outside-View-11-Fotografo-Nelly-del-Arbo-e1581327717950-1024x683.jpg 1024w, https:\/\/www.campelplanet.com\/wp-content\/uploads\/2024\/01\/Aparthotel-El-Camp-Outside-View-11-Fotografo-Nelly-del-Arbo-e1581327717950-768x512.jpg 768w, https:\/\/www.campelplanet.com\/wp-content\/uploads\/2024\/01\/Aparthotel-El-Camp-Outside-View-11-Fotografo-Nelly-del-Arbo-e1581327717950.jpg 1300w\" sizes=\"(max-width: 337px) 100vw, 337px\" \/><img decoding=\"async\" class=\"alignnone size-medium wp-image-2762\" src=\"https:\/\/www.campelplanet.com\/wp-content\/uploads\/2024\/02\/IMG_0851-300x225.jpeg\" alt=\"\" width=\"300\" height=\"225\" srcset=\"https:\/\/www.campelplanet.com\/wp-content\/uploads\/2024\/02\/IMG_0851-300x225.jpeg 300w, https:\/\/www.campelplanet.com\/wp-content\/uploads\/2024\/02\/IMG_0851-1024x768.jpeg 1024w, https:\/\/www.campelplanet.com\/wp-content\/uploads\/2024\/02\/IMG_0851-768x576.jpeg 768w, https:\/\/www.campelplanet.com\/wp-content\/uploads\/2024\/02\/IMG_0851-1536x1152.jpeg 1536w, https:\/\/www.campelplanet.com\/wp-content\/uploads\/2024\/02\/IMG_0851.jpeg 2048w\" sizes=\"(max-width: 300px) 100vw, 300px\" \/><\/p>\n<p style=\"text-align: left;\"><span style=\"color: #003366;\"><strong><span style=\"font-family: var( --e-global-typography-text-font-family ), Sans-serif; font-size: var( --e-global-typography-text-font-size );\">Camp el Planet er det perfekte reisem\u00e5let for store grupper; samle slekt og venner, vennegjenger, feiringer av ymse slag, bryllup, bedriftstur, teambuilding, velv\u00e6re retreat, yoga, treningsleir eller matlagingskurs \u2013 mulighetene er endel\u00f8se. V\u00e5r misjon er \u00e5 gi kundene v\u00e5re en unik opplevelse; vi har som m\u00e5l \u00e5 overg\u00e5 deres forventninger ved \u00e5 tilby de h\u00f8yeste standardene innen beliggenhet, overnatting, personlig service og sports- og fritidsaktiviteter, samtidig som vi innlemmer sjarmen, historien og skikkene til Spania og Costa Blanca.<\/span><\/strong><\/span><\/p>\t\t\t\t\t\t\t\t<\/div>\n\t\t\t\t<div class=\"elementor-element elementor-element-293f26d elementor-hidden-desktop elementor-hidden-tablet elementor-hidden-mobile elementor-widget__width-initial elementor-widget elementor-widget-heading\" data-id=\"293f26d\" data-element_type=\"widget\" data-e-type=\"widget\" data-widget_type=\"heading.default\">\n\t\t\t\t\t<h2 class=\"elementor-heading-title elementor-size-default\">Romslige studioleiligheter og gruppevennlige fasiliteter i rolige og private omgivelser<\/h2>\t\t\t\t<\/div>\n\t\t\t\t<div class=\"elementor-element elementor-element-a449e7a elementor-widget elementor-widget-text-editor\" data-id=\"a449e7a\" data-element_type=\"widget\" data-e-type=\"widget\" data-widget_type=\"text-editor.default\">\n\t\t\t\t\t\t\t\t\t<p style=\"padding-left: 40px;\">\u00a0<img loading=\"lazy\" decoding=\"async\" class=\"alignnone wp-image-2043 size-medium\" src=\"https:\/\/www.campelplanet.com\/wp-content\/uploads\/2024\/01\/Aparthotel-El-Camp-Outside-View-5-Fotografo-Nelly-del-Arbo-300x200.jpg\" alt=\"\" width=\"300\" height=\"200\" srcset=\"https:\/\/www.campelplanet.com\/wp-content\/uploads\/2024\/01\/Aparthotel-El-Camp-Outside-View-5-Fotografo-Nelly-del-Arbo-300x200.jpg 300w, https:\/\/www.campelplanet.com\/wp-content\/uploads\/2024\/01\/Aparthotel-El-Camp-Outside-View-5-Fotografo-Nelly-del-Arbo-768x512.jpg 768w, https:\/\/www.campelplanet.com\/wp-content\/uploads\/2024\/01\/Aparthotel-El-Camp-Outside-View-5-Fotografo-Nelly-del-Arbo.jpg 900w\" sizes=\"(max-width: 300px) 100vw, 300px\" \/><img loading=\"lazy\" decoding=\"async\" class=\"alignnone wp-image-4129\" src=\"https:\/\/www.campelplanet.com\/wp-content\/uploads\/2024\/12\/Aparthotel-El-Camp-Outside-View-3-Fotografo-Nelly-del-Arbo-300x179.webp\" alt=\"\" width=\"336\" height=\"200\" srcset=\"https:\/\/www.campelplanet.com\/wp-content\/uploads\/2024\/12\/Aparthotel-El-Camp-Outside-View-3-Fotografo-Nelly-del-Arbo-300x179.webp 300w, https:\/\/www.campelplanet.com\/wp-content\/uploads\/2024\/12\/Aparthotel-El-Camp-Outside-View-3-Fotografo-Nelly-del-Arbo-1024x610.jpg 1024w, https:\/\/www.campelplanet.com\/wp-content\/uploads\/2024\/12\/Aparthotel-El-Camp-Outside-View-3-Fotografo-Nelly-del-Arbo-768x457.jpg 768w, https:\/\/www.campelplanet.com\/wp-content\/uploads\/2024\/12\/Aparthotel-El-Camp-Outside-View-3-Fotografo-Nelly-del-Arbo-1536x914.jpg 1536w, https:\/\/www.campelplanet.com\/wp-content\/uploads\/2024\/12\/Aparthotel-El-Camp-Outside-View-3-Fotografo-Nelly-del-Arbo-2048x1219.jpg 2048w, https:\/\/www.campelplanet.com\/wp-content\/uploads\/2024\/12\/Aparthotel-El-Camp-Outside-View-3-Fotografo-Nelly-del-Arbo.webp 1920w\" sizes=\"(max-width: 336px) 100vw, 336px\" \/><img loading=\"lazy\" decoding=\"async\" class=\"alignnone wp-image-3724\" src=\"https:\/\/www.campelplanet.com\/wp-content\/uploads\/2024\/11\/untitled-9-300x200.jpg\" alt=\"\" width=\"300\" height=\"200\" \/><\/p>\n<p style=\"padding-left: 40px;\"><span style=\"color: #000080;\"><strong>Camp El Planet tilbyr 11 studioleiligheter som varierer i st\u00f8rrelse fra 28 m\u00b2 til 52 m\u00b2. Av disse er \u00e5tte designet for komfortabelt \u00e5 romme to til tre personer, mens tre st\u00f8rre studioer kan huse tre eller flere gjester. I tillegg har eiendommen et romslig felleskj\u00f8kken og kafeteria; ideelt for grupper som selv \u00f8nsker \u00e5 \u00e5 st\u00e5 for matlagingen. Camp El Planet er det ideelle stedet for grupper som \u00f8nsker \u00e5 bo samlet p\u00e5 ett sted. Her nyter gruppen en rolig, romslig og skjermet beliggenhet for et virkelig avslappende opphold.<\/strong><\/span><\/p>\t\t\t\t\t\t\t\t<\/div>\n\t\t\t\t\t<\/div>\n\t\t<\/div>\n\t\t\t\t\t<\/div>\n\t\t<\/section>\n\t\t\t\t\t<\/div>\n\t\t<\/div>\n\t\t\t\t\t<\/div>\n\t\t<\/section>\n\t\t\t\t<\/div>\n\t\t","protected":false},"excerpt":{"rendered":"<p>Kom og skap minner for livet Camp El Planet &#8211; en spansk oase Camp el Planet er det perfekte reisem\u00e5let for store grupper; samle slekt og venner, vennegjenger, feiringer av ymse slag, bryllup, bedriftstur, teambuilding, velv\u00e6re retreat, yoga, treningsleir eller matlagingskurs \u2013 mulighetene er endel\u00f8se. V\u00e5r misjon er \u00e5 gi kundene v\u00e5re en unik opplevelse; [&hellip;]<\/p>\n","protected":false},"author":1,"featured_media":652,"parent":0,"menu_order":0,"comment_status":"closed","ping_status":"closed","template":"elementor_header_footer","meta":{"footnotes":""},"class_list":["post-939","page","type-page","status-publish","has-post-thumbnail","hentry"],"yoast_head":"<!-- This site is optimized with the Yoast SEO Premium plugin v27.4 (Yoast SEO v27.4) - https:\/\/yoast.com\/product\/yoast-seo-premium-wordpress\/ -->\n<title>Hjem - Camp El Planet<\/title>\n<meta name=\"description\" content=\"Camp El Planet - en spansk oase; V\u00e5r misjon er \u00e5 gi kundene v\u00e5re en unik opplevelse. vi har som m\u00e5l \u00e5 overg\u00e5 deres...\" \/>\n<meta name=\"robots\" content=\"index, follow, max-snippet:-1, max-image-preview:large, max-video-preview:-1\" \/>\n<link rel=\"canonical\" href=\"https:\/\/www.campelplanet.com\/no\/\" \/>\n<meta property=\"og:locale\" content=\"nb_NO\" \/>\n<meta property=\"og:type\" content=\"article\" \/>\n<meta property=\"og:title\" content=\"Hjem\" \/>\n<meta property=\"og:description\" content=\"Camp El Planet - en spansk oase; V\u00e5r misjon er \u00e5 gi kundene v\u00e5re en unik opplevelse. vi har som m\u00e5l \u00e5 overg\u00e5 deres...\" \/>\n<meta property=\"og:url\" content=\"https:\/\/www.campelplanet.com\/no\/\" \/>\n<meta property=\"og:site_name\" content=\"Camp El Planet\" \/>\n<meta property=\"article:publisher\" content=\"https:\/\/www.facebook.com\/campelplanet\" \/>\n<meta property=\"article:modified_time\" content=\"2025-11-23T17:35:25+00:00\" \/>\n<meta property=\"og:image\" content=\"https:\/\/www.campelplanet.com\/wp-content\/uploads\/2024\/01\/40639396_2166496933567077_4244052893952376832_n.jpg\" \/>\n\t<meta property=\"og:image:width\" content=\"900\" \/>\n\t<meta property=\"og:image:height\" content=\"600\" \/>\n\t<meta property=\"og:image:type\" content=\"image\/jpeg\" \/>\n<meta name=\"twitter:card\" content=\"summary_large_image\" \/>\n<meta name=\"twitter:label1\" content=\"Ansl. lesetid\" \/>\n\t<meta name=\"twitter:data1\" content=\"3 minutter\" \/>\n<script type=\"application\/ld+json\" class=\"yoast-schema-graph\">{\"@context\":\"https:\\\/\\\/schema.org\",\"@graph\":[{\"@type\":\"WebPage\",\"@id\":\"https:\\\/\\\/www.campelplanet.com\\\/no\\\/\",\"url\":\"https:\\\/\\\/www.campelplanet.com\\\/no\\\/\",\"name\":\"Hjem - Camp El Planet\",\"isPartOf\":{\"@id\":\"https:\\\/\\\/www.campelplanet.com\\\/no\\\/#website\"},\"primaryImageOfPage\":{\"@id\":\"https:\\\/\\\/www.campelplanet.com\\\/no\\\/#primaryimage\"},\"image\":{\"@id\":\"https:\\\/\\\/www.campelplanet.com\\\/no\\\/#primaryimage\"},\"thumbnailUrl\":\"https:\\\/\\\/www.campelplanet.com\\\/wp-content\\\/uploads\\\/2024\\\/01\\\/40639396_2166496933567077_4244052893952376832_n.jpg\",\"datePublished\":\"2024-01-01T18:24:06+00:00\",\"dateModified\":\"2025-11-23T17:35:25+00:00\",\"description\":\"Camp El Planet - en spansk oase; V\u00e5r misjon er \u00e5 gi kundene v\u00e5re en unik opplevelse. vi har som m\u00e5l \u00e5 overg\u00e5 deres...\",\"breadcrumb\":{\"@id\":\"https:\\\/\\\/www.campelplanet.com\\\/no\\\/#breadcrumb\"},\"inLanguage\":\"nb-NO\",\"potentialAction\":[{\"@type\":\"ReadAction\",\"target\":[\"https:\\\/\\\/www.campelplanet.com\\\/no\\\/\"]}]},{\"@type\":\"ImageObject\",\"inLanguage\":\"nb-NO\",\"@id\":\"https:\\\/\\\/www.campelplanet.com\\\/no\\\/#primaryimage\",\"url\":\"https:\\\/\\\/www.campelplanet.com\\\/wp-content\\\/uploads\\\/2024\\\/01\\\/40639396_2166496933567077_4244052893952376832_n.jpg\",\"contentUrl\":\"https:\\\/\\\/www.campelplanet.com\\\/wp-content\\\/uploads\\\/2024\\\/01\\\/40639396_2166496933567077_4244052893952376832_n.jpg\",\"width\":900,\"height\":600,\"caption\":\"camp el planet\"},{\"@type\":\"BreadcrumbList\",\"@id\":\"https:\\\/\\\/www.campelplanet.com\\\/no\\\/#breadcrumb\",\"itemListElement\":[{\"@type\":\"ListItem\",\"position\":1,\"name\":\"Home\",\"item\":\"https:\\\/\\\/www.campelplanet.com\\\/no\\\/\"},{\"@type\":\"ListItem\",\"position\":2,\"name\":\"Hjem\"}]},{\"@type\":\"WebSite\",\"@id\":\"https:\\\/\\\/www.campelplanet.com\\\/no\\\/#website\",\"url\":\"https:\\\/\\\/www.campelplanet.com\\\/no\\\/\",\"name\":\"Camp El Planet's\",\"description\":\"The soul of the Costa Blanca\",\"publisher\":{\"@id\":\"https:\\\/\\\/www.campelplanet.com\\\/no\\\/#organization\"},\"potentialAction\":[{\"@type\":\"SearchAction\",\"target\":{\"@type\":\"EntryPoint\",\"urlTemplate\":\"https:\\\/\\\/www.campelplanet.com\\\/no\\\/?s={search_term_string}\"},\"query-input\":{\"@type\":\"PropertyValueSpecification\",\"valueRequired\":true,\"valueName\":\"search_term_string\"}}],\"inLanguage\":\"nb-NO\"},{\"@type\":\"Organization\",\"@id\":\"https:\\\/\\\/www.campelplanet.com\\\/no\\\/#organization\",\"name\":\"Camp El Planet's\",\"url\":\"https:\\\/\\\/www.campelplanet.com\\\/no\\\/\",\"logo\":{\"@type\":\"ImageObject\",\"inLanguage\":\"nb-NO\",\"@id\":\"https:\\\/\\\/www.campelplanet.com\\\/no\\\/#\\\/schema\\\/logo\\\/image\\\/\",\"url\":\"https:\\\/\\\/www.campelplanet.com\\\/wp-content\\\/uploads\\\/2024\\\/01\\\/cropped-CampElPlanet_bla.png\",\"contentUrl\":\"https:\\\/\\\/www.campelplanet.com\\\/wp-content\\\/uploads\\\/2024\\\/01\\\/cropped-CampElPlanet_bla.png\",\"width\":440,\"height\":256,\"caption\":\"Camp El Planet's\"},\"image\":{\"@id\":\"https:\\\/\\\/www.campelplanet.com\\\/no\\\/#\\\/schema\\\/logo\\\/image\\\/\"},\"sameAs\":[\"https:\\\/\\\/www.facebook.com\\\/campelplanet\",\"https:\\\/\\\/www.instagram.com\\\/campelplanet\\\/\"]}]}<\/script>\n<!-- \/ Yoast SEO Premium plugin. -->","yoast_head_json":{"title":"Hjem - Camp El Planet","description":"Camp El Planet - en spansk oase; V\u00e5r misjon er \u00e5 gi kundene v\u00e5re en unik opplevelse. vi har som m\u00e5l \u00e5 overg\u00e5 deres...","robots":{"index":"index","follow":"follow","max-snippet":"max-snippet:-1","max-image-preview":"max-image-preview:large","max-video-preview":"max-video-preview:-1"},"canonical":"https:\/\/www.campelplanet.com\/no\/","og_locale":"nb_NO","og_type":"article","og_title":"Hjem","og_description":"Camp El Planet - en spansk oase; V\u00e5r misjon er \u00e5 gi kundene v\u00e5re en unik opplevelse. vi har som m\u00e5l \u00e5 overg\u00e5 deres...","og_url":"https:\/\/www.campelplanet.com\/no\/","og_site_name":"Camp El Planet","article_publisher":"https:\/\/www.facebook.com\/campelplanet","article_modified_time":"2025-11-23T17:35:25+00:00","og_image":[{"width":900,"height":600,"url":"https:\/\/www.campelplanet.com\/wp-content\/uploads\/2024\/01\/40639396_2166496933567077_4244052893952376832_n.jpg","type":"image\/jpeg"}],"twitter_card":"summary_large_image","twitter_misc":{"Ansl. lesetid":"3 minutter"},"schema":{"@context":"https:\/\/schema.org","@graph":[{"@type":"WebPage","@id":"https:\/\/www.campelplanet.com\/no\/","url":"https:\/\/www.campelplanet.com\/no\/","name":"Hjem - Camp El Planet","isPartOf":{"@id":"https:\/\/www.campelplanet.com\/no\/#website"},"primaryImageOfPage":{"@id":"https:\/\/www.campelplanet.com\/no\/#primaryimage"},"image":{"@id":"https:\/\/www.campelplanet.com\/no\/#primaryimage"},"thumbnailUrl":"https:\/\/www.campelplanet.com\/wp-content\/uploads\/2024\/01\/40639396_2166496933567077_4244052893952376832_n.jpg","datePublished":"2024-01-01T18:24:06+00:00","dateModified":"2025-11-23T17:35:25+00:00","description":"Camp El Planet - en spansk oase; V\u00e5r misjon er \u00e5 gi kundene v\u00e5re en unik opplevelse. vi har som m\u00e5l \u00e5 overg\u00e5 deres...","breadcrumb":{"@id":"https:\/\/www.campelplanet.com\/no\/#breadcrumb"},"inLanguage":"nb-NO","potentialAction":[{"@type":"ReadAction","target":["https:\/\/www.campelplanet.com\/no\/"]}]},{"@type":"ImageObject","inLanguage":"nb-NO","@id":"https:\/\/www.campelplanet.com\/no\/#primaryimage","url":"https:\/\/www.campelplanet.com\/wp-content\/uploads\/2024\/01\/40639396_2166496933567077_4244052893952376832_n.jpg","contentUrl":"https:\/\/www.campelplanet.com\/wp-content\/uploads\/2024\/01\/40639396_2166496933567077_4244052893952376832_n.jpg","width":900,"height":600,"caption":"camp el planet"},{"@type":"BreadcrumbList","@id":"https:\/\/www.campelplanet.com\/no\/#breadcrumb","itemListElement":[{"@type":"ListItem","position":1,"name":"Home","item":"https:\/\/www.campelplanet.com\/no\/"},{"@type":"ListItem","position":2,"name":"Hjem"}]},{"@type":"WebSite","@id":"https:\/\/www.campelplanet.com\/no\/#website","url":"https:\/\/www.campelplanet.com\/no\/","name":"Camp El Planet's","description":"The soul of the Costa Blanca","publisher":{"@id":"https:\/\/www.campelplanet.com\/no\/#organization"},"potentialAction":[{"@type":"SearchAction","target":{"@type":"EntryPoint","urlTemplate":"https:\/\/www.campelplanet.com\/no\/?s={search_term_string}"},"query-input":{"@type":"PropertyValueSpecification","valueRequired":true,"valueName":"search_term_string"}}],"inLanguage":"nb-NO"},{"@type":"Organization","@id":"https:\/\/www.campelplanet.com\/no\/#organization","name":"Camp El Planet's","url":"https:\/\/www.campelplanet.com\/no\/","logo":{"@type":"ImageObject","inLanguage":"nb-NO","@id":"https:\/\/www.campelplanet.com\/no\/#\/schema\/logo\/image\/","url":"https:\/\/www.campelplanet.com\/wp-content\/uploads\/2024\/01\/cropped-CampElPlanet_bla.png","contentUrl":"https:\/\/www.campelplanet.com\/wp-content\/uploads\/2024\/01\/cropped-CampElPlanet_bla.png","width":440,"height":256,"caption":"Camp El Planet's"},"image":{"@id":"https:\/\/www.campelplanet.com\/no\/#\/schema\/logo\/image\/"},"sameAs":["https:\/\/www.facebook.com\/campelplanet","https:\/\/www.instagram.com\/campelplanet\/"]}]}},"_links":{"self":[{"href":"https:\/\/www.campelplanet.com\/no\/wp-json\/wp\/v2\/pages\/939","targetHints":{"allow":["GET"]}}],"collection":[{"href":"https:\/\/www.campelplanet.com\/no\/wp-json\/wp\/v2\/pages"}],"about":[{"href":"https:\/\/www.campelplanet.com\/no\/wp-json\/wp\/v2\/types\/page"}],"author":[{"embeddable":true,"href":"https:\/\/www.campelplanet.com\/no\/wp-json\/wp\/v2\/users\/1"}],"replies":[{"embeddable":true,"href":"https:\/\/www.campelplanet.com\/no\/wp-json\/wp\/v2\/comments?post=939"}],"version-history":[{"count":1,"href":"https:\/\/www.campelplanet.com\/no\/wp-json\/wp\/v2\/pages\/939\/revisions"}],"predecessor-version":[{"id":5746,"href":"https:\/\/www.campelplanet.com\/no\/wp-json\/wp\/v2\/pages\/939\/revisions\/5746"}],"wp:featuredmedia":[{"embeddable":true,"href":"https:\/\/www.campelplanet.com\/no\/wp-json\/wp\/v2\/media\/652"}],"wp:attachment":[{"href":"https:\/\/www.campelplanet.com\/no\/wp-json\/wp\/v2\/media?parent=939"}],"curies":[{"name":"wp","href":"https:\/\/api.w.org\/{rel}","templated":true}]}}