{"id":926,"date":"2024-01-03T12:06:22","date_gmt":"2024-01-03T11:06:22","guid":{"rendered":"https:\/\/www.campelplanet.com\/lag-sport\/"},"modified":"2024-12-23T11:27:22","modified_gmt":"2024-12-23T10:27:22","slug":"lag-sport","status":"publish","type":"page","link":"https:\/\/www.campelplanet.com\/no\/lag-sport\/","title":{"rendered":"Lagidretter"},"content":{"rendered":"\t\t<div data-elementor-type=\"wp-page\" data-elementor-id=\"926\" class=\"elementor elementor-926 elementor-227\" data-elementor-post-type=\"page\">\n\t\t\t\t\t\t<section class=\"elementor-section elementor-top-section elementor-element elementor-element-1a2cf57 elementor-section-boxed elementor-section-height-default elementor-section-height-default\" data-id=\"1a2cf57\" data-element_type=\"section\" data-e-type=\"section\" data-settings=\"{&quot;background_background&quot;:&quot;classic&quot;}\">\n\t\t\t\t\t\t\t<div class=\"elementor-background-overlay\"><\/div>\n\t\t\t\t\t\t\t<div class=\"elementor-container elementor-column-gap-no\">\n\t\t\t\t\t<div class=\"elementor-column elementor-col-100 elementor-top-column elementor-element elementor-element-d338fb1\" data-id=\"d338fb1\" data-element_type=\"column\" data-e-type=\"column\">\n\t\t\t<div class=\"elementor-widget-wrap elementor-element-populated\">\n\t\t\t\t\t\t\t<\/div>\n\t\t<\/div>\n\t\t\t\t\t<\/div>\n\t\t<\/section>\n\t\t<div class=\"elementor-element elementor-element-3cc1a96 e-flex e-con-boxed e-con e-parent\" data-id=\"3cc1a96\" data-element_type=\"container\" data-e-type=\"container\">\n\t\t\t\t\t<div class=\"e-con-inner\">\n\t\t<div class=\"elementor-element elementor-element-ca1f47e e-con-full e-flex e-con e-child\" data-id=\"ca1f47e\" data-element_type=\"container\" data-e-type=\"container\">\n\t\t\t\t<div class=\"elementor-element elementor-element-dfc7da5 elementor-widget elementor-widget-image\" data-id=\"dfc7da5\" data-element_type=\"widget\" data-e-type=\"widget\" data-widget_type=\"image.default\">\n\t\t\t\t\t\t\t\t\t\t\t\t\t\t\t<img fetchpriority=\"high\" decoding=\"async\" width=\"800\" height=\"534\" src=\"https:\/\/www.campelplanet.com\/wp-content\/uploads\/2024\/01\/eppinghaus-arpoador04.jpg\" class=\"attachment-large size-large wp-image-562\" alt=\"Team Sports\" srcset=\"https:\/\/www.campelplanet.com\/wp-content\/uploads\/2024\/01\/eppinghaus-arpoador04.jpg 1024w, https:\/\/www.campelplanet.com\/wp-content\/uploads\/2024\/01\/eppinghaus-arpoador04-300x200.jpg 300w, https:\/\/www.campelplanet.com\/wp-content\/uploads\/2024\/01\/eppinghaus-arpoador04-768x512.jpg 768w\" sizes=\"(max-width: 800px) 100vw, 800px\" \/>\t\t\t\t\t\t\t\t\t\t\t\t\t\t\t<\/div>\n\t\t\t\t<\/div>\n\t\t<div class=\"elementor-element elementor-element-6f3bf6f e-con-full e-flex e-con e-child\" data-id=\"6f3bf6f\" data-element_type=\"container\" data-e-type=\"container\">\n\t\t\t\t<div class=\"elementor-element elementor-element-f69b148 elementor-widget elementor-widget-text-editor\" data-id=\"f69b148\" data-element_type=\"widget\" data-e-type=\"widget\" data-widget_type=\"text-editor.default\">\n\t\t\t\t\t\t\t\t\t<p><a href=\"https:\/\/www.campelplanet.com\/no\/camp-el-planet\/\">Camp El Planet<\/a>\u00a0er det perfekte stedet for en treningsleir for lag.\u00a0<a href=\"https:\/\/www.facebook.com\/paradisepropertyspain2410\/posts\/1737412673139798\/?paipv=0&amp;eav=AfY3egvMa3XmZC4ah_jgfnuw8cUPa9fNdW2xd--Ypbllm8DtGheliyUDYcpi_xNAsfs&amp;_rdr\">Sportsplassene i Alfaz<\/a>, Altea og La Nucia er innen kort avstand, og alle har et bredt utvalg av fasiliteter. Vi tror lag drar nytte av \u00e5 ha alle samlet p\u00e5 ett sted og ikke spredt over et stort hotell- eller leilighetskompleks.<\/p><p>Med elleve studioleiligheter og sovekapasitet for 25 til 36 personer er Camp El Planet ideell for en treningsleir. Spesielt ser vi dette som viktig for unge lag. Camp El Planet tilbyr rom og kost p\u00e5 et rolig og tilbaketrukket sted; men fortsatt innen kort avstand til kyst, fjell, idrettsanlegg, flyplasser og n\u00e6rliggende byer som Altea, Alfaz og Albir.<\/p><p>En stor gruppe vil ha eiendommen for seg selv. Dette bidrar til mer samhold, n\u00e6rhet, en sterk f\u00f8lelse av fellesskap og det vil styrke lag\u00e5nden. Mellom trenings\u00f8ktene vil gruppen v\u00e6re sammen under m\u00e5ltidene, rundt bassengomr\u00e5det, i bodegaen, ved bassenget bordet eller p\u00e5 petanque banen. \u00c5 tilbringe tid sammen i et tilbakelent og vennlig milj\u00f8 er en fin m\u00e5te \u00e5 forsterke samholdet i laget p\u00e5. Gruppen har ogs\u00e5 eksklusiv tilgang til kafeteriaen og kj\u00f8kkenet, og tilberede og administrere sine egne m\u00e5ltider.<\/p>\t\t\t\t\t\t\t\t<\/div>\n\t\t\t\t<\/div>\n\t\t\t\t\t<\/div>\n\t\t\t\t<\/div>\n\t\t\t\t<\/div>\n\t\t","protected":false},"excerpt":{"rendered":"<p>Camp El Planet\u00a0er det perfekte stedet for en treningsleir for lag.\u00a0Sportsplassene i Alfaz, Altea og La Nucia er innen kort avstand, og alle har et bredt utvalg av fasiliteter. Vi tror lag drar nytte av \u00e5 ha alle samlet p\u00e5 ett sted og ikke spredt over et stort hotell- eller leilighetskompleks. Med elleve studioleiligheter og [&hellip;]<\/p>\n","protected":false},"author":1,"featured_media":562,"parent":0,"menu_order":0,"comment_status":"closed","ping_status":"closed","template":"elementor_header_footer","meta":{"footnotes":""},"class_list":["post-926","page","type-page","status-publish","has-post-thumbnail","hentry"],"yoast_head":"<!-- This site is optimized with the Yoast SEO Premium plugin v27.4 (Yoast SEO v27.4) - https:\/\/yoast.com\/product\/yoast-seo-premium-wordpress\/ -->\n<title>Lagidretter - Camp El Planet<\/title>\n<meta name=\"description\" content=\"Camp El Planet er det perfekte stedet for en treningsleir for h\u00e5ndball eller fotball lagsport. Sportsplassene i Alfaz, Altea og...\" \/>\n<meta name=\"robots\" content=\"index, follow, max-snippet:-1, max-image-preview:large, max-video-preview:-1\" \/>\n<link rel=\"canonical\" href=\"https:\/\/www.campelplanet.com\/no\/lag-sport\/\" \/>\n<meta property=\"og:locale\" content=\"nb_NO\" \/>\n<meta property=\"og:type\" content=\"article\" \/>\n<meta property=\"og:title\" content=\"Lagidretter\" \/>\n<meta property=\"og:description\" content=\"Camp El Planet er det perfekte stedet for en treningsleir for h\u00e5ndball eller fotball lagsport. Sportsplassene i Alfaz, Altea og...\" \/>\n<meta property=\"og:url\" content=\"https:\/\/www.campelplanet.com\/no\/lag-sport\/\" \/>\n<meta property=\"og:site_name\" content=\"Camp El Planet\" \/>\n<meta property=\"article:publisher\" content=\"https:\/\/www.facebook.com\/campelplanet\" \/>\n<meta property=\"article:modified_time\" content=\"2024-12-23T10:27:22+00:00\" \/>\n<meta property=\"og:image\" content=\"https:\/\/www.campelplanet.com\/wp-content\/uploads\/2024\/01\/eppinghaus-arpoador04.jpg\" \/>\n\t<meta property=\"og:image:width\" content=\"1024\" \/>\n\t<meta property=\"og:image:height\" content=\"683\" \/>\n\t<meta property=\"og:image:type\" content=\"image\/jpeg\" \/>\n<meta name=\"twitter:card\" content=\"summary_large_image\" \/>\n<script type=\"application\/ld+json\" class=\"yoast-schema-graph\">{\"@context\":\"https:\\\/\\\/schema.org\",\"@graph\":[{\"@type\":\"WebPage\",\"@id\":\"https:\\\/\\\/www.campelplanet.com\\\/no\\\/lag-sport\\\/\",\"url\":\"https:\\\/\\\/www.campelplanet.com\\\/no\\\/lag-sport\\\/\",\"name\":\"Lagidretter - Camp El Planet\",\"isPartOf\":{\"@id\":\"https:\\\/\\\/www.campelplanet.com\\\/no\\\/#website\"},\"primaryImageOfPage\":{\"@id\":\"https:\\\/\\\/www.campelplanet.com\\\/no\\\/lag-sport\\\/#primaryimage\"},\"image\":{\"@id\":\"https:\\\/\\\/www.campelplanet.com\\\/no\\\/lag-sport\\\/#primaryimage\"},\"thumbnailUrl\":\"https:\\\/\\\/www.campelplanet.com\\\/wp-content\\\/uploads\\\/2024\\\/01\\\/eppinghaus-arpoador04.jpg\",\"datePublished\":\"2024-01-03T11:06:22+00:00\",\"dateModified\":\"2024-12-23T10:27:22+00:00\",\"description\":\"Camp El Planet er det perfekte stedet for en treningsleir for h\u00e5ndball eller fotball lagsport. Sportsplassene i Alfaz, Altea og...\",\"breadcrumb\":{\"@id\":\"https:\\\/\\\/www.campelplanet.com\\\/no\\\/lag-sport\\\/#breadcrumb\"},\"inLanguage\":\"nb-NO\",\"potentialAction\":[{\"@type\":\"ReadAction\",\"target\":[\"https:\\\/\\\/www.campelplanet.com\\\/no\\\/lag-sport\\\/\"]}]},{\"@type\":\"ImageObject\",\"inLanguage\":\"nb-NO\",\"@id\":\"https:\\\/\\\/www.campelplanet.com\\\/no\\\/lag-sport\\\/#primaryimage\",\"url\":\"https:\\\/\\\/www.campelplanet.com\\\/wp-content\\\/uploads\\\/2024\\\/01\\\/eppinghaus-arpoador04.jpg\",\"contentUrl\":\"https:\\\/\\\/www.campelplanet.com\\\/wp-content\\\/uploads\\\/2024\\\/01\\\/eppinghaus-arpoador04.jpg\",\"width\":1024,\"height\":683,\"caption\":\"Team Sports\"},{\"@type\":\"BreadcrumbList\",\"@id\":\"https:\\\/\\\/www.campelplanet.com\\\/no\\\/lag-sport\\\/#breadcrumb\",\"itemListElement\":[{\"@type\":\"ListItem\",\"position\":1,\"name\":\"Home\",\"item\":\"https:\\\/\\\/www.campelplanet.com\\\/no\\\/\"},{\"@type\":\"ListItem\",\"position\":2,\"name\":\"Lagidretter\"}]},{\"@type\":\"WebSite\",\"@id\":\"https:\\\/\\\/www.campelplanet.com\\\/no\\\/#website\",\"url\":\"https:\\\/\\\/www.campelplanet.com\\\/no\\\/\",\"name\":\"Camp El Planet's\",\"description\":\"The soul of the Costa Blanca\",\"publisher\":{\"@id\":\"https:\\\/\\\/www.campelplanet.com\\\/no\\\/#organization\"},\"potentialAction\":[{\"@type\":\"SearchAction\",\"target\":{\"@type\":\"EntryPoint\",\"urlTemplate\":\"https:\\\/\\\/www.campelplanet.com\\\/no\\\/?s={search_term_string}\"},\"query-input\":{\"@type\":\"PropertyValueSpecification\",\"valueRequired\":true,\"valueName\":\"search_term_string\"}}],\"inLanguage\":\"nb-NO\"},{\"@type\":\"Organization\",\"@id\":\"https:\\\/\\\/www.campelplanet.com\\\/no\\\/#organization\",\"name\":\"Camp El Planet's\",\"url\":\"https:\\\/\\\/www.campelplanet.com\\\/no\\\/\",\"logo\":{\"@type\":\"ImageObject\",\"inLanguage\":\"nb-NO\",\"@id\":\"https:\\\/\\\/www.campelplanet.com\\\/no\\\/#\\\/schema\\\/logo\\\/image\\\/\",\"url\":\"https:\\\/\\\/www.campelplanet.com\\\/wp-content\\\/uploads\\\/2024\\\/01\\\/cropped-CampElPlanet_bla.png\",\"contentUrl\":\"https:\\\/\\\/www.campelplanet.com\\\/wp-content\\\/uploads\\\/2024\\\/01\\\/cropped-CampElPlanet_bla.png\",\"width\":440,\"height\":256,\"caption\":\"Camp El Planet's\"},\"image\":{\"@id\":\"https:\\\/\\\/www.campelplanet.com\\\/no\\\/#\\\/schema\\\/logo\\\/image\\\/\"},\"sameAs\":[\"https:\\\/\\\/www.facebook.com\\\/campelplanet\",\"https:\\\/\\\/www.instagram.com\\\/campelplanet\\\/\"]}]}<\/script>\n<!-- \/ Yoast SEO Premium plugin. -->","yoast_head_json":{"title":"Lagidretter - Camp El Planet","description":"Camp El Planet er det perfekte stedet for en treningsleir for h\u00e5ndball eller fotball lagsport. Sportsplassene i Alfaz, Altea og...","robots":{"index":"index","follow":"follow","max-snippet":"max-snippet:-1","max-image-preview":"max-image-preview:large","max-video-preview":"max-video-preview:-1"},"canonical":"https:\/\/www.campelplanet.com\/no\/lag-sport\/","og_locale":"nb_NO","og_type":"article","og_title":"Lagidretter","og_description":"Camp El Planet er det perfekte stedet for en treningsleir for h\u00e5ndball eller fotball lagsport. Sportsplassene i Alfaz, Altea og...","og_url":"https:\/\/www.campelplanet.com\/no\/lag-sport\/","og_site_name":"Camp El Planet","article_publisher":"https:\/\/www.facebook.com\/campelplanet","article_modified_time":"2024-12-23T10:27:22+00:00","og_image":[{"width":1024,"height":683,"url":"https:\/\/www.campelplanet.com\/wp-content\/uploads\/2024\/01\/eppinghaus-arpoador04.jpg","type":"image\/jpeg"}],"twitter_card":"summary_large_image","schema":{"@context":"https:\/\/schema.org","@graph":[{"@type":"WebPage","@id":"https:\/\/www.campelplanet.com\/no\/lag-sport\/","url":"https:\/\/www.campelplanet.com\/no\/lag-sport\/","name":"Lagidretter - Camp El Planet","isPartOf":{"@id":"https:\/\/www.campelplanet.com\/no\/#website"},"primaryImageOfPage":{"@id":"https:\/\/www.campelplanet.com\/no\/lag-sport\/#primaryimage"},"image":{"@id":"https:\/\/www.campelplanet.com\/no\/lag-sport\/#primaryimage"},"thumbnailUrl":"https:\/\/www.campelplanet.com\/wp-content\/uploads\/2024\/01\/eppinghaus-arpoador04.jpg","datePublished":"2024-01-03T11:06:22+00:00","dateModified":"2024-12-23T10:27:22+00:00","description":"Camp El Planet er det perfekte stedet for en treningsleir for h\u00e5ndball eller fotball lagsport. Sportsplassene i Alfaz, Altea og...","breadcrumb":{"@id":"https:\/\/www.campelplanet.com\/no\/lag-sport\/#breadcrumb"},"inLanguage":"nb-NO","potentialAction":[{"@type":"ReadAction","target":["https:\/\/www.campelplanet.com\/no\/lag-sport\/"]}]},{"@type":"ImageObject","inLanguage":"nb-NO","@id":"https:\/\/www.campelplanet.com\/no\/lag-sport\/#primaryimage","url":"https:\/\/www.campelplanet.com\/wp-content\/uploads\/2024\/01\/eppinghaus-arpoador04.jpg","contentUrl":"https:\/\/www.campelplanet.com\/wp-content\/uploads\/2024\/01\/eppinghaus-arpoador04.jpg","width":1024,"height":683,"caption":"Team Sports"},{"@type":"BreadcrumbList","@id":"https:\/\/www.campelplanet.com\/no\/lag-sport\/#breadcrumb","itemListElement":[{"@type":"ListItem","position":1,"name":"Home","item":"https:\/\/www.campelplanet.com\/no\/"},{"@type":"ListItem","position":2,"name":"Lagidretter"}]},{"@type":"WebSite","@id":"https:\/\/www.campelplanet.com\/no\/#website","url":"https:\/\/www.campelplanet.com\/no\/","name":"Camp El Planet's","description":"The soul of the Costa Blanca","publisher":{"@id":"https:\/\/www.campelplanet.com\/no\/#organization"},"potentialAction":[{"@type":"SearchAction","target":{"@type":"EntryPoint","urlTemplate":"https:\/\/www.campelplanet.com\/no\/?s={search_term_string}"},"query-input":{"@type":"PropertyValueSpecification","valueRequired":true,"valueName":"search_term_string"}}],"inLanguage":"nb-NO"},{"@type":"Organization","@id":"https:\/\/www.campelplanet.com\/no\/#organization","name":"Camp El Planet's","url":"https:\/\/www.campelplanet.com\/no\/","logo":{"@type":"ImageObject","inLanguage":"nb-NO","@id":"https:\/\/www.campelplanet.com\/no\/#\/schema\/logo\/image\/","url":"https:\/\/www.campelplanet.com\/wp-content\/uploads\/2024\/01\/cropped-CampElPlanet_bla.png","contentUrl":"https:\/\/www.campelplanet.com\/wp-content\/uploads\/2024\/01\/cropped-CampElPlanet_bla.png","width":440,"height":256,"caption":"Camp El Planet's"},"image":{"@id":"https:\/\/www.campelplanet.com\/no\/#\/schema\/logo\/image\/"},"sameAs":["https:\/\/www.facebook.com\/campelplanet","https:\/\/www.instagram.com\/campelplanet\/"]}]}},"_links":{"self":[{"href":"https:\/\/www.campelplanet.com\/no\/wp-json\/wp\/v2\/pages\/926","targetHints":{"allow":["GET"]}}],"collection":[{"href":"https:\/\/www.campelplanet.com\/no\/wp-json\/wp\/v2\/pages"}],"about":[{"href":"https:\/\/www.campelplanet.com\/no\/wp-json\/wp\/v2\/types\/page"}],"author":[{"embeddable":true,"href":"https:\/\/www.campelplanet.com\/no\/wp-json\/wp\/v2\/users\/1"}],"replies":[{"embeddable":true,"href":"https:\/\/www.campelplanet.com\/no\/wp-json\/wp\/v2\/comments?post=926"}],"version-history":[{"count":1,"href":"https:\/\/www.campelplanet.com\/no\/wp-json\/wp\/v2\/pages\/926\/revisions"}],"predecessor-version":[{"id":5433,"href":"https:\/\/www.campelplanet.com\/no\/wp-json\/wp\/v2\/pages\/926\/revisions\/5433"}],"wp:featuredmedia":[{"embeddable":true,"href":"https:\/\/www.campelplanet.com\/no\/wp-json\/wp\/v2\/media\/562"}],"wp:attachment":[{"href":"https:\/\/www.campelplanet.com\/no\/wp-json\/wp\/v2\/media?parent=926"}],"curies":[{"name":"wp","href":"https:\/\/api.w.org\/{rel}","templated":true}]}}