{"id":908,"date":"2024-01-03T12:09:57","date_gmt":"2024-01-03T11:09:57","guid":{"rendered":"https:\/\/www.campelplanet.com\/aktiv-ferie\/"},"modified":"2024-12-23T11:32:28","modified_gmt":"2024-12-23T10:32:28","slug":"aktiv-ferie","status":"publish","type":"page","link":"https:\/\/www.campelplanet.com\/no\/aktiv-ferie\/","title":{"rendered":"Aktiv ferie"},"content":{"rendered":"\t\t<div data-elementor-type=\"wp-page\" data-elementor-id=\"908\" class=\"elementor elementor-908 elementor-235\" data-elementor-post-type=\"page\">\n\t\t\t\t\t\t<section class=\"elementor-section elementor-top-section elementor-element elementor-element-35d6c06 elementor-section-boxed elementor-section-height-default elementor-section-height-default\" data-id=\"35d6c06\" data-element_type=\"section\" data-e-type=\"section\" data-settings=\"{&quot;background_background&quot;:&quot;classic&quot;}\">\n\t\t\t\t\t\t\t<div class=\"elementor-background-overlay\"><\/div>\n\t\t\t\t\t\t\t<div class=\"elementor-container elementor-column-gap-no\">\n\t\t\t\t\t<div class=\"elementor-column elementor-col-100 elementor-top-column elementor-element elementor-element-c5f18cb\" data-id=\"c5f18cb\" data-element_type=\"column\" data-e-type=\"column\">\n\t\t\t<div class=\"elementor-widget-wrap elementor-element-populated\">\n\t\t\t\t\t\t\t<\/div>\n\t\t<\/div>\n\t\t\t\t\t<\/div>\n\t\t<\/section>\n\t\t<div class=\"elementor-element elementor-element-92dc9e6 e-flex e-con-boxed e-con e-parent\" data-id=\"92dc9e6\" data-element_type=\"container\" data-e-type=\"container\">\n\t\t\t\t\t<div class=\"e-con-inner\">\n\t\t<div class=\"elementor-element elementor-element-3991c59 e-con-full e-flex e-con e-child\" data-id=\"3991c59\" data-element_type=\"container\" data-e-type=\"container\">\n\t\t\t\t<div class=\"elementor-element elementor-element-3382503 elementor-widget elementor-widget-text-editor\" data-id=\"3382503\" data-element_type=\"widget\" data-e-type=\"widget\" data-widget_type=\"text-editor.default\">\n\t\t\t\t\t\t\t\t\t<p>Costa Blanca har et mangfold av muligheter for de som \u00f8nsker seg en aktiv ferie. Vi har allerede presentert en rekke aktiviteter som sykling, klatring, (fjell)vandring, golf og lag idretter. Det er mange tennisklubber og baner i omr\u00e5det og gode muligheter for de som \u00f8nsker \u00e5 spille tennis. For de mer v\u00e5gale er det mulighet for juving, \u201dpotholing\u201d og elvepaddling. Av andre vann aktiviteter kan nevnes seiling, windsurfing, kajakk roing, kiting, paddle surfing og dykking.\u00a0 Om ikke det er nok; i Buzot finner vi Spania dypeste grotte system.\u00a0 De aller fleste av disse aktivitetene er innen rimelig kj\u00f8reavstand fra Camp El Planet og det er seri\u00f8se og profesjonelle arrang\u00f8rer som loser deg helskinnet gjennom den eller de aktivitetene du velger. Om du planlegger et opphold rikt p\u00e5 aktiviteter vil forholdsvis enkle netts\u00f8k v\u00e6re sv\u00e6rt nyttig.\u00a0 De fleste akt\u00f8rene har informative og greie nettsider.<\/p>\t\t\t\t\t\t\t\t<\/div>\n\t\t\t\t<\/div>\n\t\t\t\t\t<\/div>\n\t\t\t\t<\/div>\n\t\t\t\t<\/div>\n\t\t","protected":false},"excerpt":{"rendered":"<p>Costa Blanca har et mangfold av muligheter for de som \u00f8nsker seg en aktiv ferie. Vi har allerede presentert en rekke aktiviteter som sykling, klatring, (fjell)vandring, golf og lag idretter. Det er mange tennisklubber og baner i omr\u00e5det og gode muligheter for de som \u00f8nsker \u00e5 spille tennis. For de mer v\u00e5gale er det mulighet [&hellip;]<\/p>\n","protected":false},"author":1,"featured_media":617,"parent":0,"menu_order":0,"comment_status":"closed","ping_status":"closed","template":"elementor_header_footer","meta":{"footnotes":""},"class_list":["post-908","page","type-page","status-publish","has-post-thumbnail","hentry"],"yoast_head":"<!-- This site is optimized with the Yoast SEO Premium plugin v27.4 (Yoast SEO v27.4) - https:\/\/yoast.com\/product\/yoast-seo-premium-wordpress\/ -->\n<title>Aktiv ferie - Camp El Planet<\/title>\n<meta name=\"description\" content=\"La Costa Blanca ofrece una grand cantidad de posibilidades para quienes buscan unas vacaciones activas. Eine Nummer haben wir bereits vorgestellt...\" \/>\n<meta name=\"robots\" content=\"index, follow, max-snippet:-1, max-image-preview:large, max-video-preview:-1\" \/>\n<link rel=\"canonical\" href=\"https:\/\/www.campelplanet.com\/no\/aktiv-ferie\/\" \/>\n<meta property=\"og:locale\" content=\"nb_NO\" \/>\n<meta property=\"og:type\" content=\"article\" \/>\n<meta property=\"og:title\" content=\"Aktiv ferie\" \/>\n<meta property=\"og:description\" content=\"La Costa Blanca ofrece una grand cantidad de posibilidades para quienes buscan unas vacaciones activas. Eine Nummer haben wir bereits vorgestellt...\" \/>\n<meta property=\"og:url\" content=\"https:\/\/www.campelplanet.com\/no\/aktiv-ferie\/\" \/>\n<meta property=\"og:site_name\" content=\"Camp El Planet\" \/>\n<meta property=\"article:publisher\" content=\"https:\/\/www.facebook.com\/campelplanet\" \/>\n<meta property=\"article:modified_time\" content=\"2024-12-23T10:32:28+00:00\" \/>\n<meta property=\"og:image\" content=\"https:\/\/www.campelplanet.com\/wp-content\/uploads\/2024\/01\/IMG_2886-e1581328102904.jpg\" \/>\n\t<meta property=\"og:image:width\" content=\"1300\" \/>\n\t<meta property=\"og:image:height\" content=\"975\" \/>\n\t<meta property=\"og:image:type\" content=\"image\/jpeg\" \/>\n<meta name=\"twitter:card\" content=\"summary_large_image\" \/>\n<script type=\"application\/ld+json\" class=\"yoast-schema-graph\">{\"@context\":\"https:\\\/\\\/schema.org\",\"@graph\":[{\"@type\":\"WebPage\",\"@id\":\"https:\\\/\\\/www.campelplanet.com\\\/no\\\/aktiv-ferie\\\/\",\"url\":\"https:\\\/\\\/www.campelplanet.com\\\/no\\\/aktiv-ferie\\\/\",\"name\":\"Aktiv ferie - Camp El Planet\",\"isPartOf\":{\"@id\":\"https:\\\/\\\/www.campelplanet.com\\\/no\\\/#website\"},\"primaryImageOfPage\":{\"@id\":\"https:\\\/\\\/www.campelplanet.com\\\/no\\\/aktiv-ferie\\\/#primaryimage\"},\"image\":{\"@id\":\"https:\\\/\\\/www.campelplanet.com\\\/no\\\/aktiv-ferie\\\/#primaryimage\"},\"thumbnailUrl\":\"https:\\\/\\\/www.campelplanet.com\\\/wp-content\\\/uploads\\\/2024\\\/01\\\/IMG_2886-e1581328102904.jpg\",\"datePublished\":\"2024-01-03T11:09:57+00:00\",\"dateModified\":\"2024-12-23T10:32:28+00:00\",\"description\":\"La Costa Blanca ofrece una grand cantidad de posibilidades para quienes buscan unas vacaciones activas. Eine Nummer haben wir bereits vorgestellt...\",\"breadcrumb\":{\"@id\":\"https:\\\/\\\/www.campelplanet.com\\\/no\\\/aktiv-ferie\\\/#breadcrumb\"},\"inLanguage\":\"nb-NO\",\"potentialAction\":[{\"@type\":\"ReadAction\",\"target\":[\"https:\\\/\\\/www.campelplanet.com\\\/no\\\/aktiv-ferie\\\/\"]}]},{\"@type\":\"ImageObject\",\"inLanguage\":\"nb-NO\",\"@id\":\"https:\\\/\\\/www.campelplanet.com\\\/no\\\/aktiv-ferie\\\/#primaryimage\",\"url\":\"https:\\\/\\\/www.campelplanet.com\\\/wp-content\\\/uploads\\\/2024\\\/01\\\/IMG_2886-e1581328102904.jpg\",\"contentUrl\":\"https:\\\/\\\/www.campelplanet.com\\\/wp-content\\\/uploads\\\/2024\\\/01\\\/IMG_2886-e1581328102904.jpg\",\"width\":1300,\"height\":975,\"caption\":\"active holiday\"},{\"@type\":\"BreadcrumbList\",\"@id\":\"https:\\\/\\\/www.campelplanet.com\\\/no\\\/aktiv-ferie\\\/#breadcrumb\",\"itemListElement\":[{\"@type\":\"ListItem\",\"position\":1,\"name\":\"Home\",\"item\":\"https:\\\/\\\/www.campelplanet.com\\\/no\\\/\"},{\"@type\":\"ListItem\",\"position\":2,\"name\":\"Aktiv ferie\"}]},{\"@type\":\"WebSite\",\"@id\":\"https:\\\/\\\/www.campelplanet.com\\\/no\\\/#website\",\"url\":\"https:\\\/\\\/www.campelplanet.com\\\/no\\\/\",\"name\":\"Camp El Planet's\",\"description\":\"The soul of the Costa Blanca\",\"publisher\":{\"@id\":\"https:\\\/\\\/www.campelplanet.com\\\/no\\\/#organization\"},\"potentialAction\":[{\"@type\":\"SearchAction\",\"target\":{\"@type\":\"EntryPoint\",\"urlTemplate\":\"https:\\\/\\\/www.campelplanet.com\\\/no\\\/?s={search_term_string}\"},\"query-input\":{\"@type\":\"PropertyValueSpecification\",\"valueRequired\":true,\"valueName\":\"search_term_string\"}}],\"inLanguage\":\"nb-NO\"},{\"@type\":\"Organization\",\"@id\":\"https:\\\/\\\/www.campelplanet.com\\\/no\\\/#organization\",\"name\":\"Camp El Planet's\",\"url\":\"https:\\\/\\\/www.campelplanet.com\\\/no\\\/\",\"logo\":{\"@type\":\"ImageObject\",\"inLanguage\":\"nb-NO\",\"@id\":\"https:\\\/\\\/www.campelplanet.com\\\/no\\\/#\\\/schema\\\/logo\\\/image\\\/\",\"url\":\"https:\\\/\\\/www.campelplanet.com\\\/wp-content\\\/uploads\\\/2024\\\/01\\\/cropped-CampElPlanet_bla.png\",\"contentUrl\":\"https:\\\/\\\/www.campelplanet.com\\\/wp-content\\\/uploads\\\/2024\\\/01\\\/cropped-CampElPlanet_bla.png\",\"width\":440,\"height\":256,\"caption\":\"Camp El Planet's\"},\"image\":{\"@id\":\"https:\\\/\\\/www.campelplanet.com\\\/no\\\/#\\\/schema\\\/logo\\\/image\\\/\"},\"sameAs\":[\"https:\\\/\\\/www.facebook.com\\\/campelplanet\",\"https:\\\/\\\/www.instagram.com\\\/campelplanet\\\/\"]}]}<\/script>\n<!-- \/ Yoast SEO Premium plugin. -->","yoast_head_json":{"title":"Aktiv ferie - Camp El Planet","description":"La Costa Blanca ofrece una grand cantidad de posibilidades para quienes buscan unas vacaciones activas. Eine Nummer haben wir bereits vorgestellt...","robots":{"index":"index","follow":"follow","max-snippet":"max-snippet:-1","max-image-preview":"max-image-preview:large","max-video-preview":"max-video-preview:-1"},"canonical":"https:\/\/www.campelplanet.com\/no\/aktiv-ferie\/","og_locale":"nb_NO","og_type":"article","og_title":"Aktiv ferie","og_description":"La Costa Blanca ofrece una grand cantidad de posibilidades para quienes buscan unas vacaciones activas. Eine Nummer haben wir bereits vorgestellt...","og_url":"https:\/\/www.campelplanet.com\/no\/aktiv-ferie\/","og_site_name":"Camp El Planet","article_publisher":"https:\/\/www.facebook.com\/campelplanet","article_modified_time":"2024-12-23T10:32:28+00:00","og_image":[{"width":1300,"height":975,"url":"https:\/\/www.campelplanet.com\/wp-content\/uploads\/2024\/01\/IMG_2886-e1581328102904.jpg","type":"image\/jpeg"}],"twitter_card":"summary_large_image","schema":{"@context":"https:\/\/schema.org","@graph":[{"@type":"WebPage","@id":"https:\/\/www.campelplanet.com\/no\/aktiv-ferie\/","url":"https:\/\/www.campelplanet.com\/no\/aktiv-ferie\/","name":"Aktiv ferie - Camp El Planet","isPartOf":{"@id":"https:\/\/www.campelplanet.com\/no\/#website"},"primaryImageOfPage":{"@id":"https:\/\/www.campelplanet.com\/no\/aktiv-ferie\/#primaryimage"},"image":{"@id":"https:\/\/www.campelplanet.com\/no\/aktiv-ferie\/#primaryimage"},"thumbnailUrl":"https:\/\/www.campelplanet.com\/wp-content\/uploads\/2024\/01\/IMG_2886-e1581328102904.jpg","datePublished":"2024-01-03T11:09:57+00:00","dateModified":"2024-12-23T10:32:28+00:00","description":"La Costa Blanca ofrece una grand cantidad de posibilidades para quienes buscan unas vacaciones activas. Eine Nummer haben wir bereits vorgestellt...","breadcrumb":{"@id":"https:\/\/www.campelplanet.com\/no\/aktiv-ferie\/#breadcrumb"},"inLanguage":"nb-NO","potentialAction":[{"@type":"ReadAction","target":["https:\/\/www.campelplanet.com\/no\/aktiv-ferie\/"]}]},{"@type":"ImageObject","inLanguage":"nb-NO","@id":"https:\/\/www.campelplanet.com\/no\/aktiv-ferie\/#primaryimage","url":"https:\/\/www.campelplanet.com\/wp-content\/uploads\/2024\/01\/IMG_2886-e1581328102904.jpg","contentUrl":"https:\/\/www.campelplanet.com\/wp-content\/uploads\/2024\/01\/IMG_2886-e1581328102904.jpg","width":1300,"height":975,"caption":"active holiday"},{"@type":"BreadcrumbList","@id":"https:\/\/www.campelplanet.com\/no\/aktiv-ferie\/#breadcrumb","itemListElement":[{"@type":"ListItem","position":1,"name":"Home","item":"https:\/\/www.campelplanet.com\/no\/"},{"@type":"ListItem","position":2,"name":"Aktiv ferie"}]},{"@type":"WebSite","@id":"https:\/\/www.campelplanet.com\/no\/#website","url":"https:\/\/www.campelplanet.com\/no\/","name":"Camp El Planet's","description":"The soul of the Costa Blanca","publisher":{"@id":"https:\/\/www.campelplanet.com\/no\/#organization"},"potentialAction":[{"@type":"SearchAction","target":{"@type":"EntryPoint","urlTemplate":"https:\/\/www.campelplanet.com\/no\/?s={search_term_string}"},"query-input":{"@type":"PropertyValueSpecification","valueRequired":true,"valueName":"search_term_string"}}],"inLanguage":"nb-NO"},{"@type":"Organization","@id":"https:\/\/www.campelplanet.com\/no\/#organization","name":"Camp El Planet's","url":"https:\/\/www.campelplanet.com\/no\/","logo":{"@type":"ImageObject","inLanguage":"nb-NO","@id":"https:\/\/www.campelplanet.com\/no\/#\/schema\/logo\/image\/","url":"https:\/\/www.campelplanet.com\/wp-content\/uploads\/2024\/01\/cropped-CampElPlanet_bla.png","contentUrl":"https:\/\/www.campelplanet.com\/wp-content\/uploads\/2024\/01\/cropped-CampElPlanet_bla.png","width":440,"height":256,"caption":"Camp El Planet's"},"image":{"@id":"https:\/\/www.campelplanet.com\/no\/#\/schema\/logo\/image\/"},"sameAs":["https:\/\/www.facebook.com\/campelplanet","https:\/\/www.instagram.com\/campelplanet\/"]}]}},"_links":{"self":[{"href":"https:\/\/www.campelplanet.com\/no\/wp-json\/wp\/v2\/pages\/908","targetHints":{"allow":["GET"]}}],"collection":[{"href":"https:\/\/www.campelplanet.com\/no\/wp-json\/wp\/v2\/pages"}],"about":[{"href":"https:\/\/www.campelplanet.com\/no\/wp-json\/wp\/v2\/types\/page"}],"author":[{"embeddable":true,"href":"https:\/\/www.campelplanet.com\/no\/wp-json\/wp\/v2\/users\/1"}],"replies":[{"embeddable":true,"href":"https:\/\/www.campelplanet.com\/no\/wp-json\/wp\/v2\/comments?post=908"}],"version-history":[{"count":1,"href":"https:\/\/www.campelplanet.com\/no\/wp-json\/wp\/v2\/pages\/908\/revisions"}],"predecessor-version":[{"id":5436,"href":"https:\/\/www.campelplanet.com\/no\/wp-json\/wp\/v2\/pages\/908\/revisions\/5436"}],"wp:featuredmedia":[{"embeddable":true,"href":"https:\/\/www.campelplanet.com\/no\/wp-json\/wp\/v2\/media\/617"}],"wp:attachment":[{"href":"https:\/\/www.campelplanet.com\/no\/wp-json\/wp\/v2\/media?parent=908"}],"curies":[{"name":"wp","href":"https:\/\/api.w.org\/{rel}","templated":true}]}}