{"id":888,"date":"2024-01-03T11:23:15","date_gmt":"2024-01-03T10:23:15","guid":{"rendered":"https:\/\/www.campelplanet.com\/klatring\/"},"modified":"2024-12-23T11:08:21","modified_gmt":"2024-12-23T10:08:21","slug":"klatring","status":"publish","type":"page","link":"https:\/\/www.campelplanet.com\/no\/klatring\/","title":{"rendered":"Klatring"},"content":{"rendered":"\t\t<div data-elementor-type=\"wp-page\" data-elementor-id=\"888\" class=\"elementor elementor-888 elementor-195\" data-elementor-post-type=\"page\">\n\t\t\t\t\t\t<section class=\"elementor-section elementor-top-section elementor-element elementor-element-b5b2df4 elementor-section-boxed elementor-section-height-default elementor-section-height-default\" data-id=\"b5b2df4\" data-element_type=\"section\" data-e-type=\"section\" data-settings=\"{&quot;background_background&quot;:&quot;classic&quot;}\">\n\t\t\t\t\t\t<div class=\"elementor-container elementor-column-gap-no\">\n\t\t\t\t\t<div class=\"elementor-column elementor-col-100 elementor-top-column elementor-element elementor-element-eb1adb3\" data-id=\"eb1adb3\" data-element_type=\"column\" data-e-type=\"column\">\n\t\t\t<div class=\"elementor-widget-wrap elementor-element-populated\">\n\t\t\t\t\t\t\t<\/div>\n\t\t<\/div>\n\t\t\t\t\t<\/div>\n\t\t<\/section>\n\t\t<div class=\"elementor-element elementor-element-c2e8d87 e-flex e-con-boxed e-con e-parent\" data-id=\"c2e8d87\" data-element_type=\"container\" data-e-type=\"container\">\n\t\t\t\t\t<div class=\"e-con-inner\">\n\t\t<div class=\"elementor-element elementor-element-d819652 e-con-full e-flex e-con e-child\" data-id=\"d819652\" data-element_type=\"container\" data-e-type=\"container\">\n\t\t\t\t<div class=\"elementor-element elementor-element-e10449c elementor-widget elementor-widget-image\" data-id=\"e10449c\" data-element_type=\"widget\" data-e-type=\"widget\" data-widget_type=\"image.default\">\n\t\t\t\t\t\t\t\t\t\t\t\t\t\t\t<img fetchpriority=\"high\" decoding=\"async\" width=\"800\" height=\"500\" src=\"https:\/\/www.campelplanet.com\/wp-content\/uploads\/2024\/12\/AdobeStock_124297029_Preview.webp\" class=\"attachment-large size-large wp-image-4935\" alt=\"\" srcset=\"https:\/\/www.campelplanet.com\/wp-content\/uploads\/2024\/12\/AdobeStock_124297029_Preview.webp 1000w, https:\/\/www.campelplanet.com\/wp-content\/uploads\/2024\/12\/AdobeStock_124297029_Preview-300x188.webp 300w, https:\/\/www.campelplanet.com\/wp-content\/uploads\/2024\/12\/AdobeStock_124297029_Preview-768x480.webp 768w\" sizes=\"(max-width: 800px) 100vw, 800px\" \/>\t\t\t\t\t\t\t\t\t\t\t\t\t\t\t<\/div>\n\t\t\t\t<div class=\"elementor-element elementor-element-9087904 elementor-widget elementor-widget-image\" data-id=\"9087904\" data-element_type=\"widget\" data-e-type=\"widget\" data-widget_type=\"image.default\">\n\t\t\t\t\t\t\t\t\t\t\t\t\t\t\t<img decoding=\"async\" width=\"800\" height=\"600\" src=\"https:\/\/www.campelplanet.com\/wp-content\/uploads\/2024\/12\/20231226_135931-scaled-1-1024x768.jpg\" class=\"attachment-large size-large wp-image-4941\" alt=\"\" srcset=\"https:\/\/www.campelplanet.com\/wp-content\/uploads\/2024\/12\/20231226_135931-scaled-1-1024x768.jpg 1024w, https:\/\/www.campelplanet.com\/wp-content\/uploads\/2024\/12\/20231226_135931-scaled-1-300x225.jpg 300w, https:\/\/www.campelplanet.com\/wp-content\/uploads\/2024\/12\/20231226_135931-scaled-1-768x576.jpg 768w, https:\/\/www.campelplanet.com\/wp-content\/uploads\/2024\/12\/20231226_135931-scaled-1-1536x1152.jpg 1536w, https:\/\/www.campelplanet.com\/wp-content\/uploads\/2024\/12\/20231226_135931-scaled-1-2048x1536.jpg 2048w\" sizes=\"(max-width: 800px) 100vw, 800px\" \/>\t\t\t\t\t\t\t\t\t\t\t\t\t\t\t<\/div>\n\t\t\t\t<\/div>\n\t\t<div class=\"elementor-element elementor-element-9ae93fa e-con-full e-flex e-con e-child\" data-id=\"9ae93fa\" data-element_type=\"container\" data-e-type=\"container\">\n\t\t\t\t<div class=\"elementor-element elementor-element-9a2f2f2 elementor-widget elementor-widget-text-editor\" data-id=\"9a2f2f2\" data-element_type=\"widget\" data-e-type=\"widget\" data-widget_type=\"text-editor.default\">\n\t\t\t\t\t\t\t\t\t<p><strong>&laquo;Fordi det er der.&raquo; &#8211; George Mallory.<\/strong><\/p><p>Vel, fjellene i regionen har lite til felles med Himalaya, men er likevel anerkjent internasjonalt som et ypperlig sted for klatring. Utvalget er sv\u00e6rt bredt; de utallige rutene dekker hele karakterskalaen og enhver klatreentusiast vil finne mange flotte utfordringer tilpasset eget niv\u00e5. Dette omr\u00e5det av Costa Blanca er et yndet reisem\u00e5l for klatrere fra hele verden.<\/p><p>Klatringen i Costa Blanca er sv\u00e6rt omfattende og variert, og rutene er av sv\u00e6rt god kvalitet. I det store og hele foreg\u00e5r klatringen i solid boltet kalkstein. Mengden og mangfoldet av mulighetene umuliggj\u00f8r en kort presentasjon av tilbudet i regionen. Det er en rekke nettsteder med meget gode beskrivelser av de ulike rutene; kart data, gradering, lengde, bilder, kommentarer, GPS informasjon, hvordan finne frem, plassering p\u00e5 kartet, praktisk informasjon og n\u00e5r den beste tiden er \u00e5 klatre p\u00e5. For ca \u20ac 35 kan man ogs\u00e5 kj\u00f8pe en utmerket guidebok fra Rockfax.Com. Denne h\u00e5ndboken inneholder beskrivelser av ikke mindre enn 2.500 ruter og er absolutt \u00e5 anbefale. Om du ikke \u00f8nsker \u00e5 kj\u00f8pe en bok vil et enkelt netts\u00f8k (klatring Costa Blanca) dirigere deg mot mange interessante og informative nettsider.<\/p><p>Beliggende midt mellom Gandia i nord og Alicante i s\u00f8r er de mest popul\u00e6re klatrestedene innen en 30 minutters kj\u00f8retur fra Camp El Planet. \u00a0Etter en lang dag i fjellet har du sannsynligvis ikke store motforestillinger mot noen timer p\u00e5 stranden i de sene ettermiddagstimer.<\/p>\t\t\t\t\t\t\t\t<\/div>\n\t\t\t\t<\/div>\n\t\t\t\t\t<\/div>\n\t\t\t\t<\/div>\n\t\t\t\t<\/div>\n\t\t","protected":false},"excerpt":{"rendered":"<p>&laquo;Fordi det er der.&raquo; &#8211; George Mallory. Vel, fjellene i regionen har lite til felles med Himalaya, men er likevel anerkjent internasjonalt som et ypperlig sted for klatring. Utvalget er sv\u00e6rt bredt; de utallige rutene dekker hele karakterskalaen og enhver klatreentusiast vil finne mange flotte utfordringer tilpasset eget niv\u00e5. Dette omr\u00e5det av Costa Blanca er [&hellip;]<\/p>\n","protected":false},"author":1,"featured_media":0,"parent":0,"menu_order":0,"comment_status":"closed","ping_status":"closed","template":"elementor_header_footer","meta":{"footnotes":""},"class_list":["post-888","page","type-page","status-publish","hentry"],"yoast_head":"<!-- This site is optimized with the Yoast SEO Premium plugin v27.4 (Yoast SEO v27.4) - https:\/\/yoast.com\/product\/yoast-seo-premium-wordpress\/ -->\n<title>klatring p\u00e5 Costa Blanca<\/title>\n<meta name=\"description\" content=\"Vi er ikke desto mindre anerkjent internasjonalt som et ypperlig sted for \u00e5 bestige Costa Blanca. Det store antallet klipper og steinblokker og...\" \/>\n<meta name=\"robots\" content=\"index, follow, max-snippet:-1, max-image-preview:large, max-video-preview:-1\" \/>\n<link rel=\"canonical\" href=\"https:\/\/www.campelplanet.com\/no\/klatring\/\" \/>\n<meta property=\"og:locale\" content=\"nb_NO\" \/>\n<meta property=\"og:type\" content=\"article\" \/>\n<meta property=\"og:title\" content=\"Klatring\" \/>\n<meta property=\"og:description\" content=\"Vi er ikke desto mindre anerkjent internasjonalt som et ypperlig sted for \u00e5 bestige Costa Blanca. Det store antallet klipper og steinblokker og...\" \/>\n<meta property=\"og:url\" content=\"https:\/\/www.campelplanet.com\/no\/klatring\/\" \/>\n<meta property=\"og:site_name\" content=\"Camp El Planet\" \/>\n<meta property=\"article:publisher\" content=\"https:\/\/www.facebook.com\/campelplanet\" \/>\n<meta property=\"article:modified_time\" content=\"2024-12-23T10:08:21+00:00\" \/>\n<meta property=\"og:image\" content=\"https:\/\/www.campelplanet.com\/wp-content\/uploads\/2024\/12\/AdobeStock_124297029_Preview.webp\" \/>\n\t<meta property=\"og:image:width\" content=\"1000\" \/>\n\t<meta property=\"og:image:height\" content=\"625\" \/>\n\t<meta property=\"og:image:type\" content=\"image\/webp\" \/>\n<meta name=\"twitter:card\" content=\"summary_large_image\" \/>\n<script type=\"application\/ld+json\" class=\"yoast-schema-graph\">{\"@context\":\"https:\\\/\\\/schema.org\",\"@graph\":[{\"@type\":\"WebPage\",\"@id\":\"https:\\\/\\\/www.campelplanet.com\\\/no\\\/klatring\\\/\",\"url\":\"https:\\\/\\\/www.campelplanet.com\\\/no\\\/klatring\\\/\",\"name\":\"klatring p\u00e5 Costa Blanca\",\"isPartOf\":{\"@id\":\"https:\\\/\\\/www.campelplanet.com\\\/no\\\/#website\"},\"primaryImageOfPage\":{\"@id\":\"https:\\\/\\\/www.campelplanet.com\\\/no\\\/klatring\\\/#primaryimage\"},\"image\":{\"@id\":\"https:\\\/\\\/www.campelplanet.com\\\/no\\\/klatring\\\/#primaryimage\"},\"thumbnailUrl\":\"https:\\\/\\\/www.campelplanet.com\\\/wp-content\\\/uploads\\\/2024\\\/12\\\/AdobeStock_124297029_Preview.webp\",\"datePublished\":\"2024-01-03T10:23:15+00:00\",\"dateModified\":\"2024-12-23T10:08:21+00:00\",\"description\":\"Vi er ikke desto mindre anerkjent internasjonalt som et ypperlig sted for \u00e5 bestige Costa Blanca. Det store antallet klipper og steinblokker og...\",\"breadcrumb\":{\"@id\":\"https:\\\/\\\/www.campelplanet.com\\\/no\\\/klatring\\\/#breadcrumb\"},\"inLanguage\":\"nb-NO\",\"potentialAction\":[{\"@type\":\"ReadAction\",\"target\":[\"https:\\\/\\\/www.campelplanet.com\\\/no\\\/klatring\\\/\"]}]},{\"@type\":\"ImageObject\",\"inLanguage\":\"nb-NO\",\"@id\":\"https:\\\/\\\/www.campelplanet.com\\\/no\\\/klatring\\\/#primaryimage\",\"url\":\"https:\\\/\\\/www.campelplanet.com\\\/wp-content\\\/uploads\\\/2024\\\/12\\\/AdobeStock_124297029_Preview.webp\",\"contentUrl\":\"https:\\\/\\\/www.campelplanet.com\\\/wp-content\\\/uploads\\\/2024\\\/12\\\/AdobeStock_124297029_Preview.webp\"},{\"@type\":\"BreadcrumbList\",\"@id\":\"https:\\\/\\\/www.campelplanet.com\\\/no\\\/klatring\\\/#breadcrumb\",\"itemListElement\":[{\"@type\":\"ListItem\",\"position\":1,\"name\":\"Home\",\"item\":\"https:\\\/\\\/www.campelplanet.com\\\/no\\\/\"},{\"@type\":\"ListItem\",\"position\":2,\"name\":\"Klatring\"}]},{\"@type\":\"WebSite\",\"@id\":\"https:\\\/\\\/www.campelplanet.com\\\/no\\\/#website\",\"url\":\"https:\\\/\\\/www.campelplanet.com\\\/no\\\/\",\"name\":\"Camp El Planet's\",\"description\":\"The soul of the Costa Blanca\",\"publisher\":{\"@id\":\"https:\\\/\\\/www.campelplanet.com\\\/no\\\/#organization\"},\"potentialAction\":[{\"@type\":\"SearchAction\",\"target\":{\"@type\":\"EntryPoint\",\"urlTemplate\":\"https:\\\/\\\/www.campelplanet.com\\\/no\\\/?s={search_term_string}\"},\"query-input\":{\"@type\":\"PropertyValueSpecification\",\"valueRequired\":true,\"valueName\":\"search_term_string\"}}],\"inLanguage\":\"nb-NO\"},{\"@type\":\"Organization\",\"@id\":\"https:\\\/\\\/www.campelplanet.com\\\/no\\\/#organization\",\"name\":\"Camp El Planet's\",\"url\":\"https:\\\/\\\/www.campelplanet.com\\\/no\\\/\",\"logo\":{\"@type\":\"ImageObject\",\"inLanguage\":\"nb-NO\",\"@id\":\"https:\\\/\\\/www.campelplanet.com\\\/no\\\/#\\\/schema\\\/logo\\\/image\\\/\",\"url\":\"https:\\\/\\\/www.campelplanet.com\\\/wp-content\\\/uploads\\\/2024\\\/01\\\/cropped-CampElPlanet_bla.png\",\"contentUrl\":\"https:\\\/\\\/www.campelplanet.com\\\/wp-content\\\/uploads\\\/2024\\\/01\\\/cropped-CampElPlanet_bla.png\",\"width\":440,\"height\":256,\"caption\":\"Camp El Planet's\"},\"image\":{\"@id\":\"https:\\\/\\\/www.campelplanet.com\\\/no\\\/#\\\/schema\\\/logo\\\/image\\\/\"},\"sameAs\":[\"https:\\\/\\\/www.facebook.com\\\/campelplanet\",\"https:\\\/\\\/www.instagram.com\\\/campelplanet\\\/\"]}]}<\/script>\n<!-- \/ Yoast SEO Premium plugin. -->","yoast_head_json":{"title":"klatring p\u00e5 Costa Blanca","description":"Vi er ikke desto mindre anerkjent internasjonalt som et ypperlig sted for \u00e5 bestige Costa Blanca. Det store antallet klipper og steinblokker og...","robots":{"index":"index","follow":"follow","max-snippet":"max-snippet:-1","max-image-preview":"max-image-preview:large","max-video-preview":"max-video-preview:-1"},"canonical":"https:\/\/www.campelplanet.com\/no\/klatring\/","og_locale":"nb_NO","og_type":"article","og_title":"Klatring","og_description":"Vi er ikke desto mindre anerkjent internasjonalt som et ypperlig sted for \u00e5 bestige Costa Blanca. Det store antallet klipper og steinblokker og...","og_url":"https:\/\/www.campelplanet.com\/no\/klatring\/","og_site_name":"Camp El Planet","article_publisher":"https:\/\/www.facebook.com\/campelplanet","article_modified_time":"2024-12-23T10:08:21+00:00","og_image":[{"width":1000,"height":625,"url":"https:\/\/www.campelplanet.com\/wp-content\/uploads\/2024\/12\/AdobeStock_124297029_Preview.webp","type":"image\/webp"}],"twitter_card":"summary_large_image","schema":{"@context":"https:\/\/schema.org","@graph":[{"@type":"WebPage","@id":"https:\/\/www.campelplanet.com\/no\/klatring\/","url":"https:\/\/www.campelplanet.com\/no\/klatring\/","name":"klatring p\u00e5 Costa Blanca","isPartOf":{"@id":"https:\/\/www.campelplanet.com\/no\/#website"},"primaryImageOfPage":{"@id":"https:\/\/www.campelplanet.com\/no\/klatring\/#primaryimage"},"image":{"@id":"https:\/\/www.campelplanet.com\/no\/klatring\/#primaryimage"},"thumbnailUrl":"https:\/\/www.campelplanet.com\/wp-content\/uploads\/2024\/12\/AdobeStock_124297029_Preview.webp","datePublished":"2024-01-03T10:23:15+00:00","dateModified":"2024-12-23T10:08:21+00:00","description":"Vi er ikke desto mindre anerkjent internasjonalt som et ypperlig sted for \u00e5 bestige Costa Blanca. Det store antallet klipper og steinblokker og...","breadcrumb":{"@id":"https:\/\/www.campelplanet.com\/no\/klatring\/#breadcrumb"},"inLanguage":"nb-NO","potentialAction":[{"@type":"ReadAction","target":["https:\/\/www.campelplanet.com\/no\/klatring\/"]}]},{"@type":"ImageObject","inLanguage":"nb-NO","@id":"https:\/\/www.campelplanet.com\/no\/klatring\/#primaryimage","url":"https:\/\/www.campelplanet.com\/wp-content\/uploads\/2024\/12\/AdobeStock_124297029_Preview.webp","contentUrl":"https:\/\/www.campelplanet.com\/wp-content\/uploads\/2024\/12\/AdobeStock_124297029_Preview.webp"},{"@type":"BreadcrumbList","@id":"https:\/\/www.campelplanet.com\/no\/klatring\/#breadcrumb","itemListElement":[{"@type":"ListItem","position":1,"name":"Home","item":"https:\/\/www.campelplanet.com\/no\/"},{"@type":"ListItem","position":2,"name":"Klatring"}]},{"@type":"WebSite","@id":"https:\/\/www.campelplanet.com\/no\/#website","url":"https:\/\/www.campelplanet.com\/no\/","name":"Camp El Planet's","description":"The soul of the Costa Blanca","publisher":{"@id":"https:\/\/www.campelplanet.com\/no\/#organization"},"potentialAction":[{"@type":"SearchAction","target":{"@type":"EntryPoint","urlTemplate":"https:\/\/www.campelplanet.com\/no\/?s={search_term_string}"},"query-input":{"@type":"PropertyValueSpecification","valueRequired":true,"valueName":"search_term_string"}}],"inLanguage":"nb-NO"},{"@type":"Organization","@id":"https:\/\/www.campelplanet.com\/no\/#organization","name":"Camp El Planet's","url":"https:\/\/www.campelplanet.com\/no\/","logo":{"@type":"ImageObject","inLanguage":"nb-NO","@id":"https:\/\/www.campelplanet.com\/no\/#\/schema\/logo\/image\/","url":"https:\/\/www.campelplanet.com\/wp-content\/uploads\/2024\/01\/cropped-CampElPlanet_bla.png","contentUrl":"https:\/\/www.campelplanet.com\/wp-content\/uploads\/2024\/01\/cropped-CampElPlanet_bla.png","width":440,"height":256,"caption":"Camp El Planet's"},"image":{"@id":"https:\/\/www.campelplanet.com\/no\/#\/schema\/logo\/image\/"},"sameAs":["https:\/\/www.facebook.com\/campelplanet","https:\/\/www.instagram.com\/campelplanet\/"]}]}},"_links":{"self":[{"href":"https:\/\/www.campelplanet.com\/no\/wp-json\/wp\/v2\/pages\/888","targetHints":{"allow":["GET"]}}],"collection":[{"href":"https:\/\/www.campelplanet.com\/no\/wp-json\/wp\/v2\/pages"}],"about":[{"href":"https:\/\/www.campelplanet.com\/no\/wp-json\/wp\/v2\/types\/page"}],"author":[{"embeddable":true,"href":"https:\/\/www.campelplanet.com\/no\/wp-json\/wp\/v2\/users\/1"}],"replies":[{"embeddable":true,"href":"https:\/\/www.campelplanet.com\/no\/wp-json\/wp\/v2\/comments?post=888"}],"version-history":[{"count":1,"href":"https:\/\/www.campelplanet.com\/no\/wp-json\/wp\/v2\/pages\/888\/revisions"}],"predecessor-version":[{"id":5424,"href":"https:\/\/www.campelplanet.com\/no\/wp-json\/wp\/v2\/pages\/888\/revisions\/5424"}],"wp:attachment":[{"href":"https:\/\/www.campelplanet.com\/no\/wp-json\/wp\/v2\/media?parent=888"}],"curies":[{"name":"wp","href":"https:\/\/api.w.org\/{rel}","templated":true}]}}