{"id":882,"date":"2024-01-03T11:35:46","date_gmt":"2024-01-03T10:35:46","guid":{"rendered":"https:\/\/www.campelplanet.com\/golf\/"},"modified":"2024-12-23T11:17:23","modified_gmt":"2024-12-23T10:17:23","slug":"golf","status":"publish","type":"page","link":"https:\/\/www.campelplanet.com\/no\/golf\/","title":{"rendered":"Golf"},"content":{"rendered":"\t\t<div data-elementor-type=\"wp-page\" data-elementor-id=\"882\" class=\"elementor elementor-882 elementor-205\" data-elementor-post-type=\"page\">\n\t\t\t\t\t\t<section class=\"elementor-section elementor-top-section elementor-element elementor-element-b6e25f7 elementor-section-boxed elementor-section-height-default elementor-section-height-default\" data-id=\"b6e25f7\" data-element_type=\"section\" data-e-type=\"section\" data-settings=\"{&quot;background_background&quot;:&quot;classic&quot;}\">\n\t\t\t\t\t\t<div class=\"elementor-container elementor-column-gap-no\">\n\t\t\t\t\t<div class=\"elementor-column elementor-col-100 elementor-top-column elementor-element elementor-element-ed1565a\" data-id=\"ed1565a\" data-element_type=\"column\" data-e-type=\"column\">\n\t\t\t<div class=\"elementor-widget-wrap elementor-element-populated\">\n\t\t\t\t\t\t\t<\/div>\n\t\t<\/div>\n\t\t\t\t\t<\/div>\n\t\t<\/section>\n\t\t<div class=\"elementor-element elementor-element-449b204 e-flex e-con-boxed e-con e-parent\" data-id=\"449b204\" data-element_type=\"container\" data-e-type=\"container\">\n\t\t\t\t\t<div class=\"e-con-inner\">\n\t\t<div class=\"elementor-element elementor-element-42885db e-con-full e-flex e-con e-child\" data-id=\"42885db\" data-element_type=\"container\" data-e-type=\"container\">\n\t\t\t\t<div class=\"elementor-element elementor-element-3c50067 elementor-widget elementor-widget-image\" data-id=\"3c50067\" data-element_type=\"widget\" data-e-type=\"widget\" data-widget_type=\"image.default\">\n\t\t\t\t\t\t\t\t\t\t\t\t\t\t\t<img decoding=\"async\" src=\"https:\/\/www.campelplanet.com\/wp-content\/uploads\/2024\/12\/pexels-hugo-sykes-13421523-scaled-1.jpg\" title=\"\" alt=\"\" loading=\"lazy\" \/>\t\t\t\t\t\t\t\t\t\t\t\t\t\t\t<\/div>\n\t\t\t\t<\/div>\n\t\t<div class=\"elementor-element elementor-element-242698b e-con-full e-flex e-con e-child\" data-id=\"242698b\" data-element_type=\"container\" data-e-type=\"container\">\n\t\t\t\t<div class=\"elementor-element elementor-element-ca5e79a elementor-widget__width-inherit elementor-widget elementor-widget-text-editor\" data-id=\"ca5e79a\" data-element_type=\"widget\" data-e-type=\"widget\" data-widget_type=\"text-editor.default\">\n\t\t\t\t\t\t\t\t\t<p><img fetchpriority=\"high\" decoding=\"async\" class=\"size-medium wp-image-3878 alignright\" src=\"https:\/\/www.campelplanet.com\/wp-content\/uploads\/2024\/11\/AdobeStock_221562895_Preview-300x200.webp\" alt=\"\" width=\"300\" height=\"200\" \/><strong><span style=\"font-size: 11.5pt; font-family: 'Work Sans'; color: #7a7a7a;\">\u201cGolf is a game in which you yell \u2018fore\u2019, shoot six and write down five.\u201d \u2013 Paul Harvey.<\/span><\/strong><\/p><p>Gitt det sv\u00e6rt gunstige klimaet kommer det ikke som noen overraskelse at det er mange golfbaner p\u00e5 Costa Blanca. Selv i internasjonal sammenheng er Costa Blanca et yndet sted for golf entusiaster. Kystn\u00e6rt og i et typisk middelhavslandskap finner man 21 baner innenfor et begrenset geografisk omr\u00e5de. Det gunstige klimaet gj\u00f8r golf til en hel\u00e5rs aktivitet. Banene i den i den nordlige delen av Costa Blanca er alle innenfor en 30 minutters kj\u00f8retur. De n\u00e6rmeste er kun 10 minutter unna. Banene syd for- og rundt Alicante omr\u00e5det er noe lenger unna, men med s\u00e5 vidt bra utvalg rundt Alfaz del Pi er det ingen grunn til \u00e5 dra langt.<\/p><p>Camp El Planet er ogs\u00e5 et ideelt sted for de som \u00f8nsker \u00e5 kombinere golf med andre aktiviteter som sykling, fjellturer, grottevandring eller fjellklatring. Om en lang dag p\u00e5 golfbanen er tilstrekkelig (og det er det som regel) s\u00e5 er det jo behagelig \u00e5 tilbringe resten av dagen i rolige og idylliske omgivelser. Bare lene seg tilbake og slappe av. Kun deg og ditt reisef\u00f8lge.<\/p><p>Rett eller galt; vi antar v\u00e5re golf gjester kjenner Costa Blanca\u2019s formidable golf meny like godt som vi gj\u00f8r. Costa Blanca er tross alt blant de ledende og mest anerkjente golf destinasjoner i Europa, og det er med god grunn.<\/p>\t\t\t\t\t\t\t\t<\/div>\n\t\t\t\t<\/div>\n\t\t\t\t\t<\/div>\n\t\t\t\t<\/div>\n\t\t\t\t<\/div>\n\t\t","protected":false},"excerpt":{"rendered":"<p>\u201cGolf is a game in which you yell \u2018fore\u2019, shoot six and write down five.\u201d \u2013 Paul Harvey. Gitt det sv\u00e6rt gunstige klimaet kommer det ikke som noen overraskelse at det er mange golfbaner p\u00e5 Costa Blanca. Selv i internasjonal sammenheng er Costa Blanca et yndet sted for golf entusiaster. Kystn\u00e6rt og i et typisk [&hellip;]<\/p>\n","protected":false},"author":1,"featured_media":747,"parent":0,"menu_order":0,"comment_status":"closed","ping_status":"closed","template":"","meta":{"footnotes":""},"class_list":["post-882","page","type-page","status-publish","has-post-thumbnail","hentry"],"yoast_head":"<!-- This site is optimized with the Yoast SEO Premium plugin v27.4 (Yoast SEO v27.4) - https:\/\/yoast.com\/product\/yoast-seo-premium-wordpress\/ -->\n<title>golf - Camp El Planet<\/title>\n<meta name=\"description\" content=\"Golf er et spill der du roper \u00abforan\u00bb, skyter seks og skriver ned fem.\u00bb \u2013 Paul Harvey. Gitt det gunstige klimaet kommer det ikke som noen overraskelse...\" \/>\n<meta name=\"robots\" content=\"index, follow, max-snippet:-1, max-image-preview:large, max-video-preview:-1\" \/>\n<link rel=\"canonical\" href=\"https:\/\/www.campelplanet.com\/no\/golf\/\" \/>\n<meta property=\"og:locale\" content=\"nb_NO\" \/>\n<meta property=\"og:type\" content=\"article\" \/>\n<meta property=\"og:title\" content=\"Golf\" \/>\n<meta property=\"og:description\" content=\"Golf er et spill der du roper \u00abforan\u00bb, skyter seks og skriver ned fem.\u00bb \u2013 Paul Harvey. Gitt det gunstige klimaet kommer det ikke som noen overraskelse...\" \/>\n<meta property=\"og:url\" content=\"https:\/\/www.campelplanet.com\/no\/golf\/\" \/>\n<meta property=\"og:site_name\" content=\"Camp El Planet\" \/>\n<meta property=\"article:publisher\" content=\"https:\/\/www.facebook.com\/campelplanet\" \/>\n<meta property=\"article:modified_time\" content=\"2024-12-23T10:17:23+00:00\" \/>\n<meta property=\"og:image\" content=\"https:\/\/www.campelplanet.com\/wp-content\/uploads\/2024\/01\/pexels-hugo-sykes-13421523-scaled.jpg\" \/>\n\t<meta property=\"og:image:width\" content=\"1707\" \/>\n\t<meta property=\"og:image:height\" content=\"2560\" \/>\n\t<meta property=\"og:image:type\" content=\"image\/jpeg\" \/>\n<meta name=\"twitter:card\" content=\"summary_large_image\" \/>\n<script type=\"application\/ld+json\" class=\"yoast-schema-graph\">{\"@context\":\"https:\\\/\\\/schema.org\",\"@graph\":[{\"@type\":\"WebPage\",\"@id\":\"https:\\\/\\\/www.campelplanet.com\\\/no\\\/golf\\\/\",\"url\":\"https:\\\/\\\/www.campelplanet.com\\\/no\\\/golf\\\/\",\"name\":\"golf - Camp El Planet\",\"isPartOf\":{\"@id\":\"https:\\\/\\\/www.campelplanet.com\\\/no\\\/#website\"},\"primaryImageOfPage\":{\"@id\":\"https:\\\/\\\/www.campelplanet.com\\\/no\\\/golf\\\/#primaryimage\"},\"image\":{\"@id\":\"https:\\\/\\\/www.campelplanet.com\\\/no\\\/golf\\\/#primaryimage\"},\"thumbnailUrl\":\"https:\\\/\\\/www.campelplanet.com\\\/wp-content\\\/uploads\\\/2024\\\/01\\\/pexels-hugo-sykes-13421523-scaled.jpg\",\"datePublished\":\"2024-01-03T10:35:46+00:00\",\"dateModified\":\"2024-12-23T10:17:23+00:00\",\"description\":\"Golf er et spill der du roper \u00abforan\u00bb, skyter seks og skriver ned fem.\u00bb \u2013 Paul Harvey. Gitt det gunstige klimaet kommer det ikke som noen overraskelse...\",\"breadcrumb\":{\"@id\":\"https:\\\/\\\/www.campelplanet.com\\\/no\\\/golf\\\/#breadcrumb\"},\"inLanguage\":\"nb-NO\",\"potentialAction\":[{\"@type\":\"ReadAction\",\"target\":[\"https:\\\/\\\/www.campelplanet.com\\\/no\\\/golf\\\/\"]}]},{\"@type\":\"ImageObject\",\"inLanguage\":\"nb-NO\",\"@id\":\"https:\\\/\\\/www.campelplanet.com\\\/no\\\/golf\\\/#primaryimage\",\"url\":\"https:\\\/\\\/www.campelplanet.com\\\/wp-content\\\/uploads\\\/2024\\\/01\\\/pexels-hugo-sykes-13421523-scaled.jpg\",\"contentUrl\":\"https:\\\/\\\/www.campelplanet.com\\\/wp-content\\\/uploads\\\/2024\\\/01\\\/pexels-hugo-sykes-13421523-scaled.jpg\",\"width\":1707,\"height\":2560,\"caption\":\"golf practice\"},{\"@type\":\"BreadcrumbList\",\"@id\":\"https:\\\/\\\/www.campelplanet.com\\\/no\\\/golf\\\/#breadcrumb\",\"itemListElement\":[{\"@type\":\"ListItem\",\"position\":1,\"name\":\"Home\",\"item\":\"https:\\\/\\\/www.campelplanet.com\\\/no\\\/\"},{\"@type\":\"ListItem\",\"position\":2,\"name\":\"Golf\"}]},{\"@type\":\"WebSite\",\"@id\":\"https:\\\/\\\/www.campelplanet.com\\\/no\\\/#website\",\"url\":\"https:\\\/\\\/www.campelplanet.com\\\/no\\\/\",\"name\":\"Camp El Planet's\",\"description\":\"The soul of the Costa Blanca\",\"publisher\":{\"@id\":\"https:\\\/\\\/www.campelplanet.com\\\/no\\\/#organization\"},\"potentialAction\":[{\"@type\":\"SearchAction\",\"target\":{\"@type\":\"EntryPoint\",\"urlTemplate\":\"https:\\\/\\\/www.campelplanet.com\\\/no\\\/?s={search_term_string}\"},\"query-input\":{\"@type\":\"PropertyValueSpecification\",\"valueRequired\":true,\"valueName\":\"search_term_string\"}}],\"inLanguage\":\"nb-NO\"},{\"@type\":\"Organization\",\"@id\":\"https:\\\/\\\/www.campelplanet.com\\\/no\\\/#organization\",\"name\":\"Camp El Planet's\",\"url\":\"https:\\\/\\\/www.campelplanet.com\\\/no\\\/\",\"logo\":{\"@type\":\"ImageObject\",\"inLanguage\":\"nb-NO\",\"@id\":\"https:\\\/\\\/www.campelplanet.com\\\/no\\\/#\\\/schema\\\/logo\\\/image\\\/\",\"url\":\"https:\\\/\\\/www.campelplanet.com\\\/wp-content\\\/uploads\\\/2024\\\/01\\\/cropped-CampElPlanet_bla.png\",\"contentUrl\":\"https:\\\/\\\/www.campelplanet.com\\\/wp-content\\\/uploads\\\/2024\\\/01\\\/cropped-CampElPlanet_bla.png\",\"width\":440,\"height\":256,\"caption\":\"Camp El Planet's\"},\"image\":{\"@id\":\"https:\\\/\\\/www.campelplanet.com\\\/no\\\/#\\\/schema\\\/logo\\\/image\\\/\"},\"sameAs\":[\"https:\\\/\\\/www.facebook.com\\\/campelplanet\",\"https:\\\/\\\/www.instagram.com\\\/campelplanet\\\/\"]}]}<\/script>\n<!-- \/ Yoast SEO Premium plugin. -->","yoast_head_json":{"title":"golf - Camp El Planet","description":"Golf er et spill der du roper \u00abforan\u00bb, skyter seks og skriver ned fem.\u00bb \u2013 Paul Harvey. Gitt det gunstige klimaet kommer det ikke som noen overraskelse...","robots":{"index":"index","follow":"follow","max-snippet":"max-snippet:-1","max-image-preview":"max-image-preview:large","max-video-preview":"max-video-preview:-1"},"canonical":"https:\/\/www.campelplanet.com\/no\/golf\/","og_locale":"nb_NO","og_type":"article","og_title":"Golf","og_description":"Golf er et spill der du roper \u00abforan\u00bb, skyter seks og skriver ned fem.\u00bb \u2013 Paul Harvey. Gitt det gunstige klimaet kommer det ikke som noen overraskelse...","og_url":"https:\/\/www.campelplanet.com\/no\/golf\/","og_site_name":"Camp El Planet","article_publisher":"https:\/\/www.facebook.com\/campelplanet","article_modified_time":"2024-12-23T10:17:23+00:00","og_image":[{"width":1707,"height":2560,"url":"https:\/\/www.campelplanet.com\/wp-content\/uploads\/2024\/01\/pexels-hugo-sykes-13421523-scaled.jpg","type":"image\/jpeg"}],"twitter_card":"summary_large_image","schema":{"@context":"https:\/\/schema.org","@graph":[{"@type":"WebPage","@id":"https:\/\/www.campelplanet.com\/no\/golf\/","url":"https:\/\/www.campelplanet.com\/no\/golf\/","name":"golf - Camp El Planet","isPartOf":{"@id":"https:\/\/www.campelplanet.com\/no\/#website"},"primaryImageOfPage":{"@id":"https:\/\/www.campelplanet.com\/no\/golf\/#primaryimage"},"image":{"@id":"https:\/\/www.campelplanet.com\/no\/golf\/#primaryimage"},"thumbnailUrl":"https:\/\/www.campelplanet.com\/wp-content\/uploads\/2024\/01\/pexels-hugo-sykes-13421523-scaled.jpg","datePublished":"2024-01-03T10:35:46+00:00","dateModified":"2024-12-23T10:17:23+00:00","description":"Golf er et spill der du roper \u00abforan\u00bb, skyter seks og skriver ned fem.\u00bb \u2013 Paul Harvey. Gitt det gunstige klimaet kommer det ikke som noen overraskelse...","breadcrumb":{"@id":"https:\/\/www.campelplanet.com\/no\/golf\/#breadcrumb"},"inLanguage":"nb-NO","potentialAction":[{"@type":"ReadAction","target":["https:\/\/www.campelplanet.com\/no\/golf\/"]}]},{"@type":"ImageObject","inLanguage":"nb-NO","@id":"https:\/\/www.campelplanet.com\/no\/golf\/#primaryimage","url":"https:\/\/www.campelplanet.com\/wp-content\/uploads\/2024\/01\/pexels-hugo-sykes-13421523-scaled.jpg","contentUrl":"https:\/\/www.campelplanet.com\/wp-content\/uploads\/2024\/01\/pexels-hugo-sykes-13421523-scaled.jpg","width":1707,"height":2560,"caption":"golf practice"},{"@type":"BreadcrumbList","@id":"https:\/\/www.campelplanet.com\/no\/golf\/#breadcrumb","itemListElement":[{"@type":"ListItem","position":1,"name":"Home","item":"https:\/\/www.campelplanet.com\/no\/"},{"@type":"ListItem","position":2,"name":"Golf"}]},{"@type":"WebSite","@id":"https:\/\/www.campelplanet.com\/no\/#website","url":"https:\/\/www.campelplanet.com\/no\/","name":"Camp El Planet's","description":"The soul of the Costa Blanca","publisher":{"@id":"https:\/\/www.campelplanet.com\/no\/#organization"},"potentialAction":[{"@type":"SearchAction","target":{"@type":"EntryPoint","urlTemplate":"https:\/\/www.campelplanet.com\/no\/?s={search_term_string}"},"query-input":{"@type":"PropertyValueSpecification","valueRequired":true,"valueName":"search_term_string"}}],"inLanguage":"nb-NO"},{"@type":"Organization","@id":"https:\/\/www.campelplanet.com\/no\/#organization","name":"Camp El Planet's","url":"https:\/\/www.campelplanet.com\/no\/","logo":{"@type":"ImageObject","inLanguage":"nb-NO","@id":"https:\/\/www.campelplanet.com\/no\/#\/schema\/logo\/image\/","url":"https:\/\/www.campelplanet.com\/wp-content\/uploads\/2024\/01\/cropped-CampElPlanet_bla.png","contentUrl":"https:\/\/www.campelplanet.com\/wp-content\/uploads\/2024\/01\/cropped-CampElPlanet_bla.png","width":440,"height":256,"caption":"Camp El Planet's"},"image":{"@id":"https:\/\/www.campelplanet.com\/no\/#\/schema\/logo\/image\/"},"sameAs":["https:\/\/www.facebook.com\/campelplanet","https:\/\/www.instagram.com\/campelplanet\/"]}]}},"_links":{"self":[{"href":"https:\/\/www.campelplanet.com\/no\/wp-json\/wp\/v2\/pages\/882","targetHints":{"allow":["GET"]}}],"collection":[{"href":"https:\/\/www.campelplanet.com\/no\/wp-json\/wp\/v2\/pages"}],"about":[{"href":"https:\/\/www.campelplanet.com\/no\/wp-json\/wp\/v2\/types\/page"}],"author":[{"embeddable":true,"href":"https:\/\/www.campelplanet.com\/no\/wp-json\/wp\/v2\/users\/1"}],"replies":[{"embeddable":true,"href":"https:\/\/www.campelplanet.com\/no\/wp-json\/wp\/v2\/comments?post=882"}],"version-history":[{"count":1,"href":"https:\/\/www.campelplanet.com\/no\/wp-json\/wp\/v2\/pages\/882\/revisions"}],"predecessor-version":[{"id":5427,"href":"https:\/\/www.campelplanet.com\/no\/wp-json\/wp\/v2\/pages\/882\/revisions\/5427"}],"wp:featuredmedia":[{"embeddable":true,"href":"https:\/\/www.campelplanet.com\/no\/wp-json\/wp\/v2\/media\/747"}],"wp:attachment":[{"href":"https:\/\/www.campelplanet.com\/no\/wp-json\/wp\/v2\/media?parent=882"}],"curies":[{"name":"wp","href":"https:\/\/api.w.org\/{rel}","templated":true}]}}