{"id":862,"date":"2024-01-03T11:15:58","date_gmt":"2024-01-03T10:15:58","guid":{"rendered":"https:\/\/www.campelplanet.com\/gar\/"},"modified":"2024-12-23T11:05:20","modified_gmt":"2024-12-23T10:05:20","slug":"gar","status":"publish","type":"page","link":"https:\/\/www.campelplanet.com\/no\/gar\/","title":{"rendered":"Fotturer"},"content":{"rendered":"\t\t<div data-elementor-type=\"wp-page\" data-elementor-id=\"862\" class=\"elementor elementor-862 elementor-186\" data-elementor-post-type=\"page\">\n\t\t\t\t\t\t<section class=\"elementor-section elementor-top-section elementor-element elementor-element-f48b242 elementor-section-boxed elementor-section-height-default elementor-section-height-default\" data-id=\"f48b242\" data-element_type=\"section\" data-e-type=\"section\" data-settings=\"{&quot;background_background&quot;:&quot;classic&quot;}\">\n\t\t\t\t\t\t<div class=\"elementor-container elementor-column-gap-no\">\n\t\t\t\t\t<div class=\"elementor-column elementor-col-100 elementor-top-column elementor-element elementor-element-9fd436f\" data-id=\"9fd436f\" data-element_type=\"column\" data-e-type=\"column\">\n\t\t\t<div class=\"elementor-widget-wrap elementor-element-populated\">\n\t\t\t\t\t\t\t<\/div>\n\t\t<\/div>\n\t\t\t\t\t<\/div>\n\t\t<\/section>\n\t\t<div class=\"elementor-element elementor-element-28cfc45 e-flex e-con-boxed e-con e-parent\" data-id=\"28cfc45\" data-element_type=\"container\" data-e-type=\"container\">\n\t\t\t\t\t<div class=\"e-con-inner\">\n\t\t<div class=\"elementor-element elementor-element-0ef89d8 e-con-full e-flex e-con e-child\" data-id=\"0ef89d8\" data-element_type=\"container\" data-e-type=\"container\">\n\t\t\t\t<div class=\"elementor-element elementor-element-d01033a elementor-widget elementor-widget-image\" data-id=\"d01033a\" data-element_type=\"widget\" data-e-type=\"widget\" data-widget_type=\"image.default\">\n\t\t\t\t\t\t\t\t\t\t\t\t\t\t\t<img fetchpriority=\"high\" decoding=\"async\" width=\"800\" height=\"600\" src=\"https:\/\/www.campelplanet.com\/wp-content\/uploads\/2024\/12\/IMG_9631-1024x768.jpeg\" class=\"attachment-large size-large wp-image-5170\" alt=\"\" srcset=\"https:\/\/www.campelplanet.com\/wp-content\/uploads\/2024\/12\/IMG_9631-1024x768.jpeg 1024w, https:\/\/www.campelplanet.com\/wp-content\/uploads\/2024\/12\/IMG_9631-300x225.jpeg 300w, https:\/\/www.campelplanet.com\/wp-content\/uploads\/2024\/12\/IMG_9631-768x576.jpeg 768w, https:\/\/www.campelplanet.com\/wp-content\/uploads\/2024\/12\/IMG_9631-1536x1152.jpeg 1536w, https:\/\/www.campelplanet.com\/wp-content\/uploads\/2024\/12\/IMG_9631.jpeg 2048w\" sizes=\"(max-width: 800px) 100vw, 800px\" \/>\t\t\t\t\t\t\t\t\t\t\t\t\t\t\t<\/div>\n\t\t\t\t<\/div>\n\t\t<div class=\"elementor-element elementor-element-b0eb9ff e-con-full e-flex e-con e-child\" data-id=\"b0eb9ff\" data-element_type=\"container\" data-e-type=\"container\">\n\t\t\t\t<div class=\"elementor-element elementor-element-050507e elementor-widget elementor-widget-text-editor\" data-id=\"050507e\" data-element_type=\"widget\" data-e-type=\"widget\" data-widget_type=\"text-editor.default\">\n\t\t\t\t\t\t\t\t\t<p>Vi har her skilt mellom fotturer og <a href=\"https:\/\/www.campelplanet.com\/no\/gar\/\">turg\u00e5ing<\/a>. I kategorien &laquo;Walking&raquo; fokuserer vi p\u00e5 de mindre krevende turene, siden fjellene i n\u00e6rheten er ganske robuste, og turene der kan v\u00e6re ganske anstrengende og krevende. Turer i kategorien &laquo;Walking&raquo; er imidlertid mindre opp og ned og kan foreg\u00e5 p\u00e5 en mer rolig m\u00e5te.<br \/>Av alle fordelene som kommer av \u00e5 g\u00e5, er kanskje sinnsro den mest utbredte. Forskning viser at bare 10 minutters gange kan l\u00f8fte hum\u00f8ret ditt. Tenk deg da hva en to timers spasertur i Jalon-dalen, La Vall de Gallinera eller langs elven <a href=\"https:\/\/www.linkalicante.com\/en\/guadalest-guide\/\">Guadalest<\/a> vil gj\u00f8re med hum\u00f8ret ditt, for ikke \u00e5 snakke om kroppen din. At turg\u00e5ing er bra for ens fysiske helse er ingen hemmelighet, men at turg\u00e5ing bidrar til redusert stress, bedre s\u00f8vn og bedre hum\u00f8r er nok mindre kjent.<\/p>\n<p>Legg til det forbedrede immunforsvaret, forbedret ford\u00f8yelsessystem, forsinket utbrudd av \u00e5reknuter, lindring av leddsmerter, redusert risiko for kronisk sykdom, og sp\u00f8rsm\u00e5let oppst\u00e5r: hvorfor g\u00e5r vi ikke alle mer? Moderne studier bekrefter det Hippokrates allerede visste for rundt 2400 \u00e5r siden da han forkynte at \u00abg\u00e5 er menneskets beste medisin\u00bb. Han visste ogs\u00e5 at turg\u00e5ing ga mer enn bare fysiske fordeler da han foreslo: \u00abHvis du er i d\u00e5rlig hum\u00f8r, g\u00e5 en tur. Hvis du fortsatt er i d\u00e5rlig hum\u00f8r, g\u00e5 en tur igjen.\u00bb<br \/>P\u00e5 Costa Blanca er turforholdene n\u00e6r perfekte. Det er turer langs kysten, i dalene, fra landsby til landsby, langs elveleier, p\u00e5 landsbygda og noen relativt enkle turer i fjellet. Vi kommer mer enn gjerne med anbefalinger.<\/p>\n\t\t\t\t\t\t\t\t<\/div>\n\t\t\t\t<\/div>\n\t\t\t\t\t<\/div>\n\t\t\t\t<\/div>\n\t\t\t\t<\/div>\n\t\t","protected":false},"excerpt":{"rendered":"<p>Vi har her skilt mellom fotturer og turg\u00e5ing. I kategorien &laquo;Walking&raquo; fokuserer vi p\u00e5 de mindre krevende turene, siden fjellene i n\u00e6rheten er ganske robuste, og turene der kan v\u00e6re ganske anstrengende og krevende. Turer i kategorien &laquo;Walking&raquo; er imidlertid mindre opp og ned og kan foreg\u00e5 p\u00e5 en mer rolig m\u00e5te.Av alle fordelene som [&hellip;]<\/p>\n","protected":false},"author":1,"featured_media":3843,"parent":0,"menu_order":0,"comment_status":"closed","ping_status":"closed","template":"elementor_header_footer","meta":{"footnotes":""},"class_list":["post-862","page","type-page","status-publish","has-post-thumbnail","hentry"],"yoast_head":"<!-- This site is optimized with the Yoast SEO Premium plugin v27.4 (Yoast SEO v27.4) - https:\/\/yoast.com\/product\/yoast-seo-premium-wordpress\/ -->\n<title>Fotturer - Camp El Planet<\/title>\n<meta name=\"description\" content=\"Vi har her skilt mellom fotturer og turg\u00e5ing. I kategorien Walking fokuserer vi p\u00e5 de mindre krevende turene som de n\u00e6rliggende....\" \/>\n<meta name=\"robots\" content=\"index, follow, max-snippet:-1, max-image-preview:large, max-video-preview:-1\" \/>\n<link rel=\"canonical\" href=\"https:\/\/www.campelplanet.com\/no\/gar\/\" \/>\n<meta property=\"og:locale\" content=\"nb_NO\" \/>\n<meta property=\"og:type\" content=\"article\" \/>\n<meta property=\"og:title\" content=\"Fotturer\" \/>\n<meta property=\"og:description\" content=\"Vi har her skilt mellom fotturer og turg\u00e5ing. I kategorien Walking fokuserer vi p\u00e5 de mindre krevende turene som de n\u00e6rliggende....\" \/>\n<meta property=\"og:url\" content=\"https:\/\/www.campelplanet.com\/no\/gar\/\" \/>\n<meta property=\"og:site_name\" content=\"Camp El Planet\" \/>\n<meta property=\"article:publisher\" content=\"https:\/\/www.facebook.com\/campelplanet\" \/>\n<meta property=\"article:modified_time\" content=\"2024-12-23T10:05:20+00:00\" \/>\n<meta property=\"og:image\" content=\"https:\/\/www.campelplanet.com\/wp-content\/uploads\/2024\/01\/pexels-amine-msiouri-2055556-2-scaled.jpg\" \/>\n\t<meta property=\"og:image:width\" content=\"1707\" \/>\n\t<meta property=\"og:image:height\" content=\"2560\" \/>\n\t<meta property=\"og:image:type\" content=\"image\/jpeg\" \/>\n<meta name=\"twitter:card\" content=\"summary_large_image\" \/>\n<script type=\"application\/ld+json\" class=\"yoast-schema-graph\">{\"@context\":\"https:\\\/\\\/schema.org\",\"@graph\":[{\"@type\":\"WebPage\",\"@id\":\"https:\\\/\\\/www.campelplanet.com\\\/no\\\/gar\\\/\",\"url\":\"https:\\\/\\\/www.campelplanet.com\\\/no\\\/gar\\\/\",\"name\":\"Fotturer - Camp El Planet\",\"isPartOf\":{\"@id\":\"https:\\\/\\\/www.campelplanet.com\\\/no\\\/#website\"},\"primaryImageOfPage\":{\"@id\":\"https:\\\/\\\/www.campelplanet.com\\\/no\\\/gar\\\/#primaryimage\"},\"image\":{\"@id\":\"https:\\\/\\\/www.campelplanet.com\\\/no\\\/gar\\\/#primaryimage\"},\"thumbnailUrl\":\"https:\\\/\\\/www.campelplanet.com\\\/wp-content\\\/uploads\\\/2024\\\/01\\\/pexels-amine-msiouri-2055556-2-scaled.jpg\",\"datePublished\":\"2024-01-03T10:15:58+00:00\",\"dateModified\":\"2024-12-23T10:05:20+00:00\",\"description\":\"Vi har her skilt mellom fotturer og turg\u00e5ing. I kategorien Walking fokuserer vi p\u00e5 de mindre krevende turene som de n\u00e6rliggende....\",\"breadcrumb\":{\"@id\":\"https:\\\/\\\/www.campelplanet.com\\\/no\\\/gar\\\/#breadcrumb\"},\"inLanguage\":\"nb-NO\",\"potentialAction\":[{\"@type\":\"ReadAction\",\"target\":[\"https:\\\/\\\/www.campelplanet.com\\\/no\\\/gar\\\/\"]}]},{\"@type\":\"ImageObject\",\"inLanguage\":\"nb-NO\",\"@id\":\"https:\\\/\\\/www.campelplanet.com\\\/no\\\/gar\\\/#primaryimage\",\"url\":\"https:\\\/\\\/www.campelplanet.com\\\/wp-content\\\/uploads\\\/2024\\\/01\\\/pexels-amine-msiouri-2055556-2-scaled.jpg\",\"contentUrl\":\"https:\\\/\\\/www.campelplanet.com\\\/wp-content\\\/uploads\\\/2024\\\/01\\\/pexels-amine-msiouri-2055556-2-scaled.jpg\",\"width\":1707,\"height\":2560},{\"@type\":\"BreadcrumbList\",\"@id\":\"https:\\\/\\\/www.campelplanet.com\\\/no\\\/gar\\\/#breadcrumb\",\"itemListElement\":[{\"@type\":\"ListItem\",\"position\":1,\"name\":\"Home\",\"item\":\"https:\\\/\\\/www.campelplanet.com\\\/no\\\/\"},{\"@type\":\"ListItem\",\"position\":2,\"name\":\"Fotturer\"}]},{\"@type\":\"WebSite\",\"@id\":\"https:\\\/\\\/www.campelplanet.com\\\/no\\\/#website\",\"url\":\"https:\\\/\\\/www.campelplanet.com\\\/no\\\/\",\"name\":\"Camp El Planet's\",\"description\":\"The soul of the Costa Blanca\",\"publisher\":{\"@id\":\"https:\\\/\\\/www.campelplanet.com\\\/no\\\/#organization\"},\"potentialAction\":[{\"@type\":\"SearchAction\",\"target\":{\"@type\":\"EntryPoint\",\"urlTemplate\":\"https:\\\/\\\/www.campelplanet.com\\\/no\\\/?s={search_term_string}\"},\"query-input\":{\"@type\":\"PropertyValueSpecification\",\"valueRequired\":true,\"valueName\":\"search_term_string\"}}],\"inLanguage\":\"nb-NO\"},{\"@type\":\"Organization\",\"@id\":\"https:\\\/\\\/www.campelplanet.com\\\/no\\\/#organization\",\"name\":\"Camp El Planet's\",\"url\":\"https:\\\/\\\/www.campelplanet.com\\\/no\\\/\",\"logo\":{\"@type\":\"ImageObject\",\"inLanguage\":\"nb-NO\",\"@id\":\"https:\\\/\\\/www.campelplanet.com\\\/no\\\/#\\\/schema\\\/logo\\\/image\\\/\",\"url\":\"https:\\\/\\\/www.campelplanet.com\\\/wp-content\\\/uploads\\\/2024\\\/01\\\/cropped-CampElPlanet_bla.png\",\"contentUrl\":\"https:\\\/\\\/www.campelplanet.com\\\/wp-content\\\/uploads\\\/2024\\\/01\\\/cropped-CampElPlanet_bla.png\",\"width\":440,\"height\":256,\"caption\":\"Camp El Planet's\"},\"image\":{\"@id\":\"https:\\\/\\\/www.campelplanet.com\\\/no\\\/#\\\/schema\\\/logo\\\/image\\\/\"},\"sameAs\":[\"https:\\\/\\\/www.facebook.com\\\/campelplanet\",\"https:\\\/\\\/www.instagram.com\\\/campelplanet\\\/\"]}]}<\/script>\n<!-- \/ Yoast SEO Premium plugin. -->","yoast_head_json":{"title":"Fotturer - Camp El Planet","description":"Vi har her skilt mellom fotturer og turg\u00e5ing. I kategorien Walking fokuserer vi p\u00e5 de mindre krevende turene som de n\u00e6rliggende....","robots":{"index":"index","follow":"follow","max-snippet":"max-snippet:-1","max-image-preview":"max-image-preview:large","max-video-preview":"max-video-preview:-1"},"canonical":"https:\/\/www.campelplanet.com\/no\/gar\/","og_locale":"nb_NO","og_type":"article","og_title":"Fotturer","og_description":"Vi har her skilt mellom fotturer og turg\u00e5ing. I kategorien Walking fokuserer vi p\u00e5 de mindre krevende turene som de n\u00e6rliggende....","og_url":"https:\/\/www.campelplanet.com\/no\/gar\/","og_site_name":"Camp El Planet","article_publisher":"https:\/\/www.facebook.com\/campelplanet","article_modified_time":"2024-12-23T10:05:20+00:00","og_image":[{"width":1707,"height":2560,"url":"https:\/\/www.campelplanet.com\/wp-content\/uploads\/2024\/01\/pexels-amine-msiouri-2055556-2-scaled.jpg","type":"image\/jpeg"}],"twitter_card":"summary_large_image","schema":{"@context":"https:\/\/schema.org","@graph":[{"@type":"WebPage","@id":"https:\/\/www.campelplanet.com\/no\/gar\/","url":"https:\/\/www.campelplanet.com\/no\/gar\/","name":"Fotturer - Camp El Planet","isPartOf":{"@id":"https:\/\/www.campelplanet.com\/no\/#website"},"primaryImageOfPage":{"@id":"https:\/\/www.campelplanet.com\/no\/gar\/#primaryimage"},"image":{"@id":"https:\/\/www.campelplanet.com\/no\/gar\/#primaryimage"},"thumbnailUrl":"https:\/\/www.campelplanet.com\/wp-content\/uploads\/2024\/01\/pexels-amine-msiouri-2055556-2-scaled.jpg","datePublished":"2024-01-03T10:15:58+00:00","dateModified":"2024-12-23T10:05:20+00:00","description":"Vi har her skilt mellom fotturer og turg\u00e5ing. I kategorien Walking fokuserer vi p\u00e5 de mindre krevende turene som de n\u00e6rliggende....","breadcrumb":{"@id":"https:\/\/www.campelplanet.com\/no\/gar\/#breadcrumb"},"inLanguage":"nb-NO","potentialAction":[{"@type":"ReadAction","target":["https:\/\/www.campelplanet.com\/no\/gar\/"]}]},{"@type":"ImageObject","inLanguage":"nb-NO","@id":"https:\/\/www.campelplanet.com\/no\/gar\/#primaryimage","url":"https:\/\/www.campelplanet.com\/wp-content\/uploads\/2024\/01\/pexels-amine-msiouri-2055556-2-scaled.jpg","contentUrl":"https:\/\/www.campelplanet.com\/wp-content\/uploads\/2024\/01\/pexels-amine-msiouri-2055556-2-scaled.jpg","width":1707,"height":2560},{"@type":"BreadcrumbList","@id":"https:\/\/www.campelplanet.com\/no\/gar\/#breadcrumb","itemListElement":[{"@type":"ListItem","position":1,"name":"Home","item":"https:\/\/www.campelplanet.com\/no\/"},{"@type":"ListItem","position":2,"name":"Fotturer"}]},{"@type":"WebSite","@id":"https:\/\/www.campelplanet.com\/no\/#website","url":"https:\/\/www.campelplanet.com\/no\/","name":"Camp El Planet's","description":"The soul of the Costa Blanca","publisher":{"@id":"https:\/\/www.campelplanet.com\/no\/#organization"},"potentialAction":[{"@type":"SearchAction","target":{"@type":"EntryPoint","urlTemplate":"https:\/\/www.campelplanet.com\/no\/?s={search_term_string}"},"query-input":{"@type":"PropertyValueSpecification","valueRequired":true,"valueName":"search_term_string"}}],"inLanguage":"nb-NO"},{"@type":"Organization","@id":"https:\/\/www.campelplanet.com\/no\/#organization","name":"Camp El Planet's","url":"https:\/\/www.campelplanet.com\/no\/","logo":{"@type":"ImageObject","inLanguage":"nb-NO","@id":"https:\/\/www.campelplanet.com\/no\/#\/schema\/logo\/image\/","url":"https:\/\/www.campelplanet.com\/wp-content\/uploads\/2024\/01\/cropped-CampElPlanet_bla.png","contentUrl":"https:\/\/www.campelplanet.com\/wp-content\/uploads\/2024\/01\/cropped-CampElPlanet_bla.png","width":440,"height":256,"caption":"Camp El Planet's"},"image":{"@id":"https:\/\/www.campelplanet.com\/no\/#\/schema\/logo\/image\/"},"sameAs":["https:\/\/www.facebook.com\/campelplanet","https:\/\/www.instagram.com\/campelplanet\/"]}]}},"_links":{"self":[{"href":"https:\/\/www.campelplanet.com\/no\/wp-json\/wp\/v2\/pages\/862","targetHints":{"allow":["GET"]}}],"collection":[{"href":"https:\/\/www.campelplanet.com\/no\/wp-json\/wp\/v2\/pages"}],"about":[{"href":"https:\/\/www.campelplanet.com\/no\/wp-json\/wp\/v2\/types\/page"}],"author":[{"embeddable":true,"href":"https:\/\/www.campelplanet.com\/no\/wp-json\/wp\/v2\/users\/1"}],"replies":[{"embeddable":true,"href":"https:\/\/www.campelplanet.com\/no\/wp-json\/wp\/v2\/comments?post=862"}],"version-history":[{"count":1,"href":"https:\/\/www.campelplanet.com\/no\/wp-json\/wp\/v2\/pages\/862\/revisions"}],"predecessor-version":[{"id":5421,"href":"https:\/\/www.campelplanet.com\/no\/wp-json\/wp\/v2\/pages\/862\/revisions\/5421"}],"wp:featuredmedia":[{"embeddable":true,"href":"https:\/\/www.campelplanet.com\/no\/wp-json\/wp\/v2\/media\/3843"}],"wp:attachment":[{"href":"https:\/\/www.campelplanet.com\/no\/wp-json\/wp\/v2\/media?parent=862"}],"curies":[{"name":"wp","href":"https:\/\/api.w.org\/{rel}","templated":true}]}}