{"id":848,"date":"2024-01-03T11:13:35","date_gmt":"2024-01-03T10:13:35","guid":{"rendered":"https:\/\/www.campelplanet.com\/vandring\/"},"modified":"2024-12-23T11:02:07","modified_gmt":"2024-12-23T10:02:07","slug":"fjellvandring","status":"publish","type":"page","link":"https:\/\/www.campelplanet.com\/no\/fjellvandring\/","title":{"rendered":"Fjellvandring"},"content":{"rendered":"\t\t<div data-elementor-type=\"wp-page\" data-elementor-id=\"848\" class=\"elementor elementor-848 elementor-177\" data-elementor-post-type=\"page\">\n\t\t\t\t\t\t<section class=\"elementor-section elementor-top-section elementor-element elementor-element-2e1efbd elementor-section-boxed elementor-section-height-default elementor-section-height-default\" data-id=\"2e1efbd\" data-element_type=\"section\" data-e-type=\"section\" data-settings=\"{&quot;background_background&quot;:&quot;classic&quot;}\">\n\t\t\t\t\t\t<div class=\"elementor-container elementor-column-gap-no\">\n\t\t\t\t\t<div class=\"elementor-column elementor-col-100 elementor-top-column elementor-element elementor-element-9507812\" data-id=\"9507812\" data-element_type=\"column\" data-e-type=\"column\">\n\t\t\t<div class=\"elementor-widget-wrap elementor-element-populated\">\n\t\t\t\t\t\t\t<\/div>\n\t\t<\/div>\n\t\t\t\t\t<\/div>\n\t\t<\/section>\n\t\t<div class=\"elementor-element elementor-element-72567eb e-flex e-con-boxed e-con e-parent\" data-id=\"72567eb\" data-element_type=\"container\" data-e-type=\"container\">\n\t\t\t\t\t<div class=\"e-con-inner\">\n\t\t<div class=\"elementor-element elementor-element-354afee e-con-full e-flex e-con e-child\" data-id=\"354afee\" data-element_type=\"container\" data-e-type=\"container\">\n\t\t\t\t<div class=\"elementor-element elementor-element-734df86 elementor-widget__width-initial elementor-widget elementor-widget-text-editor\" data-id=\"734df86\" data-element_type=\"widget\" data-e-type=\"widget\" data-widget_type=\"text-editor.default\">\n\t\t\t\t\t\t\t\t\t<p><img fetchpriority=\"high\" decoding=\"async\" class=\"alignnone size-medium wp-image-3827\" src=\"https:\/\/www.campelplanet.com\/wp-content\/uploads\/2024\/11\/20230110_141529-300x225.webp\" alt=\"\" width=\"300\" height=\"225\" srcset=\"https:\/\/www.campelplanet.com\/wp-content\/uploads\/2024\/11\/20230110_141529-300x225.webp 300w, https:\/\/www.campelplanet.com\/wp-content\/uploads\/2024\/11\/20230110_141529-1024x768.webp 1024w, https:\/\/www.campelplanet.com\/wp-content\/uploads\/2024\/11\/20230110_141529-768x576.webp 768w, https:\/\/www.campelplanet.com\/wp-content\/uploads\/2024\/11\/20230110_141529-1536x1152.webp 1536w, https:\/\/www.campelplanet.com\/wp-content\/uploads\/2024\/11\/20230110_141529-scaled.webp 1920w\" sizes=\"(max-width: 300px) 100vw, 300px\" \/><img decoding=\"async\" class=\"alignnone size-medium wp-image-3833\" src=\"https:\/\/www.campelplanet.com\/wp-content\/uploads\/2024\/11\/20221228_142405-300x225.webp\" alt=\"\" width=\"300\" height=\"225\" srcset=\"https:\/\/www.campelplanet.com\/wp-content\/uploads\/2024\/11\/20221228_142405-300x225.webp 300w, https:\/\/www.campelplanet.com\/wp-content\/uploads\/2024\/11\/20221228_142405-1024x768.webp 1024w, https:\/\/www.campelplanet.com\/wp-content\/uploads\/2024\/11\/20221228_142405-768x576.webp 768w, https:\/\/www.campelplanet.com\/wp-content\/uploads\/2024\/11\/20221228_142405-1536x1152.webp 1536w, https:\/\/www.campelplanet.com\/wp-content\/uploads\/2024\/11\/20221228_142405-scaled.webp 1920w\" sizes=\"(max-width: 300px) 100vw, 300px\" \/><strong><em><img decoding=\"async\" class=\"alignnone size-medium wp-image-3821\" src=\"https:\/\/www.campelplanet.com\/wp-content\/uploads\/2024\/11\/20231005_140258-300x225.webp\" alt=\"\" width=\"300\" height=\"225\" srcset=\"https:\/\/www.campelplanet.com\/wp-content\/uploads\/2024\/11\/20231005_140258-300x225.webp 300w, https:\/\/www.campelplanet.com\/wp-content\/uploads\/2024\/11\/20231005_140258-1024x768.webp 1024w, https:\/\/www.campelplanet.com\/wp-content\/uploads\/2024\/11\/20231005_140258-768x576.webp 768w, https:\/\/www.campelplanet.com\/wp-content\/uploads\/2024\/11\/20231005_140258-1536x1152.webp 1536w, https:\/\/www.campelplanet.com\/wp-content\/uploads\/2024\/11\/20231005_140258-scaled.webp 1920w\" sizes=\"(max-width: 300px) 100vw, 300px\" \/><\/em><\/strong><\/p><p><strong style=\"text-align: var(--text-align); color: var( --e-global-color-text );\"><em>\u00ab\u00c5 hoppe fra stein til stein og aldri falle, med en tung sekk, er lettere enn det h\u00f8res ut; du kan bare ikke falle n\u00e5r du kommer inn i dansens rytme.\u00bb &#8211; Jack Kerouac, The Dharma Bums<\/em><\/strong><\/p><p style=\"background: white;\">Vi nordmenn lar oss ikke lett imponere hva fjell ang\u00e5r. Det sagt, fjellene i Costa Blanca er for all del imponerende. Fra Camp El Planet har vi en kort spasertur til havet, men snur vi oss har vi de imponerende og fascinerende fjellryggende til Puig Campana, Monte Ponoig og Serra Bernia som danner en ruvende og majestetisk hestesko rundt lavlandet. Rett opp fra havet stiger Serra Helada og det kjente landemerket i Calpe; Pe\u00f1\u00f3n de Ifach.<\/p><p style=\"background: white; box-sizing: border-box; margin-block: 0px 0.9rem; font-variant-ligatures: normal; font-variant-caps: normal; orphans: 2; text-align: start; widows: 2; -webkit-text-stroke-width: 0px; text-decoration-thickness: initial; text-decoration-style: initial; text-decoration-color: initial; word-spacing: 0px;\"><span style=\"font-family: 'Work Sans'; font-size: 11.5pt;\">Kontrastene er like fascinerende som de er fantastiske. I tillegg til den spesielle naturen er regionen ogs\u00e5 velsignet det noe spesielle mikro klimaet som inneb\u00e6rer en forholdsvis h\u00f8y gjennomsnitts temperatur \u00e5ret gjennom. Ikke rart at dette omr\u00e5det er en ren nytelse for turg\u00e5ere og klatrere. Her kan du nyte utend\u00f8rslivet i vakre og utfordrende omgivelser hele \u00e5ret. <\/span><\/p><p style=\"background: white; box-sizing: border-box; margin-block: 0px 0.9rem; font-variant-ligatures: normal; font-variant-caps: normal; orphans: 2; text-align: start; widows: 2; -webkit-text-stroke-width: 0px; text-decoration-thickness: initial; text-decoration-style: initial; text-decoration-color: initial; word-spacing: 0px;\">For ivrige turg\u00e5ere er det n\u00e5 mange tur apper tilgjengelig. Selv bruker vi Wikiloc og er forn\u00f8yd med det. Det er jo ogs\u00e5 et stort antall ruter som er merkede og det eneste behovet for et kart er for finne frem til start punktet. I et slikt tilfelle vil kartet som medf\u00f8lger telefonen gj\u00f8re nytten. Vedlagt er en lenke til de &laquo;korte turene&raquo; registrert i Comunidad Valenciana; Pequeno Recorrido. Disse rutene godt merket, bra vedlikeholdt, popul\u00e6re og er lette \u00e5 f\u00f8lge. V\u00e6r imidlertid oppmerksom p\u00e5 at all informasjon er p\u00e5 hhv Spansk og Valenciansk.<\/p>\t\t\t\t\t\t\t\t<\/div>\n\t\t\t\t<\/div>\n\t\t\t\t\t<\/div>\n\t\t\t\t<\/div>\n\t\t\t\t<\/div>\n\t\t","protected":false},"excerpt":{"rendered":"<p>\u00ab\u00c5 hoppe fra stein til stein og aldri falle, med en tung sekk, er lettere enn det h\u00f8res ut; du kan bare ikke falle n\u00e5r du kommer inn i dansens rytme.\u00bb &#8211; Jack Kerouac, The Dharma Bums Vi nordmenn lar oss ikke lett imponere hva fjell ang\u00e5r. Det sagt, fjellene i Costa Blanca er for [&hellip;]<\/p>\n","protected":false},"author":1,"featured_media":0,"parent":0,"menu_order":0,"comment_status":"closed","ping_status":"closed","template":"elementor_header_footer","meta":{"footnotes":""},"class_list":["post-848","page","type-page","status-publish","hentry"],"yoast_head":"<!-- This site is optimized with the Yoast SEO Premium plugin v27.4 (Yoast SEO v27.4) - https:\/\/yoast.com\/product\/yoast-seo-premium-wordpress\/ -->\n<title>Fjellvandring - Camp El Planet<\/title>\n<meta name=\"description\" content=\"\u00c5 hoppe fra stein til steinblokk og aldri falle, med en tung sekk, er lettere enn det h\u00f8res ut; du kan bare ikke falle n\u00e5r du kommer inn i...\" \/>\n<meta name=\"robots\" content=\"index, follow, max-snippet:-1, max-image-preview:large, max-video-preview:-1\" \/>\n<link rel=\"canonical\" href=\"https:\/\/www.campelplanet.com\/no\/fjellvandring\/\" \/>\n<meta property=\"og:locale\" content=\"nb_NO\" \/>\n<meta property=\"og:type\" content=\"article\" \/>\n<meta property=\"og:title\" content=\"Fjellvandring\" \/>\n<meta property=\"og:description\" content=\"\u00c5 hoppe fra stein til steinblokk og aldri falle, med en tung sekk, er lettere enn det h\u00f8res ut; du kan bare ikke falle n\u00e5r du kommer inn i...\" \/>\n<meta property=\"og:url\" content=\"https:\/\/www.campelplanet.com\/no\/fjellvandring\/\" \/>\n<meta property=\"og:site_name\" content=\"Camp El Planet\" \/>\n<meta property=\"article:publisher\" content=\"https:\/\/www.facebook.com\/campelplanet\" \/>\n<meta property=\"article:modified_time\" content=\"2024-12-23T10:02:07+00:00\" \/>\n<meta property=\"og:image\" content=\"https:\/\/www.campelplanet.com\/wp-content\/uploads\/2024\/11\/20230110_141529-scaled.webp\" \/>\n\t<meta property=\"og:image:width\" content=\"1920\" \/>\n\t<meta property=\"og:image:height\" content=\"1440\" \/>\n\t<meta property=\"og:image:type\" content=\"image\/webp\" \/>\n<meta name=\"twitter:card\" content=\"summary_large_image\" \/>\n<script type=\"application\/ld+json\" class=\"yoast-schema-graph\">{\"@context\":\"https:\\\/\\\/schema.org\",\"@graph\":[{\"@type\":\"WebPage\",\"@id\":\"https:\\\/\\\/www.campelplanet.com\\\/no\\\/fjellvandring\\\/\",\"url\":\"https:\\\/\\\/www.campelplanet.com\\\/no\\\/fjellvandring\\\/\",\"name\":\"Fjellvandring - Camp El Planet\",\"isPartOf\":{\"@id\":\"https:\\\/\\\/www.campelplanet.com\\\/no\\\/#website\"},\"primaryImageOfPage\":{\"@id\":\"https:\\\/\\\/www.campelplanet.com\\\/no\\\/fjellvandring\\\/#primaryimage\"},\"image\":{\"@id\":\"https:\\\/\\\/www.campelplanet.com\\\/no\\\/fjellvandring\\\/#primaryimage\"},\"thumbnailUrl\":\"https:\\\/\\\/www.campelplanet.com\\\/wp-content\\\/uploads\\\/2024\\\/11\\\/20230110_141529-300x225.webp\",\"datePublished\":\"2024-01-03T10:13:35+00:00\",\"dateModified\":\"2024-12-23T10:02:07+00:00\",\"description\":\"\u00c5 hoppe fra stein til steinblokk og aldri falle, med en tung sekk, er lettere enn det h\u00f8res ut; du kan bare ikke falle n\u00e5r du kommer inn i...\",\"breadcrumb\":{\"@id\":\"https:\\\/\\\/www.campelplanet.com\\\/no\\\/fjellvandring\\\/#breadcrumb\"},\"inLanguage\":\"nb-NO\",\"potentialAction\":[{\"@type\":\"ReadAction\",\"target\":[\"https:\\\/\\\/www.campelplanet.com\\\/no\\\/fjellvandring\\\/\"]}]},{\"@type\":\"ImageObject\",\"inLanguage\":\"nb-NO\",\"@id\":\"https:\\\/\\\/www.campelplanet.com\\\/no\\\/fjellvandring\\\/#primaryimage\",\"url\":\"https:\\\/\\\/www.campelplanet.com\\\/wp-content\\\/uploads\\\/2024\\\/11\\\/20230110_141529-300x225.webp\",\"contentUrl\":\"https:\\\/\\\/www.campelplanet.com\\\/wp-content\\\/uploads\\\/2024\\\/11\\\/20230110_141529-300x225.webp\"},{\"@type\":\"BreadcrumbList\",\"@id\":\"https:\\\/\\\/www.campelplanet.com\\\/no\\\/fjellvandring\\\/#breadcrumb\",\"itemListElement\":[{\"@type\":\"ListItem\",\"position\":1,\"name\":\"Home\",\"item\":\"https:\\\/\\\/www.campelplanet.com\\\/no\\\/\"},{\"@type\":\"ListItem\",\"position\":2,\"name\":\"Fjellvandring\"}]},{\"@type\":\"WebSite\",\"@id\":\"https:\\\/\\\/www.campelplanet.com\\\/no\\\/#website\",\"url\":\"https:\\\/\\\/www.campelplanet.com\\\/no\\\/\",\"name\":\"Camp El Planet's\",\"description\":\"The soul of the Costa Blanca\",\"publisher\":{\"@id\":\"https:\\\/\\\/www.campelplanet.com\\\/no\\\/#organization\"},\"potentialAction\":[{\"@type\":\"SearchAction\",\"target\":{\"@type\":\"EntryPoint\",\"urlTemplate\":\"https:\\\/\\\/www.campelplanet.com\\\/no\\\/?s={search_term_string}\"},\"query-input\":{\"@type\":\"PropertyValueSpecification\",\"valueRequired\":true,\"valueName\":\"search_term_string\"}}],\"inLanguage\":\"nb-NO\"},{\"@type\":\"Organization\",\"@id\":\"https:\\\/\\\/www.campelplanet.com\\\/no\\\/#organization\",\"name\":\"Camp El Planet's\",\"url\":\"https:\\\/\\\/www.campelplanet.com\\\/no\\\/\",\"logo\":{\"@type\":\"ImageObject\",\"inLanguage\":\"nb-NO\",\"@id\":\"https:\\\/\\\/www.campelplanet.com\\\/no\\\/#\\\/schema\\\/logo\\\/image\\\/\",\"url\":\"https:\\\/\\\/www.campelplanet.com\\\/wp-content\\\/uploads\\\/2024\\\/01\\\/cropped-CampElPlanet_bla.png\",\"contentUrl\":\"https:\\\/\\\/www.campelplanet.com\\\/wp-content\\\/uploads\\\/2024\\\/01\\\/cropped-CampElPlanet_bla.png\",\"width\":440,\"height\":256,\"caption\":\"Camp El Planet's\"},\"image\":{\"@id\":\"https:\\\/\\\/www.campelplanet.com\\\/no\\\/#\\\/schema\\\/logo\\\/image\\\/\"},\"sameAs\":[\"https:\\\/\\\/www.facebook.com\\\/campelplanet\",\"https:\\\/\\\/www.instagram.com\\\/campelplanet\\\/\"]}]}<\/script>\n<!-- \/ Yoast SEO Premium plugin. -->","yoast_head_json":{"title":"Fjellvandring - Camp El Planet","description":"\u00c5 hoppe fra stein til steinblokk og aldri falle, med en tung sekk, er lettere enn det h\u00f8res ut; du kan bare ikke falle n\u00e5r du kommer inn i...","robots":{"index":"index","follow":"follow","max-snippet":"max-snippet:-1","max-image-preview":"max-image-preview:large","max-video-preview":"max-video-preview:-1"},"canonical":"https:\/\/www.campelplanet.com\/no\/fjellvandring\/","og_locale":"nb_NO","og_type":"article","og_title":"Fjellvandring","og_description":"\u00c5 hoppe fra stein til steinblokk og aldri falle, med en tung sekk, er lettere enn det h\u00f8res ut; du kan bare ikke falle n\u00e5r du kommer inn i...","og_url":"https:\/\/www.campelplanet.com\/no\/fjellvandring\/","og_site_name":"Camp El Planet","article_publisher":"https:\/\/www.facebook.com\/campelplanet","article_modified_time":"2024-12-23T10:02:07+00:00","og_image":[{"width":1920,"height":1440,"url":"https:\/\/www.campelplanet.com\/wp-content\/uploads\/2024\/11\/20230110_141529-scaled.webp","type":"image\/webp"}],"twitter_card":"summary_large_image","schema":{"@context":"https:\/\/schema.org","@graph":[{"@type":"WebPage","@id":"https:\/\/www.campelplanet.com\/no\/fjellvandring\/","url":"https:\/\/www.campelplanet.com\/no\/fjellvandring\/","name":"Fjellvandring - Camp El Planet","isPartOf":{"@id":"https:\/\/www.campelplanet.com\/no\/#website"},"primaryImageOfPage":{"@id":"https:\/\/www.campelplanet.com\/no\/fjellvandring\/#primaryimage"},"image":{"@id":"https:\/\/www.campelplanet.com\/no\/fjellvandring\/#primaryimage"},"thumbnailUrl":"https:\/\/www.campelplanet.com\/wp-content\/uploads\/2024\/11\/20230110_141529-300x225.webp","datePublished":"2024-01-03T10:13:35+00:00","dateModified":"2024-12-23T10:02:07+00:00","description":"\u00c5 hoppe fra stein til steinblokk og aldri falle, med en tung sekk, er lettere enn det h\u00f8res ut; du kan bare ikke falle n\u00e5r du kommer inn i...","breadcrumb":{"@id":"https:\/\/www.campelplanet.com\/no\/fjellvandring\/#breadcrumb"},"inLanguage":"nb-NO","potentialAction":[{"@type":"ReadAction","target":["https:\/\/www.campelplanet.com\/no\/fjellvandring\/"]}]},{"@type":"ImageObject","inLanguage":"nb-NO","@id":"https:\/\/www.campelplanet.com\/no\/fjellvandring\/#primaryimage","url":"https:\/\/www.campelplanet.com\/wp-content\/uploads\/2024\/11\/20230110_141529-300x225.webp","contentUrl":"https:\/\/www.campelplanet.com\/wp-content\/uploads\/2024\/11\/20230110_141529-300x225.webp"},{"@type":"BreadcrumbList","@id":"https:\/\/www.campelplanet.com\/no\/fjellvandring\/#breadcrumb","itemListElement":[{"@type":"ListItem","position":1,"name":"Home","item":"https:\/\/www.campelplanet.com\/no\/"},{"@type":"ListItem","position":2,"name":"Fjellvandring"}]},{"@type":"WebSite","@id":"https:\/\/www.campelplanet.com\/no\/#website","url":"https:\/\/www.campelplanet.com\/no\/","name":"Camp El Planet's","description":"The soul of the Costa Blanca","publisher":{"@id":"https:\/\/www.campelplanet.com\/no\/#organization"},"potentialAction":[{"@type":"SearchAction","target":{"@type":"EntryPoint","urlTemplate":"https:\/\/www.campelplanet.com\/no\/?s={search_term_string}"},"query-input":{"@type":"PropertyValueSpecification","valueRequired":true,"valueName":"search_term_string"}}],"inLanguage":"nb-NO"},{"@type":"Organization","@id":"https:\/\/www.campelplanet.com\/no\/#organization","name":"Camp El Planet's","url":"https:\/\/www.campelplanet.com\/no\/","logo":{"@type":"ImageObject","inLanguage":"nb-NO","@id":"https:\/\/www.campelplanet.com\/no\/#\/schema\/logo\/image\/","url":"https:\/\/www.campelplanet.com\/wp-content\/uploads\/2024\/01\/cropped-CampElPlanet_bla.png","contentUrl":"https:\/\/www.campelplanet.com\/wp-content\/uploads\/2024\/01\/cropped-CampElPlanet_bla.png","width":440,"height":256,"caption":"Camp El Planet's"},"image":{"@id":"https:\/\/www.campelplanet.com\/no\/#\/schema\/logo\/image\/"},"sameAs":["https:\/\/www.facebook.com\/campelplanet","https:\/\/www.instagram.com\/campelplanet\/"]}]}},"_links":{"self":[{"href":"https:\/\/www.campelplanet.com\/no\/wp-json\/wp\/v2\/pages\/848","targetHints":{"allow":["GET"]}}],"collection":[{"href":"https:\/\/www.campelplanet.com\/no\/wp-json\/wp\/v2\/pages"}],"about":[{"href":"https:\/\/www.campelplanet.com\/no\/wp-json\/wp\/v2\/types\/page"}],"author":[{"embeddable":true,"href":"https:\/\/www.campelplanet.com\/no\/wp-json\/wp\/v2\/users\/1"}],"replies":[{"embeddable":true,"href":"https:\/\/www.campelplanet.com\/no\/wp-json\/wp\/v2\/comments?post=848"}],"version-history":[{"count":1,"href":"https:\/\/www.campelplanet.com\/no\/wp-json\/wp\/v2\/pages\/848\/revisions"}],"predecessor-version":[{"id":5418,"href":"https:\/\/www.campelplanet.com\/no\/wp-json\/wp\/v2\/pages\/848\/revisions\/5418"}],"wp:attachment":[{"href":"https:\/\/www.campelplanet.com\/no\/wp-json\/wp\/v2\/media?parent=848"}],"curies":[{"name":"wp","href":"https:\/\/api.w.org\/{rel}","templated":true}]}}