{"id":829,"date":"2024-01-03T10:51:53","date_gmt":"2024-01-03T09:51:53","guid":{"rendered":"https:\/\/www.campelplanet.com\/sykling\/"},"modified":"2024-12-26T06:39:13","modified_gmt":"2024-12-26T05:39:13","slug":"sykling","status":"publish","type":"page","link":"https:\/\/www.campelplanet.com\/no\/sykling\/","title":{"rendered":"Sykling"},"content":{"rendered":"\t\t<div data-elementor-type=\"wp-page\" data-elementor-id=\"829\" class=\"elementor elementor-829 elementor-171\" data-elementor-post-type=\"page\">\n\t\t\t\t\t\t<section class=\"elementor-section elementor-top-section elementor-element elementor-element-3a7ba7b elementor-section-boxed elementor-section-height-default elementor-section-height-default\" data-id=\"3a7ba7b\" data-element_type=\"section\" data-e-type=\"section\" data-settings=\"{&quot;background_background&quot;:&quot;classic&quot;}\">\n\t\t\t\t\t\t<div class=\"elementor-container elementor-column-gap-no\">\n\t\t\t\t\t<div class=\"elementor-column elementor-col-100 elementor-top-column elementor-element elementor-element-42fa259\" data-id=\"42fa259\" data-element_type=\"column\" data-e-type=\"column\">\n\t\t\t<div class=\"elementor-widget-wrap elementor-element-populated\">\n\t\t\t\t\t\t\t<\/div>\n\t\t<\/div>\n\t\t\t\t\t<\/div>\n\t\t<\/section>\n\t\t<div class=\"elementor-element elementor-element-b696140 e-flex e-con-boxed e-con e-parent\" data-id=\"b696140\" data-element_type=\"container\" data-e-type=\"container\">\n\t\t\t\t\t<div class=\"e-con-inner\">\n\t\t<div class=\"elementor-element elementor-element-90211d3 e-con-full e-flex e-con e-child\" data-id=\"90211d3\" data-element_type=\"container\" data-e-type=\"container\">\n\t\t\t\t<div class=\"elementor-element elementor-element-700e069 elementor-widget elementor-widget-image\" data-id=\"700e069\" data-element_type=\"widget\" data-e-type=\"widget\" data-widget_type=\"image.default\">\n\t\t\t\t\t\t\t\t\t\t\t\t\t\t\t<img decoding=\"async\" src=\"https:\/\/www.campelplanet.com\/wp-content\/uploads\/2024\/12\/download.webp\" title=\"\" alt=\"\" loading=\"lazy\" \/>\t\t\t\t\t\t\t\t\t\t\t\t\t\t\t<\/div>\n\t\t\t\t<\/div>\n\t\t<div class=\"elementor-element elementor-element-c8b487d e-con-full e-flex e-con e-child\" data-id=\"c8b487d\" data-element_type=\"container\" data-e-type=\"container\">\n\t\t\t\t<div class=\"elementor-element elementor-element-939842d elementor-widget elementor-widget-text-editor\" data-id=\"939842d\" data-element_type=\"widget\" data-e-type=\"widget\" data-widget_type=\"text-editor.default\">\n\t\t\t\t\t\t\t\t\t<p>Liver som \u00e5 sykle. For \u00e5 holde balansen m\u00e5 du bevege deg. ~ Albert Einstein-brev til s\u00f8nnen Eduard, 1930.<\/p><p>For de fleste syklister er en lang beskrivelse av hva Costa Blanca har \u00e5 tilby sannsynligvis bortkastet tid. Det er nok \u00e5 si at Costa Blanca lenge har v\u00e6rt anerkjent som blant de absolutt beste sykkelomr\u00e5dene i Europa. Det varme og t\u00f8rre klimaet kombinert med et sv\u00e6rt variert terreng gir ideelle treningsforhold.<\/p><p>Man kan velge mellom mengder av ruter; praktisk talt skreddersy en rute etter hvilke \u00f8nsker og behov man m\u00e5tte ha. Langs kysten er rutene relativt flate, mens rutene i innlandet er ganske kuperte. Spesielt er fjellrutene ganske krevende.<\/p>\t\t\t\t\t\t\t\t<\/div>\n\t\t\t\t<\/div>\n\t\t\t\t\t<\/div>\n\t\t\t\t<\/div>\n\t\t<div class=\"elementor-element elementor-element-b7146ca e-flex e-con-boxed e-con e-parent\" data-id=\"b7146ca\" data-element_type=\"container\" data-e-type=\"container\">\n\t\t\t\t\t<div class=\"e-con-inner\">\n\t\t<div class=\"elementor-element elementor-element-f81a244 e-con-full e-flex e-con e-child\" data-id=\"f81a244\" data-element_type=\"container\" data-e-type=\"container\">\n\t\t\t\t<div class=\"elementor-element elementor-element-6a5cb91 elementor-widget elementor-widget-text-editor\" data-id=\"6a5cb91\" data-element_type=\"widget\" data-e-type=\"widget\" data-widget_type=\"text-editor.default\">\n\t\t\t\t\t\t\t\t\t<p>Med sin sentrale beliggenhet Camp El Planet er ideell for b\u00e5de landevei &#8211; og terreng sykling. Fra Camp El Planet kan man enten dra rett til fjells eller velge en landeveis rute fra et bredt nettverk av veier.<\/p><p>Camp El Planet fokuserer prim\u00e6rt p\u00e5 sykkellag og grupper av syklister. Vi tror at lag og grupper foretrekker \u00e5 ha gruppen og gruppemedlemmene samlet p\u00e5 ett sted og ikke spredt utover et stort hotell eller leilighetskompleks. Camp El Planet tilbyr kost og losji i rolige og tilbaketrukne omgivelser, men fortsatt med kort avstand til strand, fjell, idrettsanlegg, flyplasser og n\u00e6rliggende tettsteder som Altea, Alfaz og Albir. Store grupper p\u00e5 for eksempel treningsleir vil kunne disponere eiendommen alene, og ikke m\u00e5tte dele fellesareal med andre gjester eller grupper som tilfellet er p\u00e5 hotell og leilighetskomplekser. Eiendommen er tilrettelagt for samv\u00e6r i avslappet og vennlig milj\u00f8, noe som igjen forsterker samhold i laget. Lag og st\u00f8rre grupper kan ogs\u00e5 f\u00e5 eksklusiv tilgang til kantina og kj\u00f8kkenet, og forberede og administrere sine egne m\u00e5ltider. Mindre grupper vil oppn\u00e5 noe av den samme effekten; et treningsopphold samen med likesinnede i intime og stimulerende omgivelser.<\/p>\t\t\t\t\t\t\t\t<\/div>\n\t\t\t\t<\/div>\n\t\t<div class=\"elementor-element elementor-element-c2d4340 e-con-full e-flex e-con e-child\" data-id=\"c2d4340\" data-element_type=\"container\" data-e-type=\"container\">\n\t\t\t\t<div class=\"elementor-element elementor-element-2d40b59 elementor-widget elementor-widget-image\" data-id=\"2d40b59\" data-element_type=\"widget\" data-e-type=\"widget\" data-widget_type=\"image.default\">\n\t\t\t\t\t\t\t\t\t\t\t\t\t\t\t<img fetchpriority=\"high\" decoding=\"async\" width=\"800\" height=\"600\" src=\"https:\/\/www.campelplanet.com\/wp-content\/uploads\/2024\/12\/IMG_8279-1024x768.webp\" class=\"attachment-large size-large wp-image-5152\" alt=\"\" srcset=\"https:\/\/www.campelplanet.com\/wp-content\/uploads\/2024\/12\/IMG_8279-1024x768.webp 1024w, https:\/\/www.campelplanet.com\/wp-content\/uploads\/2024\/12\/IMG_8279-300x225.webp 300w, https:\/\/www.campelplanet.com\/wp-content\/uploads\/2024\/12\/IMG_8279-768x576.webp 768w, https:\/\/www.campelplanet.com\/wp-content\/uploads\/2024\/12\/IMG_8279-1536x1152.webp 1536w, https:\/\/www.campelplanet.com\/wp-content\/uploads\/2024\/12\/IMG_8279.webp 1920w\" sizes=\"(max-width: 800px) 100vw, 800px\" \/>\t\t\t\t\t\t\t\t\t\t\t\t\t\t\t<\/div>\n\t\t\t\t<\/div>\n\t\t\t\t\t<\/div>\n\t\t\t\t<\/div>\n\t\t<div class=\"elementor-element elementor-element-607563c e-flex e-con-boxed e-con e-parent\" data-id=\"607563c\" data-element_type=\"container\" data-e-type=\"container\">\n\t\t\t\t\t<div class=\"e-con-inner\">\n\t\t\t\t<div class=\"elementor-element elementor-element-d7ab013 elementor-widget elementor-widget-text-editor\" data-id=\"d7ab013\" data-element_type=\"widget\" data-e-type=\"widget\" data-widget_type=\"text-editor.default\">\n\t\t\t\t\t\t\t\t\t<p>Vi tror ogs\u00e5 den personlige oppmerksomheten, lidenskapen og entusiasmen fra eierne vil bidra positivt. Vi er i n\u00e6rheten, og eventuelle behov som m\u00e5tte oppst\u00e5 vil bli ivaretatt med en gang.<\/p>\t\t\t\t\t\t\t\t<\/div>\n\t\t\t\t\t<\/div>\n\t\t\t\t<\/div>\n\t\t\t\t<\/div>\n\t\t","protected":false},"excerpt":{"rendered":"<p>Liver som \u00e5 sykle. For \u00e5 holde balansen m\u00e5 du bevege deg. ~ Albert Einstein-brev til s\u00f8nnen Eduard, 1930. For de fleste syklister er en lang beskrivelse av hva Costa Blanca har \u00e5 tilby sannsynligvis bortkastet tid. Det er nok \u00e5 si at Costa Blanca lenge har v\u00e6rt anerkjent som blant de absolutt beste sykkelomr\u00e5dene [&hellip;]<\/p>\n","protected":false},"author":1,"featured_media":702,"parent":0,"menu_order":0,"comment_status":"closed","ping_status":"closed","template":"","meta":{"footnotes":""},"class_list":["post-829","page","type-page","status-publish","has-post-thumbnail","hentry"],"yoast_head":"<!-- This site is optimized with the Yoast SEO Premium plugin v27.4 (Yoast SEO v27.4) - https:\/\/yoast.com\/product\/yoast-seo-premium-wordpress\/ -->\n<title>Sykling - Camp El Planet<\/title>\n<meta name=\"description\" content=\"Life is like riding a cycling. For \u00e5 holde balansen m\u00e5 du fortsette \u00e5 bevege deg. ~ Albert Einstein-brev til s\u00f8nnen Eduard, 1930.\" \/>\n<meta name=\"robots\" content=\"index, follow, max-snippet:-1, max-image-preview:large, max-video-preview:-1\" \/>\n<link rel=\"canonical\" href=\"https:\/\/www.campelplanet.com\/no\/sykling\/\" \/>\n<meta property=\"og:locale\" content=\"nb_NO\" \/>\n<meta property=\"og:type\" content=\"article\" \/>\n<meta property=\"og:title\" content=\"Sykling\" \/>\n<meta property=\"og:description\" content=\"Life is like riding a cycling. For \u00e5 holde balansen m\u00e5 du fortsette \u00e5 bevege deg. ~ Albert Einstein-brev til s\u00f8nnen Eduard, 1930.\" \/>\n<meta property=\"og:url\" content=\"https:\/\/www.campelplanet.com\/no\/sykling\/\" \/>\n<meta property=\"og:site_name\" content=\"Camp El Planet\" \/>\n<meta property=\"article:publisher\" content=\"https:\/\/www.facebook.com\/campelplanet\" \/>\n<meta property=\"article:modified_time\" content=\"2024-12-26T05:39:13+00:00\" \/>\n<meta property=\"og:image\" content=\"https:\/\/www.campelplanet.com\/wp-content\/uploads\/2024\/01\/pexels-do-castle-2270328-scaled.jpg\" \/>\n\t<meta property=\"og:image:width\" content=\"2560\" \/>\n\t<meta property=\"og:image:height\" content=\"1707\" \/>\n\t<meta property=\"og:image:type\" content=\"image\/jpeg\" \/>\n<meta name=\"twitter:card\" content=\"summary_large_image\" \/>\n<script type=\"application\/ld+json\" class=\"yoast-schema-graph\">{\"@context\":\"https:\\\/\\\/schema.org\",\"@graph\":[{\"@type\":\"WebPage\",\"@id\":\"https:\\\/\\\/www.campelplanet.com\\\/no\\\/sykling\\\/\",\"url\":\"https:\\\/\\\/www.campelplanet.com\\\/no\\\/sykling\\\/\",\"name\":\"Sykling - Camp El Planet\",\"isPartOf\":{\"@id\":\"https:\\\/\\\/www.campelplanet.com\\\/no\\\/#website\"},\"primaryImageOfPage\":{\"@id\":\"https:\\\/\\\/www.campelplanet.com\\\/no\\\/sykling\\\/#primaryimage\"},\"image\":{\"@id\":\"https:\\\/\\\/www.campelplanet.com\\\/no\\\/sykling\\\/#primaryimage\"},\"thumbnailUrl\":\"https:\\\/\\\/www.campelplanet.com\\\/wp-content\\\/uploads\\\/2024\\\/01\\\/pexels-do-castle-2270328-scaled.jpg\",\"datePublished\":\"2024-01-03T09:51:53+00:00\",\"dateModified\":\"2024-12-26T05:39:13+00:00\",\"description\":\"Life is like riding a cycling. For \u00e5 holde balansen m\u00e5 du fortsette \u00e5 bevege deg. ~ Albert Einstein-brev til s\u00f8nnen Eduard, 1930.\",\"breadcrumb\":{\"@id\":\"https:\\\/\\\/www.campelplanet.com\\\/no\\\/sykling\\\/#breadcrumb\"},\"inLanguage\":\"nb-NO\",\"potentialAction\":[{\"@type\":\"ReadAction\",\"target\":[\"https:\\\/\\\/www.campelplanet.com\\\/no\\\/sykling\\\/\"]}]},{\"@type\":\"ImageObject\",\"inLanguage\":\"nb-NO\",\"@id\":\"https:\\\/\\\/www.campelplanet.com\\\/no\\\/sykling\\\/#primaryimage\",\"url\":\"https:\\\/\\\/www.campelplanet.com\\\/wp-content\\\/uploads\\\/2024\\\/01\\\/pexels-do-castle-2270328-scaled.jpg\",\"contentUrl\":\"https:\\\/\\\/www.campelplanet.com\\\/wp-content\\\/uploads\\\/2024\\\/01\\\/pexels-do-castle-2270328-scaled.jpg\",\"width\":2560,\"height\":1707,\"caption\":\"Cycling\"},{\"@type\":\"BreadcrumbList\",\"@id\":\"https:\\\/\\\/www.campelplanet.com\\\/no\\\/sykling\\\/#breadcrumb\",\"itemListElement\":[{\"@type\":\"ListItem\",\"position\":1,\"name\":\"Home\",\"item\":\"https:\\\/\\\/www.campelplanet.com\\\/no\\\/\"},{\"@type\":\"ListItem\",\"position\":2,\"name\":\"Sykling\"}]},{\"@type\":\"WebSite\",\"@id\":\"https:\\\/\\\/www.campelplanet.com\\\/no\\\/#website\",\"url\":\"https:\\\/\\\/www.campelplanet.com\\\/no\\\/\",\"name\":\"Camp El Planet's\",\"description\":\"The soul of the Costa Blanca\",\"publisher\":{\"@id\":\"https:\\\/\\\/www.campelplanet.com\\\/no\\\/#organization\"},\"potentialAction\":[{\"@type\":\"SearchAction\",\"target\":{\"@type\":\"EntryPoint\",\"urlTemplate\":\"https:\\\/\\\/www.campelplanet.com\\\/no\\\/?s={search_term_string}\"},\"query-input\":{\"@type\":\"PropertyValueSpecification\",\"valueRequired\":true,\"valueName\":\"search_term_string\"}}],\"inLanguage\":\"nb-NO\"},{\"@type\":\"Organization\",\"@id\":\"https:\\\/\\\/www.campelplanet.com\\\/no\\\/#organization\",\"name\":\"Camp El Planet's\",\"url\":\"https:\\\/\\\/www.campelplanet.com\\\/no\\\/\",\"logo\":{\"@type\":\"ImageObject\",\"inLanguage\":\"nb-NO\",\"@id\":\"https:\\\/\\\/www.campelplanet.com\\\/no\\\/#\\\/schema\\\/logo\\\/image\\\/\",\"url\":\"https:\\\/\\\/www.campelplanet.com\\\/wp-content\\\/uploads\\\/2024\\\/01\\\/cropped-CampElPlanet_bla.png\",\"contentUrl\":\"https:\\\/\\\/www.campelplanet.com\\\/wp-content\\\/uploads\\\/2024\\\/01\\\/cropped-CampElPlanet_bla.png\",\"width\":440,\"height\":256,\"caption\":\"Camp El Planet's\"},\"image\":{\"@id\":\"https:\\\/\\\/www.campelplanet.com\\\/no\\\/#\\\/schema\\\/logo\\\/image\\\/\"},\"sameAs\":[\"https:\\\/\\\/www.facebook.com\\\/campelplanet\",\"https:\\\/\\\/www.instagram.com\\\/campelplanet\\\/\"]}]}<\/script>\n<!-- \/ Yoast SEO Premium plugin. -->","yoast_head_json":{"title":"Sykling - Camp El Planet","description":"Life is like riding a cycling. For \u00e5 holde balansen m\u00e5 du fortsette \u00e5 bevege deg. ~ Albert Einstein-brev til s\u00f8nnen Eduard, 1930.","robots":{"index":"index","follow":"follow","max-snippet":"max-snippet:-1","max-image-preview":"max-image-preview:large","max-video-preview":"max-video-preview:-1"},"canonical":"https:\/\/www.campelplanet.com\/no\/sykling\/","og_locale":"nb_NO","og_type":"article","og_title":"Sykling","og_description":"Life is like riding a cycling. For \u00e5 holde balansen m\u00e5 du fortsette \u00e5 bevege deg. ~ Albert Einstein-brev til s\u00f8nnen Eduard, 1930.","og_url":"https:\/\/www.campelplanet.com\/no\/sykling\/","og_site_name":"Camp El Planet","article_publisher":"https:\/\/www.facebook.com\/campelplanet","article_modified_time":"2024-12-26T05:39:13+00:00","og_image":[{"width":2560,"height":1707,"url":"https:\/\/www.campelplanet.com\/wp-content\/uploads\/2024\/01\/pexels-do-castle-2270328-scaled.jpg","type":"image\/jpeg"}],"twitter_card":"summary_large_image","schema":{"@context":"https:\/\/schema.org","@graph":[{"@type":"WebPage","@id":"https:\/\/www.campelplanet.com\/no\/sykling\/","url":"https:\/\/www.campelplanet.com\/no\/sykling\/","name":"Sykling - Camp El Planet","isPartOf":{"@id":"https:\/\/www.campelplanet.com\/no\/#website"},"primaryImageOfPage":{"@id":"https:\/\/www.campelplanet.com\/no\/sykling\/#primaryimage"},"image":{"@id":"https:\/\/www.campelplanet.com\/no\/sykling\/#primaryimage"},"thumbnailUrl":"https:\/\/www.campelplanet.com\/wp-content\/uploads\/2024\/01\/pexels-do-castle-2270328-scaled.jpg","datePublished":"2024-01-03T09:51:53+00:00","dateModified":"2024-12-26T05:39:13+00:00","description":"Life is like riding a cycling. For \u00e5 holde balansen m\u00e5 du fortsette \u00e5 bevege deg. ~ Albert Einstein-brev til s\u00f8nnen Eduard, 1930.","breadcrumb":{"@id":"https:\/\/www.campelplanet.com\/no\/sykling\/#breadcrumb"},"inLanguage":"nb-NO","potentialAction":[{"@type":"ReadAction","target":["https:\/\/www.campelplanet.com\/no\/sykling\/"]}]},{"@type":"ImageObject","inLanguage":"nb-NO","@id":"https:\/\/www.campelplanet.com\/no\/sykling\/#primaryimage","url":"https:\/\/www.campelplanet.com\/wp-content\/uploads\/2024\/01\/pexels-do-castle-2270328-scaled.jpg","contentUrl":"https:\/\/www.campelplanet.com\/wp-content\/uploads\/2024\/01\/pexels-do-castle-2270328-scaled.jpg","width":2560,"height":1707,"caption":"Cycling"},{"@type":"BreadcrumbList","@id":"https:\/\/www.campelplanet.com\/no\/sykling\/#breadcrumb","itemListElement":[{"@type":"ListItem","position":1,"name":"Home","item":"https:\/\/www.campelplanet.com\/no\/"},{"@type":"ListItem","position":2,"name":"Sykling"}]},{"@type":"WebSite","@id":"https:\/\/www.campelplanet.com\/no\/#website","url":"https:\/\/www.campelplanet.com\/no\/","name":"Camp El Planet's","description":"The soul of the Costa Blanca","publisher":{"@id":"https:\/\/www.campelplanet.com\/no\/#organization"},"potentialAction":[{"@type":"SearchAction","target":{"@type":"EntryPoint","urlTemplate":"https:\/\/www.campelplanet.com\/no\/?s={search_term_string}"},"query-input":{"@type":"PropertyValueSpecification","valueRequired":true,"valueName":"search_term_string"}}],"inLanguage":"nb-NO"},{"@type":"Organization","@id":"https:\/\/www.campelplanet.com\/no\/#organization","name":"Camp El Planet's","url":"https:\/\/www.campelplanet.com\/no\/","logo":{"@type":"ImageObject","inLanguage":"nb-NO","@id":"https:\/\/www.campelplanet.com\/no\/#\/schema\/logo\/image\/","url":"https:\/\/www.campelplanet.com\/wp-content\/uploads\/2024\/01\/cropped-CampElPlanet_bla.png","contentUrl":"https:\/\/www.campelplanet.com\/wp-content\/uploads\/2024\/01\/cropped-CampElPlanet_bla.png","width":440,"height":256,"caption":"Camp El Planet's"},"image":{"@id":"https:\/\/www.campelplanet.com\/no\/#\/schema\/logo\/image\/"},"sameAs":["https:\/\/www.facebook.com\/campelplanet","https:\/\/www.instagram.com\/campelplanet\/"]}]}},"_links":{"self":[{"href":"https:\/\/www.campelplanet.com\/no\/wp-json\/wp\/v2\/pages\/829","targetHints":{"allow":["GET"]}}],"collection":[{"href":"https:\/\/www.campelplanet.com\/no\/wp-json\/wp\/v2\/pages"}],"about":[{"href":"https:\/\/www.campelplanet.com\/no\/wp-json\/wp\/v2\/types\/page"}],"author":[{"embeddable":true,"href":"https:\/\/www.campelplanet.com\/no\/wp-json\/wp\/v2\/users\/1"}],"replies":[{"embeddable":true,"href":"https:\/\/www.campelplanet.com\/no\/wp-json\/wp\/v2\/comments?post=829"}],"version-history":[{"count":1,"href":"https:\/\/www.campelplanet.com\/no\/wp-json\/wp\/v2\/pages\/829\/revisions"}],"predecessor-version":[{"id":5668,"href":"https:\/\/www.campelplanet.com\/no\/wp-json\/wp\/v2\/pages\/829\/revisions\/5668"}],"wp:featuredmedia":[{"embeddable":true,"href":"https:\/\/www.campelplanet.com\/no\/wp-json\/wp\/v2\/media\/702"}],"wp:attachment":[{"href":"https:\/\/www.campelplanet.com\/no\/wp-json\/wp\/v2\/media?parent=829"}],"curies":[{"name":"wp","href":"https:\/\/api.w.org\/{rel}","templated":true}]}}