{"id":1009,"date":"2024-01-04T04:25:24","date_gmt":"2024-01-04T03:25:24","guid":{"rendered":"https:\/\/www.campelplanet.com\/familias-activas\/"},"modified":"2024-12-23T13:10:39","modified_gmt":"2024-12-23T12:10:39","slug":"aktive-familier","status":"publish","type":"page","link":"https:\/\/www.campelplanet.com\/no\/aktive-familier\/","title":{"rendered":"Aktive familier"},"content":{"rendered":"\t\t<div data-elementor-type=\"wp-page\" data-elementor-id=\"1009\" class=\"elementor elementor-1009 elementor-324\" data-elementor-post-type=\"page\">\n\t\t\t\t\t\t<section class=\"elementor-section elementor-top-section elementor-element elementor-element-19f53f3 elementor-section-boxed elementor-section-height-default elementor-section-height-default\" data-id=\"19f53f3\" data-element_type=\"section\" data-e-type=\"section\" data-settings=\"{&quot;background_background&quot;:&quot;classic&quot;}\">\n\t\t\t\t\t\t<div class=\"elementor-container elementor-column-gap-no\">\n\t\t\t\t\t<div class=\"elementor-column elementor-col-100 elementor-top-column elementor-element elementor-element-eedf244\" data-id=\"eedf244\" data-element_type=\"column\" data-e-type=\"column\">\n\t\t\t<div class=\"elementor-widget-wrap elementor-element-populated\">\n\t\t\t\t\t\t<div class=\"elementor-element elementor-element-72eaeb0 elementor-widget elementor-widget-heading\" data-id=\"72eaeb0\" data-element_type=\"widget\" data-e-type=\"widget\" data-widget_type=\"heading.default\">\n\t\t\t\t\t<h2 class=\"elementor-heading-title elementor-size-default\">Flotte familieaktiviteter<\/h2>\t\t\t\t<\/div>\n\t\t\t\t\t<\/div>\n\t\t<\/div>\n\t\t\t\t\t<\/div>\n\t\t<\/section>\n\t\t<div class=\"elementor-element elementor-element-2a04ba1 e-flex e-con-boxed e-con e-parent\" data-id=\"2a04ba1\" data-element_type=\"container\" data-e-type=\"container\">\n\t\t\t\t\t<div class=\"e-con-inner\">\n\t\t\t\t<div class=\"elementor-element elementor-element-299f2ce elementor-widget elementor-widget-text-editor\" data-id=\"299f2ce\" data-element_type=\"widget\" data-e-type=\"widget\" data-widget_type=\"text-editor.default\">\n\t\t\t\t\t\t\t\t\t<span style=\"color: #000080;\"><strong>Opplev uforglemmelige aktive ferier for familier p\u00e5 Camp El Planet, hvor flotte familieaktiviteter venter b\u00e5de store og sm\u00e5. Hvis du leter etter en pause fra de typiske overfylte strendene og massive hotellene, er dette det perfekte reisem\u00e5let for storfamilier eller vennegrupper. Oppdag en ferie utenom det vanlige med en rekke spennende, flotte familieaktiviteter skreddersydd for \u00e5 skape varige minner. Camp El Planet tilbyr en unik og forfriskende flukt for de som \u00f8nsker en annerledes ferieopplevelse.\n\nCosta Blanca tilbyr et stort antall muligheter for de som leter etter en aktiv ferie. Vi har allerede introdusert en rekke av disse; sykling, fotturer, klatring, golf og lagidretter som fotball og h\u00e5ndball. Det er mange tennisklubber og tennisbaner (b\u00e5de vanlige og padle) i omr\u00e5det, og det er god kapasitet for de som \u00f8nsker \u00e5 sl\u00e5 noen baller. Det er mulighet for ridning og i Busot finner vi Spanias st\u00f8rste og dypeste grottesystem. N\u00e5r det gjelder vannsport er det mange muligheter; seiling, vindsurfing, havkajakkpadling, kitesurfing, padlesurfing og snorkling. Selvsagt er noen av disse aktivitetene ikke egnet for barn under en viss alder.\n\nNedenfor har vi listet opp noen aktiviteter vi tror mange vil synes er interessante. Vi har fors\u00f8kt \u00e5 holde oss unna de \u00e5penbare turistfellene her, men vi foresl\u00e5r likevel at du sjekker nettsidene deres p\u00e5 forh\u00e5nd.\n<ul>\n \t<li>Terra M\u00edtica en Finestrat <strong><em><a style=\"color: #ff6600;\" href=\"http:\/\/(www.terramiticapark.com\/\" target=\"_blank\" rel=\"noopener\">(www.terramiticapark.com)<\/a><\/em>.<\/strong> Gigantisk forn\u00f8yelsespark; inneholder alt fra berg-og-dal-baner til vannsklier. Daily shows, many stores and restaurants. Parken er delt inn i tematiske omr\u00e5der basert p\u00e5 eldgamle store middelhavssivilisasjoner (egyptisk, romersk, gresk og iberisk).<\/li>\n \t<li>The Canelobre Caves in Busot <em><a style=\"color: #ff6600;\" title=\"Cuevas en Busot\" href=\"http:\/\/www.cuevasdecanelobre.com\/\" target=\"_blank\" rel=\"noopener\"><strong>(www.cuevasdecanelobre.com)<\/strong><\/a><\/em>. Enorm og spektakul\u00e6r grotte; spesiell belysning og suveren akustikk gj\u00f8r det ogs\u00e5 interessant sted for konserter.<\/li>\n \t<li>Mundomar i Benidorm <em><strong> <a style=\"color: #ff6600;\" href=\"http:\/\/www.mundomar.es\/\">(www.mundomar.es)<\/a><\/strong><\/em> ; e enorm park med spektakul\u00e6re show av delfiner, sj\u00f8l\u00f8ver og papeg\u00f8yer. Man kan ogs\u00e5 beundre pingviner, flamingoer og skilpadder.<\/li>\n \t<li>Safari Aitana i Pen\u00e2guila <em><strong> <a style=\"color: #ff6600;\" href=\"http:\/\/www.safariaitana.com\/\">(www.safariaitana.com)<\/a><\/strong><\/em> ; safaripark med dyr fra fem kontinenter, inkludert l\u00f8ver, tigre, sjiraffer, elefanter, pantere og mer. Guidede safariturer i et stort dyrelivsreservat.<\/li>\n \t<li>Aqualandia i Benidorm <em><strong> <a style=\"color: #ff6600;\" href=\"http:\/\/www.aqualandia.net\/\">(www.aqualandia.net)<\/a><\/strong><\/em> ; badeland med et bredt spekter av aktiviteter; \u00e5pnet i 1985 og har siden blitt gradvis utvidet; i dag en av de st\u00f8rste i sitt slag globalt; inneholder mange sklier og bassenger. For barn i alle aldre kanskje den morsomste attraksjonen du finner i Spania.<\/li>\n \t<li>Terra Natura i Benidorm <em><strong> <a style=\"color: #ff6600;\" href=\"http:\/\/www.terranatura.com\/\">(www.terranatura.com)<\/a><\/strong><\/em> ; en ny generasjons dyrepark hvor du kommer i kontakt med dyrene som om det ikke var noen barrierer mellom dere \u2013 i hvert fall ingen synlige; 1500 dyr fra 200 forskjellige arter, hvorav 50 er i alvorlig fare for utryddelse.<\/li>\n \t<li>Aqua Natura (ligger n\u00e6r og deler nettside med Terra Natura); inneholder garderober, bassenger, strandbarer og mer enn 1.000 meter med spennende vannrenner og eksklusive badeomr\u00e5der for barn.<\/li>\n \t<li>Mundo Marino <em><a style=\"color: #ff6600;\" title=\"Mundo Marino\" href=\"http:\/\/www.mundomarino.es\/\" target=\"_blank\" rel=\"noopener\"><strong>(www.mundomarino.es)<\/strong><\/a><\/em>; ride in glass bottomed boat showcasing the stunning coastline. Avgang fra Denia, Javea, Calpe og Altea. Tilbyr ogs\u00e5 heldagsturer med m\u00e5ltider om bord.<\/li>\n \t<li>Gokart i Villajoyosa <em><strong> <a style=\"color: #ff6600;\" href=\"http:\/\/www.kartinglavila.es\/\">(www.kartinglavila.es)<\/a> <\/strong><\/em> eller i Finestrat <em><strong> <a style=\"color: #ff6600;\" href=\"http:\/\/www.kartingfinestrat.com\/\">(www.kartingfinestrat.com)<\/a> <\/strong><\/em> . F\u00f8rstnevnte er bedre egnet for de som har et budsjett og uten andre ambisjoner enn \u00e5 ha det g\u00f8y; sistnevnte for de som \u00f8nsker \u00e5 oppleve racing p\u00e5 en av de beste go-cart banene i Europa.<\/li>\n \t<li>Her er en video som gir fugleperspektiv av Costa Blanca <strong>: <a style=\"color: #ff6600;\" title=\"costablanca\" href=\"http:\/\/youtu.be\/35BWVquL3dQ\" target=\"_blank\" rel=\"noopener\">Video av Costa Blanca<\/a> &laquo;<\/strong><\/li>\n<\/ul><\/strong><\/span>\t\t\t\t\t\t\t\t<\/div>\n\t\t\t\t\t<\/div>\n\t\t\t\t<\/div>\n\t\t\t\t<\/div>\n\t\t","protected":false},"excerpt":{"rendered":"<p>Flotte familieaktiviteter Opplev uforglemmelige aktive ferier for familier p\u00e5 Camp El Planet, hvor flotte familieaktiviteter venter b\u00e5de store og sm\u00e5. Hvis du leter etter en pause fra de typiske overfylte strendene og massive hotellene, er dette det perfekte reisem\u00e5let for storfamilier eller vennegrupper. Oppdag en ferie utenom det vanlige med en rekke spennende, flotte familieaktiviteter [&hellip;]<\/p>\n","protected":false},"author":1,"featured_media":0,"parent":0,"menu_order":0,"comment_status":"closed","ping_status":"closed","template":"elementor_header_footer","meta":{"footnotes":""},"class_list":["post-1009","page","type-page","status-publish","hentry"],"yoast_head":"<!-- This site is optimized with the Yoast SEO Premium plugin v27.4 (Yoast SEO v27.4) - https:\/\/yoast.com\/product\/yoast-seo-premium-wordpress\/ -->\n<title>Aktive familier - Camp El Planet<\/title>\n<meta name=\"robots\" content=\"index, follow, max-snippet:-1, max-image-preview:large, max-video-preview:-1\" \/>\n<link rel=\"canonical\" href=\"https:\/\/www.campelplanet.com\/no\/aktive-familier\/\" \/>\n<meta property=\"og:locale\" content=\"nb_NO\" \/>\n<meta property=\"og:type\" content=\"article\" \/>\n<meta property=\"og:title\" content=\"Aktive familier\" \/>\n<meta property=\"og:description\" content=\"Flotte familieaktiviteter Opplev uforglemmelige aktive ferier for familier p\u00e5 Camp El Planet, hvor flotte familieaktiviteter venter b\u00e5de store og sm\u00e5. Hvis du leter etter en pause fra de typiske overfylte strendene og massive hotellene, er dette det perfekte reisem\u00e5let for storfamilier eller vennegrupper. Oppdag en ferie utenom det vanlige med en rekke spennende, flotte familieaktiviteter [&hellip;]\" \/>\n<meta property=\"og:url\" content=\"https:\/\/www.campelplanet.com\/no\/aktive-familier\/\" \/>\n<meta property=\"og:site_name\" content=\"Camp El Planet\" \/>\n<meta property=\"article:publisher\" content=\"https:\/\/www.facebook.com\/campelplanet\" \/>\n<meta property=\"article:modified_time\" content=\"2024-12-23T12:10:39+00:00\" \/>\n<meta name=\"twitter:card\" content=\"summary_large_image\" \/>\n<script type=\"application\/ld+json\" class=\"yoast-schema-graph\">{\"@context\":\"https:\\\/\\\/schema.org\",\"@graph\":[{\"@type\":\"WebPage\",\"@id\":\"https:\\\/\\\/www.campelplanet.com\\\/no\\\/aktive-familier\\\/\",\"url\":\"https:\\\/\\\/www.campelplanet.com\\\/no\\\/aktive-familier\\\/\",\"name\":\"Aktive familier - Camp El Planet\",\"isPartOf\":{\"@id\":\"https:\\\/\\\/www.campelplanet.com\\\/no\\\/#website\"},\"datePublished\":\"2024-01-04T03:25:24+00:00\",\"dateModified\":\"2024-12-23T12:10:39+00:00\",\"breadcrumb\":{\"@id\":\"https:\\\/\\\/www.campelplanet.com\\\/no\\\/aktive-familier\\\/#breadcrumb\"},\"inLanguage\":\"nb-NO\",\"potentialAction\":[{\"@type\":\"ReadAction\",\"target\":[\"https:\\\/\\\/www.campelplanet.com\\\/no\\\/aktive-familier\\\/\"]}]},{\"@type\":\"BreadcrumbList\",\"@id\":\"https:\\\/\\\/www.campelplanet.com\\\/no\\\/aktive-familier\\\/#breadcrumb\",\"itemListElement\":[{\"@type\":\"ListItem\",\"position\":1,\"name\":\"Home\",\"item\":\"https:\\\/\\\/www.campelplanet.com\\\/no\\\/\"},{\"@type\":\"ListItem\",\"position\":2,\"name\":\"Aktive familier\"}]},{\"@type\":\"WebSite\",\"@id\":\"https:\\\/\\\/www.campelplanet.com\\\/no\\\/#website\",\"url\":\"https:\\\/\\\/www.campelplanet.com\\\/no\\\/\",\"name\":\"Camp El Planet's\",\"description\":\"The soul of the Costa Blanca\",\"publisher\":{\"@id\":\"https:\\\/\\\/www.campelplanet.com\\\/no\\\/#organization\"},\"potentialAction\":[{\"@type\":\"SearchAction\",\"target\":{\"@type\":\"EntryPoint\",\"urlTemplate\":\"https:\\\/\\\/www.campelplanet.com\\\/no\\\/?s={search_term_string}\"},\"query-input\":{\"@type\":\"PropertyValueSpecification\",\"valueRequired\":true,\"valueName\":\"search_term_string\"}}],\"inLanguage\":\"nb-NO\"},{\"@type\":\"Organization\",\"@id\":\"https:\\\/\\\/www.campelplanet.com\\\/no\\\/#organization\",\"name\":\"Camp El Planet's\",\"url\":\"https:\\\/\\\/www.campelplanet.com\\\/no\\\/\",\"logo\":{\"@type\":\"ImageObject\",\"inLanguage\":\"nb-NO\",\"@id\":\"https:\\\/\\\/www.campelplanet.com\\\/no\\\/#\\\/schema\\\/logo\\\/image\\\/\",\"url\":\"https:\\\/\\\/www.campelplanet.com\\\/wp-content\\\/uploads\\\/2024\\\/01\\\/cropped-CampElPlanet_bla.png\",\"contentUrl\":\"https:\\\/\\\/www.campelplanet.com\\\/wp-content\\\/uploads\\\/2024\\\/01\\\/cropped-CampElPlanet_bla.png\",\"width\":440,\"height\":256,\"caption\":\"Camp El Planet's\"},\"image\":{\"@id\":\"https:\\\/\\\/www.campelplanet.com\\\/no\\\/#\\\/schema\\\/logo\\\/image\\\/\"},\"sameAs\":[\"https:\\\/\\\/www.facebook.com\\\/campelplanet\",\"https:\\\/\\\/www.instagram.com\\\/campelplanet\\\/\"]}]}<\/script>\n<!-- \/ Yoast SEO Premium plugin. -->","yoast_head_json":{"title":"Aktive familier - Camp El Planet","robots":{"index":"index","follow":"follow","max-snippet":"max-snippet:-1","max-image-preview":"max-image-preview:large","max-video-preview":"max-video-preview:-1"},"canonical":"https:\/\/www.campelplanet.com\/no\/aktive-familier\/","og_locale":"nb_NO","og_type":"article","og_title":"Aktive familier","og_description":"Flotte familieaktiviteter Opplev uforglemmelige aktive ferier for familier p\u00e5 Camp El Planet, hvor flotte familieaktiviteter venter b\u00e5de store og sm\u00e5. Hvis du leter etter en pause fra de typiske overfylte strendene og massive hotellene, er dette det perfekte reisem\u00e5let for storfamilier eller vennegrupper. Oppdag en ferie utenom det vanlige med en rekke spennende, flotte familieaktiviteter [&hellip;]","og_url":"https:\/\/www.campelplanet.com\/no\/aktive-familier\/","og_site_name":"Camp El Planet","article_publisher":"https:\/\/www.facebook.com\/campelplanet","article_modified_time":"2024-12-23T12:10:39+00:00","twitter_card":"summary_large_image","schema":{"@context":"https:\/\/schema.org","@graph":[{"@type":"WebPage","@id":"https:\/\/www.campelplanet.com\/no\/aktive-familier\/","url":"https:\/\/www.campelplanet.com\/no\/aktive-familier\/","name":"Aktive familier - Camp El Planet","isPartOf":{"@id":"https:\/\/www.campelplanet.com\/no\/#website"},"datePublished":"2024-01-04T03:25:24+00:00","dateModified":"2024-12-23T12:10:39+00:00","breadcrumb":{"@id":"https:\/\/www.campelplanet.com\/no\/aktive-familier\/#breadcrumb"},"inLanguage":"nb-NO","potentialAction":[{"@type":"ReadAction","target":["https:\/\/www.campelplanet.com\/no\/aktive-familier\/"]}]},{"@type":"BreadcrumbList","@id":"https:\/\/www.campelplanet.com\/no\/aktive-familier\/#breadcrumb","itemListElement":[{"@type":"ListItem","position":1,"name":"Home","item":"https:\/\/www.campelplanet.com\/no\/"},{"@type":"ListItem","position":2,"name":"Aktive familier"}]},{"@type":"WebSite","@id":"https:\/\/www.campelplanet.com\/no\/#website","url":"https:\/\/www.campelplanet.com\/no\/","name":"Camp El Planet's","description":"The soul of the Costa Blanca","publisher":{"@id":"https:\/\/www.campelplanet.com\/no\/#organization"},"potentialAction":[{"@type":"SearchAction","target":{"@type":"EntryPoint","urlTemplate":"https:\/\/www.campelplanet.com\/no\/?s={search_term_string}"},"query-input":{"@type":"PropertyValueSpecification","valueRequired":true,"valueName":"search_term_string"}}],"inLanguage":"nb-NO"},{"@type":"Organization","@id":"https:\/\/www.campelplanet.com\/no\/#organization","name":"Camp El Planet's","url":"https:\/\/www.campelplanet.com\/no\/","logo":{"@type":"ImageObject","inLanguage":"nb-NO","@id":"https:\/\/www.campelplanet.com\/no\/#\/schema\/logo\/image\/","url":"https:\/\/www.campelplanet.com\/wp-content\/uploads\/2024\/01\/cropped-CampElPlanet_bla.png","contentUrl":"https:\/\/www.campelplanet.com\/wp-content\/uploads\/2024\/01\/cropped-CampElPlanet_bla.png","width":440,"height":256,"caption":"Camp El Planet's"},"image":{"@id":"https:\/\/www.campelplanet.com\/no\/#\/schema\/logo\/image\/"},"sameAs":["https:\/\/www.facebook.com\/campelplanet","https:\/\/www.instagram.com\/campelplanet\/"]}]}},"_links":{"self":[{"href":"https:\/\/www.campelplanet.com\/no\/wp-json\/wp\/v2\/pages\/1009","targetHints":{"allow":["GET"]}}],"collection":[{"href":"https:\/\/www.campelplanet.com\/no\/wp-json\/wp\/v2\/pages"}],"about":[{"href":"https:\/\/www.campelplanet.com\/no\/wp-json\/wp\/v2\/types\/page"}],"author":[{"embeddable":true,"href":"https:\/\/www.campelplanet.com\/no\/wp-json\/wp\/v2\/users\/1"}],"replies":[{"embeddable":true,"href":"https:\/\/www.campelplanet.com\/no\/wp-json\/wp\/v2\/comments?post=1009"}],"version-history":[{"count":1,"href":"https:\/\/www.campelplanet.com\/no\/wp-json\/wp\/v2\/pages\/1009\/revisions"}],"predecessor-version":[{"id":5469,"href":"https:\/\/www.campelplanet.com\/no\/wp-json\/wp\/v2\/pages\/1009\/revisions\/5469"}],"wp:attachment":[{"href":"https:\/\/www.campelplanet.com\/no\/wp-json\/wp\/v2\/media?parent=1009"}],"curies":[{"name":"wp","href":"https:\/\/api.w.org\/{rel}","templated":true}]}}