{"id":985,"date":"2024-01-03T15:13:34","date_gmt":"2024-01-03T14:13:34","guid":{"rendered":"https:\/\/www.campelplanet.com\/retraite-daffaires\/"},"modified":"2024-12-20T08:17:07","modified_gmt":"2024-12-20T07:17:07","slug":"retraite-daffaires","status":"publish","type":"page","link":"https:\/\/www.campelplanet.com\/fr\/retraite-daffaires\/","title":{"rendered":"Retraite d&rsquo;affaires"},"content":{"rendered":"\t\t<div data-elementor-type=\"wp-page\" data-elementor-id=\"985\" class=\"elementor elementor-985 elementor-269\" data-elementor-post-type=\"page\">\n\t\t\t\t\t\t<section class=\"elementor-section elementor-top-section elementor-element elementor-element-1d230e3 elementor-section-boxed elementor-section-height-default elementor-section-height-default\" data-id=\"1d230e3\" data-element_type=\"section\" data-e-type=\"section\" data-settings=\"{&quot;background_background&quot;:&quot;classic&quot;}\">\n\t\t\t\t\t\t\t<div class=\"elementor-background-overlay\"><\/div>\n\t\t\t\t\t\t\t<div class=\"elementor-container elementor-column-gap-no\">\n\t\t\t\t\t<div class=\"elementor-column elementor-col-100 elementor-top-column elementor-element elementor-element-690284a\" data-id=\"690284a\" data-element_type=\"column\" data-e-type=\"column\">\n\t\t\t<div class=\"elementor-widget-wrap elementor-element-populated\">\n\t\t\t\t\t\t\t<\/div>\n\t\t<\/div>\n\t\t\t\t\t<\/div>\n\t\t<\/section>\n\t\t<div class=\"elementor-element elementor-element-75ebf5b e-flex e-con-boxed e-con e-parent\" data-id=\"75ebf5b\" data-element_type=\"container\" data-e-type=\"container\">\n\t\t\t\t\t<div class=\"e-con-inner\">\n\t\t<div class=\"elementor-element elementor-element-e0b5f64 e-con-full e-flex e-con e-child\" data-id=\"e0b5f64\" data-element_type=\"container\" data-e-type=\"container\">\n\t\t\t\t<div class=\"elementor-element elementor-element-a3d1fc6 elementor-widget elementor-widget-image\" data-id=\"a3d1fc6\" data-element_type=\"widget\" data-e-type=\"widget\" data-widget_type=\"image.default\">\n\t\t\t\t\t\t\t\t\t\t\t\t\t\t\t<img fetchpriority=\"high\" decoding=\"async\" width=\"800\" height=\"533\" src=\"https:\/\/www.campelplanet.com\/wp-content\/uploads\/2024\/01\/Aparthotel-El-Camp-Outside-View-9-Fotografo-Nelly-del-Arbo.jpg\" class=\"attachment-large size-large wp-image-2051\" alt=\"\" srcset=\"https:\/\/www.campelplanet.com\/wp-content\/uploads\/2024\/01\/Aparthotel-El-Camp-Outside-View-9-Fotografo-Nelly-del-Arbo.jpg 900w, https:\/\/www.campelplanet.com\/wp-content\/uploads\/2024\/01\/Aparthotel-El-Camp-Outside-View-9-Fotografo-Nelly-del-Arbo-300x200.jpg 300w, https:\/\/www.campelplanet.com\/wp-content\/uploads\/2024\/01\/Aparthotel-El-Camp-Outside-View-9-Fotografo-Nelly-del-Arbo-768x512.jpg 768w\" sizes=\"(max-width: 800px) 100vw, 800px\" \/>\t\t\t\t\t\t\t\t\t\t\t\t\t\t\t<\/div>\n\t\t\t\t<div class=\"elementor-element elementor-element-3e94905 elementor-widget elementor-widget-image\" data-id=\"3e94905\" data-element_type=\"widget\" data-e-type=\"widget\" data-widget_type=\"image.default\">\n\t\t\t\t\t\t\t\t\t\t\t\t\t\t\t<img decoding=\"async\" width=\"800\" height=\"533\" src=\"https:\/\/www.campelplanet.com\/wp-content\/uploads\/2024\/01\/Aparthotel-El-Camp-Outside-View-12-Fotografo-Nelly-del-Arbo.jpg\" class=\"attachment-large size-large wp-image-2057\" alt=\"\" srcset=\"https:\/\/www.campelplanet.com\/wp-content\/uploads\/2024\/01\/Aparthotel-El-Camp-Outside-View-12-Fotografo-Nelly-del-Arbo.jpg 900w, https:\/\/www.campelplanet.com\/wp-content\/uploads\/2024\/01\/Aparthotel-El-Camp-Outside-View-12-Fotografo-Nelly-del-Arbo-300x200.jpg 300w, https:\/\/www.campelplanet.com\/wp-content\/uploads\/2024\/01\/Aparthotel-El-Camp-Outside-View-12-Fotografo-Nelly-del-Arbo-768x512.jpg 768w\" sizes=\"(max-width: 800px) 100vw, 800px\" \/>\t\t\t\t\t\t\t\t\t\t\t\t\t\t\t<\/div>\n\t\t\t\t<\/div>\n\t\t<div class=\"elementor-element elementor-element-3c41d4f e-con-full e-flex e-con e-child\" data-id=\"3c41d4f\" data-element_type=\"container\" data-e-type=\"container\">\n\t\t\t\t<div class=\"elementor-element elementor-element-d1b7c29 elementor-widget elementor-widget-text-editor\" data-id=\"d1b7c29\" data-element_type=\"widget\" data-e-type=\"widget\" id=\"saiful_color\" data-widget_type=\"text-editor.default\">\n\t\t\t\t\t\t\t\t\t<p style=\"padding-left: 40px;\"><span style=\"color: #000080;\"><strong>Retraite d&rsquo;affaires.<br>\n\nCamp el Planet est un endroit id\u00e9al pour les retraites d&rsquo;affaires. De nombreuses entreprises nous ont rendu visite ces derni\u00e8res ann\u00e9es et elles ont toutes plus ou moins r\u00e9alis\u00e9 ce pour quoi elles \u00e9taient venues ici. Certaines entreprises s&rsquo;y rendent \u00e0 des fins de consolidation d&rsquo;\u00e9quipe, d&rsquo;autres pour travailler \u00e0 distance, d&rsquo;autres encore pour leur voyage de r\u00e9compense annuel et d&rsquo;autres encore pour une r\u00e9union de leadership. La majorit\u00e9, cependant, en vient \u00e0 combiner travail et consolidation d\u2019\u00e9quipe ; passer un bon moment et mieux se conna\u00eetre. Compte tenu de la nature de la propri\u00e9t\u00e9 et de son environnement agr\u00e9able, au Camp el Planet, il est facile de trouver l&rsquo;\u00e9quilibre entre consacrer du temps aux t\u00e2ches professionnelles, socialiser, se d\u00e9tendre et s&rsquo;amuser.\n<br><br>\nAvec plus de 300 jours de soleil par an et un climat doux, la r\u00e9gion est excellente pour les activit\u00e9s sportives et de loisirs. C\u2019est probablement une bonne id\u00e9e de consacrer (beaucoup de) temps \u00e0 des activit\u00e9s collectives ou individuelles qui ne sont pas li\u00e9es au travail. Dans la r\u00e9gion, il existe de nombreuses possibilit\u00e9s de faire du v\u00e9lo, de la randonn\u00e9e, du jogging, du golf, du tennis, du paddle et des sports maritimes comme le kayak, le kite et la planche \u00e0 voile.\n<br><br>\nUne simple recherche sur le Web r\u00e9v\u00e9lera \u00e9galement un certain nombre d&rsquo;entreprises locales qui proposent des activit\u00e9s que beaucoup trouveront passionnantes et passionnantes.\n<br><br>\nCamp el Planet peut accueillir confortablement jusqu&rsquo;\u00e0 28 employ\u00e9s avec des lits simples r\u00e9partis dans onze studios et un penthouse. Les repas peuvent \u00eatre pris en charge ou pr\u00e9par\u00e9s par le groupe. La cuisine et la caf\u00e9t\u00e9ria offrent de nombreuses possibilit\u00e9s de restauration ind\u00e9pendante.<\/strong><\/p>\t\t\t\t\t\t\t\t<\/div>\n\t\t\t\t<\/div>\n\t\t\t\t\t<\/div>\n\t\t\t\t<\/div>\n\t\t\t\t<\/div>\n\t\t","protected":false},"excerpt":{"rendered":"<p>Retraite d&rsquo;affaires. Camp el Planet est un endroit id\u00e9al pour les retraites d&rsquo;affaires. De nombreuses entreprises nous ont rendu visite ces derni\u00e8res ann\u00e9es et elles ont toutes plus ou moins r\u00e9alis\u00e9 ce pour quoi elles \u00e9taient venues ici. Certaines entreprises s&rsquo;y rendent \u00e0 des fins de consolidation d&rsquo;\u00e9quipe, d&rsquo;autres pour travailler \u00e0 distance, d&rsquo;autres encore [&hellip;]<\/p>\n","protected":false},"author":1,"featured_media":735,"parent":0,"menu_order":0,"comment_status":"closed","ping_status":"closed","template":"elementor_header_footer","meta":{"footnotes":""},"class_list":["post-985","page","type-page","status-publish","has-post-thumbnail","hentry"],"yoast_head":"<!-- This site is optimized with the Yoast SEO Premium plugin v27.4 (Yoast SEO v27.4) - https:\/\/yoast.com\/product\/yoast-seo-premium-wordpress\/ -->\n<title>Retraite d&#039;affaires - Camp El Planet<\/title>\n<meta name=\"description\" content=\"Les montagnes de la r\u00e9gion ne ressemblent gu\u00e8re \u00e0 l&#039;Himalaya, mais sont n\u00e9anmoins reconnues \u00e0 l&#039;\u00e9chelle internationale...\" \/>\n<meta name=\"robots\" content=\"index, follow, max-snippet:-1, max-image-preview:large, max-video-preview:-1\" \/>\n<link rel=\"canonical\" href=\"https:\/\/www.campelplanet.com\/fr\/retraite-daffaires\/\" \/>\n<meta property=\"og:locale\" content=\"fr_FR\" \/>\n<meta property=\"og:type\" content=\"article\" \/>\n<meta property=\"og:title\" content=\"Retraite d&#039;affaires\" \/>\n<meta property=\"og:description\" content=\"Les montagnes de la r\u00e9gion ne ressemblent gu\u00e8re \u00e0 l&#039;Himalaya, mais sont n\u00e9anmoins reconnues \u00e0 l&#039;\u00e9chelle internationale...\" \/>\n<meta property=\"og:url\" content=\"https:\/\/www.campelplanet.com\/fr\/retraite-daffaires\/\" \/>\n<meta property=\"og:site_name\" content=\"Camp El Planet\" \/>\n<meta property=\"article:publisher\" content=\"https:\/\/www.facebook.com\/campelplanet\" \/>\n<meta property=\"article:modified_time\" content=\"2024-12-20T07:17:07+00:00\" \/>\n<meta property=\"og:image\" content=\"https:\/\/www.campelplanet.com\/wp-content\/uploads\/2024\/01\/pexels-gaurav-rawat-17905660-scaled.jpg\" \/>\n\t<meta property=\"og:image:width\" content=\"1920\" \/>\n\t<meta property=\"og:image:height\" content=\"2560\" \/>\n\t<meta property=\"og:image:type\" content=\"image\/jpeg\" \/>\n<meta name=\"twitter:card\" content=\"summary_large_image\" \/>\n<script type=\"application\/ld+json\" class=\"yoast-schema-graph\">{\"@context\":\"https:\\\/\\\/schema.org\",\"@graph\":[{\"@type\":\"WebPage\",\"@id\":\"https:\\\/\\\/www.campelplanet.com\\\/fr\\\/retraite-daffaires\\\/\",\"url\":\"https:\\\/\\\/www.campelplanet.com\\\/fr\\\/retraite-daffaires\\\/\",\"name\":\"Retraite d'affaires - Camp El Planet\",\"isPartOf\":{\"@id\":\"https:\\\/\\\/www.campelplanet.com\\\/fr\\\/#website\"},\"primaryImageOfPage\":{\"@id\":\"https:\\\/\\\/www.campelplanet.com\\\/fr\\\/retraite-daffaires\\\/#primaryimage\"},\"image\":{\"@id\":\"https:\\\/\\\/www.campelplanet.com\\\/fr\\\/retraite-daffaires\\\/#primaryimage\"},\"thumbnailUrl\":\"https:\\\/\\\/www.campelplanet.com\\\/wp-content\\\/uploads\\\/2024\\\/01\\\/pexels-gaurav-rawat-17905660-scaled.jpg\",\"datePublished\":\"2024-01-03T14:13:34+00:00\",\"dateModified\":\"2024-12-20T07:17:07+00:00\",\"description\":\"Les montagnes de la r\u00e9gion ne ressemblent gu\u00e8re \u00e0 l'Himalaya, mais sont n\u00e9anmoins reconnues \u00e0 l'\u00e9chelle internationale...\",\"breadcrumb\":{\"@id\":\"https:\\\/\\\/www.campelplanet.com\\\/fr\\\/retraite-daffaires\\\/#breadcrumb\"},\"inLanguage\":\"fr-FR\",\"potentialAction\":[{\"@type\":\"ReadAction\",\"target\":[\"https:\\\/\\\/www.campelplanet.com\\\/fr\\\/retraite-daffaires\\\/\"]}]},{\"@type\":\"ImageObject\",\"inLanguage\":\"fr-FR\",\"@id\":\"https:\\\/\\\/www.campelplanet.com\\\/fr\\\/retraite-daffaires\\\/#primaryimage\",\"url\":\"https:\\\/\\\/www.campelplanet.com\\\/wp-content\\\/uploads\\\/2024\\\/01\\\/pexels-gaurav-rawat-17905660-scaled.jpg\",\"contentUrl\":\"https:\\\/\\\/www.campelplanet.com\\\/wp-content\\\/uploads\\\/2024\\\/01\\\/pexels-gaurav-rawat-17905660-scaled.jpg\",\"width\":1920,\"height\":2560,\"caption\":\"Business Retreat\"},{\"@type\":\"BreadcrumbList\",\"@id\":\"https:\\\/\\\/www.campelplanet.com\\\/fr\\\/retraite-daffaires\\\/#breadcrumb\",\"itemListElement\":[{\"@type\":\"ListItem\",\"position\":1,\"name\":\"Home\",\"item\":\"https:\\\/\\\/www.campelplanet.com\\\/fr\\\/\"},{\"@type\":\"ListItem\",\"position\":2,\"name\":\"Retraite d&#8217;affaires\"}]},{\"@type\":\"WebSite\",\"@id\":\"https:\\\/\\\/www.campelplanet.com\\\/fr\\\/#website\",\"url\":\"https:\\\/\\\/www.campelplanet.com\\\/fr\\\/\",\"name\":\"Camp El Planet's\",\"description\":\"The soul of the Costa Blanca\",\"publisher\":{\"@id\":\"https:\\\/\\\/www.campelplanet.com\\\/fr\\\/#organization\"},\"potentialAction\":[{\"@type\":\"SearchAction\",\"target\":{\"@type\":\"EntryPoint\",\"urlTemplate\":\"https:\\\/\\\/www.campelplanet.com\\\/fr\\\/?s={search_term_string}\"},\"query-input\":{\"@type\":\"PropertyValueSpecification\",\"valueRequired\":true,\"valueName\":\"search_term_string\"}}],\"inLanguage\":\"fr-FR\"},{\"@type\":\"Organization\",\"@id\":\"https:\\\/\\\/www.campelplanet.com\\\/fr\\\/#organization\",\"name\":\"Camp El Planet's\",\"url\":\"https:\\\/\\\/www.campelplanet.com\\\/fr\\\/\",\"logo\":{\"@type\":\"ImageObject\",\"inLanguage\":\"fr-FR\",\"@id\":\"https:\\\/\\\/www.campelplanet.com\\\/fr\\\/#\\\/schema\\\/logo\\\/image\\\/\",\"url\":\"https:\\\/\\\/www.campelplanet.com\\\/wp-content\\\/uploads\\\/2024\\\/01\\\/cropped-CampElPlanet_bla.png\",\"contentUrl\":\"https:\\\/\\\/www.campelplanet.com\\\/wp-content\\\/uploads\\\/2024\\\/01\\\/cropped-CampElPlanet_bla.png\",\"width\":440,\"height\":256,\"caption\":\"Camp El Planet's\"},\"image\":{\"@id\":\"https:\\\/\\\/www.campelplanet.com\\\/fr\\\/#\\\/schema\\\/logo\\\/image\\\/\"},\"sameAs\":[\"https:\\\/\\\/www.facebook.com\\\/campelplanet\",\"https:\\\/\\\/www.instagram.com\\\/campelplanet\\\/\"]}]}<\/script>\n<!-- \/ Yoast SEO Premium plugin. -->","yoast_head_json":{"title":"Retraite d'affaires - Camp El Planet","description":"Les montagnes de la r\u00e9gion ne ressemblent gu\u00e8re \u00e0 l'Himalaya, mais sont n\u00e9anmoins reconnues \u00e0 l'\u00e9chelle internationale...","robots":{"index":"index","follow":"follow","max-snippet":"max-snippet:-1","max-image-preview":"max-image-preview:large","max-video-preview":"max-video-preview:-1"},"canonical":"https:\/\/www.campelplanet.com\/fr\/retraite-daffaires\/","og_locale":"fr_FR","og_type":"article","og_title":"Retraite d'affaires","og_description":"Les montagnes de la r\u00e9gion ne ressemblent gu\u00e8re \u00e0 l'Himalaya, mais sont n\u00e9anmoins reconnues \u00e0 l'\u00e9chelle internationale...","og_url":"https:\/\/www.campelplanet.com\/fr\/retraite-daffaires\/","og_site_name":"Camp El Planet","article_publisher":"https:\/\/www.facebook.com\/campelplanet","article_modified_time":"2024-12-20T07:17:07+00:00","og_image":[{"width":1920,"height":2560,"url":"https:\/\/www.campelplanet.com\/wp-content\/uploads\/2024\/01\/pexels-gaurav-rawat-17905660-scaled.jpg","type":"image\/jpeg"}],"twitter_card":"summary_large_image","schema":{"@context":"https:\/\/schema.org","@graph":[{"@type":"WebPage","@id":"https:\/\/www.campelplanet.com\/fr\/retraite-daffaires\/","url":"https:\/\/www.campelplanet.com\/fr\/retraite-daffaires\/","name":"Retraite d'affaires - Camp El Planet","isPartOf":{"@id":"https:\/\/www.campelplanet.com\/fr\/#website"},"primaryImageOfPage":{"@id":"https:\/\/www.campelplanet.com\/fr\/retraite-daffaires\/#primaryimage"},"image":{"@id":"https:\/\/www.campelplanet.com\/fr\/retraite-daffaires\/#primaryimage"},"thumbnailUrl":"https:\/\/www.campelplanet.com\/wp-content\/uploads\/2024\/01\/pexels-gaurav-rawat-17905660-scaled.jpg","datePublished":"2024-01-03T14:13:34+00:00","dateModified":"2024-12-20T07:17:07+00:00","description":"Les montagnes de la r\u00e9gion ne ressemblent gu\u00e8re \u00e0 l'Himalaya, mais sont n\u00e9anmoins reconnues \u00e0 l'\u00e9chelle internationale...","breadcrumb":{"@id":"https:\/\/www.campelplanet.com\/fr\/retraite-daffaires\/#breadcrumb"},"inLanguage":"fr-FR","potentialAction":[{"@type":"ReadAction","target":["https:\/\/www.campelplanet.com\/fr\/retraite-daffaires\/"]}]},{"@type":"ImageObject","inLanguage":"fr-FR","@id":"https:\/\/www.campelplanet.com\/fr\/retraite-daffaires\/#primaryimage","url":"https:\/\/www.campelplanet.com\/wp-content\/uploads\/2024\/01\/pexels-gaurav-rawat-17905660-scaled.jpg","contentUrl":"https:\/\/www.campelplanet.com\/wp-content\/uploads\/2024\/01\/pexels-gaurav-rawat-17905660-scaled.jpg","width":1920,"height":2560,"caption":"Business Retreat"},{"@type":"BreadcrumbList","@id":"https:\/\/www.campelplanet.com\/fr\/retraite-daffaires\/#breadcrumb","itemListElement":[{"@type":"ListItem","position":1,"name":"Home","item":"https:\/\/www.campelplanet.com\/fr\/"},{"@type":"ListItem","position":2,"name":"Retraite d&#8217;affaires"}]},{"@type":"WebSite","@id":"https:\/\/www.campelplanet.com\/fr\/#website","url":"https:\/\/www.campelplanet.com\/fr\/","name":"Camp El Planet's","description":"The soul of the Costa Blanca","publisher":{"@id":"https:\/\/www.campelplanet.com\/fr\/#organization"},"potentialAction":[{"@type":"SearchAction","target":{"@type":"EntryPoint","urlTemplate":"https:\/\/www.campelplanet.com\/fr\/?s={search_term_string}"},"query-input":{"@type":"PropertyValueSpecification","valueRequired":true,"valueName":"search_term_string"}}],"inLanguage":"fr-FR"},{"@type":"Organization","@id":"https:\/\/www.campelplanet.com\/fr\/#organization","name":"Camp El Planet's","url":"https:\/\/www.campelplanet.com\/fr\/","logo":{"@type":"ImageObject","inLanguage":"fr-FR","@id":"https:\/\/www.campelplanet.com\/fr\/#\/schema\/logo\/image\/","url":"https:\/\/www.campelplanet.com\/wp-content\/uploads\/2024\/01\/cropped-CampElPlanet_bla.png","contentUrl":"https:\/\/www.campelplanet.com\/wp-content\/uploads\/2024\/01\/cropped-CampElPlanet_bla.png","width":440,"height":256,"caption":"Camp El Planet's"},"image":{"@id":"https:\/\/www.campelplanet.com\/fr\/#\/schema\/logo\/image\/"},"sameAs":["https:\/\/www.facebook.com\/campelplanet","https:\/\/www.instagram.com\/campelplanet\/"]}]}},"_links":{"self":[{"href":"https:\/\/www.campelplanet.com\/fr\/wp-json\/wp\/v2\/pages\/985","targetHints":{"allow":["GET"]}}],"collection":[{"href":"https:\/\/www.campelplanet.com\/fr\/wp-json\/wp\/v2\/pages"}],"about":[{"href":"https:\/\/www.campelplanet.com\/fr\/wp-json\/wp\/v2\/types\/page"}],"author":[{"embeddable":true,"href":"https:\/\/www.campelplanet.com\/fr\/wp-json\/wp\/v2\/users\/1"}],"replies":[{"embeddable":true,"href":"https:\/\/www.campelplanet.com\/fr\/wp-json\/wp\/v2\/comments?post=985"}],"version-history":[{"count":1,"href":"https:\/\/www.campelplanet.com\/fr\/wp-json\/wp\/v2\/pages\/985\/revisions"}],"predecessor-version":[{"id":5195,"href":"https:\/\/www.campelplanet.com\/fr\/wp-json\/wp\/v2\/pages\/985\/revisions\/5195"}],"wp:featuredmedia":[{"embeddable":true,"href":"https:\/\/www.campelplanet.com\/fr\/wp-json\/wp\/v2\/media\/735"}],"wp:attachment":[{"href":"https:\/\/www.campelplanet.com\/fr\/wp-json\/wp\/v2\/media?parent=985"}],"curies":[{"name":"wp","href":"https:\/\/api.w.org\/{rel}","templated":true}]}}