{"id":953,"date":"2024-01-02T09:31:33","date_gmt":"2024-01-02T08:31:33","guid":{"rendered":"https:\/\/www.campelplanet.com\/a-propos-de-nous\/"},"modified":"2024-12-20T06:52:36","modified_gmt":"2024-12-20T05:52:36","slug":"a-propos-de-nous","status":"publish","type":"page","link":"https:\/\/www.campelplanet.com\/fr\/a-propos-de-nous\/","title":{"rendered":"\u00c0 propos de nous"},"content":{"rendered":"\t\t<div data-elementor-type=\"wp-page\" data-elementor-id=\"953\" class=\"elementor elementor-953 elementor-96\" data-elementor-post-type=\"page\">\n\t\t\t\t\t\t<section class=\"elementor-section elementor-top-section elementor-element elementor-element-3e49381b elementor-section-boxed elementor-section-height-default elementor-section-height-default\" data-id=\"3e49381b\" data-element_type=\"section\" data-e-type=\"section\" data-settings=\"{&quot;background_background&quot;:&quot;classic&quot;}\">\n\t\t\t\t\t\t\t<div class=\"elementor-background-overlay\"><\/div>\n\t\t\t\t\t\t\t<div class=\"elementor-container elementor-column-gap-no\">\n\t\t\t\t\t<div class=\"elementor-column elementor-col-100 elementor-top-column elementor-element elementor-element-7465c58f\" data-id=\"7465c58f\" data-element_type=\"column\" data-e-type=\"column\">\n\t\t\t<div class=\"elementor-widget-wrap elementor-element-populated\">\n\t\t\t\t\t\t<div class=\"elementor-element elementor-element-568cbc15 elementor-widget elementor-widget-heading\" data-id=\"568cbc15\" data-element_type=\"widget\" data-e-type=\"widget\" data-widget_type=\"heading.default\">\n\t\t\t\t\t<h2 class=\"elementor-heading-title elementor-size-default\">\u00c0 propos de nous<\/h2>\t\t\t\t<\/div>\n\t\t\t\t\t<\/div>\n\t\t<\/div>\n\t\t\t\t\t<\/div>\n\t\t<\/section>\n\t\t\t\t<section class=\"elementor-section elementor-top-section elementor-element elementor-element-d8047a7 elementor-section-boxed elementor-section-height-default elementor-section-height-default\" data-id=\"d8047a7\" data-element_type=\"section\" data-e-type=\"section\">\n\t\t\t\t\t\t<div class=\"elementor-container elementor-column-gap-no\">\n\t\t\t\t\t<div class=\"elementor-column elementor-col-50 elementor-top-column elementor-element elementor-element-4dbcf21 elementor-hidden-phone\" data-id=\"4dbcf21\" data-element_type=\"column\" data-e-type=\"column\">\n\t\t\t<div class=\"elementor-widget-wrap elementor-element-populated\">\n\t\t\t\t\t\t<div class=\"elementor-element elementor-element-8d7e1c3 elementor-widget__width-initial elementor-widget elementor-widget-gallery\" data-id=\"8d7e1c3\" data-element_type=\"widget\" data-e-type=\"widget\" data-settings=\"{&quot;columns&quot;:2,&quot;gap&quot;:{&quot;unit&quot;:&quot;px&quot;,&quot;size&quot;:12,&quot;sizes&quot;:[]},&quot;gallery_layout&quot;:&quot;grid&quot;,&quot;columns_tablet&quot;:2,&quot;columns_mobile&quot;:1,&quot;gap_tablet&quot;:{&quot;unit&quot;:&quot;px&quot;,&quot;size&quot;:10,&quot;sizes&quot;:[]},&quot;gap_mobile&quot;:{&quot;unit&quot;:&quot;px&quot;,&quot;size&quot;:10,&quot;sizes&quot;:[]},&quot;link_to&quot;:&quot;file&quot;,&quot;aspect_ratio&quot;:&quot;3:2&quot;,&quot;overlay_background&quot;:&quot;yes&quot;,&quot;content_hover_animation&quot;:&quot;fade-in&quot;}\" data-widget_type=\"gallery.default\">\n\t\t\t\t\t\t\t<div class=\"elementor-gallery__container\">\n\t\t\t\t\t\t\t<a class=\"e-gallery-item elementor-gallery-item elementor-animated-content\" href=\"https:\/\/www.campelplanet.com\/wp-content\/uploads\/2024\/12\/untitled-1-scaled-1.webp\" data-elementor-open-lightbox=\"yes\" data-elementor-lightbox-slideshow=\"8d7e1c3\" data-elementor-lightbox-title=\"untitled-1-scaled.webp\" data-e-action-hash=\"#elementor-action%3Aaction%3Dlightbox%26settings%3DeyJpZCI6NDY3NSwidXJsIjoiaHR0cHM6XC9cL3d3dy5jYW1wZWxwbGFuZXQuY29tXC93cC1jb250ZW50XC91cGxvYWRzXC8yMDI0XC8xMlwvdW50aXRsZWQtMS1zY2FsZWQtMS53ZWJwIiwic2xpZGVzaG93IjoiOGQ3ZTFjMyJ9\">\n\t\t\t\t\t<div class=\"e-gallery-image elementor-gallery-item__image\" data-thumbnail=\"https:\/\/www.campelplanet.com\/wp-content\/uploads\/2024\/12\/untitled-1-scaled-1.webp\" data-width=\"1920\" data-height=\"1280\" aria-label=\"\" role=\"img\" ><\/div>\n\t\t\t\t\t\t\t\t\t\t\t<div class=\"elementor-gallery-item__overlay\"><\/div>\n\t\t\t\t\t\t\t\t\t\t\t\t\t\t<\/a>\n\t\t\t\t\t\t\t<a class=\"e-gallery-item elementor-gallery-item elementor-animated-content\" href=\"https:\/\/www.campelplanet.com\/wp-content\/uploads\/2024\/12\/20221228_142405-scaled-1.webp\" data-elementor-open-lightbox=\"yes\" data-elementor-lightbox-slideshow=\"8d7e1c3\" data-elementor-lightbox-title=\"20221228_142405-scaled.webp\" data-e-action-hash=\"#elementor-action%3Aaction%3Dlightbox%26settings%3DeyJpZCI6NDY4MSwidXJsIjoiaHR0cHM6XC9cL3d3dy5jYW1wZWxwbGFuZXQuY29tXC93cC1jb250ZW50XC91cGxvYWRzXC8yMDI0XC8xMlwvMjAyMjEyMjhfMTQyNDA1LXNjYWxlZC0xLndlYnAiLCJzbGlkZXNob3ciOiI4ZDdlMWMzIn0%3D\">\n\t\t\t\t\t<div class=\"e-gallery-image elementor-gallery-item__image\" data-thumbnail=\"https:\/\/www.campelplanet.com\/wp-content\/uploads\/2024\/12\/20221228_142405-scaled-1.webp\" data-width=\"1920\" data-height=\"1440\" aria-label=\"\" role=\"img\" ><\/div>\n\t\t\t\t\t\t\t\t\t\t\t<div class=\"elementor-gallery-item__overlay\"><\/div>\n\t\t\t\t\t\t\t\t\t\t\t\t\t\t<\/a>\n\t\t\t\t\t\t\t<a class=\"e-gallery-item elementor-gallery-item elementor-animated-content\" href=\"https:\/\/www.campelplanet.com\/wp-content\/uploads\/2024\/12\/20211116_130657-scaled-1.jpg\" data-elementor-open-lightbox=\"yes\" data-elementor-lightbox-slideshow=\"8d7e1c3\" data-elementor-lightbox-title=\"20211116_130657-scaled.jpg\" data-e-action-hash=\"#elementor-action%3Aaction%3Dlightbox%26settings%3DeyJpZCI6NDY4NywidXJsIjoiaHR0cHM6XC9cL3d3dy5jYW1wZWxwbGFuZXQuY29tXC93cC1jb250ZW50XC91cGxvYWRzXC8yMDI0XC8xMlwvMjAyMTExMTZfMTMwNjU3LXNjYWxlZC0xLmpwZyIsInNsaWRlc2hvdyI6IjhkN2UxYzMifQ%3D%3D\">\n\t\t\t\t\t<div class=\"e-gallery-image elementor-gallery-item__image\" data-thumbnail=\"https:\/\/www.campelplanet.com\/wp-content\/uploads\/2024\/12\/20211116_130657-scaled-1.jpg\" data-width=\"2560\" data-height=\"1920\" aria-label=\"\" role=\"img\" ><\/div>\n\t\t\t\t\t\t\t\t\t\t\t<div class=\"elementor-gallery-item__overlay\"><\/div>\n\t\t\t\t\t\t\t\t\t\t\t\t\t\t<\/a>\n\t\t\t\t\t\t\t<a class=\"e-gallery-item elementor-gallery-item elementor-animated-content\" href=\"https:\/\/www.campelplanet.com\/wp-content\/uploads\/2024\/12\/Messenger_creation_96A616E0-0F17-4F82-B9A1-6E3FFAB907AD.webp\" data-elementor-open-lightbox=\"yes\" data-elementor-lightbox-slideshow=\"8d7e1c3\" data-elementor-lightbox-title=\"Messenger_creation_96A616E0-0F17-4F82-B9A1-6E3FFAB907AD.webp\" data-e-action-hash=\"#elementor-action%3Aaction%3Dlightbox%26settings%3DeyJpZCI6NDY5MywidXJsIjoiaHR0cHM6XC9cL3d3dy5jYW1wZWxwbGFuZXQuY29tXC93cC1jb250ZW50XC91cGxvYWRzXC8yMDI0XC8xMlwvTWVzc2VuZ2VyX2NyZWF0aW9uXzk2QTYxNkUwLTBGMTctNEY4Mi1COUExLTZFM0ZGQUI5MDdBRC53ZWJwIiwic2xpZGVzaG93IjoiOGQ3ZTFjMyJ9\">\n\t\t\t\t\t<div class=\"e-gallery-image elementor-gallery-item__image\" data-thumbnail=\"https:\/\/www.campelplanet.com\/wp-content\/uploads\/2024\/12\/Messenger_creation_96A616E0-0F17-4F82-B9A1-6E3FFAB907AD.webp\" data-width=\"768\" data-height=\"1024\" aria-label=\"\" role=\"img\" ><\/div>\n\t\t\t\t\t\t\t\t\t\t\t<div class=\"elementor-gallery-item__overlay\"><\/div>\n\t\t\t\t\t\t\t\t\t\t\t\t\t\t<\/a>\n\t\t\t\t\t\t\t<a class=\"e-gallery-item elementor-gallery-item elementor-animated-content\" href=\"https:\/\/www.campelplanet.com\/wp-content\/uploads\/2024\/12\/untitled-37-scaled-1.webp\" data-elementor-open-lightbox=\"yes\" data-elementor-lightbox-slideshow=\"8d7e1c3\" data-elementor-lightbox-title=\"untitled-37-scaled.webp\" data-e-action-hash=\"#elementor-action%3Aaction%3Dlightbox%26settings%3DeyJpZCI6NDY5OSwidXJsIjoiaHR0cHM6XC9cL3d3dy5jYW1wZWxwbGFuZXQuY29tXC93cC1jb250ZW50XC91cGxvYWRzXC8yMDI0XC8xMlwvdW50aXRsZWQtMzctc2NhbGVkLTEud2VicCIsInNsaWRlc2hvdyI6IjhkN2UxYzMifQ%3D%3D\">\n\t\t\t\t\t<div class=\"e-gallery-image elementor-gallery-item__image\" data-thumbnail=\"https:\/\/www.campelplanet.com\/wp-content\/uploads\/2024\/12\/untitled-37-scaled-1.webp\" data-width=\"1920\" data-height=\"1280\" aria-label=\"\" role=\"img\" ><\/div>\n\t\t\t\t\t\t\t\t\t\t\t<div class=\"elementor-gallery-item__overlay\"><\/div>\n\t\t\t\t\t\t\t\t\t\t\t\t\t\t<\/a>\n\t\t\t\t\t<\/div>\n\t\t\t\t\t<\/div>\n\t\t\t\t\t<\/div>\n\t\t<\/div>\n\t\t\t\t<div class=\"elementor-column elementor-col-50 elementor-top-column elementor-element elementor-element-621dcd4\" data-id=\"621dcd4\" data-element_type=\"column\" data-e-type=\"column\">\n\t\t\t<div class=\"elementor-widget-wrap elementor-element-populated\">\n\t\t\t\t\t\t<section class=\"elementor-section elementor-inner-section elementor-element elementor-element-2234359 elementor-section-boxed elementor-section-height-default elementor-section-height-default\" data-id=\"2234359\" data-element_type=\"section\" data-e-type=\"section\">\n\t\t\t\t\t\t<div class=\"elementor-container elementor-column-gap-no\">\n\t\t\t\t\t<div class=\"elementor-column elementor-col-100 elementor-inner-column elementor-element elementor-element-27a5bec\" data-id=\"27a5bec\" data-element_type=\"column\" data-e-type=\"column\" data-settings=\"{&quot;background_background&quot;:&quot;classic&quot;}\">\n\t\t\t<div class=\"elementor-widget-wrap elementor-element-populated\">\n\t\t\t\t\t\t<div class=\"elementor-element elementor-element-15b4ee2 elementor-widget elementor-widget-text-editor\" data-id=\"15b4ee2\" data-element_type=\"widget\" data-e-type=\"widget\" data-widget_type=\"text-editor.default\">\n\t\t\t\t\t\t\t\t\t<span style=\"color: #000080;\"><strong><a style=\"color: #000080;\" href=\"https:\/\/www.campelplanet.com\/\">Camp El Planet SL<\/a> est d\u00e9tenu et g\u00e9r\u00e9 par une \u00e9quipe norv\u00e9gienne mari et femme ; Elin Svennevik et Erik Nielsen. Elin est dipl\u00f4m\u00e9e de l&rsquo;\u00c9cole de gestion d&rsquo;Oslo (marketing) et travaille \u00e0 son compte en tant qu&rsquo;architecte d&rsquo;int\u00e9rieur depuis 2003. Avant cela, elle \u00e9tait responsable marketing pour diverses entreprises en Norv\u00e8ge. Erik est titulaire d&rsquo;un BS et d&rsquo;un MBA de l&rsquo;Universit\u00e9 de San Francisco et est directeur financier de plusieurs entreprises internationales depuis environ 25 ans.\n\n\nElin et Erik sont tous deux impliqu\u00e9s dans le sport depuis leur enfance ; Elin s&rsquo;occupe principalement du handball et de l&rsquo;athl\u00e9tisme et Erik du football et du handball. Nous partageons \u00e9galement un fort int\u00e9r\u00eat pour le plein air et passons beaucoup de temps dans les bois, les <a href=\"https:\/\/en.wikipedia.org\/wiki\/Mountain\">montagnes<\/a> et les champs.<\/strong><\/span>\t\t\t\t\t\t\t\t<\/div>\n\t\t\t\t\t<\/div>\n\t\t<\/div>\n\t\t\t\t\t<\/div>\n\t\t<\/section>\n\t\t\t\t\t<\/div>\n\t\t<\/div>\n\t\t\t\t\t<\/div>\n\t\t<\/section>\n\t\t\t\t<\/div>\n\t\t","protected":false},"excerpt":{"rendered":"<p>\u00c0 propos de nous Camp El Planet SL est d\u00e9tenu et g\u00e9r\u00e9 par une \u00e9quipe norv\u00e9gienne mari et femme ; Elin Svennevik et Erik Nielsen. Elin est dipl\u00f4m\u00e9e de l&rsquo;\u00c9cole de gestion d&rsquo;Oslo (marketing) et travaille \u00e0 son compte en tant qu&rsquo;architecte d&rsquo;int\u00e9rieur depuis 2003. Avant cela, elle \u00e9tait responsable marketing pour diverses entreprises en [&hellip;]<\/p>\n","protected":false},"author":1,"featured_media":655,"parent":0,"menu_order":0,"comment_status":"closed","ping_status":"closed","template":"elementor_header_footer","meta":{"footnotes":""},"class_list":["post-953","page","type-page","status-publish","has-post-thumbnail","hentry"],"yoast_head":"<!-- This site is optimized with the Yoast SEO Premium plugin v27.4 (Yoast SEO v27.4) - https:\/\/yoast.com\/product\/yoast-seo-premium-wordpress\/ -->\n<title>\u00c0 propos de nous - Camp El Planet<\/title>\n<meta name=\"description\" content=\"Au Camp El Planet SL, la fusion harmonieuse des talents d&#039;Elin et d&#039;Erik cr\u00e9e un environnement accueillant, avec un accent particulier sur les retraites de groupe.\" \/>\n<meta name=\"robots\" content=\"index, follow, max-snippet:-1, max-image-preview:large, max-video-preview:-1\" \/>\n<link rel=\"canonical\" href=\"https:\/\/www.campelplanet.com\/fr\/a-propos-de-nous\/\" \/>\n<meta property=\"og:locale\" content=\"fr_FR\" \/>\n<meta property=\"og:type\" content=\"article\" \/>\n<meta property=\"og:title\" content=\"\u00c0 propos de nous\" \/>\n<meta property=\"og:description\" content=\"Au Camp El Planet SL, la fusion harmonieuse des talents d&#039;Elin et d&#039;Erik cr\u00e9e un environnement accueillant, avec un accent particulier sur les retraites de groupe.\" \/>\n<meta property=\"og:url\" content=\"https:\/\/www.campelplanet.com\/fr\/a-propos-de-nous\/\" \/>\n<meta property=\"og:site_name\" content=\"Camp El Planet\" \/>\n<meta property=\"article:publisher\" content=\"https:\/\/www.facebook.com\/campelplanet\" \/>\n<meta property=\"article:modified_time\" content=\"2024-12-20T05:52:36+00:00\" \/>\n<meta property=\"og:image\" content=\"https:\/\/www.campelplanet.com\/wp-content\/uploads\/2024\/01\/59401764_2346111855605583_7607203962520862720_n.jpg\" \/>\n\t<meta property=\"og:image:width\" content=\"1080\" \/>\n\t<meta property=\"og:image:height\" content=\"1078\" \/>\n\t<meta property=\"og:image:type\" content=\"image\/jpeg\" \/>\n<meta name=\"twitter:card\" content=\"summary_large_image\" \/>\n<script type=\"application\/ld+json\" class=\"yoast-schema-graph\">{\"@context\":\"https:\\\/\\\/schema.org\",\"@graph\":[{\"@type\":\"WebPage\",\"@id\":\"https:\\\/\\\/www.campelplanet.com\\\/fr\\\/a-propos-de-nous\\\/\",\"url\":\"https:\\\/\\\/www.campelplanet.com\\\/fr\\\/a-propos-de-nous\\\/\",\"name\":\"\u00c0 propos de nous - Camp El Planet\",\"isPartOf\":{\"@id\":\"https:\\\/\\\/www.campelplanet.com\\\/fr\\\/#website\"},\"primaryImageOfPage\":{\"@id\":\"https:\\\/\\\/www.campelplanet.com\\\/fr\\\/a-propos-de-nous\\\/#primaryimage\"},\"image\":{\"@id\":\"https:\\\/\\\/www.campelplanet.com\\\/fr\\\/a-propos-de-nous\\\/#primaryimage\"},\"thumbnailUrl\":\"https:\\\/\\\/www.campelplanet.com\\\/wp-content\\\/uploads\\\/2024\\\/01\\\/59401764_2346111855605583_7607203962520862720_n.jpg\",\"datePublished\":\"2024-01-02T08:31:33+00:00\",\"dateModified\":\"2024-12-20T05:52:36+00:00\",\"description\":\"Au Camp El Planet SL, la fusion harmonieuse des talents d'Elin et d'Erik cr\u00e9e un environnement accueillant, avec un accent particulier sur les retraites de groupe.\",\"breadcrumb\":{\"@id\":\"https:\\\/\\\/www.campelplanet.com\\\/fr\\\/a-propos-de-nous\\\/#breadcrumb\"},\"inLanguage\":\"fr-FR\",\"potentialAction\":[{\"@type\":\"ReadAction\",\"target\":[\"https:\\\/\\\/www.campelplanet.com\\\/fr\\\/a-propos-de-nous\\\/\"]}]},{\"@type\":\"ImageObject\",\"inLanguage\":\"fr-FR\",\"@id\":\"https:\\\/\\\/www.campelplanet.com\\\/fr\\\/a-propos-de-nous\\\/#primaryimage\",\"url\":\"https:\\\/\\\/www.campelplanet.com\\\/wp-content\\\/uploads\\\/2024\\\/01\\\/59401764_2346111855605583_7607203962520862720_n.jpg\",\"contentUrl\":\"https:\\\/\\\/www.campelplanet.com\\\/wp-content\\\/uploads\\\/2024\\\/01\\\/59401764_2346111855605583_7607203962520862720_n.jpg\",\"width\":1080,\"height\":1078,\"caption\":\"Group retreat\"},{\"@type\":\"BreadcrumbList\",\"@id\":\"https:\\\/\\\/www.campelplanet.com\\\/fr\\\/a-propos-de-nous\\\/#breadcrumb\",\"itemListElement\":[{\"@type\":\"ListItem\",\"position\":1,\"name\":\"Home\",\"item\":\"https:\\\/\\\/www.campelplanet.com\\\/fr\\\/\"},{\"@type\":\"ListItem\",\"position\":2,\"name\":\"\u00c0 propos de nous\"}]},{\"@type\":\"WebSite\",\"@id\":\"https:\\\/\\\/www.campelplanet.com\\\/fr\\\/#website\",\"url\":\"https:\\\/\\\/www.campelplanet.com\\\/fr\\\/\",\"name\":\"Camp El Planet's\",\"description\":\"The soul of the Costa Blanca\",\"publisher\":{\"@id\":\"https:\\\/\\\/www.campelplanet.com\\\/fr\\\/#organization\"},\"potentialAction\":[{\"@type\":\"SearchAction\",\"target\":{\"@type\":\"EntryPoint\",\"urlTemplate\":\"https:\\\/\\\/www.campelplanet.com\\\/fr\\\/?s={search_term_string}\"},\"query-input\":{\"@type\":\"PropertyValueSpecification\",\"valueRequired\":true,\"valueName\":\"search_term_string\"}}],\"inLanguage\":\"fr-FR\"},{\"@type\":\"Organization\",\"@id\":\"https:\\\/\\\/www.campelplanet.com\\\/fr\\\/#organization\",\"name\":\"Camp El Planet's\",\"url\":\"https:\\\/\\\/www.campelplanet.com\\\/fr\\\/\",\"logo\":{\"@type\":\"ImageObject\",\"inLanguage\":\"fr-FR\",\"@id\":\"https:\\\/\\\/www.campelplanet.com\\\/fr\\\/#\\\/schema\\\/logo\\\/image\\\/\",\"url\":\"https:\\\/\\\/www.campelplanet.com\\\/wp-content\\\/uploads\\\/2024\\\/01\\\/cropped-CampElPlanet_bla.png\",\"contentUrl\":\"https:\\\/\\\/www.campelplanet.com\\\/wp-content\\\/uploads\\\/2024\\\/01\\\/cropped-CampElPlanet_bla.png\",\"width\":440,\"height\":256,\"caption\":\"Camp El Planet's\"},\"image\":{\"@id\":\"https:\\\/\\\/www.campelplanet.com\\\/fr\\\/#\\\/schema\\\/logo\\\/image\\\/\"},\"sameAs\":[\"https:\\\/\\\/www.facebook.com\\\/campelplanet\",\"https:\\\/\\\/www.instagram.com\\\/campelplanet\\\/\"]}]}<\/script>\n<!-- \/ Yoast SEO Premium plugin. -->","yoast_head_json":{"title":"\u00c0 propos de nous - Camp El Planet","description":"Au Camp El Planet SL, la fusion harmonieuse des talents d'Elin et d'Erik cr\u00e9e un environnement accueillant, avec un accent particulier sur les retraites de groupe.","robots":{"index":"index","follow":"follow","max-snippet":"max-snippet:-1","max-image-preview":"max-image-preview:large","max-video-preview":"max-video-preview:-1"},"canonical":"https:\/\/www.campelplanet.com\/fr\/a-propos-de-nous\/","og_locale":"fr_FR","og_type":"article","og_title":"\u00c0 propos de nous","og_description":"Au Camp El Planet SL, la fusion harmonieuse des talents d'Elin et d'Erik cr\u00e9e un environnement accueillant, avec un accent particulier sur les retraites de groupe.","og_url":"https:\/\/www.campelplanet.com\/fr\/a-propos-de-nous\/","og_site_name":"Camp El Planet","article_publisher":"https:\/\/www.facebook.com\/campelplanet","article_modified_time":"2024-12-20T05:52:36+00:00","og_image":[{"width":1080,"height":1078,"url":"https:\/\/www.campelplanet.com\/wp-content\/uploads\/2024\/01\/59401764_2346111855605583_7607203962520862720_n.jpg","type":"image\/jpeg"}],"twitter_card":"summary_large_image","schema":{"@context":"https:\/\/schema.org","@graph":[{"@type":"WebPage","@id":"https:\/\/www.campelplanet.com\/fr\/a-propos-de-nous\/","url":"https:\/\/www.campelplanet.com\/fr\/a-propos-de-nous\/","name":"\u00c0 propos de nous - Camp El Planet","isPartOf":{"@id":"https:\/\/www.campelplanet.com\/fr\/#website"},"primaryImageOfPage":{"@id":"https:\/\/www.campelplanet.com\/fr\/a-propos-de-nous\/#primaryimage"},"image":{"@id":"https:\/\/www.campelplanet.com\/fr\/a-propos-de-nous\/#primaryimage"},"thumbnailUrl":"https:\/\/www.campelplanet.com\/wp-content\/uploads\/2024\/01\/59401764_2346111855605583_7607203962520862720_n.jpg","datePublished":"2024-01-02T08:31:33+00:00","dateModified":"2024-12-20T05:52:36+00:00","description":"Au Camp El Planet SL, la fusion harmonieuse des talents d'Elin et d'Erik cr\u00e9e un environnement accueillant, avec un accent particulier sur les retraites de groupe.","breadcrumb":{"@id":"https:\/\/www.campelplanet.com\/fr\/a-propos-de-nous\/#breadcrumb"},"inLanguage":"fr-FR","potentialAction":[{"@type":"ReadAction","target":["https:\/\/www.campelplanet.com\/fr\/a-propos-de-nous\/"]}]},{"@type":"ImageObject","inLanguage":"fr-FR","@id":"https:\/\/www.campelplanet.com\/fr\/a-propos-de-nous\/#primaryimage","url":"https:\/\/www.campelplanet.com\/wp-content\/uploads\/2024\/01\/59401764_2346111855605583_7607203962520862720_n.jpg","contentUrl":"https:\/\/www.campelplanet.com\/wp-content\/uploads\/2024\/01\/59401764_2346111855605583_7607203962520862720_n.jpg","width":1080,"height":1078,"caption":"Group retreat"},{"@type":"BreadcrumbList","@id":"https:\/\/www.campelplanet.com\/fr\/a-propos-de-nous\/#breadcrumb","itemListElement":[{"@type":"ListItem","position":1,"name":"Home","item":"https:\/\/www.campelplanet.com\/fr\/"},{"@type":"ListItem","position":2,"name":"\u00c0 propos de nous"}]},{"@type":"WebSite","@id":"https:\/\/www.campelplanet.com\/fr\/#website","url":"https:\/\/www.campelplanet.com\/fr\/","name":"Camp El Planet's","description":"The soul of the Costa Blanca","publisher":{"@id":"https:\/\/www.campelplanet.com\/fr\/#organization"},"potentialAction":[{"@type":"SearchAction","target":{"@type":"EntryPoint","urlTemplate":"https:\/\/www.campelplanet.com\/fr\/?s={search_term_string}"},"query-input":{"@type":"PropertyValueSpecification","valueRequired":true,"valueName":"search_term_string"}}],"inLanguage":"fr-FR"},{"@type":"Organization","@id":"https:\/\/www.campelplanet.com\/fr\/#organization","name":"Camp El Planet's","url":"https:\/\/www.campelplanet.com\/fr\/","logo":{"@type":"ImageObject","inLanguage":"fr-FR","@id":"https:\/\/www.campelplanet.com\/fr\/#\/schema\/logo\/image\/","url":"https:\/\/www.campelplanet.com\/wp-content\/uploads\/2024\/01\/cropped-CampElPlanet_bla.png","contentUrl":"https:\/\/www.campelplanet.com\/wp-content\/uploads\/2024\/01\/cropped-CampElPlanet_bla.png","width":440,"height":256,"caption":"Camp El Planet's"},"image":{"@id":"https:\/\/www.campelplanet.com\/fr\/#\/schema\/logo\/image\/"},"sameAs":["https:\/\/www.facebook.com\/campelplanet","https:\/\/www.instagram.com\/campelplanet\/"]}]}},"_links":{"self":[{"href":"https:\/\/www.campelplanet.com\/fr\/wp-json\/wp\/v2\/pages\/953","targetHints":{"allow":["GET"]}}],"collection":[{"href":"https:\/\/www.campelplanet.com\/fr\/wp-json\/wp\/v2\/pages"}],"about":[{"href":"https:\/\/www.campelplanet.com\/fr\/wp-json\/wp\/v2\/types\/page"}],"author":[{"embeddable":true,"href":"https:\/\/www.campelplanet.com\/fr\/wp-json\/wp\/v2\/users\/1"}],"replies":[{"embeddable":true,"href":"https:\/\/www.campelplanet.com\/fr\/wp-json\/wp\/v2\/comments?post=953"}],"version-history":[{"count":1,"href":"https:\/\/www.campelplanet.com\/fr\/wp-json\/wp\/v2\/pages\/953\/revisions"}],"predecessor-version":[{"id":5114,"href":"https:\/\/www.campelplanet.com\/fr\/wp-json\/wp\/v2\/pages\/953\/revisions\/5114"}],"wp:featuredmedia":[{"embeddable":true,"href":"https:\/\/www.campelplanet.com\/fr\/wp-json\/wp\/v2\/media\/655"}],"wp:attachment":[{"href":"https:\/\/www.campelplanet.com\/fr\/wp-json\/wp\/v2\/media?parent=953"}],"curies":[{"name":"wp","href":"https:\/\/api.w.org\/{rel}","templated":true}]}}