{"id":932,"date":"2024-01-03T12:06:22","date_gmt":"2024-01-03T11:06:22","guid":{"rendered":"https:\/\/www.campelplanet.com\/sports-dequipe\/"},"modified":"2024-12-20T08:07:02","modified_gmt":"2024-12-20T07:07:02","slug":"sports-dequipe","status":"publish","type":"page","link":"https:\/\/www.campelplanet.com\/fr\/sports-dequipe\/","title":{"rendered":"Sports d&rsquo;\u00e9quipe"},"content":{"rendered":"\t\t<div data-elementor-type=\"wp-page\" data-elementor-id=\"932\" class=\"elementor elementor-932 elementor-227\" data-elementor-post-type=\"page\">\n\t\t\t\t\t\t<section class=\"elementor-section elementor-top-section elementor-element elementor-element-1a2cf57 elementor-section-boxed elementor-section-height-default elementor-section-height-default\" data-id=\"1a2cf57\" data-element_type=\"section\" data-e-type=\"section\" data-settings=\"{&quot;background_background&quot;:&quot;classic&quot;}\">\n\t\t\t\t\t\t\t<div class=\"elementor-background-overlay\"><\/div>\n\t\t\t\t\t\t\t<div class=\"elementor-container elementor-column-gap-no\">\n\t\t\t\t\t<div class=\"elementor-column elementor-col-100 elementor-top-column elementor-element elementor-element-d338fb1\" data-id=\"d338fb1\" data-element_type=\"column\" data-e-type=\"column\">\n\t\t\t<div class=\"elementor-widget-wrap elementor-element-populated\">\n\t\t\t\t\t\t\t<\/div>\n\t\t<\/div>\n\t\t\t\t\t<\/div>\n\t\t<\/section>\n\t\t<div class=\"elementor-element elementor-element-3cc1a96 e-flex e-con-boxed e-con e-parent\" data-id=\"3cc1a96\" data-element_type=\"container\" data-e-type=\"container\">\n\t\t\t\t\t<div class=\"e-con-inner\">\n\t\t<div class=\"elementor-element elementor-element-ca1f47e e-con-full e-flex e-con e-child\" data-id=\"ca1f47e\" data-element_type=\"container\" data-e-type=\"container\">\n\t\t\t\t<div class=\"elementor-element elementor-element-dfc7da5 elementor-widget elementor-widget-image\" data-id=\"dfc7da5\" data-element_type=\"widget\" data-e-type=\"widget\" data-widget_type=\"image.default\">\n\t\t\t\t\t\t\t\t\t\t\t\t\t\t\t<img fetchpriority=\"high\" decoding=\"async\" width=\"800\" height=\"534\" src=\"https:\/\/www.campelplanet.com\/wp-content\/uploads\/2024\/01\/eppinghaus-arpoador04.jpg\" class=\"attachment-large size-large wp-image-560\" alt=\"Team Sports\" srcset=\"https:\/\/www.campelplanet.com\/wp-content\/uploads\/2024\/01\/eppinghaus-arpoador04.jpg 1024w, https:\/\/www.campelplanet.com\/wp-content\/uploads\/2024\/01\/eppinghaus-arpoador04-300x200.jpg 300w, https:\/\/www.campelplanet.com\/wp-content\/uploads\/2024\/01\/eppinghaus-arpoador04-768x512.jpg 768w\" sizes=\"(max-width: 800px) 100vw, 800px\" \/>\t\t\t\t\t\t\t\t\t\t\t\t\t\t\t<\/div>\n\t\t\t\t<\/div>\n\t\t<div class=\"elementor-element elementor-element-6f3bf6f e-con-full e-flex e-con e-child\" data-id=\"6f3bf6f\" data-element_type=\"container\" data-e-type=\"container\">\n\t\t\t\t<div class=\"elementor-element elementor-element-f69b148 elementor-widget elementor-widget-text-editor\" data-id=\"f69b148\" data-element_type=\"widget\" data-e-type=\"widget\" data-widget_type=\"text-editor.default\">\n\t\t\t\t\t\t\t\t\t<p><a href=\"https:\/\/www.campelplanet.com\/fr\/camp-el-planet\/\" target=\"_blank\" rel=\"noopener\">Camp El Planet<\/a> est l&rsquo;endroit id\u00e9al pour un camp d&rsquo;entra\u00eenement pour les sports d&rsquo;\u00e9quipe de handball ou de football. Les terrains de <a href=\"https:\/\/www.facebook.com\/paradisepropertyspain2410\/posts\/1737412673139798\/?paipv=0&amp;eav=AfY3egvMa3XmZC4ah_jgfnuw8cUPa9fNdW2xd--Ypbllm8DtGheliyUDYcpi_xNAsfs&amp;_rdr\">sport d&rsquo;Alfaz<\/a>, Altea et La Nucia sont \u00e0 courte distance et disposent tous de terrains de football et de gymnases. Nous pensons que les \u00e9quipes ont int\u00e9r\u00eat \u00e0 ce que leurs membres soient rassembl\u00e9s au m\u00eame endroit et non dispers\u00e9s dans un grand h\u00f4tel ou un complexe d&rsquo;appartements.<\/p><p>Avec ses onze studios et sa capacit\u00e9 de couchage de 25 \u00e0 36 personnes, le Camp El Planet est id\u00e9al pour un camp d&rsquo;entra\u00eenement. Nous consid\u00e9rons cela comme important en particulier pour les jeunes \u00e9quipes. Le Camp El Planet propose le logement et la pension dans un endroit calme et isol\u00e9 ; mais toujours \u00e0 courte distance de la c\u00f4te, des montagnes, des terrains de sport, des a\u00e9roports et des villes voisines comme Altea, Alfaz et Albir.<\/p><p>Un grand groupe dominera les lieux et apportera ainsi coh\u00e9sion, proximit\u00e9, un fort sentiment de communaut\u00e9 et renforcera l&rsquo;esprit de sport d&rsquo;\u00e9quipe. Entre les s\u00e9ances d&rsquo;entra\u00eenement, le groupe se r\u00e9unissait pendant les repas, autour de la piscine, \u00e0 la bodega ou pr\u00e8s du billard ou du jeu de fl\u00e9chettes. Cela facilitera les interactions informelles dans un environnement d\u00e9contract\u00e9 et convivial qui renforcera encore une fois la coh\u00e9sion de l&rsquo;\u00e9quipe. L&rsquo;\u00e9quipe peut \u00e9galement demander un acc\u00e8s exclusif \u00e0 la caf\u00e9t\u00e9ria et \u00e0 la cuisine, et pr\u00e9parer et administrer ses propres repas.<\/p>\t\t\t\t\t\t\t\t<\/div>\n\t\t\t\t<\/div>\n\t\t\t\t\t<\/div>\n\t\t\t\t<\/div>\n\t\t\t\t<\/div>\n\t\t","protected":false},"excerpt":{"rendered":"<p>Camp El Planet est l&rsquo;endroit id\u00e9al pour un camp d&rsquo;entra\u00eenement pour les sports d&rsquo;\u00e9quipe de handball ou de football. Les terrains de sport d&rsquo;Alfaz, Altea et La Nucia sont \u00e0 courte distance et disposent tous de terrains de football et de gymnases. Nous pensons que les \u00e9quipes ont int\u00e9r\u00eat \u00e0 ce que leurs membres soient [&hellip;]<\/p>\n","protected":false},"author":1,"featured_media":560,"parent":0,"menu_order":0,"comment_status":"closed","ping_status":"closed","template":"elementor_header_footer","meta":{"footnotes":""},"class_list":["post-932","page","type-page","status-publish","has-post-thumbnail","hentry"],"yoast_head":"<!-- This site is optimized with the Yoast SEO Premium plugin v27.4 (Yoast SEO v27.4) - https:\/\/yoast.com\/product\/yoast-seo-premium-wordpress\/ -->\n<title>Sports d&#039;\u00e9quipe - Camp El Planet<\/title>\n<meta name=\"description\" content=\"Camp El Planet is de perfecte locatie voor een oefenkamp voor handbal- of voetbalteamsporten. De sportvelden in Alfaz, Altea en...\" \/>\n<meta name=\"robots\" content=\"index, follow, max-snippet:-1, max-image-preview:large, max-video-preview:-1\" \/>\n<link rel=\"canonical\" href=\"https:\/\/www.campelplanet.com\/fr\/sports-dequipe\/\" \/>\n<meta property=\"og:locale\" content=\"fr_FR\" \/>\n<meta property=\"og:type\" content=\"article\" \/>\n<meta property=\"og:title\" content=\"Sports d&#039;\u00e9quipe\" \/>\n<meta property=\"og:description\" content=\"Camp El Planet is de perfecte locatie voor een oefenkamp voor handbal- of voetbalteamsporten. De sportvelden in Alfaz, Altea en...\" \/>\n<meta property=\"og:url\" content=\"https:\/\/www.campelplanet.com\/fr\/sports-dequipe\/\" \/>\n<meta property=\"og:site_name\" content=\"Camp El Planet\" \/>\n<meta property=\"article:publisher\" content=\"https:\/\/www.facebook.com\/campelplanet\" \/>\n<meta property=\"article:modified_time\" content=\"2024-12-20T07:07:02+00:00\" \/>\n<meta property=\"og:image\" content=\"https:\/\/www.campelplanet.com\/wp-content\/uploads\/2024\/01\/eppinghaus-arpoador04.jpg\" \/>\n\t<meta property=\"og:image:width\" content=\"1024\" \/>\n\t<meta property=\"og:image:height\" content=\"683\" \/>\n\t<meta property=\"og:image:type\" content=\"image\/jpeg\" \/>\n<meta name=\"twitter:card\" content=\"summary_large_image\" \/>\n<script type=\"application\/ld+json\" class=\"yoast-schema-graph\">{\"@context\":\"https:\\\/\\\/schema.org\",\"@graph\":[{\"@type\":\"WebPage\",\"@id\":\"https:\\\/\\\/www.campelplanet.com\\\/fr\\\/sports-dequipe\\\/\",\"url\":\"https:\\\/\\\/www.campelplanet.com\\\/fr\\\/sports-dequipe\\\/\",\"name\":\"Sports d'\u00e9quipe - Camp El Planet\",\"isPartOf\":{\"@id\":\"https:\\\/\\\/www.campelplanet.com\\\/fr\\\/#website\"},\"primaryImageOfPage\":{\"@id\":\"https:\\\/\\\/www.campelplanet.com\\\/fr\\\/sports-dequipe\\\/#primaryimage\"},\"image\":{\"@id\":\"https:\\\/\\\/www.campelplanet.com\\\/fr\\\/sports-dequipe\\\/#primaryimage\"},\"thumbnailUrl\":\"https:\\\/\\\/www.campelplanet.com\\\/wp-content\\\/uploads\\\/2024\\\/01\\\/eppinghaus-arpoador04.jpg\",\"datePublished\":\"2024-01-03T11:06:22+00:00\",\"dateModified\":\"2024-12-20T07:07:02+00:00\",\"description\":\"Camp El Planet is de perfecte locatie voor een oefenkamp voor handbal- of voetbalteamsporten. De sportvelden in Alfaz, Altea en...\",\"breadcrumb\":{\"@id\":\"https:\\\/\\\/www.campelplanet.com\\\/fr\\\/sports-dequipe\\\/#breadcrumb\"},\"inLanguage\":\"fr-FR\",\"potentialAction\":[{\"@type\":\"ReadAction\",\"target\":[\"https:\\\/\\\/www.campelplanet.com\\\/fr\\\/sports-dequipe\\\/\"]}]},{\"@type\":\"ImageObject\",\"inLanguage\":\"fr-FR\",\"@id\":\"https:\\\/\\\/www.campelplanet.com\\\/fr\\\/sports-dequipe\\\/#primaryimage\",\"url\":\"https:\\\/\\\/www.campelplanet.com\\\/wp-content\\\/uploads\\\/2024\\\/01\\\/eppinghaus-arpoador04.jpg\",\"contentUrl\":\"https:\\\/\\\/www.campelplanet.com\\\/wp-content\\\/uploads\\\/2024\\\/01\\\/eppinghaus-arpoador04.jpg\",\"width\":1024,\"height\":683,\"caption\":\"Team Sports\"},{\"@type\":\"BreadcrumbList\",\"@id\":\"https:\\\/\\\/www.campelplanet.com\\\/fr\\\/sports-dequipe\\\/#breadcrumb\",\"itemListElement\":[{\"@type\":\"ListItem\",\"position\":1,\"name\":\"Home\",\"item\":\"https:\\\/\\\/www.campelplanet.com\\\/fr\\\/\"},{\"@type\":\"ListItem\",\"position\":2,\"name\":\"Sports d&#8217;\u00e9quipe\"}]},{\"@type\":\"WebSite\",\"@id\":\"https:\\\/\\\/www.campelplanet.com\\\/fr\\\/#website\",\"url\":\"https:\\\/\\\/www.campelplanet.com\\\/fr\\\/\",\"name\":\"Camp El Planet's\",\"description\":\"The soul of the Costa Blanca\",\"publisher\":{\"@id\":\"https:\\\/\\\/www.campelplanet.com\\\/fr\\\/#organization\"},\"potentialAction\":[{\"@type\":\"SearchAction\",\"target\":{\"@type\":\"EntryPoint\",\"urlTemplate\":\"https:\\\/\\\/www.campelplanet.com\\\/fr\\\/?s={search_term_string}\"},\"query-input\":{\"@type\":\"PropertyValueSpecification\",\"valueRequired\":true,\"valueName\":\"search_term_string\"}}],\"inLanguage\":\"fr-FR\"},{\"@type\":\"Organization\",\"@id\":\"https:\\\/\\\/www.campelplanet.com\\\/fr\\\/#organization\",\"name\":\"Camp El Planet's\",\"url\":\"https:\\\/\\\/www.campelplanet.com\\\/fr\\\/\",\"logo\":{\"@type\":\"ImageObject\",\"inLanguage\":\"fr-FR\",\"@id\":\"https:\\\/\\\/www.campelplanet.com\\\/fr\\\/#\\\/schema\\\/logo\\\/image\\\/\",\"url\":\"https:\\\/\\\/www.campelplanet.com\\\/wp-content\\\/uploads\\\/2024\\\/01\\\/cropped-CampElPlanet_bla.png\",\"contentUrl\":\"https:\\\/\\\/www.campelplanet.com\\\/wp-content\\\/uploads\\\/2024\\\/01\\\/cropped-CampElPlanet_bla.png\",\"width\":440,\"height\":256,\"caption\":\"Camp El Planet's\"},\"image\":{\"@id\":\"https:\\\/\\\/www.campelplanet.com\\\/fr\\\/#\\\/schema\\\/logo\\\/image\\\/\"},\"sameAs\":[\"https:\\\/\\\/www.facebook.com\\\/campelplanet\",\"https:\\\/\\\/www.instagram.com\\\/campelplanet\\\/\"]}]}<\/script>\n<!-- \/ Yoast SEO Premium plugin. -->","yoast_head_json":{"title":"Sports d'\u00e9quipe - Camp El Planet","description":"Camp El Planet is de perfecte locatie voor een oefenkamp voor handbal- of voetbalteamsporten. De sportvelden in Alfaz, Altea en...","robots":{"index":"index","follow":"follow","max-snippet":"max-snippet:-1","max-image-preview":"max-image-preview:large","max-video-preview":"max-video-preview:-1"},"canonical":"https:\/\/www.campelplanet.com\/fr\/sports-dequipe\/","og_locale":"fr_FR","og_type":"article","og_title":"Sports d'\u00e9quipe","og_description":"Camp El Planet is de perfecte locatie voor een oefenkamp voor handbal- of voetbalteamsporten. De sportvelden in Alfaz, Altea en...","og_url":"https:\/\/www.campelplanet.com\/fr\/sports-dequipe\/","og_site_name":"Camp El Planet","article_publisher":"https:\/\/www.facebook.com\/campelplanet","article_modified_time":"2024-12-20T07:07:02+00:00","og_image":[{"width":1024,"height":683,"url":"https:\/\/www.campelplanet.com\/wp-content\/uploads\/2024\/01\/eppinghaus-arpoador04.jpg","type":"image\/jpeg"}],"twitter_card":"summary_large_image","schema":{"@context":"https:\/\/schema.org","@graph":[{"@type":"WebPage","@id":"https:\/\/www.campelplanet.com\/fr\/sports-dequipe\/","url":"https:\/\/www.campelplanet.com\/fr\/sports-dequipe\/","name":"Sports d'\u00e9quipe - Camp El Planet","isPartOf":{"@id":"https:\/\/www.campelplanet.com\/fr\/#website"},"primaryImageOfPage":{"@id":"https:\/\/www.campelplanet.com\/fr\/sports-dequipe\/#primaryimage"},"image":{"@id":"https:\/\/www.campelplanet.com\/fr\/sports-dequipe\/#primaryimage"},"thumbnailUrl":"https:\/\/www.campelplanet.com\/wp-content\/uploads\/2024\/01\/eppinghaus-arpoador04.jpg","datePublished":"2024-01-03T11:06:22+00:00","dateModified":"2024-12-20T07:07:02+00:00","description":"Camp El Planet is de perfecte locatie voor een oefenkamp voor handbal- of voetbalteamsporten. De sportvelden in Alfaz, Altea en...","breadcrumb":{"@id":"https:\/\/www.campelplanet.com\/fr\/sports-dequipe\/#breadcrumb"},"inLanguage":"fr-FR","potentialAction":[{"@type":"ReadAction","target":["https:\/\/www.campelplanet.com\/fr\/sports-dequipe\/"]}]},{"@type":"ImageObject","inLanguage":"fr-FR","@id":"https:\/\/www.campelplanet.com\/fr\/sports-dequipe\/#primaryimage","url":"https:\/\/www.campelplanet.com\/wp-content\/uploads\/2024\/01\/eppinghaus-arpoador04.jpg","contentUrl":"https:\/\/www.campelplanet.com\/wp-content\/uploads\/2024\/01\/eppinghaus-arpoador04.jpg","width":1024,"height":683,"caption":"Team Sports"},{"@type":"BreadcrumbList","@id":"https:\/\/www.campelplanet.com\/fr\/sports-dequipe\/#breadcrumb","itemListElement":[{"@type":"ListItem","position":1,"name":"Home","item":"https:\/\/www.campelplanet.com\/fr\/"},{"@type":"ListItem","position":2,"name":"Sports d&#8217;\u00e9quipe"}]},{"@type":"WebSite","@id":"https:\/\/www.campelplanet.com\/fr\/#website","url":"https:\/\/www.campelplanet.com\/fr\/","name":"Camp El Planet's","description":"The soul of the Costa Blanca","publisher":{"@id":"https:\/\/www.campelplanet.com\/fr\/#organization"},"potentialAction":[{"@type":"SearchAction","target":{"@type":"EntryPoint","urlTemplate":"https:\/\/www.campelplanet.com\/fr\/?s={search_term_string}"},"query-input":{"@type":"PropertyValueSpecification","valueRequired":true,"valueName":"search_term_string"}}],"inLanguage":"fr-FR"},{"@type":"Organization","@id":"https:\/\/www.campelplanet.com\/fr\/#organization","name":"Camp El Planet's","url":"https:\/\/www.campelplanet.com\/fr\/","logo":{"@type":"ImageObject","inLanguage":"fr-FR","@id":"https:\/\/www.campelplanet.com\/fr\/#\/schema\/logo\/image\/","url":"https:\/\/www.campelplanet.com\/wp-content\/uploads\/2024\/01\/cropped-CampElPlanet_bla.png","contentUrl":"https:\/\/www.campelplanet.com\/wp-content\/uploads\/2024\/01\/cropped-CampElPlanet_bla.png","width":440,"height":256,"caption":"Camp El Planet's"},"image":{"@id":"https:\/\/www.campelplanet.com\/fr\/#\/schema\/logo\/image\/"},"sameAs":["https:\/\/www.facebook.com\/campelplanet","https:\/\/www.instagram.com\/campelplanet\/"]}]}},"_links":{"self":[{"href":"https:\/\/www.campelplanet.com\/fr\/wp-json\/wp\/v2\/pages\/932","targetHints":{"allow":["GET"]}}],"collection":[{"href":"https:\/\/www.campelplanet.com\/fr\/wp-json\/wp\/v2\/pages"}],"about":[{"href":"https:\/\/www.campelplanet.com\/fr\/wp-json\/wp\/v2\/types\/page"}],"author":[{"embeddable":true,"href":"https:\/\/www.campelplanet.com\/fr\/wp-json\/wp\/v2\/users\/1"}],"replies":[{"embeddable":true,"href":"https:\/\/www.campelplanet.com\/fr\/wp-json\/wp\/v2\/comments?post=932"}],"version-history":[{"count":1,"href":"https:\/\/www.campelplanet.com\/fr\/wp-json\/wp\/v2\/pages\/932\/revisions"}],"predecessor-version":[{"id":5186,"href":"https:\/\/www.campelplanet.com\/fr\/wp-json\/wp\/v2\/pages\/932\/revisions\/5186"}],"wp:featuredmedia":[{"embeddable":true,"href":"https:\/\/www.campelplanet.com\/fr\/wp-json\/wp\/v2\/media\/560"}],"wp:attachment":[{"href":"https:\/\/www.campelplanet.com\/fr\/wp-json\/wp\/v2\/media?parent=932"}],"curies":[{"name":"wp","href":"https:\/\/api.w.org\/{rel}","templated":true}]}}