{"id":918,"date":"2024-01-03T12:09:57","date_gmt":"2024-01-03T11:09:57","guid":{"rendered":"https:\/\/www.campelplanet.com\/vacances-actives\/"},"modified":"2024-12-20T08:10:34","modified_gmt":"2024-12-20T07:10:34","slug":"vacances-actives","status":"publish","type":"page","link":"https:\/\/www.campelplanet.com\/fr\/vacances-actives\/","title":{"rendered":"Vacances actives"},"content":{"rendered":"\t\t<div data-elementor-type=\"wp-page\" data-elementor-id=\"918\" class=\"elementor elementor-918 elementor-235\" data-elementor-post-type=\"page\">\n\t\t\t\t\t\t<section class=\"elementor-section elementor-top-section elementor-element elementor-element-35d6c06 elementor-section-boxed elementor-section-height-default elementor-section-height-default\" data-id=\"35d6c06\" data-element_type=\"section\" data-e-type=\"section\" data-settings=\"{&quot;background_background&quot;:&quot;classic&quot;}\">\n\t\t\t\t\t\t\t<div class=\"elementor-background-overlay\"><\/div>\n\t\t\t\t\t\t\t<div class=\"elementor-container elementor-column-gap-no\">\n\t\t\t\t\t<div class=\"elementor-column elementor-col-100 elementor-top-column elementor-element elementor-element-c5f18cb\" data-id=\"c5f18cb\" data-element_type=\"column\" data-e-type=\"column\">\n\t\t\t<div class=\"elementor-widget-wrap elementor-element-populated\">\n\t\t\t\t\t\t\t<\/div>\n\t\t<\/div>\n\t\t\t\t\t<\/div>\n\t\t<\/section>\n\t\t<div class=\"elementor-element elementor-element-92dc9e6 e-flex e-con-boxed e-con e-parent\" data-id=\"92dc9e6\" data-element_type=\"container\" data-e-type=\"container\">\n\t\t\t\t\t<div class=\"e-con-inner\">\n\t\t<div class=\"elementor-element elementor-element-3991c59 e-con-full e-flex e-con e-child\" data-id=\"3991c59\" data-element_type=\"container\" data-e-type=\"container\">\n\t\t\t\t<div class=\"elementor-element elementor-element-3382503 elementor-widget elementor-widget-text-editor\" data-id=\"3382503\" data-element_type=\"widget\" data-e-type=\"widget\" data-widget_type=\"text-editor.default\">\n\t\t\t\t\t\t\t\t\t<p>La Costa Blanca offre un grand nombre de possibilit\u00e9s pour ceux qui recherchent des vacances actives. Nous en avons d\u00e9j\u00e0 pr\u00e9sent\u00e9 un certain nombre ; le <a href=\"https:\/\/www.campelplanet.com\/fr\/velo\/\">cyclisme<\/a>, l<a href=\"https:\/\/www.campelplanet.com\/fr\/randonnee\/\">a randonn\u00e9e<\/a>, <a href=\"https:\/\/www.campelplanet.com\/fr\/escalade\/\">l&rsquo;escalade<\/a>, <a href=\"https:\/\/www.campelplanet.com\/fr\/le-golf\/\">le golf<\/a> et <a href=\"https:\/\/www.campelplanet.com\/fr\/sports-dequipe\/\">les sports<\/a> d&rsquo;\u00e9quipe comme le football et le handball. Il existe de nombreux clubs de tennis et courts de tennis dans la r\u00e9gion et il y a suffisamment de capacit\u00e9 pour ceux qui souhaitent frapper quelques balles. Et pour les moins timides, il y a aussi la possibilit\u00e9 de faire du canyoning aquatique, de la sp\u00e9l\u00e9ologie, du rafting et \u00e0 Busot, nous trouvons le syst\u00e8me de grottes le plus grand et le plus profond d\u2019Espagne. Quant aux sports nautiques, les possibilit\u00e9s sont nombreuses ; voile, planche \u00e0 voile, kayak <a href=\"https:\/\/en.wikipedia.org\/wiki\/Kayaking#:~:text=Kayaking%20is%20the%20use%20of,of%20blades%20on%20the%20paddle.\" target=\"_blank\" rel=\"noopener\">de mer<\/a>, kite surf, paddle surf et plong\u00e9e en apn\u00e9e. Depuis le Camp El Planet, vous pouvez rejoindre la plupart des sites en un modeste trajet en voiture. Derri\u00e8re bon nombre de ces activit\u00e9s, vous trouverez un certain nombre d&rsquo;organisateurs tr\u00e8s professionnels et dignes de confiance. Si vous pr\u00e9voyez une semaine remplie d&rsquo;activit\u00e9s diff\u00e9rentes, c&rsquo;est probablement une bonne id\u00e9e de consulter leurs sites Web pendant que vous planifiez des vacances actives.<\/p>\n\t\t\t\t\t\t\t\t<\/div>\n\t\t\t\t<\/div>\n\t\t\t\t\t<\/div>\n\t\t\t\t<\/div>\n\t\t\t\t<\/div>\n\t\t","protected":false},"excerpt":{"rendered":"<p>La Costa Blanca offre un grand nombre de possibilit\u00e9s pour ceux qui recherchent des vacances actives. Nous en avons d\u00e9j\u00e0 pr\u00e9sent\u00e9 un certain nombre ; le cyclisme, la randonn\u00e9e, l&rsquo;escalade, le golf et les sports d&rsquo;\u00e9quipe comme le football et le handball. Il existe de nombreux clubs de tennis et courts de tennis dans la [&hellip;]<\/p>\n","protected":false},"author":1,"featured_media":615,"parent":0,"menu_order":0,"comment_status":"closed","ping_status":"closed","template":"elementor_header_footer","meta":{"footnotes":""},"class_list":["post-918","page","type-page","status-publish","has-post-thumbnail","hentry"],"yoast_head":"<!-- This site is optimized with the Yoast SEO Premium plugin v27.4 (Yoast SEO v27.4) - https:\/\/yoast.com\/product\/yoast-seo-premium-wordpress\/ -->\n<title>Vacances actives - Camp El Planet<\/title>\n<meta name=\"description\" content=\"La Costa Blanca offre un grand nombre de possibilit\u00e9s pour ceux qui recherchent des vacances actives. Nous avons d\u00e9j\u00e0 introduit un certain nombre...\" \/>\n<meta name=\"robots\" content=\"index, follow, max-snippet:-1, max-image-preview:large, max-video-preview:-1\" \/>\n<link rel=\"canonical\" href=\"https:\/\/www.campelplanet.com\/fr\/vacances-actives\/\" \/>\n<meta property=\"og:locale\" content=\"fr_FR\" \/>\n<meta property=\"og:type\" content=\"article\" \/>\n<meta property=\"og:title\" content=\"Vacances actives\" \/>\n<meta property=\"og:description\" content=\"La Costa Blanca offre un grand nombre de possibilit\u00e9s pour ceux qui recherchent des vacances actives. Nous avons d\u00e9j\u00e0 introduit un certain nombre...\" \/>\n<meta property=\"og:url\" content=\"https:\/\/www.campelplanet.com\/fr\/vacances-actives\/\" \/>\n<meta property=\"og:site_name\" content=\"Camp El Planet\" \/>\n<meta property=\"article:publisher\" content=\"https:\/\/www.facebook.com\/campelplanet\" \/>\n<meta property=\"article:modified_time\" content=\"2024-12-20T07:10:34+00:00\" \/>\n<meta property=\"og:image\" content=\"https:\/\/www.campelplanet.com\/wp-content\/uploads\/2024\/01\/IMG_2886-e1581328102904.jpg\" \/>\n\t<meta property=\"og:image:width\" content=\"1300\" \/>\n\t<meta property=\"og:image:height\" content=\"975\" \/>\n\t<meta property=\"og:image:type\" content=\"image\/jpeg\" \/>\n<meta name=\"twitter:card\" content=\"summary_large_image\" \/>\n<script type=\"application\/ld+json\" class=\"yoast-schema-graph\">{\"@context\":\"https:\\\/\\\/schema.org\",\"@graph\":[{\"@type\":\"WebPage\",\"@id\":\"https:\\\/\\\/www.campelplanet.com\\\/fr\\\/vacances-actives\\\/\",\"url\":\"https:\\\/\\\/www.campelplanet.com\\\/fr\\\/vacances-actives\\\/\",\"name\":\"Vacances actives - Camp El Planet\",\"isPartOf\":{\"@id\":\"https:\\\/\\\/www.campelplanet.com\\\/fr\\\/#website\"},\"primaryImageOfPage\":{\"@id\":\"https:\\\/\\\/www.campelplanet.com\\\/fr\\\/vacances-actives\\\/#primaryimage\"},\"image\":{\"@id\":\"https:\\\/\\\/www.campelplanet.com\\\/fr\\\/vacances-actives\\\/#primaryimage\"},\"thumbnailUrl\":\"https:\\\/\\\/www.campelplanet.com\\\/wp-content\\\/uploads\\\/2024\\\/01\\\/IMG_2886-e1581328102904.jpg\",\"datePublished\":\"2024-01-03T11:09:57+00:00\",\"dateModified\":\"2024-12-20T07:10:34+00:00\",\"description\":\"La Costa Blanca offre un grand nombre de possibilit\u00e9s pour ceux qui recherchent des vacances actives. Nous avons d\u00e9j\u00e0 introduit un certain nombre...\",\"breadcrumb\":{\"@id\":\"https:\\\/\\\/www.campelplanet.com\\\/fr\\\/vacances-actives\\\/#breadcrumb\"},\"inLanguage\":\"fr-FR\",\"potentialAction\":[{\"@type\":\"ReadAction\",\"target\":[\"https:\\\/\\\/www.campelplanet.com\\\/fr\\\/vacances-actives\\\/\"]}]},{\"@type\":\"ImageObject\",\"inLanguage\":\"fr-FR\",\"@id\":\"https:\\\/\\\/www.campelplanet.com\\\/fr\\\/vacances-actives\\\/#primaryimage\",\"url\":\"https:\\\/\\\/www.campelplanet.com\\\/wp-content\\\/uploads\\\/2024\\\/01\\\/IMG_2886-e1581328102904.jpg\",\"contentUrl\":\"https:\\\/\\\/www.campelplanet.com\\\/wp-content\\\/uploads\\\/2024\\\/01\\\/IMG_2886-e1581328102904.jpg\",\"width\":1300,\"height\":975,\"caption\":\"active holiday\"},{\"@type\":\"BreadcrumbList\",\"@id\":\"https:\\\/\\\/www.campelplanet.com\\\/fr\\\/vacances-actives\\\/#breadcrumb\",\"itemListElement\":[{\"@type\":\"ListItem\",\"position\":1,\"name\":\"Home\",\"item\":\"https:\\\/\\\/www.campelplanet.com\\\/fr\\\/\"},{\"@type\":\"ListItem\",\"position\":2,\"name\":\"Vacances actives\"}]},{\"@type\":\"WebSite\",\"@id\":\"https:\\\/\\\/www.campelplanet.com\\\/fr\\\/#website\",\"url\":\"https:\\\/\\\/www.campelplanet.com\\\/fr\\\/\",\"name\":\"Camp El Planet's\",\"description\":\"The soul of the Costa Blanca\",\"publisher\":{\"@id\":\"https:\\\/\\\/www.campelplanet.com\\\/fr\\\/#organization\"},\"potentialAction\":[{\"@type\":\"SearchAction\",\"target\":{\"@type\":\"EntryPoint\",\"urlTemplate\":\"https:\\\/\\\/www.campelplanet.com\\\/fr\\\/?s={search_term_string}\"},\"query-input\":{\"@type\":\"PropertyValueSpecification\",\"valueRequired\":true,\"valueName\":\"search_term_string\"}}],\"inLanguage\":\"fr-FR\"},{\"@type\":\"Organization\",\"@id\":\"https:\\\/\\\/www.campelplanet.com\\\/fr\\\/#organization\",\"name\":\"Camp El Planet's\",\"url\":\"https:\\\/\\\/www.campelplanet.com\\\/fr\\\/\",\"logo\":{\"@type\":\"ImageObject\",\"inLanguage\":\"fr-FR\",\"@id\":\"https:\\\/\\\/www.campelplanet.com\\\/fr\\\/#\\\/schema\\\/logo\\\/image\\\/\",\"url\":\"https:\\\/\\\/www.campelplanet.com\\\/wp-content\\\/uploads\\\/2024\\\/01\\\/cropped-CampElPlanet_bla.png\",\"contentUrl\":\"https:\\\/\\\/www.campelplanet.com\\\/wp-content\\\/uploads\\\/2024\\\/01\\\/cropped-CampElPlanet_bla.png\",\"width\":440,\"height\":256,\"caption\":\"Camp El Planet's\"},\"image\":{\"@id\":\"https:\\\/\\\/www.campelplanet.com\\\/fr\\\/#\\\/schema\\\/logo\\\/image\\\/\"},\"sameAs\":[\"https:\\\/\\\/www.facebook.com\\\/campelplanet\",\"https:\\\/\\\/www.instagram.com\\\/campelplanet\\\/\"]}]}<\/script>\n<!-- \/ Yoast SEO Premium plugin. -->","yoast_head_json":{"title":"Vacances actives - Camp El Planet","description":"La Costa Blanca offre un grand nombre de possibilit\u00e9s pour ceux qui recherchent des vacances actives. Nous avons d\u00e9j\u00e0 introduit un certain nombre...","robots":{"index":"index","follow":"follow","max-snippet":"max-snippet:-1","max-image-preview":"max-image-preview:large","max-video-preview":"max-video-preview:-1"},"canonical":"https:\/\/www.campelplanet.com\/fr\/vacances-actives\/","og_locale":"fr_FR","og_type":"article","og_title":"Vacances actives","og_description":"La Costa Blanca offre un grand nombre de possibilit\u00e9s pour ceux qui recherchent des vacances actives. Nous avons d\u00e9j\u00e0 introduit un certain nombre...","og_url":"https:\/\/www.campelplanet.com\/fr\/vacances-actives\/","og_site_name":"Camp El Planet","article_publisher":"https:\/\/www.facebook.com\/campelplanet","article_modified_time":"2024-12-20T07:10:34+00:00","og_image":[{"width":1300,"height":975,"url":"https:\/\/www.campelplanet.com\/wp-content\/uploads\/2024\/01\/IMG_2886-e1581328102904.jpg","type":"image\/jpeg"}],"twitter_card":"summary_large_image","schema":{"@context":"https:\/\/schema.org","@graph":[{"@type":"WebPage","@id":"https:\/\/www.campelplanet.com\/fr\/vacances-actives\/","url":"https:\/\/www.campelplanet.com\/fr\/vacances-actives\/","name":"Vacances actives - Camp El Planet","isPartOf":{"@id":"https:\/\/www.campelplanet.com\/fr\/#website"},"primaryImageOfPage":{"@id":"https:\/\/www.campelplanet.com\/fr\/vacances-actives\/#primaryimage"},"image":{"@id":"https:\/\/www.campelplanet.com\/fr\/vacances-actives\/#primaryimage"},"thumbnailUrl":"https:\/\/www.campelplanet.com\/wp-content\/uploads\/2024\/01\/IMG_2886-e1581328102904.jpg","datePublished":"2024-01-03T11:09:57+00:00","dateModified":"2024-12-20T07:10:34+00:00","description":"La Costa Blanca offre un grand nombre de possibilit\u00e9s pour ceux qui recherchent des vacances actives. Nous avons d\u00e9j\u00e0 introduit un certain nombre...","breadcrumb":{"@id":"https:\/\/www.campelplanet.com\/fr\/vacances-actives\/#breadcrumb"},"inLanguage":"fr-FR","potentialAction":[{"@type":"ReadAction","target":["https:\/\/www.campelplanet.com\/fr\/vacances-actives\/"]}]},{"@type":"ImageObject","inLanguage":"fr-FR","@id":"https:\/\/www.campelplanet.com\/fr\/vacances-actives\/#primaryimage","url":"https:\/\/www.campelplanet.com\/wp-content\/uploads\/2024\/01\/IMG_2886-e1581328102904.jpg","contentUrl":"https:\/\/www.campelplanet.com\/wp-content\/uploads\/2024\/01\/IMG_2886-e1581328102904.jpg","width":1300,"height":975,"caption":"active holiday"},{"@type":"BreadcrumbList","@id":"https:\/\/www.campelplanet.com\/fr\/vacances-actives\/#breadcrumb","itemListElement":[{"@type":"ListItem","position":1,"name":"Home","item":"https:\/\/www.campelplanet.com\/fr\/"},{"@type":"ListItem","position":2,"name":"Vacances actives"}]},{"@type":"WebSite","@id":"https:\/\/www.campelplanet.com\/fr\/#website","url":"https:\/\/www.campelplanet.com\/fr\/","name":"Camp El Planet's","description":"The soul of the Costa Blanca","publisher":{"@id":"https:\/\/www.campelplanet.com\/fr\/#organization"},"potentialAction":[{"@type":"SearchAction","target":{"@type":"EntryPoint","urlTemplate":"https:\/\/www.campelplanet.com\/fr\/?s={search_term_string}"},"query-input":{"@type":"PropertyValueSpecification","valueRequired":true,"valueName":"search_term_string"}}],"inLanguage":"fr-FR"},{"@type":"Organization","@id":"https:\/\/www.campelplanet.com\/fr\/#organization","name":"Camp El Planet's","url":"https:\/\/www.campelplanet.com\/fr\/","logo":{"@type":"ImageObject","inLanguage":"fr-FR","@id":"https:\/\/www.campelplanet.com\/fr\/#\/schema\/logo\/image\/","url":"https:\/\/www.campelplanet.com\/wp-content\/uploads\/2024\/01\/cropped-CampElPlanet_bla.png","contentUrl":"https:\/\/www.campelplanet.com\/wp-content\/uploads\/2024\/01\/cropped-CampElPlanet_bla.png","width":440,"height":256,"caption":"Camp El Planet's"},"image":{"@id":"https:\/\/www.campelplanet.com\/fr\/#\/schema\/logo\/image\/"},"sameAs":["https:\/\/www.facebook.com\/campelplanet","https:\/\/www.instagram.com\/campelplanet\/"]}]}},"_links":{"self":[{"href":"https:\/\/www.campelplanet.com\/fr\/wp-json\/wp\/v2\/pages\/918","targetHints":{"allow":["GET"]}}],"collection":[{"href":"https:\/\/www.campelplanet.com\/fr\/wp-json\/wp\/v2\/pages"}],"about":[{"href":"https:\/\/www.campelplanet.com\/fr\/wp-json\/wp\/v2\/types\/page"}],"author":[{"embeddable":true,"href":"https:\/\/www.campelplanet.com\/fr\/wp-json\/wp\/v2\/users\/1"}],"replies":[{"embeddable":true,"href":"https:\/\/www.campelplanet.com\/fr\/wp-json\/wp\/v2\/comments?post=918"}],"version-history":[{"count":1,"href":"https:\/\/www.campelplanet.com\/fr\/wp-json\/wp\/v2\/pages\/918\/revisions"}],"predecessor-version":[{"id":5192,"href":"https:\/\/www.campelplanet.com\/fr\/wp-json\/wp\/v2\/pages\/918\/revisions\/5192"}],"wp:featuredmedia":[{"embeddable":true,"href":"https:\/\/www.campelplanet.com\/fr\/wp-json\/wp\/v2\/media\/615"}],"wp:attachment":[{"href":"https:\/\/www.campelplanet.com\/fr\/wp-json\/wp\/v2\/media?parent=918"}],"curies":[{"name":"wp","href":"https:\/\/api.w.org\/{rel}","templated":true}]}}