{"id":916,"date":"2024-01-03T12:01:45","date_gmt":"2024-01-03T11:01:45","guid":{"rendered":"https:\/\/www.campelplanet.com\/tennis-padel\/"},"modified":"2024-12-20T08:04:33","modified_gmt":"2024-12-20T07:04:33","slug":"tennis-padel","status":"publish","type":"page","link":"https:\/\/www.campelplanet.com\/fr\/tennis-padel\/","title":{"rendered":"Tennis &amp; Padel"},"content":{"rendered":"\t\t<div data-elementor-type=\"wp-page\" data-elementor-id=\"916\" class=\"elementor elementor-916 elementor-218\" data-elementor-post-type=\"page\">\n\t\t\t\t\t\t<section class=\"elementor-section elementor-top-section elementor-element elementor-element-aa7405e elementor-section-boxed elementor-section-height-default elementor-section-height-default\" data-id=\"aa7405e\" data-element_type=\"section\" data-e-type=\"section\" data-settings=\"{&quot;background_background&quot;:&quot;classic&quot;}\">\n\t\t\t\t\t\t\t<div class=\"elementor-background-overlay\"><\/div>\n\t\t\t\t\t\t\t<div class=\"elementor-container elementor-column-gap-no\">\n\t\t\t\t\t<div class=\"elementor-column elementor-col-100 elementor-top-column elementor-element elementor-element-5057017\" data-id=\"5057017\" data-element_type=\"column\" data-e-type=\"column\">\n\t\t\t<div class=\"elementor-widget-wrap elementor-element-populated\">\n\t\t\t\t\t\t\t<\/div>\n\t\t<\/div>\n\t\t\t\t\t<\/div>\n\t\t<\/section>\n\t\t<div class=\"elementor-element elementor-element-171d639 e-flex e-con-boxed e-con e-parent\" data-id=\"171d639\" data-element_type=\"container\" data-e-type=\"container\">\n\t\t\t\t\t<div class=\"e-con-inner\">\n\t\t<div class=\"elementor-element elementor-element-8e3231a e-con-full e-flex e-con e-child\" data-id=\"8e3231a\" data-element_type=\"container\" data-e-type=\"container\">\n\t\t\t\t<div class=\"elementor-element elementor-element-95f5d81 elementor-widget elementor-widget-image\" data-id=\"95f5d81\" data-element_type=\"widget\" data-e-type=\"widget\" data-widget_type=\"image.default\">\n\t\t\t\t\t\t\t\t\t\t\t\t\t\t\t<img decoding=\"async\" src=\"https:\/\/www.campelplanet.com\/wp-content\/uploads\/2024\/12\/pexels-isabella-mendes-342360-scaled-1.jpg\" title=\"pexels-isabella-mendes-342360-scaled.jpg\" alt=\"pexels-isabella-mendes-342360-scaled.jpg\" loading=\"lazy\" \/>\t\t\t\t\t\t\t\t\t\t\t\t\t\t\t<\/div>\n\t\t\t\t<\/div>\n\t\t<div class=\"elementor-element elementor-element-18eb580 e-con-full e-flex e-con e-child\" data-id=\"18eb580\" data-element_type=\"container\" data-e-type=\"container\">\n\t\t\t\t<div class=\"elementor-element elementor-element-e6cd32d elementor-widget elementor-widget-text-editor\" data-id=\"e6cd32d\" data-element_type=\"widget\" data-e-type=\"widget\" data-widget_type=\"text-editor.default\">\n\t\t\t\t\t\t\t\t\t<p>Il existe de nombreux courts de <a href=\"https:\/\/www.mejorset.com\/blog-eng\/how-big-is-a-padel-court-and-what-is-the-difference-in-size-with-a-tennis-court\" target=\"_blank\" rel=\"noopener\">tennis et de pade<\/a>l locaux et, compte tenu de l&rsquo;ampleur de l&rsquo;offre, il est relativement facile d&rsquo;y acc\u00e9der. Deux des clubs les plus proches de chez nous disposent \u00e9galement de courts en terre battue. La location de mat\u00e9riel ne pose g\u00e9n\u00e9ralement pas de probl\u00e8me. Les \u00e9quipes de <a href=\"https:\/\/www.campelplanet.com\/fr\/activities\/\" target=\"_blank\" rel=\"noopener\">tennis<\/a> en visite et les invit\u00e9s qui ont jou\u00e9 dans les clubs locaux ont \u00e9t\u00e9 inconditionnellement positifs quant \u00e0 la qualit\u00e9 des installations. Sans parler du sens du service du personnel des clubs.<\/p>\t\t\t\t\t\t\t\t<\/div>\n\t\t\t\t<\/div>\n\t\t\t\t\t<\/div>\n\t\t\t\t<\/div>\n\t\t\t\t<\/div>\n\t\t","protected":false},"excerpt":{"rendered":"<p>Il existe de nombreux courts de tennis et de padel locaux et, compte tenu de l&rsquo;ampleur de l&rsquo;offre, il est relativement facile d&rsquo;y acc\u00e9der. Deux des clubs les plus proches de chez nous disposent \u00e9galement de courts en terre battue. La location de mat\u00e9riel ne pose g\u00e9n\u00e9ralement pas de probl\u00e8me. Les \u00e9quipes de tennis en [&hellip;]<\/p>\n","protected":false},"author":1,"featured_media":755,"parent":0,"menu_order":0,"comment_status":"closed","ping_status":"closed","template":"elementor_header_footer","meta":{"footnotes":""},"class_list":["post-916","page","type-page","status-publish","has-post-thumbnail","hentry"],"yoast_head":"<!-- This site is optimized with the Yoast SEO Premium plugin v27.4 (Yoast SEO v27.4) - https:\/\/yoast.com\/product\/yoast-seo-premium-wordpress\/ -->\n<title>Tennis &amp; Padel - Camp El Planet<\/title>\n<meta name=\"description\" content=\"Il existe de nombreux courts de tennis et de padel locaux, et compte tenu de l\u2019ampleur de l\u2019offre, il est relativement facile d\u2019y acc\u00e9der.\" \/>\n<meta name=\"robots\" content=\"index, follow, max-snippet:-1, max-image-preview:large, max-video-preview:-1\" \/>\n<link rel=\"canonical\" href=\"https:\/\/www.campelplanet.com\/fr\/tennis-padel\/\" \/>\n<meta property=\"og:locale\" content=\"fr_FR\" \/>\n<meta property=\"og:type\" content=\"article\" \/>\n<meta property=\"og:title\" content=\"Tennis &amp; Padel\" \/>\n<meta property=\"og:description\" content=\"Il existe de nombreux courts de tennis et de padel locaux, et compte tenu de l\u2019ampleur de l\u2019offre, il est relativement facile d\u2019y acc\u00e9der.\" \/>\n<meta property=\"og:url\" content=\"https:\/\/www.campelplanet.com\/fr\/tennis-padel\/\" \/>\n<meta property=\"og:site_name\" content=\"Camp El Planet\" \/>\n<meta property=\"article:publisher\" content=\"https:\/\/www.facebook.com\/campelplanet\" \/>\n<meta property=\"article:modified_time\" content=\"2024-12-20T07:04:33+00:00\" \/>\n<meta property=\"og:image\" content=\"https:\/\/www.campelplanet.com\/wp-content\/uploads\/2024\/01\/pexels-mudassir-ali-1619860-scaled.jpg\" \/>\n\t<meta property=\"og:image:width\" content=\"2560\" \/>\n\t<meta property=\"og:image:height\" content=\"1340\" \/>\n\t<meta property=\"og:image:type\" content=\"image\/jpeg\" \/>\n<meta name=\"twitter:card\" content=\"summary_large_image\" \/>\n<script type=\"application\/ld+json\" class=\"yoast-schema-graph\">{\"@context\":\"https:\\\/\\\/schema.org\",\"@graph\":[{\"@type\":\"WebPage\",\"@id\":\"https:\\\/\\\/www.campelplanet.com\\\/fr\\\/tennis-padel\\\/\",\"url\":\"https:\\\/\\\/www.campelplanet.com\\\/fr\\\/tennis-padel\\\/\",\"name\":\"Tennis &amp; Padel - Camp El Planet\",\"isPartOf\":{\"@id\":\"https:\\\/\\\/www.campelplanet.com\\\/fr\\\/#website\"},\"primaryImageOfPage\":{\"@id\":\"https:\\\/\\\/www.campelplanet.com\\\/fr\\\/tennis-padel\\\/#primaryimage\"},\"image\":{\"@id\":\"https:\\\/\\\/www.campelplanet.com\\\/fr\\\/tennis-padel\\\/#primaryimage\"},\"thumbnailUrl\":\"https:\\\/\\\/www.campelplanet.com\\\/wp-content\\\/uploads\\\/2024\\\/01\\\/pexels-mudassir-ali-1619860-scaled.jpg\",\"datePublished\":\"2024-01-03T11:01:45+00:00\",\"dateModified\":\"2024-12-20T07:04:33+00:00\",\"description\":\"Il existe de nombreux courts de tennis et de padel locaux, et compte tenu de l\u2019ampleur de l\u2019offre, il est relativement facile d\u2019y acc\u00e9der.\",\"breadcrumb\":{\"@id\":\"https:\\\/\\\/www.campelplanet.com\\\/fr\\\/tennis-padel\\\/#breadcrumb\"},\"inLanguage\":\"fr-FR\",\"potentialAction\":[{\"@type\":\"ReadAction\",\"target\":[\"https:\\\/\\\/www.campelplanet.com\\\/fr\\\/tennis-padel\\\/\"]}]},{\"@type\":\"ImageObject\",\"inLanguage\":\"fr-FR\",\"@id\":\"https:\\\/\\\/www.campelplanet.com\\\/fr\\\/tennis-padel\\\/#primaryimage\",\"url\":\"https:\\\/\\\/www.campelplanet.com\\\/wp-content\\\/uploads\\\/2024\\\/01\\\/pexels-mudassir-ali-1619860-scaled.jpg\",\"contentUrl\":\"https:\\\/\\\/www.campelplanet.com\\\/wp-content\\\/uploads\\\/2024\\\/01\\\/pexels-mudassir-ali-1619860-scaled.jpg\",\"width\":2560,\"height\":1340,\"caption\":\"Tennis & Padel\"},{\"@type\":\"BreadcrumbList\",\"@id\":\"https:\\\/\\\/www.campelplanet.com\\\/fr\\\/tennis-padel\\\/#breadcrumb\",\"itemListElement\":[{\"@type\":\"ListItem\",\"position\":1,\"name\":\"Home\",\"item\":\"https:\\\/\\\/www.campelplanet.com\\\/fr\\\/\"},{\"@type\":\"ListItem\",\"position\":2,\"name\":\"Tennis &amp; Padel\"}]},{\"@type\":\"WebSite\",\"@id\":\"https:\\\/\\\/www.campelplanet.com\\\/fr\\\/#website\",\"url\":\"https:\\\/\\\/www.campelplanet.com\\\/fr\\\/\",\"name\":\"Camp El Planet's\",\"description\":\"The soul of the Costa Blanca\",\"publisher\":{\"@id\":\"https:\\\/\\\/www.campelplanet.com\\\/fr\\\/#organization\"},\"potentialAction\":[{\"@type\":\"SearchAction\",\"target\":{\"@type\":\"EntryPoint\",\"urlTemplate\":\"https:\\\/\\\/www.campelplanet.com\\\/fr\\\/?s={search_term_string}\"},\"query-input\":{\"@type\":\"PropertyValueSpecification\",\"valueRequired\":true,\"valueName\":\"search_term_string\"}}],\"inLanguage\":\"fr-FR\"},{\"@type\":\"Organization\",\"@id\":\"https:\\\/\\\/www.campelplanet.com\\\/fr\\\/#organization\",\"name\":\"Camp El Planet's\",\"url\":\"https:\\\/\\\/www.campelplanet.com\\\/fr\\\/\",\"logo\":{\"@type\":\"ImageObject\",\"inLanguage\":\"fr-FR\",\"@id\":\"https:\\\/\\\/www.campelplanet.com\\\/fr\\\/#\\\/schema\\\/logo\\\/image\\\/\",\"url\":\"https:\\\/\\\/www.campelplanet.com\\\/wp-content\\\/uploads\\\/2024\\\/01\\\/cropped-CampElPlanet_bla.png\",\"contentUrl\":\"https:\\\/\\\/www.campelplanet.com\\\/wp-content\\\/uploads\\\/2024\\\/01\\\/cropped-CampElPlanet_bla.png\",\"width\":440,\"height\":256,\"caption\":\"Camp El Planet's\"},\"image\":{\"@id\":\"https:\\\/\\\/www.campelplanet.com\\\/fr\\\/#\\\/schema\\\/logo\\\/image\\\/\"},\"sameAs\":[\"https:\\\/\\\/www.facebook.com\\\/campelplanet\",\"https:\\\/\\\/www.instagram.com\\\/campelplanet\\\/\"]}]}<\/script>\n<!-- \/ Yoast SEO Premium plugin. -->","yoast_head_json":{"title":"Tennis &amp; Padel - Camp El Planet","description":"Il existe de nombreux courts de tennis et de padel locaux, et compte tenu de l\u2019ampleur de l\u2019offre, il est relativement facile d\u2019y acc\u00e9der.","robots":{"index":"index","follow":"follow","max-snippet":"max-snippet:-1","max-image-preview":"max-image-preview:large","max-video-preview":"max-video-preview:-1"},"canonical":"https:\/\/www.campelplanet.com\/fr\/tennis-padel\/","og_locale":"fr_FR","og_type":"article","og_title":"Tennis &amp; Padel","og_description":"Il existe de nombreux courts de tennis et de padel locaux, et compte tenu de l\u2019ampleur de l\u2019offre, il est relativement facile d\u2019y acc\u00e9der.","og_url":"https:\/\/www.campelplanet.com\/fr\/tennis-padel\/","og_site_name":"Camp El Planet","article_publisher":"https:\/\/www.facebook.com\/campelplanet","article_modified_time":"2024-12-20T07:04:33+00:00","og_image":[{"width":2560,"height":1340,"url":"https:\/\/www.campelplanet.com\/wp-content\/uploads\/2024\/01\/pexels-mudassir-ali-1619860-scaled.jpg","type":"image\/jpeg"}],"twitter_card":"summary_large_image","schema":{"@context":"https:\/\/schema.org","@graph":[{"@type":"WebPage","@id":"https:\/\/www.campelplanet.com\/fr\/tennis-padel\/","url":"https:\/\/www.campelplanet.com\/fr\/tennis-padel\/","name":"Tennis &amp; Padel - Camp El Planet","isPartOf":{"@id":"https:\/\/www.campelplanet.com\/fr\/#website"},"primaryImageOfPage":{"@id":"https:\/\/www.campelplanet.com\/fr\/tennis-padel\/#primaryimage"},"image":{"@id":"https:\/\/www.campelplanet.com\/fr\/tennis-padel\/#primaryimage"},"thumbnailUrl":"https:\/\/www.campelplanet.com\/wp-content\/uploads\/2024\/01\/pexels-mudassir-ali-1619860-scaled.jpg","datePublished":"2024-01-03T11:01:45+00:00","dateModified":"2024-12-20T07:04:33+00:00","description":"Il existe de nombreux courts de tennis et de padel locaux, et compte tenu de l\u2019ampleur de l\u2019offre, il est relativement facile d\u2019y acc\u00e9der.","breadcrumb":{"@id":"https:\/\/www.campelplanet.com\/fr\/tennis-padel\/#breadcrumb"},"inLanguage":"fr-FR","potentialAction":[{"@type":"ReadAction","target":["https:\/\/www.campelplanet.com\/fr\/tennis-padel\/"]}]},{"@type":"ImageObject","inLanguage":"fr-FR","@id":"https:\/\/www.campelplanet.com\/fr\/tennis-padel\/#primaryimage","url":"https:\/\/www.campelplanet.com\/wp-content\/uploads\/2024\/01\/pexels-mudassir-ali-1619860-scaled.jpg","contentUrl":"https:\/\/www.campelplanet.com\/wp-content\/uploads\/2024\/01\/pexels-mudassir-ali-1619860-scaled.jpg","width":2560,"height":1340,"caption":"Tennis & Padel"},{"@type":"BreadcrumbList","@id":"https:\/\/www.campelplanet.com\/fr\/tennis-padel\/#breadcrumb","itemListElement":[{"@type":"ListItem","position":1,"name":"Home","item":"https:\/\/www.campelplanet.com\/fr\/"},{"@type":"ListItem","position":2,"name":"Tennis &amp; Padel"}]},{"@type":"WebSite","@id":"https:\/\/www.campelplanet.com\/fr\/#website","url":"https:\/\/www.campelplanet.com\/fr\/","name":"Camp El Planet's","description":"The soul of the Costa Blanca","publisher":{"@id":"https:\/\/www.campelplanet.com\/fr\/#organization"},"potentialAction":[{"@type":"SearchAction","target":{"@type":"EntryPoint","urlTemplate":"https:\/\/www.campelplanet.com\/fr\/?s={search_term_string}"},"query-input":{"@type":"PropertyValueSpecification","valueRequired":true,"valueName":"search_term_string"}}],"inLanguage":"fr-FR"},{"@type":"Organization","@id":"https:\/\/www.campelplanet.com\/fr\/#organization","name":"Camp El Planet's","url":"https:\/\/www.campelplanet.com\/fr\/","logo":{"@type":"ImageObject","inLanguage":"fr-FR","@id":"https:\/\/www.campelplanet.com\/fr\/#\/schema\/logo\/image\/","url":"https:\/\/www.campelplanet.com\/wp-content\/uploads\/2024\/01\/cropped-CampElPlanet_bla.png","contentUrl":"https:\/\/www.campelplanet.com\/wp-content\/uploads\/2024\/01\/cropped-CampElPlanet_bla.png","width":440,"height":256,"caption":"Camp El Planet's"},"image":{"@id":"https:\/\/www.campelplanet.com\/fr\/#\/schema\/logo\/image\/"},"sameAs":["https:\/\/www.facebook.com\/campelplanet","https:\/\/www.instagram.com\/campelplanet\/"]}]}},"_links":{"self":[{"href":"https:\/\/www.campelplanet.com\/fr\/wp-json\/wp\/v2\/pages\/916","targetHints":{"allow":["GET"]}}],"collection":[{"href":"https:\/\/www.campelplanet.com\/fr\/wp-json\/wp\/v2\/pages"}],"about":[{"href":"https:\/\/www.campelplanet.com\/fr\/wp-json\/wp\/v2\/types\/page"}],"author":[{"embeddable":true,"href":"https:\/\/www.campelplanet.com\/fr\/wp-json\/wp\/v2\/users\/1"}],"replies":[{"embeddable":true,"href":"https:\/\/www.campelplanet.com\/fr\/wp-json\/wp\/v2\/comments?post=916"}],"version-history":[{"count":1,"href":"https:\/\/www.campelplanet.com\/fr\/wp-json\/wp\/v2\/pages\/916\/revisions"}],"predecessor-version":[{"id":5183,"href":"https:\/\/www.campelplanet.com\/fr\/wp-json\/wp\/v2\/pages\/916\/revisions\/5183"}],"wp:featuredmedia":[{"embeddable":true,"href":"https:\/\/www.campelplanet.com\/fr\/wp-json\/wp\/v2\/media\/755"}],"wp:attachment":[{"href":"https:\/\/www.campelplanet.com\/fr\/wp-json\/wp\/v2\/media?parent=916"}],"curies":[{"name":"wp","href":"https:\/\/api.w.org\/{rel}","templated":true}]}}