{"id":900,"date":"2024-01-03T11:23:15","date_gmt":"2024-01-03T10:23:15","guid":{"rendered":"https:\/\/www.campelplanet.com\/escalade\/"},"modified":"2024-12-20T07:57:34","modified_gmt":"2024-12-20T06:57:34","slug":"escalade","status":"publish","type":"page","link":"https:\/\/www.campelplanet.com\/fr\/escalade\/","title":{"rendered":"Escalade"},"content":{"rendered":"\t\t<div data-elementor-type=\"wp-page\" data-elementor-id=\"900\" class=\"elementor elementor-900 elementor-195\" data-elementor-post-type=\"page\">\n\t\t\t\t\t\t<section class=\"elementor-section elementor-top-section elementor-element elementor-element-b5b2df4 elementor-section-boxed elementor-section-height-default elementor-section-height-default\" data-id=\"b5b2df4\" data-element_type=\"section\" data-e-type=\"section\" data-settings=\"{&quot;background_background&quot;:&quot;classic&quot;}\">\n\t\t\t\t\t\t<div class=\"elementor-container elementor-column-gap-no\">\n\t\t\t\t\t<div class=\"elementor-column elementor-col-100 elementor-top-column elementor-element elementor-element-eb1adb3\" data-id=\"eb1adb3\" data-element_type=\"column\" data-e-type=\"column\">\n\t\t\t<div class=\"elementor-widget-wrap elementor-element-populated\">\n\t\t\t\t\t\t\t<\/div>\n\t\t<\/div>\n\t\t\t\t\t<\/div>\n\t\t<\/section>\n\t\t<div class=\"elementor-element elementor-element-c2e8d87 e-flex e-con-boxed e-con e-parent\" data-id=\"c2e8d87\" data-element_type=\"container\" data-e-type=\"container\">\n\t\t\t\t\t<div class=\"e-con-inner\">\n\t\t<div class=\"elementor-element elementor-element-d819652 e-con-full e-flex e-con e-child\" data-id=\"d819652\" data-element_type=\"container\" data-e-type=\"container\">\n\t\t\t\t<div class=\"elementor-element elementor-element-0413ba2 elementor-widget elementor-widget-image\" data-id=\"0413ba2\" data-element_type=\"widget\" data-e-type=\"widget\" data-widget_type=\"image.default\">\n\t\t\t\t\t\t\t\t\t\t\t\t\t\t\t<img fetchpriority=\"high\" decoding=\"async\" width=\"800\" height=\"500\" src=\"https:\/\/www.campelplanet.com\/wp-content\/uploads\/2024\/12\/AdobeStock_124297029_Preview.webp\" class=\"attachment-large size-large wp-image-4933\" alt=\"\" srcset=\"https:\/\/www.campelplanet.com\/wp-content\/uploads\/2024\/12\/AdobeStock_124297029_Preview.webp 1000w, https:\/\/www.campelplanet.com\/wp-content\/uploads\/2024\/12\/AdobeStock_124297029_Preview-300x188.webp 300w, https:\/\/www.campelplanet.com\/wp-content\/uploads\/2024\/12\/AdobeStock_124297029_Preview-768x480.webp 768w\" sizes=\"(max-width: 800px) 100vw, 800px\" \/>\t\t\t\t\t\t\t\t\t\t\t\t\t\t\t<\/div>\n\t\t\t\t<div class=\"elementor-element elementor-element-eaa1e27 elementor-widget elementor-widget-image\" data-id=\"eaa1e27\" data-element_type=\"widget\" data-e-type=\"widget\" data-widget_type=\"image.default\">\n\t\t\t\t\t\t\t\t\t\t\t\t\t\t\t<img decoding=\"async\" width=\"800\" height=\"600\" src=\"https:\/\/www.campelplanet.com\/wp-content\/uploads\/2024\/12\/20231226_135931-scaled-1-1024x768.jpg\" class=\"attachment-large size-large wp-image-4939\" alt=\"\" srcset=\"https:\/\/www.campelplanet.com\/wp-content\/uploads\/2024\/12\/20231226_135931-scaled-1-1024x768.jpg 1024w, https:\/\/www.campelplanet.com\/wp-content\/uploads\/2024\/12\/20231226_135931-scaled-1-300x225.jpg 300w, https:\/\/www.campelplanet.com\/wp-content\/uploads\/2024\/12\/20231226_135931-scaled-1-768x576.jpg 768w, https:\/\/www.campelplanet.com\/wp-content\/uploads\/2024\/12\/20231226_135931-scaled-1-1536x1152.jpg 1536w, https:\/\/www.campelplanet.com\/wp-content\/uploads\/2024\/12\/20231226_135931-scaled-1-2048x1536.jpg 2048w\" sizes=\"(max-width: 800px) 100vw, 800px\" \/>\t\t\t\t\t\t\t\t\t\t\t\t\t\t\t<\/div>\n\t\t\t\t<\/div>\n\t\t<div class=\"elementor-element elementor-element-9ae93fa e-con-full e-flex e-con e-child\" data-id=\"9ae93fa\" data-element_type=\"container\" data-e-type=\"container\">\n\t\t\t\t<div class=\"elementor-element elementor-element-9a2f2f2 elementor-widget elementor-widget-text-editor\" data-id=\"9a2f2f2\" data-element_type=\"widget\" data-e-type=\"widget\" data-widget_type=\"text-editor.default\">\n\t\t\t\t\t\t\t\t\t<p><strong>\u00ab\u00a0Parce que c&rsquo;est l\u00e0.\u00a0\u00bb &#8211; Georges Mallory.<\/strong><\/p>\n<p>Eh bien, les montagnes de la r\u00e9gion ne ressemblent gu\u00e8re \u00e0 l&rsquo;Himalaya, mais sont n\u00e9anmoins reconnues internationalement comme un superbe site pour gravir <span data-sheets-root=\"1\" data-sheets-value=\"{\"1\":2,\"2\":\"climbing Costa Blanca\"}\" data-sheets-userformat=\"{\"2\":14851,\"3\":{\"1\":0},\"4\":{\"1\":2,\"2\":16777215},\"12\":0,\"14\":{\"1\":2,\"2\":0},\"15\":\"Lexend\",\"16\":11}\">la Costa Blanca<\/span>. Le grand nombre de rochers et de rochers et le climat tr\u00e8s favorable font de cette r\u00e9gion de la Costa Blanca une destination pour les grimpeurs de partout. L&rsquo;escalade sur la Costa Blanca est tr\u00e8s vaste et vari\u00e9e, mais le plus important est la fantastique qualit\u00e9 des itin\u00e9raires. Dans l&rsquo;ensemble; calcaire boulonn\u00e9 de bonne qualit\u00e9.<\/p>\n<p>L&rsquo;escalade <a href=\"https:\/\/www.campelplanet.com\/climbing\/\">varie<\/a> de courtes falaises \u00e0 voie unique en bord de route \u00e0 de longues voies \u00e0 plusieurs voies dans les <a href=\"https:\/\/en.wikipedia.org\/wiki\/Mountain\">montagnes<\/a>. La quantit\u00e9 et la diversit\u00e9 des possibilit\u00e9s rendent une longue pr\u00e9sentation presque impossible. Il existe un certain nombre de sites Web contenant de tr\u00e8s bonnes descriptions des diff\u00e9rents itin\u00e9raires ; carte de localisation, br\u00e8ve description des notes, y compris les notes, les coordonn\u00e9es GPS du parking, d&rsquo;excellentes photos contenant les topo locaux et des informations sur le meilleur moment pour grimper. Il existe \u00e9galement des guides disponibles qui pr\u00e9sentent l&rsquo;excellente et diversifi\u00e9e escalade que l&rsquo;on trouve sur la Costa Blanca. Et si vous allez en ligne, une simple recherche \u00ab escalade de la Costa Blanca \u00bb fera appara\u00eetre un certain nombre de sites Web vraiment informatifs et int\u00e9ressants.<\/p>\n<p>Situ\u00e9 juste entre Gandia au nord et Alicante au sud du Camp El Planet, vous pouvez rejoindre les lieux les plus populaires en moins de 45 minutes. Apr\u00e8s une longue journ\u00e9e en montagne, vous n&rsquo;avez probablement rien contre le fait de vous allonger quelques heures sur la plage en d\u00e9but de soir\u00e9e.<\/p>\n\t\t\t\t\t\t\t\t<\/div>\n\t\t\t\t<\/div>\n\t\t\t\t\t<\/div>\n\t\t\t\t<\/div>\n\t\t\t\t<\/div>\n\t\t","protected":false},"excerpt":{"rendered":"<p>\u00ab\u00a0Parce que c&rsquo;est l\u00e0.\u00a0\u00bb &#8211; Georges Mallory. Eh bien, les montagnes de la r\u00e9gion ne ressemblent gu\u00e8re \u00e0 l&rsquo;Himalaya, mais sont n\u00e9anmoins reconnues internationalement comme un superbe site pour gravir la Costa Blanca. Le grand nombre de rochers et de rochers et le climat tr\u00e8s favorable font de cette r\u00e9gion de la Costa Blanca une [&hellip;]<\/p>\n","protected":false},"author":1,"featured_media":730,"parent":0,"menu_order":0,"comment_status":"closed","ping_status":"closed","template":"elementor_header_footer","meta":{"footnotes":""},"class_list":["post-900","page","type-page","status-publish","has-post-thumbnail","hentry"],"yoast_head":"<!-- This site is optimized with the Yoast SEO Premium plugin v27.4 (Yoast SEO v27.4) - https:\/\/yoast.com\/product\/yoast-seo-premium-wordpress\/ -->\n<title>escalader la Costa Blanca<\/title>\n<meta name=\"description\" content=\"Nous sommes n\u00e9anmoins reconnus au niveau international comme un superbe site pour gravir la Costa Blanca. Le grand nombre de rochers et de rochers et...\" \/>\n<meta name=\"robots\" content=\"index, follow, max-snippet:-1, max-image-preview:large, max-video-preview:-1\" \/>\n<link rel=\"canonical\" href=\"https:\/\/www.campelplanet.com\/fr\/escalade\/\" \/>\n<meta property=\"og:locale\" content=\"fr_FR\" \/>\n<meta property=\"og:type\" content=\"article\" \/>\n<meta property=\"og:title\" content=\"Escalade\" \/>\n<meta property=\"og:description\" content=\"Nous sommes n\u00e9anmoins reconnus au niveau international comme un superbe site pour gravir la Costa Blanca. Le grand nombre de rochers et de rochers et...\" \/>\n<meta property=\"og:url\" content=\"https:\/\/www.campelplanet.com\/fr\/escalade\/\" \/>\n<meta property=\"og:site_name\" content=\"Camp El Planet\" \/>\n<meta property=\"article:publisher\" content=\"https:\/\/www.facebook.com\/campelplanet\" \/>\n<meta property=\"article:modified_time\" content=\"2024-12-20T06:57:34+00:00\" \/>\n<meta property=\"og:image\" content=\"https:\/\/www.campelplanet.com\/wp-content\/uploads\/2024\/01\/pexels-ashok-j-kshetri-15065901-scaled.jpg\" \/>\n\t<meta property=\"og:image:width\" content=\"2560\" \/>\n\t<meta property=\"og:image:height\" content=\"1707\" \/>\n\t<meta property=\"og:image:type\" content=\"image\/jpeg\" \/>\n<meta name=\"twitter:card\" content=\"summary_large_image\" \/>\n<script type=\"application\/ld+json\" class=\"yoast-schema-graph\">{\"@context\":\"https:\\\/\\\/schema.org\",\"@graph\":[{\"@type\":\"WebPage\",\"@id\":\"https:\\\/\\\/www.campelplanet.com\\\/fr\\\/escalade\\\/\",\"url\":\"https:\\\/\\\/www.campelplanet.com\\\/fr\\\/escalade\\\/\",\"name\":\"escalader la Costa Blanca\",\"isPartOf\":{\"@id\":\"https:\\\/\\\/www.campelplanet.com\\\/fr\\\/#website\"},\"primaryImageOfPage\":{\"@id\":\"https:\\\/\\\/www.campelplanet.com\\\/fr\\\/escalade\\\/#primaryimage\"},\"image\":{\"@id\":\"https:\\\/\\\/www.campelplanet.com\\\/fr\\\/escalade\\\/#primaryimage\"},\"thumbnailUrl\":\"https:\\\/\\\/www.campelplanet.com\\\/wp-content\\\/uploads\\\/2024\\\/01\\\/pexels-ashok-j-kshetri-15065901-scaled.jpg\",\"datePublished\":\"2024-01-03T10:23:15+00:00\",\"dateModified\":\"2024-12-20T06:57:34+00:00\",\"description\":\"Nous sommes n\u00e9anmoins reconnus au niveau international comme un superbe site pour gravir la Costa Blanca. Le grand nombre de rochers et de rochers et...\",\"breadcrumb\":{\"@id\":\"https:\\\/\\\/www.campelplanet.com\\\/fr\\\/escalade\\\/#breadcrumb\"},\"inLanguage\":\"fr-FR\",\"potentialAction\":[{\"@type\":\"ReadAction\",\"target\":[\"https:\\\/\\\/www.campelplanet.com\\\/fr\\\/escalade\\\/\"]}]},{\"@type\":\"ImageObject\",\"inLanguage\":\"fr-FR\",\"@id\":\"https:\\\/\\\/www.campelplanet.com\\\/fr\\\/escalade\\\/#primaryimage\",\"url\":\"https:\\\/\\\/www.campelplanet.com\\\/wp-content\\\/uploads\\\/2024\\\/01\\\/pexels-ashok-j-kshetri-15065901-scaled.jpg\",\"contentUrl\":\"https:\\\/\\\/www.campelplanet.com\\\/wp-content\\\/uploads\\\/2024\\\/01\\\/pexels-ashok-j-kshetri-15065901-scaled.jpg\",\"width\":2560,\"height\":1707,\"caption\":\"climbing Costa Blanca\"},{\"@type\":\"BreadcrumbList\",\"@id\":\"https:\\\/\\\/www.campelplanet.com\\\/fr\\\/escalade\\\/#breadcrumb\",\"itemListElement\":[{\"@type\":\"ListItem\",\"position\":1,\"name\":\"Home\",\"item\":\"https:\\\/\\\/www.campelplanet.com\\\/fr\\\/\"},{\"@type\":\"ListItem\",\"position\":2,\"name\":\"Escalade\"}]},{\"@type\":\"WebSite\",\"@id\":\"https:\\\/\\\/www.campelplanet.com\\\/fr\\\/#website\",\"url\":\"https:\\\/\\\/www.campelplanet.com\\\/fr\\\/\",\"name\":\"Camp El Planet's\",\"description\":\"The soul of the Costa Blanca\",\"publisher\":{\"@id\":\"https:\\\/\\\/www.campelplanet.com\\\/fr\\\/#organization\"},\"potentialAction\":[{\"@type\":\"SearchAction\",\"target\":{\"@type\":\"EntryPoint\",\"urlTemplate\":\"https:\\\/\\\/www.campelplanet.com\\\/fr\\\/?s={search_term_string}\"},\"query-input\":{\"@type\":\"PropertyValueSpecification\",\"valueRequired\":true,\"valueName\":\"search_term_string\"}}],\"inLanguage\":\"fr-FR\"},{\"@type\":\"Organization\",\"@id\":\"https:\\\/\\\/www.campelplanet.com\\\/fr\\\/#organization\",\"name\":\"Camp El Planet's\",\"url\":\"https:\\\/\\\/www.campelplanet.com\\\/fr\\\/\",\"logo\":{\"@type\":\"ImageObject\",\"inLanguage\":\"fr-FR\",\"@id\":\"https:\\\/\\\/www.campelplanet.com\\\/fr\\\/#\\\/schema\\\/logo\\\/image\\\/\",\"url\":\"https:\\\/\\\/www.campelplanet.com\\\/wp-content\\\/uploads\\\/2024\\\/01\\\/cropped-CampElPlanet_bla.png\",\"contentUrl\":\"https:\\\/\\\/www.campelplanet.com\\\/wp-content\\\/uploads\\\/2024\\\/01\\\/cropped-CampElPlanet_bla.png\",\"width\":440,\"height\":256,\"caption\":\"Camp El Planet's\"},\"image\":{\"@id\":\"https:\\\/\\\/www.campelplanet.com\\\/fr\\\/#\\\/schema\\\/logo\\\/image\\\/\"},\"sameAs\":[\"https:\\\/\\\/www.facebook.com\\\/campelplanet\",\"https:\\\/\\\/www.instagram.com\\\/campelplanet\\\/\"]}]}<\/script>\n<!-- \/ Yoast SEO Premium plugin. -->","yoast_head_json":{"title":"escalader la Costa Blanca","description":"Nous sommes n\u00e9anmoins reconnus au niveau international comme un superbe site pour gravir la Costa Blanca. Le grand nombre de rochers et de rochers et...","robots":{"index":"index","follow":"follow","max-snippet":"max-snippet:-1","max-image-preview":"max-image-preview:large","max-video-preview":"max-video-preview:-1"},"canonical":"https:\/\/www.campelplanet.com\/fr\/escalade\/","og_locale":"fr_FR","og_type":"article","og_title":"Escalade","og_description":"Nous sommes n\u00e9anmoins reconnus au niveau international comme un superbe site pour gravir la Costa Blanca. Le grand nombre de rochers et de rochers et...","og_url":"https:\/\/www.campelplanet.com\/fr\/escalade\/","og_site_name":"Camp El Planet","article_publisher":"https:\/\/www.facebook.com\/campelplanet","article_modified_time":"2024-12-20T06:57:34+00:00","og_image":[{"width":2560,"height":1707,"url":"https:\/\/www.campelplanet.com\/wp-content\/uploads\/2024\/01\/pexels-ashok-j-kshetri-15065901-scaled.jpg","type":"image\/jpeg"}],"twitter_card":"summary_large_image","schema":{"@context":"https:\/\/schema.org","@graph":[{"@type":"WebPage","@id":"https:\/\/www.campelplanet.com\/fr\/escalade\/","url":"https:\/\/www.campelplanet.com\/fr\/escalade\/","name":"escalader la Costa Blanca","isPartOf":{"@id":"https:\/\/www.campelplanet.com\/fr\/#website"},"primaryImageOfPage":{"@id":"https:\/\/www.campelplanet.com\/fr\/escalade\/#primaryimage"},"image":{"@id":"https:\/\/www.campelplanet.com\/fr\/escalade\/#primaryimage"},"thumbnailUrl":"https:\/\/www.campelplanet.com\/wp-content\/uploads\/2024\/01\/pexels-ashok-j-kshetri-15065901-scaled.jpg","datePublished":"2024-01-03T10:23:15+00:00","dateModified":"2024-12-20T06:57:34+00:00","description":"Nous sommes n\u00e9anmoins reconnus au niveau international comme un superbe site pour gravir la Costa Blanca. Le grand nombre de rochers et de rochers et...","breadcrumb":{"@id":"https:\/\/www.campelplanet.com\/fr\/escalade\/#breadcrumb"},"inLanguage":"fr-FR","potentialAction":[{"@type":"ReadAction","target":["https:\/\/www.campelplanet.com\/fr\/escalade\/"]}]},{"@type":"ImageObject","inLanguage":"fr-FR","@id":"https:\/\/www.campelplanet.com\/fr\/escalade\/#primaryimage","url":"https:\/\/www.campelplanet.com\/wp-content\/uploads\/2024\/01\/pexels-ashok-j-kshetri-15065901-scaled.jpg","contentUrl":"https:\/\/www.campelplanet.com\/wp-content\/uploads\/2024\/01\/pexels-ashok-j-kshetri-15065901-scaled.jpg","width":2560,"height":1707,"caption":"climbing Costa Blanca"},{"@type":"BreadcrumbList","@id":"https:\/\/www.campelplanet.com\/fr\/escalade\/#breadcrumb","itemListElement":[{"@type":"ListItem","position":1,"name":"Home","item":"https:\/\/www.campelplanet.com\/fr\/"},{"@type":"ListItem","position":2,"name":"Escalade"}]},{"@type":"WebSite","@id":"https:\/\/www.campelplanet.com\/fr\/#website","url":"https:\/\/www.campelplanet.com\/fr\/","name":"Camp El Planet's","description":"The soul of the Costa Blanca","publisher":{"@id":"https:\/\/www.campelplanet.com\/fr\/#organization"},"potentialAction":[{"@type":"SearchAction","target":{"@type":"EntryPoint","urlTemplate":"https:\/\/www.campelplanet.com\/fr\/?s={search_term_string}"},"query-input":{"@type":"PropertyValueSpecification","valueRequired":true,"valueName":"search_term_string"}}],"inLanguage":"fr-FR"},{"@type":"Organization","@id":"https:\/\/www.campelplanet.com\/fr\/#organization","name":"Camp El Planet's","url":"https:\/\/www.campelplanet.com\/fr\/","logo":{"@type":"ImageObject","inLanguage":"fr-FR","@id":"https:\/\/www.campelplanet.com\/fr\/#\/schema\/logo\/image\/","url":"https:\/\/www.campelplanet.com\/wp-content\/uploads\/2024\/01\/cropped-CampElPlanet_bla.png","contentUrl":"https:\/\/www.campelplanet.com\/wp-content\/uploads\/2024\/01\/cropped-CampElPlanet_bla.png","width":440,"height":256,"caption":"Camp El Planet's"},"image":{"@id":"https:\/\/www.campelplanet.com\/fr\/#\/schema\/logo\/image\/"},"sameAs":["https:\/\/www.facebook.com\/campelplanet","https:\/\/www.instagram.com\/campelplanet\/"]}]}},"_links":{"self":[{"href":"https:\/\/www.campelplanet.com\/fr\/wp-json\/wp\/v2\/pages\/900","targetHints":{"allow":["GET"]}}],"collection":[{"href":"https:\/\/www.campelplanet.com\/fr\/wp-json\/wp\/v2\/pages"}],"about":[{"href":"https:\/\/www.campelplanet.com\/fr\/wp-json\/wp\/v2\/types\/page"}],"author":[{"embeddable":true,"href":"https:\/\/www.campelplanet.com\/fr\/wp-json\/wp\/v2\/users\/1"}],"replies":[{"embeddable":true,"href":"https:\/\/www.campelplanet.com\/fr\/wp-json\/wp\/v2\/comments?post=900"}],"version-history":[{"count":1,"href":"https:\/\/www.campelplanet.com\/fr\/wp-json\/wp\/v2\/pages\/900\/revisions"}],"predecessor-version":[{"id":5177,"href":"https:\/\/www.campelplanet.com\/fr\/wp-json\/wp\/v2\/pages\/900\/revisions\/5177"}],"wp:featuredmedia":[{"embeddable":true,"href":"https:\/\/www.campelplanet.com\/fr\/wp-json\/wp\/v2\/media\/730"}],"wp:attachment":[{"href":"https:\/\/www.campelplanet.com\/fr\/wp-json\/wp\/v2\/media?parent=900"}],"curies":[{"name":"wp","href":"https:\/\/api.w.org\/{rel}","templated":true}]}}