{"id":894,"date":"2024-01-03T11:35:46","date_gmt":"2024-01-03T10:35:46","guid":{"rendered":"https:\/\/www.campelplanet.com\/le-golf\/"},"modified":"2024-12-20T08:00:28","modified_gmt":"2024-12-20T07:00:28","slug":"le-golf","status":"publish","type":"page","link":"https:\/\/www.campelplanet.com\/fr\/le-golf\/","title":{"rendered":"Le golf"},"content":{"rendered":"\t\t<div data-elementor-type=\"wp-page\" data-elementor-id=\"894\" class=\"elementor elementor-894 elementor-205\" data-elementor-post-type=\"page\">\n\t\t\t\t\t\t<section class=\"elementor-section elementor-top-section elementor-element elementor-element-b6e25f7 elementor-section-boxed elementor-section-height-default elementor-section-height-default\" data-id=\"b6e25f7\" data-element_type=\"section\" data-e-type=\"section\" data-settings=\"{&quot;background_background&quot;:&quot;classic&quot;}\">\n\t\t\t\t\t\t<div class=\"elementor-container elementor-column-gap-no\">\n\t\t\t\t\t<div class=\"elementor-column elementor-col-100 elementor-top-column elementor-element elementor-element-ed1565a\" data-id=\"ed1565a\" data-element_type=\"column\" data-e-type=\"column\">\n\t\t\t<div class=\"elementor-widget-wrap elementor-element-populated\">\n\t\t\t\t\t\t\t<\/div>\n\t\t<\/div>\n\t\t\t\t\t<\/div>\n\t\t<\/section>\n\t\t<div class=\"elementor-element elementor-element-66670f9 e-flex e-con-boxed e-con e-parent\" data-id=\"66670f9\" data-element_type=\"container\" data-e-type=\"container\">\n\t\t\t\t\t<div class=\"e-con-inner\">\n\t\t<div class=\"elementor-element elementor-element-9070f89 e-con-full e-flex e-con e-child\" data-id=\"9070f89\" data-element_type=\"container\" data-e-type=\"container\">\n\t\t\t\t<div class=\"elementor-element elementor-element-188531d elementor-widget elementor-widget-image\" data-id=\"188531d\" data-element_type=\"widget\" data-e-type=\"widget\" data-widget_type=\"image.default\">\n\t\t\t\t\t\t\t\t\t\t\t\t\t\t\t<img decoding=\"async\" src=\"https:\/\/www.campelplanet.com\/wp-content\/uploads\/2024\/12\/pexels-hugo-sykes-13421523-scaled-1.jpg\" title=\"\" alt=\"\" loading=\"lazy\" \/>\t\t\t\t\t\t\t\t\t\t\t\t\t\t\t<\/div>\n\t\t\t\t<\/div>\n\t\t<div class=\"elementor-element elementor-element-dc1406a e-con-full e-flex e-con e-child\" data-id=\"dc1406a\" data-element_type=\"container\" data-e-type=\"container\">\n\t\t\t\t<div class=\"elementor-element elementor-element-72fd216 elementor-widget__width-inherit elementor-widget elementor-widget-text-editor\" data-id=\"72fd216\" data-element_type=\"widget\" data-e-type=\"widget\" data-widget_type=\"text-editor.default\">\n\t\t\t\t\t\t\t\t\t<p><img fetchpriority=\"high\" decoding=\"async\" class=\"size-medium wp-image-3878 alignright\" src=\"https:\/\/www.campelplanet.com\/wp-content\/uploads\/2024\/11\/AdobeStock_221562895_Preview-300x200.webp\" alt=\"\" width=\"300\" height=\"200\" \/><\/p><p style=\"background: white;\"><strong><span style=\"font-size: 11.5pt; font-family: 'Work Sans'; color: #7a7a7a;\">\u201cGolf is a game in which you yell \u2018fore\u2019, shoot six and write down five.\u201d \u2013 Paul Harvey.<\/span><\/strong><\/p><p>Compte tenu du climat favorable, il n&rsquo;est pas surprenant qu&rsquo;il existe de nombreux terrains de golf sur la Costa Blanca. La Costa Blanca est l&rsquo;un des principaux centres de r\u00e9f\u00e9rence internationaux pour la pratique du golf avec 21 parcours (dont 3 Pitch &amp; Putt), tous situ\u00e9s dans un paysage t<a href=\"https:\/\/www.houzz.com\/photos\/mediterranean-landscaping-ideas-phbr1-bp~t_728~s_2109\">ypiquement m\u00e9diterran\u00e9en.<\/a> Une temp\u00e9rature annuelle moyenne de 17 degr\u00e9s centigrades permet de jouer au golf tous les jours de l&rsquo;ann\u00e9e.DSC00923 \u2013 Kopi (2)Les parcours situ\u00e9s dans la partie nord de la Costa Blanca sont accessibles en 30 \u00e0 45 minutes en voiture ; les parcours au sud d&rsquo;Alicante prendront un peu plus de temps. <a href=\"https:\/\/www.campelplanet.com\/fr\/camp-el-planet\/\">Le Camp El Planet<\/a> est \u00e9galement un endroit id\u00e9al pour ceux qui souhaitent combiner le golf avec d&rsquo;autres activit\u00e9s comme le v\u00e9lo, la randonn\u00e9e et\/ou l&rsquo;escalade. Sans parler du simple fait d&rsquo;avoir l&rsquo;opportunit\u00e9 de revenir dans un endroit serein et calme apr\u00e8s une longue journ\u00e9e de golf ; d\u00e9tendez-vous et d\u00e9tendez-vous. Sans tracas. Juste vous et votre (vos) partenaire(s) de golf. Vrai ou faux; nous supposons respectueusement que nos golfeurs en visite en savent autant que nous sur le splendide menu de parcours. Apr\u00e8s tout, la Costa Blanca fait partie des premi\u00e8res destinations de golf en Europe. Et pour une bonne raison.\u00a0<\/p>\t\t\t\t\t\t\t\t<\/div>\n\t\t\t\t<\/div>\n\t\t\t\t\t<\/div>\n\t\t\t\t<\/div>\n\t\t\t\t<\/div>\n\t\t","protected":false},"excerpt":{"rendered":"<p>\u201cGolf is a game in which you yell \u2018fore\u2019, shoot six and write down five.\u201d \u2013 Paul Harvey. Compte tenu du climat favorable, il n&rsquo;est pas surprenant qu&rsquo;il existe de nombreux terrains de golf sur la Costa Blanca. La Costa Blanca est l&rsquo;un des principaux centres de r\u00e9f\u00e9rence internationaux pour la pratique du golf avec [&hellip;]<\/p>\n","protected":false},"author":1,"featured_media":745,"parent":0,"menu_order":0,"comment_status":"closed","ping_status":"closed","template":"","meta":{"footnotes":""},"class_list":["post-894","page","type-page","status-publish","has-post-thumbnail","hentry"],"yoast_head":"<!-- This site is optimized with the Yoast SEO Premium plugin v27.4 (Yoast SEO v27.4) - https:\/\/yoast.com\/product\/yoast-seo-premium-wordpress\/ -->\n<title>golf - Camp El Planet<\/title>\n<meta name=\"description\" content=\"Le golf est un jeu dans lequel vous criez \u00ab \u00e0 l\u2019avance \u00bb, tirez six et notez cinq. \u00bb \u2013 Paul Harvey. Compte tenu du climat favorable, ce n\u2019est pas une surprise\u2026\" \/>\n<meta name=\"robots\" content=\"index, follow, max-snippet:-1, max-image-preview:large, max-video-preview:-1\" \/>\n<link rel=\"canonical\" href=\"https:\/\/www.campelplanet.com\/fr\/le-golf\/\" \/>\n<meta property=\"og:locale\" content=\"fr_FR\" \/>\n<meta property=\"og:type\" content=\"article\" \/>\n<meta property=\"og:title\" content=\"Le golf\" \/>\n<meta property=\"og:description\" content=\"Le golf est un jeu dans lequel vous criez \u00ab \u00e0 l\u2019avance \u00bb, tirez six et notez cinq. \u00bb \u2013 Paul Harvey. Compte tenu du climat favorable, ce n\u2019est pas une surprise\u2026\" \/>\n<meta property=\"og:url\" content=\"https:\/\/www.campelplanet.com\/fr\/le-golf\/\" \/>\n<meta property=\"og:site_name\" content=\"Camp El Planet\" \/>\n<meta property=\"article:publisher\" content=\"https:\/\/www.facebook.com\/campelplanet\" \/>\n<meta property=\"article:modified_time\" content=\"2024-12-20T07:00:28+00:00\" \/>\n<meta property=\"og:image\" content=\"https:\/\/www.campelplanet.com\/wp-content\/uploads\/2024\/01\/pexels-hugo-sykes-13421523-scaled.jpg\" \/>\n\t<meta property=\"og:image:width\" content=\"1707\" \/>\n\t<meta property=\"og:image:height\" content=\"2560\" \/>\n\t<meta property=\"og:image:type\" content=\"image\/jpeg\" \/>\n<meta name=\"twitter:card\" content=\"summary_large_image\" \/>\n<script type=\"application\/ld+json\" class=\"yoast-schema-graph\">{\"@context\":\"https:\\\/\\\/schema.org\",\"@graph\":[{\"@type\":\"WebPage\",\"@id\":\"https:\\\/\\\/www.campelplanet.com\\\/fr\\\/le-golf\\\/\",\"url\":\"https:\\\/\\\/www.campelplanet.com\\\/fr\\\/le-golf\\\/\",\"name\":\"golf - Camp El Planet\",\"isPartOf\":{\"@id\":\"https:\\\/\\\/www.campelplanet.com\\\/fr\\\/#website\"},\"primaryImageOfPage\":{\"@id\":\"https:\\\/\\\/www.campelplanet.com\\\/fr\\\/le-golf\\\/#primaryimage\"},\"image\":{\"@id\":\"https:\\\/\\\/www.campelplanet.com\\\/fr\\\/le-golf\\\/#primaryimage\"},\"thumbnailUrl\":\"https:\\\/\\\/www.campelplanet.com\\\/wp-content\\\/uploads\\\/2024\\\/01\\\/pexels-hugo-sykes-13421523-scaled.jpg\",\"datePublished\":\"2024-01-03T10:35:46+00:00\",\"dateModified\":\"2024-12-20T07:00:28+00:00\",\"description\":\"Le golf est un jeu dans lequel vous criez \u00ab \u00e0 l\u2019avance \u00bb, tirez six et notez cinq. \u00bb \u2013 Paul Harvey. Compte tenu du climat favorable, ce n\u2019est pas une surprise\u2026\",\"breadcrumb\":{\"@id\":\"https:\\\/\\\/www.campelplanet.com\\\/fr\\\/le-golf\\\/#breadcrumb\"},\"inLanguage\":\"fr-FR\",\"potentialAction\":[{\"@type\":\"ReadAction\",\"target\":[\"https:\\\/\\\/www.campelplanet.com\\\/fr\\\/le-golf\\\/\"]}]},{\"@type\":\"ImageObject\",\"inLanguage\":\"fr-FR\",\"@id\":\"https:\\\/\\\/www.campelplanet.com\\\/fr\\\/le-golf\\\/#primaryimage\",\"url\":\"https:\\\/\\\/www.campelplanet.com\\\/wp-content\\\/uploads\\\/2024\\\/01\\\/pexels-hugo-sykes-13421523-scaled.jpg\",\"contentUrl\":\"https:\\\/\\\/www.campelplanet.com\\\/wp-content\\\/uploads\\\/2024\\\/01\\\/pexels-hugo-sykes-13421523-scaled.jpg\",\"width\":1707,\"height\":2560,\"caption\":\"golf practice\"},{\"@type\":\"BreadcrumbList\",\"@id\":\"https:\\\/\\\/www.campelplanet.com\\\/fr\\\/le-golf\\\/#breadcrumb\",\"itemListElement\":[{\"@type\":\"ListItem\",\"position\":1,\"name\":\"Home\",\"item\":\"https:\\\/\\\/www.campelplanet.com\\\/fr\\\/\"},{\"@type\":\"ListItem\",\"position\":2,\"name\":\"Le golf\"}]},{\"@type\":\"WebSite\",\"@id\":\"https:\\\/\\\/www.campelplanet.com\\\/fr\\\/#website\",\"url\":\"https:\\\/\\\/www.campelplanet.com\\\/fr\\\/\",\"name\":\"Camp El Planet's\",\"description\":\"The soul of the Costa Blanca\",\"publisher\":{\"@id\":\"https:\\\/\\\/www.campelplanet.com\\\/fr\\\/#organization\"},\"potentialAction\":[{\"@type\":\"SearchAction\",\"target\":{\"@type\":\"EntryPoint\",\"urlTemplate\":\"https:\\\/\\\/www.campelplanet.com\\\/fr\\\/?s={search_term_string}\"},\"query-input\":{\"@type\":\"PropertyValueSpecification\",\"valueRequired\":true,\"valueName\":\"search_term_string\"}}],\"inLanguage\":\"fr-FR\"},{\"@type\":\"Organization\",\"@id\":\"https:\\\/\\\/www.campelplanet.com\\\/fr\\\/#organization\",\"name\":\"Camp El Planet's\",\"url\":\"https:\\\/\\\/www.campelplanet.com\\\/fr\\\/\",\"logo\":{\"@type\":\"ImageObject\",\"inLanguage\":\"fr-FR\",\"@id\":\"https:\\\/\\\/www.campelplanet.com\\\/fr\\\/#\\\/schema\\\/logo\\\/image\\\/\",\"url\":\"https:\\\/\\\/www.campelplanet.com\\\/wp-content\\\/uploads\\\/2024\\\/01\\\/cropped-CampElPlanet_bla.png\",\"contentUrl\":\"https:\\\/\\\/www.campelplanet.com\\\/wp-content\\\/uploads\\\/2024\\\/01\\\/cropped-CampElPlanet_bla.png\",\"width\":440,\"height\":256,\"caption\":\"Camp El Planet's\"},\"image\":{\"@id\":\"https:\\\/\\\/www.campelplanet.com\\\/fr\\\/#\\\/schema\\\/logo\\\/image\\\/\"},\"sameAs\":[\"https:\\\/\\\/www.facebook.com\\\/campelplanet\",\"https:\\\/\\\/www.instagram.com\\\/campelplanet\\\/\"]}]}<\/script>\n<!-- \/ Yoast SEO Premium plugin. -->","yoast_head_json":{"title":"golf - Camp El Planet","description":"Le golf est un jeu dans lequel vous criez \u00ab \u00e0 l\u2019avance \u00bb, tirez six et notez cinq. \u00bb \u2013 Paul Harvey. Compte tenu du climat favorable, ce n\u2019est pas une surprise\u2026","robots":{"index":"index","follow":"follow","max-snippet":"max-snippet:-1","max-image-preview":"max-image-preview:large","max-video-preview":"max-video-preview:-1"},"canonical":"https:\/\/www.campelplanet.com\/fr\/le-golf\/","og_locale":"fr_FR","og_type":"article","og_title":"Le golf","og_description":"Le golf est un jeu dans lequel vous criez \u00ab \u00e0 l\u2019avance \u00bb, tirez six et notez cinq. \u00bb \u2013 Paul Harvey. Compte tenu du climat favorable, ce n\u2019est pas une surprise\u2026","og_url":"https:\/\/www.campelplanet.com\/fr\/le-golf\/","og_site_name":"Camp El Planet","article_publisher":"https:\/\/www.facebook.com\/campelplanet","article_modified_time":"2024-12-20T07:00:28+00:00","og_image":[{"width":1707,"height":2560,"url":"https:\/\/www.campelplanet.com\/wp-content\/uploads\/2024\/01\/pexels-hugo-sykes-13421523-scaled.jpg","type":"image\/jpeg"}],"twitter_card":"summary_large_image","schema":{"@context":"https:\/\/schema.org","@graph":[{"@type":"WebPage","@id":"https:\/\/www.campelplanet.com\/fr\/le-golf\/","url":"https:\/\/www.campelplanet.com\/fr\/le-golf\/","name":"golf - Camp El Planet","isPartOf":{"@id":"https:\/\/www.campelplanet.com\/fr\/#website"},"primaryImageOfPage":{"@id":"https:\/\/www.campelplanet.com\/fr\/le-golf\/#primaryimage"},"image":{"@id":"https:\/\/www.campelplanet.com\/fr\/le-golf\/#primaryimage"},"thumbnailUrl":"https:\/\/www.campelplanet.com\/wp-content\/uploads\/2024\/01\/pexels-hugo-sykes-13421523-scaled.jpg","datePublished":"2024-01-03T10:35:46+00:00","dateModified":"2024-12-20T07:00:28+00:00","description":"Le golf est un jeu dans lequel vous criez \u00ab \u00e0 l\u2019avance \u00bb, tirez six et notez cinq. \u00bb \u2013 Paul Harvey. Compte tenu du climat favorable, ce n\u2019est pas une surprise\u2026","breadcrumb":{"@id":"https:\/\/www.campelplanet.com\/fr\/le-golf\/#breadcrumb"},"inLanguage":"fr-FR","potentialAction":[{"@type":"ReadAction","target":["https:\/\/www.campelplanet.com\/fr\/le-golf\/"]}]},{"@type":"ImageObject","inLanguage":"fr-FR","@id":"https:\/\/www.campelplanet.com\/fr\/le-golf\/#primaryimage","url":"https:\/\/www.campelplanet.com\/wp-content\/uploads\/2024\/01\/pexels-hugo-sykes-13421523-scaled.jpg","contentUrl":"https:\/\/www.campelplanet.com\/wp-content\/uploads\/2024\/01\/pexels-hugo-sykes-13421523-scaled.jpg","width":1707,"height":2560,"caption":"golf practice"},{"@type":"BreadcrumbList","@id":"https:\/\/www.campelplanet.com\/fr\/le-golf\/#breadcrumb","itemListElement":[{"@type":"ListItem","position":1,"name":"Home","item":"https:\/\/www.campelplanet.com\/fr\/"},{"@type":"ListItem","position":2,"name":"Le golf"}]},{"@type":"WebSite","@id":"https:\/\/www.campelplanet.com\/fr\/#website","url":"https:\/\/www.campelplanet.com\/fr\/","name":"Camp El Planet's","description":"The soul of the Costa Blanca","publisher":{"@id":"https:\/\/www.campelplanet.com\/fr\/#organization"},"potentialAction":[{"@type":"SearchAction","target":{"@type":"EntryPoint","urlTemplate":"https:\/\/www.campelplanet.com\/fr\/?s={search_term_string}"},"query-input":{"@type":"PropertyValueSpecification","valueRequired":true,"valueName":"search_term_string"}}],"inLanguage":"fr-FR"},{"@type":"Organization","@id":"https:\/\/www.campelplanet.com\/fr\/#organization","name":"Camp El Planet's","url":"https:\/\/www.campelplanet.com\/fr\/","logo":{"@type":"ImageObject","inLanguage":"fr-FR","@id":"https:\/\/www.campelplanet.com\/fr\/#\/schema\/logo\/image\/","url":"https:\/\/www.campelplanet.com\/wp-content\/uploads\/2024\/01\/cropped-CampElPlanet_bla.png","contentUrl":"https:\/\/www.campelplanet.com\/wp-content\/uploads\/2024\/01\/cropped-CampElPlanet_bla.png","width":440,"height":256,"caption":"Camp El Planet's"},"image":{"@id":"https:\/\/www.campelplanet.com\/fr\/#\/schema\/logo\/image\/"},"sameAs":["https:\/\/www.facebook.com\/campelplanet","https:\/\/www.instagram.com\/campelplanet\/"]}]}},"_links":{"self":[{"href":"https:\/\/www.campelplanet.com\/fr\/wp-json\/wp\/v2\/pages\/894","targetHints":{"allow":["GET"]}}],"collection":[{"href":"https:\/\/www.campelplanet.com\/fr\/wp-json\/wp\/v2\/pages"}],"about":[{"href":"https:\/\/www.campelplanet.com\/fr\/wp-json\/wp\/v2\/types\/page"}],"author":[{"embeddable":true,"href":"https:\/\/www.campelplanet.com\/fr\/wp-json\/wp\/v2\/users\/1"}],"replies":[{"embeddable":true,"href":"https:\/\/www.campelplanet.com\/fr\/wp-json\/wp\/v2\/comments?post=894"}],"version-history":[{"count":1,"href":"https:\/\/www.campelplanet.com\/fr\/wp-json\/wp\/v2\/pages\/894\/revisions"}],"predecessor-version":[{"id":5180,"href":"https:\/\/www.campelplanet.com\/fr\/wp-json\/wp\/v2\/pages\/894\/revisions\/5180"}],"wp:featuredmedia":[{"embeddable":true,"href":"https:\/\/www.campelplanet.com\/fr\/wp-json\/wp\/v2\/media\/745"}],"wp:attachment":[{"href":"https:\/\/www.campelplanet.com\/fr\/wp-json\/wp\/v2\/media?parent=894"}],"curies":[{"name":"wp","href":"https:\/\/api.w.org\/{rel}","templated":true}]}}