{"id":880,"date":"2024-01-04T04:25:24","date_gmt":"2024-01-04T03:25:24","guid":{"rendered":"https:\/\/www.campelplanet.com\/familles-actives\/"},"modified":"2024-12-20T08:54:19","modified_gmt":"2024-12-20T07:54:19","slug":"familles-actives","status":"publish","type":"page","link":"https:\/\/www.campelplanet.com\/fr\/familles-actives\/","title":{"rendered":"Familles actives"},"content":{"rendered":"\t\t<div data-elementor-type=\"wp-page\" data-elementor-id=\"880\" class=\"elementor elementor-880 elementor-324\" data-elementor-post-type=\"page\">\n\t\t\t\t\t\t<section class=\"elementor-section elementor-top-section elementor-element elementor-element-19f53f3 elementor-section-boxed elementor-section-height-default elementor-section-height-default\" data-id=\"19f53f3\" data-element_type=\"section\" data-e-type=\"section\" data-settings=\"{&quot;background_background&quot;:&quot;classic&quot;}\">\n\t\t\t\t\t\t<div class=\"elementor-container elementor-column-gap-no\">\n\t\t\t\t\t<div class=\"elementor-column elementor-col-100 elementor-top-column elementor-element elementor-element-eedf244\" data-id=\"eedf244\" data-element_type=\"column\" data-e-type=\"column\">\n\t\t\t<div class=\"elementor-widget-wrap elementor-element-populated\">\n\t\t\t\t\t\t<div class=\"elementor-element elementor-element-72eaeb0 elementor-widget elementor-widget-heading\" data-id=\"72eaeb0\" data-element_type=\"widget\" data-e-type=\"widget\" data-widget_type=\"heading.default\">\n\t\t\t\t\t<h2 class=\"elementor-heading-title elementor-size-default\">Grandes activit\u00e9s familiales<\/h2>\t\t\t\t<\/div>\n\t\t\t\t\t<\/div>\n\t\t<\/div>\n\t\t\t\t\t<\/div>\n\t\t<\/section>\n\t\t<div class=\"elementor-element elementor-element-2a04ba1 e-flex e-con-boxed e-con e-parent\" data-id=\"2a04ba1\" data-element_type=\"container\" data-e-type=\"container\">\n\t\t\t\t\t<div class=\"e-con-inner\">\n\t\t\t\t<div class=\"elementor-element elementor-element-299f2ce elementor-widget elementor-widget-text-editor\" data-id=\"299f2ce\" data-element_type=\"widget\" data-e-type=\"widget\" data-widget_type=\"text-editor.default\">\n\t\t\t\t\t\t\t\t\t<span style=\"color: #000080;\"><strong>Vivez des vacances actives inoubliables en famille au Camp El Planet, o\u00f9 de superbes activit\u00e9s familiales attendent petits et grands. Si vous recherchez une pause loin des plages bond\u00e9es typiques et des grands h\u00f4tels, c&rsquo;est la destination id\u00e9ale pour les familles \u00e9largies ou les groupes d&rsquo;amis. Si vous recherchez une pause loin des plages bond\u00e9es typiques et des grands h\u00f4tels, c&rsquo;est la destination id\u00e9ale pour les familles \u00e9largies ou les groupes d&rsquo;amis. Le Camp El Planet offre une escapade unique et rafra\u00eechissante \u00e0 ceux qui recherchent un type d&rsquo;exp\u00e9rience de vacances diff\u00e9rent.\n\nLa Costa Blanca offre un grand nombre de possibilit\u00e9s pour ceux qui recherchent des vacances actives. Nous en avons d\u00e9j\u00e0 pr\u00e9sent\u00e9 un certain nombre ; le cyclisme, la randonn\u00e9e, l&rsquo;escalade, le golf et les sports d&rsquo;\u00e9quipe comme le football et le handball. Er zijn talloze tennisclubs en tennisbanen (zowel regulier als paddle) in de omgeving en er is voldoende capaciteit voor degenen die een paar balletjes willen slaan. Il est possible de faire de l\u2019\u00e9quitation et \u00e0 Busot se trouve le syst\u00e8me de grottes le plus grand et le plus profond d\u2019Espagne. Quant aux sports nautiques, les possibilit\u00e9s sont nombreuses ; voile, planche \u00e0 voile, kayak de mer, kite surf, paddle surf et plong\u00e9e en apn\u00e9e. \u00c9videmment, certaines de ces activit\u00e9s ne conviennent pas aux enfants en dessous d\u2019un certain \u00e2ge.\n\nCi-dessous, nous avons r\u00e9pertori\u00e9 quelques activit\u00e9s que nous pensons que beaucoup trouveront int\u00e9ressantes. Nous avons essay\u00e9 d&rsquo;\u00e9viter ici les pi\u00e8ges \u00e0 touristes \u00e9vidents, mais nous vous sugg\u00e9rons n\u00e9anmoins de consulter leurs sites Web au pr\u00e9alable.\n<ul>\n \t<li>Terra Mitica \u00e0 Finestrat <em><strong><a style=\"color: #ff6600;\" href=\"http:\/\/(www.terramiticapark.com\/\" target=\"_blank\" rel=\"noopener\">(www.terramiticapark.com)<\/a><\/strong>.<\/em> Parc \u00e0 th\u00e8me gigantesque ; contient tout, des montagnes russes aux toboggans aquatiques. Spectacles quotidiens, nombreux magasins et restaurants. Le parc est divis\u00e9 en zones th\u00e9matiques bas\u00e9es sur les anciennes grandes civilisations m\u00e9diterran\u00e9ennes (\u00e9gyptienne, romaine, grecque et ib\u00e9rique).Texte edit<\/li>\n \t<li>Les Grottes du Canelobre \u00e0 Busot <em><a style=\"color: #ff6600;\" title=\"Grottes \u00e0 Busot\" href=\"http:\/\/www.cuevasdecanelobre.com\/\" target=\"_blank\" rel=\"noopener\"><strong>(www.cuevasdecanelobre.com)<\/strong>.<\/a> <\/em>Grotte immense et spectaculaire ; un \u00e9clairage sp\u00e9cial et une superbe acoustique en font \u00e9galement un lieu int\u00e9ressant pour les concerts.<\/li>\n \t<li>Mundomar \u00e0 Benidorm <em><strong><a style=\"color: #ff6600;\" href=\"http:\/\/www.mundomar.es\/\">(www.mundomar.es)<\/a><\/strong><\/em> ; un immense parc marin avec des spectacles spectaculaires de dauphins, d&rsquo;otaries et de perroquets. On peut \u00e9galement admirer des pingouins, des flamants roses et des tortues.<\/li>\n \t<li>Safari Aitana \u00e0 Pen\u00e2guila <em><strong><a style=\"color: #ff6600;\" href=\"http:\/\/www.safariaitana.com\/\">(www.safariaitana.com)<\/a><\/strong><\/em> ; parc safari avec des animaux des cinq continents, dont des lions, des tigres, des girafes, des \u00e9l\u00e9phants, des panth\u00e8res et bien plus encore. Safaris guid\u00e9s dans une grande r\u00e9serve faunique de 1.500.000 M2.<\/li>\n \t<li>Aqualandia \u00e0 Benidorm <em><strong><a style=\"color: #ff6600;\" href=\"http:\/\/www.aqualandia.net\/\">(www.aqualandia.net)<\/a><\/strong><\/em> ; parc aquatique avec un large \u00e9ventail d&rsquo;activit\u00e9s ; ouvert en 1985 et a depuis \u00e9t\u00e9 progressivement agrandi; aujourd&rsquo;hui l&rsquo;un des plus grands du genre au monde ; contient de nombreux toboggans et piscines. Pour les enfants de tous \u00e2ges, c&rsquo;est probablement l&rsquo;attraction \u00ab la plus amusante \u00bb que vous trouverez en Espagne.<\/li>\n \t<li>Terra Natura \u00e0 Benidorm <em><strong><a style=\"color: #ff6600;\" href=\"http:\/\/www.terranatura.com\/\">(www.terranatura.com)<\/a><\/strong><\/em> ; un parc animalier nouvelle g\u00e9n\u00e9ration o\u00f9 l&rsquo;on entre en contact avec les animaux comme s&rsquo;il n&rsquo;y avait pas de barri\u00e8res entre vous \u2013 du moins, pas visibles ; 1 500 animaux de 200 esp\u00e8ces diff\u00e9rentes, dont 50 sont gravement menac\u00e9es d&rsquo;extinction.<\/li>\n \t<li>Aqua Natura (situ\u00e9 \u00e0 proximit\u00e9 de Terra Natura et partage son site Internet) ; contient des vestiaires, des piscines, des bars de plage et plus de 1 000 m\u00e8tres de toboggans aquatiques palpitants et des zones de baignade exclusives pour les enfants.<\/li>\n \t<li>Mundo Marino <em><a style=\"color: #ff6600;\" title=\"Monde Marin\" href=\"http:\/\/www.mundomarino.es\/\" target=\"_blank\" rel=\"noopener\"><strong>(www.mundomarino.es)<\/strong><\/a> <\/em>; balade en bateau \u00e0 fond de verre mettant en valeur le magnifique littoral. D\u00e9part de Denia, Javea, Calpe et Altea. Propose \u00e9galement des excursions d&rsquo;une journ\u00e9e compl\u00e8te avec repas \u00e0 bord.<\/li>\n \t<li>Karting \u00e0 Villajoyosa <em><strong><a style=\"color: #ff6600;\" href=\"http:\/\/www.kartinglavila.es\/\">(www.kartinglavila.es)<\/a><\/strong><\/em> ou \u00e0 Finestrat <em><strong><a style=\"color: #ff6600;\" href=\"http:\/\/www.kartingfinestrat.com\/\">(www.kartingfinestrat.com)<\/a><\/strong><\/em>. Le premier convient mieux \u00e0 ceux qui ont un budget limit\u00e9 et qui n\u2019ont d\u2019autre ambition que de s\u2019amuser ; ce dernier pour ceux qui veulent faire l&rsquo;exp\u00e9rience de la course sur l&rsquo;un des meilleurs circuits de karting d&rsquo;Europe.<\/li>\n \t<li>Voici une vid\u00e9o donnant une vue plongeante sur la Costa Blanca<strong>: <a style=\"color: #ff6600;\" title=\"Costa Blanca\" href=\"http:\/\/youtu.be\/35BWVquL3dQ\" target=\"_blank\" rel=\"noopener\">Video of Costa Blanca<\/a>\u00ab\u00a0<\/strong><\/li>\n<\/ul>\t\t\t\t\t\t\t\t<\/div>\n\t\t\t\t\t<\/div>\n\t\t\t\t<\/div>\n\t\t\t\t<\/div>\n\t\t","protected":false},"excerpt":{"rendered":"<p>Grandes activit\u00e9s familiales Vivez des vacances actives inoubliables en famille au Camp El Planet, o\u00f9 de superbes activit\u00e9s familiales attendent petits et grands. Si vous recherchez une pause loin des plages bond\u00e9es typiques et des grands h\u00f4tels, c&rsquo;est la destination id\u00e9ale pour les familles \u00e9largies ou les groupes d&rsquo;amis. Si vous recherchez une pause loin [&hellip;]<\/p>\n","protected":false},"author":1,"featured_media":515,"parent":0,"menu_order":0,"comment_status":"closed","ping_status":"closed","template":"elementor_header_footer","meta":{"footnotes":""},"class_list":["post-880","page","type-page","status-publish","has-post-thumbnail","hentry"],"yoast_head":"<!-- This site is optimized with the Yoast SEO Premium plugin v27.4 (Yoast SEO v27.4) - https:\/\/yoast.com\/product\/yoast-seo-premium-wordpress\/ -->\n<title>Familles actives - Camp El Planet<\/title>\n<meta name=\"robots\" content=\"index, follow, max-snippet:-1, max-image-preview:large, max-video-preview:-1\" \/>\n<link rel=\"canonical\" href=\"https:\/\/www.campelplanet.com\/fr\/familles-actives\/\" \/>\n<meta property=\"og:locale\" content=\"fr_FR\" \/>\n<meta property=\"og:type\" content=\"article\" \/>\n<meta property=\"og:title\" content=\"Familles actives\" \/>\n<meta property=\"og:description\" content=\"Grandes activit\u00e9s familiales Vivez des vacances actives inoubliables en famille au Camp El Planet, o\u00f9 de superbes activit\u00e9s familiales attendent petits et grands. Si vous recherchez une pause loin des plages bond\u00e9es typiques et des grands h\u00f4tels, c&rsquo;est la destination id\u00e9ale pour les familles \u00e9largies ou les groupes d&rsquo;amis. Si vous recherchez une pause loin [&hellip;]\" \/>\n<meta property=\"og:url\" content=\"https:\/\/www.campelplanet.com\/fr\/familles-actives\/\" \/>\n<meta property=\"og:site_name\" content=\"Camp El Planet\" \/>\n<meta property=\"article:publisher\" content=\"https:\/\/www.facebook.com\/campelplanet\" \/>\n<meta property=\"article:modified_time\" content=\"2024-12-20T07:54:19+00:00\" \/>\n<meta property=\"og:image\" content=\"https:\/\/www.campelplanet.com\/wp-content\/uploads\/2024\/01\/glamping-tent-in-the-morning-sunlight-with-mountain-range-panorama.jpg\" \/>\n\t<meta property=\"og:image:width\" content=\"2000\" \/>\n\t<meta property=\"og:image:height\" content=\"1333\" \/>\n\t<meta property=\"og:image:type\" content=\"image\/jpeg\" \/>\n<meta name=\"twitter:card\" content=\"summary_large_image\" \/>\n<script type=\"application\/ld+json\" class=\"yoast-schema-graph\">{\"@context\":\"https:\\\/\\\/schema.org\",\"@graph\":[{\"@type\":\"WebPage\",\"@id\":\"https:\\\/\\\/www.campelplanet.com\\\/fr\\\/familles-actives\\\/\",\"url\":\"https:\\\/\\\/www.campelplanet.com\\\/fr\\\/familles-actives\\\/\",\"name\":\"Familles actives - Camp El Planet\",\"isPartOf\":{\"@id\":\"https:\\\/\\\/www.campelplanet.com\\\/fr\\\/#website\"},\"primaryImageOfPage\":{\"@id\":\"https:\\\/\\\/www.campelplanet.com\\\/fr\\\/familles-actives\\\/#primaryimage\"},\"image\":{\"@id\":\"https:\\\/\\\/www.campelplanet.com\\\/fr\\\/familles-actives\\\/#primaryimage\"},\"thumbnailUrl\":\"https:\\\/\\\/www.campelplanet.com\\\/wp-content\\\/uploads\\\/2024\\\/01\\\/glamping-tent-in-the-morning-sunlight-with-mountain-range-panorama.jpg\",\"datePublished\":\"2024-01-04T03:25:24+00:00\",\"dateModified\":\"2024-12-20T07:54:19+00:00\",\"breadcrumb\":{\"@id\":\"https:\\\/\\\/www.campelplanet.com\\\/fr\\\/familles-actives\\\/#breadcrumb\"},\"inLanguage\":\"fr-FR\",\"potentialAction\":[{\"@type\":\"ReadAction\",\"target\":[\"https:\\\/\\\/www.campelplanet.com\\\/fr\\\/familles-actives\\\/\"]}]},{\"@type\":\"ImageObject\",\"inLanguage\":\"fr-FR\",\"@id\":\"https:\\\/\\\/www.campelplanet.com\\\/fr\\\/familles-actives\\\/#primaryimage\",\"url\":\"https:\\\/\\\/www.campelplanet.com\\\/wp-content\\\/uploads\\\/2024\\\/01\\\/glamping-tent-in-the-morning-sunlight-with-mountain-range-panorama.jpg\",\"contentUrl\":\"https:\\\/\\\/www.campelplanet.com\\\/wp-content\\\/uploads\\\/2024\\\/01\\\/glamping-tent-in-the-morning-sunlight-with-mountain-range-panorama.jpg\",\"width\":2000,\"height\":1333,\"caption\":\"great family activities\"},{\"@type\":\"BreadcrumbList\",\"@id\":\"https:\\\/\\\/www.campelplanet.com\\\/fr\\\/familles-actives\\\/#breadcrumb\",\"itemListElement\":[{\"@type\":\"ListItem\",\"position\":1,\"name\":\"Home\",\"item\":\"https:\\\/\\\/www.campelplanet.com\\\/fr\\\/\"},{\"@type\":\"ListItem\",\"position\":2,\"name\":\"Familles actives\"}]},{\"@type\":\"WebSite\",\"@id\":\"https:\\\/\\\/www.campelplanet.com\\\/fr\\\/#website\",\"url\":\"https:\\\/\\\/www.campelplanet.com\\\/fr\\\/\",\"name\":\"Camp El Planet's\",\"description\":\"The soul of the Costa Blanca\",\"publisher\":{\"@id\":\"https:\\\/\\\/www.campelplanet.com\\\/fr\\\/#organization\"},\"potentialAction\":[{\"@type\":\"SearchAction\",\"target\":{\"@type\":\"EntryPoint\",\"urlTemplate\":\"https:\\\/\\\/www.campelplanet.com\\\/fr\\\/?s={search_term_string}\"},\"query-input\":{\"@type\":\"PropertyValueSpecification\",\"valueRequired\":true,\"valueName\":\"search_term_string\"}}],\"inLanguage\":\"fr-FR\"},{\"@type\":\"Organization\",\"@id\":\"https:\\\/\\\/www.campelplanet.com\\\/fr\\\/#organization\",\"name\":\"Camp El Planet's\",\"url\":\"https:\\\/\\\/www.campelplanet.com\\\/fr\\\/\",\"logo\":{\"@type\":\"ImageObject\",\"inLanguage\":\"fr-FR\",\"@id\":\"https:\\\/\\\/www.campelplanet.com\\\/fr\\\/#\\\/schema\\\/logo\\\/image\\\/\",\"url\":\"https:\\\/\\\/www.campelplanet.com\\\/wp-content\\\/uploads\\\/2024\\\/01\\\/cropped-CampElPlanet_bla.png\",\"contentUrl\":\"https:\\\/\\\/www.campelplanet.com\\\/wp-content\\\/uploads\\\/2024\\\/01\\\/cropped-CampElPlanet_bla.png\",\"width\":440,\"height\":256,\"caption\":\"Camp El Planet's\"},\"image\":{\"@id\":\"https:\\\/\\\/www.campelplanet.com\\\/fr\\\/#\\\/schema\\\/logo\\\/image\\\/\"},\"sameAs\":[\"https:\\\/\\\/www.facebook.com\\\/campelplanet\",\"https:\\\/\\\/www.instagram.com\\\/campelplanet\\\/\"]}]}<\/script>\n<!-- \/ Yoast SEO Premium plugin. -->","yoast_head_json":{"title":"Familles actives - Camp El Planet","robots":{"index":"index","follow":"follow","max-snippet":"max-snippet:-1","max-image-preview":"max-image-preview:large","max-video-preview":"max-video-preview:-1"},"canonical":"https:\/\/www.campelplanet.com\/fr\/familles-actives\/","og_locale":"fr_FR","og_type":"article","og_title":"Familles actives","og_description":"Grandes activit\u00e9s familiales Vivez des vacances actives inoubliables en famille au Camp El Planet, o\u00f9 de superbes activit\u00e9s familiales attendent petits et grands. Si vous recherchez une pause loin des plages bond\u00e9es typiques et des grands h\u00f4tels, c&rsquo;est la destination id\u00e9ale pour les familles \u00e9largies ou les groupes d&rsquo;amis. Si vous recherchez une pause loin [&hellip;]","og_url":"https:\/\/www.campelplanet.com\/fr\/familles-actives\/","og_site_name":"Camp El Planet","article_publisher":"https:\/\/www.facebook.com\/campelplanet","article_modified_time":"2024-12-20T07:54:19+00:00","og_image":[{"width":2000,"height":1333,"url":"https:\/\/www.campelplanet.com\/wp-content\/uploads\/2024\/01\/glamping-tent-in-the-morning-sunlight-with-mountain-range-panorama.jpg","type":"image\/jpeg"}],"twitter_card":"summary_large_image","schema":{"@context":"https:\/\/schema.org","@graph":[{"@type":"WebPage","@id":"https:\/\/www.campelplanet.com\/fr\/familles-actives\/","url":"https:\/\/www.campelplanet.com\/fr\/familles-actives\/","name":"Familles actives - Camp El Planet","isPartOf":{"@id":"https:\/\/www.campelplanet.com\/fr\/#website"},"primaryImageOfPage":{"@id":"https:\/\/www.campelplanet.com\/fr\/familles-actives\/#primaryimage"},"image":{"@id":"https:\/\/www.campelplanet.com\/fr\/familles-actives\/#primaryimage"},"thumbnailUrl":"https:\/\/www.campelplanet.com\/wp-content\/uploads\/2024\/01\/glamping-tent-in-the-morning-sunlight-with-mountain-range-panorama.jpg","datePublished":"2024-01-04T03:25:24+00:00","dateModified":"2024-12-20T07:54:19+00:00","breadcrumb":{"@id":"https:\/\/www.campelplanet.com\/fr\/familles-actives\/#breadcrumb"},"inLanguage":"fr-FR","potentialAction":[{"@type":"ReadAction","target":["https:\/\/www.campelplanet.com\/fr\/familles-actives\/"]}]},{"@type":"ImageObject","inLanguage":"fr-FR","@id":"https:\/\/www.campelplanet.com\/fr\/familles-actives\/#primaryimage","url":"https:\/\/www.campelplanet.com\/wp-content\/uploads\/2024\/01\/glamping-tent-in-the-morning-sunlight-with-mountain-range-panorama.jpg","contentUrl":"https:\/\/www.campelplanet.com\/wp-content\/uploads\/2024\/01\/glamping-tent-in-the-morning-sunlight-with-mountain-range-panorama.jpg","width":2000,"height":1333,"caption":"great family activities"},{"@type":"BreadcrumbList","@id":"https:\/\/www.campelplanet.com\/fr\/familles-actives\/#breadcrumb","itemListElement":[{"@type":"ListItem","position":1,"name":"Home","item":"https:\/\/www.campelplanet.com\/fr\/"},{"@type":"ListItem","position":2,"name":"Familles actives"}]},{"@type":"WebSite","@id":"https:\/\/www.campelplanet.com\/fr\/#website","url":"https:\/\/www.campelplanet.com\/fr\/","name":"Camp El Planet's","description":"The soul of the Costa Blanca","publisher":{"@id":"https:\/\/www.campelplanet.com\/fr\/#organization"},"potentialAction":[{"@type":"SearchAction","target":{"@type":"EntryPoint","urlTemplate":"https:\/\/www.campelplanet.com\/fr\/?s={search_term_string}"},"query-input":{"@type":"PropertyValueSpecification","valueRequired":true,"valueName":"search_term_string"}}],"inLanguage":"fr-FR"},{"@type":"Organization","@id":"https:\/\/www.campelplanet.com\/fr\/#organization","name":"Camp El Planet's","url":"https:\/\/www.campelplanet.com\/fr\/","logo":{"@type":"ImageObject","inLanguage":"fr-FR","@id":"https:\/\/www.campelplanet.com\/fr\/#\/schema\/logo\/image\/","url":"https:\/\/www.campelplanet.com\/wp-content\/uploads\/2024\/01\/cropped-CampElPlanet_bla.png","contentUrl":"https:\/\/www.campelplanet.com\/wp-content\/uploads\/2024\/01\/cropped-CampElPlanet_bla.png","width":440,"height":256,"caption":"Camp El Planet's"},"image":{"@id":"https:\/\/www.campelplanet.com\/fr\/#\/schema\/logo\/image\/"},"sameAs":["https:\/\/www.facebook.com\/campelplanet","https:\/\/www.instagram.com\/campelplanet\/"]}]}},"_links":{"self":[{"href":"https:\/\/www.campelplanet.com\/fr\/wp-json\/wp\/v2\/pages\/880","targetHints":{"allow":["GET"]}}],"collection":[{"href":"https:\/\/www.campelplanet.com\/fr\/wp-json\/wp\/v2\/pages"}],"about":[{"href":"https:\/\/www.campelplanet.com\/fr\/wp-json\/wp\/v2\/types\/page"}],"author":[{"embeddable":true,"href":"https:\/\/www.campelplanet.com\/fr\/wp-json\/wp\/v2\/users\/1"}],"replies":[{"embeddable":true,"href":"https:\/\/www.campelplanet.com\/fr\/wp-json\/wp\/v2\/comments?post=880"}],"version-history":[{"count":1,"href":"https:\/\/www.campelplanet.com\/fr\/wp-json\/wp\/v2\/pages\/880\/revisions"}],"predecessor-version":[{"id":5223,"href":"https:\/\/www.campelplanet.com\/fr\/wp-json\/wp\/v2\/pages\/880\/revisions\/5223"}],"wp:featuredmedia":[{"embeddable":true,"href":"https:\/\/www.campelplanet.com\/fr\/wp-json\/wp\/v2\/media\/515"}],"wp:attachment":[{"href":"https:\/\/www.campelplanet.com\/fr\/wp-json\/wp\/v2\/media?parent=880"}],"curies":[{"name":"wp","href":"https:\/\/api.w.org\/{rel}","templated":true}]}}