{"id":866,"date":"2024-01-03T11:15:58","date_gmt":"2024-01-03T10:15:58","guid":{"rendered":"https:\/\/www.campelplanet.com\/marche\/"},"modified":"2024-12-20T07:52:31","modified_gmt":"2024-12-20T06:52:31","slug":"marche","status":"publish","type":"page","link":"https:\/\/www.campelplanet.com\/fr\/marche\/","title":{"rendered":"Marche"},"content":{"rendered":"\t\t<div data-elementor-type=\"wp-page\" data-elementor-id=\"866\" class=\"elementor elementor-866 elementor-186\" data-elementor-post-type=\"page\">\n\t\t\t\t\t\t<section class=\"elementor-section elementor-top-section elementor-element elementor-element-f48b242 elementor-section-boxed elementor-section-height-default elementor-section-height-default\" data-id=\"f48b242\" data-element_type=\"section\" data-e-type=\"section\" data-settings=\"{&quot;background_background&quot;:&quot;classic&quot;}\">\n\t\t\t\t\t\t<div class=\"elementor-container elementor-column-gap-no\">\n\t\t\t\t\t<div class=\"elementor-column elementor-col-100 elementor-top-column elementor-element elementor-element-9fd436f\" data-id=\"9fd436f\" data-element_type=\"column\" data-e-type=\"column\">\n\t\t\t<div class=\"elementor-widget-wrap elementor-element-populated\">\n\t\t\t\t\t\t\t<\/div>\n\t\t<\/div>\n\t\t\t\t\t<\/div>\n\t\t<\/section>\n\t\t<div class=\"elementor-element elementor-element-28cfc45 e-flex e-con-boxed e-con e-parent\" data-id=\"28cfc45\" data-element_type=\"container\" data-e-type=\"container\">\n\t\t\t\t\t<div class=\"e-con-inner\">\n\t\t<div class=\"elementor-element elementor-element-0ef89d8 e-con-full e-flex e-con e-child\" data-id=\"0ef89d8\" data-element_type=\"container\" data-e-type=\"container\">\n\t\t\t\t<div class=\"elementor-element elementor-element-271558f elementor-widget elementor-widget-image\" data-id=\"271558f\" data-element_type=\"widget\" data-e-type=\"widget\" data-widget_type=\"image.default\">\n\t\t\t\t\t\t\t\t\t\t\t\t\t\t\t<img fetchpriority=\"high\" decoding=\"async\" width=\"800\" height=\"600\" src=\"https:\/\/www.campelplanet.com\/wp-content\/uploads\/2024\/12\/IMG_9631-1024x768.jpeg\" class=\"attachment-large size-large wp-image-5168\" alt=\"\" srcset=\"https:\/\/www.campelplanet.com\/wp-content\/uploads\/2024\/12\/IMG_9631-1024x768.jpeg 1024w, https:\/\/www.campelplanet.com\/wp-content\/uploads\/2024\/12\/IMG_9631-300x225.jpeg 300w, https:\/\/www.campelplanet.com\/wp-content\/uploads\/2024\/12\/IMG_9631-768x576.jpeg 768w, https:\/\/www.campelplanet.com\/wp-content\/uploads\/2024\/12\/IMG_9631-1536x1152.jpeg 1536w, https:\/\/www.campelplanet.com\/wp-content\/uploads\/2024\/12\/IMG_9631.jpeg 2048w\" sizes=\"(max-width: 800px) 100vw, 800px\" \/>\t\t\t\t\t\t\t\t\t\t\t\t\t\t\t<\/div>\n\t\t\t\t<\/div>\n\t\t<div class=\"elementor-element elementor-element-b0eb9ff e-con-full e-flex e-con e-child\" data-id=\"b0eb9ff\" data-element_type=\"container\" data-e-type=\"container\">\n\t\t\t\t<div class=\"elementor-element elementor-element-050507e elementor-widget elementor-widget-text-editor\" data-id=\"050507e\" data-element_type=\"widget\" data-e-type=\"widget\" data-widget_type=\"text-editor.default\">\n\t\t\t\t\t\t\t\t\t<p>Nous avons fait ici une distinction entre randonn\u00e9e et <a href=\"https:\/\/www.campelplanet.com\/fr\/marche\/\">marche<\/a>. Dans la cat\u00e9gorie \u00ab Marche \u00bb, nous nous concentrons sur les promenades les moins ardues, car les montagnes voisines sont assez accident\u00e9es et les promenades peuvent y \u00eatre assez ardues et exigeantes. Les promenades de la cat\u00e9gorie \u00ab Marche \u00bb comportent cependant moins de mont\u00e9es et de descentes et peuvent se d\u00e9rouler de mani\u00e8re plus tranquille.<br \/>De tous les bienfaits de la marche, la tranquillit\u00e9 d\u2019esprit est peut-\u00eatre le plus r\u00e9pandu. La recherche montre que seulement 10 minutes de marche peuvent vous remonter le moral. Imaginez alors ce qu&rsquo;une promenade de deux heures dans la vall\u00e9e de Jalon, la Vall de <a href=\"https:\/\/www.linkalicante.com\/en\/guadalest-guide\/\">Gallinera<\/a> ou le long de la rivi\u00e8re Guadalest fera \u00e0 votre esprit, sans parler de votre corps. Que la marche soit bonne pour la sant\u00e9 physique n\u2019est un secret pour personne, mais que la marche contribue \u00e0 r\u00e9duire le stress, \u00e0 mieux dormir et \u00e0 am\u00e9liorer l\u2019humeur est probablement moins connue.<\/p>\n<p>Ajoutez \u00e0 cela un syst\u00e8me immunitaire renforc\u00e9, une am\u00e9lioration du syst\u00e8me digestif, une apparition retard\u00e9e des varices, un soulagement des douleurs articulaires, une r\u00e9duction du risque de maladie chronique et la question se pose : pourquoi ne marchons-nous pas tous davantage ? Les \u00e9tudes modernes confirment ce qu\u2019Hippocrate savait d\u00e9j\u00e0 il y a 2 400 ans lorsqu\u2019il proclamait que \u00ab la marche est le meilleur rem\u00e8de de l\u2019homme \u00bb. Il savait \u00e9galement que la marche apportait plus que de simples bienfaits physiques lorsqu&rsquo;il sugg\u00e9rait : \u00ab Si vous \u00eates de mauvaise humeur, allez vous promener. Si vous \u00eates toujours de mauvaise humeur, allez faire une autre promenade.<br \/>Sur la Costa Blanca, les conditions de marche sont presque parfaites. Il y a des promenades le long du littoral, dans les vall\u00e9es, de village en village, le long des lits de rivi\u00e8res, dans la campagne et quelques randonn\u00e9es relativement faciles en montagne. Nous serons plus qu&rsquo;heureux de faire des recommandations.<\/p>\n\t\t\t\t\t\t\t\t<\/div>\n\t\t\t\t<\/div>\n\t\t\t\t\t<\/div>\n\t\t\t\t<\/div>\n\t\t\t\t<\/div>\n\t\t","protected":false},"excerpt":{"rendered":"<p>Nous avons fait ici une distinction entre randonn\u00e9e et marche. Dans la cat\u00e9gorie \u00ab Marche \u00bb, nous nous concentrons sur les promenades les moins ardues, car les montagnes voisines sont assez accident\u00e9es et les promenades peuvent y \u00eatre assez ardues et exigeantes. Les promenades de la cat\u00e9gorie \u00ab Marche \u00bb comportent cependant moins de mont\u00e9es [&hellip;]<\/p>\n","protected":false},"author":1,"featured_media":710,"parent":0,"menu_order":0,"comment_status":"closed","ping_status":"closed","template":"elementor_header_footer","meta":{"footnotes":""},"class_list":["post-866","page","type-page","status-publish","has-post-thumbnail","hentry"],"yoast_head":"<!-- This site is optimized with the Yoast SEO Premium plugin v27.4 (Yoast SEO v27.4) - https:\/\/yoast.com\/product\/yoast-seo-premium-wordpress\/ -->\n<title>Marche - Camp El Planet<\/title>\n<meta name=\"description\" content=\"Nous avons fait ici une distinction entre randonn\u00e9e et marche. Dans la cat\u00e9gorie Marche, nous nous concentrons sur les promenades les moins ardues comme les promenades \u00e0 proximit\u00e9....\" \/>\n<meta name=\"robots\" content=\"index, follow, max-snippet:-1, max-image-preview:large, max-video-preview:-1\" \/>\n<link rel=\"canonical\" href=\"https:\/\/www.campelplanet.com\/fr\/marche\/\" \/>\n<meta property=\"og:locale\" content=\"fr_FR\" \/>\n<meta property=\"og:type\" content=\"article\" \/>\n<meta property=\"og:title\" content=\"Marche\" \/>\n<meta property=\"og:description\" content=\"Nous avons fait ici une distinction entre randonn\u00e9e et marche. Dans la cat\u00e9gorie Marche, nous nous concentrons sur les promenades les moins ardues comme les promenades \u00e0 proximit\u00e9....\" \/>\n<meta property=\"og:url\" content=\"https:\/\/www.campelplanet.com\/fr\/marche\/\" \/>\n<meta property=\"og:site_name\" content=\"Camp El Planet\" \/>\n<meta property=\"article:publisher\" content=\"https:\/\/www.facebook.com\/campelplanet\" \/>\n<meta property=\"article:modified_time\" content=\"2024-12-20T06:52:31+00:00\" \/>\n<meta property=\"og:image\" content=\"https:\/\/www.campelplanet.com\/wp-content\/uploads\/2024\/01\/pexels-amine-msiouri-2055556-2-scaled.jpg\" \/>\n\t<meta property=\"og:image:width\" content=\"1707\" \/>\n\t<meta property=\"og:image:height\" content=\"2560\" \/>\n\t<meta property=\"og:image:type\" content=\"image\/jpeg\" \/>\n<meta name=\"twitter:card\" content=\"summary_large_image\" \/>\n<script type=\"application\/ld+json\" class=\"yoast-schema-graph\">{\"@context\":\"https:\\\/\\\/schema.org\",\"@graph\":[{\"@type\":\"WebPage\",\"@id\":\"https:\\\/\\\/www.campelplanet.com\\\/fr\\\/marche\\\/\",\"url\":\"https:\\\/\\\/www.campelplanet.com\\\/fr\\\/marche\\\/\",\"name\":\"Marche - Camp El Planet\",\"isPartOf\":{\"@id\":\"https:\\\/\\\/www.campelplanet.com\\\/fr\\\/#website\"},\"primaryImageOfPage\":{\"@id\":\"https:\\\/\\\/www.campelplanet.com\\\/fr\\\/marche\\\/#primaryimage\"},\"image\":{\"@id\":\"https:\\\/\\\/www.campelplanet.com\\\/fr\\\/marche\\\/#primaryimage\"},\"thumbnailUrl\":\"https:\\\/\\\/www.campelplanet.com\\\/wp-content\\\/uploads\\\/2024\\\/01\\\/pexels-amine-msiouri-2055556-2-scaled.jpg\",\"datePublished\":\"2024-01-03T10:15:58+00:00\",\"dateModified\":\"2024-12-20T06:52:31+00:00\",\"description\":\"Nous avons fait ici une distinction entre randonn\u00e9e et marche. Dans la cat\u00e9gorie Marche, nous nous concentrons sur les promenades les moins ardues comme les promenades \u00e0 proximit\u00e9....\",\"breadcrumb\":{\"@id\":\"https:\\\/\\\/www.campelplanet.com\\\/fr\\\/marche\\\/#breadcrumb\"},\"inLanguage\":\"fr-FR\",\"potentialAction\":[{\"@type\":\"ReadAction\",\"target\":[\"https:\\\/\\\/www.campelplanet.com\\\/fr\\\/marche\\\/\"]}]},{\"@type\":\"ImageObject\",\"inLanguage\":\"fr-FR\",\"@id\":\"https:\\\/\\\/www.campelplanet.com\\\/fr\\\/marche\\\/#primaryimage\",\"url\":\"https:\\\/\\\/www.campelplanet.com\\\/wp-content\\\/uploads\\\/2024\\\/01\\\/pexels-amine-msiouri-2055556-2-scaled.jpg\",\"contentUrl\":\"https:\\\/\\\/www.campelplanet.com\\\/wp-content\\\/uploads\\\/2024\\\/01\\\/pexels-amine-msiouri-2055556-2-scaled.jpg\",\"width\":1707,\"height\":2560,\"caption\":\"Walking\"},{\"@type\":\"BreadcrumbList\",\"@id\":\"https:\\\/\\\/www.campelplanet.com\\\/fr\\\/marche\\\/#breadcrumb\",\"itemListElement\":[{\"@type\":\"ListItem\",\"position\":1,\"name\":\"Home\",\"item\":\"https:\\\/\\\/www.campelplanet.com\\\/fr\\\/\"},{\"@type\":\"ListItem\",\"position\":2,\"name\":\"Marche\"}]},{\"@type\":\"WebSite\",\"@id\":\"https:\\\/\\\/www.campelplanet.com\\\/fr\\\/#website\",\"url\":\"https:\\\/\\\/www.campelplanet.com\\\/fr\\\/\",\"name\":\"Camp El Planet's\",\"description\":\"The soul of the Costa Blanca\",\"publisher\":{\"@id\":\"https:\\\/\\\/www.campelplanet.com\\\/fr\\\/#organization\"},\"potentialAction\":[{\"@type\":\"SearchAction\",\"target\":{\"@type\":\"EntryPoint\",\"urlTemplate\":\"https:\\\/\\\/www.campelplanet.com\\\/fr\\\/?s={search_term_string}\"},\"query-input\":{\"@type\":\"PropertyValueSpecification\",\"valueRequired\":true,\"valueName\":\"search_term_string\"}}],\"inLanguage\":\"fr-FR\"},{\"@type\":\"Organization\",\"@id\":\"https:\\\/\\\/www.campelplanet.com\\\/fr\\\/#organization\",\"name\":\"Camp El Planet's\",\"url\":\"https:\\\/\\\/www.campelplanet.com\\\/fr\\\/\",\"logo\":{\"@type\":\"ImageObject\",\"inLanguage\":\"fr-FR\",\"@id\":\"https:\\\/\\\/www.campelplanet.com\\\/fr\\\/#\\\/schema\\\/logo\\\/image\\\/\",\"url\":\"https:\\\/\\\/www.campelplanet.com\\\/wp-content\\\/uploads\\\/2024\\\/01\\\/cropped-CampElPlanet_bla.png\",\"contentUrl\":\"https:\\\/\\\/www.campelplanet.com\\\/wp-content\\\/uploads\\\/2024\\\/01\\\/cropped-CampElPlanet_bla.png\",\"width\":440,\"height\":256,\"caption\":\"Camp El Planet's\"},\"image\":{\"@id\":\"https:\\\/\\\/www.campelplanet.com\\\/fr\\\/#\\\/schema\\\/logo\\\/image\\\/\"},\"sameAs\":[\"https:\\\/\\\/www.facebook.com\\\/campelplanet\",\"https:\\\/\\\/www.instagram.com\\\/campelplanet\\\/\"]}]}<\/script>\n<!-- \/ Yoast SEO Premium plugin. -->","yoast_head_json":{"title":"Marche - Camp El Planet","description":"Nous avons fait ici une distinction entre randonn\u00e9e et marche. Dans la cat\u00e9gorie Marche, nous nous concentrons sur les promenades les moins ardues comme les promenades \u00e0 proximit\u00e9....","robots":{"index":"index","follow":"follow","max-snippet":"max-snippet:-1","max-image-preview":"max-image-preview:large","max-video-preview":"max-video-preview:-1"},"canonical":"https:\/\/www.campelplanet.com\/fr\/marche\/","og_locale":"fr_FR","og_type":"article","og_title":"Marche","og_description":"Nous avons fait ici une distinction entre randonn\u00e9e et marche. Dans la cat\u00e9gorie Marche, nous nous concentrons sur les promenades les moins ardues comme les promenades \u00e0 proximit\u00e9....","og_url":"https:\/\/www.campelplanet.com\/fr\/marche\/","og_site_name":"Camp El Planet","article_publisher":"https:\/\/www.facebook.com\/campelplanet","article_modified_time":"2024-12-20T06:52:31+00:00","og_image":[{"width":1707,"height":2560,"url":"https:\/\/www.campelplanet.com\/wp-content\/uploads\/2024\/01\/pexels-amine-msiouri-2055556-2-scaled.jpg","type":"image\/jpeg"}],"twitter_card":"summary_large_image","schema":{"@context":"https:\/\/schema.org","@graph":[{"@type":"WebPage","@id":"https:\/\/www.campelplanet.com\/fr\/marche\/","url":"https:\/\/www.campelplanet.com\/fr\/marche\/","name":"Marche - Camp El Planet","isPartOf":{"@id":"https:\/\/www.campelplanet.com\/fr\/#website"},"primaryImageOfPage":{"@id":"https:\/\/www.campelplanet.com\/fr\/marche\/#primaryimage"},"image":{"@id":"https:\/\/www.campelplanet.com\/fr\/marche\/#primaryimage"},"thumbnailUrl":"https:\/\/www.campelplanet.com\/wp-content\/uploads\/2024\/01\/pexels-amine-msiouri-2055556-2-scaled.jpg","datePublished":"2024-01-03T10:15:58+00:00","dateModified":"2024-12-20T06:52:31+00:00","description":"Nous avons fait ici une distinction entre randonn\u00e9e et marche. Dans la cat\u00e9gorie Marche, nous nous concentrons sur les promenades les moins ardues comme les promenades \u00e0 proximit\u00e9....","breadcrumb":{"@id":"https:\/\/www.campelplanet.com\/fr\/marche\/#breadcrumb"},"inLanguage":"fr-FR","potentialAction":[{"@type":"ReadAction","target":["https:\/\/www.campelplanet.com\/fr\/marche\/"]}]},{"@type":"ImageObject","inLanguage":"fr-FR","@id":"https:\/\/www.campelplanet.com\/fr\/marche\/#primaryimage","url":"https:\/\/www.campelplanet.com\/wp-content\/uploads\/2024\/01\/pexels-amine-msiouri-2055556-2-scaled.jpg","contentUrl":"https:\/\/www.campelplanet.com\/wp-content\/uploads\/2024\/01\/pexels-amine-msiouri-2055556-2-scaled.jpg","width":1707,"height":2560,"caption":"Walking"},{"@type":"BreadcrumbList","@id":"https:\/\/www.campelplanet.com\/fr\/marche\/#breadcrumb","itemListElement":[{"@type":"ListItem","position":1,"name":"Home","item":"https:\/\/www.campelplanet.com\/fr\/"},{"@type":"ListItem","position":2,"name":"Marche"}]},{"@type":"WebSite","@id":"https:\/\/www.campelplanet.com\/fr\/#website","url":"https:\/\/www.campelplanet.com\/fr\/","name":"Camp El Planet's","description":"The soul of the Costa Blanca","publisher":{"@id":"https:\/\/www.campelplanet.com\/fr\/#organization"},"potentialAction":[{"@type":"SearchAction","target":{"@type":"EntryPoint","urlTemplate":"https:\/\/www.campelplanet.com\/fr\/?s={search_term_string}"},"query-input":{"@type":"PropertyValueSpecification","valueRequired":true,"valueName":"search_term_string"}}],"inLanguage":"fr-FR"},{"@type":"Organization","@id":"https:\/\/www.campelplanet.com\/fr\/#organization","name":"Camp El Planet's","url":"https:\/\/www.campelplanet.com\/fr\/","logo":{"@type":"ImageObject","inLanguage":"fr-FR","@id":"https:\/\/www.campelplanet.com\/fr\/#\/schema\/logo\/image\/","url":"https:\/\/www.campelplanet.com\/wp-content\/uploads\/2024\/01\/cropped-CampElPlanet_bla.png","contentUrl":"https:\/\/www.campelplanet.com\/wp-content\/uploads\/2024\/01\/cropped-CampElPlanet_bla.png","width":440,"height":256,"caption":"Camp El Planet's"},"image":{"@id":"https:\/\/www.campelplanet.com\/fr\/#\/schema\/logo\/image\/"},"sameAs":["https:\/\/www.facebook.com\/campelplanet","https:\/\/www.instagram.com\/campelplanet\/"]}]}},"_links":{"self":[{"href":"https:\/\/www.campelplanet.com\/fr\/wp-json\/wp\/v2\/pages\/866","targetHints":{"allow":["GET"]}}],"collection":[{"href":"https:\/\/www.campelplanet.com\/fr\/wp-json\/wp\/v2\/pages"}],"about":[{"href":"https:\/\/www.campelplanet.com\/fr\/wp-json\/wp\/v2\/types\/page"}],"author":[{"embeddable":true,"href":"https:\/\/www.campelplanet.com\/fr\/wp-json\/wp\/v2\/users\/1"}],"replies":[{"embeddable":true,"href":"https:\/\/www.campelplanet.com\/fr\/wp-json\/wp\/v2\/comments?post=866"}],"version-history":[{"count":1,"href":"https:\/\/www.campelplanet.com\/fr\/wp-json\/wp\/v2\/pages\/866\/revisions"}],"predecessor-version":[{"id":5174,"href":"https:\/\/www.campelplanet.com\/fr\/wp-json\/wp\/v2\/pages\/866\/revisions\/5174"}],"wp:featuredmedia":[{"embeddable":true,"href":"https:\/\/www.campelplanet.com\/fr\/wp-json\/wp\/v2\/media\/710"}],"wp:attachment":[{"href":"https:\/\/www.campelplanet.com\/fr\/wp-json\/wp\/v2\/media?parent=866"}],"curies":[{"name":"wp","href":"https:\/\/api.w.org\/{rel}","templated":true}]}}