{"id":856,"date":"2024-01-03T11:13:35","date_gmt":"2024-01-03T10:13:35","guid":{"rendered":"https:\/\/www.campelplanet.com\/randonnee\/"},"modified":"2024-12-20T07:39:37","modified_gmt":"2024-12-20T06:39:37","slug":"randonnee","status":"publish","type":"page","link":"https:\/\/www.campelplanet.com\/fr\/randonnee\/","title":{"rendered":"Randonn\u00e9e"},"content":{"rendered":"\t\t<div data-elementor-type=\"wp-page\" data-elementor-id=\"856\" class=\"elementor elementor-856 elementor-177\" data-elementor-post-type=\"page\">\n\t\t\t\t\t\t<section class=\"elementor-section elementor-top-section elementor-element elementor-element-2e1efbd elementor-section-boxed elementor-section-height-default elementor-section-height-default\" data-id=\"2e1efbd\" data-element_type=\"section\" data-e-type=\"section\" data-settings=\"{&quot;background_background&quot;:&quot;classic&quot;}\">\n\t\t\t\t\t\t<div class=\"elementor-container elementor-column-gap-no\">\n\t\t\t\t\t<div class=\"elementor-column elementor-col-100 elementor-top-column elementor-element elementor-element-9507812\" data-id=\"9507812\" data-element_type=\"column\" data-e-type=\"column\">\n\t\t\t<div class=\"elementor-widget-wrap elementor-element-populated\">\n\t\t\t\t\t\t\t<\/div>\n\t\t<\/div>\n\t\t\t\t\t<\/div>\n\t\t<\/section>\n\t\t<div class=\"elementor-element elementor-element-7ba5b58 e-flex e-con-boxed e-con e-parent\" data-id=\"7ba5b58\" data-element_type=\"container\" data-e-type=\"container\">\n\t\t\t\t\t<div class=\"e-con-inner\">\n\t\t<div class=\"elementor-element elementor-element-a2092fb e-con-full e-flex e-con e-child\" data-id=\"a2092fb\" data-element_type=\"container\" data-e-type=\"container\">\n\t\t\t\t<div class=\"elementor-element elementor-element-412cd73 elementor-widget__width-initial elementor-widget elementor-widget-text-editor\" data-id=\"412cd73\" data-element_type=\"widget\" data-e-type=\"widget\" data-widget_type=\"text-editor.default\">\n\t\t\t\t\t\t\t\t\t<p><img fetchpriority=\"high\" decoding=\"async\" class=\"alignnone size-medium wp-image-3827\" src=\"https:\/\/www.campelplanet.com\/wp-content\/uploads\/2024\/11\/20230110_141529-300x225.webp\" alt=\"\" width=\"300\" height=\"225\" srcset=\"https:\/\/www.campelplanet.com\/wp-content\/uploads\/2024\/11\/20230110_141529-300x225.webp 300w, https:\/\/www.campelplanet.com\/wp-content\/uploads\/2024\/11\/20230110_141529-1024x768.webp 1024w, https:\/\/www.campelplanet.com\/wp-content\/uploads\/2024\/11\/20230110_141529-768x576.webp 768w, https:\/\/www.campelplanet.com\/wp-content\/uploads\/2024\/11\/20230110_141529-1536x1152.webp 1536w, https:\/\/www.campelplanet.com\/wp-content\/uploads\/2024\/11\/20230110_141529-scaled.webp 1920w\" sizes=\"(max-width: 300px) 100vw, 300px\" \/><img decoding=\"async\" class=\"alignnone size-medium wp-image-3833\" src=\"https:\/\/www.campelplanet.com\/wp-content\/uploads\/2024\/11\/20221228_142405-300x225.webp\" alt=\"\" width=\"300\" height=\"225\" srcset=\"https:\/\/www.campelplanet.com\/wp-content\/uploads\/2024\/11\/20221228_142405-300x225.webp 300w, https:\/\/www.campelplanet.com\/wp-content\/uploads\/2024\/11\/20221228_142405-1024x768.webp 1024w, https:\/\/www.campelplanet.com\/wp-content\/uploads\/2024\/11\/20221228_142405-768x576.webp 768w, https:\/\/www.campelplanet.com\/wp-content\/uploads\/2024\/11\/20221228_142405-1536x1152.webp 1536w, https:\/\/www.campelplanet.com\/wp-content\/uploads\/2024\/11\/20221228_142405-scaled.webp 1920w\" sizes=\"(max-width: 300px) 100vw, 300px\" \/><strong><em><img decoding=\"async\" class=\"alignnone size-medium wp-image-3821\" src=\"https:\/\/www.campelplanet.com\/wp-content\/uploads\/2024\/11\/20231005_140258-300x225.webp\" alt=\"\" width=\"300\" height=\"225\" srcset=\"https:\/\/www.campelplanet.com\/wp-content\/uploads\/2024\/11\/20231005_140258-300x225.webp 300w, https:\/\/www.campelplanet.com\/wp-content\/uploads\/2024\/11\/20231005_140258-1024x768.webp 1024w, https:\/\/www.campelplanet.com\/wp-content\/uploads\/2024\/11\/20231005_140258-768x576.webp 768w, https:\/\/www.campelplanet.com\/wp-content\/uploads\/2024\/11\/20231005_140258-1536x1152.webp 1536w, https:\/\/www.campelplanet.com\/wp-content\/uploads\/2024\/11\/20231005_140258-scaled.webp 1920w\" sizes=\"(max-width: 300px) 100vw, 300px\" \/><\/em><\/strong><\/p><p><strong><em>\u00ab Sauter de rocher en rocher et ne jamais tomber, avec un sac lourd, est plus facile qu&rsquo;il n&rsquo;y para\u00eet ; tu ne peux tout simplement pas tomber quand tu entres dans le rythme de la danse. &#8211; Jack Kerouac, Les clochards du Dharma<\/em><\/strong><\/p><p style=\"background: white;\">En tant que Norv\u00e9giens, nous ne sommes pas facilement impressionn\u00e9s par les montagnes. Cela dit, les montagnes de la Costa Blanca sont certainement impressionnantes. Depuis le <a href=\"https:\/\/www.campelplanet.com\/fr\/camp-el-planet\/\">Camp El Planet<\/a>, nous avons l&rsquo;oc\u00e9an \u00e0 quelques pas dans un sens et en tournant, nous avons les vues impressionnantes et les cr\u00eates de Puig Campana, Monte Ponoig et Serra Bernia formant un fer \u00e0 cheval imposant et majestueux autour de la basse vall\u00e9e. Tout droit sorti de l&rsquo;oc\u00e9an, se dressent Serra Helada et l&#8217;embl\u00e8me de Calpe ; <a href=\"https:\/\/en.wikipedia.org\/wiki\/Penyal_d%27Ifac_Natural_Park\">Penon de Ifach<\/a>.<\/p><p style=\"background: white; box-sizing: border-box; margin-block: 0px 0.9rem; font-variant-ligatures: normal; font-variant-caps: normal; orphans: 2; text-align: start; widows: 2; -webkit-text-stroke-width: 0px; text-decoration-thickness: initial; text-decoration-style: initial; text-decoration-color: initial; word-spacing: 0px;\">Les contrastes sont aussi fascinants qu\u2019\u00e9poustouflants. Ajoutez au paysage le microclimat particulier dont nous jouissons dans la r\u00e9gion et vous saurez pourquoi c&rsquo;est le paradis des randonneurs et des grimpeurs. Ici, vous pouvez profiter du plein air toute l&rsquo;ann\u00e9e.<\/p><p style=\"background: white; box-sizing: border-box; margin-block: 0px 0.9rem; font-variant-ligatures: normal; font-variant-caps: normal; orphans: 2; text-align: start; widows: 2; -webkit-text-stroke-width: 0px; text-decoration-thickness: initial; text-decoration-style: initial; text-decoration-color: initial; word-spacing: 0px;\">Il existe litt\u00e9ralement une montagne de livres et d\u2019articles publi\u00e9s sur la randonn\u00e9e en montagne sur la Costa Blanca. Les livres, par exemple, sont dans l\u2019ensemble informatifs, pratiques et d\u2019un prix raisonnable. Cependant, avant d\u2019en commander un, nous vous sugg\u00e9rons de visiter l\u2019un (sinon la totalit\u00e9) des sites Web li\u00e9s ci-dessous.<\/p><p>Balades en Espagne ; Promenades dans les montagnes de la Costa Blanca ; KaliTravel ; Itin\u00e9raires de randonn\u00e9e ; Amis des montagnes de la Costa Blanca ;<\/p><p>Vous trouverez ici une grande quantit\u00e9 d&rsquo;informations utiles ; peut-\u00eatre toutes les informations dont vous avez besoin. Organiser une semaine de promenades int\u00e9ressantes et vari\u00e9es n\u00e9cessite un effort de recherche relativement modeste. Comme nous avons effectu\u00e9 nous-m\u00eames un certain nombre de ces promenades, nous serons plus qu&rsquo;heureux de vous aider \u00e0 choisir.<\/p><p>Si vous optez pour des livres sur la randonn\u00e9e dans les montagnes de la Costa Blanca, il en existe plusieurs. Ils contiennent tous des descriptions assez compl\u00e8tes de diverses promenades ; temps de marche estim\u00e9s, longueur, d\u00e9nivel\u00e9, classement (facile, mod\u00e9r\u00e9, difficile), donn\u00e9es GPS, cartes, sites touristiques et comment s&rsquo;y rendre. Nous avons utilis\u00e9 \u00ab Rother Walking Guide Costa Blanca \u00bb et \u00ab Promenez-vous dans les montagnes de la Costa Blanca \u00bb et pouvons vous recommander les deux. Ils peuvent \u00eatre command\u00e9s en ligne, co\u00fbtent environ 15 \u20ac et sont disponibles dans un format tr\u00e8s pratique et maniable.<\/p><p>Pour les randonneurs passionn\u00e9s, de nombreuses applications de randonn\u00e9e sont disponibles. Nous utilisons Wikiloc et nous en sommes tr\u00e8s satisfaits. Gardez \u00e9galement \u00e0 l\u2019esprit qu\u2019il existe un grand nombre de sentiers balis\u00e9s tout au long du sentier et que le seul besoin d\u2019une carte est de se rendre au d\u00e9but du sentier. Dans ce cas, la carte fournie avec votre t\u00e9l\u00e9phone fera l&rsquo;affaire. Vous trouverez ci-joint un lien vers les \u00ab courtes promenades \u00bb enregistr\u00e9es dans la Communaut\u00e9 valencienne ; Petit recorrido. Ces sentiers sont bien entretenus, populaires et faciles \u00e0 parcourir. Veuillez cependant noter que toutes les informations sont en espagnol et en valencien.<\/p>\t\t\t\t\t\t\t\t<\/div>\n\t\t\t\t<\/div>\n\t\t\t\t\t<\/div>\n\t\t\t\t<\/div>\n\t\t\t\t<\/div>\n\t\t","protected":false},"excerpt":{"rendered":"<p>\u00ab Sauter de rocher en rocher et ne jamais tomber, avec un sac lourd, est plus facile qu&rsquo;il n&rsquo;y para\u00eet ; tu ne peux tout simplement pas tomber quand tu entres dans le rythme de la danse. &#8211; Jack Kerouac, Les clochards du Dharma En tant que Norv\u00e9giens, nous ne sommes pas facilement impressionn\u00e9s par [&hellip;]<\/p>\n","protected":false},"author":1,"featured_media":715,"parent":0,"menu_order":0,"comment_status":"closed","ping_status":"closed","template":"elementor_header_footer","meta":{"footnotes":""},"class_list":["post-856","page","type-page","status-publish","has-post-thumbnail","hentry"],"yoast_head":"<!-- This site is optimized with the Yoast SEO Premium plugin v27.4 (Yoast SEO v27.4) - https:\/\/yoast.com\/product\/yoast-seo-premium-wordpress\/ -->\n<title>Randonn\u00e9e - Camp El Planet<\/title>\n<meta name=\"description\" content=\"Jumping from boulder to boulder and never falling, with a heavy pack, is easier than it sounds; you just can\u2019t fall when you get into...\" \/>\n<meta name=\"robots\" content=\"index, follow, max-snippet:-1, max-image-preview:large, max-video-preview:-1\" \/>\n<link rel=\"canonical\" href=\"https:\/\/www.campelplanet.com\/fr\/randonnee\/\" \/>\n<meta property=\"og:locale\" content=\"fr_FR\" \/>\n<meta property=\"og:type\" content=\"article\" \/>\n<meta property=\"og:title\" content=\"Randonn\u00e9e\" \/>\n<meta property=\"og:description\" content=\"Jumping from boulder to boulder and never falling, with a heavy pack, is easier than it sounds; you just can\u2019t fall when you get into...\" \/>\n<meta property=\"og:url\" content=\"https:\/\/www.campelplanet.com\/fr\/randonnee\/\" \/>\n<meta property=\"og:site_name\" content=\"Camp El Planet\" \/>\n<meta property=\"article:publisher\" content=\"https:\/\/www.facebook.com\/campelplanet\" \/>\n<meta property=\"article:modified_time\" content=\"2024-12-20T06:39:37+00:00\" \/>\n<meta property=\"og:image\" content=\"https:\/\/www.campelplanet.com\/wp-content\/uploads\/2024\/01\/pexels-rifqi-ramadhan-788213-scaled.jpg\" \/>\n\t<meta property=\"og:image:width\" content=\"2048\" \/>\n\t<meta property=\"og:image:height\" content=\"2560\" \/>\n\t<meta property=\"og:image:type\" content=\"image\/jpeg\" \/>\n<meta name=\"twitter:card\" content=\"summary_large_image\" \/>\n<script type=\"application\/ld+json\" class=\"yoast-schema-graph\">{\"@context\":\"https:\\\/\\\/schema.org\",\"@graph\":[{\"@type\":\"WebPage\",\"@id\":\"https:\\\/\\\/www.campelplanet.com\\\/fr\\\/randonnee\\\/\",\"url\":\"https:\\\/\\\/www.campelplanet.com\\\/fr\\\/randonnee\\\/\",\"name\":\"Randonn\u00e9e - Camp El Planet\",\"isPartOf\":{\"@id\":\"https:\\\/\\\/www.campelplanet.com\\\/fr\\\/#website\"},\"primaryImageOfPage\":{\"@id\":\"https:\\\/\\\/www.campelplanet.com\\\/fr\\\/randonnee\\\/#primaryimage\"},\"image\":{\"@id\":\"https:\\\/\\\/www.campelplanet.com\\\/fr\\\/randonnee\\\/#primaryimage\"},\"thumbnailUrl\":\"https:\\\/\\\/www.campelplanet.com\\\/wp-content\\\/uploads\\\/2024\\\/01\\\/pexels-rifqi-ramadhan-788213-scaled.jpg\",\"datePublished\":\"2024-01-03T10:13:35+00:00\",\"dateModified\":\"2024-12-20T06:39:37+00:00\",\"description\":\"Jumping from boulder to boulder and never falling, with a heavy pack, is easier than it sounds; you just can\u2019t fall when you get into...\",\"breadcrumb\":{\"@id\":\"https:\\\/\\\/www.campelplanet.com\\\/fr\\\/randonnee\\\/#breadcrumb\"},\"inLanguage\":\"fr-FR\",\"potentialAction\":[{\"@type\":\"ReadAction\",\"target\":[\"https:\\\/\\\/www.campelplanet.com\\\/fr\\\/randonnee\\\/\"]}]},{\"@type\":\"ImageObject\",\"inLanguage\":\"fr-FR\",\"@id\":\"https:\\\/\\\/www.campelplanet.com\\\/fr\\\/randonnee\\\/#primaryimage\",\"url\":\"https:\\\/\\\/www.campelplanet.com\\\/wp-content\\\/uploads\\\/2024\\\/01\\\/pexels-rifqi-ramadhan-788213-scaled.jpg\",\"contentUrl\":\"https:\\\/\\\/www.campelplanet.com\\\/wp-content\\\/uploads\\\/2024\\\/01\\\/pexels-rifqi-ramadhan-788213-scaled.jpg\",\"width\":2048,\"height\":2560,\"caption\":\"Hiking\"},{\"@type\":\"BreadcrumbList\",\"@id\":\"https:\\\/\\\/www.campelplanet.com\\\/fr\\\/randonnee\\\/#breadcrumb\",\"itemListElement\":[{\"@type\":\"ListItem\",\"position\":1,\"name\":\"Home\",\"item\":\"https:\\\/\\\/www.campelplanet.com\\\/fr\\\/\"},{\"@type\":\"ListItem\",\"position\":2,\"name\":\"Randonn\u00e9e\"}]},{\"@type\":\"WebSite\",\"@id\":\"https:\\\/\\\/www.campelplanet.com\\\/fr\\\/#website\",\"url\":\"https:\\\/\\\/www.campelplanet.com\\\/fr\\\/\",\"name\":\"Camp El Planet's\",\"description\":\"The soul of the Costa Blanca\",\"publisher\":{\"@id\":\"https:\\\/\\\/www.campelplanet.com\\\/fr\\\/#organization\"},\"potentialAction\":[{\"@type\":\"SearchAction\",\"target\":{\"@type\":\"EntryPoint\",\"urlTemplate\":\"https:\\\/\\\/www.campelplanet.com\\\/fr\\\/?s={search_term_string}\"},\"query-input\":{\"@type\":\"PropertyValueSpecification\",\"valueRequired\":true,\"valueName\":\"search_term_string\"}}],\"inLanguage\":\"fr-FR\"},{\"@type\":\"Organization\",\"@id\":\"https:\\\/\\\/www.campelplanet.com\\\/fr\\\/#organization\",\"name\":\"Camp El Planet's\",\"url\":\"https:\\\/\\\/www.campelplanet.com\\\/fr\\\/\",\"logo\":{\"@type\":\"ImageObject\",\"inLanguage\":\"fr-FR\",\"@id\":\"https:\\\/\\\/www.campelplanet.com\\\/fr\\\/#\\\/schema\\\/logo\\\/image\\\/\",\"url\":\"https:\\\/\\\/www.campelplanet.com\\\/wp-content\\\/uploads\\\/2024\\\/01\\\/cropped-CampElPlanet_bla.png\",\"contentUrl\":\"https:\\\/\\\/www.campelplanet.com\\\/wp-content\\\/uploads\\\/2024\\\/01\\\/cropped-CampElPlanet_bla.png\",\"width\":440,\"height\":256,\"caption\":\"Camp El Planet's\"},\"image\":{\"@id\":\"https:\\\/\\\/www.campelplanet.com\\\/fr\\\/#\\\/schema\\\/logo\\\/image\\\/\"},\"sameAs\":[\"https:\\\/\\\/www.facebook.com\\\/campelplanet\",\"https:\\\/\\\/www.instagram.com\\\/campelplanet\\\/\"]}]}<\/script>\n<!-- \/ Yoast SEO Premium plugin. -->","yoast_head_json":{"title":"Randonn\u00e9e - Camp El Planet","description":"Jumping from boulder to boulder and never falling, with a heavy pack, is easier than it sounds; you just can\u2019t fall when you get into...","robots":{"index":"index","follow":"follow","max-snippet":"max-snippet:-1","max-image-preview":"max-image-preview:large","max-video-preview":"max-video-preview:-1"},"canonical":"https:\/\/www.campelplanet.com\/fr\/randonnee\/","og_locale":"fr_FR","og_type":"article","og_title":"Randonn\u00e9e","og_description":"Jumping from boulder to boulder and never falling, with a heavy pack, is easier than it sounds; you just can\u2019t fall when you get into...","og_url":"https:\/\/www.campelplanet.com\/fr\/randonnee\/","og_site_name":"Camp El Planet","article_publisher":"https:\/\/www.facebook.com\/campelplanet","article_modified_time":"2024-12-20T06:39:37+00:00","og_image":[{"width":2048,"height":2560,"url":"https:\/\/www.campelplanet.com\/wp-content\/uploads\/2024\/01\/pexels-rifqi-ramadhan-788213-scaled.jpg","type":"image\/jpeg"}],"twitter_card":"summary_large_image","schema":{"@context":"https:\/\/schema.org","@graph":[{"@type":"WebPage","@id":"https:\/\/www.campelplanet.com\/fr\/randonnee\/","url":"https:\/\/www.campelplanet.com\/fr\/randonnee\/","name":"Randonn\u00e9e - Camp El Planet","isPartOf":{"@id":"https:\/\/www.campelplanet.com\/fr\/#website"},"primaryImageOfPage":{"@id":"https:\/\/www.campelplanet.com\/fr\/randonnee\/#primaryimage"},"image":{"@id":"https:\/\/www.campelplanet.com\/fr\/randonnee\/#primaryimage"},"thumbnailUrl":"https:\/\/www.campelplanet.com\/wp-content\/uploads\/2024\/01\/pexels-rifqi-ramadhan-788213-scaled.jpg","datePublished":"2024-01-03T10:13:35+00:00","dateModified":"2024-12-20T06:39:37+00:00","description":"Jumping from boulder to boulder and never falling, with a heavy pack, is easier than it sounds; you just can\u2019t fall when you get into...","breadcrumb":{"@id":"https:\/\/www.campelplanet.com\/fr\/randonnee\/#breadcrumb"},"inLanguage":"fr-FR","potentialAction":[{"@type":"ReadAction","target":["https:\/\/www.campelplanet.com\/fr\/randonnee\/"]}]},{"@type":"ImageObject","inLanguage":"fr-FR","@id":"https:\/\/www.campelplanet.com\/fr\/randonnee\/#primaryimage","url":"https:\/\/www.campelplanet.com\/wp-content\/uploads\/2024\/01\/pexels-rifqi-ramadhan-788213-scaled.jpg","contentUrl":"https:\/\/www.campelplanet.com\/wp-content\/uploads\/2024\/01\/pexels-rifqi-ramadhan-788213-scaled.jpg","width":2048,"height":2560,"caption":"Hiking"},{"@type":"BreadcrumbList","@id":"https:\/\/www.campelplanet.com\/fr\/randonnee\/#breadcrumb","itemListElement":[{"@type":"ListItem","position":1,"name":"Home","item":"https:\/\/www.campelplanet.com\/fr\/"},{"@type":"ListItem","position":2,"name":"Randonn\u00e9e"}]},{"@type":"WebSite","@id":"https:\/\/www.campelplanet.com\/fr\/#website","url":"https:\/\/www.campelplanet.com\/fr\/","name":"Camp El Planet's","description":"The soul of the Costa Blanca","publisher":{"@id":"https:\/\/www.campelplanet.com\/fr\/#organization"},"potentialAction":[{"@type":"SearchAction","target":{"@type":"EntryPoint","urlTemplate":"https:\/\/www.campelplanet.com\/fr\/?s={search_term_string}"},"query-input":{"@type":"PropertyValueSpecification","valueRequired":true,"valueName":"search_term_string"}}],"inLanguage":"fr-FR"},{"@type":"Organization","@id":"https:\/\/www.campelplanet.com\/fr\/#organization","name":"Camp El Planet's","url":"https:\/\/www.campelplanet.com\/fr\/","logo":{"@type":"ImageObject","inLanguage":"fr-FR","@id":"https:\/\/www.campelplanet.com\/fr\/#\/schema\/logo\/image\/","url":"https:\/\/www.campelplanet.com\/wp-content\/uploads\/2024\/01\/cropped-CampElPlanet_bla.png","contentUrl":"https:\/\/www.campelplanet.com\/wp-content\/uploads\/2024\/01\/cropped-CampElPlanet_bla.png","width":440,"height":256,"caption":"Camp El Planet's"},"image":{"@id":"https:\/\/www.campelplanet.com\/fr\/#\/schema\/logo\/image\/"},"sameAs":["https:\/\/www.facebook.com\/campelplanet","https:\/\/www.instagram.com\/campelplanet\/"]}]}},"_links":{"self":[{"href":"https:\/\/www.campelplanet.com\/fr\/wp-json\/wp\/v2\/pages\/856","targetHints":{"allow":["GET"]}}],"collection":[{"href":"https:\/\/www.campelplanet.com\/fr\/wp-json\/wp\/v2\/pages"}],"about":[{"href":"https:\/\/www.campelplanet.com\/fr\/wp-json\/wp\/v2\/types\/page"}],"author":[{"embeddable":true,"href":"https:\/\/www.campelplanet.com\/fr\/wp-json\/wp\/v2\/users\/1"}],"replies":[{"embeddable":true,"href":"https:\/\/www.campelplanet.com\/fr\/wp-json\/wp\/v2\/comments?post=856"}],"version-history":[{"count":1,"href":"https:\/\/www.campelplanet.com\/fr\/wp-json\/wp\/v2\/pages\/856\/revisions"}],"predecessor-version":[{"id":5165,"href":"https:\/\/www.campelplanet.com\/fr\/wp-json\/wp\/v2\/pages\/856\/revisions\/5165"}],"wp:featuredmedia":[{"embeddable":true,"href":"https:\/\/www.campelplanet.com\/fr\/wp-json\/wp\/v2\/media\/715"}],"wp:attachment":[{"href":"https:\/\/www.campelplanet.com\/fr\/wp-json\/wp\/v2\/media?parent=856"}],"curies":[{"name":"wp","href":"https:\/\/api.w.org\/{rel}","templated":true}]}}