{"id":844,"date":"2024-01-03T10:51:53","date_gmt":"2024-01-03T09:51:53","guid":{"rendered":"https:\/\/www.campelplanet.com\/velo\/"},"modified":"2024-12-26T06:31:55","modified_gmt":"2024-12-26T05:31:55","slug":"velo","status":"publish","type":"page","link":"https:\/\/www.campelplanet.com\/fr\/velo\/","title":{"rendered":"V\u00e9lo"},"content":{"rendered":"\t\t<div data-elementor-type=\"wp-page\" data-elementor-id=\"844\" class=\"elementor elementor-844 elementor-171\" data-elementor-post-type=\"page\">\n\t\t\t\t\t\t<section class=\"elementor-section elementor-top-section elementor-element elementor-element-3a7ba7b elementor-section-boxed elementor-section-height-default elementor-section-height-default\" data-id=\"3a7ba7b\" data-element_type=\"section\" data-e-type=\"section\" data-settings=\"{&quot;background_background&quot;:&quot;classic&quot;}\">\n\t\t\t\t\t\t<div class=\"elementor-container elementor-column-gap-no\">\n\t\t\t\t\t<div class=\"elementor-column elementor-col-100 elementor-top-column elementor-element elementor-element-42fa259\" data-id=\"42fa259\" data-element_type=\"column\" data-e-type=\"column\">\n\t\t\t<div class=\"elementor-widget-wrap elementor-element-populated\">\n\t\t\t\t\t\t\t<\/div>\n\t\t<\/div>\n\t\t\t\t\t<\/div>\n\t\t<\/section>\n\t\t<div class=\"elementor-element elementor-element-b696140 e-flex e-con-boxed e-con e-parent\" data-id=\"b696140\" data-element_type=\"container\" data-e-type=\"container\">\n\t\t\t\t\t<div class=\"e-con-inner\">\n\t\t<div class=\"elementor-element elementor-element-90211d3 e-con-full e-flex e-con e-child\" data-id=\"90211d3\" data-element_type=\"container\" data-e-type=\"container\">\n\t\t\t\t<div class=\"elementor-element elementor-element-8b7485f elementor-widget elementor-widget-image\" data-id=\"8b7485f\" data-element_type=\"widget\" data-e-type=\"widget\" data-widget_type=\"image.default\">\n\t\t\t\t\t\t\t\t\t\t\t\t\t\t\t<img decoding=\"async\" src=\"https:\/\/www.campelplanet.com\/wp-content\/uploads\/2024\/12\/download.webp\" title=\"\" alt=\"\" loading=\"lazy\" \/>\t\t\t\t\t\t\t\t\t\t\t\t\t\t\t<\/div>\n\t\t\t\t<\/div>\n\t\t<div class=\"elementor-element elementor-element-c8b487d e-con-full e-flex e-con e-child\" data-id=\"c8b487d\" data-element_type=\"container\" data-e-type=\"container\">\n\t\t\t\t<div class=\"elementor-element elementor-element-939842d elementor-widget elementor-widget-text-editor\" data-id=\"939842d\" data-element_type=\"widget\" data-e-type=\"widget\" data-widget_type=\"text-editor.default\">\n\t\t\t\t\t\t\t\t\t<p><em><strong>La vie, c&rsquo;est comme faire du v\u00e9lo. Pour garder votre \u00e9quilibre, vous devez continuer \u00e0 bouger. ~ Lettre d&rsquo;Albert Einstein \u00e0 son fils Eduard, 1930.<\/strong><\/em><\/p><p>Pour la plupart des cyclistes, se voir pr\u00e9senter une longue description de ce que la Costa Blanca a \u00e0 offrir est probablement une perte de temps. Il suffit de dire que la Costa Blanca est reconnue depuis longtemps comme l&rsquo;une des meilleures zones cyclables d&rsquo;Europe. Le climat chaud et sec combin\u00e9 \u00e0 un terrain tr\u00e8s vari\u00e9 offrent des conditions d&rsquo;entra\u00eenement id\u00e9ales.<\/p><p>On peut choisir entre une multitude d&rsquo;itin\u00e9raires ; cr\u00e9ez pratiquement un itin\u00e9raire sur mesure en fonction de vos envies et de vos besoins. Le long de la c\u00f4te, les routes sont relativement plates tandis qu&rsquo;\u00e0 l&rsquo;int\u00e9rieur des terres, elles sont plut\u00f4t vallonn\u00e9es. Les itin\u00e9raires de montagne sont particuli\u00e8rement exigeants.<\/p>\t\t\t\t\t\t\t\t<\/div>\n\t\t\t\t<\/div>\n\t\t\t\t\t<\/div>\n\t\t\t\t<\/div>\n\t\t<div class=\"elementor-element elementor-element-b7146ca e-flex e-con-boxed e-con e-parent\" data-id=\"b7146ca\" data-element_type=\"container\" data-e-type=\"container\">\n\t\t\t\t\t<div class=\"e-con-inner\">\n\t\t<div class=\"elementor-element elementor-element-f81a244 e-con-full e-flex e-con e-child\" data-id=\"f81a244\" data-element_type=\"container\" data-e-type=\"container\">\n\t\t\t\t<div class=\"elementor-element elementor-element-6a5cb91 elementor-widget elementor-widget-text-editor\" data-id=\"6a5cb91\" data-element_type=\"widget\" data-e-type=\"widget\" data-widget_type=\"text-editor.default\">\n\t\t\t\t\t\t\t\t\t<p>Gr\u00e2ce \u00e0 son emplacement central, le\u00a0<a href=\"https:\/\/www.campelplanet.com\/fr\/camp-el-planet\/\">Camp El Planet<\/a>\u00a0est id\u00e9al pour le cyclisme sur route et en montagne. Depuis le camp, on peut soit se diriger vers les montagnes, soit choisir un itin\u00e9raire parmi un vaste r\u00e9seau de routes.<\/p><p>Camp El Planet s\u2019adresse principalement aux <a href=\"https:\/\/en.wikipedia.org\/wiki\/Cycling\">\u00e9quipes<\/a>\u00a0cyclistes et aux groupes de cyclistes. Nous pensons que les groupes et les \u00e9quipes pr\u00e9f\u00e8rent que les membres du groupe et de l\u2019\u00e9quipe soient rassembl\u00e9s au m\u00eame endroit et non dispers\u00e9s dans un grand h\u00f4tel ou un complexe d\u2019appartements. Le Camp El Planet peut offrir aux groupes le logement et la pension dans un endroit calme et isol\u00e9 ; mais toujours \u00e0 courte distance de la c\u00f4te, des montagnes, des terrains de sport, des a\u00e9roports et des villes voisines comme Altea, Alfaz et Albir. Un grand groupe dominera les lieux et apportera coh\u00e9sion, proximit\u00e9 et un fort sentiment de communaut\u00e9.<\/p><p>Entre les entra\u00eenements, le groupe se retrouvait lors des repas, autour de la piscine ou sur le terrain de p\u00e9tanque. Cela facilitera les interactions informelles dans un environnement d\u00e9contract\u00e9 et convivial qui renforcera encore une fois la coh\u00e9sion de l\u2019\u00e9quipe. Un grand groupe aura \u00e9galement un acc\u00e8s exclusif \u00e0 la caf\u00e9t\u00e9ria et \u00e0 la cuisine, et pourra pr\u00e9parer et administrer sa propre \u00e9quipe \u2013 ou des repas de groupe.<\/p>\t\t\t\t\t\t\t\t<\/div>\n\t\t\t\t<\/div>\n\t\t<div class=\"elementor-element elementor-element-c2d4340 e-con-full e-flex e-con e-child\" data-id=\"c2d4340\" data-element_type=\"container\" data-e-type=\"container\">\n\t\t\t\t<div class=\"elementor-element elementor-element-10fa7a9 elementor-widget elementor-widget-image\" data-id=\"10fa7a9\" data-element_type=\"widget\" data-e-type=\"widget\" data-widget_type=\"image.default\">\n\t\t\t\t\t\t\t\t\t\t\t\t\t\t\t<img fetchpriority=\"high\" decoding=\"async\" width=\"800\" height=\"600\" src=\"https:\/\/www.campelplanet.com\/wp-content\/uploads\/2024\/12\/IMG_8279-1024x768.webp\" class=\"attachment-large size-large wp-image-5150\" alt=\"\" srcset=\"https:\/\/www.campelplanet.com\/wp-content\/uploads\/2024\/12\/IMG_8279-1024x768.webp 1024w, https:\/\/www.campelplanet.com\/wp-content\/uploads\/2024\/12\/IMG_8279-300x225.webp 300w, https:\/\/www.campelplanet.com\/wp-content\/uploads\/2024\/12\/IMG_8279-768x576.webp 768w, https:\/\/www.campelplanet.com\/wp-content\/uploads\/2024\/12\/IMG_8279-1536x1152.webp 1536w, https:\/\/www.campelplanet.com\/wp-content\/uploads\/2024\/12\/IMG_8279.webp 1920w\" sizes=\"(max-width: 800px) 100vw, 800px\" \/>\t\t\t\t\t\t\t\t\t\t\t\t\t\t\t<\/div>\n\t\t\t\t<\/div>\n\t\t\t\t\t<\/div>\n\t\t\t\t<\/div>\n\t\t<div class=\"elementor-element elementor-element-61f66d4 e-flex e-con-boxed e-con e-parent\" data-id=\"61f66d4\" data-element_type=\"container\" data-e-type=\"container\">\n\t\t\t\t\t<div class=\"e-con-inner\">\n\t\t\t\t<div class=\"elementor-element elementor-element-d393eec elementor-widget elementor-widget-text-editor\" data-id=\"d393eec\" data-element_type=\"widget\" data-e-type=\"widget\" data-widget_type=\"text-editor.default\">\n\t\t\t\t\t\t\t\t\t<p>Nous pensons \u00e9galement que l&rsquo;attention personnelle, la passion et l&rsquo;enthousiasme apport\u00e9s par les propri\u00e9taires y contribueront positivement. Nous sommes \u00e0 proximit\u00e9 et tout besoin qui pourrait survenir sera r\u00e9pondu imm\u00e9diatement.<\/p><p>\u00a0<\/p>\t\t\t\t\t\t\t\t<\/div>\n\t\t\t\t\t<\/div>\n\t\t\t\t<\/div>\n\t\t\t\t<\/div>\n\t\t","protected":false},"excerpt":{"rendered":"<p>La vie, c&rsquo;est comme faire du v\u00e9lo. Pour garder votre \u00e9quilibre, vous devez continuer \u00e0 bouger. ~ Lettre d&rsquo;Albert Einstein \u00e0 son fils Eduard, 1930. Pour la plupart des cyclistes, se voir pr\u00e9senter une longue description de ce que la Costa Blanca a \u00e0 offrir est probablement une perte de temps. Il suffit de dire [&hellip;]<\/p>\n","protected":false},"author":1,"featured_media":700,"parent":0,"menu_order":0,"comment_status":"closed","ping_status":"closed","template":"","meta":{"footnotes":""},"class_list":["post-844","page","type-page","status-publish","has-post-thumbnail","hentry"],"yoast_head":"<!-- This site is optimized with the Yoast SEO Premium plugin v27.4 (Yoast SEO v27.4) - https:\/\/yoast.com\/product\/yoast-seo-premium-wordpress\/ -->\n<title>V\u00e9lo - Camp El Planet<\/title>\n<meta name=\"description\" content=\"Life is like riding a cycling. Pour garder votre \u00e9quilibre, vous devez continuer \u00e0 bouger. ~ Lettre d&#039;Albert Einstein \u00e0 son fils Eduard, 1930.\" \/>\n<meta name=\"robots\" content=\"index, follow, max-snippet:-1, max-image-preview:large, max-video-preview:-1\" \/>\n<link rel=\"canonical\" href=\"https:\/\/www.campelplanet.com\/fr\/velo\/\" \/>\n<meta property=\"og:locale\" content=\"fr_FR\" \/>\n<meta property=\"og:type\" content=\"article\" \/>\n<meta property=\"og:title\" content=\"V\u00e9lo\" \/>\n<meta property=\"og:description\" content=\"Life is like riding a cycling. Pour garder votre \u00e9quilibre, vous devez continuer \u00e0 bouger. ~ Lettre d&#039;Albert Einstein \u00e0 son fils Eduard, 1930.\" \/>\n<meta property=\"og:url\" content=\"https:\/\/www.campelplanet.com\/fr\/velo\/\" \/>\n<meta property=\"og:site_name\" content=\"Camp El Planet\" \/>\n<meta property=\"article:publisher\" content=\"https:\/\/www.facebook.com\/campelplanet\" \/>\n<meta property=\"article:modified_time\" content=\"2024-12-26T05:31:55+00:00\" \/>\n<meta property=\"og:image\" content=\"https:\/\/www.campelplanet.com\/wp-content\/uploads\/2024\/01\/pexels-do-castle-2270328-scaled.jpg\" \/>\n\t<meta property=\"og:image:width\" content=\"2560\" \/>\n\t<meta property=\"og:image:height\" content=\"1707\" \/>\n\t<meta property=\"og:image:type\" content=\"image\/jpeg\" \/>\n<meta name=\"twitter:card\" content=\"summary_large_image\" \/>\n<script type=\"application\/ld+json\" class=\"yoast-schema-graph\">{\"@context\":\"https:\\\/\\\/schema.org\",\"@graph\":[{\"@type\":\"WebPage\",\"@id\":\"https:\\\/\\\/www.campelplanet.com\\\/fr\\\/velo\\\/\",\"url\":\"https:\\\/\\\/www.campelplanet.com\\\/fr\\\/velo\\\/\",\"name\":\"V\u00e9lo - Camp El Planet\",\"isPartOf\":{\"@id\":\"https:\\\/\\\/www.campelplanet.com\\\/fr\\\/#website\"},\"primaryImageOfPage\":{\"@id\":\"https:\\\/\\\/www.campelplanet.com\\\/fr\\\/velo\\\/#primaryimage\"},\"image\":{\"@id\":\"https:\\\/\\\/www.campelplanet.com\\\/fr\\\/velo\\\/#primaryimage\"},\"thumbnailUrl\":\"https:\\\/\\\/www.campelplanet.com\\\/wp-content\\\/uploads\\\/2024\\\/01\\\/pexels-do-castle-2270328-scaled.jpg\",\"datePublished\":\"2024-01-03T09:51:53+00:00\",\"dateModified\":\"2024-12-26T05:31:55+00:00\",\"description\":\"Life is like riding a cycling. Pour garder votre \u00e9quilibre, vous devez continuer \u00e0 bouger. ~ Lettre d'Albert Einstein \u00e0 son fils Eduard, 1930.\",\"breadcrumb\":{\"@id\":\"https:\\\/\\\/www.campelplanet.com\\\/fr\\\/velo\\\/#breadcrumb\"},\"inLanguage\":\"fr-FR\",\"potentialAction\":[{\"@type\":\"ReadAction\",\"target\":[\"https:\\\/\\\/www.campelplanet.com\\\/fr\\\/velo\\\/\"]}]},{\"@type\":\"ImageObject\",\"inLanguage\":\"fr-FR\",\"@id\":\"https:\\\/\\\/www.campelplanet.com\\\/fr\\\/velo\\\/#primaryimage\",\"url\":\"https:\\\/\\\/www.campelplanet.com\\\/wp-content\\\/uploads\\\/2024\\\/01\\\/pexels-do-castle-2270328-scaled.jpg\",\"contentUrl\":\"https:\\\/\\\/www.campelplanet.com\\\/wp-content\\\/uploads\\\/2024\\\/01\\\/pexels-do-castle-2270328-scaled.jpg\",\"width\":2560,\"height\":1707,\"caption\":\"Cycling\"},{\"@type\":\"BreadcrumbList\",\"@id\":\"https:\\\/\\\/www.campelplanet.com\\\/fr\\\/velo\\\/#breadcrumb\",\"itemListElement\":[{\"@type\":\"ListItem\",\"position\":1,\"name\":\"Home\",\"item\":\"https:\\\/\\\/www.campelplanet.com\\\/fr\\\/\"},{\"@type\":\"ListItem\",\"position\":2,\"name\":\"V\u00e9lo\"}]},{\"@type\":\"WebSite\",\"@id\":\"https:\\\/\\\/www.campelplanet.com\\\/fr\\\/#website\",\"url\":\"https:\\\/\\\/www.campelplanet.com\\\/fr\\\/\",\"name\":\"Camp El Planet's\",\"description\":\"The soul of the Costa Blanca\",\"publisher\":{\"@id\":\"https:\\\/\\\/www.campelplanet.com\\\/fr\\\/#organization\"},\"potentialAction\":[{\"@type\":\"SearchAction\",\"target\":{\"@type\":\"EntryPoint\",\"urlTemplate\":\"https:\\\/\\\/www.campelplanet.com\\\/fr\\\/?s={search_term_string}\"},\"query-input\":{\"@type\":\"PropertyValueSpecification\",\"valueRequired\":true,\"valueName\":\"search_term_string\"}}],\"inLanguage\":\"fr-FR\"},{\"@type\":\"Organization\",\"@id\":\"https:\\\/\\\/www.campelplanet.com\\\/fr\\\/#organization\",\"name\":\"Camp El Planet's\",\"url\":\"https:\\\/\\\/www.campelplanet.com\\\/fr\\\/\",\"logo\":{\"@type\":\"ImageObject\",\"inLanguage\":\"fr-FR\",\"@id\":\"https:\\\/\\\/www.campelplanet.com\\\/fr\\\/#\\\/schema\\\/logo\\\/image\\\/\",\"url\":\"https:\\\/\\\/www.campelplanet.com\\\/wp-content\\\/uploads\\\/2024\\\/01\\\/cropped-CampElPlanet_bla.png\",\"contentUrl\":\"https:\\\/\\\/www.campelplanet.com\\\/wp-content\\\/uploads\\\/2024\\\/01\\\/cropped-CampElPlanet_bla.png\",\"width\":440,\"height\":256,\"caption\":\"Camp El Planet's\"},\"image\":{\"@id\":\"https:\\\/\\\/www.campelplanet.com\\\/fr\\\/#\\\/schema\\\/logo\\\/image\\\/\"},\"sameAs\":[\"https:\\\/\\\/www.facebook.com\\\/campelplanet\",\"https:\\\/\\\/www.instagram.com\\\/campelplanet\\\/\"]}]}<\/script>\n<!-- \/ Yoast SEO Premium plugin. -->","yoast_head_json":{"title":"V\u00e9lo - Camp El Planet","description":"Life is like riding a cycling. Pour garder votre \u00e9quilibre, vous devez continuer \u00e0 bouger. ~ Lettre d'Albert Einstein \u00e0 son fils Eduard, 1930.","robots":{"index":"index","follow":"follow","max-snippet":"max-snippet:-1","max-image-preview":"max-image-preview:large","max-video-preview":"max-video-preview:-1"},"canonical":"https:\/\/www.campelplanet.com\/fr\/velo\/","og_locale":"fr_FR","og_type":"article","og_title":"V\u00e9lo","og_description":"Life is like riding a cycling. Pour garder votre \u00e9quilibre, vous devez continuer \u00e0 bouger. ~ Lettre d'Albert Einstein \u00e0 son fils Eduard, 1930.","og_url":"https:\/\/www.campelplanet.com\/fr\/velo\/","og_site_name":"Camp El Planet","article_publisher":"https:\/\/www.facebook.com\/campelplanet","article_modified_time":"2024-12-26T05:31:55+00:00","og_image":[{"width":2560,"height":1707,"url":"https:\/\/www.campelplanet.com\/wp-content\/uploads\/2024\/01\/pexels-do-castle-2270328-scaled.jpg","type":"image\/jpeg"}],"twitter_card":"summary_large_image","schema":{"@context":"https:\/\/schema.org","@graph":[{"@type":"WebPage","@id":"https:\/\/www.campelplanet.com\/fr\/velo\/","url":"https:\/\/www.campelplanet.com\/fr\/velo\/","name":"V\u00e9lo - Camp El Planet","isPartOf":{"@id":"https:\/\/www.campelplanet.com\/fr\/#website"},"primaryImageOfPage":{"@id":"https:\/\/www.campelplanet.com\/fr\/velo\/#primaryimage"},"image":{"@id":"https:\/\/www.campelplanet.com\/fr\/velo\/#primaryimage"},"thumbnailUrl":"https:\/\/www.campelplanet.com\/wp-content\/uploads\/2024\/01\/pexels-do-castle-2270328-scaled.jpg","datePublished":"2024-01-03T09:51:53+00:00","dateModified":"2024-12-26T05:31:55+00:00","description":"Life is like riding a cycling. Pour garder votre \u00e9quilibre, vous devez continuer \u00e0 bouger. ~ Lettre d'Albert Einstein \u00e0 son fils Eduard, 1930.","breadcrumb":{"@id":"https:\/\/www.campelplanet.com\/fr\/velo\/#breadcrumb"},"inLanguage":"fr-FR","potentialAction":[{"@type":"ReadAction","target":["https:\/\/www.campelplanet.com\/fr\/velo\/"]}]},{"@type":"ImageObject","inLanguage":"fr-FR","@id":"https:\/\/www.campelplanet.com\/fr\/velo\/#primaryimage","url":"https:\/\/www.campelplanet.com\/wp-content\/uploads\/2024\/01\/pexels-do-castle-2270328-scaled.jpg","contentUrl":"https:\/\/www.campelplanet.com\/wp-content\/uploads\/2024\/01\/pexels-do-castle-2270328-scaled.jpg","width":2560,"height":1707,"caption":"Cycling"},{"@type":"BreadcrumbList","@id":"https:\/\/www.campelplanet.com\/fr\/velo\/#breadcrumb","itemListElement":[{"@type":"ListItem","position":1,"name":"Home","item":"https:\/\/www.campelplanet.com\/fr\/"},{"@type":"ListItem","position":2,"name":"V\u00e9lo"}]},{"@type":"WebSite","@id":"https:\/\/www.campelplanet.com\/fr\/#website","url":"https:\/\/www.campelplanet.com\/fr\/","name":"Camp El Planet's","description":"The soul of the Costa Blanca","publisher":{"@id":"https:\/\/www.campelplanet.com\/fr\/#organization"},"potentialAction":[{"@type":"SearchAction","target":{"@type":"EntryPoint","urlTemplate":"https:\/\/www.campelplanet.com\/fr\/?s={search_term_string}"},"query-input":{"@type":"PropertyValueSpecification","valueRequired":true,"valueName":"search_term_string"}}],"inLanguage":"fr-FR"},{"@type":"Organization","@id":"https:\/\/www.campelplanet.com\/fr\/#organization","name":"Camp El Planet's","url":"https:\/\/www.campelplanet.com\/fr\/","logo":{"@type":"ImageObject","inLanguage":"fr-FR","@id":"https:\/\/www.campelplanet.com\/fr\/#\/schema\/logo\/image\/","url":"https:\/\/www.campelplanet.com\/wp-content\/uploads\/2024\/01\/cropped-CampElPlanet_bla.png","contentUrl":"https:\/\/www.campelplanet.com\/wp-content\/uploads\/2024\/01\/cropped-CampElPlanet_bla.png","width":440,"height":256,"caption":"Camp El Planet's"},"image":{"@id":"https:\/\/www.campelplanet.com\/fr\/#\/schema\/logo\/image\/"},"sameAs":["https:\/\/www.facebook.com\/campelplanet","https:\/\/www.instagram.com\/campelplanet\/"]}]}},"_links":{"self":[{"href":"https:\/\/www.campelplanet.com\/fr\/wp-json\/wp\/v2\/pages\/844","targetHints":{"allow":["GET"]}}],"collection":[{"href":"https:\/\/www.campelplanet.com\/fr\/wp-json\/wp\/v2\/pages"}],"about":[{"href":"https:\/\/www.campelplanet.com\/fr\/wp-json\/wp\/v2\/types\/page"}],"author":[{"embeddable":true,"href":"https:\/\/www.campelplanet.com\/fr\/wp-json\/wp\/v2\/users\/1"}],"replies":[{"embeddable":true,"href":"https:\/\/www.campelplanet.com\/fr\/wp-json\/wp\/v2\/comments?post=844"}],"version-history":[{"count":1,"href":"https:\/\/www.campelplanet.com\/fr\/wp-json\/wp\/v2\/pages\/844\/revisions"}],"predecessor-version":[{"id":5659,"href":"https:\/\/www.campelplanet.com\/fr\/wp-json\/wp\/v2\/pages\/844\/revisions\/5659"}],"wp:featuredmedia":[{"embeddable":true,"href":"https:\/\/www.campelplanet.com\/fr\/wp-json\/wp\/v2\/media\/700"}],"wp:attachment":[{"href":"https:\/\/www.campelplanet.com\/fr\/wp-json\/wp\/v2\/media?parent=844"}],"curies":[{"name":"wp","href":"https:\/\/api.w.org\/{rel}","templated":true}]}}