{"id":1003,"date":"2024-01-03T16:32:46","date_gmt":"2024-01-03T15:32:46","guid":{"rendered":"https:\/\/www.campelplanet.com\/vacances-de-groupe\/"},"modified":"2024-12-20T08:25:39","modified_gmt":"2024-12-20T07:25:39","slug":"vacances-de-groupe","status":"publish","type":"page","link":"https:\/\/www.campelplanet.com\/fr\/vacances-de-groupe\/","title":{"rendered":"Vacances de groupe"},"content":{"rendered":"\t\t<div data-elementor-type=\"wp-page\" data-elementor-id=\"1003\" class=\"elementor elementor-1003 elementor-306\" data-elementor-post-type=\"page\">\n\t\t\t\t\t\t<section class=\"elementor-section elementor-top-section elementor-element elementor-element-248d1af elementor-section-boxed elementor-section-height-default elementor-section-height-default\" data-id=\"248d1af\" data-element_type=\"section\" data-e-type=\"section\" data-settings=\"{&quot;background_background&quot;:&quot;classic&quot;}\">\n\t\t\t\t\t\t\t<div class=\"elementor-background-overlay\"><\/div>\n\t\t\t\t\t\t\t<div class=\"elementor-container elementor-column-gap-no\">\n\t\t\t\t\t<div class=\"elementor-column elementor-col-100 elementor-top-column elementor-element elementor-element-b9d205f\" data-id=\"b9d205f\" data-element_type=\"column\" data-e-type=\"column\">\n\t\t\t<div class=\"elementor-widget-wrap elementor-element-populated\">\n\t\t\t\t\t\t\t<\/div>\n\t\t<\/div>\n\t\t\t\t\t<\/div>\n\t\t<\/section>\n\t\t<div class=\"elementor-element elementor-element-5bd9f58 e-flex e-con-boxed e-con e-parent\" data-id=\"5bd9f58\" data-element_type=\"container\" data-e-type=\"container\">\n\t\t\t\t\t<div class=\"e-con-inner\">\n\t\t<div class=\"elementor-element elementor-element-525f999 e-con-full e-flex e-con e-child\" data-id=\"525f999\" data-element_type=\"container\" data-e-type=\"container\">\n\t\t\t\t<div class=\"elementor-element elementor-element-79e0a8e elementor-widget elementor-widget-image\" data-id=\"79e0a8e\" data-element_type=\"widget\" data-e-type=\"widget\" data-widget_type=\"image.default\">\n\t\t\t\t\t\t\t\t\t\t\t\t\t\t\t<img fetchpriority=\"high\" decoding=\"async\" width=\"800\" height=\"800\" src=\"https:\/\/www.campelplanet.com\/wp-content\/uploads\/2024\/01\/56872479_2334043346812434_7202535266332966912_n-1024x1024.jpg\" class=\"attachment-large size-large wp-image-1395\" alt=\"\" srcset=\"https:\/\/www.campelplanet.com\/wp-content\/uploads\/2024\/01\/56872479_2334043346812434_7202535266332966912_n-1024x1024.jpg 1024w, https:\/\/www.campelplanet.com\/wp-content\/uploads\/2024\/01\/56872479_2334043346812434_7202535266332966912_n-300x300.jpg 300w, https:\/\/www.campelplanet.com\/wp-content\/uploads\/2024\/01\/56872479_2334043346812434_7202535266332966912_n-150x150.jpg 150w, https:\/\/www.campelplanet.com\/wp-content\/uploads\/2024\/01\/56872479_2334043346812434_7202535266332966912_n-768x768.jpg 768w, https:\/\/www.campelplanet.com\/wp-content\/uploads\/2024\/01\/56872479_2334043346812434_7202535266332966912_n.jpg 1080w\" sizes=\"(max-width: 800px) 100vw, 800px\" \/>\t\t\t\t\t\t\t\t\t\t\t\t\t\t\t<\/div>\n\t\t\t\t<\/div>\n\t\t<div class=\"elementor-element elementor-element-78f9b2a e-con-full e-flex e-con e-child\" data-id=\"78f9b2a\" data-element_type=\"container\" data-e-type=\"container\">\n\t\t\t\t<div class=\"elementor-element elementor-element-c00e0f8 elementor-widget elementor-widget-text-editor\" data-id=\"c00e0f8\" data-element_type=\"widget\" data-e-type=\"widget\" data-widget_type=\"text-editor.default\">\n\t\t\t\t\t\t\t\t\t<p style=\"padding-left: 40px;\"><span style=\"color: #000080;\"><strong>Camp el Planet est id\u00e9al et constitue une destination tr\u00e8s populaire aupr\u00e8s des grands groupes. Le b\u00e2timent se compose de 11 studios dont la taille varie de 28 M2 \u00e0 52 M2. Neuf des studios peuvent g\u00e9n\u00e9ralement accueillir deux \u00e0 trois personnes, tandis que deux peuvent accueillir trois personnes ou plus. Selon la composition du groupe, la capacit\u00e9 est g\u00e9n\u00e9ralement comprise entre 24 et 34 personnes.Ce vieux et beau b\u00e2timent a fait l&rsquo;objet d&rsquo;une r\u00e9novation majeure et a \u00e9t\u00e9 transform\u00e9 en un appart&rsquo;h\u00f4tel moderne\u00a0; les propri\u00e9taires s&rsquo;efforcent de pr\u00e9server le style \u00ab terreno rustico \u00bb et de conserver son charme et ses caract\u00e9ristiques. Autour du b\u00e2timent se trouve un beau jardin avec une piscine, des palmiers, divers arbres fruitiers, deux pergolas et de nombreux endroits pour se reposer. Il y a deux cuisines communes ; en plus d&rsquo;une petite cuisine dans chaque studio.\n\n\nLes cuisines communes sont situ\u00e9es \u00e0 c\u00f4t\u00e9 de la <a href=\"https:\/\/www.google.com\/search?q=cafeteria&amp;oq=cafeteria&amp;gs_lcrp=EgZjaHJvbWUyCQgAEEUYORiABDIHCAEQABiABDIHCAIQABiABDIHCAMQABiABDIHCAQQABiABDIHCAUQABiABDIHCAYQABiABDIHCAcQABiABDIHCAgQABiABDIHCAkQLhiABNIBBzI4OWowajmoAgCwAgA&amp;sourceid=chrome&amp;ie=UTF-8\">caf\u00e9t\u00e9ria<\/a> et peuvent accueillir des groupes assez nombreux. Au <a href=\"https:\/\/www.campelplanet.com\/fr\/camp-el-planet\/\">Camp el Planet<\/a>, vous pouvez r\u00e9unir un grand groupe pour passer du temps ensemble dans un environnement paisible et tranquille, et profiter de l&rsquo;usage exclusif de la piscine, du jardin, de la caf\u00e9t\u00e9ria et des deux cuisines communes. Pr\u00e9parer des repas communs pour tout le groupe ; ou faites-vous livrer.<\/strong><\/span><\/p>\t\t\t\t\t\t\t\t<\/div>\n\t\t\t\t<\/div>\n\t\t\t\t\t<\/div>\n\t\t\t\t<\/div>\n\t\t<div class=\"elementor-element elementor-element-17c30ef e-flex e-con-boxed e-con e-parent\" data-id=\"17c30ef\" data-element_type=\"container\" data-e-type=\"container\">\n\t\t\t\t\t<div class=\"e-con-inner\">\n\t\t\t\t<div class=\"elementor-element elementor-element-b064a3b elementor-widget elementor-widget-text-editor\" data-id=\"b064a3b\" data-element_type=\"widget\" data-e-type=\"widget\" data-widget_type=\"text-editor.default\">\n\t\t\t\t\t\t\t\t\t<p><span style=\"color: #000080;\"><strong>L\u2019emplacement a un am\u00e9nagement familial et convient aux besoins de la plupart des grands groupes. C\u2019est en outre tout \u00e0 fait abordable compte tenu du nombre de personnes h\u00e9berg\u00e9es. Pour ceux qui souhaitent passer du temps seuls, il existe un grand nombre d\u2019activit\u00e9s et d\u2019attractions auxquelles s\u2019adonner. En particulier, ceux qui aiment la marche (montagnes spectaculaires \u00e0 proximit\u00e9), le v\u00e9lo (la Costa Blanca est l\u2019une des destinations cyclistes les plus populaires d\u2019Europe), les sports nautiques (voile, kayak, surf, etc.), la culture espagnole (Valence, Alicante, villages de montagne) ou simplement rester \u00e0 la plage passera un bon moment.<\/strong><\/span><\/p>\t\t\t\t\t\t\t\t<\/div>\n\t\t\t\t\t<\/div>\n\t\t\t\t<\/div>\n\t\t\t\t<section class=\"elementor-section elementor-top-section elementor-element elementor-element-60f8498 elementor-section-boxed elementor-section-height-default elementor-section-height-default\" data-id=\"60f8498\" data-element_type=\"section\" data-e-type=\"section\" data-settings=\"{&quot;background_background&quot;:&quot;classic&quot;}\">\n\t\t\t\t\t\t<div class=\"elementor-container elementor-column-gap-no\">\n\t\t\t\t\t<div class=\"elementor-column elementor-col-100 elementor-top-column elementor-element elementor-element-d527e0d\" data-id=\"d527e0d\" data-element_type=\"column\" data-e-type=\"column\">\n\t\t\t<div class=\"elementor-widget-wrap elementor-element-populated\">\n\t\t\t\t\t\t<div class=\"elementor-element elementor-element-49d7a3f elementor-widget elementor-widget-heading\" data-id=\"49d7a3f\" data-element_type=\"widget\" data-e-type=\"widget\" data-widget_type=\"heading.default\">\n\t\t\t\t\t<h2 class=\"elementor-heading-title elementor-size-default\">Galerie d'activit\u00e9s<\/h2>\t\t\t\t<\/div>\n\t\t\t\t<section class=\"elementor-section elementor-inner-section elementor-element elementor-element-c703fcb elementor-section-boxed elementor-section-height-default elementor-section-height-default\" data-id=\"c703fcb\" data-element_type=\"section\" data-e-type=\"section\">\n\t\t\t\t\t\t<div class=\"elementor-container elementor-column-gap-no\">\n\t\t\t\t\t<div class=\"elementor-column elementor-col-100 elementor-inner-column elementor-element elementor-element-0bc9430\" data-id=\"0bc9430\" data-element_type=\"column\" data-e-type=\"column\">\n\t\t\t<div class=\"elementor-widget-wrap\">\n\t\t\t\t\t\t\t<\/div>\n\t\t<\/div>\n\t\t\t\t\t<\/div>\n\t\t<\/section>\n\t\t\t\t\t<\/div>\n\t\t<\/div>\n\t\t\t\t\t<\/div>\n\t\t<\/section>\n\t\t<div class=\"elementor-element elementor-element-30f94c2 e-flex e-con-boxed e-con e-parent\" data-id=\"30f94c2\" data-element_type=\"container\" data-e-type=\"container\">\n\t\t\t\t\t<div class=\"e-con-inner\">\n\t\t\t\t<div class=\"elementor-element elementor-element-0386c52 elementor-widget-divider--view-line elementor-widget elementor-widget-divider\" data-id=\"0386c52\" data-element_type=\"widget\" data-e-type=\"widget\" data-widget_type=\"divider.default\">\n\t\t\t\t\t\t\t<div class=\"elementor-divider\">\n\t\t\t<span class=\"elementor-divider-separator\">\n\t\t\t\t\t\t<\/span>\n\t\t<\/div>\n\t\t\t\t\t\t<\/div>\n\t\t\t\t\t<\/div>\n\t\t\t\t<\/div>\n\t\t\t\t<\/div>\n\t\t","protected":false},"excerpt":{"rendered":"<p>Camp el Planet est id\u00e9al et constitue une destination tr\u00e8s populaire aupr\u00e8s des grands groupes. Le b\u00e2timent se compose de 11 studios dont la taille varie de 28 M2 \u00e0 52 M2. Neuf des studios peuvent g\u00e9n\u00e9ralement accueillir deux \u00e0 trois personnes, tandis que deux peuvent accueillir trois personnes ou plus. Selon la composition du [&hellip;]<\/p>\n","protected":false},"author":1,"featured_media":0,"parent":0,"menu_order":0,"comment_status":"closed","ping_status":"closed","template":"elementor_header_footer","meta":{"footnotes":""},"class_list":["post-1003","page","type-page","status-publish","hentry"],"yoast_head":"<!-- This site is optimized with the Yoast SEO Premium plugin v27.4 (Yoast SEO v27.4) - https:\/\/yoast.com\/product\/yoast-seo-premium-wordpress\/ -->\n<title>Vacances de groupe - Camp El Planet<\/title>\n<meta name=\"description\" content=\"Camp el Planet is ideally suited for and is a quite popular destination for large group Holidays. Le b\u00e2timent se compose de 11 studios...\" \/>\n<meta name=\"robots\" content=\"index, follow, max-snippet:-1, max-image-preview:large, max-video-preview:-1\" \/>\n<link rel=\"canonical\" href=\"https:\/\/www.campelplanet.com\/fr\/vacances-de-groupe\/\" \/>\n<meta property=\"og:locale\" content=\"fr_FR\" \/>\n<meta property=\"og:type\" content=\"article\" \/>\n<meta property=\"og:title\" content=\"Vacances de groupe\" \/>\n<meta property=\"og:description\" content=\"Camp el Planet is ideally suited for and is a quite popular destination for large group Holidays. Le b\u00e2timent se compose de 11 studios...\" \/>\n<meta property=\"og:url\" content=\"https:\/\/www.campelplanet.com\/fr\/vacances-de-groupe\/\" \/>\n<meta property=\"og:site_name\" content=\"Camp El Planet\" \/>\n<meta property=\"article:publisher\" content=\"https:\/\/www.facebook.com\/campelplanet\" \/>\n<meta property=\"article:modified_time\" content=\"2024-12-20T07:25:39+00:00\" \/>\n<meta property=\"og:image\" content=\"https:\/\/www.campelplanet.com\/wp-content\/uploads\/2024\/01\/56872479_2334043346812434_7202535266332966912_n.jpg\" \/>\n\t<meta property=\"og:image:width\" content=\"1080\" \/>\n\t<meta property=\"og:image:height\" content=\"1080\" \/>\n\t<meta property=\"og:image:type\" content=\"image\/jpeg\" \/>\n<meta name=\"twitter:card\" content=\"summary_large_image\" \/>\n<meta name=\"twitter:label1\" content=\"Dur\u00e9e de lecture estim\u00e9e\" \/>\n\t<meta name=\"twitter:data1\" content=\"3 minutes\" \/>\n<script type=\"application\/ld+json\" class=\"yoast-schema-graph\">{\"@context\":\"https:\\\/\\\/schema.org\",\"@graph\":[{\"@type\":\"WebPage\",\"@id\":\"https:\\\/\\\/www.campelplanet.com\\\/fr\\\/vacances-de-groupe\\\/\",\"url\":\"https:\\\/\\\/www.campelplanet.com\\\/fr\\\/vacances-de-groupe\\\/\",\"name\":\"Vacances de groupe - Camp El Planet\",\"isPartOf\":{\"@id\":\"https:\\\/\\\/www.campelplanet.com\\\/fr\\\/#website\"},\"primaryImageOfPage\":{\"@id\":\"https:\\\/\\\/www.campelplanet.com\\\/fr\\\/vacances-de-groupe\\\/#primaryimage\"},\"image\":{\"@id\":\"https:\\\/\\\/www.campelplanet.com\\\/fr\\\/vacances-de-groupe\\\/#primaryimage\"},\"thumbnailUrl\":\"https:\\\/\\\/www.campelplanet.com\\\/wp-content\\\/uploads\\\/2024\\\/01\\\/56872479_2334043346812434_7202535266332966912_n-1024x1024.jpg\",\"datePublished\":\"2024-01-03T15:32:46+00:00\",\"dateModified\":\"2024-12-20T07:25:39+00:00\",\"description\":\"Camp el Planet is ideally suited for and is a quite popular destination for large group Holidays. Le b\u00e2timent se compose de 11 studios...\",\"breadcrumb\":{\"@id\":\"https:\\\/\\\/www.campelplanet.com\\\/fr\\\/vacances-de-groupe\\\/#breadcrumb\"},\"inLanguage\":\"fr-FR\",\"potentialAction\":[{\"@type\":\"ReadAction\",\"target\":[\"https:\\\/\\\/www.campelplanet.com\\\/fr\\\/vacances-de-groupe\\\/\"]}]},{\"@type\":\"ImageObject\",\"inLanguage\":\"fr-FR\",\"@id\":\"https:\\\/\\\/www.campelplanet.com\\\/fr\\\/vacances-de-groupe\\\/#primaryimage\",\"url\":\"https:\\\/\\\/www.campelplanet.com\\\/wp-content\\\/uploads\\\/2024\\\/01\\\/56872479_2334043346812434_7202535266332966912_n-1024x1024.jpg\",\"contentUrl\":\"https:\\\/\\\/www.campelplanet.com\\\/wp-content\\\/uploads\\\/2024\\\/01\\\/56872479_2334043346812434_7202535266332966912_n-1024x1024.jpg\"},{\"@type\":\"BreadcrumbList\",\"@id\":\"https:\\\/\\\/www.campelplanet.com\\\/fr\\\/vacances-de-groupe\\\/#breadcrumb\",\"itemListElement\":[{\"@type\":\"ListItem\",\"position\":1,\"name\":\"Home\",\"item\":\"https:\\\/\\\/www.campelplanet.com\\\/fr\\\/\"},{\"@type\":\"ListItem\",\"position\":2,\"name\":\"Vacances de groupe\"}]},{\"@type\":\"WebSite\",\"@id\":\"https:\\\/\\\/www.campelplanet.com\\\/fr\\\/#website\",\"url\":\"https:\\\/\\\/www.campelplanet.com\\\/fr\\\/\",\"name\":\"Camp El Planet's\",\"description\":\"The soul of the Costa Blanca\",\"publisher\":{\"@id\":\"https:\\\/\\\/www.campelplanet.com\\\/fr\\\/#organization\"},\"potentialAction\":[{\"@type\":\"SearchAction\",\"target\":{\"@type\":\"EntryPoint\",\"urlTemplate\":\"https:\\\/\\\/www.campelplanet.com\\\/fr\\\/?s={search_term_string}\"},\"query-input\":{\"@type\":\"PropertyValueSpecification\",\"valueRequired\":true,\"valueName\":\"search_term_string\"}}],\"inLanguage\":\"fr-FR\"},{\"@type\":\"Organization\",\"@id\":\"https:\\\/\\\/www.campelplanet.com\\\/fr\\\/#organization\",\"name\":\"Camp El Planet's\",\"url\":\"https:\\\/\\\/www.campelplanet.com\\\/fr\\\/\",\"logo\":{\"@type\":\"ImageObject\",\"inLanguage\":\"fr-FR\",\"@id\":\"https:\\\/\\\/www.campelplanet.com\\\/fr\\\/#\\\/schema\\\/logo\\\/image\\\/\",\"url\":\"https:\\\/\\\/www.campelplanet.com\\\/wp-content\\\/uploads\\\/2024\\\/01\\\/cropped-CampElPlanet_bla.png\",\"contentUrl\":\"https:\\\/\\\/www.campelplanet.com\\\/wp-content\\\/uploads\\\/2024\\\/01\\\/cropped-CampElPlanet_bla.png\",\"width\":440,\"height\":256,\"caption\":\"Camp El Planet's\"},\"image\":{\"@id\":\"https:\\\/\\\/www.campelplanet.com\\\/fr\\\/#\\\/schema\\\/logo\\\/image\\\/\"},\"sameAs\":[\"https:\\\/\\\/www.facebook.com\\\/campelplanet\",\"https:\\\/\\\/www.instagram.com\\\/campelplanet\\\/\"]}]}<\/script>\n<!-- \/ Yoast SEO Premium plugin. -->","yoast_head_json":{"title":"Vacances de groupe - Camp El Planet","description":"Camp el Planet is ideally suited for and is a quite popular destination for large group Holidays. Le b\u00e2timent se compose de 11 studios...","robots":{"index":"index","follow":"follow","max-snippet":"max-snippet:-1","max-image-preview":"max-image-preview:large","max-video-preview":"max-video-preview:-1"},"canonical":"https:\/\/www.campelplanet.com\/fr\/vacances-de-groupe\/","og_locale":"fr_FR","og_type":"article","og_title":"Vacances de groupe","og_description":"Camp el Planet is ideally suited for and is a quite popular destination for large group Holidays. Le b\u00e2timent se compose de 11 studios...","og_url":"https:\/\/www.campelplanet.com\/fr\/vacances-de-groupe\/","og_site_name":"Camp El Planet","article_publisher":"https:\/\/www.facebook.com\/campelplanet","article_modified_time":"2024-12-20T07:25:39+00:00","og_image":[{"width":1080,"height":1080,"url":"https:\/\/www.campelplanet.com\/wp-content\/uploads\/2024\/01\/56872479_2334043346812434_7202535266332966912_n.jpg","type":"image\/jpeg"}],"twitter_card":"summary_large_image","twitter_misc":{"Dur\u00e9e de lecture estim\u00e9e":"3 minutes"},"schema":{"@context":"https:\/\/schema.org","@graph":[{"@type":"WebPage","@id":"https:\/\/www.campelplanet.com\/fr\/vacances-de-groupe\/","url":"https:\/\/www.campelplanet.com\/fr\/vacances-de-groupe\/","name":"Vacances de groupe - Camp El Planet","isPartOf":{"@id":"https:\/\/www.campelplanet.com\/fr\/#website"},"primaryImageOfPage":{"@id":"https:\/\/www.campelplanet.com\/fr\/vacances-de-groupe\/#primaryimage"},"image":{"@id":"https:\/\/www.campelplanet.com\/fr\/vacances-de-groupe\/#primaryimage"},"thumbnailUrl":"https:\/\/www.campelplanet.com\/wp-content\/uploads\/2024\/01\/56872479_2334043346812434_7202535266332966912_n-1024x1024.jpg","datePublished":"2024-01-03T15:32:46+00:00","dateModified":"2024-12-20T07:25:39+00:00","description":"Camp el Planet is ideally suited for and is a quite popular destination for large group Holidays. Le b\u00e2timent se compose de 11 studios...","breadcrumb":{"@id":"https:\/\/www.campelplanet.com\/fr\/vacances-de-groupe\/#breadcrumb"},"inLanguage":"fr-FR","potentialAction":[{"@type":"ReadAction","target":["https:\/\/www.campelplanet.com\/fr\/vacances-de-groupe\/"]}]},{"@type":"ImageObject","inLanguage":"fr-FR","@id":"https:\/\/www.campelplanet.com\/fr\/vacances-de-groupe\/#primaryimage","url":"https:\/\/www.campelplanet.com\/wp-content\/uploads\/2024\/01\/56872479_2334043346812434_7202535266332966912_n-1024x1024.jpg","contentUrl":"https:\/\/www.campelplanet.com\/wp-content\/uploads\/2024\/01\/56872479_2334043346812434_7202535266332966912_n-1024x1024.jpg"},{"@type":"BreadcrumbList","@id":"https:\/\/www.campelplanet.com\/fr\/vacances-de-groupe\/#breadcrumb","itemListElement":[{"@type":"ListItem","position":1,"name":"Home","item":"https:\/\/www.campelplanet.com\/fr\/"},{"@type":"ListItem","position":2,"name":"Vacances de groupe"}]},{"@type":"WebSite","@id":"https:\/\/www.campelplanet.com\/fr\/#website","url":"https:\/\/www.campelplanet.com\/fr\/","name":"Camp El Planet's","description":"The soul of the Costa Blanca","publisher":{"@id":"https:\/\/www.campelplanet.com\/fr\/#organization"},"potentialAction":[{"@type":"SearchAction","target":{"@type":"EntryPoint","urlTemplate":"https:\/\/www.campelplanet.com\/fr\/?s={search_term_string}"},"query-input":{"@type":"PropertyValueSpecification","valueRequired":true,"valueName":"search_term_string"}}],"inLanguage":"fr-FR"},{"@type":"Organization","@id":"https:\/\/www.campelplanet.com\/fr\/#organization","name":"Camp El Planet's","url":"https:\/\/www.campelplanet.com\/fr\/","logo":{"@type":"ImageObject","inLanguage":"fr-FR","@id":"https:\/\/www.campelplanet.com\/fr\/#\/schema\/logo\/image\/","url":"https:\/\/www.campelplanet.com\/wp-content\/uploads\/2024\/01\/cropped-CampElPlanet_bla.png","contentUrl":"https:\/\/www.campelplanet.com\/wp-content\/uploads\/2024\/01\/cropped-CampElPlanet_bla.png","width":440,"height":256,"caption":"Camp El Planet's"},"image":{"@id":"https:\/\/www.campelplanet.com\/fr\/#\/schema\/logo\/image\/"},"sameAs":["https:\/\/www.facebook.com\/campelplanet","https:\/\/www.instagram.com\/campelplanet\/"]}]}},"_links":{"self":[{"href":"https:\/\/www.campelplanet.com\/fr\/wp-json\/wp\/v2\/pages\/1003","targetHints":{"allow":["GET"]}}],"collection":[{"href":"https:\/\/www.campelplanet.com\/fr\/wp-json\/wp\/v2\/pages"}],"about":[{"href":"https:\/\/www.campelplanet.com\/fr\/wp-json\/wp\/v2\/types\/page"}],"author":[{"embeddable":true,"href":"https:\/\/www.campelplanet.com\/fr\/wp-json\/wp\/v2\/users\/1"}],"replies":[{"embeddable":true,"href":"https:\/\/www.campelplanet.com\/fr\/wp-json\/wp\/v2\/comments?post=1003"}],"version-history":[{"count":1,"href":"https:\/\/www.campelplanet.com\/fr\/wp-json\/wp\/v2\/pages\/1003\/revisions"}],"predecessor-version":[{"id":5210,"href":"https:\/\/www.campelplanet.com\/fr\/wp-json\/wp\/v2\/pages\/1003\/revisions\/5210"}],"wp:attachment":[{"href":"https:\/\/www.campelplanet.com\/fr\/wp-json\/wp\/v2\/media?parent=1003"}],"curies":[{"name":"wp","href":"https:\/\/api.w.org\/{rel}","templated":true}]}}