{"id":995,"date":"2024-01-03T16:32:46","date_gmt":"2024-01-03T15:32:46","guid":{"rendered":"https:\/\/www.campelplanet.com\/espanol\/"},"modified":"2024-12-24T08:56:37","modified_gmt":"2024-12-24T07:56:37","slug":"espanol","status":"publish","type":"page","link":"https:\/\/www.campelplanet.com\/es\/espanol\/","title":{"rendered":"Grupos grandes"},"content":{"rendered":"\t\t<div data-elementor-type=\"wp-page\" data-elementor-id=\"995\" class=\"elementor elementor-995 elementor-306\" data-elementor-post-type=\"page\">\n\t\t\t\t\t\t<section class=\"elementor-section elementor-top-section elementor-element elementor-element-248d1af elementor-section-boxed elementor-section-height-default elementor-section-height-default\" data-id=\"248d1af\" data-element_type=\"section\" data-e-type=\"section\" data-settings=\"{&quot;background_background&quot;:&quot;classic&quot;}\">\n\t\t\t\t\t\t\t<div class=\"elementor-background-overlay\"><\/div>\n\t\t\t\t\t\t\t<div class=\"elementor-container elementor-column-gap-no\">\n\t\t\t\t\t<div class=\"elementor-column elementor-col-100 elementor-top-column elementor-element elementor-element-b9d205f\" data-id=\"b9d205f\" data-element_type=\"column\" data-e-type=\"column\">\n\t\t\t<div class=\"elementor-widget-wrap elementor-element-populated\">\n\t\t\t\t\t\t\t<\/div>\n\t\t<\/div>\n\t\t\t\t\t<\/div>\n\t\t<\/section>\n\t\t<div class=\"elementor-element elementor-element-5bd9f58 e-flex e-con-boxed e-con e-parent\" data-id=\"5bd9f58\" data-element_type=\"container\" data-e-type=\"container\">\n\t\t\t\t\t<div class=\"e-con-inner\">\n\t\t<div class=\"elementor-element elementor-element-525f999 e-con-full e-flex e-con e-child\" data-id=\"525f999\" data-element_type=\"container\" data-e-type=\"container\">\n\t\t\t\t<div class=\"elementor-element elementor-element-79e0a8e elementor-widget elementor-widget-image\" data-id=\"79e0a8e\" data-element_type=\"widget\" data-e-type=\"widget\" data-widget_type=\"image.default\">\n\t\t\t\t\t\t\t\t\t\t\t\t\t\t\t<img fetchpriority=\"high\" decoding=\"async\" width=\"800\" height=\"800\" src=\"https:\/\/www.campelplanet.com\/wp-content\/uploads\/2024\/01\/56872479_2334043346812434_7202535266332966912_n-1024x1024.jpg\" class=\"attachment-large size-large wp-image-1398\" alt=\"\" srcset=\"https:\/\/www.campelplanet.com\/wp-content\/uploads\/2024\/01\/56872479_2334043346812434_7202535266332966912_n-1024x1024.jpg 1024w, https:\/\/www.campelplanet.com\/wp-content\/uploads\/2024\/01\/56872479_2334043346812434_7202535266332966912_n-300x300.jpg 300w, https:\/\/www.campelplanet.com\/wp-content\/uploads\/2024\/01\/56872479_2334043346812434_7202535266332966912_n-150x150.jpg 150w, https:\/\/www.campelplanet.com\/wp-content\/uploads\/2024\/01\/56872479_2334043346812434_7202535266332966912_n-768x768.jpg 768w, https:\/\/www.campelplanet.com\/wp-content\/uploads\/2024\/01\/56872479_2334043346812434_7202535266332966912_n.jpg 1080w\" sizes=\"(max-width: 800px) 100vw, 800px\" \/>\t\t\t\t\t\t\t\t\t\t\t\t\t\t\t<\/div>\n\t\t\t\t<\/div>\n\t\t<div class=\"elementor-element elementor-element-78f9b2a e-con-full e-flex e-con e-child\" data-id=\"78f9b2a\" data-element_type=\"container\" data-e-type=\"container\">\n\t\t\t\t<div class=\"elementor-element elementor-element-c00e0f8 elementor-widget elementor-widget-text-editor\" data-id=\"c00e0f8\" data-element_type=\"widget\" data-e-type=\"widget\" data-widget_type=\"text-editor.default\">\n\t\t\t\t\t\t\t\t\t<p style=\"padding-left: 40px;\"><span style=\"color: #000080;\"><strong>Camp el Planet es ideal y es un destino bastante popular para vacaciones de grupos grandes. El edificio consta de 11 monoambientes que var\u00edan en tama\u00f1o desde 28 M2 hasta 52 M2. Nueve de los estudios suelen tener capacidad para dos o tres personas, mientras que en dos de ellos pueden alojarse tres o m\u00e1s. Dependiendo de la composici\u00f3n del grupo, la capacidad suele oscilar entre 24 y 34 personas. Este antiguo y hermoso edificio se ha convertido, tras una importante renovaci\u00f3n, en un moderno aparthotel; Los propietarios hacen todo lo posible para preservar el estilo \u00abterreno r\u00fastico\u00bb y mantener su encanto y caracter\u00edsticas. Rodeando el edificio hay un bonito jard\u00edn con piscina, palmeras, diversos \u00e1rboles frutales, dos p\u00e9rgolas y numerosos lugares para descansar. Hay dos cocinas comunitarias; adem\u00e1s de una peque\u00f1a cocina en cada estudio.<\/strong><\/span><\/p>\n<p style=\"padding-left: 40px;\"><span style=\"color: #000080;\"><strong>Las cocinas comunitarias est\u00e1n situadas junto a la <a href=\"https:\/\/www.google.com\/search?q=cafeteria&amp;oq=cafeteria&amp;gs_lcrp=EgZjaHJvbWUyCQgAEEUYORiABDIHCAEQABiABDIHCAIQABiABDIHCAMQABiABDIHCAQQABiABDIHCAUQABiABDIHCAYQABiABDIHCAcQABiABDIHCAgQABiABDIHCAkQLhiABNIBBzI4OWowajmoAgCwAgA&amp;sourceid=chrome&amp;ie=UTF-8\">cafeter\u00eda<\/a>, y con capacidad para atender a grupos bastante numerosos. En <a href=\"https:\/\/www.campelplanet.com\/es\/campamento-el-planeta\/\">Camp el Planet<\/a> podr\u00e1s reunir a un grupo grande para disfrutar de un rato juntos en un entorno tranquilo y pac\u00edfico, y disfrutar del uso exclusivo de la piscina, el jard\u00edn, la cafeter\u00eda y las dos cocinas comunitarias. Preparar comidas comunes para todo el grupo; o que te lo entreguen.<\/span><\/p>\t\t\t\t\t\t\t\t<\/div>\n\t\t\t\t<\/div>\n\t\t\t\t\t<\/div>\n\t\t\t\t<\/div>\n\t\t<div class=\"elementor-element elementor-element-d9e24e1 e-flex e-con-boxed e-con e-parent\" data-id=\"d9e24e1\" data-element_type=\"container\" data-e-type=\"container\">\n\t\t\t\t\t<div class=\"e-con-inner\">\n\t\t\t\t<div class=\"elementor-element elementor-element-09fcfb4 elementor-widget elementor-widget-text-editor\" data-id=\"09fcfb4\" data-element_type=\"widget\" data-e-type=\"widget\" data-widget_type=\"text-editor.default\">\n\t\t\t\t\t\t\t\t\t<p><span style=\"color: #000080;\"><strong>La ubicaci\u00f3n tiene un dise\u00f1o familiar y es adecuada para las necesidades de la mayor\u00eda de grupos grandes. Adem\u00e1s, es bastante asequible teniendo en cuenta el n\u00famero de personas que se alojan. Para aquellos que quieran pasar un tiempo a solas, hay una gran cantidad de actividades y atracciones para disfrutar. En particular, aquellos que disfrutan del senderismo (monta\u00f1as espectaculares cerca), el ciclismo (la Costa Blanca se encuentra entre los destinos ciclistas m\u00e1s populares de Europa), los deportes acu\u00e1ticos (vela, kayak, surf y m\u00e1s), la cultura espa\u00f1ola (Valencia, Alicante, pueblos de monta\u00f1a) o simplemente Alojarse en la playa lo pasar\u00e1 en grande.<\/strong><\/span><\/p>\t\t\t\t\t\t\t\t<\/div>\n\t\t\t\t\t<\/div>\n\t\t\t\t<\/div>\n\t\t\t\t<section class=\"elementor-section elementor-top-section elementor-element elementor-element-34aea67 elementor-section-boxed elementor-section-height-default elementor-section-height-default\" data-id=\"34aea67\" data-element_type=\"section\" data-e-type=\"section\" data-settings=\"{&quot;background_background&quot;:&quot;classic&quot;}\">\n\t\t\t\t\t\t<div class=\"elementor-container elementor-column-gap-no\">\n\t\t\t\t\t<div class=\"elementor-column elementor-col-100 elementor-top-column elementor-element elementor-element-f0fa12d\" data-id=\"f0fa12d\" data-element_type=\"column\" data-e-type=\"column\">\n\t\t\t<div class=\"elementor-widget-wrap elementor-element-populated\">\n\t\t\t\t\t\t<div class=\"elementor-element elementor-element-e1fb9c4 elementor-widget elementor-widget-heading\" data-id=\"e1fb9c4\" data-element_type=\"widget\" data-e-type=\"widget\" data-widget_type=\"heading.default\">\n\t\t\t\t\t<h2 class=\"elementor-heading-title elementor-size-default\">Camp El Planet Gallery<\/h2>\t\t\t\t<\/div>\n\t\t\t\t<section class=\"elementor-section elementor-inner-section elementor-element elementor-element-2eebfc7 elementor-section-boxed elementor-section-height-default elementor-section-height-default\" data-id=\"2eebfc7\" data-element_type=\"section\" data-e-type=\"section\">\n\t\t\t\t\t\t<div class=\"elementor-container elementor-column-gap-no\">\n\t\t\t\t\t<div class=\"elementor-column elementor-col-100 elementor-inner-column elementor-element elementor-element-643f655\" data-id=\"643f655\" data-element_type=\"column\" data-e-type=\"column\">\n\t\t\t<div class=\"elementor-widget-wrap\">\n\t\t\t\t\t\t\t<\/div>\n\t\t<\/div>\n\t\t\t\t\t<\/div>\n\t\t<\/section>\n\t\t\t\t\t<\/div>\n\t\t<\/div>\n\t\t\t\t\t<\/div>\n\t\t<\/section>\n\t\t<div class=\"elementor-element elementor-element-3af65e1 e-flex e-con-boxed e-con e-parent\" data-id=\"3af65e1\" data-element_type=\"container\" data-e-type=\"container\">\n\t\t\t\t\t<div class=\"e-con-inner\">\n\t\t\t\t<div class=\"elementor-element elementor-element-6504b0f elementor-widget-divider--view-line elementor-widget elementor-widget-divider\" data-id=\"6504b0f\" data-element_type=\"widget\" data-e-type=\"widget\" data-widget_type=\"divider.default\">\n\t\t\t\t\t\t\t<div class=\"elementor-divider\">\n\t\t\t<span class=\"elementor-divider-separator\">\n\t\t\t\t\t\t<\/span>\n\t\t<\/div>\n\t\t\t\t\t\t<\/div>\n\t\t\t\t\t<\/div>\n\t\t\t\t<\/div>\n\t\t\t\t<\/div>\n\t\t","protected":false},"excerpt":{"rendered":"<p>Camp el Planet es ideal y es un destino bastante popular para vacaciones de grupos grandes. El edificio consta de 11 monoambientes que var\u00edan en tama\u00f1o desde 28 M2 hasta 52 M2. Nueve de los estudios suelen tener capacidad para dos o tres personas, mientras que en dos de ellos pueden alojarse tres o m\u00e1s. [&hellip;]<\/p>\n","protected":false},"author":1,"featured_media":0,"parent":0,"menu_order":0,"comment_status":"closed","ping_status":"closed","template":"elementor_header_footer","meta":{"footnotes":""},"class_list":["post-995","page","type-page","status-publish","hentry"],"yoast_head":"<!-- This site is optimized with the Yoast SEO Premium plugin v27.4 (Yoast SEO v27.4) - https:\/\/yoast.com\/product\/yoast-seo-premium-wordpress\/ -->\n<title>Grupos grandes - Camp El Planet<\/title>\n<meta name=\"description\" content=\"Camp el Planet es ideal y es un destino bastante popular para vacaciones de grupos grandes. El edificio consta de 11 estudios...\" \/>\n<meta name=\"robots\" content=\"index, follow, max-snippet:-1, max-image-preview:large, max-video-preview:-1\" \/>\n<link rel=\"canonical\" href=\"https:\/\/www.campelplanet.com\/es\/espanol\/\" \/>\n<meta property=\"og:locale\" content=\"es_ES\" \/>\n<meta property=\"og:type\" content=\"article\" \/>\n<meta property=\"og:title\" content=\"Grupos grandes\" \/>\n<meta property=\"og:description\" content=\"Camp el Planet es ideal y es un destino bastante popular para vacaciones de grupos grandes. El edificio consta de 11 estudios...\" \/>\n<meta property=\"og:url\" content=\"https:\/\/www.campelplanet.com\/es\/espanol\/\" \/>\n<meta property=\"og:site_name\" content=\"Camp El Planet\" \/>\n<meta property=\"article:publisher\" content=\"https:\/\/www.facebook.com\/campelplanet\" \/>\n<meta property=\"article:modified_time\" content=\"2024-12-24T07:56:37+00:00\" \/>\n<meta property=\"og:image\" content=\"https:\/\/www.campelplanet.com\/wp-content\/uploads\/2024\/01\/56872479_2334043346812434_7202535266332966912_n.jpg\" \/>\n\t<meta property=\"og:image:width\" content=\"1080\" \/>\n\t<meta property=\"og:image:height\" content=\"1080\" \/>\n\t<meta property=\"og:image:type\" content=\"image\/jpeg\" \/>\n<meta name=\"twitter:card\" content=\"summary_large_image\" \/>\n<meta name=\"twitter:label1\" content=\"Tiempo de lectura\" \/>\n\t<meta name=\"twitter:data1\" content=\"3 minutos\" \/>\n<script type=\"application\/ld+json\" class=\"yoast-schema-graph\">{\"@context\":\"https:\\\/\\\/schema.org\",\"@graph\":[{\"@type\":\"WebPage\",\"@id\":\"https:\\\/\\\/www.campelplanet.com\\\/es\\\/espanol\\\/\",\"url\":\"https:\\\/\\\/www.campelplanet.com\\\/es\\\/espanol\\\/\",\"name\":\"Grupos grandes - Camp El Planet\",\"isPartOf\":{\"@id\":\"https:\\\/\\\/www.campelplanet.com\\\/es\\\/#website\"},\"primaryImageOfPage\":{\"@id\":\"https:\\\/\\\/www.campelplanet.com\\\/es\\\/espanol\\\/#primaryimage\"},\"image\":{\"@id\":\"https:\\\/\\\/www.campelplanet.com\\\/es\\\/espanol\\\/#primaryimage\"},\"thumbnailUrl\":\"https:\\\/\\\/www.campelplanet.com\\\/wp-content\\\/uploads\\\/2024\\\/01\\\/56872479_2334043346812434_7202535266332966912_n-1024x1024.jpg\",\"datePublished\":\"2024-01-03T15:32:46+00:00\",\"dateModified\":\"2024-12-24T07:56:37+00:00\",\"description\":\"Camp el Planet es ideal y es un destino bastante popular para vacaciones de grupos grandes. El edificio consta de 11 estudios...\",\"breadcrumb\":{\"@id\":\"https:\\\/\\\/www.campelplanet.com\\\/es\\\/espanol\\\/#breadcrumb\"},\"inLanguage\":\"es\",\"potentialAction\":[{\"@type\":\"ReadAction\",\"target\":[\"https:\\\/\\\/www.campelplanet.com\\\/es\\\/espanol\\\/\"]}]},{\"@type\":\"ImageObject\",\"inLanguage\":\"es\",\"@id\":\"https:\\\/\\\/www.campelplanet.com\\\/es\\\/espanol\\\/#primaryimage\",\"url\":\"https:\\\/\\\/www.campelplanet.com\\\/wp-content\\\/uploads\\\/2024\\\/01\\\/56872479_2334043346812434_7202535266332966912_n-1024x1024.jpg\",\"contentUrl\":\"https:\\\/\\\/www.campelplanet.com\\\/wp-content\\\/uploads\\\/2024\\\/01\\\/56872479_2334043346812434_7202535266332966912_n-1024x1024.jpg\"},{\"@type\":\"BreadcrumbList\",\"@id\":\"https:\\\/\\\/www.campelplanet.com\\\/es\\\/espanol\\\/#breadcrumb\",\"itemListElement\":[{\"@type\":\"ListItem\",\"position\":1,\"name\":\"Home\",\"item\":\"https:\\\/\\\/www.campelplanet.com\\\/es\\\/\"},{\"@type\":\"ListItem\",\"position\":2,\"name\":\"Grupos grandes\"}]},{\"@type\":\"WebSite\",\"@id\":\"https:\\\/\\\/www.campelplanet.com\\\/es\\\/#website\",\"url\":\"https:\\\/\\\/www.campelplanet.com\\\/es\\\/\",\"name\":\"Camp El Planet's\",\"description\":\"The soul of the Costa Blanca\",\"publisher\":{\"@id\":\"https:\\\/\\\/www.campelplanet.com\\\/es\\\/#organization\"},\"potentialAction\":[{\"@type\":\"SearchAction\",\"target\":{\"@type\":\"EntryPoint\",\"urlTemplate\":\"https:\\\/\\\/www.campelplanet.com\\\/es\\\/?s={search_term_string}\"},\"query-input\":{\"@type\":\"PropertyValueSpecification\",\"valueRequired\":true,\"valueName\":\"search_term_string\"}}],\"inLanguage\":\"es\"},{\"@type\":\"Organization\",\"@id\":\"https:\\\/\\\/www.campelplanet.com\\\/es\\\/#organization\",\"name\":\"Camp El Planet's\",\"url\":\"https:\\\/\\\/www.campelplanet.com\\\/es\\\/\",\"logo\":{\"@type\":\"ImageObject\",\"inLanguage\":\"es\",\"@id\":\"https:\\\/\\\/www.campelplanet.com\\\/es\\\/#\\\/schema\\\/logo\\\/image\\\/\",\"url\":\"https:\\\/\\\/www.campelplanet.com\\\/wp-content\\\/uploads\\\/2024\\\/01\\\/cropped-CampElPlanet_bla.png\",\"contentUrl\":\"https:\\\/\\\/www.campelplanet.com\\\/wp-content\\\/uploads\\\/2024\\\/01\\\/cropped-CampElPlanet_bla.png\",\"width\":440,\"height\":256,\"caption\":\"Camp El Planet's\"},\"image\":{\"@id\":\"https:\\\/\\\/www.campelplanet.com\\\/es\\\/#\\\/schema\\\/logo\\\/image\\\/\"},\"sameAs\":[\"https:\\\/\\\/www.facebook.com\\\/campelplanet\",\"https:\\\/\\\/www.instagram.com\\\/campelplanet\\\/\"]}]}<\/script>\n<!-- \/ Yoast SEO Premium plugin. -->","yoast_head_json":{"title":"Grupos grandes - Camp El Planet","description":"Camp el Planet es ideal y es un destino bastante popular para vacaciones de grupos grandes. El edificio consta de 11 estudios...","robots":{"index":"index","follow":"follow","max-snippet":"max-snippet:-1","max-image-preview":"max-image-preview:large","max-video-preview":"max-video-preview:-1"},"canonical":"https:\/\/www.campelplanet.com\/es\/espanol\/","og_locale":"es_ES","og_type":"article","og_title":"Grupos grandes","og_description":"Camp el Planet es ideal y es un destino bastante popular para vacaciones de grupos grandes. El edificio consta de 11 estudios...","og_url":"https:\/\/www.campelplanet.com\/es\/espanol\/","og_site_name":"Camp El Planet","article_publisher":"https:\/\/www.facebook.com\/campelplanet","article_modified_time":"2024-12-24T07:56:37+00:00","og_image":[{"width":1080,"height":1080,"url":"https:\/\/www.campelplanet.com\/wp-content\/uploads\/2024\/01\/56872479_2334043346812434_7202535266332966912_n.jpg","type":"image\/jpeg"}],"twitter_card":"summary_large_image","twitter_misc":{"Tiempo de lectura":"3 minutos"},"schema":{"@context":"https:\/\/schema.org","@graph":[{"@type":"WebPage","@id":"https:\/\/www.campelplanet.com\/es\/espanol\/","url":"https:\/\/www.campelplanet.com\/es\/espanol\/","name":"Grupos grandes - Camp El Planet","isPartOf":{"@id":"https:\/\/www.campelplanet.com\/es\/#website"},"primaryImageOfPage":{"@id":"https:\/\/www.campelplanet.com\/es\/espanol\/#primaryimage"},"image":{"@id":"https:\/\/www.campelplanet.com\/es\/espanol\/#primaryimage"},"thumbnailUrl":"https:\/\/www.campelplanet.com\/wp-content\/uploads\/2024\/01\/56872479_2334043346812434_7202535266332966912_n-1024x1024.jpg","datePublished":"2024-01-03T15:32:46+00:00","dateModified":"2024-12-24T07:56:37+00:00","description":"Camp el Planet es ideal y es un destino bastante popular para vacaciones de grupos grandes. El edificio consta de 11 estudios...","breadcrumb":{"@id":"https:\/\/www.campelplanet.com\/es\/espanol\/#breadcrumb"},"inLanguage":"es","potentialAction":[{"@type":"ReadAction","target":["https:\/\/www.campelplanet.com\/es\/espanol\/"]}]},{"@type":"ImageObject","inLanguage":"es","@id":"https:\/\/www.campelplanet.com\/es\/espanol\/#primaryimage","url":"https:\/\/www.campelplanet.com\/wp-content\/uploads\/2024\/01\/56872479_2334043346812434_7202535266332966912_n-1024x1024.jpg","contentUrl":"https:\/\/www.campelplanet.com\/wp-content\/uploads\/2024\/01\/56872479_2334043346812434_7202535266332966912_n-1024x1024.jpg"},{"@type":"BreadcrumbList","@id":"https:\/\/www.campelplanet.com\/es\/espanol\/#breadcrumb","itemListElement":[{"@type":"ListItem","position":1,"name":"Home","item":"https:\/\/www.campelplanet.com\/es\/"},{"@type":"ListItem","position":2,"name":"Grupos grandes"}]},{"@type":"WebSite","@id":"https:\/\/www.campelplanet.com\/es\/#website","url":"https:\/\/www.campelplanet.com\/es\/","name":"Camp El Planet's","description":"The soul of the Costa Blanca","publisher":{"@id":"https:\/\/www.campelplanet.com\/es\/#organization"},"potentialAction":[{"@type":"SearchAction","target":{"@type":"EntryPoint","urlTemplate":"https:\/\/www.campelplanet.com\/es\/?s={search_term_string}"},"query-input":{"@type":"PropertyValueSpecification","valueRequired":true,"valueName":"search_term_string"}}],"inLanguage":"es"},{"@type":"Organization","@id":"https:\/\/www.campelplanet.com\/es\/#organization","name":"Camp El Planet's","url":"https:\/\/www.campelplanet.com\/es\/","logo":{"@type":"ImageObject","inLanguage":"es","@id":"https:\/\/www.campelplanet.com\/es\/#\/schema\/logo\/image\/","url":"https:\/\/www.campelplanet.com\/wp-content\/uploads\/2024\/01\/cropped-CampElPlanet_bla.png","contentUrl":"https:\/\/www.campelplanet.com\/wp-content\/uploads\/2024\/01\/cropped-CampElPlanet_bla.png","width":440,"height":256,"caption":"Camp El Planet's"},"image":{"@id":"https:\/\/www.campelplanet.com\/es\/#\/schema\/logo\/image\/"},"sameAs":["https:\/\/www.facebook.com\/campelplanet","https:\/\/www.instagram.com\/campelplanet\/"]}]}},"_links":{"self":[{"href":"https:\/\/www.campelplanet.com\/es\/wp-json\/wp\/v2\/pages\/995","targetHints":{"allow":["GET"]}}],"collection":[{"href":"https:\/\/www.campelplanet.com\/es\/wp-json\/wp\/v2\/pages"}],"about":[{"href":"https:\/\/www.campelplanet.com\/es\/wp-json\/wp\/v2\/types\/page"}],"author":[{"embeddable":true,"href":"https:\/\/www.campelplanet.com\/es\/wp-json\/wp\/v2\/users\/1"}],"replies":[{"embeddable":true,"href":"https:\/\/www.campelplanet.com\/es\/wp-json\/wp\/v2\/comments?post=995"}],"version-history":[{"count":1,"href":"https:\/\/www.campelplanet.com\/es\/wp-json\/wp\/v2\/pages\/995\/revisions"}],"predecessor-version":[{"id":5584,"href":"https:\/\/www.campelplanet.com\/es\/wp-json\/wp\/v2\/pages\/995\/revisions\/5584"}],"wp:attachment":[{"href":"https:\/\/www.campelplanet.com\/es\/wp-json\/wp\/v2\/media?parent=995"}],"curies":[{"name":"wp","href":"https:\/\/api.w.org\/{rel}","templated":true}]}}