{"id":979,"date":"2024-01-03T15:13:34","date_gmt":"2024-01-03T14:13:34","guid":{"rendered":"https:\/\/www.campelplanet.com\/retiro-de-negocios\/"},"modified":"2024-12-24T08:40:45","modified_gmt":"2024-12-24T07:40:45","slug":"retiro-de-negocios","status":"publish","type":"page","link":"https:\/\/www.campelplanet.com\/es\/retiro-de-negocios\/","title":{"rendered":"Retiro de Negocios"},"content":{"rendered":"\t\t<div data-elementor-type=\"wp-page\" data-elementor-id=\"979\" class=\"elementor elementor-979 elementor-269\" data-elementor-post-type=\"page\">\n\t\t\t\t\t\t<section class=\"elementor-section elementor-top-section elementor-element elementor-element-1d230e3 elementor-section-boxed elementor-section-height-default elementor-section-height-default\" data-id=\"1d230e3\" data-element_type=\"section\" data-e-type=\"section\" data-settings=\"{&quot;background_background&quot;:&quot;classic&quot;}\">\n\t\t\t\t\t\t\t<div class=\"elementor-background-overlay\"><\/div>\n\t\t\t\t\t\t\t<div class=\"elementor-container elementor-column-gap-no\">\n\t\t\t\t\t<div class=\"elementor-column elementor-col-100 elementor-top-column elementor-element elementor-element-690284a\" data-id=\"690284a\" data-element_type=\"column\" data-e-type=\"column\">\n\t\t\t<div class=\"elementor-widget-wrap elementor-element-populated\">\n\t\t\t\t\t\t\t<\/div>\n\t\t<\/div>\n\t\t\t\t\t<\/div>\n\t\t<\/section>\n\t\t<div class=\"elementor-element elementor-element-67c26ef e-flex e-con-boxed e-con e-parent\" data-id=\"67c26ef\" data-element_type=\"container\" data-e-type=\"container\">\n\t\t\t\t\t<div class=\"e-con-inner\">\n\t\t<div class=\"elementor-element elementor-element-aa48b3a e-con-full e-flex e-con e-child\" data-id=\"aa48b3a\" data-element_type=\"container\" data-e-type=\"container\">\n\t\t\t\t<div class=\"elementor-element elementor-element-46f28f1 elementor-widget elementor-widget-image\" data-id=\"46f28f1\" data-element_type=\"widget\" data-e-type=\"widget\" data-widget_type=\"image.default\">\n\t\t\t\t\t\t\t\t\t\t\t\t\t\t\t<img decoding=\"async\" src=\"https:\/\/www.campelplanet.com\/wp-content\/uploads\/2024\/12\/Aparthotel-El-Camp-Outside-View-9-Fotografo-Nelly-del-Arbo.jpg\" title=\"Aparthotel-El-Camp-Outside-View-9-Fotografo-Nelly-del-Arbo.jpg\" alt=\"Aparthotel-El-Camp-Outside-View-9-Fotografo-Nelly-del-Arbo.jpg\" loading=\"lazy\" \/>\t\t\t\t\t\t\t\t\t\t\t\t\t\t\t<\/div>\n\t\t\t\t<div class=\"elementor-element elementor-element-b896c4a elementor-widget elementor-widget-image\" data-id=\"b896c4a\" data-element_type=\"widget\" data-e-type=\"widget\" data-widget_type=\"image.default\">\n\t\t\t\t\t\t\t\t\t\t\t\t\t\t\t<img decoding=\"async\" src=\"https:\/\/www.campelplanet.com\/wp-content\/uploads\/2024\/12\/Aparthotel-El-Camp-Outside-View-12-Fotografo-Nelly-del-Arbo.jpg\" title=\"Aparthotel-El-Camp-Outside-View-12-Fotografo-Nelly-del-Arbo.jpg\" alt=\"Aparthotel-El-Camp-Outside-View-12-Fotografo-Nelly-del-Arbo.jpg\" loading=\"lazy\" \/>\t\t\t\t\t\t\t\t\t\t\t\t\t\t\t<\/div>\n\t\t\t\t<\/div>\n\t\t<div class=\"elementor-element elementor-element-cba17e6 e-con-full e-flex e-con e-child\" data-id=\"cba17e6\" data-element_type=\"container\" data-e-type=\"container\">\n\t\t\t\t<div class=\"elementor-element elementor-element-311e328 elementor-widget elementor-widget-text-editor\" data-id=\"311e328\" data-element_type=\"widget\" data-e-type=\"widget\" data-widget_type=\"text-editor.default\">\n\t\t\t\t\t\t\t\t\t<p style=\"padding-left: 40px;color: #000080;\"><strong>Retiro de negocios.<\/strong>\n\n<p style=\"padding-left: 40px;\"><strong><span style=\"color: #000080;\">Camp el Planet es un excelente lugar para retiros de negocios. Muchas empresas nos han visitado durante los \u00faltimos a\u00f1os y todas han logrado m\u00e1s o menos lo que vinieron a buscar. Algunas empresas nos visitan con fines de formaci\u00f3n de equipos, otras para trabajar de forma remota, otras para su viaje anual de recompensa y otras para una reuni\u00f3n de liderazgo. La mayor\u00eda, sin embargo, llega a combinar el trabajo con la formaci\u00f3n de equipos; pasar un buen rato y conocernos mejor. Dada la naturaleza de la propiedad y su agradable entorno, en Camp el Planet es f\u00e1cil encontrar el equilibrio entre dedicar tiempo a tareas laborales, socializar, relajarse y divertirse.\n\nCon m\u00e1s de 300 d\u00edas de sol al a\u00f1o y un clima templado, la regi\u00f3n es excelente para practicar deportes y actividades de ocio. Probablemente sea una buena idea dedicar (mucho) tiempo a actividades colectivas o individuales que no est\u00e9n relacionadas con el trabajo. En la zona hay amplias oportunidades para practicar ciclismo, senderismo, jogging, golf, tenis, p\u00e1del y deportes mar\u00edtimos como kayak, kite y windsurf.\n\nUna simple b\u00fasqueda en la web tambi\u00e9n revelar\u00e1 una serie de empresas locales que ofrecen actividades que muchos encontrar\u00e1n emocionantes y excitantes.\n\nCamp el Planet puede alojar c\u00f3modamente hasta 28 empleados con camas individuales repartidas en once apartamentos tipo estudio y un \u00e1tico. Las comidas pueden ser servidas o preparadas por el grupo. La cocina y la cafeter\u00eda ofrecen amplias oportunidades para el autoservicio.\t\t\t\t\t\t\t\t<\/div>\n\t\t\t\t<\/div>\n\t\t\t\t\t<\/div>\n\t\t\t\t<\/div>\n\t\t\t\t<\/div>\n\t\t","protected":false},"excerpt":{"rendered":"<p>Retiro de negocios. Camp el Planet es un excelente lugar para retiros de negocios. Muchas empresas nos han visitado durante los \u00faltimos a\u00f1os y todas han logrado m\u00e1s o menos lo que vinieron a buscar. Algunas empresas nos visitan con fines de formaci\u00f3n de equipos, otras para trabajar de forma remota, otras para su viaje [&hellip;]<\/p>\n","protected":false},"author":1,"featured_media":738,"parent":0,"menu_order":0,"comment_status":"closed","ping_status":"closed","template":"elementor_header_footer","meta":{"footnotes":""},"class_list":["post-979","page","type-page","status-publish","has-post-thumbnail","hentry"],"yoast_head":"<!-- This site is optimized with the Yoast SEO Premium plugin v27.4 (Yoast SEO v27.4) - https:\/\/yoast.com\/product\/yoast-seo-premium-wordpress\/ -->\n<title>Retiro de Negocios - Camp El Planet<\/title>\n<meta name=\"description\" content=\"Business Retreat Las monta\u00f1as de la regi\u00f3n apenas se parecen al Himalaya, pero sin embargo son reconocidas internacionalmente...\" \/>\n<meta name=\"robots\" content=\"index, follow, max-snippet:-1, max-image-preview:large, max-video-preview:-1\" \/>\n<link rel=\"canonical\" href=\"https:\/\/www.campelplanet.com\/es\/retiro-de-negocios\/\" \/>\n<meta property=\"og:locale\" content=\"es_ES\" \/>\n<meta property=\"og:type\" content=\"article\" \/>\n<meta property=\"og:title\" content=\"Retiro de Negocios\" \/>\n<meta property=\"og:description\" content=\"Business Retreat Las monta\u00f1as de la regi\u00f3n apenas se parecen al Himalaya, pero sin embargo son reconocidas internacionalmente...\" \/>\n<meta property=\"og:url\" content=\"https:\/\/www.campelplanet.com\/es\/retiro-de-negocios\/\" \/>\n<meta property=\"og:site_name\" content=\"Camp El Planet\" \/>\n<meta property=\"article:publisher\" content=\"https:\/\/www.facebook.com\/campelplanet\" \/>\n<meta property=\"article:modified_time\" content=\"2024-12-24T07:40:45+00:00\" \/>\n<meta property=\"og:image\" content=\"https:\/\/www.campelplanet.com\/wp-content\/uploads\/2024\/01\/pexels-gaurav-rawat-17905660-scaled.jpg\" \/>\n\t<meta property=\"og:image:width\" content=\"1920\" \/>\n\t<meta property=\"og:image:height\" content=\"2560\" \/>\n\t<meta property=\"og:image:type\" content=\"image\/jpeg\" \/>\n<meta name=\"twitter:card\" content=\"summary_large_image\" \/>\n<script type=\"application\/ld+json\" class=\"yoast-schema-graph\">{\"@context\":\"https:\\\/\\\/schema.org\",\"@graph\":[{\"@type\":\"WebPage\",\"@id\":\"https:\\\/\\\/www.campelplanet.com\\\/es\\\/retiro-de-negocios\\\/\",\"url\":\"https:\\\/\\\/www.campelplanet.com\\\/es\\\/retiro-de-negocios\\\/\",\"name\":\"Retiro de Negocios - Camp El Planet\",\"isPartOf\":{\"@id\":\"https:\\\/\\\/www.campelplanet.com\\\/es\\\/#website\"},\"primaryImageOfPage\":{\"@id\":\"https:\\\/\\\/www.campelplanet.com\\\/es\\\/retiro-de-negocios\\\/#primaryimage\"},\"image\":{\"@id\":\"https:\\\/\\\/www.campelplanet.com\\\/es\\\/retiro-de-negocios\\\/#primaryimage\"},\"thumbnailUrl\":\"https:\\\/\\\/www.campelplanet.com\\\/wp-content\\\/uploads\\\/2024\\\/01\\\/pexels-gaurav-rawat-17905660-scaled.jpg\",\"datePublished\":\"2024-01-03T14:13:34+00:00\",\"dateModified\":\"2024-12-24T07:40:45+00:00\",\"description\":\"Business Retreat Las monta\u00f1as de la regi\u00f3n apenas se parecen al Himalaya, pero sin embargo son reconocidas internacionalmente...\",\"breadcrumb\":{\"@id\":\"https:\\\/\\\/www.campelplanet.com\\\/es\\\/retiro-de-negocios\\\/#breadcrumb\"},\"inLanguage\":\"es\",\"potentialAction\":[{\"@type\":\"ReadAction\",\"target\":[\"https:\\\/\\\/www.campelplanet.com\\\/es\\\/retiro-de-negocios\\\/\"]}]},{\"@type\":\"ImageObject\",\"inLanguage\":\"es\",\"@id\":\"https:\\\/\\\/www.campelplanet.com\\\/es\\\/retiro-de-negocios\\\/#primaryimage\",\"url\":\"https:\\\/\\\/www.campelplanet.com\\\/wp-content\\\/uploads\\\/2024\\\/01\\\/pexels-gaurav-rawat-17905660-scaled.jpg\",\"contentUrl\":\"https:\\\/\\\/www.campelplanet.com\\\/wp-content\\\/uploads\\\/2024\\\/01\\\/pexels-gaurav-rawat-17905660-scaled.jpg\",\"width\":1920,\"height\":2560,\"caption\":\"Business Retreat\"},{\"@type\":\"BreadcrumbList\",\"@id\":\"https:\\\/\\\/www.campelplanet.com\\\/es\\\/retiro-de-negocios\\\/#breadcrumb\",\"itemListElement\":[{\"@type\":\"ListItem\",\"position\":1,\"name\":\"Home\",\"item\":\"https:\\\/\\\/www.campelplanet.com\\\/es\\\/\"},{\"@type\":\"ListItem\",\"position\":2,\"name\":\"Retiro de Negocios\"}]},{\"@type\":\"WebSite\",\"@id\":\"https:\\\/\\\/www.campelplanet.com\\\/es\\\/#website\",\"url\":\"https:\\\/\\\/www.campelplanet.com\\\/es\\\/\",\"name\":\"Camp El Planet's\",\"description\":\"The soul of the Costa Blanca\",\"publisher\":{\"@id\":\"https:\\\/\\\/www.campelplanet.com\\\/es\\\/#organization\"},\"potentialAction\":[{\"@type\":\"SearchAction\",\"target\":{\"@type\":\"EntryPoint\",\"urlTemplate\":\"https:\\\/\\\/www.campelplanet.com\\\/es\\\/?s={search_term_string}\"},\"query-input\":{\"@type\":\"PropertyValueSpecification\",\"valueRequired\":true,\"valueName\":\"search_term_string\"}}],\"inLanguage\":\"es\"},{\"@type\":\"Organization\",\"@id\":\"https:\\\/\\\/www.campelplanet.com\\\/es\\\/#organization\",\"name\":\"Camp El Planet's\",\"url\":\"https:\\\/\\\/www.campelplanet.com\\\/es\\\/\",\"logo\":{\"@type\":\"ImageObject\",\"inLanguage\":\"es\",\"@id\":\"https:\\\/\\\/www.campelplanet.com\\\/es\\\/#\\\/schema\\\/logo\\\/image\\\/\",\"url\":\"https:\\\/\\\/www.campelplanet.com\\\/wp-content\\\/uploads\\\/2024\\\/01\\\/cropped-CampElPlanet_bla.png\",\"contentUrl\":\"https:\\\/\\\/www.campelplanet.com\\\/wp-content\\\/uploads\\\/2024\\\/01\\\/cropped-CampElPlanet_bla.png\",\"width\":440,\"height\":256,\"caption\":\"Camp El Planet's\"},\"image\":{\"@id\":\"https:\\\/\\\/www.campelplanet.com\\\/es\\\/#\\\/schema\\\/logo\\\/image\\\/\"},\"sameAs\":[\"https:\\\/\\\/www.facebook.com\\\/campelplanet\",\"https:\\\/\\\/www.instagram.com\\\/campelplanet\\\/\"]}]}<\/script>\n<!-- \/ Yoast SEO Premium plugin. -->","yoast_head_json":{"title":"Retiro de Negocios - Camp El Planet","description":"Business Retreat Las monta\u00f1as de la regi\u00f3n apenas se parecen al Himalaya, pero sin embargo son reconocidas internacionalmente...","robots":{"index":"index","follow":"follow","max-snippet":"max-snippet:-1","max-image-preview":"max-image-preview:large","max-video-preview":"max-video-preview:-1"},"canonical":"https:\/\/www.campelplanet.com\/es\/retiro-de-negocios\/","og_locale":"es_ES","og_type":"article","og_title":"Retiro de Negocios","og_description":"Business Retreat Las monta\u00f1as de la regi\u00f3n apenas se parecen al Himalaya, pero sin embargo son reconocidas internacionalmente...","og_url":"https:\/\/www.campelplanet.com\/es\/retiro-de-negocios\/","og_site_name":"Camp El Planet","article_publisher":"https:\/\/www.facebook.com\/campelplanet","article_modified_time":"2024-12-24T07:40:45+00:00","og_image":[{"width":1920,"height":2560,"url":"https:\/\/www.campelplanet.com\/wp-content\/uploads\/2024\/01\/pexels-gaurav-rawat-17905660-scaled.jpg","type":"image\/jpeg"}],"twitter_card":"summary_large_image","schema":{"@context":"https:\/\/schema.org","@graph":[{"@type":"WebPage","@id":"https:\/\/www.campelplanet.com\/es\/retiro-de-negocios\/","url":"https:\/\/www.campelplanet.com\/es\/retiro-de-negocios\/","name":"Retiro de Negocios - Camp El Planet","isPartOf":{"@id":"https:\/\/www.campelplanet.com\/es\/#website"},"primaryImageOfPage":{"@id":"https:\/\/www.campelplanet.com\/es\/retiro-de-negocios\/#primaryimage"},"image":{"@id":"https:\/\/www.campelplanet.com\/es\/retiro-de-negocios\/#primaryimage"},"thumbnailUrl":"https:\/\/www.campelplanet.com\/wp-content\/uploads\/2024\/01\/pexels-gaurav-rawat-17905660-scaled.jpg","datePublished":"2024-01-03T14:13:34+00:00","dateModified":"2024-12-24T07:40:45+00:00","description":"Business Retreat Las monta\u00f1as de la regi\u00f3n apenas se parecen al Himalaya, pero sin embargo son reconocidas internacionalmente...","breadcrumb":{"@id":"https:\/\/www.campelplanet.com\/es\/retiro-de-negocios\/#breadcrumb"},"inLanguage":"es","potentialAction":[{"@type":"ReadAction","target":["https:\/\/www.campelplanet.com\/es\/retiro-de-negocios\/"]}]},{"@type":"ImageObject","inLanguage":"es","@id":"https:\/\/www.campelplanet.com\/es\/retiro-de-negocios\/#primaryimage","url":"https:\/\/www.campelplanet.com\/wp-content\/uploads\/2024\/01\/pexels-gaurav-rawat-17905660-scaled.jpg","contentUrl":"https:\/\/www.campelplanet.com\/wp-content\/uploads\/2024\/01\/pexels-gaurav-rawat-17905660-scaled.jpg","width":1920,"height":2560,"caption":"Business Retreat"},{"@type":"BreadcrumbList","@id":"https:\/\/www.campelplanet.com\/es\/retiro-de-negocios\/#breadcrumb","itemListElement":[{"@type":"ListItem","position":1,"name":"Home","item":"https:\/\/www.campelplanet.com\/es\/"},{"@type":"ListItem","position":2,"name":"Retiro de Negocios"}]},{"@type":"WebSite","@id":"https:\/\/www.campelplanet.com\/es\/#website","url":"https:\/\/www.campelplanet.com\/es\/","name":"Camp El Planet's","description":"The soul of the Costa Blanca","publisher":{"@id":"https:\/\/www.campelplanet.com\/es\/#organization"},"potentialAction":[{"@type":"SearchAction","target":{"@type":"EntryPoint","urlTemplate":"https:\/\/www.campelplanet.com\/es\/?s={search_term_string}"},"query-input":{"@type":"PropertyValueSpecification","valueRequired":true,"valueName":"search_term_string"}}],"inLanguage":"es"},{"@type":"Organization","@id":"https:\/\/www.campelplanet.com\/es\/#organization","name":"Camp El Planet's","url":"https:\/\/www.campelplanet.com\/es\/","logo":{"@type":"ImageObject","inLanguage":"es","@id":"https:\/\/www.campelplanet.com\/es\/#\/schema\/logo\/image\/","url":"https:\/\/www.campelplanet.com\/wp-content\/uploads\/2024\/01\/cropped-CampElPlanet_bla.png","contentUrl":"https:\/\/www.campelplanet.com\/wp-content\/uploads\/2024\/01\/cropped-CampElPlanet_bla.png","width":440,"height":256,"caption":"Camp El Planet's"},"image":{"@id":"https:\/\/www.campelplanet.com\/es\/#\/schema\/logo\/image\/"},"sameAs":["https:\/\/www.facebook.com\/campelplanet","https:\/\/www.instagram.com\/campelplanet\/"]}]}},"_links":{"self":[{"href":"https:\/\/www.campelplanet.com\/es\/wp-json\/wp\/v2\/pages\/979","targetHints":{"allow":["GET"]}}],"collection":[{"href":"https:\/\/www.campelplanet.com\/es\/wp-json\/wp\/v2\/pages"}],"about":[{"href":"https:\/\/www.campelplanet.com\/es\/wp-json\/wp\/v2\/types\/page"}],"author":[{"embeddable":true,"href":"https:\/\/www.campelplanet.com\/es\/wp-json\/wp\/v2\/users\/1"}],"replies":[{"embeddable":true,"href":"https:\/\/www.campelplanet.com\/es\/wp-json\/wp\/v2\/comments?post=979"}],"version-history":[{"count":1,"href":"https:\/\/www.campelplanet.com\/es\/wp-json\/wp\/v2\/pages\/979\/revisions"}],"predecessor-version":[{"id":5560,"href":"https:\/\/www.campelplanet.com\/es\/wp-json\/wp\/v2\/pages\/979\/revisions\/5560"}],"wp:featuredmedia":[{"embeddable":true,"href":"https:\/\/www.campelplanet.com\/es\/wp-json\/wp\/v2\/media\/738"}],"wp:attachment":[{"href":"https:\/\/www.campelplanet.com\/es\/wp-json\/wp\/v2\/media?parent=979"}],"curies":[{"name":"wp","href":"https:\/\/api.w.org\/{rel}","templated":true}]}}