{"id":969,"date":"2024-01-03T12:35:09","date_gmt":"2024-01-03T11:35:09","guid":{"rendered":"https:\/\/www.campelplanet.com\/alojamiento-para-grupos\/"},"modified":"2024-12-24T05:52:20","modified_gmt":"2024-12-24T04:52:20","slug":"alojamiento-para-grupos","status":"publish","type":"page","link":"https:\/\/www.campelplanet.com\/es\/alojamiento-para-grupos\/","title":{"rendered":"Grupos"},"content":{"rendered":"\t\t<div data-elementor-type=\"wp-page\" data-elementor-id=\"969\" class=\"elementor elementor-969 elementor-242\" data-elementor-post-type=\"page\">\n\t\t\t\t\t\t<section class=\"elementor-section elementor-top-section elementor-element elementor-element-944f425 elementor-section-boxed elementor-section-height-default elementor-section-height-default\" data-id=\"944f425\" data-element_type=\"section\" data-e-type=\"section\" data-settings=\"{&quot;background_background&quot;:&quot;classic&quot;}\">\n\t\t\t\t\t\t\t<div class=\"elementor-background-overlay\"><\/div>\n\t\t\t\t\t\t\t<div class=\"elementor-container elementor-column-gap-no\">\n\t\t\t\t\t<div class=\"elementor-column elementor-col-100 elementor-top-column elementor-element elementor-element-bdc3ed7\" data-id=\"bdc3ed7\" data-element_type=\"column\" data-e-type=\"column\">\n\t\t\t<div class=\"elementor-widget-wrap elementor-element-populated\">\n\t\t\t\t\t\t\t<\/div>\n\t\t<\/div>\n\t\t\t\t\t<\/div>\n\t\t<\/section>\n\t\t<div class=\"elementor-element elementor-element-380bf07 e-flex e-con-boxed e-con e-parent\" data-id=\"380bf07\" data-element_type=\"container\" data-e-type=\"container\">\n\t\t\t\t\t<div class=\"e-con-inner\">\n\t\t\t\t<div class=\"elementor-element elementor-element-ef0b4db elementor-widget__width-initial elementor-widget elementor-widget-text-editor\" data-id=\"ef0b4db\" data-element_type=\"widget\" data-e-type=\"widget\" data-widget_type=\"text-editor.default\">\n\t\t\t\t\t\t\t\t\t<span style=\"color: #000080;\"><a style=\"color: #ff6600;\" href=\"https:\/\/www.campelplanet.com\/es\/campamento-el-planeta\/\">Camp el Planet<\/a> es un gran lugar para <a style=\"color: #ff6600;\"href=\"https:\/\/www.groupaccommodation.com\/properties\/camp-el-planet-altea-valencia-spain\">Alojamiento para Grupos<\/a>, bodas, aniversarios y celebraciones de todo tipo. Adem\u00e1s, la propiedad tambi\u00e9n se alquila con frecuencia a grupos que quieren tener todo el lugar para ellos solos.\n\nSi est\u00e1s interesado en conocer m\u00e1s sobre Camp el Planet como lugar para tu boda o celebraci\u00f3n debes pulsar este enlace. Bodas y celebraciones\n\nAsimismo, si quieres saber m\u00e1s sobre Camp el Planet como destino para tu grupo te recomendamos que pulses este enlace. Vacaciones en grupo<\/span>\t\t\t\t\t\t\t\t<\/div>\n\t\t\t\t\t<\/div>\n\t\t\t\t<\/div>\n\t\t<div class=\"elementor-element elementor-element-b5dea6f e-flex e-con-boxed e-con e-parent\" data-id=\"b5dea6f\" data-element_type=\"container\" data-e-type=\"container\">\n\t\t\t\t\t<div class=\"e-con-inner\">\n\t\t\t\t<div class=\"elementor-element elementor-element-14b15b2 elementor-widget elementor-widget-gallery\" data-id=\"14b15b2\" data-element_type=\"widget\" data-e-type=\"widget\" data-settings=\"{&quot;lazyload&quot;:&quot;yes&quot;,&quot;gallery_layout&quot;:&quot;grid&quot;,&quot;columns&quot;:4,&quot;columns_tablet&quot;:2,&quot;columns_mobile&quot;:1,&quot;gap&quot;:{&quot;unit&quot;:&quot;px&quot;,&quot;size&quot;:10,&quot;sizes&quot;:[]},&quot;gap_tablet&quot;:{&quot;unit&quot;:&quot;px&quot;,&quot;size&quot;:10,&quot;sizes&quot;:[]},&quot;gap_mobile&quot;:{&quot;unit&quot;:&quot;px&quot;,&quot;size&quot;:10,&quot;sizes&quot;:[]},&quot;link_to&quot;:&quot;file&quot;,&quot;aspect_ratio&quot;:&quot;3:2&quot;,&quot;overlay_background&quot;:&quot;yes&quot;,&quot;content_hover_animation&quot;:&quot;fade-in&quot;}\" data-widget_type=\"gallery.default\">\n\t\t\t\t\t\t\t<div class=\"elementor-gallery__container\">\n\t\t\t\t\t\t\t<a class=\"e-gallery-item elementor-gallery-item elementor-animated-content\" href=\"https:\/\/www.campelplanet.com\/wp-content\/uploads\/2024\/12\/Aparthotel-El-Camp-Outside-View-3-Fotografo-Nelly-del-Arbo-1.webp\" data-elementor-open-lightbox=\"yes\" data-elementor-lightbox-slideshow=\"14b15b2\" data-elementor-lightbox-title=\"Aparthotel-El-Camp-Outside-View-3-Fotografo-Nelly-del-Arbo.webp\" data-e-action-hash=\"#elementor-action%3Aaction%3Dlightbox%26settings%3DeyJpZCI6NDg2OCwidXJsIjoiaHR0cHM6XC9cL3d3dy5jYW1wZWxwbGFuZXQuY29tXC93cC1jb250ZW50XC91cGxvYWRzXC8yMDI0XC8xMlwvQXBhcnRob3RlbC1FbC1DYW1wLU91dHNpZGUtVmlldy0zLUZvdG9ncmFmby1OZWxseS1kZWwtQXJiby0xLndlYnAiLCJzbGlkZXNob3ciOiIxNGIxNWIyIn0%3D\">\n\t\t\t\t\t<div class=\"e-gallery-image elementor-gallery-item__image\" data-thumbnail=\"https:\/\/www.campelplanet.com\/wp-content\/uploads\/2024\/12\/Aparthotel-El-Camp-Outside-View-3-Fotografo-Nelly-del-Arbo-1-300x179.webp\" data-width=\"300\" data-height=\"179\" aria-label=\"\" role=\"img\" ><\/div>\n\t\t\t\t\t\t\t\t\t\t\t<div class=\"elementor-gallery-item__overlay\"><\/div>\n\t\t\t\t\t\t\t\t\t\t\t\t\t\t<\/a>\n\t\t\t\t\t\t\t<a class=\"e-gallery-item elementor-gallery-item elementor-animated-content\" href=\"https:\/\/www.campelplanet.com\/wp-content\/uploads\/2024\/12\/Aparthotel-El-Camp-Diningroom-2-Fotografo-Nelly-del-Arbo.jpg\" data-elementor-open-lightbox=\"yes\" data-elementor-lightbox-slideshow=\"14b15b2\" data-elementor-lightbox-title=\"Aparthotel-El-Camp-Diningroom-2-Fotografo-Nelly-del-Arbo.jpg\" data-e-action-hash=\"#elementor-action%3Aaction%3Dlightbox%26settings%3DeyJpZCI6NDg3NCwidXJsIjoiaHR0cHM6XC9cL3d3dy5jYW1wZWxwbGFuZXQuY29tXC93cC1jb250ZW50XC91cGxvYWRzXC8yMDI0XC8xMlwvQXBhcnRob3RlbC1FbC1DYW1wLURpbmluZ3Jvb20tMi1Gb3RvZ3JhZm8tTmVsbHktZGVsLUFyYm8uanBnIiwic2xpZGVzaG93IjoiMTRiMTViMiJ9\">\n\t\t\t\t\t<div class=\"e-gallery-image elementor-gallery-item__image\" data-thumbnail=\"https:\/\/www.campelplanet.com\/wp-content\/uploads\/2024\/12\/Aparthotel-El-Camp-Diningroom-2-Fotografo-Nelly-del-Arbo-300x200.jpg\" data-width=\"300\" data-height=\"200\" aria-label=\"\" role=\"img\" ><\/div>\n\t\t\t\t\t\t\t\t\t\t\t<div class=\"elementor-gallery-item__overlay\"><\/div>\n\t\t\t\t\t\t\t\t\t\t\t\t\t\t<\/a>\n\t\t\t\t\t\t\t<a class=\"e-gallery-item elementor-gallery-item elementor-animated-content\" href=\"https:\/\/www.campelplanet.com\/wp-content\/uploads\/2024\/12\/IMG_0851.jpeg\" data-elementor-open-lightbox=\"yes\" data-elementor-lightbox-slideshow=\"14b15b2\" data-elementor-lightbox-title=\"IMG_0851.jpeg\" data-e-action-hash=\"#elementor-action%3Aaction%3Dlightbox%26settings%3DeyJpZCI6NDg4MCwidXJsIjoiaHR0cHM6XC9cL3d3dy5jYW1wZWxwbGFuZXQuY29tXC93cC1jb250ZW50XC91cGxvYWRzXC8yMDI0XC8xMlwvSU1HXzA4NTEuanBlZyIsInNsaWRlc2hvdyI6IjE0YjE1YjIifQ%3D%3D\">\n\t\t\t\t\t<div class=\"e-gallery-image elementor-gallery-item__image\" data-thumbnail=\"https:\/\/www.campelplanet.com\/wp-content\/uploads\/2024\/12\/IMG_0851-300x225.jpeg\" data-width=\"300\" data-height=\"225\" aria-label=\"\" role=\"img\" ><\/div>\n\t\t\t\t\t\t\t\t\t\t\t<div class=\"elementor-gallery-item__overlay\"><\/div>\n\t\t\t\t\t\t\t\t\t\t\t\t\t\t<\/a>\n\t\t\t\t\t\t\t<a class=\"e-gallery-item elementor-gallery-item elementor-animated-content\" href=\"https:\/\/www.campelplanet.com\/wp-content\/uploads\/2024\/12\/IMG_1405.jpeg\" data-elementor-open-lightbox=\"yes\" data-elementor-lightbox-slideshow=\"14b15b2\" data-elementor-lightbox-title=\"IMG_1405.jpeg\" data-e-action-hash=\"#elementor-action%3Aaction%3Dlightbox%26settings%3DeyJpZCI6NDg4NiwidXJsIjoiaHR0cHM6XC9cL3d3dy5jYW1wZWxwbGFuZXQuY29tXC93cC1jb250ZW50XC91cGxvYWRzXC8yMDI0XC8xMlwvSU1HXzE0MDUuanBlZyIsInNsaWRlc2hvdyI6IjE0YjE1YjIifQ%3D%3D\">\n\t\t\t\t\t<div class=\"e-gallery-image elementor-gallery-item__image\" data-thumbnail=\"https:\/\/www.campelplanet.com\/wp-content\/uploads\/2024\/12\/IMG_1405-300x225.jpeg\" data-width=\"300\" data-height=\"225\" aria-label=\"\" role=\"img\" ><\/div>\n\t\t\t\t\t\t\t\t\t\t\t<div class=\"elementor-gallery-item__overlay\"><\/div>\n\t\t\t\t\t\t\t\t\t\t\t\t\t\t<\/a>\n\t\t\t\t\t\t\t<a class=\"e-gallery-item elementor-gallery-item elementor-animated-content\" href=\"https:\/\/www.campelplanet.com\/wp-content\/uploads\/2024\/12\/untitled-9-scaled-1.webp\" data-elementor-open-lightbox=\"yes\" data-elementor-lightbox-slideshow=\"14b15b2\" data-elementor-lightbox-title=\"untitled-9-scaled.webp\" data-e-action-hash=\"#elementor-action%3Aaction%3Dlightbox%26settings%3DeyJpZCI6NDg5MiwidXJsIjoiaHR0cHM6XC9cL3d3dy5jYW1wZWxwbGFuZXQuY29tXC93cC1jb250ZW50XC91cGxvYWRzXC8yMDI0XC8xMlwvdW50aXRsZWQtOS1zY2FsZWQtMS53ZWJwIiwic2xpZGVzaG93IjoiMTRiMTViMiJ9\">\n\t\t\t\t\t<div class=\"e-gallery-image elementor-gallery-item__image\" data-thumbnail=\"https:\/\/www.campelplanet.com\/wp-content\/uploads\/2024\/12\/untitled-9-scaled-1-300x200.webp\" data-width=\"300\" data-height=\"200\" aria-label=\"\" role=\"img\" ><\/div>\n\t\t\t\t\t\t\t\t\t\t\t<div class=\"elementor-gallery-item__overlay\"><\/div>\n\t\t\t\t\t\t\t\t\t\t\t\t\t\t<\/a>\n\t\t\t\t\t\t\t<a class=\"e-gallery-item elementor-gallery-item elementor-animated-content\" href=\"https:\/\/www.campelplanet.com\/wp-content\/uploads\/2024\/12\/img-20230326-wa0008.jpg\" data-elementor-open-lightbox=\"yes\" data-elementor-lightbox-slideshow=\"14b15b2\" data-elementor-lightbox-title=\"img-20230326-wa0008.jpg\" data-e-action-hash=\"#elementor-action%3Aaction%3Dlightbox%26settings%3DeyJpZCI6NDg5OCwidXJsIjoiaHR0cHM6XC9cL3d3dy5jYW1wZWxwbGFuZXQuY29tXC93cC1jb250ZW50XC91cGxvYWRzXC8yMDI0XC8xMlwvaW1nLTIwMjMwMzI2LXdhMDAwOC5qcGciLCJzbGlkZXNob3ciOiIxNGIxNWIyIn0%3D\">\n\t\t\t\t\t<div class=\"e-gallery-image elementor-gallery-item__image\" data-thumbnail=\"https:\/\/www.campelplanet.com\/wp-content\/uploads\/2024\/12\/img-20230326-wa0008-300x225.jpg\" data-width=\"300\" data-height=\"225\" aria-label=\"\" role=\"img\" ><\/div>\n\t\t\t\t\t\t\t\t\t\t\t<div class=\"elementor-gallery-item__overlay\"><\/div>\n\t\t\t\t\t\t\t\t\t\t\t\t\t\t<\/a>\n\t\t\t\t\t\t\t<a class=\"e-gallery-item elementor-gallery-item elementor-animated-content\" href=\"https:\/\/www.campelplanet.com\/wp-content\/uploads\/2024\/12\/DSCF7510-61-scaled-1.webp\" data-elementor-open-lightbox=\"yes\" data-elementor-lightbox-slideshow=\"14b15b2\" data-elementor-lightbox-title=\"DSCF7510-61-scaled.webp\" data-e-action-hash=\"#elementor-action%3Aaction%3Dlightbox%26settings%3DeyJpZCI6NDkwNCwidXJsIjoiaHR0cHM6XC9cL3d3dy5jYW1wZWxwbGFuZXQuY29tXC93cC1jb250ZW50XC91cGxvYWRzXC8yMDI0XC8xMlwvRFNDRjc1MTAtNjEtc2NhbGVkLTEud2VicCIsInNsaWRlc2hvdyI6IjE0YjE1YjIifQ%3D%3D\">\n\t\t\t\t\t<div class=\"e-gallery-image elementor-gallery-item__image\" data-thumbnail=\"https:\/\/www.campelplanet.com\/wp-content\/uploads\/2024\/12\/DSCF7510-61-scaled-1-300x200.webp\" data-width=\"300\" data-height=\"200\" aria-label=\"\" role=\"img\" ><\/div>\n\t\t\t\t\t\t\t\t\t\t\t<div class=\"elementor-gallery-item__overlay\"><\/div>\n\t\t\t\t\t\t\t\t\t\t\t\t\t\t<\/a>\n\t\t\t\t\t\t\t<a class=\"e-gallery-item elementor-gallery-item elementor-animated-content\" href=\"https:\/\/www.campelplanet.com\/wp-content\/uploads\/2024\/12\/Aparthotel-El-Camp-Outside-View-9-Fotografo-Nelly-del-Arbo.jpg\" data-elementor-open-lightbox=\"yes\" data-elementor-lightbox-slideshow=\"14b15b2\" data-elementor-lightbox-title=\"Aparthotel-El-Camp-Outside-View-9-Fotografo-Nelly-del-Arbo.jpg\" data-e-action-hash=\"#elementor-action%3Aaction%3Dlightbox%26settings%3DeyJpZCI6NDkxMCwidXJsIjoiaHR0cHM6XC9cL3d3dy5jYW1wZWxwbGFuZXQuY29tXC93cC1jb250ZW50XC91cGxvYWRzXC8yMDI0XC8xMlwvQXBhcnRob3RlbC1FbC1DYW1wLU91dHNpZGUtVmlldy05LUZvdG9ncmFmby1OZWxseS1kZWwtQXJiby5qcGciLCJzbGlkZXNob3ciOiIxNGIxNWIyIn0%3D\">\n\t\t\t\t\t<div class=\"e-gallery-image elementor-gallery-item__image\" data-thumbnail=\"https:\/\/www.campelplanet.com\/wp-content\/uploads\/2024\/12\/Aparthotel-El-Camp-Outside-View-9-Fotografo-Nelly-del-Arbo-300x200.jpg\" data-width=\"300\" data-height=\"200\" aria-label=\"\" role=\"img\" ><\/div>\n\t\t\t\t\t\t\t\t\t\t\t<div class=\"elementor-gallery-item__overlay\"><\/div>\n\t\t\t\t\t\t\t\t\t\t\t\t\t\t<\/a>\n\t\t\t\t\t<\/div>\n\t\t\t\t\t<\/div>\n\t\t\t\t\t<\/div>\n\t\t\t\t<\/div>\n\t\t\t\t<\/div>\n\t\t","protected":false},"excerpt":{"rendered":"<p>Camp el Planet es un gran lugar para Alojamiento para Grupos, bodas, aniversarios y celebraciones de todo tipo. Adem\u00e1s, la propiedad tambi\u00e9n se alquila con frecuencia a grupos que quieren tener todo el lugar para ellos solos. Si est\u00e1s interesado en conocer m\u00e1s sobre Camp el Planet como lugar para tu boda o celebraci\u00f3n debes [&hellip;]<\/p>\n","protected":false},"author":1,"featured_media":618,"parent":0,"menu_order":0,"comment_status":"closed","ping_status":"closed","template":"elementor_header_footer","meta":{"footnotes":""},"class_list":["post-969","page","type-page","status-publish","has-post-thumbnail","hentry"],"yoast_head":"<!-- This site is optimized with the Yoast SEO Premium plugin v27.4 (Yoast SEO v27.4) - https:\/\/yoast.com\/product\/yoast-seo-premium-wordpress\/ -->\n<title>Grupos - Camp El Planet<\/title>\n<meta name=\"description\" content=\"Camp el Planet es un gran lugar para Alojamiento para Grupos, bodas, aniversarios y celebraciones de todo tipo. Adem\u00e1s, la propiedad...\" \/>\n<meta name=\"robots\" content=\"index, follow, max-snippet:-1, max-image-preview:large, max-video-preview:-1\" \/>\n<link rel=\"canonical\" href=\"https:\/\/www.campelplanet.com\/es\/alojamiento-para-grupos\/\" \/>\n<meta property=\"og:locale\" content=\"es_ES\" \/>\n<meta property=\"og:type\" content=\"article\" \/>\n<meta property=\"og:title\" content=\"Grupos\" \/>\n<meta property=\"og:description\" content=\"Camp el Planet es un gran lugar para Alojamiento para Grupos, bodas, aniversarios y celebraciones de todo tipo. Adem\u00e1s, la propiedad...\" \/>\n<meta property=\"og:url\" content=\"https:\/\/www.campelplanet.com\/es\/alojamiento-para-grupos\/\" \/>\n<meta property=\"og:site_name\" content=\"Camp El Planet\" \/>\n<meta property=\"article:publisher\" content=\"https:\/\/www.facebook.com\/campelplanet\" \/>\n<meta property=\"article:modified_time\" content=\"2024-12-24T04:52:20+00:00\" \/>\n<meta property=\"og:image\" content=\"https:\/\/www.campelplanet.com\/wp-content\/uploads\/2024\/01\/IMG_2886-e1581328102904.jpg\" \/>\n\t<meta property=\"og:image:width\" content=\"1300\" \/>\n\t<meta property=\"og:image:height\" content=\"975\" \/>\n\t<meta property=\"og:image:type\" content=\"image\/jpeg\" \/>\n<meta name=\"twitter:card\" content=\"summary_large_image\" \/>\n<script type=\"application\/ld+json\" class=\"yoast-schema-graph\">{\"@context\":\"https:\\\/\\\/schema.org\",\"@graph\":[{\"@type\":\"WebPage\",\"@id\":\"https:\\\/\\\/www.campelplanet.com\\\/es\\\/alojamiento-para-grupos\\\/\",\"url\":\"https:\\\/\\\/www.campelplanet.com\\\/es\\\/alojamiento-para-grupos\\\/\",\"name\":\"Grupos - Camp El Planet\",\"isPartOf\":{\"@id\":\"https:\\\/\\\/www.campelplanet.com\\\/es\\\/#website\"},\"primaryImageOfPage\":{\"@id\":\"https:\\\/\\\/www.campelplanet.com\\\/es\\\/alojamiento-para-grupos\\\/#primaryimage\"},\"image\":{\"@id\":\"https:\\\/\\\/www.campelplanet.com\\\/es\\\/alojamiento-para-grupos\\\/#primaryimage\"},\"thumbnailUrl\":\"https:\\\/\\\/www.campelplanet.com\\\/wp-content\\\/uploads\\\/2024\\\/01\\\/IMG_2886-e1581328102904.jpg\",\"datePublished\":\"2024-01-03T11:35:09+00:00\",\"dateModified\":\"2024-12-24T04:52:20+00:00\",\"description\":\"Camp el Planet es un gran lugar para Alojamiento para Grupos, bodas, aniversarios y celebraciones de todo tipo. Adem\u00e1s, la propiedad...\",\"breadcrumb\":{\"@id\":\"https:\\\/\\\/www.campelplanet.com\\\/es\\\/alojamiento-para-grupos\\\/#breadcrumb\"},\"inLanguage\":\"es\",\"potentialAction\":[{\"@type\":\"ReadAction\",\"target\":[\"https:\\\/\\\/www.campelplanet.com\\\/es\\\/alojamiento-para-grupos\\\/\"]}]},{\"@type\":\"ImageObject\",\"inLanguage\":\"es\",\"@id\":\"https:\\\/\\\/www.campelplanet.com\\\/es\\\/alojamiento-para-grupos\\\/#primaryimage\",\"url\":\"https:\\\/\\\/www.campelplanet.com\\\/wp-content\\\/uploads\\\/2024\\\/01\\\/IMG_2886-e1581328102904.jpg\",\"contentUrl\":\"https:\\\/\\\/www.campelplanet.com\\\/wp-content\\\/uploads\\\/2024\\\/01\\\/IMG_2886-e1581328102904.jpg\",\"width\":1300,\"height\":975,\"caption\":\"active holiday\"},{\"@type\":\"BreadcrumbList\",\"@id\":\"https:\\\/\\\/www.campelplanet.com\\\/es\\\/alojamiento-para-grupos\\\/#breadcrumb\",\"itemListElement\":[{\"@type\":\"ListItem\",\"position\":1,\"name\":\"Home\",\"item\":\"https:\\\/\\\/www.campelplanet.com\\\/es\\\/\"},{\"@type\":\"ListItem\",\"position\":2,\"name\":\"Grupos\"}]},{\"@type\":\"WebSite\",\"@id\":\"https:\\\/\\\/www.campelplanet.com\\\/es\\\/#website\",\"url\":\"https:\\\/\\\/www.campelplanet.com\\\/es\\\/\",\"name\":\"Camp El Planet's\",\"description\":\"The soul of the Costa Blanca\",\"publisher\":{\"@id\":\"https:\\\/\\\/www.campelplanet.com\\\/es\\\/#organization\"},\"potentialAction\":[{\"@type\":\"SearchAction\",\"target\":{\"@type\":\"EntryPoint\",\"urlTemplate\":\"https:\\\/\\\/www.campelplanet.com\\\/es\\\/?s={search_term_string}\"},\"query-input\":{\"@type\":\"PropertyValueSpecification\",\"valueRequired\":true,\"valueName\":\"search_term_string\"}}],\"inLanguage\":\"es\"},{\"@type\":\"Organization\",\"@id\":\"https:\\\/\\\/www.campelplanet.com\\\/es\\\/#organization\",\"name\":\"Camp El Planet's\",\"url\":\"https:\\\/\\\/www.campelplanet.com\\\/es\\\/\",\"logo\":{\"@type\":\"ImageObject\",\"inLanguage\":\"es\",\"@id\":\"https:\\\/\\\/www.campelplanet.com\\\/es\\\/#\\\/schema\\\/logo\\\/image\\\/\",\"url\":\"https:\\\/\\\/www.campelplanet.com\\\/wp-content\\\/uploads\\\/2024\\\/01\\\/cropped-CampElPlanet_bla.png\",\"contentUrl\":\"https:\\\/\\\/www.campelplanet.com\\\/wp-content\\\/uploads\\\/2024\\\/01\\\/cropped-CampElPlanet_bla.png\",\"width\":440,\"height\":256,\"caption\":\"Camp El Planet's\"},\"image\":{\"@id\":\"https:\\\/\\\/www.campelplanet.com\\\/es\\\/#\\\/schema\\\/logo\\\/image\\\/\"},\"sameAs\":[\"https:\\\/\\\/www.facebook.com\\\/campelplanet\",\"https:\\\/\\\/www.instagram.com\\\/campelplanet\\\/\"]}]}<\/script>\n<!-- \/ Yoast SEO Premium plugin. -->","yoast_head_json":{"title":"Grupos - Camp El Planet","description":"Camp el Planet es un gran lugar para Alojamiento para Grupos, bodas, aniversarios y celebraciones de todo tipo. Adem\u00e1s, la propiedad...","robots":{"index":"index","follow":"follow","max-snippet":"max-snippet:-1","max-image-preview":"max-image-preview:large","max-video-preview":"max-video-preview:-1"},"canonical":"https:\/\/www.campelplanet.com\/es\/alojamiento-para-grupos\/","og_locale":"es_ES","og_type":"article","og_title":"Grupos","og_description":"Camp el Planet es un gran lugar para Alojamiento para Grupos, bodas, aniversarios y celebraciones de todo tipo. Adem\u00e1s, la propiedad...","og_url":"https:\/\/www.campelplanet.com\/es\/alojamiento-para-grupos\/","og_site_name":"Camp El Planet","article_publisher":"https:\/\/www.facebook.com\/campelplanet","article_modified_time":"2024-12-24T04:52:20+00:00","og_image":[{"width":1300,"height":975,"url":"https:\/\/www.campelplanet.com\/wp-content\/uploads\/2024\/01\/IMG_2886-e1581328102904.jpg","type":"image\/jpeg"}],"twitter_card":"summary_large_image","schema":{"@context":"https:\/\/schema.org","@graph":[{"@type":"WebPage","@id":"https:\/\/www.campelplanet.com\/es\/alojamiento-para-grupos\/","url":"https:\/\/www.campelplanet.com\/es\/alojamiento-para-grupos\/","name":"Grupos - Camp El Planet","isPartOf":{"@id":"https:\/\/www.campelplanet.com\/es\/#website"},"primaryImageOfPage":{"@id":"https:\/\/www.campelplanet.com\/es\/alojamiento-para-grupos\/#primaryimage"},"image":{"@id":"https:\/\/www.campelplanet.com\/es\/alojamiento-para-grupos\/#primaryimage"},"thumbnailUrl":"https:\/\/www.campelplanet.com\/wp-content\/uploads\/2024\/01\/IMG_2886-e1581328102904.jpg","datePublished":"2024-01-03T11:35:09+00:00","dateModified":"2024-12-24T04:52:20+00:00","description":"Camp el Planet es un gran lugar para Alojamiento para Grupos, bodas, aniversarios y celebraciones de todo tipo. Adem\u00e1s, la propiedad...","breadcrumb":{"@id":"https:\/\/www.campelplanet.com\/es\/alojamiento-para-grupos\/#breadcrumb"},"inLanguage":"es","potentialAction":[{"@type":"ReadAction","target":["https:\/\/www.campelplanet.com\/es\/alojamiento-para-grupos\/"]}]},{"@type":"ImageObject","inLanguage":"es","@id":"https:\/\/www.campelplanet.com\/es\/alojamiento-para-grupos\/#primaryimage","url":"https:\/\/www.campelplanet.com\/wp-content\/uploads\/2024\/01\/IMG_2886-e1581328102904.jpg","contentUrl":"https:\/\/www.campelplanet.com\/wp-content\/uploads\/2024\/01\/IMG_2886-e1581328102904.jpg","width":1300,"height":975,"caption":"active holiday"},{"@type":"BreadcrumbList","@id":"https:\/\/www.campelplanet.com\/es\/alojamiento-para-grupos\/#breadcrumb","itemListElement":[{"@type":"ListItem","position":1,"name":"Home","item":"https:\/\/www.campelplanet.com\/es\/"},{"@type":"ListItem","position":2,"name":"Grupos"}]},{"@type":"WebSite","@id":"https:\/\/www.campelplanet.com\/es\/#website","url":"https:\/\/www.campelplanet.com\/es\/","name":"Camp El Planet's","description":"The soul of the Costa Blanca","publisher":{"@id":"https:\/\/www.campelplanet.com\/es\/#organization"},"potentialAction":[{"@type":"SearchAction","target":{"@type":"EntryPoint","urlTemplate":"https:\/\/www.campelplanet.com\/es\/?s={search_term_string}"},"query-input":{"@type":"PropertyValueSpecification","valueRequired":true,"valueName":"search_term_string"}}],"inLanguage":"es"},{"@type":"Organization","@id":"https:\/\/www.campelplanet.com\/es\/#organization","name":"Camp El Planet's","url":"https:\/\/www.campelplanet.com\/es\/","logo":{"@type":"ImageObject","inLanguage":"es","@id":"https:\/\/www.campelplanet.com\/es\/#\/schema\/logo\/image\/","url":"https:\/\/www.campelplanet.com\/wp-content\/uploads\/2024\/01\/cropped-CampElPlanet_bla.png","contentUrl":"https:\/\/www.campelplanet.com\/wp-content\/uploads\/2024\/01\/cropped-CampElPlanet_bla.png","width":440,"height":256,"caption":"Camp El Planet's"},"image":{"@id":"https:\/\/www.campelplanet.com\/es\/#\/schema\/logo\/image\/"},"sameAs":["https:\/\/www.facebook.com\/campelplanet","https:\/\/www.instagram.com\/campelplanet\/"]}]}},"_links":{"self":[{"href":"https:\/\/www.campelplanet.com\/es\/wp-json\/wp\/v2\/pages\/969","targetHints":{"allow":["GET"]}}],"collection":[{"href":"https:\/\/www.campelplanet.com\/es\/wp-json\/wp\/v2\/pages"}],"about":[{"href":"https:\/\/www.campelplanet.com\/es\/wp-json\/wp\/v2\/types\/page"}],"author":[{"embeddable":true,"href":"https:\/\/www.campelplanet.com\/es\/wp-json\/wp\/v2\/users\/1"}],"replies":[{"embeddable":true,"href":"https:\/\/www.campelplanet.com\/es\/wp-json\/wp\/v2\/comments?post=969"}],"version-history":[{"count":1,"href":"https:\/\/www.campelplanet.com\/es\/wp-json\/wp\/v2\/pages\/969\/revisions"}],"predecessor-version":[{"id":5512,"href":"https:\/\/www.campelplanet.com\/es\/wp-json\/wp\/v2\/pages\/969\/revisions\/5512"}],"wp:featuredmedia":[{"embeddable":true,"href":"https:\/\/www.campelplanet.com\/es\/wp-json\/wp\/v2\/media\/618"}],"wp:attachment":[{"href":"https:\/\/www.campelplanet.com\/es\/wp-json\/wp\/v2\/media?parent=969"}],"curies":[{"name":"wp","href":"https:\/\/api.w.org\/{rel}","templated":true}]}}