{"id":924,"date":"2024-01-03T12:06:22","date_gmt":"2024-01-03T11:06:22","guid":{"rendered":"https:\/\/www.campelplanet.com\/deportes-de-equipo\/"},"modified":"2024-12-24T07:12:00","modified_gmt":"2024-12-24T06:12:00","slug":"deportes-de-equipo","status":"publish","type":"page","link":"https:\/\/www.campelplanet.com\/es\/deportes-de-equipo\/","title":{"rendered":"Deportes de equipo"},"content":{"rendered":"\t\t<div data-elementor-type=\"wp-page\" data-elementor-id=\"924\" class=\"elementor elementor-924 elementor-227\" data-elementor-post-type=\"page\">\n\t\t\t\t\t\t<section class=\"elementor-section elementor-top-section elementor-element elementor-element-1a2cf57 elementor-section-boxed elementor-section-height-default elementor-section-height-default\" data-id=\"1a2cf57\" data-element_type=\"section\" data-e-type=\"section\" data-settings=\"{&quot;background_background&quot;:&quot;classic&quot;}\">\n\t\t\t\t\t\t\t<div class=\"elementor-background-overlay\"><\/div>\n\t\t\t\t\t\t\t<div class=\"elementor-container elementor-column-gap-no\">\n\t\t\t\t\t<div class=\"elementor-column elementor-col-100 elementor-top-column elementor-element elementor-element-d338fb1\" data-id=\"d338fb1\" data-element_type=\"column\" data-e-type=\"column\">\n\t\t\t<div class=\"elementor-widget-wrap elementor-element-populated\">\n\t\t\t\t\t\t\t<\/div>\n\t\t<\/div>\n\t\t\t\t\t<\/div>\n\t\t<\/section>\n\t\t<div class=\"elementor-element elementor-element-3cc1a96 e-flex e-con-boxed e-con e-parent\" data-id=\"3cc1a96\" data-element_type=\"container\" data-e-type=\"container\">\n\t\t\t\t\t<div class=\"e-con-inner\">\n\t\t<div class=\"elementor-element elementor-element-ca1f47e e-con-full e-flex e-con e-child\" data-id=\"ca1f47e\" data-element_type=\"container\" data-e-type=\"container\">\n\t\t\t\t<div class=\"elementor-element elementor-element-dfc7da5 elementor-widget elementor-widget-image\" data-id=\"dfc7da5\" data-element_type=\"widget\" data-e-type=\"widget\" data-widget_type=\"image.default\">\n\t\t\t\t\t\t\t\t\t\t\t\t\t\t\t<img fetchpriority=\"high\" decoding=\"async\" width=\"800\" height=\"534\" src=\"https:\/\/www.campelplanet.com\/wp-content\/uploads\/2024\/01\/eppinghaus-arpoador04.jpg\" class=\"attachment-large size-large wp-image-563\" alt=\"Team Sports\" srcset=\"https:\/\/www.campelplanet.com\/wp-content\/uploads\/2024\/01\/eppinghaus-arpoador04.jpg 1024w, https:\/\/www.campelplanet.com\/wp-content\/uploads\/2024\/01\/eppinghaus-arpoador04-300x200.jpg 300w, https:\/\/www.campelplanet.com\/wp-content\/uploads\/2024\/01\/eppinghaus-arpoador04-768x512.jpg 768w\" sizes=\"(max-width: 800px) 100vw, 800px\" \/>\t\t\t\t\t\t\t\t\t\t\t\t\t\t\t<\/div>\n\t\t\t\t<\/div>\n\t\t<div class=\"elementor-element elementor-element-6f3bf6f e-con-full e-flex e-con e-child\" data-id=\"6f3bf6f\" data-element_type=\"container\" data-e-type=\"container\">\n\t\t\t\t<div class=\"elementor-element elementor-element-f69b148 elementor-widget elementor-widget-text-editor\" data-id=\"f69b148\" data-element_type=\"widget\" data-e-type=\"widget\" data-widget_type=\"text-editor.default\">\n\t\t\t\t\t\t\t\t\t<p><a href=\"https:\/\/www.campelplanet.com\/es\/campamento-el-planeta\/\" target=\"_blank\" rel=\"noopener\">Camp El Planet<\/a> Es el lugar perfecto para un campamento de pr\u00e1ctica de deportes de equipo de balonmano o f\u00fatbol. Los campos <a href=\"https:\/\/www.facebook.com\/paradisepropertyspain2410\/posts\/1737412673139798\/?paipv=0&amp;eav=AfY3egvMa3XmZC4ah_jgfnuw8cUPa9fNdW2xd--Ypbllm8DtGheliyUDYcpi_xNAsfs&amp;_rdr\">deportivos de Alfaz<\/a>, Altea y La Nuc\u00eda se encuentran a poca distancia y todos cuentan con campos de f\u00fatbol y gimnasios. Creemos que los equipos se benefician de tener a sus miembros reunidos en un solo lugar y no dispersos en un gran hotel o complejo de apartamentos.<\/p>\n<p>Con sus once apartamentos tipo estudio y capacidad para alojar de 25 a 36 personas, Camp El Planet es ideal para un campamento de pr\u00e1ctica. En particular, consideramos que esto es importante para los equipos j\u00f3venes. Camp El Planet ofrece alojamiento y comida en un lugar tranquilo y apartado; pero a\u00fan a poca distancia de la costa, monta\u00f1a, campos deportivos, aeropuertos y pueblos cercanos como Altea, Alfaz y Albir.<\/p>\n<p>Un grupo numeroso dominar\u00e1 las instalaciones y as\u00ed proporcionar\u00e1 cohesi\u00f3n, cercan\u00eda, un fuerte sentimiento de comunidad y mejorar\u00e1 el esp\u00edritu deportivo de equipo. Entre los entrenamientos, el grupo estar\u00e1 junto durante las comidas, alrededor de la zona de la piscina, en la bodega o junto a la piscina. mesa o el tablero de dardos. Esto facilitar\u00e1 la interacci\u00f3n informal en un ambiente relajado y amigable que nuevamente refuerza la cohesi\u00f3n del equipo. El equipo tambi\u00e9n podr\u00e1 solicitar acceso exclusivo a la cafeter\u00eda y la cocina, y preparar y administrar sus propias comidas.<\/p>\t\t\t\t\t\t\t\t<\/div>\n\t\t\t\t<\/div>\n\t\t\t\t\t<\/div>\n\t\t\t\t<\/div>\n\t\t\t\t<\/div>\n\t\t","protected":false},"excerpt":{"rendered":"<p>Camp El Planet Es el lugar perfecto para un campamento de pr\u00e1ctica de deportes de equipo de balonmano o f\u00fatbol. Los campos deportivos de Alfaz, Altea y La Nuc\u00eda se encuentran a poca distancia y todos cuentan con campos de f\u00fatbol y gimnasios. Creemos que los equipos se benefician de tener a sus miembros reunidos [&hellip;]<\/p>\n","protected":false},"author":1,"featured_media":563,"parent":0,"menu_order":0,"comment_status":"closed","ping_status":"closed","template":"elementor_header_footer","meta":{"footnotes":""},"class_list":["post-924","page","type-page","status-publish","has-post-thumbnail","hentry"],"yoast_head":"<!-- This site is optimized with the Yoast SEO Premium plugin v27.4 (Yoast SEO v27.4) - https:\/\/yoast.com\/product\/yoast-seo-premium-wordpress\/ -->\n<title>Deportes de equipo - Camp El Planet<\/title>\n<meta name=\"description\" content=\"Camp El Planet es el lugar perfecto para un campamento de pr\u00e1ctica de deportes de equipo de balonmano o f\u00fatbol. Los recintos deportivos de Alfaz, Altea y...\" \/>\n<meta name=\"robots\" content=\"index, follow, max-snippet:-1, max-image-preview:large, max-video-preview:-1\" \/>\n<link rel=\"canonical\" href=\"https:\/\/www.campelplanet.com\/es\/deportes-de-equipo\/\" \/>\n<meta property=\"og:locale\" content=\"es_ES\" \/>\n<meta property=\"og:type\" content=\"article\" \/>\n<meta property=\"og:title\" content=\"Deportes de equipo\" \/>\n<meta property=\"og:description\" content=\"Camp El Planet es el lugar perfecto para un campamento de pr\u00e1ctica de deportes de equipo de balonmano o f\u00fatbol. Los recintos deportivos de Alfaz, Altea y...\" \/>\n<meta property=\"og:url\" content=\"https:\/\/www.campelplanet.com\/es\/deportes-de-equipo\/\" \/>\n<meta property=\"og:site_name\" content=\"Camp El Planet\" \/>\n<meta property=\"article:publisher\" content=\"https:\/\/www.facebook.com\/campelplanet\" \/>\n<meta property=\"article:modified_time\" content=\"2024-12-24T06:12:00+00:00\" \/>\n<meta property=\"og:image\" content=\"https:\/\/www.campelplanet.com\/wp-content\/uploads\/2024\/01\/eppinghaus-arpoador04.jpg\" \/>\n\t<meta property=\"og:image:width\" content=\"1024\" \/>\n\t<meta property=\"og:image:height\" content=\"683\" \/>\n\t<meta property=\"og:image:type\" content=\"image\/jpeg\" \/>\n<meta name=\"twitter:card\" content=\"summary_large_image\" \/>\n<script type=\"application\/ld+json\" class=\"yoast-schema-graph\">{\"@context\":\"https:\\\/\\\/schema.org\",\"@graph\":[{\"@type\":\"WebPage\",\"@id\":\"https:\\\/\\\/www.campelplanet.com\\\/es\\\/deportes-de-equipo\\\/\",\"url\":\"https:\\\/\\\/www.campelplanet.com\\\/es\\\/deportes-de-equipo\\\/\",\"name\":\"Deportes de equipo - Camp El Planet\",\"isPartOf\":{\"@id\":\"https:\\\/\\\/www.campelplanet.com\\\/es\\\/#website\"},\"primaryImageOfPage\":{\"@id\":\"https:\\\/\\\/www.campelplanet.com\\\/es\\\/deportes-de-equipo\\\/#primaryimage\"},\"image\":{\"@id\":\"https:\\\/\\\/www.campelplanet.com\\\/es\\\/deportes-de-equipo\\\/#primaryimage\"},\"thumbnailUrl\":\"https:\\\/\\\/www.campelplanet.com\\\/wp-content\\\/uploads\\\/2024\\\/01\\\/eppinghaus-arpoador04.jpg\",\"datePublished\":\"2024-01-03T11:06:22+00:00\",\"dateModified\":\"2024-12-24T06:12:00+00:00\",\"description\":\"Camp El Planet es el lugar perfecto para un campamento de pr\u00e1ctica de deportes de equipo de balonmano o f\u00fatbol. Los recintos deportivos de Alfaz, Altea y...\",\"breadcrumb\":{\"@id\":\"https:\\\/\\\/www.campelplanet.com\\\/es\\\/deportes-de-equipo\\\/#breadcrumb\"},\"inLanguage\":\"es\",\"potentialAction\":[{\"@type\":\"ReadAction\",\"target\":[\"https:\\\/\\\/www.campelplanet.com\\\/es\\\/deportes-de-equipo\\\/\"]}]},{\"@type\":\"ImageObject\",\"inLanguage\":\"es\",\"@id\":\"https:\\\/\\\/www.campelplanet.com\\\/es\\\/deportes-de-equipo\\\/#primaryimage\",\"url\":\"https:\\\/\\\/www.campelplanet.com\\\/wp-content\\\/uploads\\\/2024\\\/01\\\/eppinghaus-arpoador04.jpg\",\"contentUrl\":\"https:\\\/\\\/www.campelplanet.com\\\/wp-content\\\/uploads\\\/2024\\\/01\\\/eppinghaus-arpoador04.jpg\",\"width\":1024,\"height\":683,\"caption\":\"Team Sports\"},{\"@type\":\"BreadcrumbList\",\"@id\":\"https:\\\/\\\/www.campelplanet.com\\\/es\\\/deportes-de-equipo\\\/#breadcrumb\",\"itemListElement\":[{\"@type\":\"ListItem\",\"position\":1,\"name\":\"Home\",\"item\":\"https:\\\/\\\/www.campelplanet.com\\\/es\\\/\"},{\"@type\":\"ListItem\",\"position\":2,\"name\":\"Deportes de equipo\"}]},{\"@type\":\"WebSite\",\"@id\":\"https:\\\/\\\/www.campelplanet.com\\\/es\\\/#website\",\"url\":\"https:\\\/\\\/www.campelplanet.com\\\/es\\\/\",\"name\":\"Camp El Planet's\",\"description\":\"The soul of the Costa Blanca\",\"publisher\":{\"@id\":\"https:\\\/\\\/www.campelplanet.com\\\/es\\\/#organization\"},\"potentialAction\":[{\"@type\":\"SearchAction\",\"target\":{\"@type\":\"EntryPoint\",\"urlTemplate\":\"https:\\\/\\\/www.campelplanet.com\\\/es\\\/?s={search_term_string}\"},\"query-input\":{\"@type\":\"PropertyValueSpecification\",\"valueRequired\":true,\"valueName\":\"search_term_string\"}}],\"inLanguage\":\"es\"},{\"@type\":\"Organization\",\"@id\":\"https:\\\/\\\/www.campelplanet.com\\\/es\\\/#organization\",\"name\":\"Camp El Planet's\",\"url\":\"https:\\\/\\\/www.campelplanet.com\\\/es\\\/\",\"logo\":{\"@type\":\"ImageObject\",\"inLanguage\":\"es\",\"@id\":\"https:\\\/\\\/www.campelplanet.com\\\/es\\\/#\\\/schema\\\/logo\\\/image\\\/\",\"url\":\"https:\\\/\\\/www.campelplanet.com\\\/wp-content\\\/uploads\\\/2024\\\/01\\\/cropped-CampElPlanet_bla.png\",\"contentUrl\":\"https:\\\/\\\/www.campelplanet.com\\\/wp-content\\\/uploads\\\/2024\\\/01\\\/cropped-CampElPlanet_bla.png\",\"width\":440,\"height\":256,\"caption\":\"Camp El Planet's\"},\"image\":{\"@id\":\"https:\\\/\\\/www.campelplanet.com\\\/es\\\/#\\\/schema\\\/logo\\\/image\\\/\"},\"sameAs\":[\"https:\\\/\\\/www.facebook.com\\\/campelplanet\",\"https:\\\/\\\/www.instagram.com\\\/campelplanet\\\/\"]}]}<\/script>\n<!-- \/ Yoast SEO Premium plugin. -->","yoast_head_json":{"title":"Deportes de equipo - Camp El Planet","description":"Camp El Planet es el lugar perfecto para un campamento de pr\u00e1ctica de deportes de equipo de balonmano o f\u00fatbol. Los recintos deportivos de Alfaz, Altea y...","robots":{"index":"index","follow":"follow","max-snippet":"max-snippet:-1","max-image-preview":"max-image-preview:large","max-video-preview":"max-video-preview:-1"},"canonical":"https:\/\/www.campelplanet.com\/es\/deportes-de-equipo\/","og_locale":"es_ES","og_type":"article","og_title":"Deportes de equipo","og_description":"Camp El Planet es el lugar perfecto para un campamento de pr\u00e1ctica de deportes de equipo de balonmano o f\u00fatbol. Los recintos deportivos de Alfaz, Altea y...","og_url":"https:\/\/www.campelplanet.com\/es\/deportes-de-equipo\/","og_site_name":"Camp El Planet","article_publisher":"https:\/\/www.facebook.com\/campelplanet","article_modified_time":"2024-12-24T06:12:00+00:00","og_image":[{"width":1024,"height":683,"url":"https:\/\/www.campelplanet.com\/wp-content\/uploads\/2024\/01\/eppinghaus-arpoador04.jpg","type":"image\/jpeg"}],"twitter_card":"summary_large_image","schema":{"@context":"https:\/\/schema.org","@graph":[{"@type":"WebPage","@id":"https:\/\/www.campelplanet.com\/es\/deportes-de-equipo\/","url":"https:\/\/www.campelplanet.com\/es\/deportes-de-equipo\/","name":"Deportes de equipo - Camp El Planet","isPartOf":{"@id":"https:\/\/www.campelplanet.com\/es\/#website"},"primaryImageOfPage":{"@id":"https:\/\/www.campelplanet.com\/es\/deportes-de-equipo\/#primaryimage"},"image":{"@id":"https:\/\/www.campelplanet.com\/es\/deportes-de-equipo\/#primaryimage"},"thumbnailUrl":"https:\/\/www.campelplanet.com\/wp-content\/uploads\/2024\/01\/eppinghaus-arpoador04.jpg","datePublished":"2024-01-03T11:06:22+00:00","dateModified":"2024-12-24T06:12:00+00:00","description":"Camp El Planet es el lugar perfecto para un campamento de pr\u00e1ctica de deportes de equipo de balonmano o f\u00fatbol. Los recintos deportivos de Alfaz, Altea y...","breadcrumb":{"@id":"https:\/\/www.campelplanet.com\/es\/deportes-de-equipo\/#breadcrumb"},"inLanguage":"es","potentialAction":[{"@type":"ReadAction","target":["https:\/\/www.campelplanet.com\/es\/deportes-de-equipo\/"]}]},{"@type":"ImageObject","inLanguage":"es","@id":"https:\/\/www.campelplanet.com\/es\/deportes-de-equipo\/#primaryimage","url":"https:\/\/www.campelplanet.com\/wp-content\/uploads\/2024\/01\/eppinghaus-arpoador04.jpg","contentUrl":"https:\/\/www.campelplanet.com\/wp-content\/uploads\/2024\/01\/eppinghaus-arpoador04.jpg","width":1024,"height":683,"caption":"Team Sports"},{"@type":"BreadcrumbList","@id":"https:\/\/www.campelplanet.com\/es\/deportes-de-equipo\/#breadcrumb","itemListElement":[{"@type":"ListItem","position":1,"name":"Home","item":"https:\/\/www.campelplanet.com\/es\/"},{"@type":"ListItem","position":2,"name":"Deportes de equipo"}]},{"@type":"WebSite","@id":"https:\/\/www.campelplanet.com\/es\/#website","url":"https:\/\/www.campelplanet.com\/es\/","name":"Camp El Planet's","description":"The soul of the Costa Blanca","publisher":{"@id":"https:\/\/www.campelplanet.com\/es\/#organization"},"potentialAction":[{"@type":"SearchAction","target":{"@type":"EntryPoint","urlTemplate":"https:\/\/www.campelplanet.com\/es\/?s={search_term_string}"},"query-input":{"@type":"PropertyValueSpecification","valueRequired":true,"valueName":"search_term_string"}}],"inLanguage":"es"},{"@type":"Organization","@id":"https:\/\/www.campelplanet.com\/es\/#organization","name":"Camp El Planet's","url":"https:\/\/www.campelplanet.com\/es\/","logo":{"@type":"ImageObject","inLanguage":"es","@id":"https:\/\/www.campelplanet.com\/es\/#\/schema\/logo\/image\/","url":"https:\/\/www.campelplanet.com\/wp-content\/uploads\/2024\/01\/cropped-CampElPlanet_bla.png","contentUrl":"https:\/\/www.campelplanet.com\/wp-content\/uploads\/2024\/01\/cropped-CampElPlanet_bla.png","width":440,"height":256,"caption":"Camp El Planet's"},"image":{"@id":"https:\/\/www.campelplanet.com\/es\/#\/schema\/logo\/image\/"},"sameAs":["https:\/\/www.facebook.com\/campelplanet","https:\/\/www.instagram.com\/campelplanet\/"]}]}},"_links":{"self":[{"href":"https:\/\/www.campelplanet.com\/es\/wp-json\/wp\/v2\/pages\/924","targetHints":{"allow":["GET"]}}],"collection":[{"href":"https:\/\/www.campelplanet.com\/es\/wp-json\/wp\/v2\/pages"}],"about":[{"href":"https:\/\/www.campelplanet.com\/es\/wp-json\/wp\/v2\/types\/page"}],"author":[{"embeddable":true,"href":"https:\/\/www.campelplanet.com\/es\/wp-json\/wp\/v2\/users\/1"}],"replies":[{"embeddable":true,"href":"https:\/\/www.campelplanet.com\/es\/wp-json\/wp\/v2\/comments?post=924"}],"version-history":[{"count":1,"href":"https:\/\/www.campelplanet.com\/es\/wp-json\/wp\/v2\/pages\/924\/revisions"}],"predecessor-version":[{"id":5547,"href":"https:\/\/www.campelplanet.com\/es\/wp-json\/wp\/v2\/pages\/924\/revisions\/5547"}],"wp:featuredmedia":[{"embeddable":true,"href":"https:\/\/www.campelplanet.com\/es\/wp-json\/wp\/v2\/media\/563"}],"wp:attachment":[{"href":"https:\/\/www.campelplanet.com\/es\/wp-json\/wp\/v2\/media?parent=924"}],"curies":[{"name":"wp","href":"https:\/\/api.w.org\/{rel}","templated":true}]}}