{"id":906,"date":"2024-01-03T12:01:45","date_gmt":"2024-01-03T11:01:45","guid":{"rendered":"https:\/\/www.campelplanet.com\/espanola\/"},"modified":"2024-12-24T07:10:22","modified_gmt":"2024-12-24T06:10:22","slug":"tenis-y-padel","status":"publish","type":"page","link":"https:\/\/www.campelplanet.com\/es\/tenis-y-padel\/","title":{"rendered":"Tenis y P\u00e1del"},"content":{"rendered":"\t\t<div data-elementor-type=\"wp-page\" data-elementor-id=\"906\" class=\"elementor elementor-906 elementor-218\" data-elementor-post-type=\"page\">\n\t\t\t\t\t\t<section class=\"elementor-section elementor-top-section elementor-element elementor-element-aa7405e elementor-section-boxed elementor-section-height-default elementor-section-height-default\" data-id=\"aa7405e\" data-element_type=\"section\" data-e-type=\"section\" data-settings=\"{&quot;background_background&quot;:&quot;classic&quot;}\">\n\t\t\t\t\t\t\t<div class=\"elementor-background-overlay\"><\/div>\n\t\t\t\t\t\t\t<div class=\"elementor-container elementor-column-gap-no\">\n\t\t\t\t\t<div class=\"elementor-column elementor-col-100 elementor-top-column elementor-element elementor-element-5057017\" data-id=\"5057017\" data-element_type=\"column\" data-e-type=\"column\">\n\t\t\t<div class=\"elementor-widget-wrap elementor-element-populated\">\n\t\t\t\t\t\t\t<\/div>\n\t\t<\/div>\n\t\t\t\t\t<\/div>\n\t\t<\/section>\n\t\t<div class=\"elementor-element elementor-element-dd61263 e-flex e-con-boxed e-con e-parent\" data-id=\"dd61263\" data-element_type=\"container\" data-e-type=\"container\">\n\t\t\t\t\t<div class=\"e-con-inner\">\n\t\t<div class=\"elementor-element elementor-element-712ac4a e-con-full e-flex e-con e-child\" data-id=\"712ac4a\" data-element_type=\"container\" data-e-type=\"container\">\n\t\t\t\t<div class=\"elementor-element elementor-element-0adf1b4 elementor-widget elementor-widget-image\" data-id=\"0adf1b4\" data-element_type=\"widget\" data-e-type=\"widget\" data-widget_type=\"image.default\">\n\t\t\t\t\t\t\t\t\t\t\t\t\t\t\t<img decoding=\"async\" src=\"https:\/\/www.campelplanet.com\/wp-content\/uploads\/2024\/12\/pexels-isabella-mendes-342360-scaled-1.jpg\" title=\"pexels-isabella-mendes-342360-scaled.jpg\" alt=\"pexels-isabella-mendes-342360-scaled.jpg\" loading=\"lazy\" \/>\t\t\t\t\t\t\t\t\t\t\t\t\t\t\t<\/div>\n\t\t\t\t<\/div>\n\t\t<div class=\"elementor-element elementor-element-7e2e6c0 e-con-full e-flex e-con e-child\" data-id=\"7e2e6c0\" data-element_type=\"container\" data-e-type=\"container\">\n\t\t\t\t<div class=\"elementor-element elementor-element-ef28e93 elementor-widget elementor-widget-text-editor\" data-id=\"ef28e93\" data-element_type=\"widget\" data-e-type=\"widget\" data-widget_type=\"text-editor.default\">\n\t\t\t\t\t\t\t\t\t<p>Hay muchas canchas de <a href=\"https:\/\/www.mejorset.com\/blog-eng\/how-big-is-a-padel-court-and-what-is-the-difference-in-size-with-a-tennis-court\" target=\"_blank\" rel=\"noopener\">tenis y p\u00e1del locales<\/a> y, dada la escala de la oferta, es relativamente f\u00e1cil acceder. Dos de los clubes m\u00e1s cercanos a nosotros tambi\u00e9n tienen canchas de tierra batida. El alquiler de equipos no suele ser un problema. <a href=\"https:\/\/www.campelplanet.com\/es\/activities\/\" target=\"_blank\" rel=\"noopener\">Las<\/a> visitas de los equipos de tenis y los invitados que jugaron en los clubes locales han sido incondicionalmente positivas para la calidad de las instalaciones. Sin mencionar la vocaci\u00f3n de servicio del personal de los clubes.<\/p>\t\t\t\t\t\t\t\t<\/div>\n\t\t\t\t<\/div>\n\t\t\t\t\t<\/div>\n\t\t\t\t<\/div>\n\t\t\t\t<\/div>\n\t\t","protected":false},"excerpt":{"rendered":"<p>Hay muchas canchas de tenis y p\u00e1del locales y, dada la escala de la oferta, es relativamente f\u00e1cil acceder. Dos de los clubes m\u00e1s cercanos a nosotros tambi\u00e9n tienen canchas de tierra batida. El alquiler de equipos no suele ser un problema. Las visitas de los equipos de tenis y los invitados que jugaron en [&hellip;]<\/p>\n","protected":false},"author":1,"featured_media":0,"parent":0,"menu_order":0,"comment_status":"closed","ping_status":"closed","template":"elementor_header_footer","meta":{"footnotes":""},"class_list":["post-906","page","type-page","status-publish","hentry"],"yoast_head":"<!-- This site is optimized with the Yoast SEO Premium plugin v27.4 (Yoast SEO v27.4) - https:\/\/yoast.com\/product\/yoast-seo-premium-wordpress\/ -->\n<title>Tenis y P\u00e1del - Camp El Planet<\/title>\n<meta name=\"description\" content=\"Hay muchas canchas de tenis y p\u00e1del locales y, dada la escala de la oferta, es relativamente f\u00e1cil acceder.\" \/>\n<meta name=\"robots\" content=\"index, follow, max-snippet:-1, max-image-preview:large, max-video-preview:-1\" \/>\n<link rel=\"canonical\" href=\"https:\/\/www.campelplanet.com\/es\/tenis-y-padel\/\" \/>\n<meta property=\"og:locale\" content=\"es_ES\" \/>\n<meta property=\"og:type\" content=\"article\" \/>\n<meta property=\"og:title\" content=\"Tenis y P\u00e1del\" \/>\n<meta property=\"og:description\" content=\"Hay muchas canchas de tenis y p\u00e1del locales y, dada la escala de la oferta, es relativamente f\u00e1cil acceder.\" \/>\n<meta property=\"og:url\" content=\"https:\/\/www.campelplanet.com\/es\/tenis-y-padel\/\" \/>\n<meta property=\"og:site_name\" content=\"Camp El Planet\" \/>\n<meta property=\"article:publisher\" content=\"https:\/\/www.facebook.com\/campelplanet\" \/>\n<meta property=\"article:modified_time\" content=\"2024-12-24T06:10:22+00:00\" \/>\n<meta property=\"og:image\" content=\"https:\/\/www.campelplanet.com\/wp-content\/uploads\/2024\/01\/pexels-mudassir-ali-1619860-scaled.jpg\" \/>\n\t<meta property=\"og:image:width\" content=\"2560\" \/>\n\t<meta property=\"og:image:height\" content=\"1340\" \/>\n\t<meta property=\"og:image:type\" content=\"image\/jpeg\" \/>\n<meta name=\"twitter:card\" content=\"summary_large_image\" \/>\n<script type=\"application\/ld+json\" class=\"yoast-schema-graph\">{\"@context\":\"https:\\\/\\\/schema.org\",\"@graph\":[{\"@type\":\"WebPage\",\"@id\":\"https:\\\/\\\/www.campelplanet.com\\\/es\\\/tenis-y-padel\\\/\",\"url\":\"https:\\\/\\\/www.campelplanet.com\\\/es\\\/tenis-y-padel\\\/\",\"name\":\"Tenis y P\u00e1del - Camp El Planet\",\"isPartOf\":{\"@id\":\"https:\\\/\\\/www.campelplanet.com\\\/es\\\/#website\"},\"primaryImageOfPage\":{\"@id\":\"https:\\\/\\\/www.campelplanet.com\\\/es\\\/tenis-y-padel\\\/#primaryimage\"},\"image\":{\"@id\":\"https:\\\/\\\/www.campelplanet.com\\\/es\\\/tenis-y-padel\\\/#primaryimage\"},\"thumbnailUrl\":\"https:\\\/\\\/www.campelplanet.com\\\/wp-content\\\/uploads\\\/2024\\\/12\\\/pexels-isabella-mendes-342360-scaled-1.jpg\",\"datePublished\":\"2024-01-03T11:01:45+00:00\",\"dateModified\":\"2024-12-24T06:10:22+00:00\",\"description\":\"Hay muchas canchas de tenis y p\u00e1del locales y, dada la escala de la oferta, es relativamente f\u00e1cil acceder.\",\"breadcrumb\":{\"@id\":\"https:\\\/\\\/www.campelplanet.com\\\/es\\\/tenis-y-padel\\\/#breadcrumb\"},\"inLanguage\":\"es\",\"potentialAction\":[{\"@type\":\"ReadAction\",\"target\":[\"https:\\\/\\\/www.campelplanet.com\\\/es\\\/tenis-y-padel\\\/\"]}]},{\"@type\":\"ImageObject\",\"inLanguage\":\"es\",\"@id\":\"https:\\\/\\\/www.campelplanet.com\\\/es\\\/tenis-y-padel\\\/#primaryimage\",\"url\":\"https:\\\/\\\/www.campelplanet.com\\\/wp-content\\\/uploads\\\/2024\\\/12\\\/pexels-isabella-mendes-342360-scaled-1.jpg\",\"contentUrl\":\"https:\\\/\\\/www.campelplanet.com\\\/wp-content\\\/uploads\\\/2024\\\/12\\\/pexels-isabella-mendes-342360-scaled-1.jpg\"},{\"@type\":\"BreadcrumbList\",\"@id\":\"https:\\\/\\\/www.campelplanet.com\\\/es\\\/tenis-y-padel\\\/#breadcrumb\",\"itemListElement\":[{\"@type\":\"ListItem\",\"position\":1,\"name\":\"Home\",\"item\":\"https:\\\/\\\/www.campelplanet.com\\\/es\\\/\"},{\"@type\":\"ListItem\",\"position\":2,\"name\":\"Tenis y P\u00e1del\"}]},{\"@type\":\"WebSite\",\"@id\":\"https:\\\/\\\/www.campelplanet.com\\\/es\\\/#website\",\"url\":\"https:\\\/\\\/www.campelplanet.com\\\/es\\\/\",\"name\":\"Camp El Planet's\",\"description\":\"The soul of the Costa Blanca\",\"publisher\":{\"@id\":\"https:\\\/\\\/www.campelplanet.com\\\/es\\\/#organization\"},\"potentialAction\":[{\"@type\":\"SearchAction\",\"target\":{\"@type\":\"EntryPoint\",\"urlTemplate\":\"https:\\\/\\\/www.campelplanet.com\\\/es\\\/?s={search_term_string}\"},\"query-input\":{\"@type\":\"PropertyValueSpecification\",\"valueRequired\":true,\"valueName\":\"search_term_string\"}}],\"inLanguage\":\"es\"},{\"@type\":\"Organization\",\"@id\":\"https:\\\/\\\/www.campelplanet.com\\\/es\\\/#organization\",\"name\":\"Camp El Planet's\",\"url\":\"https:\\\/\\\/www.campelplanet.com\\\/es\\\/\",\"logo\":{\"@type\":\"ImageObject\",\"inLanguage\":\"es\",\"@id\":\"https:\\\/\\\/www.campelplanet.com\\\/es\\\/#\\\/schema\\\/logo\\\/image\\\/\",\"url\":\"https:\\\/\\\/www.campelplanet.com\\\/wp-content\\\/uploads\\\/2024\\\/01\\\/cropped-CampElPlanet_bla.png\",\"contentUrl\":\"https:\\\/\\\/www.campelplanet.com\\\/wp-content\\\/uploads\\\/2024\\\/01\\\/cropped-CampElPlanet_bla.png\",\"width\":440,\"height\":256,\"caption\":\"Camp El Planet's\"},\"image\":{\"@id\":\"https:\\\/\\\/www.campelplanet.com\\\/es\\\/#\\\/schema\\\/logo\\\/image\\\/\"},\"sameAs\":[\"https:\\\/\\\/www.facebook.com\\\/campelplanet\",\"https:\\\/\\\/www.instagram.com\\\/campelplanet\\\/\"]}]}<\/script>\n<!-- \/ Yoast SEO Premium plugin. -->","yoast_head_json":{"title":"Tenis y P\u00e1del - Camp El Planet","description":"Hay muchas canchas de tenis y p\u00e1del locales y, dada la escala de la oferta, es relativamente f\u00e1cil acceder.","robots":{"index":"index","follow":"follow","max-snippet":"max-snippet:-1","max-image-preview":"max-image-preview:large","max-video-preview":"max-video-preview:-1"},"canonical":"https:\/\/www.campelplanet.com\/es\/tenis-y-padel\/","og_locale":"es_ES","og_type":"article","og_title":"Tenis y P\u00e1del","og_description":"Hay muchas canchas de tenis y p\u00e1del locales y, dada la escala de la oferta, es relativamente f\u00e1cil acceder.","og_url":"https:\/\/www.campelplanet.com\/es\/tenis-y-padel\/","og_site_name":"Camp El Planet","article_publisher":"https:\/\/www.facebook.com\/campelplanet","article_modified_time":"2024-12-24T06:10:22+00:00","og_image":[{"width":2560,"height":1340,"url":"https:\/\/www.campelplanet.com\/wp-content\/uploads\/2024\/01\/pexels-mudassir-ali-1619860-scaled.jpg","type":"image\/jpeg"}],"twitter_card":"summary_large_image","schema":{"@context":"https:\/\/schema.org","@graph":[{"@type":"WebPage","@id":"https:\/\/www.campelplanet.com\/es\/tenis-y-padel\/","url":"https:\/\/www.campelplanet.com\/es\/tenis-y-padel\/","name":"Tenis y P\u00e1del - Camp El Planet","isPartOf":{"@id":"https:\/\/www.campelplanet.com\/es\/#website"},"primaryImageOfPage":{"@id":"https:\/\/www.campelplanet.com\/es\/tenis-y-padel\/#primaryimage"},"image":{"@id":"https:\/\/www.campelplanet.com\/es\/tenis-y-padel\/#primaryimage"},"thumbnailUrl":"https:\/\/www.campelplanet.com\/wp-content\/uploads\/2024\/12\/pexels-isabella-mendes-342360-scaled-1.jpg","datePublished":"2024-01-03T11:01:45+00:00","dateModified":"2024-12-24T06:10:22+00:00","description":"Hay muchas canchas de tenis y p\u00e1del locales y, dada la escala de la oferta, es relativamente f\u00e1cil acceder.","breadcrumb":{"@id":"https:\/\/www.campelplanet.com\/es\/tenis-y-padel\/#breadcrumb"},"inLanguage":"es","potentialAction":[{"@type":"ReadAction","target":["https:\/\/www.campelplanet.com\/es\/tenis-y-padel\/"]}]},{"@type":"ImageObject","inLanguage":"es","@id":"https:\/\/www.campelplanet.com\/es\/tenis-y-padel\/#primaryimage","url":"https:\/\/www.campelplanet.com\/wp-content\/uploads\/2024\/12\/pexels-isabella-mendes-342360-scaled-1.jpg","contentUrl":"https:\/\/www.campelplanet.com\/wp-content\/uploads\/2024\/12\/pexels-isabella-mendes-342360-scaled-1.jpg"},{"@type":"BreadcrumbList","@id":"https:\/\/www.campelplanet.com\/es\/tenis-y-padel\/#breadcrumb","itemListElement":[{"@type":"ListItem","position":1,"name":"Home","item":"https:\/\/www.campelplanet.com\/es\/"},{"@type":"ListItem","position":2,"name":"Tenis y P\u00e1del"}]},{"@type":"WebSite","@id":"https:\/\/www.campelplanet.com\/es\/#website","url":"https:\/\/www.campelplanet.com\/es\/","name":"Camp El Planet's","description":"The soul of the Costa Blanca","publisher":{"@id":"https:\/\/www.campelplanet.com\/es\/#organization"},"potentialAction":[{"@type":"SearchAction","target":{"@type":"EntryPoint","urlTemplate":"https:\/\/www.campelplanet.com\/es\/?s={search_term_string}"},"query-input":{"@type":"PropertyValueSpecification","valueRequired":true,"valueName":"search_term_string"}}],"inLanguage":"es"},{"@type":"Organization","@id":"https:\/\/www.campelplanet.com\/es\/#organization","name":"Camp El Planet's","url":"https:\/\/www.campelplanet.com\/es\/","logo":{"@type":"ImageObject","inLanguage":"es","@id":"https:\/\/www.campelplanet.com\/es\/#\/schema\/logo\/image\/","url":"https:\/\/www.campelplanet.com\/wp-content\/uploads\/2024\/01\/cropped-CampElPlanet_bla.png","contentUrl":"https:\/\/www.campelplanet.com\/wp-content\/uploads\/2024\/01\/cropped-CampElPlanet_bla.png","width":440,"height":256,"caption":"Camp El Planet's"},"image":{"@id":"https:\/\/www.campelplanet.com\/es\/#\/schema\/logo\/image\/"},"sameAs":["https:\/\/www.facebook.com\/campelplanet","https:\/\/www.instagram.com\/campelplanet\/"]}]}},"_links":{"self":[{"href":"https:\/\/www.campelplanet.com\/es\/wp-json\/wp\/v2\/pages\/906","targetHints":{"allow":["GET"]}}],"collection":[{"href":"https:\/\/www.campelplanet.com\/es\/wp-json\/wp\/v2\/pages"}],"about":[{"href":"https:\/\/www.campelplanet.com\/es\/wp-json\/wp\/v2\/types\/page"}],"author":[{"embeddable":true,"href":"https:\/\/www.campelplanet.com\/es\/wp-json\/wp\/v2\/users\/1"}],"replies":[{"embeddable":true,"href":"https:\/\/www.campelplanet.com\/es\/wp-json\/wp\/v2\/comments?post=906"}],"version-history":[{"count":1,"href":"https:\/\/www.campelplanet.com\/es\/wp-json\/wp\/v2\/pages\/906\/revisions"}],"predecessor-version":[{"id":5544,"href":"https:\/\/www.campelplanet.com\/es\/wp-json\/wp\/v2\/pages\/906\/revisions\/5544"}],"wp:attachment":[{"href":"https:\/\/www.campelplanet.com\/es\/wp-json\/wp\/v2\/media?parent=906"}],"curies":[{"name":"wp","href":"https:\/\/api.w.org\/{rel}","templated":true}]}}