{"id":904,"date":"2024-01-03T12:09:57","date_gmt":"2024-01-03T11:09:57","guid":{"rendered":"https:\/\/www.campelplanet.com\/vacaciones-activas\/"},"modified":"2024-12-24T07:16:39","modified_gmt":"2024-12-24T06:16:39","slug":"vacaciones-activas","status":"publish","type":"page","link":"https:\/\/www.campelplanet.com\/es\/vacaciones-activas\/","title":{"rendered":"Vacaciones Activas"},"content":{"rendered":"\t\t<div data-elementor-type=\"wp-page\" data-elementor-id=\"904\" class=\"elementor elementor-904 elementor-235\" data-elementor-post-type=\"page\">\n\t\t\t\t\t\t<section class=\"elementor-section elementor-top-section elementor-element elementor-element-35d6c06 elementor-section-boxed elementor-section-height-default elementor-section-height-default\" data-id=\"35d6c06\" data-element_type=\"section\" data-e-type=\"section\" data-settings=\"{&quot;background_background&quot;:&quot;classic&quot;}\">\n\t\t\t\t\t\t\t<div class=\"elementor-background-overlay\"><\/div>\n\t\t\t\t\t\t\t<div class=\"elementor-container elementor-column-gap-no\">\n\t\t\t\t\t<div class=\"elementor-column elementor-col-100 elementor-top-column elementor-element elementor-element-c5f18cb\" data-id=\"c5f18cb\" data-element_type=\"column\" data-e-type=\"column\">\n\t\t\t<div class=\"elementor-widget-wrap elementor-element-populated\">\n\t\t\t\t\t\t\t<\/div>\n\t\t<\/div>\n\t\t\t\t\t<\/div>\n\t\t<\/section>\n\t\t<div class=\"elementor-element elementor-element-92dc9e6 e-flex e-con-boxed e-con e-parent\" data-id=\"92dc9e6\" data-element_type=\"container\" data-e-type=\"container\">\n\t\t\t\t\t<div class=\"e-con-inner\">\n\t\t<div class=\"elementor-element elementor-element-3991c59 e-con-full e-flex e-con e-child\" data-id=\"3991c59\" data-element_type=\"container\" data-e-type=\"container\">\n\t\t\t\t<div class=\"elementor-element elementor-element-3382503 elementor-widget elementor-widget-text-editor\" data-id=\"3382503\" data-element_type=\"widget\" data-e-type=\"widget\" data-widget_type=\"text-editor.default\">\n\t\t\t\t\t\t\t\t\t<p>La Costa Blanca ofrece una gran cantidad de posibilidades para quienes buscan unas vacaciones activas. Ya hemos introducido varios de ellos; <a href=\"https:\/\/www.campelplanet.com\/es\/ciclismo\/\">ciclismo<\/a>, <a href=\"https:\/\/www.campelplanet.com\/es\/senderismo\/\">senderismo<\/a>, <a href=\"https:\/\/www.campelplanet.com\/es\/escalada\/\">escalada<\/a>, <a href=\"https:\/\/www.campelplanet.com\/es\/golf\/\">golf<\/a> y <a href=\"https:\/\/www.campelplanet.com\/es\/deportes-de-equipo\/\">deportes de equipo<\/a> como f\u00fatbol y balonmano. Hay numerosos clubes de tenis y canchas de tenis en la zona y hay amplia capacidad para aquellos que quieran jugar algunas pelotas. Y para los menos pusil\u00e1nimes tambi\u00e9n existe la posibilidad de hacer barranquismo, espeleolog\u00eda, rafting y en Busot encontramos el sistema de cuevas m\u00e1s grande y profundo de Espa\u00f1a. En cuanto a los deportes acu\u00e1ticos existen muchas posibilidades; vela, windsurf, <a href=\"https:\/\/en.wikipedia.org\/wiki\/Kayaking#:~:text=Kayaking%20is%20the%20use%20of,of%20blades%20on%20the%20paddle.\" target=\"_blank\" rel=\"noopener\">kayak<\/a> de mar, kitesurf, paddle surf y snorkel. Desde Camp El Planet puedes llegar a la mayor\u00eda de los lugares en un modesto viaje en auto. Detr\u00e1s de muchas de estas actividades encontrar\u00e1s numerosos organizadores muy profesionales y de confianza. Si planeas una semana repleta de diferentes actividades, probablemente sea una buena idea consultar sus sitios web mientras haces tus planes de vacaciones activas.<\/p>\n\t\t\t\t\t\t\t\t<\/div>\n\t\t\t\t<\/div>\n\t\t\t\t\t<\/div>\n\t\t\t\t<\/div>\n\t\t\t\t<\/div>\n\t\t","protected":false},"excerpt":{"rendered":"<p>La Costa Blanca ofrece una gran cantidad de posibilidades para quienes buscan unas vacaciones activas. Ya hemos introducido varios de ellos; ciclismo, senderismo, escalada, golf y deportes de equipo como f\u00fatbol y balonmano. Hay numerosos clubes de tenis y canchas de tenis en la zona y hay amplia capacidad para aquellos que quieran jugar algunas [&hellip;]<\/p>\n","protected":false},"author":1,"featured_media":618,"parent":0,"menu_order":0,"comment_status":"closed","ping_status":"closed","template":"elementor_header_footer","meta":{"footnotes":""},"class_list":["post-904","page","type-page","status-publish","has-post-thumbnail","hentry"],"yoast_head":"<!-- This site is optimized with the Yoast SEO Premium plugin v27.4 (Yoast SEO v27.4) - https:\/\/yoast.com\/product\/yoast-seo-premium-wordpress\/ -->\n<title>Vacaciones Activas - Camp El Planet<\/title>\n<meta name=\"description\" content=\"La Costa Blanca ofrece una gran cantidad de posibilidades para quienes buscan unas vacaciones activas. Ya hemos introducido un n\u00famero...\" \/>\n<meta name=\"robots\" content=\"index, follow, max-snippet:-1, max-image-preview:large, max-video-preview:-1\" \/>\n<link rel=\"canonical\" href=\"https:\/\/www.campelplanet.com\/es\/vacaciones-activas\/\" \/>\n<meta property=\"og:locale\" content=\"es_ES\" \/>\n<meta property=\"og:type\" content=\"article\" \/>\n<meta property=\"og:title\" content=\"Vacaciones Activas\" \/>\n<meta property=\"og:description\" content=\"La Costa Blanca ofrece una gran cantidad de posibilidades para quienes buscan unas vacaciones activas. Ya hemos introducido un n\u00famero...\" \/>\n<meta property=\"og:url\" content=\"https:\/\/www.campelplanet.com\/es\/vacaciones-activas\/\" \/>\n<meta property=\"og:site_name\" content=\"Camp El Planet\" \/>\n<meta property=\"article:publisher\" content=\"https:\/\/www.facebook.com\/campelplanet\" \/>\n<meta property=\"article:modified_time\" content=\"2024-12-24T06:16:39+00:00\" \/>\n<meta property=\"og:image\" content=\"https:\/\/www.campelplanet.com\/wp-content\/uploads\/2024\/01\/IMG_2886-e1581328102904.jpg\" \/>\n\t<meta property=\"og:image:width\" content=\"1300\" \/>\n\t<meta property=\"og:image:height\" content=\"975\" \/>\n\t<meta property=\"og:image:type\" content=\"image\/jpeg\" \/>\n<meta name=\"twitter:card\" content=\"summary_large_image\" \/>\n<script type=\"application\/ld+json\" class=\"yoast-schema-graph\">{\"@context\":\"https:\\\/\\\/schema.org\",\"@graph\":[{\"@type\":\"WebPage\",\"@id\":\"https:\\\/\\\/www.campelplanet.com\\\/es\\\/vacaciones-activas\\\/\",\"url\":\"https:\\\/\\\/www.campelplanet.com\\\/es\\\/vacaciones-activas\\\/\",\"name\":\"Vacaciones Activas - Camp El Planet\",\"isPartOf\":{\"@id\":\"https:\\\/\\\/www.campelplanet.com\\\/es\\\/#website\"},\"primaryImageOfPage\":{\"@id\":\"https:\\\/\\\/www.campelplanet.com\\\/es\\\/vacaciones-activas\\\/#primaryimage\"},\"image\":{\"@id\":\"https:\\\/\\\/www.campelplanet.com\\\/es\\\/vacaciones-activas\\\/#primaryimage\"},\"thumbnailUrl\":\"https:\\\/\\\/www.campelplanet.com\\\/wp-content\\\/uploads\\\/2024\\\/01\\\/IMG_2886-e1581328102904.jpg\",\"datePublished\":\"2024-01-03T11:09:57+00:00\",\"dateModified\":\"2024-12-24T06:16:39+00:00\",\"description\":\"La Costa Blanca ofrece una gran cantidad de posibilidades para quienes buscan unas vacaciones activas. Ya hemos introducido un n\u00famero...\",\"breadcrumb\":{\"@id\":\"https:\\\/\\\/www.campelplanet.com\\\/es\\\/vacaciones-activas\\\/#breadcrumb\"},\"inLanguage\":\"es\",\"potentialAction\":[{\"@type\":\"ReadAction\",\"target\":[\"https:\\\/\\\/www.campelplanet.com\\\/es\\\/vacaciones-activas\\\/\"]}]},{\"@type\":\"ImageObject\",\"inLanguage\":\"es\",\"@id\":\"https:\\\/\\\/www.campelplanet.com\\\/es\\\/vacaciones-activas\\\/#primaryimage\",\"url\":\"https:\\\/\\\/www.campelplanet.com\\\/wp-content\\\/uploads\\\/2024\\\/01\\\/IMG_2886-e1581328102904.jpg\",\"contentUrl\":\"https:\\\/\\\/www.campelplanet.com\\\/wp-content\\\/uploads\\\/2024\\\/01\\\/IMG_2886-e1581328102904.jpg\",\"width\":1300,\"height\":975,\"caption\":\"active holiday\"},{\"@type\":\"BreadcrumbList\",\"@id\":\"https:\\\/\\\/www.campelplanet.com\\\/es\\\/vacaciones-activas\\\/#breadcrumb\",\"itemListElement\":[{\"@type\":\"ListItem\",\"position\":1,\"name\":\"Home\",\"item\":\"https:\\\/\\\/www.campelplanet.com\\\/es\\\/\"},{\"@type\":\"ListItem\",\"position\":2,\"name\":\"Vacaciones Activas\"}]},{\"@type\":\"WebSite\",\"@id\":\"https:\\\/\\\/www.campelplanet.com\\\/es\\\/#website\",\"url\":\"https:\\\/\\\/www.campelplanet.com\\\/es\\\/\",\"name\":\"Camp El Planet's\",\"description\":\"The soul of the Costa Blanca\",\"publisher\":{\"@id\":\"https:\\\/\\\/www.campelplanet.com\\\/es\\\/#organization\"},\"potentialAction\":[{\"@type\":\"SearchAction\",\"target\":{\"@type\":\"EntryPoint\",\"urlTemplate\":\"https:\\\/\\\/www.campelplanet.com\\\/es\\\/?s={search_term_string}\"},\"query-input\":{\"@type\":\"PropertyValueSpecification\",\"valueRequired\":true,\"valueName\":\"search_term_string\"}}],\"inLanguage\":\"es\"},{\"@type\":\"Organization\",\"@id\":\"https:\\\/\\\/www.campelplanet.com\\\/es\\\/#organization\",\"name\":\"Camp El Planet's\",\"url\":\"https:\\\/\\\/www.campelplanet.com\\\/es\\\/\",\"logo\":{\"@type\":\"ImageObject\",\"inLanguage\":\"es\",\"@id\":\"https:\\\/\\\/www.campelplanet.com\\\/es\\\/#\\\/schema\\\/logo\\\/image\\\/\",\"url\":\"https:\\\/\\\/www.campelplanet.com\\\/wp-content\\\/uploads\\\/2024\\\/01\\\/cropped-CampElPlanet_bla.png\",\"contentUrl\":\"https:\\\/\\\/www.campelplanet.com\\\/wp-content\\\/uploads\\\/2024\\\/01\\\/cropped-CampElPlanet_bla.png\",\"width\":440,\"height\":256,\"caption\":\"Camp El Planet's\"},\"image\":{\"@id\":\"https:\\\/\\\/www.campelplanet.com\\\/es\\\/#\\\/schema\\\/logo\\\/image\\\/\"},\"sameAs\":[\"https:\\\/\\\/www.facebook.com\\\/campelplanet\",\"https:\\\/\\\/www.instagram.com\\\/campelplanet\\\/\"]}]}<\/script>\n<!-- \/ Yoast SEO Premium plugin. -->","yoast_head_json":{"title":"Vacaciones Activas - Camp El Planet","description":"La Costa Blanca ofrece una gran cantidad de posibilidades para quienes buscan unas vacaciones activas. Ya hemos introducido un n\u00famero...","robots":{"index":"index","follow":"follow","max-snippet":"max-snippet:-1","max-image-preview":"max-image-preview:large","max-video-preview":"max-video-preview:-1"},"canonical":"https:\/\/www.campelplanet.com\/es\/vacaciones-activas\/","og_locale":"es_ES","og_type":"article","og_title":"Vacaciones Activas","og_description":"La Costa Blanca ofrece una gran cantidad de posibilidades para quienes buscan unas vacaciones activas. Ya hemos introducido un n\u00famero...","og_url":"https:\/\/www.campelplanet.com\/es\/vacaciones-activas\/","og_site_name":"Camp El Planet","article_publisher":"https:\/\/www.facebook.com\/campelplanet","article_modified_time":"2024-12-24T06:16:39+00:00","og_image":[{"width":1300,"height":975,"url":"https:\/\/www.campelplanet.com\/wp-content\/uploads\/2024\/01\/IMG_2886-e1581328102904.jpg","type":"image\/jpeg"}],"twitter_card":"summary_large_image","schema":{"@context":"https:\/\/schema.org","@graph":[{"@type":"WebPage","@id":"https:\/\/www.campelplanet.com\/es\/vacaciones-activas\/","url":"https:\/\/www.campelplanet.com\/es\/vacaciones-activas\/","name":"Vacaciones Activas - Camp El Planet","isPartOf":{"@id":"https:\/\/www.campelplanet.com\/es\/#website"},"primaryImageOfPage":{"@id":"https:\/\/www.campelplanet.com\/es\/vacaciones-activas\/#primaryimage"},"image":{"@id":"https:\/\/www.campelplanet.com\/es\/vacaciones-activas\/#primaryimage"},"thumbnailUrl":"https:\/\/www.campelplanet.com\/wp-content\/uploads\/2024\/01\/IMG_2886-e1581328102904.jpg","datePublished":"2024-01-03T11:09:57+00:00","dateModified":"2024-12-24T06:16:39+00:00","description":"La Costa Blanca ofrece una gran cantidad de posibilidades para quienes buscan unas vacaciones activas. Ya hemos introducido un n\u00famero...","breadcrumb":{"@id":"https:\/\/www.campelplanet.com\/es\/vacaciones-activas\/#breadcrumb"},"inLanguage":"es","potentialAction":[{"@type":"ReadAction","target":["https:\/\/www.campelplanet.com\/es\/vacaciones-activas\/"]}]},{"@type":"ImageObject","inLanguage":"es","@id":"https:\/\/www.campelplanet.com\/es\/vacaciones-activas\/#primaryimage","url":"https:\/\/www.campelplanet.com\/wp-content\/uploads\/2024\/01\/IMG_2886-e1581328102904.jpg","contentUrl":"https:\/\/www.campelplanet.com\/wp-content\/uploads\/2024\/01\/IMG_2886-e1581328102904.jpg","width":1300,"height":975,"caption":"active holiday"},{"@type":"BreadcrumbList","@id":"https:\/\/www.campelplanet.com\/es\/vacaciones-activas\/#breadcrumb","itemListElement":[{"@type":"ListItem","position":1,"name":"Home","item":"https:\/\/www.campelplanet.com\/es\/"},{"@type":"ListItem","position":2,"name":"Vacaciones Activas"}]},{"@type":"WebSite","@id":"https:\/\/www.campelplanet.com\/es\/#website","url":"https:\/\/www.campelplanet.com\/es\/","name":"Camp El Planet's","description":"The soul of the Costa Blanca","publisher":{"@id":"https:\/\/www.campelplanet.com\/es\/#organization"},"potentialAction":[{"@type":"SearchAction","target":{"@type":"EntryPoint","urlTemplate":"https:\/\/www.campelplanet.com\/es\/?s={search_term_string}"},"query-input":{"@type":"PropertyValueSpecification","valueRequired":true,"valueName":"search_term_string"}}],"inLanguage":"es"},{"@type":"Organization","@id":"https:\/\/www.campelplanet.com\/es\/#organization","name":"Camp El Planet's","url":"https:\/\/www.campelplanet.com\/es\/","logo":{"@type":"ImageObject","inLanguage":"es","@id":"https:\/\/www.campelplanet.com\/es\/#\/schema\/logo\/image\/","url":"https:\/\/www.campelplanet.com\/wp-content\/uploads\/2024\/01\/cropped-CampElPlanet_bla.png","contentUrl":"https:\/\/www.campelplanet.com\/wp-content\/uploads\/2024\/01\/cropped-CampElPlanet_bla.png","width":440,"height":256,"caption":"Camp El Planet's"},"image":{"@id":"https:\/\/www.campelplanet.com\/es\/#\/schema\/logo\/image\/"},"sameAs":["https:\/\/www.facebook.com\/campelplanet","https:\/\/www.instagram.com\/campelplanet\/"]}]}},"_links":{"self":[{"href":"https:\/\/www.campelplanet.com\/es\/wp-json\/wp\/v2\/pages\/904","targetHints":{"allow":["GET"]}}],"collection":[{"href":"https:\/\/www.campelplanet.com\/es\/wp-json\/wp\/v2\/pages"}],"about":[{"href":"https:\/\/www.campelplanet.com\/es\/wp-json\/wp\/v2\/types\/page"}],"author":[{"embeddable":true,"href":"https:\/\/www.campelplanet.com\/es\/wp-json\/wp\/v2\/users\/1"}],"replies":[{"embeddable":true,"href":"https:\/\/www.campelplanet.com\/es\/wp-json\/wp\/v2\/comments?post=904"}],"version-history":[{"count":1,"href":"https:\/\/www.campelplanet.com\/es\/wp-json\/wp\/v2\/pages\/904\/revisions"}],"predecessor-version":[{"id":5550,"href":"https:\/\/www.campelplanet.com\/es\/wp-json\/wp\/v2\/pages\/904\/revisions\/5550"}],"wp:featuredmedia":[{"embeddable":true,"href":"https:\/\/www.campelplanet.com\/es\/wp-json\/wp\/v2\/media\/618"}],"wp:attachment":[{"href":"https:\/\/www.campelplanet.com\/es\/wp-json\/wp\/v2\/media?parent=904"}],"curies":[{"name":"wp","href":"https:\/\/api.w.org\/{rel}","templated":true}]}}