{"id":883,"date":"2024-01-03T11:23:15","date_gmt":"2024-01-03T10:23:15","guid":{"rendered":"https:\/\/www.campelplanet.com\/escalada\/"},"modified":"2024-12-24T07:03:37","modified_gmt":"2024-12-24T06:03:37","slug":"escalada","status":"publish","type":"page","link":"https:\/\/www.campelplanet.com\/es\/escalada\/","title":{"rendered":"Escalada"},"content":{"rendered":"\t\t<div data-elementor-type=\"wp-page\" data-elementor-id=\"883\" class=\"elementor elementor-883 elementor-195\" data-elementor-post-type=\"page\">\n\t\t\t\t\t\t<section class=\"elementor-section elementor-top-section elementor-element elementor-element-b5b2df4 elementor-section-boxed elementor-section-height-default elementor-section-height-default\" data-id=\"b5b2df4\" data-element_type=\"section\" data-e-type=\"section\" data-settings=\"{&quot;background_background&quot;:&quot;classic&quot;}\">\n\t\t\t\t\t\t<div class=\"elementor-container elementor-column-gap-no\">\n\t\t\t\t\t<div class=\"elementor-column elementor-col-100 elementor-top-column elementor-element elementor-element-eb1adb3\" data-id=\"eb1adb3\" data-element_type=\"column\" data-e-type=\"column\">\n\t\t\t<div class=\"elementor-widget-wrap elementor-element-populated\">\n\t\t\t\t\t\t\t<\/div>\n\t\t<\/div>\n\t\t\t\t\t<\/div>\n\t\t<\/section>\n\t\t<div class=\"elementor-element elementor-element-c2e8d87 e-flex e-con-boxed e-con e-parent\" data-id=\"c2e8d87\" data-element_type=\"container\" data-e-type=\"container\">\n\t\t\t\t\t<div class=\"e-con-inner\">\n\t\t<div class=\"elementor-element elementor-element-d819652 e-con-full e-flex e-con e-child\" data-id=\"d819652\" data-element_type=\"container\" data-e-type=\"container\">\n\t\t\t\t<div class=\"elementor-element elementor-element-3203f0f elementor-widget elementor-widget-image\" data-id=\"3203f0f\" data-element_type=\"widget\" data-e-type=\"widget\" data-widget_type=\"image.default\">\n\t\t\t\t\t\t\t\t\t\t\t\t\t\t\t<img fetchpriority=\"high\" decoding=\"async\" width=\"800\" height=\"500\" src=\"https:\/\/www.campelplanet.com\/wp-content\/uploads\/2024\/12\/AdobeStock_124297029_Preview.webp\" class=\"attachment-large size-large wp-image-4936\" alt=\"\" srcset=\"https:\/\/www.campelplanet.com\/wp-content\/uploads\/2024\/12\/AdobeStock_124297029_Preview.webp 1000w, https:\/\/www.campelplanet.com\/wp-content\/uploads\/2024\/12\/AdobeStock_124297029_Preview-300x188.webp 300w, https:\/\/www.campelplanet.com\/wp-content\/uploads\/2024\/12\/AdobeStock_124297029_Preview-768x480.webp 768w\" sizes=\"(max-width: 800px) 100vw, 800px\" \/>\t\t\t\t\t\t\t\t\t\t\t\t\t\t\t<\/div>\n\t\t\t\t<div class=\"elementor-element elementor-element-5019429 elementor-widget elementor-widget-image\" data-id=\"5019429\" data-element_type=\"widget\" data-e-type=\"widget\" data-widget_type=\"image.default\">\n\t\t\t\t\t\t\t\t\t\t\t\t\t\t\t<img decoding=\"async\" width=\"800\" height=\"600\" src=\"https:\/\/www.campelplanet.com\/wp-content\/uploads\/2024\/12\/20231226_135931-scaled-1-1024x768.jpg\" class=\"attachment-large size-large wp-image-4942\" alt=\"\" srcset=\"https:\/\/www.campelplanet.com\/wp-content\/uploads\/2024\/12\/20231226_135931-scaled-1-1024x768.jpg 1024w, https:\/\/www.campelplanet.com\/wp-content\/uploads\/2024\/12\/20231226_135931-scaled-1-300x225.jpg 300w, https:\/\/www.campelplanet.com\/wp-content\/uploads\/2024\/12\/20231226_135931-scaled-1-768x576.jpg 768w, https:\/\/www.campelplanet.com\/wp-content\/uploads\/2024\/12\/20231226_135931-scaled-1-1536x1152.jpg 1536w, https:\/\/www.campelplanet.com\/wp-content\/uploads\/2024\/12\/20231226_135931-scaled-1-2048x1536.jpg 2048w\" sizes=\"(max-width: 800px) 100vw, 800px\" \/>\t\t\t\t\t\t\t\t\t\t\t\t\t\t\t<\/div>\n\t\t\t\t<\/div>\n\t\t<div class=\"elementor-element elementor-element-9ae93fa e-con-full e-flex e-con e-child\" data-id=\"9ae93fa\" data-element_type=\"container\" data-e-type=\"container\">\n\t\t\t\t<div class=\"elementor-element elementor-element-9a2f2f2 elementor-widget elementor-widget-text-editor\" data-id=\"9a2f2f2\" data-element_type=\"widget\" data-e-type=\"widget\" data-widget_type=\"text-editor.default\">\n\t\t\t\t\t\t\t\t\t<p><strong>\u00abPorque est\u00e1 ah\u00ed.\u00bb -George Mallory.<\/strong><\/p>\n<p>Bueno, las monta\u00f1as de la regi\u00f3n apenas se parecen al Himalaya, pero aun as\u00ed son reconocidas internacionalmente como un lugar magn\u00edfico para <span data-sheets-root=\"1\" data-sheets-value=\"{\"1\":2,\"2\":\"climbing Costa Blanca\"}\" data-sheets-userformat=\"{\"2\":14851,\"3\":{\"1\":0},\"4\":{\"1\":2,\"2\":16777215},\"12\":0,\"14\":{\"1\":2,\"2\":0},\"15\":\"Lexend\",\"16\":11}\">climbing Costa Blanca<\/span>. La gran cantidad de riscos y cantos rodados y el clima muy favorable hacen de esta zona de la Costa Blanca un destino para escaladores de todas partes. La escalada en roca en la Costa Blanca es muy extensa y variada pero lo m\u00e1s importante es la fant\u00e1stica calidad de las rutas. En general; Piedra caliza atornillada de buena calidad.<\/p>\n<p>La <a href=\"https:\/\/www.campelplanet.com\/climbing\/\">escalada<\/a> en roca var\u00eda desde cortos riesgos laterales de una sola pendiente hasta largas rutas de varios largos en las <a href=\"https:\/\/en.wikipedia.org\/wiki\/Mountain\">monta\u00f1as<\/a>. La gran cantidad y diversidad de posibilidades hacen que una presentaci\u00f3n larga sea casi imposible. Hay varios sitios web con muy buenas descripciones de las distintas rutas; mapa de ubicaci\u00f3n, breve descripci\u00f3n de las calificaciones que incluyen calificaciones, coordenadas GPS para el estacionamiento, excelentes fotograf\u00edas que contienen topograf\u00eda local e informaci\u00f3n sobre el mejor momento para escalar rocas. Tambi\u00e9n hay gu\u00edas disponibles que muestran la excelente y diversa escalada en roca que se puede encontrar en la Costa Blanca. Y si se conecta a Internet, una simple b\u00fasqueda de \u201cescalar la Costa Blanca\u201d dar\u00e1 como resultado que aparezcan una serie de sitios web realmente informativos e interesantes.<\/p>\n<p>Situado justo entre Gand\u00eda al norte y Alicante al sur, desde Camp El Planet puedes llegar a los lugares m\u00e1s populares en menos de 45 minutos. Despu\u00e9s de un largo d\u00eda en la monta\u00f1a, probablemente tampoco tengas nada en contra de dormir en la playa durante unas horas al atardecer.<\/p>\n\t\t\t\t\t\t\t\t<\/div>\n\t\t\t\t<\/div>\n\t\t\t\t\t<\/div>\n\t\t\t\t<\/div>\n\t\t\t\t<\/div>\n\t\t","protected":false},"excerpt":{"rendered":"<p>\u00abPorque est\u00e1 ah\u00ed.\u00bb -George Mallory. Bueno, las monta\u00f1as de la regi\u00f3n apenas se parecen al Himalaya, pero aun as\u00ed son reconocidas internacionalmente como un lugar magn\u00edfico para climbing Costa Blanca. La gran cantidad de riscos y cantos rodados y el clima muy favorable hacen de esta zona de la Costa Blanca un destino para escaladores [&hellip;]<\/p>\n","protected":false},"author":1,"featured_media":733,"parent":0,"menu_order":0,"comment_status":"closed","ping_status":"closed","template":"elementor_header_footer","meta":{"footnotes":""},"class_list":["post-883","page","type-page","status-publish","has-post-thumbnail","hentry"],"yoast_head":"<!-- This site is optimized with the Yoast SEO Premium plugin v27.4 (Yoast SEO v27.4) - https:\/\/yoast.com\/product\/yoast-seo-premium-wordpress\/ -->\n<title>escalada costa blanca<\/title>\n<meta name=\"description\" content=\"Sin embargo, somos reconocidos internacionalmente como un excelente lugar para escalar la Costa Blanca. La gran cantidad de riscos y rocas y...\" \/>\n<meta name=\"robots\" content=\"index, follow, max-snippet:-1, max-image-preview:large, max-video-preview:-1\" \/>\n<link rel=\"canonical\" href=\"https:\/\/www.campelplanet.com\/es\/escalada\/\" \/>\n<meta property=\"og:locale\" content=\"es_ES\" \/>\n<meta property=\"og:type\" content=\"article\" \/>\n<meta property=\"og:title\" content=\"Escalada\" \/>\n<meta property=\"og:description\" content=\"Sin embargo, somos reconocidos internacionalmente como un excelente lugar para escalar la Costa Blanca. La gran cantidad de riscos y rocas y...\" \/>\n<meta property=\"og:url\" content=\"https:\/\/www.campelplanet.com\/es\/escalada\/\" \/>\n<meta property=\"og:site_name\" content=\"Camp El Planet\" \/>\n<meta property=\"article:publisher\" content=\"https:\/\/www.facebook.com\/campelplanet\" \/>\n<meta property=\"article:modified_time\" content=\"2024-12-24T06:03:37+00:00\" \/>\n<meta property=\"og:image\" content=\"https:\/\/www.campelplanet.com\/wp-content\/uploads\/2024\/01\/pexels-ashok-j-kshetri-15065901-scaled.jpg\" \/>\n\t<meta property=\"og:image:width\" content=\"2560\" \/>\n\t<meta property=\"og:image:height\" content=\"1707\" \/>\n\t<meta property=\"og:image:type\" content=\"image\/jpeg\" \/>\n<meta name=\"twitter:card\" content=\"summary_large_image\" \/>\n<script type=\"application\/ld+json\" class=\"yoast-schema-graph\">{\"@context\":\"https:\\\/\\\/schema.org\",\"@graph\":[{\"@type\":\"WebPage\",\"@id\":\"https:\\\/\\\/www.campelplanet.com\\\/es\\\/escalada\\\/\",\"url\":\"https:\\\/\\\/www.campelplanet.com\\\/es\\\/escalada\\\/\",\"name\":\"escalada costa blanca\",\"isPartOf\":{\"@id\":\"https:\\\/\\\/www.campelplanet.com\\\/es\\\/#website\"},\"primaryImageOfPage\":{\"@id\":\"https:\\\/\\\/www.campelplanet.com\\\/es\\\/escalada\\\/#primaryimage\"},\"image\":{\"@id\":\"https:\\\/\\\/www.campelplanet.com\\\/es\\\/escalada\\\/#primaryimage\"},\"thumbnailUrl\":\"https:\\\/\\\/www.campelplanet.com\\\/wp-content\\\/uploads\\\/2024\\\/01\\\/pexels-ashok-j-kshetri-15065901-scaled.jpg\",\"datePublished\":\"2024-01-03T10:23:15+00:00\",\"dateModified\":\"2024-12-24T06:03:37+00:00\",\"description\":\"Sin embargo, somos reconocidos internacionalmente como un excelente lugar para escalar la Costa Blanca. La gran cantidad de riscos y rocas y...\",\"breadcrumb\":{\"@id\":\"https:\\\/\\\/www.campelplanet.com\\\/es\\\/escalada\\\/#breadcrumb\"},\"inLanguage\":\"es\",\"potentialAction\":[{\"@type\":\"ReadAction\",\"target\":[\"https:\\\/\\\/www.campelplanet.com\\\/es\\\/escalada\\\/\"]}]},{\"@type\":\"ImageObject\",\"inLanguage\":\"es\",\"@id\":\"https:\\\/\\\/www.campelplanet.com\\\/es\\\/escalada\\\/#primaryimage\",\"url\":\"https:\\\/\\\/www.campelplanet.com\\\/wp-content\\\/uploads\\\/2024\\\/01\\\/pexels-ashok-j-kshetri-15065901-scaled.jpg\",\"contentUrl\":\"https:\\\/\\\/www.campelplanet.com\\\/wp-content\\\/uploads\\\/2024\\\/01\\\/pexels-ashok-j-kshetri-15065901-scaled.jpg\",\"width\":2560,\"height\":1707,\"caption\":\"climbing Costa Blanca\"},{\"@type\":\"BreadcrumbList\",\"@id\":\"https:\\\/\\\/www.campelplanet.com\\\/es\\\/escalada\\\/#breadcrumb\",\"itemListElement\":[{\"@type\":\"ListItem\",\"position\":1,\"name\":\"Home\",\"item\":\"https:\\\/\\\/www.campelplanet.com\\\/es\\\/\"},{\"@type\":\"ListItem\",\"position\":2,\"name\":\"Escalada\"}]},{\"@type\":\"WebSite\",\"@id\":\"https:\\\/\\\/www.campelplanet.com\\\/es\\\/#website\",\"url\":\"https:\\\/\\\/www.campelplanet.com\\\/es\\\/\",\"name\":\"Camp El Planet's\",\"description\":\"The soul of the Costa Blanca\",\"publisher\":{\"@id\":\"https:\\\/\\\/www.campelplanet.com\\\/es\\\/#organization\"},\"potentialAction\":[{\"@type\":\"SearchAction\",\"target\":{\"@type\":\"EntryPoint\",\"urlTemplate\":\"https:\\\/\\\/www.campelplanet.com\\\/es\\\/?s={search_term_string}\"},\"query-input\":{\"@type\":\"PropertyValueSpecification\",\"valueRequired\":true,\"valueName\":\"search_term_string\"}}],\"inLanguage\":\"es\"},{\"@type\":\"Organization\",\"@id\":\"https:\\\/\\\/www.campelplanet.com\\\/es\\\/#organization\",\"name\":\"Camp El Planet's\",\"url\":\"https:\\\/\\\/www.campelplanet.com\\\/es\\\/\",\"logo\":{\"@type\":\"ImageObject\",\"inLanguage\":\"es\",\"@id\":\"https:\\\/\\\/www.campelplanet.com\\\/es\\\/#\\\/schema\\\/logo\\\/image\\\/\",\"url\":\"https:\\\/\\\/www.campelplanet.com\\\/wp-content\\\/uploads\\\/2024\\\/01\\\/cropped-CampElPlanet_bla.png\",\"contentUrl\":\"https:\\\/\\\/www.campelplanet.com\\\/wp-content\\\/uploads\\\/2024\\\/01\\\/cropped-CampElPlanet_bla.png\",\"width\":440,\"height\":256,\"caption\":\"Camp El Planet's\"},\"image\":{\"@id\":\"https:\\\/\\\/www.campelplanet.com\\\/es\\\/#\\\/schema\\\/logo\\\/image\\\/\"},\"sameAs\":[\"https:\\\/\\\/www.facebook.com\\\/campelplanet\",\"https:\\\/\\\/www.instagram.com\\\/campelplanet\\\/\"]}]}<\/script>\n<!-- \/ Yoast SEO Premium plugin. -->","yoast_head_json":{"title":"escalada costa blanca","description":"Sin embargo, somos reconocidos internacionalmente como un excelente lugar para escalar la Costa Blanca. La gran cantidad de riscos y rocas y...","robots":{"index":"index","follow":"follow","max-snippet":"max-snippet:-1","max-image-preview":"max-image-preview:large","max-video-preview":"max-video-preview:-1"},"canonical":"https:\/\/www.campelplanet.com\/es\/escalada\/","og_locale":"es_ES","og_type":"article","og_title":"Escalada","og_description":"Sin embargo, somos reconocidos internacionalmente como un excelente lugar para escalar la Costa Blanca. La gran cantidad de riscos y rocas y...","og_url":"https:\/\/www.campelplanet.com\/es\/escalada\/","og_site_name":"Camp El Planet","article_publisher":"https:\/\/www.facebook.com\/campelplanet","article_modified_time":"2024-12-24T06:03:37+00:00","og_image":[{"width":2560,"height":1707,"url":"https:\/\/www.campelplanet.com\/wp-content\/uploads\/2024\/01\/pexels-ashok-j-kshetri-15065901-scaled.jpg","type":"image\/jpeg"}],"twitter_card":"summary_large_image","schema":{"@context":"https:\/\/schema.org","@graph":[{"@type":"WebPage","@id":"https:\/\/www.campelplanet.com\/es\/escalada\/","url":"https:\/\/www.campelplanet.com\/es\/escalada\/","name":"escalada costa blanca","isPartOf":{"@id":"https:\/\/www.campelplanet.com\/es\/#website"},"primaryImageOfPage":{"@id":"https:\/\/www.campelplanet.com\/es\/escalada\/#primaryimage"},"image":{"@id":"https:\/\/www.campelplanet.com\/es\/escalada\/#primaryimage"},"thumbnailUrl":"https:\/\/www.campelplanet.com\/wp-content\/uploads\/2024\/01\/pexels-ashok-j-kshetri-15065901-scaled.jpg","datePublished":"2024-01-03T10:23:15+00:00","dateModified":"2024-12-24T06:03:37+00:00","description":"Sin embargo, somos reconocidos internacionalmente como un excelente lugar para escalar la Costa Blanca. La gran cantidad de riscos y rocas y...","breadcrumb":{"@id":"https:\/\/www.campelplanet.com\/es\/escalada\/#breadcrumb"},"inLanguage":"es","potentialAction":[{"@type":"ReadAction","target":["https:\/\/www.campelplanet.com\/es\/escalada\/"]}]},{"@type":"ImageObject","inLanguage":"es","@id":"https:\/\/www.campelplanet.com\/es\/escalada\/#primaryimage","url":"https:\/\/www.campelplanet.com\/wp-content\/uploads\/2024\/01\/pexels-ashok-j-kshetri-15065901-scaled.jpg","contentUrl":"https:\/\/www.campelplanet.com\/wp-content\/uploads\/2024\/01\/pexels-ashok-j-kshetri-15065901-scaled.jpg","width":2560,"height":1707,"caption":"climbing Costa Blanca"},{"@type":"BreadcrumbList","@id":"https:\/\/www.campelplanet.com\/es\/escalada\/#breadcrumb","itemListElement":[{"@type":"ListItem","position":1,"name":"Home","item":"https:\/\/www.campelplanet.com\/es\/"},{"@type":"ListItem","position":2,"name":"Escalada"}]},{"@type":"WebSite","@id":"https:\/\/www.campelplanet.com\/es\/#website","url":"https:\/\/www.campelplanet.com\/es\/","name":"Camp El Planet's","description":"The soul of the Costa Blanca","publisher":{"@id":"https:\/\/www.campelplanet.com\/es\/#organization"},"potentialAction":[{"@type":"SearchAction","target":{"@type":"EntryPoint","urlTemplate":"https:\/\/www.campelplanet.com\/es\/?s={search_term_string}"},"query-input":{"@type":"PropertyValueSpecification","valueRequired":true,"valueName":"search_term_string"}}],"inLanguage":"es"},{"@type":"Organization","@id":"https:\/\/www.campelplanet.com\/es\/#organization","name":"Camp El Planet's","url":"https:\/\/www.campelplanet.com\/es\/","logo":{"@type":"ImageObject","inLanguage":"es","@id":"https:\/\/www.campelplanet.com\/es\/#\/schema\/logo\/image\/","url":"https:\/\/www.campelplanet.com\/wp-content\/uploads\/2024\/01\/cropped-CampElPlanet_bla.png","contentUrl":"https:\/\/www.campelplanet.com\/wp-content\/uploads\/2024\/01\/cropped-CampElPlanet_bla.png","width":440,"height":256,"caption":"Camp El Planet's"},"image":{"@id":"https:\/\/www.campelplanet.com\/es\/#\/schema\/logo\/image\/"},"sameAs":["https:\/\/www.facebook.com\/campelplanet","https:\/\/www.instagram.com\/campelplanet\/"]}]}},"_links":{"self":[{"href":"https:\/\/www.campelplanet.com\/es\/wp-json\/wp\/v2\/pages\/883","targetHints":{"allow":["GET"]}}],"collection":[{"href":"https:\/\/www.campelplanet.com\/es\/wp-json\/wp\/v2\/pages"}],"about":[{"href":"https:\/\/www.campelplanet.com\/es\/wp-json\/wp\/v2\/types\/page"}],"author":[{"embeddable":true,"href":"https:\/\/www.campelplanet.com\/es\/wp-json\/wp\/v2\/users\/1"}],"replies":[{"embeddable":true,"href":"https:\/\/www.campelplanet.com\/es\/wp-json\/wp\/v2\/comments?post=883"}],"version-history":[{"count":1,"href":"https:\/\/www.campelplanet.com\/es\/wp-json\/wp\/v2\/pages\/883\/revisions"}],"predecessor-version":[{"id":5538,"href":"https:\/\/www.campelplanet.com\/es\/wp-json\/wp\/v2\/pages\/883\/revisions\/5538"}],"wp:featuredmedia":[{"embeddable":true,"href":"https:\/\/www.campelplanet.com\/es\/wp-json\/wp\/v2\/media\/733"}],"wp:attachment":[{"href":"https:\/\/www.campelplanet.com\/es\/wp-json\/wp\/v2\/media?parent=883"}],"curies":[{"name":"wp","href":"https:\/\/api.w.org\/{rel}","templated":true}]}}