{"id":870,"date":"2024-01-03T11:35:46","date_gmt":"2024-01-03T10:35:46","guid":{"rendered":"https:\/\/www.campelplanet.com\/golf\/"},"modified":"2024-12-24T07:05:51","modified_gmt":"2024-12-24T06:05:51","slug":"golf","status":"publish","type":"page","link":"https:\/\/www.campelplanet.com\/es\/golf\/","title":{"rendered":"Golf"},"content":{"rendered":"\t\t<div data-elementor-type=\"wp-page\" data-elementor-id=\"870\" class=\"elementor elementor-870 elementor-205\" data-elementor-post-type=\"page\">\n\t\t\t\t\t\t<section class=\"elementor-section elementor-top-section elementor-element elementor-element-b6e25f7 elementor-section-boxed elementor-section-height-default elementor-section-height-default\" data-id=\"b6e25f7\" data-element_type=\"section\" data-e-type=\"section\" data-settings=\"{&quot;background_background&quot;:&quot;classic&quot;}\">\n\t\t\t\t\t\t<div class=\"elementor-container elementor-column-gap-no\">\n\t\t\t\t\t<div class=\"elementor-column elementor-col-100 elementor-top-column elementor-element elementor-element-ed1565a\" data-id=\"ed1565a\" data-element_type=\"column\" data-e-type=\"column\">\n\t\t\t<div class=\"elementor-widget-wrap elementor-element-populated\">\n\t\t\t\t\t\t\t<\/div>\n\t\t<\/div>\n\t\t\t\t\t<\/div>\n\t\t<\/section>\n\t\t<div class=\"elementor-element elementor-element-4f79887 e-flex e-con-boxed e-con e-parent\" data-id=\"4f79887\" data-element_type=\"container\" data-e-type=\"container\">\n\t\t\t\t\t<div class=\"e-con-inner\">\n\t\t<div class=\"elementor-element elementor-element-98d217d e-con-full e-flex e-con e-child\" data-id=\"98d217d\" data-element_type=\"container\" data-e-type=\"container\">\n\t\t\t\t<div class=\"elementor-element elementor-element-90cf048 elementor-widget elementor-widget-image\" data-id=\"90cf048\" data-element_type=\"widget\" data-e-type=\"widget\" data-widget_type=\"image.default\">\n\t\t\t\t\t\t\t\t\t\t\t\t\t\t\t<img decoding=\"async\" src=\"https:\/\/www.campelplanet.com\/wp-content\/uploads\/2024\/12\/pexels-hugo-sykes-13421523-scaled-1.jpg\" title=\"\" alt=\"\" loading=\"lazy\" \/>\t\t\t\t\t\t\t\t\t\t\t\t\t\t\t<\/div>\n\t\t\t\t<\/div>\n\t\t<div class=\"elementor-element elementor-element-07e8b61 e-con-full e-flex e-con e-child\" data-id=\"07e8b61\" data-element_type=\"container\" data-e-type=\"container\">\n\t\t\t\t<div class=\"elementor-element elementor-element-ce513eb elementor-widget__width-inherit elementor-widget elementor-widget-text-editor\" data-id=\"ce513eb\" data-element_type=\"widget\" data-e-type=\"widget\" data-widget_type=\"text-editor.default\">\n\t\t\t\t\t\t\t\t\t<p><img fetchpriority=\"high\" decoding=\"async\" class=\"size-medium wp-image-3878 alignright\" src=\"https:\/\/www.campelplanet.com\/wp-content\/uploads\/2024\/11\/AdobeStock_221562895_Preview-300x200.webp\" alt=\"\" width=\"300\" height=\"200\" \/><\/p><p><strong>\u201cEl golf es un juego en el que gritas \u2018fore\u2019, tiras seis y anotas cinco\u201d. \u2013Paul Harvey.<\/strong><\/p><p>Dado el clima favorable, no sorprende que haya muchos campos de golf en la Costa Blanca. La Costa Blanca es uno de los principales centros de referencia internacional para la pr\u00e1ctica del golf con 21 campos (3 de ellos, Pitch &amp; Putt), todos ellos ubicados en un paisaje <a href=\"https:\/\/www.houzz.com\/photos\/mediterranean-landscaping-ideas-phbr1-bp~t_728~s_2109\">t\u00edpicamente mediterr\u00e1neo<\/a>. Una temperatura media anual de 17 grados cent\u00edgrados permite jugar al golf todos los d\u00edas del a\u00f1o.DSC00923 \u2013 Kopi (2)Los campos situados en la zona norte de la Costa Blanca se encuentran a entre 30 y 45 minutos en coche; los cursos al sur de Alicante tardar\u00e1n un poco m\u00e1s. <a href=\"https:\/\/www.campelplanet.com\/es\/campamento-el-planeta\/\">Camp El Planet<\/a> tambi\u00e9n es un gran lugar para aquellos que quieran combinar el golf con otras actividades como ciclismo, senderismo y\/o escalada. Sin mencionar la oportunidad de regresar a un lugar sereno y tranquilo despu\u00e9s de un largo d\u00eda jugando al golf; simplemente rel\u00e1jese y rel\u00e1jese. Sin complicaciones. Solo usted y su(s) compa\u00f1ero(s) de golf. Solo usted y su(s) compa\u00f1ero(s) de golf. Despu\u00e9s de todo, la Costa Blanca se encuentra entre los principales destinos de golf de Europa. Y por una buena raz\u00f3n. Haga clic en el enlace a continuaci\u00f3n para ver el mapa de campos de golf. La p\u00e1gina tambi\u00e9n contiene informaci\u00f3n sobre los cursos. Mapa de campos de golf.<\/p>\t\t\t\t\t\t\t\t<\/div>\n\t\t\t\t<\/div>\n\t\t\t\t\t<\/div>\n\t\t\t\t<\/div>\n\t\t\t\t<\/div>\n\t\t","protected":false},"excerpt":{"rendered":"<p>\u201cEl golf es un juego en el que gritas \u2018fore\u2019, tiras seis y anotas cinco\u201d. \u2013Paul Harvey. Dado el clima favorable, no sorprende que haya muchos campos de golf en la Costa Blanca. La Costa Blanca es uno de los principales centros de referencia internacional para la pr\u00e1ctica del golf con 21 campos (3 de [&hellip;]<\/p>\n","protected":false},"author":1,"featured_media":748,"parent":0,"menu_order":0,"comment_status":"closed","ping_status":"closed","template":"","meta":{"footnotes":""},"class_list":["post-870","page","type-page","status-publish","has-post-thumbnail","hentry"],"yoast_head":"<!-- This site is optimized with the Yoast SEO Premium plugin v27.4 (Yoast SEO v27.4) - https:\/\/yoast.com\/product\/yoast-seo-premium-wordpress\/ -->\n<title>golf - Camp El Planet<\/title>\n<meta name=\"description\" content=\"El golf es un juego en el que gritas \u201cfore\u201d, tiras seis y anotas cinco\u201d. \u2013Paul Harvey. Dado el clima favorable, no es de extra\u00f1ar...\" \/>\n<meta name=\"robots\" content=\"index, follow, max-snippet:-1, max-image-preview:large, max-video-preview:-1\" \/>\n<link rel=\"canonical\" href=\"https:\/\/www.campelplanet.com\/es\/golf\/\" \/>\n<meta property=\"og:locale\" content=\"es_ES\" \/>\n<meta property=\"og:type\" content=\"article\" \/>\n<meta property=\"og:title\" content=\"Golf\" \/>\n<meta property=\"og:description\" content=\"El golf es un juego en el que gritas \u201cfore\u201d, tiras seis y anotas cinco\u201d. \u2013Paul Harvey. Dado el clima favorable, no es de extra\u00f1ar...\" \/>\n<meta property=\"og:url\" content=\"https:\/\/www.campelplanet.com\/es\/golf\/\" \/>\n<meta property=\"og:site_name\" content=\"Camp El Planet\" \/>\n<meta property=\"article:publisher\" content=\"https:\/\/www.facebook.com\/campelplanet\" \/>\n<meta property=\"article:modified_time\" content=\"2024-12-24T06:05:51+00:00\" \/>\n<meta property=\"og:image\" content=\"https:\/\/www.campelplanet.com\/wp-content\/uploads\/2024\/01\/pexels-hugo-sykes-13421523-scaled.jpg\" \/>\n\t<meta property=\"og:image:width\" content=\"1707\" \/>\n\t<meta property=\"og:image:height\" content=\"2560\" \/>\n\t<meta property=\"og:image:type\" content=\"image\/jpeg\" \/>\n<meta name=\"twitter:card\" content=\"summary_large_image\" \/>\n<script type=\"application\/ld+json\" class=\"yoast-schema-graph\">{\"@context\":\"https:\\\/\\\/schema.org\",\"@graph\":[{\"@type\":\"WebPage\",\"@id\":\"https:\\\/\\\/www.campelplanet.com\\\/es\\\/golf\\\/\",\"url\":\"https:\\\/\\\/www.campelplanet.com\\\/es\\\/golf\\\/\",\"name\":\"golf - Camp El Planet\",\"isPartOf\":{\"@id\":\"https:\\\/\\\/www.campelplanet.com\\\/es\\\/#website\"},\"primaryImageOfPage\":{\"@id\":\"https:\\\/\\\/www.campelplanet.com\\\/es\\\/golf\\\/#primaryimage\"},\"image\":{\"@id\":\"https:\\\/\\\/www.campelplanet.com\\\/es\\\/golf\\\/#primaryimage\"},\"thumbnailUrl\":\"https:\\\/\\\/www.campelplanet.com\\\/wp-content\\\/uploads\\\/2024\\\/01\\\/pexels-hugo-sykes-13421523-scaled.jpg\",\"datePublished\":\"2024-01-03T10:35:46+00:00\",\"dateModified\":\"2024-12-24T06:05:51+00:00\",\"description\":\"El golf es un juego en el que gritas \u201cfore\u201d, tiras seis y anotas cinco\u201d. \u2013Paul Harvey. Dado el clima favorable, no es de extra\u00f1ar...\",\"breadcrumb\":{\"@id\":\"https:\\\/\\\/www.campelplanet.com\\\/es\\\/golf\\\/#breadcrumb\"},\"inLanguage\":\"es\",\"potentialAction\":[{\"@type\":\"ReadAction\",\"target\":[\"https:\\\/\\\/www.campelplanet.com\\\/es\\\/golf\\\/\"]}]},{\"@type\":\"ImageObject\",\"inLanguage\":\"es\",\"@id\":\"https:\\\/\\\/www.campelplanet.com\\\/es\\\/golf\\\/#primaryimage\",\"url\":\"https:\\\/\\\/www.campelplanet.com\\\/wp-content\\\/uploads\\\/2024\\\/01\\\/pexels-hugo-sykes-13421523-scaled.jpg\",\"contentUrl\":\"https:\\\/\\\/www.campelplanet.com\\\/wp-content\\\/uploads\\\/2024\\\/01\\\/pexels-hugo-sykes-13421523-scaled.jpg\",\"width\":1707,\"height\":2560,\"caption\":\"golf practice\"},{\"@type\":\"BreadcrumbList\",\"@id\":\"https:\\\/\\\/www.campelplanet.com\\\/es\\\/golf\\\/#breadcrumb\",\"itemListElement\":[{\"@type\":\"ListItem\",\"position\":1,\"name\":\"Home\",\"item\":\"https:\\\/\\\/www.campelplanet.com\\\/es\\\/\"},{\"@type\":\"ListItem\",\"position\":2,\"name\":\"Golf\"}]},{\"@type\":\"WebSite\",\"@id\":\"https:\\\/\\\/www.campelplanet.com\\\/es\\\/#website\",\"url\":\"https:\\\/\\\/www.campelplanet.com\\\/es\\\/\",\"name\":\"Camp El Planet's\",\"description\":\"The soul of the Costa Blanca\",\"publisher\":{\"@id\":\"https:\\\/\\\/www.campelplanet.com\\\/es\\\/#organization\"},\"potentialAction\":[{\"@type\":\"SearchAction\",\"target\":{\"@type\":\"EntryPoint\",\"urlTemplate\":\"https:\\\/\\\/www.campelplanet.com\\\/es\\\/?s={search_term_string}\"},\"query-input\":{\"@type\":\"PropertyValueSpecification\",\"valueRequired\":true,\"valueName\":\"search_term_string\"}}],\"inLanguage\":\"es\"},{\"@type\":\"Organization\",\"@id\":\"https:\\\/\\\/www.campelplanet.com\\\/es\\\/#organization\",\"name\":\"Camp El Planet's\",\"url\":\"https:\\\/\\\/www.campelplanet.com\\\/es\\\/\",\"logo\":{\"@type\":\"ImageObject\",\"inLanguage\":\"es\",\"@id\":\"https:\\\/\\\/www.campelplanet.com\\\/es\\\/#\\\/schema\\\/logo\\\/image\\\/\",\"url\":\"https:\\\/\\\/www.campelplanet.com\\\/wp-content\\\/uploads\\\/2024\\\/01\\\/cropped-CampElPlanet_bla.png\",\"contentUrl\":\"https:\\\/\\\/www.campelplanet.com\\\/wp-content\\\/uploads\\\/2024\\\/01\\\/cropped-CampElPlanet_bla.png\",\"width\":440,\"height\":256,\"caption\":\"Camp El Planet's\"},\"image\":{\"@id\":\"https:\\\/\\\/www.campelplanet.com\\\/es\\\/#\\\/schema\\\/logo\\\/image\\\/\"},\"sameAs\":[\"https:\\\/\\\/www.facebook.com\\\/campelplanet\",\"https:\\\/\\\/www.instagram.com\\\/campelplanet\\\/\"]}]}<\/script>\n<!-- \/ Yoast SEO Premium plugin. -->","yoast_head_json":{"title":"golf - Camp El Planet","description":"El golf es un juego en el que gritas \u201cfore\u201d, tiras seis y anotas cinco\u201d. \u2013Paul Harvey. Dado el clima favorable, no es de extra\u00f1ar...","robots":{"index":"index","follow":"follow","max-snippet":"max-snippet:-1","max-image-preview":"max-image-preview:large","max-video-preview":"max-video-preview:-1"},"canonical":"https:\/\/www.campelplanet.com\/es\/golf\/","og_locale":"es_ES","og_type":"article","og_title":"Golf","og_description":"El golf es un juego en el que gritas \u201cfore\u201d, tiras seis y anotas cinco\u201d. \u2013Paul Harvey. Dado el clima favorable, no es de extra\u00f1ar...","og_url":"https:\/\/www.campelplanet.com\/es\/golf\/","og_site_name":"Camp El Planet","article_publisher":"https:\/\/www.facebook.com\/campelplanet","article_modified_time":"2024-12-24T06:05:51+00:00","og_image":[{"width":1707,"height":2560,"url":"https:\/\/www.campelplanet.com\/wp-content\/uploads\/2024\/01\/pexels-hugo-sykes-13421523-scaled.jpg","type":"image\/jpeg"}],"twitter_card":"summary_large_image","schema":{"@context":"https:\/\/schema.org","@graph":[{"@type":"WebPage","@id":"https:\/\/www.campelplanet.com\/es\/golf\/","url":"https:\/\/www.campelplanet.com\/es\/golf\/","name":"golf - Camp El Planet","isPartOf":{"@id":"https:\/\/www.campelplanet.com\/es\/#website"},"primaryImageOfPage":{"@id":"https:\/\/www.campelplanet.com\/es\/golf\/#primaryimage"},"image":{"@id":"https:\/\/www.campelplanet.com\/es\/golf\/#primaryimage"},"thumbnailUrl":"https:\/\/www.campelplanet.com\/wp-content\/uploads\/2024\/01\/pexels-hugo-sykes-13421523-scaled.jpg","datePublished":"2024-01-03T10:35:46+00:00","dateModified":"2024-12-24T06:05:51+00:00","description":"El golf es un juego en el que gritas \u201cfore\u201d, tiras seis y anotas cinco\u201d. \u2013Paul Harvey. Dado el clima favorable, no es de extra\u00f1ar...","breadcrumb":{"@id":"https:\/\/www.campelplanet.com\/es\/golf\/#breadcrumb"},"inLanguage":"es","potentialAction":[{"@type":"ReadAction","target":["https:\/\/www.campelplanet.com\/es\/golf\/"]}]},{"@type":"ImageObject","inLanguage":"es","@id":"https:\/\/www.campelplanet.com\/es\/golf\/#primaryimage","url":"https:\/\/www.campelplanet.com\/wp-content\/uploads\/2024\/01\/pexels-hugo-sykes-13421523-scaled.jpg","contentUrl":"https:\/\/www.campelplanet.com\/wp-content\/uploads\/2024\/01\/pexels-hugo-sykes-13421523-scaled.jpg","width":1707,"height":2560,"caption":"golf practice"},{"@type":"BreadcrumbList","@id":"https:\/\/www.campelplanet.com\/es\/golf\/#breadcrumb","itemListElement":[{"@type":"ListItem","position":1,"name":"Home","item":"https:\/\/www.campelplanet.com\/es\/"},{"@type":"ListItem","position":2,"name":"Golf"}]},{"@type":"WebSite","@id":"https:\/\/www.campelplanet.com\/es\/#website","url":"https:\/\/www.campelplanet.com\/es\/","name":"Camp El Planet's","description":"The soul of the Costa Blanca","publisher":{"@id":"https:\/\/www.campelplanet.com\/es\/#organization"},"potentialAction":[{"@type":"SearchAction","target":{"@type":"EntryPoint","urlTemplate":"https:\/\/www.campelplanet.com\/es\/?s={search_term_string}"},"query-input":{"@type":"PropertyValueSpecification","valueRequired":true,"valueName":"search_term_string"}}],"inLanguage":"es"},{"@type":"Organization","@id":"https:\/\/www.campelplanet.com\/es\/#organization","name":"Camp El Planet's","url":"https:\/\/www.campelplanet.com\/es\/","logo":{"@type":"ImageObject","inLanguage":"es","@id":"https:\/\/www.campelplanet.com\/es\/#\/schema\/logo\/image\/","url":"https:\/\/www.campelplanet.com\/wp-content\/uploads\/2024\/01\/cropped-CampElPlanet_bla.png","contentUrl":"https:\/\/www.campelplanet.com\/wp-content\/uploads\/2024\/01\/cropped-CampElPlanet_bla.png","width":440,"height":256,"caption":"Camp El Planet's"},"image":{"@id":"https:\/\/www.campelplanet.com\/es\/#\/schema\/logo\/image\/"},"sameAs":["https:\/\/www.facebook.com\/campelplanet","https:\/\/www.instagram.com\/campelplanet\/"]}]}},"_links":{"self":[{"href":"https:\/\/www.campelplanet.com\/es\/wp-json\/wp\/v2\/pages\/870","targetHints":{"allow":["GET"]}}],"collection":[{"href":"https:\/\/www.campelplanet.com\/es\/wp-json\/wp\/v2\/pages"}],"about":[{"href":"https:\/\/www.campelplanet.com\/es\/wp-json\/wp\/v2\/types\/page"}],"author":[{"embeddable":true,"href":"https:\/\/www.campelplanet.com\/es\/wp-json\/wp\/v2\/users\/1"}],"replies":[{"embeddable":true,"href":"https:\/\/www.campelplanet.com\/es\/wp-json\/wp\/v2\/comments?post=870"}],"version-history":[{"count":1,"href":"https:\/\/www.campelplanet.com\/es\/wp-json\/wp\/v2\/pages\/870\/revisions"}],"predecessor-version":[{"id":5541,"href":"https:\/\/www.campelplanet.com\/es\/wp-json\/wp\/v2\/pages\/870\/revisions\/5541"}],"wp:featuredmedia":[{"embeddable":true,"href":"https:\/\/www.campelplanet.com\/es\/wp-json\/wp\/v2\/media\/748"}],"wp:attachment":[{"href":"https:\/\/www.campelplanet.com\/es\/wp-json\/wp\/v2\/media?parent=870"}],"curies":[{"name":"wp","href":"https:\/\/api.w.org\/{rel}","templated":true}]}}