{"id":860,"date":"2024-01-03T11:15:58","date_gmt":"2024-01-03T10:15:58","guid":{"rendered":"https:\/\/www.campelplanet.com\/caminando\/"},"modified":"2024-12-24T07:01:28","modified_gmt":"2024-12-24T06:01:28","slug":"caminando","status":"publish","type":"page","link":"https:\/\/www.campelplanet.com\/es\/caminando\/","title":{"rendered":"Caminando"},"content":{"rendered":"\t\t<div data-elementor-type=\"wp-page\" data-elementor-id=\"860\" class=\"elementor elementor-860 elementor-186\" data-elementor-post-type=\"page\">\n\t\t\t\t\t\t<section class=\"elementor-section elementor-top-section elementor-element elementor-element-f48b242 elementor-section-boxed elementor-section-height-default elementor-section-height-default\" data-id=\"f48b242\" data-element_type=\"section\" data-e-type=\"section\" data-settings=\"{&quot;background_background&quot;:&quot;classic&quot;}\">\n\t\t\t\t\t\t<div class=\"elementor-container elementor-column-gap-no\">\n\t\t\t\t\t<div class=\"elementor-column elementor-col-100 elementor-top-column elementor-element elementor-element-9fd436f\" data-id=\"9fd436f\" data-element_type=\"column\" data-e-type=\"column\">\n\t\t\t<div class=\"elementor-widget-wrap elementor-element-populated\">\n\t\t\t\t\t\t\t<\/div>\n\t\t<\/div>\n\t\t\t\t\t<\/div>\n\t\t<\/section>\n\t\t<div class=\"elementor-element elementor-element-28cfc45 e-flex e-con-boxed e-con e-parent\" data-id=\"28cfc45\" data-element_type=\"container\" data-e-type=\"container\">\n\t\t\t\t\t<div class=\"e-con-inner\">\n\t\t<div class=\"elementor-element elementor-element-0ef89d8 e-con-full e-flex e-con e-child\" data-id=\"0ef89d8\" data-element_type=\"container\" data-e-type=\"container\">\n\t\t\t\t<div class=\"elementor-element elementor-element-4faf71e elementor-widget elementor-widget-image\" data-id=\"4faf71e\" data-element_type=\"widget\" data-e-type=\"widget\" data-widget_type=\"image.default\">\n\t\t\t\t\t\t\t\t\t\t\t\t\t\t\t<img fetchpriority=\"high\" decoding=\"async\" width=\"800\" height=\"600\" src=\"https:\/\/www.campelplanet.com\/wp-content\/uploads\/2024\/12\/IMG_9631-1024x768.jpeg\" class=\"attachment-large size-large wp-image-5171\" alt=\"\" srcset=\"https:\/\/www.campelplanet.com\/wp-content\/uploads\/2024\/12\/IMG_9631-1024x768.jpeg 1024w, https:\/\/www.campelplanet.com\/wp-content\/uploads\/2024\/12\/IMG_9631-300x225.jpeg 300w, https:\/\/www.campelplanet.com\/wp-content\/uploads\/2024\/12\/IMG_9631-768x576.jpeg 768w, https:\/\/www.campelplanet.com\/wp-content\/uploads\/2024\/12\/IMG_9631-1536x1152.jpeg 1536w, https:\/\/www.campelplanet.com\/wp-content\/uploads\/2024\/12\/IMG_9631.jpeg 2048w\" sizes=\"(max-width: 800px) 100vw, 800px\" \/>\t\t\t\t\t\t\t\t\t\t\t\t\t\t\t<\/div>\n\t\t\t\t<\/div>\n\t\t<div class=\"elementor-element elementor-element-b0eb9ff e-con-full e-flex e-con e-child\" data-id=\"b0eb9ff\" data-element_type=\"container\" data-e-type=\"container\">\n\t\t\t\t<div class=\"elementor-element elementor-element-050507e elementor-widget elementor-widget-text-editor\" data-id=\"050507e\" data-element_type=\"widget\" data-e-type=\"widget\" data-widget_type=\"text-editor.default\">\n\t\t\t\t\t\t\t\t\t<p>Aqu\u00ed hemos hecho una distinci\u00f3n entre senderismo y <a href=\"https:\/\/www.campelplanet.com\/es\/caminando\/\">caminata<\/a>. En la categor\u00eda \u00abCaminar\u00bb nos centramos en las caminatas menos arduas, ya que las monta\u00f1as cercanas son bastante accidentadas y las caminatas pueden ser bastante extenuantes y exigentes. Las caminatas en la categor\u00eda \u00abCaminar\u00bb, sin embargo, tienen menos subidas y bajadas y pueden realizarse de forma m\u00e1s pausada.<br \/>De todos los beneficios que se obtienen al caminar, quiz\u00e1s la tranquilidad sea el m\u00e1s frecuente. Las investigaciones muestran que solo 10 minutos de caminata pueden levantar el \u00e1nimo. Imag\u00ednate entonces lo que un paseo de dos horas por el Valle de Jal\u00f3n, La Vall de Gallinera o por el r\u00edo <a href=\"https:\/\/www.linkalicante.com\/en\/guadalest-guide\/\">Guadalest<\/a> le har\u00e1 a tu esp\u00edritu, por no hablar de tu cuerpo. Que caminar es bueno para la salud f\u00edsica no es ning\u00fan secreto, pero probablemente sea menos conocido que caminar contribuye a reducir el estr\u00e9s, dormir mejor y mejorar el estado de \u00e1nimo.<\/p>\n<p>Si a eso le sumamos un sistema inmunol\u00f3gico mejorado, un sistema digestivo mejorado, la aparici\u00f3n tard\u00eda de venas varicosas, el alivio del dolor en las articulaciones, un riesgo reducido de enfermedades cr\u00f3nicas, surge la pregunta: \u00bfpor qu\u00e9 no caminamos m\u00e1s? Los estudios modernos confirman lo que Hip\u00f3crates ya sab\u00eda hace unos 2.400 a\u00f1os cuando proclam\u00f3 que \u201ccaminar es la mejor medicina del hombre\u201d. Tambi\u00e9n sab\u00eda que caminar proporcionaba m\u00e1s que meros beneficios f\u00edsicos cuando sugiri\u00f3: \u201cSi est\u00e1s de mal humor, sal a caminar. Si todav\u00eda est\u00e1s de mal humor, sal a caminar\u201d.<br \/>En la Costa Blanca las condiciones para caminar son casi perfectas. Hay paseos por la costa, por los valles, de pueblo en pueblo, por cauces de r\u00edos, por el campo y algunos paseos relativamente f\u00e1ciles por la monta\u00f1a. Estaremos m\u00e1s que felices de hacer recomendaciones.<\/p>\n\t\t\t\t\t\t\t\t<\/div>\n\t\t\t\t<\/div>\n\t\t\t\t\t<\/div>\n\t\t\t\t<\/div>\n\t\t\t\t<\/div>\n\t\t","protected":false},"excerpt":{"rendered":"<p>Aqu\u00ed hemos hecho una distinci\u00f3n entre senderismo y caminata. En la categor\u00eda \u00abCaminar\u00bb nos centramos en las caminatas menos arduas, ya que las monta\u00f1as cercanas son bastante accidentadas y las caminatas pueden ser bastante extenuantes y exigentes. Las caminatas en la categor\u00eda \u00abCaminar\u00bb, sin embargo, tienen menos subidas y bajadas y pueden realizarse de forma [&hellip;]<\/p>\n","protected":false},"author":1,"featured_media":713,"parent":0,"menu_order":0,"comment_status":"closed","ping_status":"closed","template":"elementor_header_footer","meta":{"footnotes":""},"class_list":["post-860","page","type-page","status-publish","has-post-thumbnail","hentry"],"yoast_head":"<!-- This site is optimized with the Yoast SEO Premium plugin v27.4 (Yoast SEO v27.4) - https:\/\/yoast.com\/product\/yoast-seo-premium-wordpress\/ -->\n<title>Caminando - Camp El Planet<\/title>\n<meta name=\"description\" content=\"Aqu\u00ed hemos hecho una distinci\u00f3n entre senderismo y caminata. En la categor\u00eda Caminatas nos centramos en las caminatas menos arduas como las cercanas....\" \/>\n<meta name=\"robots\" content=\"index, follow, max-snippet:-1, max-image-preview:large, max-video-preview:-1\" \/>\n<link rel=\"canonical\" href=\"https:\/\/www.campelplanet.com\/es\/caminando\/\" \/>\n<meta property=\"og:locale\" content=\"es_ES\" \/>\n<meta property=\"og:type\" content=\"article\" \/>\n<meta property=\"og:title\" content=\"Caminando\" \/>\n<meta property=\"og:description\" content=\"Aqu\u00ed hemos hecho una distinci\u00f3n entre senderismo y caminata. En la categor\u00eda Caminatas nos centramos en las caminatas menos arduas como las cercanas....\" \/>\n<meta property=\"og:url\" content=\"https:\/\/www.campelplanet.com\/es\/caminando\/\" \/>\n<meta property=\"og:site_name\" content=\"Camp El Planet\" \/>\n<meta property=\"article:publisher\" content=\"https:\/\/www.facebook.com\/campelplanet\" \/>\n<meta property=\"article:modified_time\" content=\"2024-12-24T06:01:28+00:00\" \/>\n<meta property=\"og:image\" content=\"https:\/\/www.campelplanet.com\/wp-content\/uploads\/2024\/01\/pexels-amine-msiouri-2055556-2-scaled.jpg\" \/>\n\t<meta property=\"og:image:width\" content=\"1707\" \/>\n\t<meta property=\"og:image:height\" content=\"2560\" \/>\n\t<meta property=\"og:image:type\" content=\"image\/jpeg\" \/>\n<meta name=\"twitter:card\" content=\"summary_large_image\" \/>\n<script type=\"application\/ld+json\" class=\"yoast-schema-graph\">{\"@context\":\"https:\\\/\\\/schema.org\",\"@graph\":[{\"@type\":\"WebPage\",\"@id\":\"https:\\\/\\\/www.campelplanet.com\\\/es\\\/caminando\\\/\",\"url\":\"https:\\\/\\\/www.campelplanet.com\\\/es\\\/caminando\\\/\",\"name\":\"Caminando - Camp El Planet\",\"isPartOf\":{\"@id\":\"https:\\\/\\\/www.campelplanet.com\\\/es\\\/#website\"},\"primaryImageOfPage\":{\"@id\":\"https:\\\/\\\/www.campelplanet.com\\\/es\\\/caminando\\\/#primaryimage\"},\"image\":{\"@id\":\"https:\\\/\\\/www.campelplanet.com\\\/es\\\/caminando\\\/#primaryimage\"},\"thumbnailUrl\":\"https:\\\/\\\/www.campelplanet.com\\\/wp-content\\\/uploads\\\/2024\\\/01\\\/pexels-amine-msiouri-2055556-2-scaled.jpg\",\"datePublished\":\"2024-01-03T10:15:58+00:00\",\"dateModified\":\"2024-12-24T06:01:28+00:00\",\"description\":\"Aqu\u00ed hemos hecho una distinci\u00f3n entre senderismo y caminata. En la categor\u00eda Caminatas nos centramos en las caminatas menos arduas como las cercanas....\",\"breadcrumb\":{\"@id\":\"https:\\\/\\\/www.campelplanet.com\\\/es\\\/caminando\\\/#breadcrumb\"},\"inLanguage\":\"es\",\"potentialAction\":[{\"@type\":\"ReadAction\",\"target\":[\"https:\\\/\\\/www.campelplanet.com\\\/es\\\/caminando\\\/\"]}]},{\"@type\":\"ImageObject\",\"inLanguage\":\"es\",\"@id\":\"https:\\\/\\\/www.campelplanet.com\\\/es\\\/caminando\\\/#primaryimage\",\"url\":\"https:\\\/\\\/www.campelplanet.com\\\/wp-content\\\/uploads\\\/2024\\\/01\\\/pexels-amine-msiouri-2055556-2-scaled.jpg\",\"contentUrl\":\"https:\\\/\\\/www.campelplanet.com\\\/wp-content\\\/uploads\\\/2024\\\/01\\\/pexels-amine-msiouri-2055556-2-scaled.jpg\",\"width\":1707,\"height\":2560,\"caption\":\"Walking\"},{\"@type\":\"BreadcrumbList\",\"@id\":\"https:\\\/\\\/www.campelplanet.com\\\/es\\\/caminando\\\/#breadcrumb\",\"itemListElement\":[{\"@type\":\"ListItem\",\"position\":1,\"name\":\"Home\",\"item\":\"https:\\\/\\\/www.campelplanet.com\\\/es\\\/\"},{\"@type\":\"ListItem\",\"position\":2,\"name\":\"Caminando\"}]},{\"@type\":\"WebSite\",\"@id\":\"https:\\\/\\\/www.campelplanet.com\\\/es\\\/#website\",\"url\":\"https:\\\/\\\/www.campelplanet.com\\\/es\\\/\",\"name\":\"Camp El Planet's\",\"description\":\"The soul of the Costa Blanca\",\"publisher\":{\"@id\":\"https:\\\/\\\/www.campelplanet.com\\\/es\\\/#organization\"},\"potentialAction\":[{\"@type\":\"SearchAction\",\"target\":{\"@type\":\"EntryPoint\",\"urlTemplate\":\"https:\\\/\\\/www.campelplanet.com\\\/es\\\/?s={search_term_string}\"},\"query-input\":{\"@type\":\"PropertyValueSpecification\",\"valueRequired\":true,\"valueName\":\"search_term_string\"}}],\"inLanguage\":\"es\"},{\"@type\":\"Organization\",\"@id\":\"https:\\\/\\\/www.campelplanet.com\\\/es\\\/#organization\",\"name\":\"Camp El Planet's\",\"url\":\"https:\\\/\\\/www.campelplanet.com\\\/es\\\/\",\"logo\":{\"@type\":\"ImageObject\",\"inLanguage\":\"es\",\"@id\":\"https:\\\/\\\/www.campelplanet.com\\\/es\\\/#\\\/schema\\\/logo\\\/image\\\/\",\"url\":\"https:\\\/\\\/www.campelplanet.com\\\/wp-content\\\/uploads\\\/2024\\\/01\\\/cropped-CampElPlanet_bla.png\",\"contentUrl\":\"https:\\\/\\\/www.campelplanet.com\\\/wp-content\\\/uploads\\\/2024\\\/01\\\/cropped-CampElPlanet_bla.png\",\"width\":440,\"height\":256,\"caption\":\"Camp El Planet's\"},\"image\":{\"@id\":\"https:\\\/\\\/www.campelplanet.com\\\/es\\\/#\\\/schema\\\/logo\\\/image\\\/\"},\"sameAs\":[\"https:\\\/\\\/www.facebook.com\\\/campelplanet\",\"https:\\\/\\\/www.instagram.com\\\/campelplanet\\\/\"]}]}<\/script>\n<!-- \/ Yoast SEO Premium plugin. -->","yoast_head_json":{"title":"Caminando - Camp El Planet","description":"Aqu\u00ed hemos hecho una distinci\u00f3n entre senderismo y caminata. En la categor\u00eda Caminatas nos centramos en las caminatas menos arduas como las cercanas....","robots":{"index":"index","follow":"follow","max-snippet":"max-snippet:-1","max-image-preview":"max-image-preview:large","max-video-preview":"max-video-preview:-1"},"canonical":"https:\/\/www.campelplanet.com\/es\/caminando\/","og_locale":"es_ES","og_type":"article","og_title":"Caminando","og_description":"Aqu\u00ed hemos hecho una distinci\u00f3n entre senderismo y caminata. En la categor\u00eda Caminatas nos centramos en las caminatas menos arduas como las cercanas....","og_url":"https:\/\/www.campelplanet.com\/es\/caminando\/","og_site_name":"Camp El Planet","article_publisher":"https:\/\/www.facebook.com\/campelplanet","article_modified_time":"2024-12-24T06:01:28+00:00","og_image":[{"width":1707,"height":2560,"url":"https:\/\/www.campelplanet.com\/wp-content\/uploads\/2024\/01\/pexels-amine-msiouri-2055556-2-scaled.jpg","type":"image\/jpeg"}],"twitter_card":"summary_large_image","schema":{"@context":"https:\/\/schema.org","@graph":[{"@type":"WebPage","@id":"https:\/\/www.campelplanet.com\/es\/caminando\/","url":"https:\/\/www.campelplanet.com\/es\/caminando\/","name":"Caminando - Camp El Planet","isPartOf":{"@id":"https:\/\/www.campelplanet.com\/es\/#website"},"primaryImageOfPage":{"@id":"https:\/\/www.campelplanet.com\/es\/caminando\/#primaryimage"},"image":{"@id":"https:\/\/www.campelplanet.com\/es\/caminando\/#primaryimage"},"thumbnailUrl":"https:\/\/www.campelplanet.com\/wp-content\/uploads\/2024\/01\/pexels-amine-msiouri-2055556-2-scaled.jpg","datePublished":"2024-01-03T10:15:58+00:00","dateModified":"2024-12-24T06:01:28+00:00","description":"Aqu\u00ed hemos hecho una distinci\u00f3n entre senderismo y caminata. En la categor\u00eda Caminatas nos centramos en las caminatas menos arduas como las cercanas....","breadcrumb":{"@id":"https:\/\/www.campelplanet.com\/es\/caminando\/#breadcrumb"},"inLanguage":"es","potentialAction":[{"@type":"ReadAction","target":["https:\/\/www.campelplanet.com\/es\/caminando\/"]}]},{"@type":"ImageObject","inLanguage":"es","@id":"https:\/\/www.campelplanet.com\/es\/caminando\/#primaryimage","url":"https:\/\/www.campelplanet.com\/wp-content\/uploads\/2024\/01\/pexels-amine-msiouri-2055556-2-scaled.jpg","contentUrl":"https:\/\/www.campelplanet.com\/wp-content\/uploads\/2024\/01\/pexels-amine-msiouri-2055556-2-scaled.jpg","width":1707,"height":2560,"caption":"Walking"},{"@type":"BreadcrumbList","@id":"https:\/\/www.campelplanet.com\/es\/caminando\/#breadcrumb","itemListElement":[{"@type":"ListItem","position":1,"name":"Home","item":"https:\/\/www.campelplanet.com\/es\/"},{"@type":"ListItem","position":2,"name":"Caminando"}]},{"@type":"WebSite","@id":"https:\/\/www.campelplanet.com\/es\/#website","url":"https:\/\/www.campelplanet.com\/es\/","name":"Camp El Planet's","description":"The soul of the Costa Blanca","publisher":{"@id":"https:\/\/www.campelplanet.com\/es\/#organization"},"potentialAction":[{"@type":"SearchAction","target":{"@type":"EntryPoint","urlTemplate":"https:\/\/www.campelplanet.com\/es\/?s={search_term_string}"},"query-input":{"@type":"PropertyValueSpecification","valueRequired":true,"valueName":"search_term_string"}}],"inLanguage":"es"},{"@type":"Organization","@id":"https:\/\/www.campelplanet.com\/es\/#organization","name":"Camp El Planet's","url":"https:\/\/www.campelplanet.com\/es\/","logo":{"@type":"ImageObject","inLanguage":"es","@id":"https:\/\/www.campelplanet.com\/es\/#\/schema\/logo\/image\/","url":"https:\/\/www.campelplanet.com\/wp-content\/uploads\/2024\/01\/cropped-CampElPlanet_bla.png","contentUrl":"https:\/\/www.campelplanet.com\/wp-content\/uploads\/2024\/01\/cropped-CampElPlanet_bla.png","width":440,"height":256,"caption":"Camp El Planet's"},"image":{"@id":"https:\/\/www.campelplanet.com\/es\/#\/schema\/logo\/image\/"},"sameAs":["https:\/\/www.facebook.com\/campelplanet","https:\/\/www.instagram.com\/campelplanet\/"]}]}},"_links":{"self":[{"href":"https:\/\/www.campelplanet.com\/es\/wp-json\/wp\/v2\/pages\/860","targetHints":{"allow":["GET"]}}],"collection":[{"href":"https:\/\/www.campelplanet.com\/es\/wp-json\/wp\/v2\/pages"}],"about":[{"href":"https:\/\/www.campelplanet.com\/es\/wp-json\/wp\/v2\/types\/page"}],"author":[{"embeddable":true,"href":"https:\/\/www.campelplanet.com\/es\/wp-json\/wp\/v2\/users\/1"}],"replies":[{"embeddable":true,"href":"https:\/\/www.campelplanet.com\/es\/wp-json\/wp\/v2\/comments?post=860"}],"version-history":[{"count":1,"href":"https:\/\/www.campelplanet.com\/es\/wp-json\/wp\/v2\/pages\/860\/revisions"}],"predecessor-version":[{"id":5535,"href":"https:\/\/www.campelplanet.com\/es\/wp-json\/wp\/v2\/pages\/860\/revisions\/5535"}],"wp:featuredmedia":[{"embeddable":true,"href":"https:\/\/www.campelplanet.com\/es\/wp-json\/wp\/v2\/media\/713"}],"wp:attachment":[{"href":"https:\/\/www.campelplanet.com\/es\/wp-json\/wp\/v2\/media?parent=860"}],"curies":[{"name":"wp","href":"https:\/\/api.w.org\/{rel}","templated":true}]}}