{"id":846,"date":"2024-01-03T11:13:35","date_gmt":"2024-01-03T10:13:35","guid":{"rendered":"https:\/\/www.campelplanet.com\/senderismo\/"},"modified":"2024-12-24T06:56:06","modified_gmt":"2024-12-24T05:56:06","slug":"senderismo","status":"publish","type":"page","link":"https:\/\/www.campelplanet.com\/es\/senderismo\/","title":{"rendered":"Senderismo"},"content":{"rendered":"\t\t<div data-elementor-type=\"wp-page\" data-elementor-id=\"846\" class=\"elementor elementor-846 elementor-177\" data-elementor-post-type=\"page\">\n\t\t\t\t\t\t<section class=\"elementor-section elementor-top-section elementor-element elementor-element-2e1efbd elementor-section-boxed elementor-section-height-default elementor-section-height-default\" data-id=\"2e1efbd\" data-element_type=\"section\" data-e-type=\"section\" data-settings=\"{&quot;background_background&quot;:&quot;classic&quot;}\">\n\t\t\t\t\t\t<div class=\"elementor-container elementor-column-gap-no\">\n\t\t\t\t\t<div class=\"elementor-column elementor-col-100 elementor-top-column elementor-element elementor-element-9507812\" data-id=\"9507812\" data-element_type=\"column\" data-e-type=\"column\">\n\t\t\t<div class=\"elementor-widget-wrap elementor-element-populated\">\n\t\t\t\t\t\t\t<\/div>\n\t\t<\/div>\n\t\t\t\t\t<\/div>\n\t\t<\/section>\n\t\t<div class=\"elementor-element elementor-element-f75200c e-flex e-con-boxed e-con e-parent\" data-id=\"f75200c\" data-element_type=\"container\" data-e-type=\"container\">\n\t\t\t\t\t<div class=\"e-con-inner\">\n\t\t<div class=\"elementor-element elementor-element-664236e e-con-full e-flex e-con e-child\" data-id=\"664236e\" data-element_type=\"container\" data-e-type=\"container\">\n\t\t\t\t<div class=\"elementor-element elementor-element-ee20f4f elementor-widget__width-initial elementor-widget elementor-widget-text-editor\" data-id=\"ee20f4f\" data-element_type=\"widget\" data-e-type=\"widget\" data-widget_type=\"text-editor.default\">\n\t\t\t\t\t\t\t\t\t<p><img fetchpriority=\"high\" decoding=\"async\" class=\"alignnone size-medium wp-image-3827\" src=\"https:\/\/www.campelplanet.com\/wp-content\/uploads\/2024\/11\/20230110_141529-300x225.webp\" alt=\"\" width=\"300\" height=\"225\" srcset=\"https:\/\/www.campelplanet.com\/wp-content\/uploads\/2024\/11\/20230110_141529-300x225.webp 300w, https:\/\/www.campelplanet.com\/wp-content\/uploads\/2024\/11\/20230110_141529-1024x768.webp 1024w, https:\/\/www.campelplanet.com\/wp-content\/uploads\/2024\/11\/20230110_141529-768x576.webp 768w, https:\/\/www.campelplanet.com\/wp-content\/uploads\/2024\/11\/20230110_141529-1536x1152.webp 1536w, https:\/\/www.campelplanet.com\/wp-content\/uploads\/2024\/11\/20230110_141529-scaled.webp 1920w\" sizes=\"(max-width: 300px) 100vw, 300px\" \/><img decoding=\"async\" class=\"alignnone size-medium wp-image-3833\" src=\"https:\/\/www.campelplanet.com\/wp-content\/uploads\/2024\/11\/20221228_142405-300x225.webp\" alt=\"\" width=\"300\" height=\"225\" srcset=\"https:\/\/www.campelplanet.com\/wp-content\/uploads\/2024\/11\/20221228_142405-300x225.webp 300w, https:\/\/www.campelplanet.com\/wp-content\/uploads\/2024\/11\/20221228_142405-1024x768.webp 1024w, https:\/\/www.campelplanet.com\/wp-content\/uploads\/2024\/11\/20221228_142405-768x576.webp 768w, https:\/\/www.campelplanet.com\/wp-content\/uploads\/2024\/11\/20221228_142405-1536x1152.webp 1536w, https:\/\/www.campelplanet.com\/wp-content\/uploads\/2024\/11\/20221228_142405-scaled.webp 1920w\" sizes=\"(max-width: 300px) 100vw, 300px\" \/><strong><em><img decoding=\"async\" class=\"alignnone size-medium wp-image-3821\" src=\"https:\/\/www.campelplanet.com\/wp-content\/uploads\/2024\/11\/20231005_140258-300x225.webp\" alt=\"\" width=\"300\" height=\"225\" srcset=\"https:\/\/www.campelplanet.com\/wp-content\/uploads\/2024\/11\/20231005_140258-300x225.webp 300w, https:\/\/www.campelplanet.com\/wp-content\/uploads\/2024\/11\/20231005_140258-1024x768.webp 1024w, https:\/\/www.campelplanet.com\/wp-content\/uploads\/2024\/11\/20231005_140258-768x576.webp 768w, https:\/\/www.campelplanet.com\/wp-content\/uploads\/2024\/11\/20231005_140258-1536x1152.webp 1536w, https:\/\/www.campelplanet.com\/wp-content\/uploads\/2024\/11\/20231005_140258-scaled.webp 1920w\" sizes=\"(max-width: 300px) 100vw, 300px\" \/><\/em><\/strong><\/p><p><strong><em>\u201cSaltar de roca en roca y no caer nunca, con una mochila pesada, es m\u00e1s f\u00e1cil de lo que parece; simplemente no puedes caer cuando entras en el ritmo del baile\u201d. &#8211; Jack Kerouac, Los vagabundos del Dharma<\/em><\/strong><\/p><p>Como noruegos no nos impresionamos f\u00e1cilmente cuando se trata de monta\u00f1as. Dicho esto, las monta\u00f1as de la Costa Blanca son impresionantes. Desde <a href=\"https:\/\/www.campelplanet.com\/es\/campamento-el-planeta\/\">Camp El Planet<\/a> tenemos el oc\u00e9ano a un corto paseo de ida y, al dar la vuelta, tenemos las impresionantes vistas y crestas de Puig Campana, Monte Ponoig y Serra Bernia formando una imponente y majestuosa herradura alrededor del valle inferior. Directamente desde el oc\u00e9ano, se eleva la Serra Helada y el hito de Calpe; <a href=\"https:\/\/en.wikipedia.org\/wiki\/Penyal_d%27Ifac_Natural_Park\">Pe\u00f1\u00f3n de Ifach<\/a>.<\/p><p>Los contrastes son tan fascinantes como impresionantes. Agregue al paisaje el microclima especial que disfrutamos en la regi\u00f3n y sabr\u00e1 por qu\u00e9 este es el para\u00edso para los excursionistas y escaladores. Aqu\u00ed podr\u00e1s disfrutar del aire libre todo el a\u00f1o.<\/p><p>Hay literalmente una monta\u00f1a de libros y art\u00edculos publicados sobre senderismo de monta\u00f1a en la Costa Blanca. Los libros, por ejemplo, son en general informativos, pr\u00e1cticos y tienen un precio razonable. Sin embargo, antes de ordenar uno de estos, le sugerimos que visite uno (si no todos) de los sitios web vinculados a continuaci\u00f3n.<\/p><p>Paseos por Espa\u00f1a; Paseos por las monta\u00f1as de la Costa Blanca; KaliTravel;Rutas de Senderismo; Amigos de la Monta\u00f1a de la Costa Blanca;<\/p><p>Aqu\u00ed encontrar\u00e1 una gran cantidad de informaci\u00f3n \u00fatil; Posiblemente toda la informaci\u00f3n que necesites. Organizar una semana llena de paseos interesantes y variados requiere un esfuerzo de investigaci\u00f3n relativamente modesto. Como nosotros mismos hemos realizado varios de estos paseos, estaremos encantados de ayudarle a seleccionarlos.<\/p><p>Si optas por libros sobre caminar por las monta\u00f1as de la Costa Blanca, hay varios. Todos contienen descripciones bastante completas de varios paseos; tiempos estimados de caminata, longitud, diferencia de altura, clasificaci\u00f3n (f\u00e1cil, moderada, dif\u00edcil), datos de GPS, mapas, lugares de inter\u00e9s y c\u00f3mo llegar. Hemos utilizado \u201cRother Walking Guide Costa Blanca\u201d y \u201cWalk the Costa Blanca Mountains\u201d y podemos recomendar ambos. Se pueden pedir online, cuestan unos 15\u20ac y tienen un tama\u00f1o muy pr\u00e1ctico y manejable.<\/p><p>Para los \u00e1vidos excursionistas hay muchas aplicaciones de senderismo disponibles. Usamos Wikiloc y estamos bastante contentos con \u00e9l. Tambi\u00e9n tenga en cuenta que hay una gran cantidad de senderos se\u00f1alizados a lo largo del sendero, y la \u00fanica necesidad de un mapa es llegar al comienzo del sendero. En tal caso, el mapa que viene con su tel\u00e9fono ser\u00e1 suficiente. Adjunto enlace a los \u201cpaseos cortos\u201d registrados en la Comunidad Valenciana; Peque\u00f1o Recorrido. Estos senderos est\u00e1n bien mantenidos, son populares y f\u00e1ciles de recorrer. Tenga en cuenta, sin embargo, que toda la informaci\u00f3n est\u00e1 en espa\u00f1ol y valenciano.<\/p>\t\t\t\t\t\t\t\t<\/div>\n\t\t\t\t<\/div>\n\t\t\t\t\t<\/div>\n\t\t\t\t<\/div>\n\t\t\t\t<\/div>\n\t\t","protected":false},"excerpt":{"rendered":"<p>\u201cSaltar de roca en roca y no caer nunca, con una mochila pesada, es m\u00e1s f\u00e1cil de lo que parece; simplemente no puedes caer cuando entras en el ritmo del baile\u201d. &#8211; Jack Kerouac, Los vagabundos del Dharma Como noruegos no nos impresionamos f\u00e1cilmente cuando se trata de monta\u00f1as. Dicho esto, las monta\u00f1as de la [&hellip;]<\/p>\n","protected":false},"author":1,"featured_media":718,"parent":0,"menu_order":0,"comment_status":"closed","ping_status":"closed","template":"elementor_header_footer","meta":{"footnotes":""},"class_list":["post-846","page","type-page","status-publish","has-post-thumbnail","hentry"],"yoast_head":"<!-- This site is optimized with the Yoast SEO Premium plugin v27.4 (Yoast SEO v27.4) - https:\/\/yoast.com\/product\/yoast-seo-premium-wordpress\/ -->\n<title>Senderismo - Camp El Planet<\/title>\n<meta name=\"description\" content=\"Saltar de roca en roca y no caer nunca, con una mochila pesada, es m\u00e1s f\u00e1cil de lo que parece; simplemente no puedes caer cuando entras...\" \/>\n<meta name=\"robots\" content=\"index, follow, max-snippet:-1, max-image-preview:large, max-video-preview:-1\" \/>\n<link rel=\"canonical\" href=\"https:\/\/www.campelplanet.com\/es\/senderismo\/\" \/>\n<meta property=\"og:locale\" content=\"es_ES\" \/>\n<meta property=\"og:type\" content=\"article\" \/>\n<meta property=\"og:title\" content=\"Senderismo\" \/>\n<meta property=\"og:description\" content=\"Saltar de roca en roca y no caer nunca, con una mochila pesada, es m\u00e1s f\u00e1cil de lo que parece; simplemente no puedes caer cuando entras...\" \/>\n<meta property=\"og:url\" content=\"https:\/\/www.campelplanet.com\/es\/senderismo\/\" \/>\n<meta property=\"og:site_name\" content=\"Camp El Planet\" \/>\n<meta property=\"article:publisher\" content=\"https:\/\/www.facebook.com\/campelplanet\" \/>\n<meta property=\"article:modified_time\" content=\"2024-12-24T05:56:06+00:00\" \/>\n<meta property=\"og:image\" content=\"https:\/\/www.campelplanet.com\/wp-content\/uploads\/2024\/01\/pexels-rifqi-ramadhan-788213-scaled.jpg\" \/>\n\t<meta property=\"og:image:width\" content=\"2048\" \/>\n\t<meta property=\"og:image:height\" content=\"2560\" \/>\n\t<meta property=\"og:image:type\" content=\"image\/jpeg\" \/>\n<meta name=\"twitter:card\" content=\"summary_large_image\" \/>\n<script type=\"application\/ld+json\" class=\"yoast-schema-graph\">{\"@context\":\"https:\\\/\\\/schema.org\",\"@graph\":[{\"@type\":\"WebPage\",\"@id\":\"https:\\\/\\\/www.campelplanet.com\\\/es\\\/senderismo\\\/\",\"url\":\"https:\\\/\\\/www.campelplanet.com\\\/es\\\/senderismo\\\/\",\"name\":\"Senderismo - Camp El Planet\",\"isPartOf\":{\"@id\":\"https:\\\/\\\/www.campelplanet.com\\\/es\\\/#website\"},\"primaryImageOfPage\":{\"@id\":\"https:\\\/\\\/www.campelplanet.com\\\/es\\\/senderismo\\\/#primaryimage\"},\"image\":{\"@id\":\"https:\\\/\\\/www.campelplanet.com\\\/es\\\/senderismo\\\/#primaryimage\"},\"thumbnailUrl\":\"https:\\\/\\\/www.campelplanet.com\\\/wp-content\\\/uploads\\\/2024\\\/01\\\/pexels-rifqi-ramadhan-788213-scaled.jpg\",\"datePublished\":\"2024-01-03T10:13:35+00:00\",\"dateModified\":\"2024-12-24T05:56:06+00:00\",\"description\":\"Saltar de roca en roca y no caer nunca, con una mochila pesada, es m\u00e1s f\u00e1cil de lo que parece; simplemente no puedes caer cuando entras...\",\"breadcrumb\":{\"@id\":\"https:\\\/\\\/www.campelplanet.com\\\/es\\\/senderismo\\\/#breadcrumb\"},\"inLanguage\":\"es\",\"potentialAction\":[{\"@type\":\"ReadAction\",\"target\":[\"https:\\\/\\\/www.campelplanet.com\\\/es\\\/senderismo\\\/\"]}]},{\"@type\":\"ImageObject\",\"inLanguage\":\"es\",\"@id\":\"https:\\\/\\\/www.campelplanet.com\\\/es\\\/senderismo\\\/#primaryimage\",\"url\":\"https:\\\/\\\/www.campelplanet.com\\\/wp-content\\\/uploads\\\/2024\\\/01\\\/pexels-rifqi-ramadhan-788213-scaled.jpg\",\"contentUrl\":\"https:\\\/\\\/www.campelplanet.com\\\/wp-content\\\/uploads\\\/2024\\\/01\\\/pexels-rifqi-ramadhan-788213-scaled.jpg\",\"width\":2048,\"height\":2560,\"caption\":\"Hiking\"},{\"@type\":\"BreadcrumbList\",\"@id\":\"https:\\\/\\\/www.campelplanet.com\\\/es\\\/senderismo\\\/#breadcrumb\",\"itemListElement\":[{\"@type\":\"ListItem\",\"position\":1,\"name\":\"Home\",\"item\":\"https:\\\/\\\/www.campelplanet.com\\\/es\\\/\"},{\"@type\":\"ListItem\",\"position\":2,\"name\":\"Senderismo\"}]},{\"@type\":\"WebSite\",\"@id\":\"https:\\\/\\\/www.campelplanet.com\\\/es\\\/#website\",\"url\":\"https:\\\/\\\/www.campelplanet.com\\\/es\\\/\",\"name\":\"Camp El Planet's\",\"description\":\"The soul of the Costa Blanca\",\"publisher\":{\"@id\":\"https:\\\/\\\/www.campelplanet.com\\\/es\\\/#organization\"},\"potentialAction\":[{\"@type\":\"SearchAction\",\"target\":{\"@type\":\"EntryPoint\",\"urlTemplate\":\"https:\\\/\\\/www.campelplanet.com\\\/es\\\/?s={search_term_string}\"},\"query-input\":{\"@type\":\"PropertyValueSpecification\",\"valueRequired\":true,\"valueName\":\"search_term_string\"}}],\"inLanguage\":\"es\"},{\"@type\":\"Organization\",\"@id\":\"https:\\\/\\\/www.campelplanet.com\\\/es\\\/#organization\",\"name\":\"Camp El Planet's\",\"url\":\"https:\\\/\\\/www.campelplanet.com\\\/es\\\/\",\"logo\":{\"@type\":\"ImageObject\",\"inLanguage\":\"es\",\"@id\":\"https:\\\/\\\/www.campelplanet.com\\\/es\\\/#\\\/schema\\\/logo\\\/image\\\/\",\"url\":\"https:\\\/\\\/www.campelplanet.com\\\/wp-content\\\/uploads\\\/2024\\\/01\\\/cropped-CampElPlanet_bla.png\",\"contentUrl\":\"https:\\\/\\\/www.campelplanet.com\\\/wp-content\\\/uploads\\\/2024\\\/01\\\/cropped-CampElPlanet_bla.png\",\"width\":440,\"height\":256,\"caption\":\"Camp El Planet's\"},\"image\":{\"@id\":\"https:\\\/\\\/www.campelplanet.com\\\/es\\\/#\\\/schema\\\/logo\\\/image\\\/\"},\"sameAs\":[\"https:\\\/\\\/www.facebook.com\\\/campelplanet\",\"https:\\\/\\\/www.instagram.com\\\/campelplanet\\\/\"]}]}<\/script>\n<!-- \/ Yoast SEO Premium plugin. -->","yoast_head_json":{"title":"Senderismo - Camp El Planet","description":"Saltar de roca en roca y no caer nunca, con una mochila pesada, es m\u00e1s f\u00e1cil de lo que parece; simplemente no puedes caer cuando entras...","robots":{"index":"index","follow":"follow","max-snippet":"max-snippet:-1","max-image-preview":"max-image-preview:large","max-video-preview":"max-video-preview:-1"},"canonical":"https:\/\/www.campelplanet.com\/es\/senderismo\/","og_locale":"es_ES","og_type":"article","og_title":"Senderismo","og_description":"Saltar de roca en roca y no caer nunca, con una mochila pesada, es m\u00e1s f\u00e1cil de lo que parece; simplemente no puedes caer cuando entras...","og_url":"https:\/\/www.campelplanet.com\/es\/senderismo\/","og_site_name":"Camp El Planet","article_publisher":"https:\/\/www.facebook.com\/campelplanet","article_modified_time":"2024-12-24T05:56:06+00:00","og_image":[{"width":2048,"height":2560,"url":"https:\/\/www.campelplanet.com\/wp-content\/uploads\/2024\/01\/pexels-rifqi-ramadhan-788213-scaled.jpg","type":"image\/jpeg"}],"twitter_card":"summary_large_image","schema":{"@context":"https:\/\/schema.org","@graph":[{"@type":"WebPage","@id":"https:\/\/www.campelplanet.com\/es\/senderismo\/","url":"https:\/\/www.campelplanet.com\/es\/senderismo\/","name":"Senderismo - Camp El Planet","isPartOf":{"@id":"https:\/\/www.campelplanet.com\/es\/#website"},"primaryImageOfPage":{"@id":"https:\/\/www.campelplanet.com\/es\/senderismo\/#primaryimage"},"image":{"@id":"https:\/\/www.campelplanet.com\/es\/senderismo\/#primaryimage"},"thumbnailUrl":"https:\/\/www.campelplanet.com\/wp-content\/uploads\/2024\/01\/pexels-rifqi-ramadhan-788213-scaled.jpg","datePublished":"2024-01-03T10:13:35+00:00","dateModified":"2024-12-24T05:56:06+00:00","description":"Saltar de roca en roca y no caer nunca, con una mochila pesada, es m\u00e1s f\u00e1cil de lo que parece; simplemente no puedes caer cuando entras...","breadcrumb":{"@id":"https:\/\/www.campelplanet.com\/es\/senderismo\/#breadcrumb"},"inLanguage":"es","potentialAction":[{"@type":"ReadAction","target":["https:\/\/www.campelplanet.com\/es\/senderismo\/"]}]},{"@type":"ImageObject","inLanguage":"es","@id":"https:\/\/www.campelplanet.com\/es\/senderismo\/#primaryimage","url":"https:\/\/www.campelplanet.com\/wp-content\/uploads\/2024\/01\/pexels-rifqi-ramadhan-788213-scaled.jpg","contentUrl":"https:\/\/www.campelplanet.com\/wp-content\/uploads\/2024\/01\/pexels-rifqi-ramadhan-788213-scaled.jpg","width":2048,"height":2560,"caption":"Hiking"},{"@type":"BreadcrumbList","@id":"https:\/\/www.campelplanet.com\/es\/senderismo\/#breadcrumb","itemListElement":[{"@type":"ListItem","position":1,"name":"Home","item":"https:\/\/www.campelplanet.com\/es\/"},{"@type":"ListItem","position":2,"name":"Senderismo"}]},{"@type":"WebSite","@id":"https:\/\/www.campelplanet.com\/es\/#website","url":"https:\/\/www.campelplanet.com\/es\/","name":"Camp El Planet's","description":"The soul of the Costa Blanca","publisher":{"@id":"https:\/\/www.campelplanet.com\/es\/#organization"},"potentialAction":[{"@type":"SearchAction","target":{"@type":"EntryPoint","urlTemplate":"https:\/\/www.campelplanet.com\/es\/?s={search_term_string}"},"query-input":{"@type":"PropertyValueSpecification","valueRequired":true,"valueName":"search_term_string"}}],"inLanguage":"es"},{"@type":"Organization","@id":"https:\/\/www.campelplanet.com\/es\/#organization","name":"Camp El Planet's","url":"https:\/\/www.campelplanet.com\/es\/","logo":{"@type":"ImageObject","inLanguage":"es","@id":"https:\/\/www.campelplanet.com\/es\/#\/schema\/logo\/image\/","url":"https:\/\/www.campelplanet.com\/wp-content\/uploads\/2024\/01\/cropped-CampElPlanet_bla.png","contentUrl":"https:\/\/www.campelplanet.com\/wp-content\/uploads\/2024\/01\/cropped-CampElPlanet_bla.png","width":440,"height":256,"caption":"Camp El Planet's"},"image":{"@id":"https:\/\/www.campelplanet.com\/es\/#\/schema\/logo\/image\/"},"sameAs":["https:\/\/www.facebook.com\/campelplanet","https:\/\/www.instagram.com\/campelplanet\/"]}]}},"_links":{"self":[{"href":"https:\/\/www.campelplanet.com\/es\/wp-json\/wp\/v2\/pages\/846","targetHints":{"allow":["GET"]}}],"collection":[{"href":"https:\/\/www.campelplanet.com\/es\/wp-json\/wp\/v2\/pages"}],"about":[{"href":"https:\/\/www.campelplanet.com\/es\/wp-json\/wp\/v2\/types\/page"}],"author":[{"embeddable":true,"href":"https:\/\/www.campelplanet.com\/es\/wp-json\/wp\/v2\/users\/1"}],"replies":[{"embeddable":true,"href":"https:\/\/www.campelplanet.com\/es\/wp-json\/wp\/v2\/comments?post=846"}],"version-history":[{"count":1,"href":"https:\/\/www.campelplanet.com\/es\/wp-json\/wp\/v2\/pages\/846\/revisions"}],"predecessor-version":[{"id":5532,"href":"https:\/\/www.campelplanet.com\/es\/wp-json\/wp\/v2\/pages\/846\/revisions\/5532"}],"wp:featuredmedia":[{"embeddable":true,"href":"https:\/\/www.campelplanet.com\/es\/wp-json\/wp\/v2\/media\/718"}],"wp:attachment":[{"href":"https:\/\/www.campelplanet.com\/es\/wp-json\/wp\/v2\/media?parent=846"}],"curies":[{"name":"wp","href":"https:\/\/api.w.org\/{rel}","templated":true}]}}