{"id":827,"date":"2024-01-03T10:51:53","date_gmt":"2024-01-03T09:51:53","guid":{"rendered":"https:\/\/www.campelplanet.com\/ciclismo\/"},"modified":"2024-12-26T06:13:19","modified_gmt":"2024-12-26T05:13:19","slug":"ciclismo","status":"publish","type":"page","link":"https:\/\/www.campelplanet.com\/es\/ciclismo\/","title":{"rendered":"Ciclismo"},"content":{"rendered":"\t\t<div data-elementor-type=\"wp-page\" data-elementor-id=\"827\" class=\"elementor elementor-827 elementor-171\" data-elementor-post-type=\"page\">\n\t\t\t\t\t\t<section class=\"elementor-section elementor-top-section elementor-element elementor-element-3a7ba7b elementor-section-boxed elementor-section-height-default elementor-section-height-default\" data-id=\"3a7ba7b\" data-element_type=\"section\" data-e-type=\"section\" data-settings=\"{&quot;background_background&quot;:&quot;classic&quot;}\">\n\t\t\t\t\t\t<div class=\"elementor-container elementor-column-gap-no\">\n\t\t\t\t\t<div class=\"elementor-column elementor-col-100 elementor-top-column elementor-element elementor-element-42fa259\" data-id=\"42fa259\" data-element_type=\"column\" data-e-type=\"column\">\n\t\t\t<div class=\"elementor-widget-wrap elementor-element-populated\">\n\t\t\t\t\t\t\t<\/div>\n\t\t<\/div>\n\t\t\t\t\t<\/div>\n\t\t<\/section>\n\t\t<div class=\"elementor-element elementor-element-b696140 e-flex e-con-boxed e-con e-parent\" data-id=\"b696140\" data-element_type=\"container\" data-e-type=\"container\">\n\t\t\t\t\t<div class=\"e-con-inner\">\n\t\t<div class=\"elementor-element elementor-element-90211d3 e-con-full e-flex e-con e-child\" data-id=\"90211d3\" data-element_type=\"container\" data-e-type=\"container\">\n\t\t\t\t<div class=\"elementor-element elementor-element-47fbb3f elementor-widget elementor-widget-image\" data-id=\"47fbb3f\" data-element_type=\"widget\" data-e-type=\"widget\" data-widget_type=\"image.default\">\n\t\t\t\t\t\t\t\t\t\t\t\t\t\t\t<img decoding=\"async\" src=\"https:\/\/www.campelplanet.com\/wp-content\/uploads\/2024\/12\/download.webp\" title=\"\" alt=\"\" loading=\"lazy\" \/>\t\t\t\t\t\t\t\t\t\t\t\t\t\t\t<\/div>\n\t\t\t\t<\/div>\n\t\t<div class=\"elementor-element elementor-element-c8b487d e-con-full e-flex e-con e-child\" data-id=\"c8b487d\" data-element_type=\"container\" data-e-type=\"container\">\n\t\t\t\t<div class=\"elementor-element elementor-element-939842d elementor-widget elementor-widget-text-editor\" data-id=\"939842d\" data-element_type=\"widget\" data-e-type=\"widget\" data-widget_type=\"text-editor.default\">\n\t\t\t\t\t\t\t\t\t<p>Life is like riding a cycling. Para mantener tu balance debes segu\u00edr movi\u00e9ndote. ~ Carta de Albert Einstein a su hijo Eduard, 1930.<\/p>\n<p>Para la mayor\u00eda de los ciclistas, recibir una descripci\u00f3n extensa de lo que la Costa Blanca tiene para ofrecer es probablemente una p\u00e9rdida de tiempo. Para la mayor\u00eda de los ciclistas, recibir una descripci\u00f3n extensa de lo que la Costa Blanca tiene para ofrecer es probablemente una p\u00e9rdida de tiempo. Basta decir que la Costa Blanca ha sido reconocida durante mucho tiempo como una de las mejores zonas ciclistas de Europa. El clima c\u00e1lido y seco combinado con un terreno muy variado proporcionan condiciones ideales para el entrenamiento.<\/p>\n<p>Se puede elegir entre multitud de rutas; pr\u00e1cticamente hacer una ruta a medida seg\u00fan los deseos y necesidades que cada uno deba tener. A lo largo de la costa las rutas son relativamente planas, mientras que en el interior las rutas son bastante monta\u00f1osas. En particular las rutas de monta\u00f1a son bastante exigentes.<\/p>\n\t\t\t\t\t\t\t\t<\/div>\n\t\t\t\t<\/div>\n\t\t\t\t\t<\/div>\n\t\t\t\t<\/div>\n\t\t<div class=\"elementor-element elementor-element-b7146ca e-flex e-con-boxed e-con e-parent\" data-id=\"b7146ca\" data-element_type=\"container\" data-e-type=\"container\">\n\t\t\t\t\t<div class=\"e-con-inner\">\n\t\t<div class=\"elementor-element elementor-element-f81a244 e-con-full e-flex e-con e-child\" data-id=\"f81a244\" data-element_type=\"container\" data-e-type=\"container\">\n\t\t\t\t<div class=\"elementor-element elementor-element-6a5cb91 elementor-widget elementor-widget-text-editor\" data-id=\"6a5cb91\" data-element_type=\"widget\" data-e-type=\"widget\" data-widget_type=\"text-editor.default\">\n\t\t\t\t\t\t\t\t\t<p>Con su ubicaci\u00f3n central, <a href=\"https:\/\/www.campelplanet.com\/es\/campamento-el-planeta\/\" target=\"_blank\" rel=\"noopener\">Camp El Planet<\/a> es ideal tanto para el ciclismo de carretera como para el de monta\u00f1a. Desde el campamento se puede dirigirse a las monta\u00f1as o elegir una ruta entre una amplia red de carreteras.<\/p>\n<p>amp El Planet atiende principalmente a <a href=\"https:\/\/en.wikipedia.org\/wiki\/Cycling\" target=\"_blank\" rel=\"noopener\">cycling<\/a> equipos ciclistas y grupos de ciclistas. Creemos que los grupos y equipos prefieren tener a los miembros del grupo y del equipo reunidos en un solo lugar y no dispersos en un gran hotel o complejo de apartamentos. Camp El Planet puede ofrecer alojamiento y comida a grupos en un lugar tranquilo y apartado; pero a\u00fan a poca distancia de la costa, monta\u00f1a, campos deportivos, aeropuertos y pueblos cercanos como Altea, Alfaz y Albir. Un grupo numeroso dominar\u00e1 el local y aportar\u00e1 cohesi\u00f3n, cercan\u00eda y un fuerte sentimiento de comunidad. <\/p>\n<p>Entre los entrenamientos el grupo se juntaba durante las comidas, en la zona de la piscina o en la pista de petanca. Esto facilitar\u00e1 la interacci\u00f3n informal en un ambiente relajado y amigable que nuevamente refuerza la cohesi\u00f3n del equipo. Un grupo grande tambi\u00e9n puede solicitar acceso exclusivo a la cafeter\u00eda y la cocina, y preparar y administrar su propio equipo \u2013 o comidas grupales.<\/p>\n\t\t\t\t\t\t\t\t<\/div>\n\t\t\t\t<\/div>\n\t\t<div class=\"elementor-element elementor-element-c2d4340 e-con-full e-flex e-con e-child\" data-id=\"c2d4340\" data-element_type=\"container\" data-e-type=\"container\">\n\t\t\t\t<div class=\"elementor-element elementor-element-e0ed729 elementor-widget elementor-widget-image\" data-id=\"e0ed729\" data-element_type=\"widget\" data-e-type=\"widget\" data-widget_type=\"image.default\">\n\t\t\t\t\t\t\t\t\t\t\t\t\t\t\t<img fetchpriority=\"high\" decoding=\"async\" width=\"800\" height=\"600\" src=\"https:\/\/www.campelplanet.com\/wp-content\/uploads\/2024\/12\/IMG_8279-1024x768.webp\" class=\"attachment-large size-large wp-image-5153\" alt=\"\" srcset=\"https:\/\/www.campelplanet.com\/wp-content\/uploads\/2024\/12\/IMG_8279-1024x768.webp 1024w, https:\/\/www.campelplanet.com\/wp-content\/uploads\/2024\/12\/IMG_8279-300x225.webp 300w, https:\/\/www.campelplanet.com\/wp-content\/uploads\/2024\/12\/IMG_8279-768x576.webp 768w, https:\/\/www.campelplanet.com\/wp-content\/uploads\/2024\/12\/IMG_8279-1536x1152.webp 1536w, https:\/\/www.campelplanet.com\/wp-content\/uploads\/2024\/12\/IMG_8279.webp 1920w\" sizes=\"(max-width: 800px) 100vw, 800px\" \/>\t\t\t\t\t\t\t\t\t\t\t\t\t\t\t<\/div>\n\t\t\t\t<\/div>\n\t\t\t\t\t<\/div>\n\t\t\t\t<\/div>\n\t\t<div class=\"elementor-element elementor-element-607563c e-flex e-con-boxed e-con e-parent\" data-id=\"607563c\" data-element_type=\"container\" data-e-type=\"container\">\n\t\t\t\t\t<div class=\"e-con-inner\">\n\t\t\t\t<div class=\"elementor-element elementor-element-d7ab013 elementor-widget elementor-widget-text-editor\" data-id=\"d7ab013\" data-element_type=\"widget\" data-e-type=\"widget\" data-widget_type=\"text-editor.default\">\n\t\t\t\t\t\t\t\t\t<p>Tambi\u00e9n creemos que la atenci\u00f3n personalizada, la pasi\u00f3n y el entusiasmo brindados por los propietarios contribuir\u00e1n positivamente. Como vivimos en un apartamento del mismo recinto estaremos cerca en todo momento, y cualquier necesidad que pueda surgir ser\u00e1 atendida enseguida.<\/p>\n\t\t\t\t\t\t\t\t<\/div>\n\t\t\t\t\t<\/div>\n\t\t\t\t<\/div>\n\t\t\t\t<\/div>\n\t\t","protected":false},"excerpt":{"rendered":"<p>Life is like riding a cycling. Para mantener tu balance debes segu\u00edr movi\u00e9ndote. ~ Carta de Albert Einstein a su hijo Eduard, 1930. Para la mayor\u00eda de los ciclistas, recibir una descripci\u00f3n extensa de lo que la Costa Blanca tiene para ofrecer es probablemente una p\u00e9rdida de tiempo. Para la mayor\u00eda de los ciclistas, recibir [&hellip;]<\/p>\n","protected":false},"author":1,"featured_media":703,"parent":0,"menu_order":0,"comment_status":"closed","ping_status":"closed","template":"","meta":{"footnotes":""},"class_list":["post-827","page","type-page","status-publish","has-post-thumbnail","hentry"],"yoast_head":"<!-- This site is optimized with the Yoast SEO Premium plugin v27.4 (Yoast SEO v27.4) - https:\/\/yoast.com\/product\/yoast-seo-premium-wordpress\/ -->\n<title>Ciclismo - Camp El Planet<\/title>\n<meta name=\"description\" content=\"Life is like riding a cycling. Para mantener tu balance debes segu\u00edr movi\u00e9ndote. ~ Carta de Albert Einstein a su hijo Eduard, 1930.\" \/>\n<meta name=\"robots\" content=\"index, follow, max-snippet:-1, max-image-preview:large, max-video-preview:-1\" \/>\n<link rel=\"canonical\" href=\"https:\/\/www.campelplanet.com\/es\/ciclismo\/\" \/>\n<meta property=\"og:locale\" content=\"es_ES\" \/>\n<meta property=\"og:type\" content=\"article\" \/>\n<meta property=\"og:title\" content=\"Ciclismo\" \/>\n<meta property=\"og:description\" content=\"Life is like riding a cycling. Para mantener tu balance debes segu\u00edr movi\u00e9ndote. ~ Carta de Albert Einstein a su hijo Eduard, 1930.\" \/>\n<meta property=\"og:url\" content=\"https:\/\/www.campelplanet.com\/es\/ciclismo\/\" \/>\n<meta property=\"og:site_name\" content=\"Camp El Planet\" \/>\n<meta property=\"article:publisher\" content=\"https:\/\/www.facebook.com\/campelplanet\" \/>\n<meta property=\"article:modified_time\" content=\"2024-12-26T05:13:19+00:00\" \/>\n<meta property=\"og:image\" content=\"https:\/\/www.campelplanet.com\/wp-content\/uploads\/2024\/01\/pexels-do-castle-2270328-scaled.jpg\" \/>\n\t<meta property=\"og:image:width\" content=\"2560\" \/>\n\t<meta property=\"og:image:height\" content=\"1707\" \/>\n\t<meta property=\"og:image:type\" content=\"image\/jpeg\" \/>\n<meta name=\"twitter:card\" content=\"summary_large_image\" \/>\n<script type=\"application\/ld+json\" class=\"yoast-schema-graph\">{\"@context\":\"https:\\\/\\\/schema.org\",\"@graph\":[{\"@type\":\"WebPage\",\"@id\":\"https:\\\/\\\/www.campelplanet.com\\\/es\\\/ciclismo\\\/\",\"url\":\"https:\\\/\\\/www.campelplanet.com\\\/es\\\/ciclismo\\\/\",\"name\":\"Ciclismo - Camp El Planet\",\"isPartOf\":{\"@id\":\"https:\\\/\\\/www.campelplanet.com\\\/es\\\/#website\"},\"primaryImageOfPage\":{\"@id\":\"https:\\\/\\\/www.campelplanet.com\\\/es\\\/ciclismo\\\/#primaryimage\"},\"image\":{\"@id\":\"https:\\\/\\\/www.campelplanet.com\\\/es\\\/ciclismo\\\/#primaryimage\"},\"thumbnailUrl\":\"https:\\\/\\\/www.campelplanet.com\\\/wp-content\\\/uploads\\\/2024\\\/01\\\/pexels-do-castle-2270328-scaled.jpg\",\"datePublished\":\"2024-01-03T09:51:53+00:00\",\"dateModified\":\"2024-12-26T05:13:19+00:00\",\"description\":\"Life is like riding a cycling. Para mantener tu balance debes segu\u00edr movi\u00e9ndote. ~ Carta de Albert Einstein a su hijo Eduard, 1930.\",\"breadcrumb\":{\"@id\":\"https:\\\/\\\/www.campelplanet.com\\\/es\\\/ciclismo\\\/#breadcrumb\"},\"inLanguage\":\"es\",\"potentialAction\":[{\"@type\":\"ReadAction\",\"target\":[\"https:\\\/\\\/www.campelplanet.com\\\/es\\\/ciclismo\\\/\"]}]},{\"@type\":\"ImageObject\",\"inLanguage\":\"es\",\"@id\":\"https:\\\/\\\/www.campelplanet.com\\\/es\\\/ciclismo\\\/#primaryimage\",\"url\":\"https:\\\/\\\/www.campelplanet.com\\\/wp-content\\\/uploads\\\/2024\\\/01\\\/pexels-do-castle-2270328-scaled.jpg\",\"contentUrl\":\"https:\\\/\\\/www.campelplanet.com\\\/wp-content\\\/uploads\\\/2024\\\/01\\\/pexels-do-castle-2270328-scaled.jpg\",\"width\":2560,\"height\":1707,\"caption\":\"Cycling\"},{\"@type\":\"BreadcrumbList\",\"@id\":\"https:\\\/\\\/www.campelplanet.com\\\/es\\\/ciclismo\\\/#breadcrumb\",\"itemListElement\":[{\"@type\":\"ListItem\",\"position\":1,\"name\":\"Home\",\"item\":\"https:\\\/\\\/www.campelplanet.com\\\/es\\\/\"},{\"@type\":\"ListItem\",\"position\":2,\"name\":\"Ciclismo\"}]},{\"@type\":\"WebSite\",\"@id\":\"https:\\\/\\\/www.campelplanet.com\\\/es\\\/#website\",\"url\":\"https:\\\/\\\/www.campelplanet.com\\\/es\\\/\",\"name\":\"Camp El Planet's\",\"description\":\"The soul of the Costa Blanca\",\"publisher\":{\"@id\":\"https:\\\/\\\/www.campelplanet.com\\\/es\\\/#organization\"},\"potentialAction\":[{\"@type\":\"SearchAction\",\"target\":{\"@type\":\"EntryPoint\",\"urlTemplate\":\"https:\\\/\\\/www.campelplanet.com\\\/es\\\/?s={search_term_string}\"},\"query-input\":{\"@type\":\"PropertyValueSpecification\",\"valueRequired\":true,\"valueName\":\"search_term_string\"}}],\"inLanguage\":\"es\"},{\"@type\":\"Organization\",\"@id\":\"https:\\\/\\\/www.campelplanet.com\\\/es\\\/#organization\",\"name\":\"Camp El Planet's\",\"url\":\"https:\\\/\\\/www.campelplanet.com\\\/es\\\/\",\"logo\":{\"@type\":\"ImageObject\",\"inLanguage\":\"es\",\"@id\":\"https:\\\/\\\/www.campelplanet.com\\\/es\\\/#\\\/schema\\\/logo\\\/image\\\/\",\"url\":\"https:\\\/\\\/www.campelplanet.com\\\/wp-content\\\/uploads\\\/2024\\\/01\\\/cropped-CampElPlanet_bla.png\",\"contentUrl\":\"https:\\\/\\\/www.campelplanet.com\\\/wp-content\\\/uploads\\\/2024\\\/01\\\/cropped-CampElPlanet_bla.png\",\"width\":440,\"height\":256,\"caption\":\"Camp El Planet's\"},\"image\":{\"@id\":\"https:\\\/\\\/www.campelplanet.com\\\/es\\\/#\\\/schema\\\/logo\\\/image\\\/\"},\"sameAs\":[\"https:\\\/\\\/www.facebook.com\\\/campelplanet\",\"https:\\\/\\\/www.instagram.com\\\/campelplanet\\\/\"]}]}<\/script>\n<!-- \/ Yoast SEO Premium plugin. -->","yoast_head_json":{"title":"Ciclismo - Camp El Planet","description":"Life is like riding a cycling. Para mantener tu balance debes segu\u00edr movi\u00e9ndote. ~ Carta de Albert Einstein a su hijo Eduard, 1930.","robots":{"index":"index","follow":"follow","max-snippet":"max-snippet:-1","max-image-preview":"max-image-preview:large","max-video-preview":"max-video-preview:-1"},"canonical":"https:\/\/www.campelplanet.com\/es\/ciclismo\/","og_locale":"es_ES","og_type":"article","og_title":"Ciclismo","og_description":"Life is like riding a cycling. Para mantener tu balance debes segu\u00edr movi\u00e9ndote. ~ Carta de Albert Einstein a su hijo Eduard, 1930.","og_url":"https:\/\/www.campelplanet.com\/es\/ciclismo\/","og_site_name":"Camp El Planet","article_publisher":"https:\/\/www.facebook.com\/campelplanet","article_modified_time":"2024-12-26T05:13:19+00:00","og_image":[{"width":2560,"height":1707,"url":"https:\/\/www.campelplanet.com\/wp-content\/uploads\/2024\/01\/pexels-do-castle-2270328-scaled.jpg","type":"image\/jpeg"}],"twitter_card":"summary_large_image","schema":{"@context":"https:\/\/schema.org","@graph":[{"@type":"WebPage","@id":"https:\/\/www.campelplanet.com\/es\/ciclismo\/","url":"https:\/\/www.campelplanet.com\/es\/ciclismo\/","name":"Ciclismo - Camp El Planet","isPartOf":{"@id":"https:\/\/www.campelplanet.com\/es\/#website"},"primaryImageOfPage":{"@id":"https:\/\/www.campelplanet.com\/es\/ciclismo\/#primaryimage"},"image":{"@id":"https:\/\/www.campelplanet.com\/es\/ciclismo\/#primaryimage"},"thumbnailUrl":"https:\/\/www.campelplanet.com\/wp-content\/uploads\/2024\/01\/pexels-do-castle-2270328-scaled.jpg","datePublished":"2024-01-03T09:51:53+00:00","dateModified":"2024-12-26T05:13:19+00:00","description":"Life is like riding a cycling. Para mantener tu balance debes segu\u00edr movi\u00e9ndote. ~ Carta de Albert Einstein a su hijo Eduard, 1930.","breadcrumb":{"@id":"https:\/\/www.campelplanet.com\/es\/ciclismo\/#breadcrumb"},"inLanguage":"es","potentialAction":[{"@type":"ReadAction","target":["https:\/\/www.campelplanet.com\/es\/ciclismo\/"]}]},{"@type":"ImageObject","inLanguage":"es","@id":"https:\/\/www.campelplanet.com\/es\/ciclismo\/#primaryimage","url":"https:\/\/www.campelplanet.com\/wp-content\/uploads\/2024\/01\/pexels-do-castle-2270328-scaled.jpg","contentUrl":"https:\/\/www.campelplanet.com\/wp-content\/uploads\/2024\/01\/pexels-do-castle-2270328-scaled.jpg","width":2560,"height":1707,"caption":"Cycling"},{"@type":"BreadcrumbList","@id":"https:\/\/www.campelplanet.com\/es\/ciclismo\/#breadcrumb","itemListElement":[{"@type":"ListItem","position":1,"name":"Home","item":"https:\/\/www.campelplanet.com\/es\/"},{"@type":"ListItem","position":2,"name":"Ciclismo"}]},{"@type":"WebSite","@id":"https:\/\/www.campelplanet.com\/es\/#website","url":"https:\/\/www.campelplanet.com\/es\/","name":"Camp El Planet's","description":"The soul of the Costa Blanca","publisher":{"@id":"https:\/\/www.campelplanet.com\/es\/#organization"},"potentialAction":[{"@type":"SearchAction","target":{"@type":"EntryPoint","urlTemplate":"https:\/\/www.campelplanet.com\/es\/?s={search_term_string}"},"query-input":{"@type":"PropertyValueSpecification","valueRequired":true,"valueName":"search_term_string"}}],"inLanguage":"es"},{"@type":"Organization","@id":"https:\/\/www.campelplanet.com\/es\/#organization","name":"Camp El Planet's","url":"https:\/\/www.campelplanet.com\/es\/","logo":{"@type":"ImageObject","inLanguage":"es","@id":"https:\/\/www.campelplanet.com\/es\/#\/schema\/logo\/image\/","url":"https:\/\/www.campelplanet.com\/wp-content\/uploads\/2024\/01\/cropped-CampElPlanet_bla.png","contentUrl":"https:\/\/www.campelplanet.com\/wp-content\/uploads\/2024\/01\/cropped-CampElPlanet_bla.png","width":440,"height":256,"caption":"Camp El Planet's"},"image":{"@id":"https:\/\/www.campelplanet.com\/es\/#\/schema\/logo\/image\/"},"sameAs":["https:\/\/www.facebook.com\/campelplanet","https:\/\/www.instagram.com\/campelplanet\/"]}]}},"_links":{"self":[{"href":"https:\/\/www.campelplanet.com\/es\/wp-json\/wp\/v2\/pages\/827","targetHints":{"allow":["GET"]}}],"collection":[{"href":"https:\/\/www.campelplanet.com\/es\/wp-json\/wp\/v2\/pages"}],"about":[{"href":"https:\/\/www.campelplanet.com\/es\/wp-json\/wp\/v2\/types\/page"}],"author":[{"embeddable":true,"href":"https:\/\/www.campelplanet.com\/es\/wp-json\/wp\/v2\/users\/1"}],"replies":[{"embeddable":true,"href":"https:\/\/www.campelplanet.com\/es\/wp-json\/wp\/v2\/comments?post=827"}],"version-history":[{"count":1,"href":"https:\/\/www.campelplanet.com\/es\/wp-json\/wp\/v2\/pages\/827\/revisions"}],"predecessor-version":[{"id":5650,"href":"https:\/\/www.campelplanet.com\/es\/wp-json\/wp\/v2\/pages\/827\/revisions\/5650"}],"wp:featuredmedia":[{"embeddable":true,"href":"https:\/\/www.campelplanet.com\/es\/wp-json\/wp\/v2\/media\/703"}],"wp:attachment":[{"href":"https:\/\/www.campelplanet.com\/es\/wp-json\/wp\/v2\/media?parent=827"}],"curies":[{"name":"wp","href":"https:\/\/api.w.org\/{rel}","templated":true}]}}