{"id":1011,"date":"2024-01-02T08:59:51","date_gmt":"2024-01-02T07:59:51","guid":{"rendered":"https:\/\/www.campelplanet.com\/campamento-el-planeta\/"},"modified":"2025-11-23T18:28:18","modified_gmt":"2025-11-23T17:28:18","slug":"campamento-el-planeta","status":"publish","type":"page","link":"https:\/\/www.campelplanet.com\/es\/campamento-el-planeta\/","title":{"rendered":"Camp el Planet"},"content":{"rendered":"\t\t<div data-elementor-type=\"wp-page\" data-elementor-id=\"1011\" class=\"elementor elementor-1011 elementor-69\" data-elementor-post-type=\"page\">\n\t\t\t\t\t\t<section class=\"elementor-section elementor-top-section elementor-element elementor-element-bb1130a elementor-section-boxed elementor-section-height-default elementor-section-height-default\" data-id=\"bb1130a\" data-element_type=\"section\" data-e-type=\"section\" data-settings=\"{&quot;background_background&quot;:&quot;classic&quot;}\">\n\t\t\t\t\t\t\t<div class=\"elementor-background-overlay\"><\/div>\n\t\t\t\t\t\t\t<div class=\"elementor-container elementor-column-gap-no\">\n\t\t\t\t\t<div class=\"elementor-column elementor-col-50 elementor-top-column elementor-element elementor-element-287fc607\" data-id=\"287fc607\" data-element_type=\"column\" data-e-type=\"column\">\n\t\t\t<div class=\"elementor-widget-wrap elementor-element-populated\">\n\t\t\t\t\t\t<div class=\"elementor-element elementor-element-6d1ffc9f elementor-widget elementor-widget-heading\" data-id=\"6d1ffc9f\" data-element_type=\"widget\" data-e-type=\"widget\" data-widget_type=\"heading.default\">\n\t\t\t\t\t<h2 class=\"elementor-heading-title elementor-size-default\">Camp El Planet<\/h2>\t\t\t\t<\/div>\n\t\t\t\t<div class=\"elementor-element elementor-element-29ab9001 elementor-widget elementor-widget-text-editor\" data-id=\"29ab9001\" data-element_type=\"widget\" data-e-type=\"widget\" data-widget_type=\"text-editor.default\">\n\t\t\t\t\t\t\t\t\t<p>Nuestra misi\u00f3n es brindar a nuestros clientes una experiencia \u00fanica; Nuestro objetivo es superar sus expectativas brind\u00e1ndoles los m\u00e1s altos est\u00e1ndares en ubicaci\u00f3n, alojamiento, servicio personalizado y actividades deportivas y de ocio, incorporando al mismo tiempo el encanto, la historia y las costumbres de Espa\u00f1a y la Costa Blanca.<\/p>\t\t\t\t\t\t\t\t<\/div>\n\t\t\t\t\t<\/div>\n\t\t<\/div>\n\t\t\t\t<div class=\"elementor-column elementor-col-50 elementor-top-column elementor-element elementor-element-9e11deb\" data-id=\"9e11deb\" data-element_type=\"column\" data-e-type=\"column\">\n\t\t\t<div class=\"elementor-widget-wrap\">\n\t\t\t\t\t\t\t<\/div>\n\t\t<\/div>\n\t\t\t\t\t<\/div>\n\t\t<\/section>\n\t\t\t\t<section class=\"elementor-section elementor-top-section elementor-element elementor-element-afa8c84 elementor-section-boxed elementor-section-height-default elementor-section-height-default\" data-id=\"afa8c84\" data-element_type=\"section\" data-e-type=\"section\">\n\t\t\t\t\t\t<div class=\"elementor-container elementor-column-gap-no\">\n\t\t\t\t\t<div class=\"elementor-column elementor-col-50 elementor-top-column elementor-element elementor-element-2ea359d elementor-hidden-phone\" data-id=\"2ea359d\" data-element_type=\"column\" data-e-type=\"column\">\n\t\t\t<div class=\"elementor-widget-wrap elementor-element-populated\">\n\t\t\t\t\t\t<div class=\"elementor-element elementor-element-9960843 elementor-widget elementor-widget-image\" data-id=\"9960843\" data-element_type=\"widget\" data-e-type=\"widget\" data-widget_type=\"image.default\">\n\t\t\t\t\t\t\t\t\t\t\t\t\t\t\t<img fetchpriority=\"high\" decoding=\"async\" width=\"1920\" height=\"1280\" src=\"https:\/\/www.campelplanet.com\/wp-content\/uploads\/2024\/12\/Aparthotel-El-Camp-Outside-View-12-Fotografo-Nelly-del-Arbo-scaled-1.webp\" class=\"attachment-full size-full wp-image-4804\" alt=\"\" srcset=\"https:\/\/www.campelplanet.com\/wp-content\/uploads\/2024\/12\/Aparthotel-El-Camp-Outside-View-12-Fotografo-Nelly-del-Arbo-scaled-1.webp 1920w, https:\/\/www.campelplanet.com\/wp-content\/uploads\/2024\/12\/Aparthotel-El-Camp-Outside-View-12-Fotografo-Nelly-del-Arbo-scaled-1-300x200.webp 300w, https:\/\/www.campelplanet.com\/wp-content\/uploads\/2024\/12\/Aparthotel-El-Camp-Outside-View-12-Fotografo-Nelly-del-Arbo-scaled-1-1024x683.webp 1024w, https:\/\/www.campelplanet.com\/wp-content\/uploads\/2024\/12\/Aparthotel-El-Camp-Outside-View-12-Fotografo-Nelly-del-Arbo-scaled-1-768x512.webp 768w, https:\/\/www.campelplanet.com\/wp-content\/uploads\/2024\/12\/Aparthotel-El-Camp-Outside-View-12-Fotografo-Nelly-del-Arbo-scaled-1-1536x1024.webp 1536w\" sizes=\"(max-width: 1920px) 100vw, 1920px\" \/>\t\t\t\t\t\t\t\t\t\t\t\t\t\t\t<\/div>\n\t\t\t\t\t<\/div>\n\t\t<\/div>\n\t\t\t\t<div class=\"elementor-column elementor-col-50 elementor-top-column elementor-element elementor-element-9478ae4\" data-id=\"9478ae4\" data-element_type=\"column\" data-e-type=\"column\">\n\t\t\t<div class=\"elementor-widget-wrap elementor-element-populated\">\n\t\t\t\t\t\t<div class=\"elementor-element elementor-element-f32c73f elementor-widget elementor-widget-heading\" data-id=\"f32c73f\" data-element_type=\"widget\" data-e-type=\"widget\" data-widget_type=\"heading.default\">\n\t\t\t\t\t<h2 class=\"elementor-heading-title elementor-size-default\">El refugio espa\u00f1ol aislado de Camp El Planet.<\/h2>\t\t\t\t<\/div>\n\t\t\t\t<div class=\"elementor-element elementor-element-59955c7 elementor-widget elementor-widget-text-editor\" data-id=\"59955c7\" data-element_type=\"widget\" data-e-type=\"widget\" data-widget_type=\"text-editor.default\">\n\t\t\t\t\t\t\t\t\t<p><strong><span style=\"color: #003366;\">Camp El Planet es un Aparthotel que consta de 11 apartamentos tipo estudio que var\u00edan en tama\u00f1o desde 28 M2 hasta 52 M2. Ocho de los estudios suelen tener capacidad para dos o tres personas, mientras que en tres de ellos pueden alojarse tres o m\u00e1s.<\/span><\/strong><\/p>\t\t\t\t\t\t\t\t<\/div>\n\t\t\t\t<section class=\"elementor-section elementor-inner-section elementor-element elementor-element-d7f54ef elementor-section-boxed elementor-section-height-default elementor-section-height-default\" data-id=\"d7f54ef\" data-element_type=\"section\" data-e-type=\"section\">\n\t\t\t\t\t\t<div class=\"elementor-container elementor-column-gap-no\">\n\t\t\t\t\t<div class=\"elementor-column elementor-col-100 elementor-inner-column elementor-element elementor-element-c9f95a8\" data-id=\"c9f95a8\" data-element_type=\"column\" data-e-type=\"column\" data-settings=\"{&quot;background_background&quot;:&quot;classic&quot;}\">\n\t\t\t<div class=\"elementor-widget-wrap elementor-element-populated\">\n\t\t\t\t\t\t<div class=\"elementor-element elementor-element-b3095b5 elementor-widget elementor-widget-text-editor\" data-id=\"b3095b5\" data-element_type=\"widget\" data-e-type=\"widget\" data-widget_type=\"text-editor.default\">\n\t\t\t\t\t\t\t\t\t<p><strong><span style=\"color: #003366;\">Las personas que viajan en grupos normalmente prefieren tener a todos reunidos en un solo lugar; y <a href=\"https:\/\/www.groupaccommodation.com\/properties\/camp-el-planet-altea-valencia-spain\" target=\"_blank\" rel=\"noopener\">Camp El Planet<\/a> ofrece alojamiento y comida para <a href=\"https:\/\/www.campelplanet.com\/es\/alojamiento-para-grupos\/\" target=\"_blank\" rel=\"noopener\">grupos<\/a> (grandes) en un lugar tranquilo y apartado; pero a\u00fan a poca distancia de la costa, monta\u00f1a, campos deportivos, aeropuerto y pueblos cercanos como Altea, Alfaz y Albir. Creemos que tener a todo el grupo reunido en un solo lugar reforzar\u00e1 la cohesi\u00f3n y facilitar\u00e1 v\u00ednculos sociales m\u00e1s fuertes.<\/span><\/strong><\/p>\t\t\t\t\t\t\t\t<\/div>\n\t\t\t\t\t<\/div>\n\t\t<\/div>\n\t\t\t\t\t<\/div>\n\t\t<\/section>\n\t\t\t\t\t<\/div>\n\t\t<\/div>\n\t\t\t\t\t<\/div>\n\t\t<\/section>\n\t\t\t\t<\/div>\n\t\t","protected":false},"excerpt":{"rendered":"<p>Camp El Planet Nuestra misi\u00f3n es brindar a nuestros clientes una experiencia \u00fanica; Nuestro objetivo es superar sus expectativas brind\u00e1ndoles los m\u00e1s altos est\u00e1ndares en ubicaci\u00f3n, alojamiento, servicio personalizado y actividades deportivas y de ocio, incorporando al mismo tiempo el encanto, la historia y las costumbres de Espa\u00f1a y la Costa Blanca. El refugio espa\u00f1ol [&hellip;]<\/p>\n","protected":false},"author":1,"featured_media":593,"parent":0,"menu_order":0,"comment_status":"closed","ping_status":"closed","template":"elementor_header_footer","meta":{"footnotes":""},"class_list":["post-1011","page","type-page","status-publish","has-post-thumbnail","hentry"],"yoast_head":"<!-- This site is optimized with the Yoast SEO Premium plugin v27.4 (Yoast SEO v27.4) - https:\/\/yoast.com\/product\/yoast-seo-premium-wordpress\/ -->\n<title>Camp el Planet - Camp El Planet<\/title>\n<meta name=\"description\" content=\"Camp El Planet es un Aparthotel que consta de 11 apartamentos tipo estudio que var\u00edan en tama\u00f1o desde 28 M2 hasta 52 M2. Ocho de los estudios...\" \/>\n<meta name=\"robots\" content=\"index, follow, max-snippet:-1, max-image-preview:large, max-video-preview:-1\" \/>\n<link rel=\"canonical\" href=\"https:\/\/www.campelplanet.com\/es\/campamento-el-planeta\/\" \/>\n<meta property=\"og:locale\" content=\"es_ES\" \/>\n<meta property=\"og:type\" content=\"article\" \/>\n<meta property=\"og:title\" content=\"Camp el Planet\" \/>\n<meta property=\"og:description\" content=\"Camp El Planet es un Aparthotel que consta de 11 apartamentos tipo estudio que var\u00edan en tama\u00f1o desde 28 M2 hasta 52 M2. Ocho de los estudios...\" \/>\n<meta property=\"og:url\" content=\"https:\/\/www.campelplanet.com\/es\/campamento-el-planeta\/\" \/>\n<meta property=\"og:site_name\" content=\"Camp El Planet\" \/>\n<meta property=\"article:publisher\" content=\"https:\/\/www.facebook.com\/campelplanet\" \/>\n<meta property=\"article:modified_time\" content=\"2025-11-23T17:28:18+00:00\" \/>\n<meta property=\"og:image\" content=\"https:\/\/www.campelplanet.com\/wp-content\/uploads\/2024\/01\/2015-04-07-20.40.43-e1581328622400.jpg\" \/>\n\t<meta property=\"og:image:width\" content=\"1300\" \/>\n\t<meta property=\"og:image:height\" content=\"1733\" \/>\n\t<meta property=\"og:image:type\" content=\"image\/jpeg\" \/>\n<meta name=\"twitter:card\" content=\"summary_large_image\" \/>\n<meta name=\"twitter:label1\" content=\"Tiempo de lectura\" \/>\n\t<meta name=\"twitter:data1\" content=\"1 minuto\" \/>\n<script type=\"application\/ld+json\" class=\"yoast-schema-graph\">{\"@context\":\"https:\\\/\\\/schema.org\",\"@graph\":[{\"@type\":\"WebPage\",\"@id\":\"https:\\\/\\\/www.campelplanet.com\\\/es\\\/campamento-el-planeta\\\/\",\"url\":\"https:\\\/\\\/www.campelplanet.com\\\/es\\\/campamento-el-planeta\\\/\",\"name\":\"Camp el Planet - Camp El Planet\",\"isPartOf\":{\"@id\":\"https:\\\/\\\/www.campelplanet.com\\\/es\\\/#website\"},\"primaryImageOfPage\":{\"@id\":\"https:\\\/\\\/www.campelplanet.com\\\/es\\\/campamento-el-planeta\\\/#primaryimage\"},\"image\":{\"@id\":\"https:\\\/\\\/www.campelplanet.com\\\/es\\\/campamento-el-planeta\\\/#primaryimage\"},\"thumbnailUrl\":\"https:\\\/\\\/www.campelplanet.com\\\/wp-content\\\/uploads\\\/2024\\\/01\\\/2015-04-07-20.40.43-e1581328622400.jpg\",\"datePublished\":\"2024-01-02T07:59:51+00:00\",\"dateModified\":\"2025-11-23T17:28:18+00:00\",\"description\":\"Camp El Planet es un Aparthotel que consta de 11 apartamentos tipo estudio que var\u00edan en tama\u00f1o desde 28 M2 hasta 52 M2. Ocho de los estudios...\",\"breadcrumb\":{\"@id\":\"https:\\\/\\\/www.campelplanet.com\\\/es\\\/campamento-el-planeta\\\/#breadcrumb\"},\"inLanguage\":\"es\",\"potentialAction\":[{\"@type\":\"ReadAction\",\"target\":[\"https:\\\/\\\/www.campelplanet.com\\\/es\\\/campamento-el-planeta\\\/\"]}]},{\"@type\":\"ImageObject\",\"inLanguage\":\"es\",\"@id\":\"https:\\\/\\\/www.campelplanet.com\\\/es\\\/campamento-el-planeta\\\/#primaryimage\",\"url\":\"https:\\\/\\\/www.campelplanet.com\\\/wp-content\\\/uploads\\\/2024\\\/01\\\/2015-04-07-20.40.43-e1581328622400.jpg\",\"contentUrl\":\"https:\\\/\\\/www.campelplanet.com\\\/wp-content\\\/uploads\\\/2024\\\/01\\\/2015-04-07-20.40.43-e1581328622400.jpg\",\"width\":1300,\"height\":1733,\"caption\":\"Camp El Planet\"},{\"@type\":\"BreadcrumbList\",\"@id\":\"https:\\\/\\\/www.campelplanet.com\\\/es\\\/campamento-el-planeta\\\/#breadcrumb\",\"itemListElement\":[{\"@type\":\"ListItem\",\"position\":1,\"name\":\"Home\",\"item\":\"https:\\\/\\\/www.campelplanet.com\\\/es\\\/\"},{\"@type\":\"ListItem\",\"position\":2,\"name\":\"Camp el Planet\"}]},{\"@type\":\"WebSite\",\"@id\":\"https:\\\/\\\/www.campelplanet.com\\\/es\\\/#website\",\"url\":\"https:\\\/\\\/www.campelplanet.com\\\/es\\\/\",\"name\":\"Camp El Planet's\",\"description\":\"The soul of the Costa Blanca\",\"publisher\":{\"@id\":\"https:\\\/\\\/www.campelplanet.com\\\/es\\\/#organization\"},\"potentialAction\":[{\"@type\":\"SearchAction\",\"target\":{\"@type\":\"EntryPoint\",\"urlTemplate\":\"https:\\\/\\\/www.campelplanet.com\\\/es\\\/?s={search_term_string}\"},\"query-input\":{\"@type\":\"PropertyValueSpecification\",\"valueRequired\":true,\"valueName\":\"search_term_string\"}}],\"inLanguage\":\"es\"},{\"@type\":\"Organization\",\"@id\":\"https:\\\/\\\/www.campelplanet.com\\\/es\\\/#organization\",\"name\":\"Camp El Planet's\",\"url\":\"https:\\\/\\\/www.campelplanet.com\\\/es\\\/\",\"logo\":{\"@type\":\"ImageObject\",\"inLanguage\":\"es\",\"@id\":\"https:\\\/\\\/www.campelplanet.com\\\/es\\\/#\\\/schema\\\/logo\\\/image\\\/\",\"url\":\"https:\\\/\\\/www.campelplanet.com\\\/wp-content\\\/uploads\\\/2024\\\/01\\\/cropped-CampElPlanet_bla.png\",\"contentUrl\":\"https:\\\/\\\/www.campelplanet.com\\\/wp-content\\\/uploads\\\/2024\\\/01\\\/cropped-CampElPlanet_bla.png\",\"width\":440,\"height\":256,\"caption\":\"Camp El Planet's\"},\"image\":{\"@id\":\"https:\\\/\\\/www.campelplanet.com\\\/es\\\/#\\\/schema\\\/logo\\\/image\\\/\"},\"sameAs\":[\"https:\\\/\\\/www.facebook.com\\\/campelplanet\",\"https:\\\/\\\/www.instagram.com\\\/campelplanet\\\/\"]}]}<\/script>\n<!-- \/ Yoast SEO Premium plugin. -->","yoast_head_json":{"title":"Camp el Planet - Camp El Planet","description":"Camp El Planet es un Aparthotel que consta de 11 apartamentos tipo estudio que var\u00edan en tama\u00f1o desde 28 M2 hasta 52 M2. Ocho de los estudios...","robots":{"index":"index","follow":"follow","max-snippet":"max-snippet:-1","max-image-preview":"max-image-preview:large","max-video-preview":"max-video-preview:-1"},"canonical":"https:\/\/www.campelplanet.com\/es\/campamento-el-planeta\/","og_locale":"es_ES","og_type":"article","og_title":"Camp el Planet","og_description":"Camp El Planet es un Aparthotel que consta de 11 apartamentos tipo estudio que var\u00edan en tama\u00f1o desde 28 M2 hasta 52 M2. Ocho de los estudios...","og_url":"https:\/\/www.campelplanet.com\/es\/campamento-el-planeta\/","og_site_name":"Camp El Planet","article_publisher":"https:\/\/www.facebook.com\/campelplanet","article_modified_time":"2025-11-23T17:28:18+00:00","og_image":[{"width":1300,"height":1733,"url":"https:\/\/www.campelplanet.com\/wp-content\/uploads\/2024\/01\/2015-04-07-20.40.43-e1581328622400.jpg","type":"image\/jpeg"}],"twitter_card":"summary_large_image","twitter_misc":{"Tiempo de lectura":"1 minuto"},"schema":{"@context":"https:\/\/schema.org","@graph":[{"@type":"WebPage","@id":"https:\/\/www.campelplanet.com\/es\/campamento-el-planeta\/","url":"https:\/\/www.campelplanet.com\/es\/campamento-el-planeta\/","name":"Camp el Planet - Camp El Planet","isPartOf":{"@id":"https:\/\/www.campelplanet.com\/es\/#website"},"primaryImageOfPage":{"@id":"https:\/\/www.campelplanet.com\/es\/campamento-el-planeta\/#primaryimage"},"image":{"@id":"https:\/\/www.campelplanet.com\/es\/campamento-el-planeta\/#primaryimage"},"thumbnailUrl":"https:\/\/www.campelplanet.com\/wp-content\/uploads\/2024\/01\/2015-04-07-20.40.43-e1581328622400.jpg","datePublished":"2024-01-02T07:59:51+00:00","dateModified":"2025-11-23T17:28:18+00:00","description":"Camp El Planet es un Aparthotel que consta de 11 apartamentos tipo estudio que var\u00edan en tama\u00f1o desde 28 M2 hasta 52 M2. Ocho de los estudios...","breadcrumb":{"@id":"https:\/\/www.campelplanet.com\/es\/campamento-el-planeta\/#breadcrumb"},"inLanguage":"es","potentialAction":[{"@type":"ReadAction","target":["https:\/\/www.campelplanet.com\/es\/campamento-el-planeta\/"]}]},{"@type":"ImageObject","inLanguage":"es","@id":"https:\/\/www.campelplanet.com\/es\/campamento-el-planeta\/#primaryimage","url":"https:\/\/www.campelplanet.com\/wp-content\/uploads\/2024\/01\/2015-04-07-20.40.43-e1581328622400.jpg","contentUrl":"https:\/\/www.campelplanet.com\/wp-content\/uploads\/2024\/01\/2015-04-07-20.40.43-e1581328622400.jpg","width":1300,"height":1733,"caption":"Camp El Planet"},{"@type":"BreadcrumbList","@id":"https:\/\/www.campelplanet.com\/es\/campamento-el-planeta\/#breadcrumb","itemListElement":[{"@type":"ListItem","position":1,"name":"Home","item":"https:\/\/www.campelplanet.com\/es\/"},{"@type":"ListItem","position":2,"name":"Camp el Planet"}]},{"@type":"WebSite","@id":"https:\/\/www.campelplanet.com\/es\/#website","url":"https:\/\/www.campelplanet.com\/es\/","name":"Camp El Planet's","description":"The soul of the Costa Blanca","publisher":{"@id":"https:\/\/www.campelplanet.com\/es\/#organization"},"potentialAction":[{"@type":"SearchAction","target":{"@type":"EntryPoint","urlTemplate":"https:\/\/www.campelplanet.com\/es\/?s={search_term_string}"},"query-input":{"@type":"PropertyValueSpecification","valueRequired":true,"valueName":"search_term_string"}}],"inLanguage":"es"},{"@type":"Organization","@id":"https:\/\/www.campelplanet.com\/es\/#organization","name":"Camp El Planet's","url":"https:\/\/www.campelplanet.com\/es\/","logo":{"@type":"ImageObject","inLanguage":"es","@id":"https:\/\/www.campelplanet.com\/es\/#\/schema\/logo\/image\/","url":"https:\/\/www.campelplanet.com\/wp-content\/uploads\/2024\/01\/cropped-CampElPlanet_bla.png","contentUrl":"https:\/\/www.campelplanet.com\/wp-content\/uploads\/2024\/01\/cropped-CampElPlanet_bla.png","width":440,"height":256,"caption":"Camp El Planet's"},"image":{"@id":"https:\/\/www.campelplanet.com\/es\/#\/schema\/logo\/image\/"},"sameAs":["https:\/\/www.facebook.com\/campelplanet","https:\/\/www.instagram.com\/campelplanet\/"]}]}},"_links":{"self":[{"href":"https:\/\/www.campelplanet.com\/es\/wp-json\/wp\/v2\/pages\/1011","targetHints":{"allow":["GET"]}}],"collection":[{"href":"https:\/\/www.campelplanet.com\/es\/wp-json\/wp\/v2\/pages"}],"about":[{"href":"https:\/\/www.campelplanet.com\/es\/wp-json\/wp\/v2\/types\/page"}],"author":[{"embeddable":true,"href":"https:\/\/www.campelplanet.com\/es\/wp-json\/wp\/v2\/users\/1"}],"replies":[{"embeddable":true,"href":"https:\/\/www.campelplanet.com\/es\/wp-json\/wp\/v2\/comments?post=1011"}],"version-history":[{"count":1,"href":"https:\/\/www.campelplanet.com\/es\/wp-json\/wp\/v2\/pages\/1011\/revisions"}],"predecessor-version":[{"id":5739,"href":"https:\/\/www.campelplanet.com\/es\/wp-json\/wp\/v2\/pages\/1011\/revisions\/5739"}],"wp:featuredmedia":[{"embeddable":true,"href":"https:\/\/www.campelplanet.com\/es\/wp-json\/wp\/v2\/media\/593"}],"wp:attachment":[{"href":"https:\/\/www.campelplanet.com\/es\/wp-json\/wp\/v2\/media?parent=1011"}],"curies":[{"name":"wp","href":"https:\/\/api.w.org\/{rel}","templated":true}]}}