{"id":1007,"date":"2024-01-04T04:25:24","date_gmt":"2024-01-04T03:25:24","guid":{"rendered":"https:\/\/www.campelplanet.com\/familias-activas\/"},"modified":"2024-12-24T10:24:10","modified_gmt":"2024-12-24T09:24:10","slug":"familias-activas","status":"publish","type":"page","link":"https:\/\/www.campelplanet.com\/es\/familias-activas\/","title":{"rendered":"Familias Activas"},"content":{"rendered":"\t\t<div data-elementor-type=\"wp-page\" data-elementor-id=\"1007\" class=\"elementor elementor-1007 elementor-324\" data-elementor-post-type=\"page\">\n\t\t\t\t\t\t<section class=\"elementor-section elementor-top-section elementor-element elementor-element-19f53f3 elementor-section-boxed elementor-section-height-default elementor-section-height-default\" data-id=\"19f53f3\" data-element_type=\"section\" data-e-type=\"section\" data-settings=\"{&quot;background_background&quot;:&quot;classic&quot;}\">\n\t\t\t\t\t\t<div class=\"elementor-container elementor-column-gap-no\">\n\t\t\t\t\t<div class=\"elementor-column elementor-col-100 elementor-top-column elementor-element elementor-element-eedf244\" data-id=\"eedf244\" data-element_type=\"column\" data-e-type=\"column\">\n\t\t\t<div class=\"elementor-widget-wrap elementor-element-populated\">\n\t\t\t\t\t\t<div class=\"elementor-element elementor-element-72eaeb0 elementor-widget elementor-widget-heading\" data-id=\"72eaeb0\" data-element_type=\"widget\" data-e-type=\"widget\" data-widget_type=\"heading.default\">\n\t\t\t\t\t<h2 class=\"elementor-heading-title elementor-size-default\">Actividades para la familia<\/h2>\t\t\t\t<\/div>\n\t\t\t\t\t<\/div>\n\t\t<\/div>\n\t\t\t\t\t<\/div>\n\t\t<\/section>\n\t\t<div class=\"elementor-element elementor-element-2a04ba1 e-flex e-con-boxed e-con e-parent\" data-id=\"2a04ba1\" data-element_type=\"container\" data-e-type=\"container\">\n\t\t\t\t\t<div class=\"e-con-inner\">\n\t\t\t\t<div class=\"elementor-element elementor-element-299f2ce elementor-widget elementor-widget-text-editor\" data-id=\"299f2ce\" data-element_type=\"widget\" data-e-type=\"widget\" data-widget_type=\"text-editor.default\">\n\t\t\t\t\t\t\t\t\t<span style=\"text-align: var(--text-align); color: var( --e-global-color-text );\"><span style=\"color: #000080;\"><strong>La Costa Blanca ofrece una gran cantidad de posibilidades para quienes buscan unas vacaciones activas. Ya hemos introducido varios de ellos; ciclismo, senderismo, escalada, golf y deportes de equipo como f\u00fatbol y balonmano. Hay numerosos clubes de tenis y pistas de tenis (tanto regulares como de p\u00e1del) en la zona y hay amplia capacidad para aquellos que quieran golpear unas cuantas pelotas. Existe la posibilidad de montar a caballo y en Busot encontramos el sistema de cuevas m\u00e1s grande y profundo de Espa\u00f1a. En cuanto a los deportes acu\u00e1ticos existen muchas posibilidades; vela, windsurf, kayak de mar, kitesurf, paddle surf y snorkel. Evidentemente algunas de estas actividades no son aptas para ni\u00f1os menores de cierta edad.\n\nA continuaci\u00f3n enumeramos algunas actividades que creemos que muchos encontrar\u00e1n interesantes. Hemos tratado de mantenernos alejados de las trampas tur\u00edsticas obvias aqu\u00ed, pero le sugerimos que consulte sus sitios web de antemano.\n<ul>\n \t<li>Terra M\u00edtica en Finestrat <em><strong><a style=\"color: #ff6600;\" href=\"http:\/\/(www.terramiticapark.com\/\" target=\"_blank\" rel=\"noopener\">(www.terramiticapark.com)<\/a>.<\/strong><\/em> Gigantesco parque tem\u00e1tico; Contiene de todo, desde monta\u00f1as rusas hasta toboganes de agua. Espect\u00e1culos diarios, muchas tiendas y restaurantes. El parque est\u00e1 dividido en \u00e1reas tem\u00e1ticas basadas en las antiguas grandes civilizaciones mediterr\u00e1neas (egipcia, romana, griega e \u00edbera).<\/li>\n \t<li>Las Cuevas de Canelobre en Busot <em><a style=\"color: #ff6600;\" title=\"Cuevas en Busot\" href=\"http:\/\/www.cuevasdecanelobre.com\/\" target=\"_blank\" rel=\"noopener\"><strong>(www.cuevasdecanelobre.com)<\/strong><\/a><\/em>. Cueva enorme y espectacular; Una iluminaci\u00f3n especial y una ac\u00fastica magn\u00edfica lo convierten tambi\u00e9n en un lugar interesante para conciertos.<\/li>\n \t<li>Mundomar en Benidorm <em><strong><a style=\"color: #ff6600;\" href=\"http:\/\/www.mundomar.es\/\">(www.mundomar.es)<\/a><\/strong><\/em>; un enorme parque marino con espectaculares espect\u00e1culos de delfines, leones marinos y loros. Tambi\u00e9n se pueden admirar ping\u00fcinos, flamencos y tortugas.<\/li>\n \t<li>Safari Aitana en Pen\u00e2guila <em><strong><a style=\"color: #ff6600;\" href=\"http:\/\/www.safariaitana.com\/\">(www.safariaitana.com)<\/a><\/strong><\/em>; parque safari con animales de los cinco continentes, incluidos leones, tigres, jirafas, elefantes, panteras y m\u00e1s. Safaris guiados en una gran reserva natural de 1.500.000 M2.<\/li>\n \t<li>Aqualandia en Benidorm <em><strong><a style=\"color: #ff6600;\" href=\"http:\/\/www.aqualandia.net\/\">(www.aqualandia.net)<\/a><\/strong><\/em>; parque acu\u00e1tico con una amplia gama de actividades; Inaugurado en 1985 y desde entonces se ha ido ampliando gradualmente; hoy uno de los m\u00e1s grandes de su tipo a nivel mundial; Contiene numerosos toboganes y piscinas. Para ni\u00f1os de todas las edades posiblemente la atracci\u00f3n \u201cm\u00e1s divertida\u201d que encontrar\u00e1s en Espa\u00f1a.<\/li>\n \t<li>Terra Natura en Benidorm <em><strong><a style=\"color: #ff6600;\" href=\"http:\/\/www.terranatura.com\/\">(www.terranatura.com)<\/a><\/strong><\/em>; un parque natural de nueva generaci\u00f3n en el que entras en contacto con los animales como si no hubiera barreras entre vosotros, al menos no visibles; 1.500 animales de 200 especies diferentes, 50 de las cuales se encuentran en grave peligro de extinci\u00f3n.<\/li>\n \t<li>Aqua Natura (ubicada cerca y comparte web con Terra Natura); Contiene vestuarios, piscinas, chiringuitos y m\u00e1s de 1.000 metros de emocionantes toboganes y zonas de ba\u00f1o exclusivas para ni\u00f1os.<\/li>\n \t<li>Mundo Marino <em><a style=\"color: #ff6600;\" title=\"Mundo Marino\" href=\"http:\/\/www.mundomarino.es\/\" target=\"_blank\" rel=\"noopener\"><strong>(www.mundomarino.es)<\/strong><\/a><\/em>; Paseo en un barco con fondo de cristal que muestra la impresionante costa. Sale desde Denia, J\u00e1vea, Calpe y Altea. Ofrece tambi\u00e9n excursiones de d\u00eda completo con comidas a bordo.<\/li>\n \t<li>Karting en Villajoyosa <em><strong><a style=\"color: #ff6600;\" href=\"http:\/\/www.kartinglavila.es\/\">(www.kartinglavila.es)<\/a><\/strong><\/em> o en Finestrat <em><strong><a style=\"color: #ff6600;\" href=\"http:\/\/www.kartingfinestrat.com\/\">(www.kartingfinestrat.com)<\/a><\/strong><\/em>. El primero es m\u00e1s adecuado para quienes tienen un presupuesto limitado y no tienen otra ambici\u00f3n que divertirse; este \u00faltimo para aquellos que quieran vivir la experiencia de competir en uno de los mejores circuitos de karts de Europa.<\/li>\n \t<li>Her er en video som gir fugleperspektiv over Costa Blanca<strong>: <a style=\"color: #ff6600;\" title=\"costablanca\" href=\"http:\/\/youtu.be\/35BWVquL3dQ\" target=\"_blank\" rel=\"noopener\">Video of Costa Blanca<\/a>\u00ab<\/strong><\/li>\n<\/ul>\t\t\t\t\t\t\t\t<\/div>\n\t\t\t\t\t<\/div>\n\t\t\t\t<\/div>\n\t\t\t\t<\/div>\n\t\t","protected":false},"excerpt":{"rendered":"<p>Actividades para la familia La Costa Blanca ofrece una gran cantidad de posibilidades para quienes buscan unas vacaciones activas. Ya hemos introducido varios de ellos; ciclismo, senderismo, escalada, golf y deportes de equipo como f\u00fatbol y balonmano. Hay numerosos clubes de tenis y pistas de tenis (tanto regulares como de p\u00e1del) en la zona y [&hellip;]<\/p>\n","protected":false},"author":1,"featured_media":0,"parent":0,"menu_order":0,"comment_status":"closed","ping_status":"closed","template":"elementor_header_footer","meta":{"footnotes":""},"class_list":["post-1007","page","type-page","status-publish","hentry"],"yoast_head":"<!-- This site is optimized with the Yoast SEO Premium plugin v27.4 (Yoast SEO v27.4) - https:\/\/yoast.com\/product\/yoast-seo-premium-wordpress\/ -->\n<title>Familias Activas - Camp El Planet<\/title>\n<meta name=\"robots\" content=\"index, follow, max-snippet:-1, max-image-preview:large, max-video-preview:-1\" \/>\n<link rel=\"canonical\" href=\"https:\/\/www.campelplanet.com\/es\/familias-activas\/\" \/>\n<meta property=\"og:locale\" content=\"es_ES\" \/>\n<meta property=\"og:type\" content=\"article\" \/>\n<meta property=\"og:title\" content=\"Familias Activas\" \/>\n<meta property=\"og:description\" content=\"Actividades para la familia La Costa Blanca ofrece una gran cantidad de posibilidades para quienes buscan unas vacaciones activas. Ya hemos introducido varios de ellos; ciclismo, senderismo, escalada, golf y deportes de equipo como f\u00fatbol y balonmano. Hay numerosos clubes de tenis y pistas de tenis (tanto regulares como de p\u00e1del) en la zona y [&hellip;]\" \/>\n<meta property=\"og:url\" content=\"https:\/\/www.campelplanet.com\/es\/familias-activas\/\" \/>\n<meta property=\"og:site_name\" content=\"Camp El Planet\" \/>\n<meta property=\"article:publisher\" content=\"https:\/\/www.facebook.com\/campelplanet\" \/>\n<meta property=\"article:modified_time\" content=\"2024-12-24T09:24:10+00:00\" \/>\n<meta property=\"og:image\" content=\"https:\/\/www.campelplanet.com\/wp-content\/uploads\/2024\/01\/glamping-tent-in-the-morning-sunlight-with-mountain-range-panorama.jpg\" \/>\n\t<meta property=\"og:image:width\" content=\"2000\" \/>\n\t<meta property=\"og:image:height\" content=\"1333\" \/>\n\t<meta property=\"og:image:type\" content=\"image\/jpeg\" \/>\n<meta name=\"twitter:card\" content=\"summary_large_image\" \/>\n<script type=\"application\/ld+json\" class=\"yoast-schema-graph\">{\"@context\":\"https:\\\/\\\/schema.org\",\"@graph\":[{\"@type\":\"WebPage\",\"@id\":\"https:\\\/\\\/www.campelplanet.com\\\/es\\\/familias-activas\\\/\",\"url\":\"https:\\\/\\\/www.campelplanet.com\\\/es\\\/familias-activas\\\/\",\"name\":\"Familias Activas - Camp El Planet\",\"isPartOf\":{\"@id\":\"https:\\\/\\\/www.campelplanet.com\\\/es\\\/#website\"},\"datePublished\":\"2024-01-04T03:25:24+00:00\",\"dateModified\":\"2024-12-24T09:24:10+00:00\",\"breadcrumb\":{\"@id\":\"https:\\\/\\\/www.campelplanet.com\\\/es\\\/familias-activas\\\/#breadcrumb\"},\"inLanguage\":\"es\",\"potentialAction\":[{\"@type\":\"ReadAction\",\"target\":[\"https:\\\/\\\/www.campelplanet.com\\\/es\\\/familias-activas\\\/\"]}]},{\"@type\":\"BreadcrumbList\",\"@id\":\"https:\\\/\\\/www.campelplanet.com\\\/es\\\/familias-activas\\\/#breadcrumb\",\"itemListElement\":[{\"@type\":\"ListItem\",\"position\":1,\"name\":\"Home\",\"item\":\"https:\\\/\\\/www.campelplanet.com\\\/es\\\/\"},{\"@type\":\"ListItem\",\"position\":2,\"name\":\"Familias Activas\"}]},{\"@type\":\"WebSite\",\"@id\":\"https:\\\/\\\/www.campelplanet.com\\\/es\\\/#website\",\"url\":\"https:\\\/\\\/www.campelplanet.com\\\/es\\\/\",\"name\":\"Camp El Planet's\",\"description\":\"The soul of the Costa Blanca\",\"publisher\":{\"@id\":\"https:\\\/\\\/www.campelplanet.com\\\/es\\\/#organization\"},\"potentialAction\":[{\"@type\":\"SearchAction\",\"target\":{\"@type\":\"EntryPoint\",\"urlTemplate\":\"https:\\\/\\\/www.campelplanet.com\\\/es\\\/?s={search_term_string}\"},\"query-input\":{\"@type\":\"PropertyValueSpecification\",\"valueRequired\":true,\"valueName\":\"search_term_string\"}}],\"inLanguage\":\"es\"},{\"@type\":\"Organization\",\"@id\":\"https:\\\/\\\/www.campelplanet.com\\\/es\\\/#organization\",\"name\":\"Camp El Planet's\",\"url\":\"https:\\\/\\\/www.campelplanet.com\\\/es\\\/\",\"logo\":{\"@type\":\"ImageObject\",\"inLanguage\":\"es\",\"@id\":\"https:\\\/\\\/www.campelplanet.com\\\/es\\\/#\\\/schema\\\/logo\\\/image\\\/\",\"url\":\"https:\\\/\\\/www.campelplanet.com\\\/wp-content\\\/uploads\\\/2024\\\/01\\\/cropped-CampElPlanet_bla.png\",\"contentUrl\":\"https:\\\/\\\/www.campelplanet.com\\\/wp-content\\\/uploads\\\/2024\\\/01\\\/cropped-CampElPlanet_bla.png\",\"width\":440,\"height\":256,\"caption\":\"Camp El Planet's\"},\"image\":{\"@id\":\"https:\\\/\\\/www.campelplanet.com\\\/es\\\/#\\\/schema\\\/logo\\\/image\\\/\"},\"sameAs\":[\"https:\\\/\\\/www.facebook.com\\\/campelplanet\",\"https:\\\/\\\/www.instagram.com\\\/campelplanet\\\/\"]}]}<\/script>\n<!-- \/ Yoast SEO Premium plugin. -->","yoast_head_json":{"title":"Familias Activas - Camp El Planet","robots":{"index":"index","follow":"follow","max-snippet":"max-snippet:-1","max-image-preview":"max-image-preview:large","max-video-preview":"max-video-preview:-1"},"canonical":"https:\/\/www.campelplanet.com\/es\/familias-activas\/","og_locale":"es_ES","og_type":"article","og_title":"Familias Activas","og_description":"Actividades para la familia La Costa Blanca ofrece una gran cantidad de posibilidades para quienes buscan unas vacaciones activas. Ya hemos introducido varios de ellos; ciclismo, senderismo, escalada, golf y deportes de equipo como f\u00fatbol y balonmano. Hay numerosos clubes de tenis y pistas de tenis (tanto regulares como de p\u00e1del) en la zona y [&hellip;]","og_url":"https:\/\/www.campelplanet.com\/es\/familias-activas\/","og_site_name":"Camp El Planet","article_publisher":"https:\/\/www.facebook.com\/campelplanet","article_modified_time":"2024-12-24T09:24:10+00:00","og_image":[{"width":2000,"height":1333,"url":"https:\/\/www.campelplanet.com\/wp-content\/uploads\/2024\/01\/glamping-tent-in-the-morning-sunlight-with-mountain-range-panorama.jpg","type":"image\/jpeg"}],"twitter_card":"summary_large_image","schema":{"@context":"https:\/\/schema.org","@graph":[{"@type":"WebPage","@id":"https:\/\/www.campelplanet.com\/es\/familias-activas\/","url":"https:\/\/www.campelplanet.com\/es\/familias-activas\/","name":"Familias Activas - Camp El Planet","isPartOf":{"@id":"https:\/\/www.campelplanet.com\/es\/#website"},"datePublished":"2024-01-04T03:25:24+00:00","dateModified":"2024-12-24T09:24:10+00:00","breadcrumb":{"@id":"https:\/\/www.campelplanet.com\/es\/familias-activas\/#breadcrumb"},"inLanguage":"es","potentialAction":[{"@type":"ReadAction","target":["https:\/\/www.campelplanet.com\/es\/familias-activas\/"]}]},{"@type":"BreadcrumbList","@id":"https:\/\/www.campelplanet.com\/es\/familias-activas\/#breadcrumb","itemListElement":[{"@type":"ListItem","position":1,"name":"Home","item":"https:\/\/www.campelplanet.com\/es\/"},{"@type":"ListItem","position":2,"name":"Familias Activas"}]},{"@type":"WebSite","@id":"https:\/\/www.campelplanet.com\/es\/#website","url":"https:\/\/www.campelplanet.com\/es\/","name":"Camp El Planet's","description":"The soul of the Costa Blanca","publisher":{"@id":"https:\/\/www.campelplanet.com\/es\/#organization"},"potentialAction":[{"@type":"SearchAction","target":{"@type":"EntryPoint","urlTemplate":"https:\/\/www.campelplanet.com\/es\/?s={search_term_string}"},"query-input":{"@type":"PropertyValueSpecification","valueRequired":true,"valueName":"search_term_string"}}],"inLanguage":"es"},{"@type":"Organization","@id":"https:\/\/www.campelplanet.com\/es\/#organization","name":"Camp El Planet's","url":"https:\/\/www.campelplanet.com\/es\/","logo":{"@type":"ImageObject","inLanguage":"es","@id":"https:\/\/www.campelplanet.com\/es\/#\/schema\/logo\/image\/","url":"https:\/\/www.campelplanet.com\/wp-content\/uploads\/2024\/01\/cropped-CampElPlanet_bla.png","contentUrl":"https:\/\/www.campelplanet.com\/wp-content\/uploads\/2024\/01\/cropped-CampElPlanet_bla.png","width":440,"height":256,"caption":"Camp El Planet's"},"image":{"@id":"https:\/\/www.campelplanet.com\/es\/#\/schema\/logo\/image\/"},"sameAs":["https:\/\/www.facebook.com\/campelplanet","https:\/\/www.instagram.com\/campelplanet\/"]}]}},"_links":{"self":[{"href":"https:\/\/www.campelplanet.com\/es\/wp-json\/wp\/v2\/pages\/1007","targetHints":{"allow":["GET"]}}],"collection":[{"href":"https:\/\/www.campelplanet.com\/es\/wp-json\/wp\/v2\/pages"}],"about":[{"href":"https:\/\/www.campelplanet.com\/es\/wp-json\/wp\/v2\/types\/page"}],"author":[{"embeddable":true,"href":"https:\/\/www.campelplanet.com\/es\/wp-json\/wp\/v2\/users\/1"}],"replies":[{"embeddable":true,"href":"https:\/\/www.campelplanet.com\/es\/wp-json\/wp\/v2\/comments?post=1007"}],"version-history":[{"count":1,"href":"https:\/\/www.campelplanet.com\/es\/wp-json\/wp\/v2\/pages\/1007\/revisions"}],"predecessor-version":[{"id":5593,"href":"https:\/\/www.campelplanet.com\/es\/wp-json\/wp\/v2\/pages\/1007\/revisions\/5593"}],"wp:attachment":[{"href":"https:\/\/www.campelplanet.com\/es\/wp-json\/wp\/v2\/media?parent=1007"}],"curies":[{"name":"wp","href":"https:\/\/api.w.org\/{rel}","templated":true}]}}