{"id":999,"date":"2024-01-03T16:32:46","date_gmt":"2024-01-03T15:32:46","guid":{"rendered":"https:\/\/www.campelplanet.com\/gruppenurlaub\/"},"modified":"2024-12-23T08:16:18","modified_gmt":"2024-12-23T07:16:18","slug":"gruppenurlaub","status":"publish","type":"page","link":"https:\/\/www.campelplanet.com\/de\/gruppenurlaub\/","title":{"rendered":"Gruppenurlaub"},"content":{"rendered":"\t\t<div data-elementor-type=\"wp-page\" data-elementor-id=\"999\" class=\"elementor elementor-999 elementor-306\" data-elementor-post-type=\"page\">\n\t\t\t\t\t\t<section class=\"elementor-section elementor-top-section elementor-element elementor-element-248d1af elementor-section-boxed elementor-section-height-default elementor-section-height-default\" data-id=\"248d1af\" data-element_type=\"section\" data-e-type=\"section\" data-settings=\"{&quot;background_background&quot;:&quot;classic&quot;}\">\n\t\t\t\t\t\t\t<div class=\"elementor-background-overlay\"><\/div>\n\t\t\t\t\t\t\t<div class=\"elementor-container elementor-column-gap-no\">\n\t\t\t\t\t<div class=\"elementor-column elementor-col-100 elementor-top-column elementor-element elementor-element-b9d205f\" data-id=\"b9d205f\" data-element_type=\"column\" data-e-type=\"column\">\n\t\t\t<div class=\"elementor-widget-wrap elementor-element-populated\">\n\t\t\t\t\t\t\t<\/div>\n\t\t<\/div>\n\t\t\t\t\t<\/div>\n\t\t<\/section>\n\t\t<div class=\"elementor-element elementor-element-efbdb20 e-flex e-con-boxed e-con e-parent\" data-id=\"efbdb20\" data-element_type=\"container\" data-e-type=\"container\">\n\t\t\t\t\t<div class=\"e-con-inner\">\n\t\t<div class=\"elementor-element elementor-element-741f731 e-con-full e-flex e-con e-child\" data-id=\"741f731\" data-element_type=\"container\" data-e-type=\"container\">\n\t\t\t\t<div class=\"elementor-element elementor-element-a4f3bc7 elementor-widget elementor-widget-image\" data-id=\"a4f3bc7\" data-element_type=\"widget\" data-e-type=\"widget\" data-widget_type=\"image.default\">\n\t\t\t\t\t\t\t\t\t\t\t\t\t\t\t<img decoding=\"async\" src=\"https:\/\/www.campelplanet.com\/wp-content\/uploads\/2024\/12\/56872479_2334043346812434_7202535266332966912_n.jpg\" title=\"\" alt=\"\" loading=\"lazy\" \/>\t\t\t\t\t\t\t\t\t\t\t\t\t\t\t<\/div>\n\t\t\t\t<\/div>\n\t\t<div class=\"elementor-element elementor-element-bc6a22d e-con-full e-flex e-con e-child\" data-id=\"bc6a22d\" data-element_type=\"container\" data-e-type=\"container\">\n\t\t\t\t<div class=\"elementor-element elementor-element-7fc192c elementor-widget elementor-widget-text-editor\" data-id=\"7fc192c\" data-element_type=\"widget\" data-e-type=\"widget\" data-widget_type=\"text-editor.default\">\n\t\t\t\t\t\t\t\t\t<p style=\"padding-left: 40px;\"><span style=\"color: #000080;\"><strong>Camp el Planet ist ideal geeignet und ein beliebtes Ziel f\u00fcr gro\u00dfe Gruppen.\u00a0Das Geb\u00e4ude besteht aus 11 Studio-Apartments, deren Gr\u00f6\u00dfe zwischen 28 m2 und 52 m2 variiert. Neun der Studios bieten normalerweise Platz f\u00fcr zwei bis drei Personen, w\u00e4hrend zwei drei oder mehr Personen beherbergen k\u00f6nnen. Abh\u00e4ngig von der Zusammensetzung der Gruppe liegt die Kapazit\u00e4t typischerweise im Bereich von 24 bis 34 Personen. Dieses alte und sch\u00f6ne Geb\u00e4ude wurde durch eine umfassende Renovierung in ein modernes Aparthotel umgewandelt; Die Eigent\u00fcmer legen gro\u00dfen Wert darauf, den \u201eTerreno Rustico\u201c-Stil zu bewahren und seinen Charme und seine Charakteristika zu bewahren. Um das Geb\u00e4ude herum befindet sich ein wundersch\u00f6ner Garten mit Swimmingpool, Palmen, verschiedenen Obstb\u00e4umen, zwei Pergolen und zahlreichen Pl\u00e4tzen zum Ausruhen. Es gibt zwei Gemeinschaftsk\u00fcchen; zus\u00e4tzlich zu einer kleinen K\u00fcche in jedem Studio-Apartment.<\/strong><\/span><\/p>\n<p style=\"padding-left: 40px;\"><span style=\"color: #000080;\"><strong>Die Gemeinschaftsk\u00fcchen befinden sich neben der <a href=\"https:\/\/www.google.com\/search?q=cafeteria&amp;oq=cafeteria&amp;gs_lcrp=EgZjaHJvbWUyCQgAEEUYORiABDIHCAEQABiABDIHCAIQABiABDIHCAMQABiABDIHCAQQABiABDIHCAUQABiABDIHCAYQABiABDIHCAcQABiABDIHCAgQABiABDIHCAkQLhiABNIBBzI4OWowajmoAgCwAgA&amp;sourceid=chrome&amp;ie=UTF-8\">Cafeteria<\/a> und bieten Platz f\u00fcr gr\u00f6\u00dfere Gruppen. Im <a href=\"https:\/\/www.campelplanet.com\/de\/camp-el-planet\/\">Camp el Planet<\/a> k\u00f6nnen Sie mit einer gro\u00dfen Gruppe gemeinsame Zeit in ruhiger und friedlicher Umgebung verbringen und den Pool, den Garten, die Cafeteria und die beiden Gemeinschaftsk\u00fcchen exklusiv nutzen. Bereiten Sie gemeinsame Mahlzeiten f\u00fcr die ganze Gruppe vor; oder liefern lassen.<\/strong><\/span><\/p>\t\t\t\t\t\t\t\t<\/div>\n\t\t\t\t<\/div>\n\t\t\t\t\t<\/div>\n\t\t\t\t<\/div>\n\t\t<div class=\"elementor-element elementor-element-2b92be2 e-flex e-con-boxed e-con e-parent\" data-id=\"2b92be2\" data-element_type=\"container\" data-e-type=\"container\">\n\t\t\t\t\t<div class=\"e-con-inner\">\n\t\t\t\t<div class=\"elementor-element elementor-element-4588125 elementor-widget elementor-widget-text-editor\" data-id=\"4588125\" data-element_type=\"widget\" data-e-type=\"widget\" data-widget_type=\"text-editor.default\">\n\t\t\t\t\t\t\t\t\t<p><span style=\"color: #000080;\"><strong>Der Standort ist familienfreundlich angelegt und eignet sich f\u00fcr die Bed\u00fcrfnisse der meisten gro\u00dfen Gruppen. Dar\u00fcber hinaus ist es angesichts der Anzahl der untergebrachten Personen recht erschwinglich. F\u00fcr diejenigen, die etwas Zeit alleine verbringen m\u00f6chten, gibt es eine Vielzahl von Aktivit\u00e4ten und Attraktionen. Insbesondere diejenigen, die gerne wandern (spektakul\u00e4re Berge in der N\u00e4he), Rad fahren (Costa Blanca geh\u00f6rt zu Europas beliebtesten Radreisezielen), Wassersport betreiben (Segeln, Kajakfahren, Surfen und mehr), spanische Kultur genie\u00dfen (Valencia, Alicante, Bergd\u00f6rfer) oder einfach einfach Der Aufenthalt am Strand wird eine gro\u00dfartige Zeit sein.<\/strong><\/span><\/p>\t\t\t\t\t\t\t\t<\/div>\n\t\t\t\t\t<\/div>\n\t\t\t\t<\/div>\n\t\t\t\t<section class=\"elementor-section elementor-top-section elementor-element elementor-element-ffceabc elementor-section-boxed elementor-section-height-default elementor-section-height-default\" data-id=\"ffceabc\" data-element_type=\"section\" data-e-type=\"section\" data-settings=\"{&quot;background_background&quot;:&quot;classic&quot;}\">\n\t\t\t\t\t\t<div class=\"elementor-container elementor-column-gap-no\">\n\t\t\t\t\t<div class=\"elementor-column elementor-col-100 elementor-top-column elementor-element elementor-element-00b2463\" data-id=\"00b2463\" data-element_type=\"column\" data-e-type=\"column\">\n\t\t\t<div class=\"elementor-widget-wrap elementor-element-populated\">\n\t\t\t\t\t\t<div class=\"elementor-element elementor-element-d322465 elementor-widget elementor-widget-heading\" data-id=\"d322465\" data-element_type=\"widget\" data-e-type=\"widget\" data-widget_type=\"heading.default\">\n\t\t\t\t\t<h2 class=\"elementor-heading-title elementor-size-default\">Aktivit\u00e4tsgalerie<\/h2>\t\t\t\t<\/div>\n\t\t\t\t<section class=\"elementor-section elementor-inner-section elementor-element elementor-element-3b37b5d elementor-section-boxed elementor-section-height-default elementor-section-height-default\" data-id=\"3b37b5d\" data-element_type=\"section\" data-e-type=\"section\">\n\t\t\t\t\t\t<div class=\"elementor-container elementor-column-gap-no\">\n\t\t\t\t\t<div class=\"elementor-column elementor-col-100 elementor-inner-column elementor-element elementor-element-e697da1\" data-id=\"e697da1\" data-element_type=\"column\" data-e-type=\"column\">\n\t\t\t<div class=\"elementor-widget-wrap\">\n\t\t\t\t\t\t\t<\/div>\n\t\t<\/div>\n\t\t\t\t\t<\/div>\n\t\t<\/section>\n\t\t\t\t\t<\/div>\n\t\t<\/div>\n\t\t\t\t\t<\/div>\n\t\t<\/section>\n\t\t\t\t<\/div>\n\t\t","protected":false},"excerpt":{"rendered":"<p>Camp el Planet ist ideal geeignet und ein beliebtes Ziel f\u00fcr gro\u00dfe Gruppen.\u00a0Das Geb\u00e4ude besteht aus 11 Studio-Apartments, deren Gr\u00f6\u00dfe zwischen 28 m2 und 52 m2 variiert. Neun der Studios bieten normalerweise Platz f\u00fcr zwei bis drei Personen, w\u00e4hrend zwei drei oder mehr Personen beherbergen k\u00f6nnen. Abh\u00e4ngig von der Zusammensetzung der Gruppe liegt die Kapazit\u00e4t [&hellip;]<\/p>\n","protected":false},"author":1,"featured_media":0,"parent":0,"menu_order":0,"comment_status":"closed","ping_status":"closed","template":"elementor_header_footer","meta":{"footnotes":""},"class_list":["post-999","page","type-page","status-publish","hentry"],"yoast_head":"<!-- This site is optimized with the Yoast SEO Premium plugin v27.4 (Yoast SEO v27.4) - https:\/\/yoast.com\/product\/yoast-seo-premium-wordpress\/ -->\n<title>Gruppenurlaub - Camp El Planet<\/title>\n<meta name=\"description\" content=\"Camp el Planet is ideally suited for and is a quite popular destination for large group Holidays. Das Geb\u00e4ude besteht aus 11 Studios...\" \/>\n<meta name=\"robots\" content=\"index, follow, max-snippet:-1, max-image-preview:large, max-video-preview:-1\" \/>\n<link rel=\"canonical\" href=\"https:\/\/www.campelplanet.com\/de\/gruppenurlaub\/\" \/>\n<meta property=\"og:locale\" content=\"de_DE\" \/>\n<meta property=\"og:type\" content=\"article\" \/>\n<meta property=\"og:title\" content=\"Gruppenurlaub\" \/>\n<meta property=\"og:description\" content=\"Camp el Planet is ideally suited for and is a quite popular destination for large group Holidays. Das Geb\u00e4ude besteht aus 11 Studios...\" \/>\n<meta property=\"og:url\" content=\"https:\/\/www.campelplanet.com\/de\/gruppenurlaub\/\" \/>\n<meta property=\"og:site_name\" content=\"Camp El Planet\" \/>\n<meta property=\"article:publisher\" content=\"https:\/\/www.facebook.com\/campelplanet\" \/>\n<meta property=\"article:modified_time\" content=\"2024-12-23T07:16:18+00:00\" \/>\n<meta name=\"twitter:card\" content=\"summary_large_image\" \/>\n<meta name=\"twitter:label1\" content=\"Gesch\u00e4tzte Lesezeit\" \/>\n\t<meta name=\"twitter:data1\" content=\"3\u00a0Minuten\" \/>\n<script type=\"application\/ld+json\" class=\"yoast-schema-graph\">{\"@context\":\"https:\\\/\\\/schema.org\",\"@graph\":[{\"@type\":\"WebPage\",\"@id\":\"https:\\\/\\\/www.campelplanet.com\\\/de\\\/gruppenurlaub\\\/\",\"url\":\"https:\\\/\\\/www.campelplanet.com\\\/de\\\/gruppenurlaub\\\/\",\"name\":\"Gruppenurlaub - Camp El Planet\",\"isPartOf\":{\"@id\":\"https:\\\/\\\/www.campelplanet.com\\\/de\\\/#website\"},\"primaryImageOfPage\":{\"@id\":\"https:\\\/\\\/www.campelplanet.com\\\/de\\\/gruppenurlaub\\\/#primaryimage\"},\"image\":{\"@id\":\"https:\\\/\\\/www.campelplanet.com\\\/de\\\/gruppenurlaub\\\/#primaryimage\"},\"thumbnailUrl\":\"https:\\\/\\\/www.campelplanet.com\\\/wp-content\\\/uploads\\\/2024\\\/12\\\/56872479_2334043346812434_7202535266332966912_n-1024x1024.jpg\",\"datePublished\":\"2024-01-03T15:32:46+00:00\",\"dateModified\":\"2024-12-23T07:16:18+00:00\",\"description\":\"Camp el Planet is ideally suited for and is a quite popular destination for large group Holidays. Das Geb\u00e4ude besteht aus 11 Studios...\",\"breadcrumb\":{\"@id\":\"https:\\\/\\\/www.campelplanet.com\\\/de\\\/gruppenurlaub\\\/#breadcrumb\"},\"inLanguage\":\"de\",\"potentialAction\":[{\"@type\":\"ReadAction\",\"target\":[\"https:\\\/\\\/www.campelplanet.com\\\/de\\\/gruppenurlaub\\\/\"]}]},{\"@type\":\"ImageObject\",\"inLanguage\":\"de\",\"@id\":\"https:\\\/\\\/www.campelplanet.com\\\/de\\\/gruppenurlaub\\\/#primaryimage\",\"url\":\"https:\\\/\\\/www.campelplanet.com\\\/wp-content\\\/uploads\\\/2024\\\/12\\\/56872479_2334043346812434_7202535266332966912_n-1024x1024.jpg\",\"contentUrl\":\"https:\\\/\\\/www.campelplanet.com\\\/wp-content\\\/uploads\\\/2024\\\/12\\\/56872479_2334043346812434_7202535266332966912_n-1024x1024.jpg\"},{\"@type\":\"BreadcrumbList\",\"@id\":\"https:\\\/\\\/www.campelplanet.com\\\/de\\\/gruppenurlaub\\\/#breadcrumb\",\"itemListElement\":[{\"@type\":\"ListItem\",\"position\":1,\"name\":\"Home\",\"item\":\"https:\\\/\\\/www.campelplanet.com\\\/de\\\/\"},{\"@type\":\"ListItem\",\"position\":2,\"name\":\"Gruppenurlaub\"}]},{\"@type\":\"WebSite\",\"@id\":\"https:\\\/\\\/www.campelplanet.com\\\/de\\\/#website\",\"url\":\"https:\\\/\\\/www.campelplanet.com\\\/de\\\/\",\"name\":\"Camp El Planet's\",\"description\":\"The soul of the Costa Blanca\",\"publisher\":{\"@id\":\"https:\\\/\\\/www.campelplanet.com\\\/de\\\/#organization\"},\"potentialAction\":[{\"@type\":\"SearchAction\",\"target\":{\"@type\":\"EntryPoint\",\"urlTemplate\":\"https:\\\/\\\/www.campelplanet.com\\\/de\\\/?s={search_term_string}\"},\"query-input\":{\"@type\":\"PropertyValueSpecification\",\"valueRequired\":true,\"valueName\":\"search_term_string\"}}],\"inLanguage\":\"de\"},{\"@type\":\"Organization\",\"@id\":\"https:\\\/\\\/www.campelplanet.com\\\/de\\\/#organization\",\"name\":\"Camp El Planet's\",\"url\":\"https:\\\/\\\/www.campelplanet.com\\\/de\\\/\",\"logo\":{\"@type\":\"ImageObject\",\"inLanguage\":\"de\",\"@id\":\"https:\\\/\\\/www.campelplanet.com\\\/de\\\/#\\\/schema\\\/logo\\\/image\\\/\",\"url\":\"https:\\\/\\\/www.campelplanet.com\\\/wp-content\\\/uploads\\\/2024\\\/01\\\/cropped-CampElPlanet_bla.png\",\"contentUrl\":\"https:\\\/\\\/www.campelplanet.com\\\/wp-content\\\/uploads\\\/2024\\\/01\\\/cropped-CampElPlanet_bla.png\",\"width\":440,\"height\":256,\"caption\":\"Camp El Planet's\"},\"image\":{\"@id\":\"https:\\\/\\\/www.campelplanet.com\\\/de\\\/#\\\/schema\\\/logo\\\/image\\\/\"},\"sameAs\":[\"https:\\\/\\\/www.facebook.com\\\/campelplanet\",\"https:\\\/\\\/www.instagram.com\\\/campelplanet\\\/\"]}]}<\/script>\n<!-- \/ Yoast SEO Premium plugin. -->","yoast_head_json":{"title":"Gruppenurlaub - Camp El Planet","description":"Camp el Planet is ideally suited for and is a quite popular destination for large group Holidays. Das Geb\u00e4ude besteht aus 11 Studios...","robots":{"index":"index","follow":"follow","max-snippet":"max-snippet:-1","max-image-preview":"max-image-preview:large","max-video-preview":"max-video-preview:-1"},"canonical":"https:\/\/www.campelplanet.com\/de\/gruppenurlaub\/","og_locale":"de_DE","og_type":"article","og_title":"Gruppenurlaub","og_description":"Camp el Planet is ideally suited for and is a quite popular destination for large group Holidays. Das Geb\u00e4ude besteht aus 11 Studios...","og_url":"https:\/\/www.campelplanet.com\/de\/gruppenurlaub\/","og_site_name":"Camp El Planet","article_publisher":"https:\/\/www.facebook.com\/campelplanet","article_modified_time":"2024-12-23T07:16:18+00:00","twitter_card":"summary_large_image","twitter_misc":{"Gesch\u00e4tzte Lesezeit":"3\u00a0Minuten"},"schema":{"@context":"https:\/\/schema.org","@graph":[{"@type":"WebPage","@id":"https:\/\/www.campelplanet.com\/de\/gruppenurlaub\/","url":"https:\/\/www.campelplanet.com\/de\/gruppenurlaub\/","name":"Gruppenurlaub - Camp El Planet","isPartOf":{"@id":"https:\/\/www.campelplanet.com\/de\/#website"},"primaryImageOfPage":{"@id":"https:\/\/www.campelplanet.com\/de\/gruppenurlaub\/#primaryimage"},"image":{"@id":"https:\/\/www.campelplanet.com\/de\/gruppenurlaub\/#primaryimage"},"thumbnailUrl":"https:\/\/www.campelplanet.com\/wp-content\/uploads\/2024\/12\/56872479_2334043346812434_7202535266332966912_n-1024x1024.jpg","datePublished":"2024-01-03T15:32:46+00:00","dateModified":"2024-12-23T07:16:18+00:00","description":"Camp el Planet is ideally suited for and is a quite popular destination for large group Holidays. Das Geb\u00e4ude besteht aus 11 Studios...","breadcrumb":{"@id":"https:\/\/www.campelplanet.com\/de\/gruppenurlaub\/#breadcrumb"},"inLanguage":"de","potentialAction":[{"@type":"ReadAction","target":["https:\/\/www.campelplanet.com\/de\/gruppenurlaub\/"]}]},{"@type":"ImageObject","inLanguage":"de","@id":"https:\/\/www.campelplanet.com\/de\/gruppenurlaub\/#primaryimage","url":"https:\/\/www.campelplanet.com\/wp-content\/uploads\/2024\/12\/56872479_2334043346812434_7202535266332966912_n-1024x1024.jpg","contentUrl":"https:\/\/www.campelplanet.com\/wp-content\/uploads\/2024\/12\/56872479_2334043346812434_7202535266332966912_n-1024x1024.jpg"},{"@type":"BreadcrumbList","@id":"https:\/\/www.campelplanet.com\/de\/gruppenurlaub\/#breadcrumb","itemListElement":[{"@type":"ListItem","position":1,"name":"Home","item":"https:\/\/www.campelplanet.com\/de\/"},{"@type":"ListItem","position":2,"name":"Gruppenurlaub"}]},{"@type":"WebSite","@id":"https:\/\/www.campelplanet.com\/de\/#website","url":"https:\/\/www.campelplanet.com\/de\/","name":"Camp El Planet's","description":"The soul of the Costa Blanca","publisher":{"@id":"https:\/\/www.campelplanet.com\/de\/#organization"},"potentialAction":[{"@type":"SearchAction","target":{"@type":"EntryPoint","urlTemplate":"https:\/\/www.campelplanet.com\/de\/?s={search_term_string}"},"query-input":{"@type":"PropertyValueSpecification","valueRequired":true,"valueName":"search_term_string"}}],"inLanguage":"de"},{"@type":"Organization","@id":"https:\/\/www.campelplanet.com\/de\/#organization","name":"Camp El Planet's","url":"https:\/\/www.campelplanet.com\/de\/","logo":{"@type":"ImageObject","inLanguage":"de","@id":"https:\/\/www.campelplanet.com\/de\/#\/schema\/logo\/image\/","url":"https:\/\/www.campelplanet.com\/wp-content\/uploads\/2024\/01\/cropped-CampElPlanet_bla.png","contentUrl":"https:\/\/www.campelplanet.com\/wp-content\/uploads\/2024\/01\/cropped-CampElPlanet_bla.png","width":440,"height":256,"caption":"Camp El Planet's"},"image":{"@id":"https:\/\/www.campelplanet.com\/de\/#\/schema\/logo\/image\/"},"sameAs":["https:\/\/www.facebook.com\/campelplanet","https:\/\/www.instagram.com\/campelplanet\/"]}]}},"_links":{"self":[{"href":"https:\/\/www.campelplanet.com\/de\/wp-json\/wp\/v2\/pages\/999","targetHints":{"allow":["GET"]}}],"collection":[{"href":"https:\/\/www.campelplanet.com\/de\/wp-json\/wp\/v2\/pages"}],"about":[{"href":"https:\/\/www.campelplanet.com\/de\/wp-json\/wp\/v2\/types\/page"}],"author":[{"embeddable":true,"href":"https:\/\/www.campelplanet.com\/de\/wp-json\/wp\/v2\/users\/1"}],"replies":[{"embeddable":true,"href":"https:\/\/www.campelplanet.com\/de\/wp-json\/wp\/v2\/comments?post=999"}],"version-history":[{"count":1,"href":"https:\/\/www.campelplanet.com\/de\/wp-json\/wp\/v2\/pages\/999\/revisions"}],"predecessor-version":[{"id":5342,"href":"https:\/\/www.campelplanet.com\/de\/wp-json\/wp\/v2\/pages\/999\/revisions\/5342"}],"wp:attachment":[{"href":"https:\/\/www.campelplanet.com\/de\/wp-json\/wp\/v2\/media?parent=999"}],"curies":[{"name":"wp","href":"https:\/\/api.w.org\/{rel}","templated":true}]}}