{"id":983,"date":"2024-01-03T15:13:34","date_gmt":"2024-01-03T14:13:34","guid":{"rendered":"https:\/\/www.campelplanet.com\/business-retreat\/"},"modified":"2024-12-23T08:10:08","modified_gmt":"2024-12-23T07:10:08","slug":"business-retreat","status":"publish","type":"page","link":"https:\/\/www.campelplanet.com\/de\/business-retreat\/","title":{"rendered":"Gesch\u00e4ftsr\u00fcckzug."},"content":{"rendered":"\t\t<div data-elementor-type=\"wp-page\" data-elementor-id=\"983\" class=\"elementor elementor-983 elementor-269\" data-elementor-post-type=\"page\">\n\t\t\t\t\t\t<section class=\"elementor-section elementor-top-section elementor-element elementor-element-1d230e3 elementor-section-boxed elementor-section-height-default elementor-section-height-default\" data-id=\"1d230e3\" data-element_type=\"section\" data-e-type=\"section\" data-settings=\"{&quot;background_background&quot;:&quot;classic&quot;}\">\n\t\t\t\t\t\t\t<div class=\"elementor-background-overlay\"><\/div>\n\t\t\t\t\t\t\t<div class=\"elementor-container elementor-column-gap-no\">\n\t\t\t\t\t<div class=\"elementor-column elementor-col-100 elementor-top-column elementor-element elementor-element-690284a\" data-id=\"690284a\" data-element_type=\"column\" data-e-type=\"column\">\n\t\t\t<div class=\"elementor-widget-wrap elementor-element-populated\">\n\t\t\t\t\t\t\t<\/div>\n\t\t<\/div>\n\t\t\t\t\t<\/div>\n\t\t<\/section>\n\t\t<div class=\"elementor-element elementor-element-29dcfa9 e-flex e-con-boxed e-con e-parent\" data-id=\"29dcfa9\" data-element_type=\"container\" data-e-type=\"container\">\n\t\t\t\t\t<div class=\"e-con-inner\">\n\t\t<div class=\"elementor-element elementor-element-093bf69 e-con-full e-flex e-con e-child\" data-id=\"093bf69\" data-element_type=\"container\" data-e-type=\"container\">\n\t\t\t\t<div class=\"elementor-element elementor-element-0242624 elementor-widget elementor-widget-image\" data-id=\"0242624\" data-element_type=\"widget\" data-e-type=\"widget\" data-widget_type=\"image.default\">\n\t\t\t\t\t\t\t\t\t\t\t\t\t\t\t<img decoding=\"async\" src=\"https:\/\/www.campelplanet.com\/wp-content\/uploads\/2024\/12\/Aparthotel-El-Camp-Outside-View-9-Fotografo-Nelly-del-Arbo.jpg\" title=\"Aparthotel-El-Camp-Outside-View-9-Fotografo-Nelly-del-Arbo.jpg\" alt=\"Aparthotel-El-Camp-Outside-View-9-Fotografo-Nelly-del-Arbo.jpg\" loading=\"lazy\" \/>\t\t\t\t\t\t\t\t\t\t\t\t\t\t\t<\/div>\n\t\t\t\t<div class=\"elementor-element elementor-element-b411737 elementor-widget elementor-widget-image\" data-id=\"b411737\" data-element_type=\"widget\" data-e-type=\"widget\" data-widget_type=\"image.default\">\n\t\t\t\t\t\t\t\t\t\t\t\t\t\t\t<img decoding=\"async\" src=\"https:\/\/www.campelplanet.com\/wp-content\/uploads\/2024\/12\/Aparthotel-El-Camp-Outside-View-12-Fotografo-Nelly-del-Arbo.jpg\" title=\"Aparthotel-El-Camp-Outside-View-12-Fotografo-Nelly-del-Arbo.jpg\" alt=\"Aparthotel-El-Camp-Outside-View-12-Fotografo-Nelly-del-Arbo.jpg\" loading=\"lazy\" \/>\t\t\t\t\t\t\t\t\t\t\t\t\t\t\t<\/div>\n\t\t\t\t<\/div>\n\t\t<div class=\"elementor-element elementor-element-6acab7b e-con-full e-flex e-con e-child\" data-id=\"6acab7b\" data-element_type=\"container\" data-e-type=\"container\">\n\t\t\t\t<div class=\"elementor-element elementor-element-a4ac0ef elementor-widget elementor-widget-text-editor\" data-id=\"a4ac0ef\" data-element_type=\"widget\" data-e-type=\"widget\" data-widget_type=\"text-editor.default\">\n\t\t\t\t\t\t\t\t\t<p style=\"padding-left: 40px;\"><strong><span style=\"color: #000080;\">Gesch\u00e4ftsr\u00fcckzug.\n<br>\nCamp el Planet ist ein gro\u00dfartiger Ort f\u00fcr Gesch\u00e4ftsreisen. Viele Unternehmen haben uns in den letzten Jahren besucht und alle haben mehr oder weniger das erreicht, weswegen sie hierher gekommen sind. Einige Unternehmen besuchen uns zum Zweck der Teambildung, andere, um aus der Ferne zu arbeiten, einige f\u00fcr ihre j\u00e4hrliche Belohnungsreise und wieder andere f\u00fcr ein Treffen der F\u00fchrungskr\u00e4fte. Die Mehrheit verbindet jedoch Arbeit mit Teambuilding. um eine gute Zeit zu haben und sich besser kennenzulernen. Aufgrund der Beschaffenheit des Anwesens und seiner angenehmen Umgebung ist es im Camp el Planet einfach, die Balance zwischen Zeit f\u00fcr die Arbeit, Geselligkeit, Entspannung und Spa\u00df zu finden.\n<br><br>\nMit mehr als 300 Sonnentagen im Jahr und einem milden Klima eignet sich die Region hervorragend f\u00fcr Sport- und Freizeitaktivit\u00e4ten. Es ist wahrscheinlich eine gute Idee, (viel) Zeit f\u00fcr gemeinsame oder individuelle Aktivit\u00e4ten einzuplanen, die nicht mit der Arbeit zu tun haben. In der Umgebung gibt es zahlreiche M\u00f6glichkeiten zum Radfahren, Wandern, Joggen, Golf, Tennis, Paddeln und f\u00fcr Wassersportarten wie Kajakfahren, Kiten und Windsurfen.\n<br><br>\nEine einfache Websuche wird auch eine Reihe lokaler Unternehmen aufdecken, die Aktivit\u00e4ten anbieten, die f\u00fcr viele spannend und aufregend sind.\n<br><br>\nCamp el Planet bietet bequem Platz f\u00fcr bis zu 28 Mitarbeiter mit Einzelbetten, verteilt auf elf Studio-Apartments und ein Penthouse-Apartment. Mahlzeiten k\u00f6nnen von der Gruppe bewirtet oder zubereitet werden. K\u00fcche und Cafeteria bieten ausreichend M\u00f6glichkeiten zur Selbstversorgung.<\/span><\/strong><\/p>\t\t\t\t\t\t\t\t<\/div>\n\t\t\t\t<\/div>\n\t\t\t\t\t<\/div>\n\t\t\t\t<\/div>\n\t\t\t\t<\/div>\n\t\t","protected":false},"excerpt":{"rendered":"<p>Gesch\u00e4ftsr\u00fcckzug. Camp el Planet ist ein gro\u00dfartiger Ort f\u00fcr Gesch\u00e4ftsreisen. Viele Unternehmen haben uns in den letzten Jahren besucht und alle haben mehr oder weniger das erreicht, weswegen sie hierher gekommen sind. Einige Unternehmen besuchen uns zum Zweck der Teambildung, andere, um aus der Ferne zu arbeiten, einige f\u00fcr ihre j\u00e4hrliche Belohnungsreise und wieder andere [&hellip;]<\/p>\n","protected":false},"author":1,"featured_media":736,"parent":0,"menu_order":0,"comment_status":"closed","ping_status":"closed","template":"elementor_header_footer","meta":{"footnotes":""},"class_list":["post-983","page","type-page","status-publish","has-post-thumbnail","hentry"],"yoast_head":"<!-- This site is optimized with the Yoast SEO Premium plugin v27.4 (Yoast SEO v27.4) - https:\/\/yoast.com\/product\/yoast-seo-premium-wordpress\/ -->\n<title>Gesch\u00e4ftsr\u00fcckzug. - Camp El Planet<\/title>\n<meta name=\"description\" content=\"Business Retreat Die Berge der Region haben kaum \u00c4hnlichkeit mit dem Himalaya, sind aber dennoch international anerkannt ...\" \/>\n<meta name=\"robots\" content=\"index, follow, max-snippet:-1, max-image-preview:large, max-video-preview:-1\" \/>\n<link rel=\"canonical\" href=\"https:\/\/www.campelplanet.com\/de\/business-retreat\/\" \/>\n<meta property=\"og:locale\" content=\"de_DE\" \/>\n<meta property=\"og:type\" content=\"article\" \/>\n<meta property=\"og:title\" content=\"Gesch\u00e4ftsr\u00fcckzug.\" \/>\n<meta property=\"og:description\" content=\"Business Retreat Die Berge der Region haben kaum \u00c4hnlichkeit mit dem Himalaya, sind aber dennoch international anerkannt ...\" \/>\n<meta property=\"og:url\" content=\"https:\/\/www.campelplanet.com\/de\/business-retreat\/\" \/>\n<meta property=\"og:site_name\" content=\"Camp El Planet\" \/>\n<meta property=\"article:publisher\" content=\"https:\/\/www.facebook.com\/campelplanet\" \/>\n<meta property=\"article:modified_time\" content=\"2024-12-23T07:10:08+00:00\" \/>\n<meta property=\"og:image\" content=\"https:\/\/www.campelplanet.com\/wp-content\/uploads\/2024\/01\/pexels-gaurav-rawat-17905660-scaled.jpg\" \/>\n\t<meta property=\"og:image:width\" content=\"1920\" \/>\n\t<meta property=\"og:image:height\" content=\"2560\" \/>\n\t<meta property=\"og:image:type\" content=\"image\/jpeg\" \/>\n<meta name=\"twitter:card\" content=\"summary_large_image\" \/>\n<script type=\"application\/ld+json\" class=\"yoast-schema-graph\">{\"@context\":\"https:\\\/\\\/schema.org\",\"@graph\":[{\"@type\":\"WebPage\",\"@id\":\"https:\\\/\\\/www.campelplanet.com\\\/de\\\/business-retreat\\\/\",\"url\":\"https:\\\/\\\/www.campelplanet.com\\\/de\\\/business-retreat\\\/\",\"name\":\"Gesch\u00e4ftsr\u00fcckzug. - Camp El Planet\",\"isPartOf\":{\"@id\":\"https:\\\/\\\/www.campelplanet.com\\\/de\\\/#website\"},\"primaryImageOfPage\":{\"@id\":\"https:\\\/\\\/www.campelplanet.com\\\/de\\\/business-retreat\\\/#primaryimage\"},\"image\":{\"@id\":\"https:\\\/\\\/www.campelplanet.com\\\/de\\\/business-retreat\\\/#primaryimage\"},\"thumbnailUrl\":\"https:\\\/\\\/www.campelplanet.com\\\/wp-content\\\/uploads\\\/2024\\\/01\\\/pexels-gaurav-rawat-17905660-scaled.jpg\",\"datePublished\":\"2024-01-03T14:13:34+00:00\",\"dateModified\":\"2024-12-23T07:10:08+00:00\",\"description\":\"Business Retreat Die Berge der Region haben kaum \u00c4hnlichkeit mit dem Himalaya, sind aber dennoch international anerkannt ...\",\"breadcrumb\":{\"@id\":\"https:\\\/\\\/www.campelplanet.com\\\/de\\\/business-retreat\\\/#breadcrumb\"},\"inLanguage\":\"de\",\"potentialAction\":[{\"@type\":\"ReadAction\",\"target\":[\"https:\\\/\\\/www.campelplanet.com\\\/de\\\/business-retreat\\\/\"]}]},{\"@type\":\"ImageObject\",\"inLanguage\":\"de\",\"@id\":\"https:\\\/\\\/www.campelplanet.com\\\/de\\\/business-retreat\\\/#primaryimage\",\"url\":\"https:\\\/\\\/www.campelplanet.com\\\/wp-content\\\/uploads\\\/2024\\\/01\\\/pexels-gaurav-rawat-17905660-scaled.jpg\",\"contentUrl\":\"https:\\\/\\\/www.campelplanet.com\\\/wp-content\\\/uploads\\\/2024\\\/01\\\/pexels-gaurav-rawat-17905660-scaled.jpg\",\"width\":1920,\"height\":2560,\"caption\":\"Business Retreat\"},{\"@type\":\"BreadcrumbList\",\"@id\":\"https:\\\/\\\/www.campelplanet.com\\\/de\\\/business-retreat\\\/#breadcrumb\",\"itemListElement\":[{\"@type\":\"ListItem\",\"position\":1,\"name\":\"Home\",\"item\":\"https:\\\/\\\/www.campelplanet.com\\\/de\\\/\"},{\"@type\":\"ListItem\",\"position\":2,\"name\":\"Gesch\u00e4ftsr\u00fcckzug.\"}]},{\"@type\":\"WebSite\",\"@id\":\"https:\\\/\\\/www.campelplanet.com\\\/de\\\/#website\",\"url\":\"https:\\\/\\\/www.campelplanet.com\\\/de\\\/\",\"name\":\"Camp El Planet's\",\"description\":\"The soul of the Costa Blanca\",\"publisher\":{\"@id\":\"https:\\\/\\\/www.campelplanet.com\\\/de\\\/#organization\"},\"potentialAction\":[{\"@type\":\"SearchAction\",\"target\":{\"@type\":\"EntryPoint\",\"urlTemplate\":\"https:\\\/\\\/www.campelplanet.com\\\/de\\\/?s={search_term_string}\"},\"query-input\":{\"@type\":\"PropertyValueSpecification\",\"valueRequired\":true,\"valueName\":\"search_term_string\"}}],\"inLanguage\":\"de\"},{\"@type\":\"Organization\",\"@id\":\"https:\\\/\\\/www.campelplanet.com\\\/de\\\/#organization\",\"name\":\"Camp El Planet's\",\"url\":\"https:\\\/\\\/www.campelplanet.com\\\/de\\\/\",\"logo\":{\"@type\":\"ImageObject\",\"inLanguage\":\"de\",\"@id\":\"https:\\\/\\\/www.campelplanet.com\\\/de\\\/#\\\/schema\\\/logo\\\/image\\\/\",\"url\":\"https:\\\/\\\/www.campelplanet.com\\\/wp-content\\\/uploads\\\/2024\\\/01\\\/cropped-CampElPlanet_bla.png\",\"contentUrl\":\"https:\\\/\\\/www.campelplanet.com\\\/wp-content\\\/uploads\\\/2024\\\/01\\\/cropped-CampElPlanet_bla.png\",\"width\":440,\"height\":256,\"caption\":\"Camp El Planet's\"},\"image\":{\"@id\":\"https:\\\/\\\/www.campelplanet.com\\\/de\\\/#\\\/schema\\\/logo\\\/image\\\/\"},\"sameAs\":[\"https:\\\/\\\/www.facebook.com\\\/campelplanet\",\"https:\\\/\\\/www.instagram.com\\\/campelplanet\\\/\"]}]}<\/script>\n<!-- \/ Yoast SEO Premium plugin. -->","yoast_head_json":{"title":"Gesch\u00e4ftsr\u00fcckzug. - Camp El Planet","description":"Business Retreat Die Berge der Region haben kaum \u00c4hnlichkeit mit dem Himalaya, sind aber dennoch international anerkannt ...","robots":{"index":"index","follow":"follow","max-snippet":"max-snippet:-1","max-image-preview":"max-image-preview:large","max-video-preview":"max-video-preview:-1"},"canonical":"https:\/\/www.campelplanet.com\/de\/business-retreat\/","og_locale":"de_DE","og_type":"article","og_title":"Gesch\u00e4ftsr\u00fcckzug.","og_description":"Business Retreat Die Berge der Region haben kaum \u00c4hnlichkeit mit dem Himalaya, sind aber dennoch international anerkannt ...","og_url":"https:\/\/www.campelplanet.com\/de\/business-retreat\/","og_site_name":"Camp El Planet","article_publisher":"https:\/\/www.facebook.com\/campelplanet","article_modified_time":"2024-12-23T07:10:08+00:00","og_image":[{"width":1920,"height":2560,"url":"https:\/\/www.campelplanet.com\/wp-content\/uploads\/2024\/01\/pexels-gaurav-rawat-17905660-scaled.jpg","type":"image\/jpeg"}],"twitter_card":"summary_large_image","schema":{"@context":"https:\/\/schema.org","@graph":[{"@type":"WebPage","@id":"https:\/\/www.campelplanet.com\/de\/business-retreat\/","url":"https:\/\/www.campelplanet.com\/de\/business-retreat\/","name":"Gesch\u00e4ftsr\u00fcckzug. - Camp El Planet","isPartOf":{"@id":"https:\/\/www.campelplanet.com\/de\/#website"},"primaryImageOfPage":{"@id":"https:\/\/www.campelplanet.com\/de\/business-retreat\/#primaryimage"},"image":{"@id":"https:\/\/www.campelplanet.com\/de\/business-retreat\/#primaryimage"},"thumbnailUrl":"https:\/\/www.campelplanet.com\/wp-content\/uploads\/2024\/01\/pexels-gaurav-rawat-17905660-scaled.jpg","datePublished":"2024-01-03T14:13:34+00:00","dateModified":"2024-12-23T07:10:08+00:00","description":"Business Retreat Die Berge der Region haben kaum \u00c4hnlichkeit mit dem Himalaya, sind aber dennoch international anerkannt ...","breadcrumb":{"@id":"https:\/\/www.campelplanet.com\/de\/business-retreat\/#breadcrumb"},"inLanguage":"de","potentialAction":[{"@type":"ReadAction","target":["https:\/\/www.campelplanet.com\/de\/business-retreat\/"]}]},{"@type":"ImageObject","inLanguage":"de","@id":"https:\/\/www.campelplanet.com\/de\/business-retreat\/#primaryimage","url":"https:\/\/www.campelplanet.com\/wp-content\/uploads\/2024\/01\/pexels-gaurav-rawat-17905660-scaled.jpg","contentUrl":"https:\/\/www.campelplanet.com\/wp-content\/uploads\/2024\/01\/pexels-gaurav-rawat-17905660-scaled.jpg","width":1920,"height":2560,"caption":"Business Retreat"},{"@type":"BreadcrumbList","@id":"https:\/\/www.campelplanet.com\/de\/business-retreat\/#breadcrumb","itemListElement":[{"@type":"ListItem","position":1,"name":"Home","item":"https:\/\/www.campelplanet.com\/de\/"},{"@type":"ListItem","position":2,"name":"Gesch\u00e4ftsr\u00fcckzug."}]},{"@type":"WebSite","@id":"https:\/\/www.campelplanet.com\/de\/#website","url":"https:\/\/www.campelplanet.com\/de\/","name":"Camp El Planet's","description":"The soul of the Costa Blanca","publisher":{"@id":"https:\/\/www.campelplanet.com\/de\/#organization"},"potentialAction":[{"@type":"SearchAction","target":{"@type":"EntryPoint","urlTemplate":"https:\/\/www.campelplanet.com\/de\/?s={search_term_string}"},"query-input":{"@type":"PropertyValueSpecification","valueRequired":true,"valueName":"search_term_string"}}],"inLanguage":"de"},{"@type":"Organization","@id":"https:\/\/www.campelplanet.com\/de\/#organization","name":"Camp El Planet's","url":"https:\/\/www.campelplanet.com\/de\/","logo":{"@type":"ImageObject","inLanguage":"de","@id":"https:\/\/www.campelplanet.com\/de\/#\/schema\/logo\/image\/","url":"https:\/\/www.campelplanet.com\/wp-content\/uploads\/2024\/01\/cropped-CampElPlanet_bla.png","contentUrl":"https:\/\/www.campelplanet.com\/wp-content\/uploads\/2024\/01\/cropped-CampElPlanet_bla.png","width":440,"height":256,"caption":"Camp El Planet's"},"image":{"@id":"https:\/\/www.campelplanet.com\/de\/#\/schema\/logo\/image\/"},"sameAs":["https:\/\/www.facebook.com\/campelplanet","https:\/\/www.instagram.com\/campelplanet\/"]}]}},"_links":{"self":[{"href":"https:\/\/www.campelplanet.com\/de\/wp-json\/wp\/v2\/pages\/983","targetHints":{"allow":["GET"]}}],"collection":[{"href":"https:\/\/www.campelplanet.com\/de\/wp-json\/wp\/v2\/pages"}],"about":[{"href":"https:\/\/www.campelplanet.com\/de\/wp-json\/wp\/v2\/types\/page"}],"author":[{"embeddable":true,"href":"https:\/\/www.campelplanet.com\/de\/wp-json\/wp\/v2\/users\/1"}],"replies":[{"embeddable":true,"href":"https:\/\/www.campelplanet.com\/de\/wp-json\/wp\/v2\/comments?post=983"}],"version-history":[{"count":1,"href":"https:\/\/www.campelplanet.com\/de\/wp-json\/wp\/v2\/pages\/983\/revisions"}],"predecessor-version":[{"id":5336,"href":"https:\/\/www.campelplanet.com\/de\/wp-json\/wp\/v2\/pages\/983\/revisions\/5336"}],"wp:featuredmedia":[{"embeddable":true,"href":"https:\/\/www.campelplanet.com\/de\/wp-json\/wp\/v2\/media\/736"}],"wp:attachment":[{"href":"https:\/\/www.campelplanet.com\/de\/wp-json\/wp\/v2\/media?parent=983"}],"curies":[{"name":"wp","href":"https:\/\/api.w.org\/{rel}","templated":true}]}}