{"id":967,"date":"2024-01-04T04:25:24","date_gmt":"2024-01-04T03:25:24","guid":{"rendered":"https:\/\/www.campelplanet.com\/familles-actives\/"},"modified":"2024-12-23T08:50:19","modified_gmt":"2024-12-23T07:50:19","slug":"familles-actives","status":"publish","type":"page","link":"https:\/\/www.campelplanet.com\/de\/familles-actives\/","title":{"rendered":"Aktive Familien"},"content":{"rendered":"\t\t<div data-elementor-type=\"wp-page\" data-elementor-id=\"967\" class=\"elementor elementor-967 elementor-324\" data-elementor-post-type=\"page\">\n\t\t\t\t\t\t<section class=\"elementor-section elementor-top-section elementor-element elementor-element-19f53f3 elementor-section-boxed elementor-section-height-default elementor-section-height-default\" data-id=\"19f53f3\" data-element_type=\"section\" data-e-type=\"section\" data-settings=\"{&quot;background_background&quot;:&quot;classic&quot;}\">\n\t\t\t\t\t\t<div class=\"elementor-container elementor-column-gap-no\">\n\t\t\t\t\t<div class=\"elementor-column elementor-col-100 elementor-top-column elementor-element elementor-element-eedf244\" data-id=\"eedf244\" data-element_type=\"column\" data-e-type=\"column\">\n\t\t\t<div class=\"elementor-widget-wrap elementor-element-populated\">\n\t\t\t\t\t\t<div class=\"elementor-element elementor-element-72eaeb0 elementor-widget elementor-widget-heading\" data-id=\"72eaeb0\" data-element_type=\"widget\" data-e-type=\"widget\" data-widget_type=\"heading.default\">\n\t\t\t\t\t<h2 class=\"elementor-heading-title elementor-size-default\">Tolle Familienaktivit\u00e4ten<\/h2>\t\t\t\t<\/div>\n\t\t\t\t\t<\/div>\n\t\t<\/div>\n\t\t\t\t\t<\/div>\n\t\t<\/section>\n\t\t<div class=\"elementor-element elementor-element-2a04ba1 e-flex e-con-boxed e-con e-parent\" data-id=\"2a04ba1\" data-element_type=\"container\" data-e-type=\"container\">\n\t\t\t\t\t<div class=\"e-con-inner\">\n\t\t\t\t<div class=\"elementor-element elementor-element-299f2ce elementor-widget elementor-widget-text-editor\" data-id=\"299f2ce\" data-element_type=\"widget\" data-e-type=\"widget\" data-widget_type=\"text-editor.default\">\n\t\t\t\t\t\t\t\t\t<span style=\"color: #000080;\"><strong>Erleben Sie unvergessliche Aktivurlaube f\u00fcr Familien im Camp El Planet, wo tolle Familienaktivit\u00e4ten auf Jung und Alt warten. Wenn Sie eine Pause von den typischen \u00fcberf\u00fcllten Str\u00e4nden und riesigen Hotels suchen, ist dies das perfekte Reiseziel f\u00fcr Gro\u00dffamilien oder Gruppen von Freunden. Wenn Sie eine Pause von den typischen \u00fcberf\u00fcllten Str\u00e4nden und riesigen Hotels suchen, ist dies das perfekte Reiseziel f\u00fcr Gro\u00dffamilien oder Gruppen von Freunden. Camp El Planet bietet einen einzigartigen und erfrischenden Zufluchtsort f\u00fcr diejenigen, die sich nach einem etwas anderen Urlaubserlebnis sehnen.\n\nDie Costa Blanca bietet eine Vielzahl von M\u00f6glichkeiten f\u00fcr diejenigen, die einen aktiven Urlaub verbringen m\u00f6chten. Einige davon haben wir bereits vorgestellt; Radfahren, Wandern, Klettern, Golfen und Mannschaftssportarten wie Fu\u00dfball und Handball. In der Gegend gibt es zahlreiche Tennisclubs und Tennispl\u00e4tze (sowohl regul\u00e4re als auch Paddle-Tennispl\u00e4tze) und es gibt gen\u00fcgend Kapazit\u00e4ten f\u00fcr diejenigen, die ein paar B\u00e4lle schlagen m\u00f6chten. Es besteht die M\u00f6glichkeit zum Reiten und in Busot finden wir Spaniens gr\u00f6\u00dftes und tiefstes H\u00f6hlensystem. Was Wassersport betrifft, gibt es viele M\u00f6glichkeiten; Segeln, Windsurfen, Seekajakfahren, Kitesurfen, Paddelsurfen und Schnorcheln. Offensichtlich sind einige dieser Aktivit\u00e4ten f\u00fcr Kinder unter einem bestimmten Alter nicht geeignet.\n\nNachfolgend haben wir einige Aktivit\u00e4ten aufgelistet, von denen wir glauben, dass sie f\u00fcr viele interessant sein werden. Wir haben versucht, die offensichtlichen Touristenfallen hier zu meiden, empfehlen Ihnen aber dennoch, sich vorher auf deren Websites umzusehen\n<ul>\n \t<li>Terra Mitica in Finestrat <em><strong><a style=\"color: #ff6600;\" href=\"http:\/\/(www.terramiticapark.com\/\" target=\"_blank\" rel=\"noopener\">(www.terramiticapark.com)<\/a><\/strong><\/em>. Riesiger Themenpark; enth\u00e4lt alles von Achterbahnen bis hin zu Wasserrutschen. T\u00e4gliche Shows, viele Gesch\u00e4fte und Restaurants. Der Park ist in thematische Bereiche unterteilt, die auf den gro\u00dfen antiken Zivilisationen des Mittelmeerraums (\u00c4gypter, R\u00f6mer, Griechen und Iberer) basieren.<\/li>\n \t<li>Die Canelobre-H\u00f6hlen in Busot <em><a style=\"color: #ff6600;\" title=\"H\u00f6hlen in Busot\" href=\"http:\/\/www.cuevasdecanelobre.com\/\" target=\"_blank\" rel=\"noopener\"><strong>(www.cuevasdecanelobre.com)<\/strong><\/a><\/em>. Riesige und spektakul\u00e4re H\u00f6hle; Die besondere Beleuchtung und die hervorragende Akustik machen es auch zu einem interessanten Veranstaltungsort f\u00fcr Konzerte.<\/li>\n \t<li>Mundomar in Benidorm <em><strong><a style=\"color: #ff6600;\" href=\"http:\/\/www.mundomar.es\/\">(www.mundomar.es)<\/a><\/strong><\/em>; ein riesiger Meerespark mit spektakul\u00e4ren Shows von Delfinen, Seel\u00f6wen und Papageien. Man kann auch Pinguine, Flamingos und Schildkr\u00f6ten bewundern.<\/li>\n \t<li>Safari Aitana in Pen\u00e2guila <em><strong><a style=\"color: #ff6600;\" href=\"http:\/\/www.safariaitana.com\/\">(www.safariaitana.com)<\/a><\/strong><\/em>; Safaripark mit Tieren aus f\u00fcnf Kontinenten, darunter L\u00f6wen, Tiger, Giraffen, Elefanten, Panther und mehr. Gef\u00fchrte Safaris in einem 1.500.000 m2 gro\u00dfen Wildschutzgebiet.<\/li>\n \t<li>Aqualandia in Benidorm <em><strong><a style=\"color: #ff6600;\" href=\"http:\/\/www.aqualandia.net\/\">(www.aqualandia.net)<\/a><\/strong><\/em>; Wasserpark mit einem breiten Angebot an Aktivit\u00e4ten; 1985 er\u00f6ffnet und seitdem schrittweise erweitert; heute eines der gr\u00f6\u00dften seiner Art weltweit; enth\u00e4lt zahlreiche Rutschen und Becken. F\u00fcr Kinder jeden Alters m\u00f6glicherweise die \u201espa\u00dfigste\u201c Attraktion, die es in Spanien gibt.<\/li>\n \t<li>Terra Natura in Benidorm <em><strong><a style=\"color: #ff6600;\" href=\"http:\/\/www.terranatura.com\/\">(www.terranatura.com)<\/a><\/strong><\/em>; ein Wildpark der neuen Generation, in dem Sie mit den Tieren in Kontakt kommen, als g\u00e4be es keine Barrieren zwischen Ihnen \u2013 zumindest keine sichtbaren; 1.500 Tiere aus 200 verschiedenen Arten, von denen 50 ernsthaft vom Aussterben bedroht sind.<\/li>\n \t<li>Aqua Natura (in der N\u00e4he von Terra Natura gelegen und gemeinsame Website); enth\u00e4lt Umkleidekabinen, Pools, Strandbars und mehr als 1.000 Meter aufregende Wasserrutschen und exklusive Badebereiche f\u00fcr Kinder.<\/li>\n \t<li>Mundo Marino <em><a style=\"color: #ff6600;\" title=\"Mundo Marino\" href=\"http:\/\/www.mundomarino.es\/\" target=\"_blank\" rel=\"noopener\"><strong>(www.mundomarino.es)<\/strong><\/a><\/em>; Fahren Sie mit einem Boot mit Glasboden und bewundern Sie die atemberaubende K\u00fcste. Abfahrt von Denia, Javea, Calpe und Altea. Bietet auch Ganztagesausfl\u00fcge mit Mahlzeiten an Bord.<\/li>\n \t<li>Kartfahren in Villajoyosa <em><strong><a style=\"color: #ff6600;\" href=\"http:\/\/www.kartinglavila.es\/\">(www.kartinglavila.es)<\/a><\/strong><\/em> oder in Finestrat <strong><em><a style=\"color: #ff6600;\" href=\"http:\/\/www.kartingfinestrat.com\/\">(www.kartingfinestrat.com)<\/a><\/em>.<\/strong> Ersteres ist besser f\u00fcr diejenigen geeignet, die ein begrenztes Budget haben und keinen anderen Ehrgeiz haben, als etwas Spa\u00df zu haben; Letzteres f\u00fcr diejenigen, die Rennen auf einer der besten Go-Kart-Strecken Europas erleben m\u00f6chten.<\/li>\n \t<li>Hier ist ein Video, das die Costa Blanca aus der Vogelperspektive zeigt<strong>: <a style=\"color: #ff6600;\" title=\"Costa Blanca\" href=\"http:\/\/youtu.be\/35BWVquL3dQ\" target=\"_blank\" rel=\"noopener\">Video of Costa Blanca<\/a>&#8222;<\/strong><\/li>\n<\/ul><\/strong><\/span>\t\t\t\t\t\t\t\t<\/div>\n\t\t\t\t\t<\/div>\n\t\t\t\t<\/div>\n\t\t\t\t<\/div>\n\t\t","protected":false},"excerpt":{"rendered":"<p>Tolle Familienaktivit\u00e4ten Erleben Sie unvergessliche Aktivurlaube f\u00fcr Familien im Camp El Planet, wo tolle Familienaktivit\u00e4ten auf Jung und Alt warten. Wenn Sie eine Pause von den typischen \u00fcberf\u00fcllten Str\u00e4nden und riesigen Hotels suchen, ist dies das perfekte Reiseziel f\u00fcr Gro\u00dffamilien oder Gruppen von Freunden. Wenn Sie eine Pause von den typischen \u00fcberf\u00fcllten Str\u00e4nden und riesigen [&hellip;]<\/p>\n","protected":false},"author":1,"featured_media":516,"parent":0,"menu_order":0,"comment_status":"closed","ping_status":"closed","template":"elementor_header_footer","meta":{"footnotes":""},"class_list":["post-967","page","type-page","status-publish","has-post-thumbnail","hentry"],"yoast_head":"<!-- This site is optimized with the Yoast SEO Premium plugin v27.4 (Yoast SEO v27.4) - https:\/\/yoast.com\/product\/yoast-seo-premium-wordpress\/ -->\n<title>Aktive Familien - Camp El Planet<\/title>\n<meta name=\"robots\" content=\"index, follow, max-snippet:-1, max-image-preview:large, max-video-preview:-1\" \/>\n<link rel=\"canonical\" href=\"https:\/\/www.campelplanet.com\/de\/familles-actives\/\" \/>\n<meta property=\"og:locale\" content=\"de_DE\" \/>\n<meta property=\"og:type\" content=\"article\" \/>\n<meta property=\"og:title\" content=\"Aktive Familien\" \/>\n<meta property=\"og:description\" content=\"Tolle Familienaktivit\u00e4ten Erleben Sie unvergessliche Aktivurlaube f\u00fcr Familien im Camp El Planet, wo tolle Familienaktivit\u00e4ten auf Jung und Alt warten. Wenn Sie eine Pause von den typischen \u00fcberf\u00fcllten Str\u00e4nden und riesigen Hotels suchen, ist dies das perfekte Reiseziel f\u00fcr Gro\u00dffamilien oder Gruppen von Freunden. Wenn Sie eine Pause von den typischen \u00fcberf\u00fcllten Str\u00e4nden und riesigen [&hellip;]\" \/>\n<meta property=\"og:url\" content=\"https:\/\/www.campelplanet.com\/de\/familles-actives\/\" \/>\n<meta property=\"og:site_name\" content=\"Camp El Planet\" \/>\n<meta property=\"article:publisher\" content=\"https:\/\/www.facebook.com\/campelplanet\" \/>\n<meta property=\"article:modified_time\" content=\"2024-12-23T07:50:19+00:00\" \/>\n<meta property=\"og:image\" content=\"https:\/\/www.campelplanet.com\/wp-content\/uploads\/2024\/01\/glamping-tent-in-the-morning-sunlight-with-mountain-range-panorama.jpg\" \/>\n\t<meta property=\"og:image:width\" content=\"2000\" \/>\n\t<meta property=\"og:image:height\" content=\"1333\" \/>\n\t<meta property=\"og:image:type\" content=\"image\/jpeg\" \/>\n<meta name=\"twitter:card\" content=\"summary_large_image\" \/>\n<script type=\"application\/ld+json\" class=\"yoast-schema-graph\">{\"@context\":\"https:\\\/\\\/schema.org\",\"@graph\":[{\"@type\":\"WebPage\",\"@id\":\"https:\\\/\\\/www.campelplanet.com\\\/de\\\/familles-actives\\\/\",\"url\":\"https:\\\/\\\/www.campelplanet.com\\\/de\\\/familles-actives\\\/\",\"name\":\"Aktive Familien - Camp El Planet\",\"isPartOf\":{\"@id\":\"https:\\\/\\\/www.campelplanet.com\\\/de\\\/#website\"},\"primaryImageOfPage\":{\"@id\":\"https:\\\/\\\/www.campelplanet.com\\\/de\\\/familles-actives\\\/#primaryimage\"},\"image\":{\"@id\":\"https:\\\/\\\/www.campelplanet.com\\\/de\\\/familles-actives\\\/#primaryimage\"},\"thumbnailUrl\":\"https:\\\/\\\/www.campelplanet.com\\\/wp-content\\\/uploads\\\/2024\\\/01\\\/glamping-tent-in-the-morning-sunlight-with-mountain-range-panorama.jpg\",\"datePublished\":\"2024-01-04T03:25:24+00:00\",\"dateModified\":\"2024-12-23T07:50:19+00:00\",\"breadcrumb\":{\"@id\":\"https:\\\/\\\/www.campelplanet.com\\\/de\\\/familles-actives\\\/#breadcrumb\"},\"inLanguage\":\"de\",\"potentialAction\":[{\"@type\":\"ReadAction\",\"target\":[\"https:\\\/\\\/www.campelplanet.com\\\/de\\\/familles-actives\\\/\"]}]},{\"@type\":\"ImageObject\",\"inLanguage\":\"de\",\"@id\":\"https:\\\/\\\/www.campelplanet.com\\\/de\\\/familles-actives\\\/#primaryimage\",\"url\":\"https:\\\/\\\/www.campelplanet.com\\\/wp-content\\\/uploads\\\/2024\\\/01\\\/glamping-tent-in-the-morning-sunlight-with-mountain-range-panorama.jpg\",\"contentUrl\":\"https:\\\/\\\/www.campelplanet.com\\\/wp-content\\\/uploads\\\/2024\\\/01\\\/glamping-tent-in-the-morning-sunlight-with-mountain-range-panorama.jpg\",\"width\":2000,\"height\":1333,\"caption\":\"great family activities\"},{\"@type\":\"BreadcrumbList\",\"@id\":\"https:\\\/\\\/www.campelplanet.com\\\/de\\\/familles-actives\\\/#breadcrumb\",\"itemListElement\":[{\"@type\":\"ListItem\",\"position\":1,\"name\":\"Home\",\"item\":\"https:\\\/\\\/www.campelplanet.com\\\/de\\\/\"},{\"@type\":\"ListItem\",\"position\":2,\"name\":\"Aktive Familien\"}]},{\"@type\":\"WebSite\",\"@id\":\"https:\\\/\\\/www.campelplanet.com\\\/de\\\/#website\",\"url\":\"https:\\\/\\\/www.campelplanet.com\\\/de\\\/\",\"name\":\"Camp El Planet's\",\"description\":\"The soul of the Costa Blanca\",\"publisher\":{\"@id\":\"https:\\\/\\\/www.campelplanet.com\\\/de\\\/#organization\"},\"potentialAction\":[{\"@type\":\"SearchAction\",\"target\":{\"@type\":\"EntryPoint\",\"urlTemplate\":\"https:\\\/\\\/www.campelplanet.com\\\/de\\\/?s={search_term_string}\"},\"query-input\":{\"@type\":\"PropertyValueSpecification\",\"valueRequired\":true,\"valueName\":\"search_term_string\"}}],\"inLanguage\":\"de\"},{\"@type\":\"Organization\",\"@id\":\"https:\\\/\\\/www.campelplanet.com\\\/de\\\/#organization\",\"name\":\"Camp El Planet's\",\"url\":\"https:\\\/\\\/www.campelplanet.com\\\/de\\\/\",\"logo\":{\"@type\":\"ImageObject\",\"inLanguage\":\"de\",\"@id\":\"https:\\\/\\\/www.campelplanet.com\\\/de\\\/#\\\/schema\\\/logo\\\/image\\\/\",\"url\":\"https:\\\/\\\/www.campelplanet.com\\\/wp-content\\\/uploads\\\/2024\\\/01\\\/cropped-CampElPlanet_bla.png\",\"contentUrl\":\"https:\\\/\\\/www.campelplanet.com\\\/wp-content\\\/uploads\\\/2024\\\/01\\\/cropped-CampElPlanet_bla.png\",\"width\":440,\"height\":256,\"caption\":\"Camp El Planet's\"},\"image\":{\"@id\":\"https:\\\/\\\/www.campelplanet.com\\\/de\\\/#\\\/schema\\\/logo\\\/image\\\/\"},\"sameAs\":[\"https:\\\/\\\/www.facebook.com\\\/campelplanet\",\"https:\\\/\\\/www.instagram.com\\\/campelplanet\\\/\"]}]}<\/script>\n<!-- \/ Yoast SEO Premium plugin. -->","yoast_head_json":{"title":"Aktive Familien - Camp El Planet","robots":{"index":"index","follow":"follow","max-snippet":"max-snippet:-1","max-image-preview":"max-image-preview:large","max-video-preview":"max-video-preview:-1"},"canonical":"https:\/\/www.campelplanet.com\/de\/familles-actives\/","og_locale":"de_DE","og_type":"article","og_title":"Aktive Familien","og_description":"Tolle Familienaktivit\u00e4ten Erleben Sie unvergessliche Aktivurlaube f\u00fcr Familien im Camp El Planet, wo tolle Familienaktivit\u00e4ten auf Jung und Alt warten. Wenn Sie eine Pause von den typischen \u00fcberf\u00fcllten Str\u00e4nden und riesigen Hotels suchen, ist dies das perfekte Reiseziel f\u00fcr Gro\u00dffamilien oder Gruppen von Freunden. Wenn Sie eine Pause von den typischen \u00fcberf\u00fcllten Str\u00e4nden und riesigen [&hellip;]","og_url":"https:\/\/www.campelplanet.com\/de\/familles-actives\/","og_site_name":"Camp El Planet","article_publisher":"https:\/\/www.facebook.com\/campelplanet","article_modified_time":"2024-12-23T07:50:19+00:00","og_image":[{"width":2000,"height":1333,"url":"https:\/\/www.campelplanet.com\/wp-content\/uploads\/2024\/01\/glamping-tent-in-the-morning-sunlight-with-mountain-range-panorama.jpg","type":"image\/jpeg"}],"twitter_card":"summary_large_image","schema":{"@context":"https:\/\/schema.org","@graph":[{"@type":"WebPage","@id":"https:\/\/www.campelplanet.com\/de\/familles-actives\/","url":"https:\/\/www.campelplanet.com\/de\/familles-actives\/","name":"Aktive Familien - Camp El Planet","isPartOf":{"@id":"https:\/\/www.campelplanet.com\/de\/#website"},"primaryImageOfPage":{"@id":"https:\/\/www.campelplanet.com\/de\/familles-actives\/#primaryimage"},"image":{"@id":"https:\/\/www.campelplanet.com\/de\/familles-actives\/#primaryimage"},"thumbnailUrl":"https:\/\/www.campelplanet.com\/wp-content\/uploads\/2024\/01\/glamping-tent-in-the-morning-sunlight-with-mountain-range-panorama.jpg","datePublished":"2024-01-04T03:25:24+00:00","dateModified":"2024-12-23T07:50:19+00:00","breadcrumb":{"@id":"https:\/\/www.campelplanet.com\/de\/familles-actives\/#breadcrumb"},"inLanguage":"de","potentialAction":[{"@type":"ReadAction","target":["https:\/\/www.campelplanet.com\/de\/familles-actives\/"]}]},{"@type":"ImageObject","inLanguage":"de","@id":"https:\/\/www.campelplanet.com\/de\/familles-actives\/#primaryimage","url":"https:\/\/www.campelplanet.com\/wp-content\/uploads\/2024\/01\/glamping-tent-in-the-morning-sunlight-with-mountain-range-panorama.jpg","contentUrl":"https:\/\/www.campelplanet.com\/wp-content\/uploads\/2024\/01\/glamping-tent-in-the-morning-sunlight-with-mountain-range-panorama.jpg","width":2000,"height":1333,"caption":"great family activities"},{"@type":"BreadcrumbList","@id":"https:\/\/www.campelplanet.com\/de\/familles-actives\/#breadcrumb","itemListElement":[{"@type":"ListItem","position":1,"name":"Home","item":"https:\/\/www.campelplanet.com\/de\/"},{"@type":"ListItem","position":2,"name":"Aktive Familien"}]},{"@type":"WebSite","@id":"https:\/\/www.campelplanet.com\/de\/#website","url":"https:\/\/www.campelplanet.com\/de\/","name":"Camp El Planet's","description":"The soul of the Costa Blanca","publisher":{"@id":"https:\/\/www.campelplanet.com\/de\/#organization"},"potentialAction":[{"@type":"SearchAction","target":{"@type":"EntryPoint","urlTemplate":"https:\/\/www.campelplanet.com\/de\/?s={search_term_string}"},"query-input":{"@type":"PropertyValueSpecification","valueRequired":true,"valueName":"search_term_string"}}],"inLanguage":"de"},{"@type":"Organization","@id":"https:\/\/www.campelplanet.com\/de\/#organization","name":"Camp El Planet's","url":"https:\/\/www.campelplanet.com\/de\/","logo":{"@type":"ImageObject","inLanguage":"de","@id":"https:\/\/www.campelplanet.com\/de\/#\/schema\/logo\/image\/","url":"https:\/\/www.campelplanet.com\/wp-content\/uploads\/2024\/01\/cropped-CampElPlanet_bla.png","contentUrl":"https:\/\/www.campelplanet.com\/wp-content\/uploads\/2024\/01\/cropped-CampElPlanet_bla.png","width":440,"height":256,"caption":"Camp El Planet's"},"image":{"@id":"https:\/\/www.campelplanet.com\/de\/#\/schema\/logo\/image\/"},"sameAs":["https:\/\/www.facebook.com\/campelplanet","https:\/\/www.instagram.com\/campelplanet\/"]}]}},"_links":{"self":[{"href":"https:\/\/www.campelplanet.com\/de\/wp-json\/wp\/v2\/pages\/967","targetHints":{"allow":["GET"]}}],"collection":[{"href":"https:\/\/www.campelplanet.com\/de\/wp-json\/wp\/v2\/pages"}],"about":[{"href":"https:\/\/www.campelplanet.com\/de\/wp-json\/wp\/v2\/types\/page"}],"author":[{"embeddable":true,"href":"https:\/\/www.campelplanet.com\/de\/wp-json\/wp\/v2\/users\/1"}],"replies":[{"embeddable":true,"href":"https:\/\/www.campelplanet.com\/de\/wp-json\/wp\/v2\/comments?post=967"}],"version-history":[{"count":1,"href":"https:\/\/www.campelplanet.com\/de\/wp-json\/wp\/v2\/pages\/967\/revisions"}],"predecessor-version":[{"id":5355,"href":"https:\/\/www.campelplanet.com\/de\/wp-json\/wp\/v2\/pages\/967\/revisions\/5355"}],"wp:featuredmedia":[{"embeddable":true,"href":"https:\/\/www.campelplanet.com\/de\/wp-json\/wp\/v2\/media\/516"}],"wp:attachment":[{"href":"https:\/\/www.campelplanet.com\/de\/wp-json\/wp\/v2\/media?parent=967"}],"curies":[{"name":"wp","href":"https:\/\/api.w.org\/{rel}","templated":true}]}}