{"id":930,"date":"2024-01-03T12:06:22","date_gmt":"2024-01-03T11:06:22","guid":{"rendered":"https:\/\/www.campelplanet.com\/team-sport\/"},"modified":"2024-12-23T07:57:24","modified_gmt":"2024-12-23T06:57:24","slug":"team-sport","status":"publish","type":"page","link":"https:\/\/www.campelplanet.com\/de\/team-sport\/","title":{"rendered":"Team-Sport"},"content":{"rendered":"\t\t<div data-elementor-type=\"wp-page\" data-elementor-id=\"930\" class=\"elementor elementor-930 elementor-227\" data-elementor-post-type=\"page\">\n\t\t\t\t\t\t<section class=\"elementor-section elementor-top-section elementor-element elementor-element-1a2cf57 elementor-section-boxed elementor-section-height-default elementor-section-height-default\" data-id=\"1a2cf57\" data-element_type=\"section\" data-e-type=\"section\" data-settings=\"{&quot;background_background&quot;:&quot;classic&quot;}\">\n\t\t\t\t\t\t\t<div class=\"elementor-background-overlay\"><\/div>\n\t\t\t\t\t\t\t<div class=\"elementor-container elementor-column-gap-no\">\n\t\t\t\t\t<div class=\"elementor-column elementor-col-100 elementor-top-column elementor-element elementor-element-d338fb1\" data-id=\"d338fb1\" data-element_type=\"column\" data-e-type=\"column\">\n\t\t\t<div class=\"elementor-widget-wrap elementor-element-populated\">\n\t\t\t\t\t\t\t<\/div>\n\t\t<\/div>\n\t\t\t\t\t<\/div>\n\t\t<\/section>\n\t\t<div class=\"elementor-element elementor-element-3cc1a96 e-flex e-con-boxed e-con e-parent\" data-id=\"3cc1a96\" data-element_type=\"container\" data-e-type=\"container\">\n\t\t\t\t\t<div class=\"e-con-inner\">\n\t\t<div class=\"elementor-element elementor-element-ca1f47e e-con-full e-flex e-con e-child\" data-id=\"ca1f47e\" data-element_type=\"container\" data-e-type=\"container\">\n\t\t\t\t<div class=\"elementor-element elementor-element-dfc7da5 elementor-widget elementor-widget-image\" data-id=\"dfc7da5\" data-element_type=\"widget\" data-e-type=\"widget\" data-widget_type=\"image.default\">\n\t\t\t\t\t\t\t\t\t\t\t\t\t\t\t<img fetchpriority=\"high\" decoding=\"async\" width=\"800\" height=\"534\" src=\"https:\/\/www.campelplanet.com\/wp-content\/uploads\/2024\/01\/eppinghaus-arpoador04.jpg\" class=\"attachment-large size-large wp-image-561\" alt=\"Team Sports\" srcset=\"https:\/\/www.campelplanet.com\/wp-content\/uploads\/2024\/01\/eppinghaus-arpoador04.jpg 1024w, https:\/\/www.campelplanet.com\/wp-content\/uploads\/2024\/01\/eppinghaus-arpoador04-300x200.jpg 300w, https:\/\/www.campelplanet.com\/wp-content\/uploads\/2024\/01\/eppinghaus-arpoador04-768x512.jpg 768w\" sizes=\"(max-width: 800px) 100vw, 800px\" \/>\t\t\t\t\t\t\t\t\t\t\t\t\t\t\t<\/div>\n\t\t\t\t<\/div>\n\t\t<div class=\"elementor-element elementor-element-6f3bf6f e-con-full e-flex e-con e-child\" data-id=\"6f3bf6f\" data-element_type=\"container\" data-e-type=\"container\">\n\t\t\t\t<div class=\"elementor-element elementor-element-f69b148 elementor-widget elementor-widget-text-editor\" data-id=\"f69b148\" data-element_type=\"widget\" data-e-type=\"widget\" data-widget_type=\"text-editor.default\">\n\t\t\t\t\t\t\t\t\t<p><a href=\"https:\/\/www.campelplanet.com\/de\/camp-el-planet\/\" target=\"_blank\" rel=\"noopener\">Camp El Planet<\/a> ist der perfekte Ort f\u00fcr ein Trainingslager f\u00fcr Handball- oder Fu\u00dfballmannschaftssportarten. Die <a href=\"https:\/\/www.facebook.com\/paradisepropertyspain2410\/posts\/1737412673139798\/?paipv=0&amp;eav=AfY3egvMa3XmZC4ah_jgfnuw8cUPa9fNdW2xd--Ypbllm8DtGheliyUDYcpi_xNAsfs&amp;_rdr\">Sportpl\u00e4tze<\/a> in Alfaz, Altea und La Nucia liegen in unmittelbarer N\u00e4he und verf\u00fcgen alle \u00fcber Fu\u00dfballpl\u00e4tze und Turnhallen. Wir glauben, dass Teams davon profitieren, wenn die Teammitglieder an einem Ort versammelt sind und nicht \u00fcber ein gro\u00dfes Hotel oder einen Apartmentkomplex verstreut sind.<\/p>\n<p>Mit seinen elf Studio-Apartments und Schlafm\u00f6glichkeiten f\u00fcr 25 bis 36 Personen eignet sich Camp El Planet ideal f\u00fcr ein \u00dcbungscamp. Gerade f\u00fcr junge Mannschaften halten wir dies f\u00fcr wichtig. Camp El Planet bietet Unterkunft und Verpflegung in ruhiger und abgeschiedener Lage; aber dennoch in kurzer Entfernung zur K\u00fcste, zu den Bergen, zu Sportpl\u00e4tzen, zu Flugh\u00e4fen und zu nahe gelegenen St\u00e4dten wie Altea, Alfaz und Albir.<\/p>\n<p>Een grote groep zal het terrein domineren en zo voor samenhang, nabijheid, een sterk gemeenschapsgevoel zorgen en de teamsportgeest versterken. Tussen de trainingen door zou de groep samen zijn tijdens de maaltijden, rond het zwembad, in de bodega of bij het zwembad tafel of het dartbord. Dies erleichtert die informelle Interaktion in einer entspannten und freundlichen Umgebung, was den Zusammenhalt des Teams nochmals st\u00e4rkt. Das Team kann auch exklusiven Zugang zur Cafeteria und zur K\u00fcche beantragen und seine Mahlzeiten selbst zubereiten und verwalten.<\/p>\t\t\t\t\t\t\t\t<\/div>\n\t\t\t\t<\/div>\n\t\t\t\t\t<\/div>\n\t\t\t\t<\/div>\n\t\t\t\t<\/div>\n\t\t","protected":false},"excerpt":{"rendered":"<p>Camp El Planet ist der perfekte Ort f\u00fcr ein Trainingslager f\u00fcr Handball- oder Fu\u00dfballmannschaftssportarten. Die Sportpl\u00e4tze in Alfaz, Altea und La Nucia liegen in unmittelbarer N\u00e4he und verf\u00fcgen alle \u00fcber Fu\u00dfballpl\u00e4tze und Turnhallen. Wir glauben, dass Teams davon profitieren, wenn die Teammitglieder an einem Ort versammelt sind und nicht \u00fcber ein gro\u00dfes Hotel oder einen [&hellip;]<\/p>\n","protected":false},"author":1,"featured_media":561,"parent":0,"menu_order":0,"comment_status":"closed","ping_status":"closed","template":"elementor_header_footer","meta":{"footnotes":""},"class_list":["post-930","page","type-page","status-publish","has-post-thumbnail","hentry"],"yoast_head":"<!-- This site is optimized with the Yoast SEO Premium plugin v27.4 (Yoast SEO v27.4) - https:\/\/yoast.com\/product\/yoast-seo-premium-wordpress\/ -->\n<title>Team-Sport - Camp El Planet<\/title>\n<meta name=\"description\" content=\"Camp El Planet is de perfecte locatie voor een oefenkamp voor handbal- of voetbalteamsporten. De sportvelden in Alfaz, Altea en...\" \/>\n<meta name=\"robots\" content=\"index, follow, max-snippet:-1, max-image-preview:large, max-video-preview:-1\" \/>\n<link rel=\"canonical\" href=\"https:\/\/www.campelplanet.com\/de\/team-sport\/\" \/>\n<meta property=\"og:locale\" content=\"de_DE\" \/>\n<meta property=\"og:type\" content=\"article\" \/>\n<meta property=\"og:title\" content=\"Team-Sport\" \/>\n<meta property=\"og:description\" content=\"Camp El Planet is de perfecte locatie voor een oefenkamp voor handbal- of voetbalteamsporten. De sportvelden in Alfaz, Altea en...\" \/>\n<meta property=\"og:url\" content=\"https:\/\/www.campelplanet.com\/de\/team-sport\/\" \/>\n<meta property=\"og:site_name\" content=\"Camp El Planet\" \/>\n<meta property=\"article:publisher\" content=\"https:\/\/www.facebook.com\/campelplanet\" \/>\n<meta property=\"article:modified_time\" content=\"2024-12-23T06:57:24+00:00\" \/>\n<meta property=\"og:image\" content=\"https:\/\/www.campelplanet.com\/wp-content\/uploads\/2024\/01\/eppinghaus-arpoador04.jpg\" \/>\n\t<meta property=\"og:image:width\" content=\"1024\" \/>\n\t<meta property=\"og:image:height\" content=\"683\" \/>\n\t<meta property=\"og:image:type\" content=\"image\/jpeg\" \/>\n<meta name=\"twitter:card\" content=\"summary_large_image\" \/>\n<script type=\"application\/ld+json\" class=\"yoast-schema-graph\">{\"@context\":\"https:\\\/\\\/schema.org\",\"@graph\":[{\"@type\":\"WebPage\",\"@id\":\"https:\\\/\\\/www.campelplanet.com\\\/de\\\/team-sport\\\/\",\"url\":\"https:\\\/\\\/www.campelplanet.com\\\/de\\\/team-sport\\\/\",\"name\":\"Team-Sport - Camp El Planet\",\"isPartOf\":{\"@id\":\"https:\\\/\\\/www.campelplanet.com\\\/de\\\/#website\"},\"primaryImageOfPage\":{\"@id\":\"https:\\\/\\\/www.campelplanet.com\\\/de\\\/team-sport\\\/#primaryimage\"},\"image\":{\"@id\":\"https:\\\/\\\/www.campelplanet.com\\\/de\\\/team-sport\\\/#primaryimage\"},\"thumbnailUrl\":\"https:\\\/\\\/www.campelplanet.com\\\/wp-content\\\/uploads\\\/2024\\\/01\\\/eppinghaus-arpoador04.jpg\",\"datePublished\":\"2024-01-03T11:06:22+00:00\",\"dateModified\":\"2024-12-23T06:57:24+00:00\",\"description\":\"Camp El Planet is de perfecte locatie voor een oefenkamp voor handbal- of voetbalteamsporten. De sportvelden in Alfaz, Altea en...\",\"breadcrumb\":{\"@id\":\"https:\\\/\\\/www.campelplanet.com\\\/de\\\/team-sport\\\/#breadcrumb\"},\"inLanguage\":\"de\",\"potentialAction\":[{\"@type\":\"ReadAction\",\"target\":[\"https:\\\/\\\/www.campelplanet.com\\\/de\\\/team-sport\\\/\"]}]},{\"@type\":\"ImageObject\",\"inLanguage\":\"de\",\"@id\":\"https:\\\/\\\/www.campelplanet.com\\\/de\\\/team-sport\\\/#primaryimage\",\"url\":\"https:\\\/\\\/www.campelplanet.com\\\/wp-content\\\/uploads\\\/2024\\\/01\\\/eppinghaus-arpoador04.jpg\",\"contentUrl\":\"https:\\\/\\\/www.campelplanet.com\\\/wp-content\\\/uploads\\\/2024\\\/01\\\/eppinghaus-arpoador04.jpg\",\"width\":1024,\"height\":683,\"caption\":\"Team Sports\"},{\"@type\":\"BreadcrumbList\",\"@id\":\"https:\\\/\\\/www.campelplanet.com\\\/de\\\/team-sport\\\/#breadcrumb\",\"itemListElement\":[{\"@type\":\"ListItem\",\"position\":1,\"name\":\"Home\",\"item\":\"https:\\\/\\\/www.campelplanet.com\\\/de\\\/\"},{\"@type\":\"ListItem\",\"position\":2,\"name\":\"Team-Sport\"}]},{\"@type\":\"WebSite\",\"@id\":\"https:\\\/\\\/www.campelplanet.com\\\/de\\\/#website\",\"url\":\"https:\\\/\\\/www.campelplanet.com\\\/de\\\/\",\"name\":\"Camp El Planet's\",\"description\":\"The soul of the Costa Blanca\",\"publisher\":{\"@id\":\"https:\\\/\\\/www.campelplanet.com\\\/de\\\/#organization\"},\"potentialAction\":[{\"@type\":\"SearchAction\",\"target\":{\"@type\":\"EntryPoint\",\"urlTemplate\":\"https:\\\/\\\/www.campelplanet.com\\\/de\\\/?s={search_term_string}\"},\"query-input\":{\"@type\":\"PropertyValueSpecification\",\"valueRequired\":true,\"valueName\":\"search_term_string\"}}],\"inLanguage\":\"de\"},{\"@type\":\"Organization\",\"@id\":\"https:\\\/\\\/www.campelplanet.com\\\/de\\\/#organization\",\"name\":\"Camp El Planet's\",\"url\":\"https:\\\/\\\/www.campelplanet.com\\\/de\\\/\",\"logo\":{\"@type\":\"ImageObject\",\"inLanguage\":\"de\",\"@id\":\"https:\\\/\\\/www.campelplanet.com\\\/de\\\/#\\\/schema\\\/logo\\\/image\\\/\",\"url\":\"https:\\\/\\\/www.campelplanet.com\\\/wp-content\\\/uploads\\\/2024\\\/01\\\/cropped-CampElPlanet_bla.png\",\"contentUrl\":\"https:\\\/\\\/www.campelplanet.com\\\/wp-content\\\/uploads\\\/2024\\\/01\\\/cropped-CampElPlanet_bla.png\",\"width\":440,\"height\":256,\"caption\":\"Camp El Planet's\"},\"image\":{\"@id\":\"https:\\\/\\\/www.campelplanet.com\\\/de\\\/#\\\/schema\\\/logo\\\/image\\\/\"},\"sameAs\":[\"https:\\\/\\\/www.facebook.com\\\/campelplanet\",\"https:\\\/\\\/www.instagram.com\\\/campelplanet\\\/\"]}]}<\/script>\n<!-- \/ Yoast SEO Premium plugin. -->","yoast_head_json":{"title":"Team-Sport - Camp El Planet","description":"Camp El Planet is de perfecte locatie voor een oefenkamp voor handbal- of voetbalteamsporten. De sportvelden in Alfaz, Altea en...","robots":{"index":"index","follow":"follow","max-snippet":"max-snippet:-1","max-image-preview":"max-image-preview:large","max-video-preview":"max-video-preview:-1"},"canonical":"https:\/\/www.campelplanet.com\/de\/team-sport\/","og_locale":"de_DE","og_type":"article","og_title":"Team-Sport","og_description":"Camp El Planet is de perfecte locatie voor een oefenkamp voor handbal- of voetbalteamsporten. De sportvelden in Alfaz, Altea en...","og_url":"https:\/\/www.campelplanet.com\/de\/team-sport\/","og_site_name":"Camp El Planet","article_publisher":"https:\/\/www.facebook.com\/campelplanet","article_modified_time":"2024-12-23T06:57:24+00:00","og_image":[{"width":1024,"height":683,"url":"https:\/\/www.campelplanet.com\/wp-content\/uploads\/2024\/01\/eppinghaus-arpoador04.jpg","type":"image\/jpeg"}],"twitter_card":"summary_large_image","schema":{"@context":"https:\/\/schema.org","@graph":[{"@type":"WebPage","@id":"https:\/\/www.campelplanet.com\/de\/team-sport\/","url":"https:\/\/www.campelplanet.com\/de\/team-sport\/","name":"Team-Sport - Camp El Planet","isPartOf":{"@id":"https:\/\/www.campelplanet.com\/de\/#website"},"primaryImageOfPage":{"@id":"https:\/\/www.campelplanet.com\/de\/team-sport\/#primaryimage"},"image":{"@id":"https:\/\/www.campelplanet.com\/de\/team-sport\/#primaryimage"},"thumbnailUrl":"https:\/\/www.campelplanet.com\/wp-content\/uploads\/2024\/01\/eppinghaus-arpoador04.jpg","datePublished":"2024-01-03T11:06:22+00:00","dateModified":"2024-12-23T06:57:24+00:00","description":"Camp El Planet is de perfecte locatie voor een oefenkamp voor handbal- of voetbalteamsporten. De sportvelden in Alfaz, Altea en...","breadcrumb":{"@id":"https:\/\/www.campelplanet.com\/de\/team-sport\/#breadcrumb"},"inLanguage":"de","potentialAction":[{"@type":"ReadAction","target":["https:\/\/www.campelplanet.com\/de\/team-sport\/"]}]},{"@type":"ImageObject","inLanguage":"de","@id":"https:\/\/www.campelplanet.com\/de\/team-sport\/#primaryimage","url":"https:\/\/www.campelplanet.com\/wp-content\/uploads\/2024\/01\/eppinghaus-arpoador04.jpg","contentUrl":"https:\/\/www.campelplanet.com\/wp-content\/uploads\/2024\/01\/eppinghaus-arpoador04.jpg","width":1024,"height":683,"caption":"Team Sports"},{"@type":"BreadcrumbList","@id":"https:\/\/www.campelplanet.com\/de\/team-sport\/#breadcrumb","itemListElement":[{"@type":"ListItem","position":1,"name":"Home","item":"https:\/\/www.campelplanet.com\/de\/"},{"@type":"ListItem","position":2,"name":"Team-Sport"}]},{"@type":"WebSite","@id":"https:\/\/www.campelplanet.com\/de\/#website","url":"https:\/\/www.campelplanet.com\/de\/","name":"Camp El Planet's","description":"The soul of the Costa Blanca","publisher":{"@id":"https:\/\/www.campelplanet.com\/de\/#organization"},"potentialAction":[{"@type":"SearchAction","target":{"@type":"EntryPoint","urlTemplate":"https:\/\/www.campelplanet.com\/de\/?s={search_term_string}"},"query-input":{"@type":"PropertyValueSpecification","valueRequired":true,"valueName":"search_term_string"}}],"inLanguage":"de"},{"@type":"Organization","@id":"https:\/\/www.campelplanet.com\/de\/#organization","name":"Camp El Planet's","url":"https:\/\/www.campelplanet.com\/de\/","logo":{"@type":"ImageObject","inLanguage":"de","@id":"https:\/\/www.campelplanet.com\/de\/#\/schema\/logo\/image\/","url":"https:\/\/www.campelplanet.com\/wp-content\/uploads\/2024\/01\/cropped-CampElPlanet_bla.png","contentUrl":"https:\/\/www.campelplanet.com\/wp-content\/uploads\/2024\/01\/cropped-CampElPlanet_bla.png","width":440,"height":256,"caption":"Camp El Planet's"},"image":{"@id":"https:\/\/www.campelplanet.com\/de\/#\/schema\/logo\/image\/"},"sameAs":["https:\/\/www.facebook.com\/campelplanet","https:\/\/www.instagram.com\/campelplanet\/"]}]}},"_links":{"self":[{"href":"https:\/\/www.campelplanet.com\/de\/wp-json\/wp\/v2\/pages\/930","targetHints":{"allow":["GET"]}}],"collection":[{"href":"https:\/\/www.campelplanet.com\/de\/wp-json\/wp\/v2\/pages"}],"about":[{"href":"https:\/\/www.campelplanet.com\/de\/wp-json\/wp\/v2\/types\/page"}],"author":[{"embeddable":true,"href":"https:\/\/www.campelplanet.com\/de\/wp-json\/wp\/v2\/users\/1"}],"replies":[{"embeddable":true,"href":"https:\/\/www.campelplanet.com\/de\/wp-json\/wp\/v2\/comments?post=930"}],"version-history":[{"count":1,"href":"https:\/\/www.campelplanet.com\/de\/wp-json\/wp\/v2\/pages\/930\/revisions"}],"predecessor-version":[{"id":5324,"href":"https:\/\/www.campelplanet.com\/de\/wp-json\/wp\/v2\/pages\/930\/revisions\/5324"}],"wp:featuredmedia":[{"embeddable":true,"href":"https:\/\/www.campelplanet.com\/de\/wp-json\/wp\/v2\/media\/561"}],"wp:attachment":[{"href":"https:\/\/www.campelplanet.com\/de\/wp-json\/wp\/v2\/media?parent=930"}],"curies":[{"name":"wp","href":"https:\/\/api.w.org\/{rel}","templated":true}]}}