{"id":922,"date":"2024-01-03T12:09:57","date_gmt":"2024-01-03T11:09:57","guid":{"rendered":"https:\/\/www.campelplanet.com\/aktiver-urlaub\/"},"modified":"2024-12-23T07:59:19","modified_gmt":"2024-12-23T06:59:19","slug":"aktiver-urlaub","status":"publish","type":"page","link":"https:\/\/www.campelplanet.com\/de\/aktiver-urlaub\/","title":{"rendered":"Aktiver Urlaub"},"content":{"rendered":"\t\t<div data-elementor-type=\"wp-page\" data-elementor-id=\"922\" class=\"elementor elementor-922 elementor-235\" data-elementor-post-type=\"page\">\n\t\t\t\t\t\t<section class=\"elementor-section elementor-top-section elementor-element elementor-element-35d6c06 elementor-section-boxed elementor-section-height-default elementor-section-height-default\" data-id=\"35d6c06\" data-element_type=\"section\" data-e-type=\"section\" data-settings=\"{&quot;background_background&quot;:&quot;classic&quot;}\">\n\t\t\t\t\t\t\t<div class=\"elementor-background-overlay\"><\/div>\n\t\t\t\t\t\t\t<div class=\"elementor-container elementor-column-gap-no\">\n\t\t\t\t\t<div class=\"elementor-column elementor-col-100 elementor-top-column elementor-element elementor-element-c5f18cb\" data-id=\"c5f18cb\" data-element_type=\"column\" data-e-type=\"column\">\n\t\t\t<div class=\"elementor-widget-wrap elementor-element-populated\">\n\t\t\t\t\t\t\t<\/div>\n\t\t<\/div>\n\t\t\t\t\t<\/div>\n\t\t<\/section>\n\t\t<div class=\"elementor-element elementor-element-92dc9e6 e-flex e-con-boxed e-con e-parent\" data-id=\"92dc9e6\" data-element_type=\"container\" data-e-type=\"container\">\n\t\t\t\t\t<div class=\"e-con-inner\">\n\t\t<div class=\"elementor-element elementor-element-3991c59 e-con-full e-flex e-con e-child\" data-id=\"3991c59\" data-element_type=\"container\" data-e-type=\"container\">\n\t\t\t\t<div class=\"elementor-element elementor-element-3382503 elementor-widget elementor-widget-text-editor\" data-id=\"3382503\" data-element_type=\"widget\" data-e-type=\"widget\" data-widget_type=\"text-editor.default\">\n\t\t\t\t\t\t\t\t\t<p>Die Costa Blanca bietet eine Vielzahl von M\u00f6glichkeiten f\u00fcr diejenigen, die einen aktiven Urlaub verbringen m\u00f6chten. Einige davon haben wir bereits vorgestellt; <a href=\"https:\/\/www.campelplanet.com\/de\/radfahren\/\">Radfahren<\/a>, <a href=\"https:\/\/www.campelplanet.com\/de\/wandern\/\">Wandern<\/a>, <a href=\"https:\/\/www.campelplanet.com\/de\/klettern\/\">Klettern<\/a>, <a href=\"https:\/\/www.campelplanet.com\/de\/golf\/\">Golfen<\/a> und <a href=\"https:\/\/www.campelplanet.com\/de\/team-sport\/\">Mannschaftssportarten<\/a> wie Fu\u00dfball und Handball. In der Gegend gibt es zahlreiche Tennisclubs und Tennispl\u00e4tze und es gibt ausreichend Kapazit\u00e4t f\u00fcr diejenigen, die ein paar B\u00e4lle schlagen m\u00f6chten. Und f\u00fcr die weniger Mutigen gibt es auch die M\u00f6glichkeit zum Wasser-Canyoning, zum H\u00f6hlenforschen und zum River-Rafting. In Busot finden wir das gr\u00f6\u00dfte und tiefste H\u00f6hlensystem Spaniens. Was Wassersport betrifft, gibt es viele M\u00f6glichkeiten; Segeln, Windsurfen, <a href=\"https:\/\/en.wikipedia.org\/wiki\/Kayaking#:~:text=Kayaking%20is%20the%20use%20of,of%20blades%20on%20the%20paddle.\" target=\"_blank\" rel=\"noopener\">Seekajakfahren<\/a>, Kitesurfen, Paddelsurfen und Schnorcheln. Vom Camp El Planet aus k\u00f6nnen Sie die meisten Veranstaltungsorte in einer kurzen Autofahrt erreichen. Hinter vielen dieser Aktivit\u00e4ten stehen eine Reihe sehr professioneller und vertrauensw\u00fcrdiger Veranstalter. Wenn Sie eine Woche voller verschiedener Aktivit\u00e4ten planen, ist es wahrscheinlich eine gute Idee, sich bei der Planung Ihres Aktivurlaubs auf deren Websites umzusehen.<\/p>\n\t\t\t\t\t\t\t\t<\/div>\n\t\t\t\t<\/div>\n\t\t\t\t\t<\/div>\n\t\t\t\t<\/div>\n\t\t\t\t<\/div>\n\t\t","protected":false},"excerpt":{"rendered":"<p>Die Costa Blanca bietet eine Vielzahl von M\u00f6glichkeiten f\u00fcr diejenigen, die einen aktiven Urlaub verbringen m\u00f6chten. Einige davon haben wir bereits vorgestellt; Radfahren, Wandern, Klettern, Golfen und Mannschaftssportarten wie Fu\u00dfball und Handball. In der Gegend gibt es zahlreiche Tennisclubs und Tennispl\u00e4tze und es gibt ausreichend Kapazit\u00e4t f\u00fcr diejenigen, die ein paar B\u00e4lle schlagen m\u00f6chten. Und [&hellip;]<\/p>\n","protected":false},"author":1,"featured_media":616,"parent":0,"menu_order":0,"comment_status":"closed","ping_status":"closed","template":"elementor_header_footer","meta":{"footnotes":""},"class_list":["post-922","page","type-page","status-publish","has-post-thumbnail","hentry"],"yoast_head":"<!-- This site is optimized with the Yoast SEO Premium plugin v27.4 (Yoast SEO v27.4) - https:\/\/yoast.com\/product\/yoast-seo-premium-wordpress\/ -->\n<title>Aktiver Urlaub - Camp El Planet<\/title>\n<meta name=\"description\" content=\"Die Costa Blanca bietet eine Vielzahl von M\u00f6glichkeiten f\u00fcr diejenigen, die einen aktiven Urlaub verbringen m\u00f6chten. Eine Nummer haben wir bereits vorgestellt...\" \/>\n<meta name=\"robots\" content=\"index, follow, max-snippet:-1, max-image-preview:large, max-video-preview:-1\" \/>\n<link rel=\"canonical\" href=\"https:\/\/www.campelplanet.com\/de\/aktiver-urlaub\/\" \/>\n<meta property=\"og:locale\" content=\"de_DE\" \/>\n<meta property=\"og:type\" content=\"article\" \/>\n<meta property=\"og:title\" content=\"Aktiver Urlaub\" \/>\n<meta property=\"og:description\" content=\"Die Costa Blanca bietet eine Vielzahl von M\u00f6glichkeiten f\u00fcr diejenigen, die einen aktiven Urlaub verbringen m\u00f6chten. Eine Nummer haben wir bereits vorgestellt...\" \/>\n<meta property=\"og:url\" content=\"https:\/\/www.campelplanet.com\/de\/aktiver-urlaub\/\" \/>\n<meta property=\"og:site_name\" content=\"Camp El Planet\" \/>\n<meta property=\"article:publisher\" content=\"https:\/\/www.facebook.com\/campelplanet\" \/>\n<meta property=\"article:modified_time\" content=\"2024-12-23T06:59:19+00:00\" \/>\n<meta property=\"og:image\" content=\"https:\/\/www.campelplanet.com\/wp-content\/uploads\/2024\/01\/IMG_2886-e1581328102904.jpg\" \/>\n\t<meta property=\"og:image:width\" content=\"1300\" \/>\n\t<meta property=\"og:image:height\" content=\"975\" \/>\n\t<meta property=\"og:image:type\" content=\"image\/jpeg\" \/>\n<meta name=\"twitter:card\" content=\"summary_large_image\" \/>\n<script type=\"application\/ld+json\" class=\"yoast-schema-graph\">{\"@context\":\"https:\\\/\\\/schema.org\",\"@graph\":[{\"@type\":\"WebPage\",\"@id\":\"https:\\\/\\\/www.campelplanet.com\\\/de\\\/aktiver-urlaub\\\/\",\"url\":\"https:\\\/\\\/www.campelplanet.com\\\/de\\\/aktiver-urlaub\\\/\",\"name\":\"Aktiver Urlaub - Camp El Planet\",\"isPartOf\":{\"@id\":\"https:\\\/\\\/www.campelplanet.com\\\/de\\\/#website\"},\"primaryImageOfPage\":{\"@id\":\"https:\\\/\\\/www.campelplanet.com\\\/de\\\/aktiver-urlaub\\\/#primaryimage\"},\"image\":{\"@id\":\"https:\\\/\\\/www.campelplanet.com\\\/de\\\/aktiver-urlaub\\\/#primaryimage\"},\"thumbnailUrl\":\"https:\\\/\\\/www.campelplanet.com\\\/wp-content\\\/uploads\\\/2024\\\/01\\\/IMG_2886-e1581328102904.jpg\",\"datePublished\":\"2024-01-03T11:09:57+00:00\",\"dateModified\":\"2024-12-23T06:59:19+00:00\",\"description\":\"Die Costa Blanca bietet eine Vielzahl von M\u00f6glichkeiten f\u00fcr diejenigen, die einen aktiven Urlaub verbringen m\u00f6chten. Eine Nummer haben wir bereits vorgestellt...\",\"breadcrumb\":{\"@id\":\"https:\\\/\\\/www.campelplanet.com\\\/de\\\/aktiver-urlaub\\\/#breadcrumb\"},\"inLanguage\":\"de\",\"potentialAction\":[{\"@type\":\"ReadAction\",\"target\":[\"https:\\\/\\\/www.campelplanet.com\\\/de\\\/aktiver-urlaub\\\/\"]}]},{\"@type\":\"ImageObject\",\"inLanguage\":\"de\",\"@id\":\"https:\\\/\\\/www.campelplanet.com\\\/de\\\/aktiver-urlaub\\\/#primaryimage\",\"url\":\"https:\\\/\\\/www.campelplanet.com\\\/wp-content\\\/uploads\\\/2024\\\/01\\\/IMG_2886-e1581328102904.jpg\",\"contentUrl\":\"https:\\\/\\\/www.campelplanet.com\\\/wp-content\\\/uploads\\\/2024\\\/01\\\/IMG_2886-e1581328102904.jpg\",\"width\":1300,\"height\":975,\"caption\":\"active holiday\"},{\"@type\":\"BreadcrumbList\",\"@id\":\"https:\\\/\\\/www.campelplanet.com\\\/de\\\/aktiver-urlaub\\\/#breadcrumb\",\"itemListElement\":[{\"@type\":\"ListItem\",\"position\":1,\"name\":\"Home\",\"item\":\"https:\\\/\\\/www.campelplanet.com\\\/de\\\/\"},{\"@type\":\"ListItem\",\"position\":2,\"name\":\"Aktiver Urlaub\"}]},{\"@type\":\"WebSite\",\"@id\":\"https:\\\/\\\/www.campelplanet.com\\\/de\\\/#website\",\"url\":\"https:\\\/\\\/www.campelplanet.com\\\/de\\\/\",\"name\":\"Camp El Planet's\",\"description\":\"The soul of the Costa Blanca\",\"publisher\":{\"@id\":\"https:\\\/\\\/www.campelplanet.com\\\/de\\\/#organization\"},\"potentialAction\":[{\"@type\":\"SearchAction\",\"target\":{\"@type\":\"EntryPoint\",\"urlTemplate\":\"https:\\\/\\\/www.campelplanet.com\\\/de\\\/?s={search_term_string}\"},\"query-input\":{\"@type\":\"PropertyValueSpecification\",\"valueRequired\":true,\"valueName\":\"search_term_string\"}}],\"inLanguage\":\"de\"},{\"@type\":\"Organization\",\"@id\":\"https:\\\/\\\/www.campelplanet.com\\\/de\\\/#organization\",\"name\":\"Camp El Planet's\",\"url\":\"https:\\\/\\\/www.campelplanet.com\\\/de\\\/\",\"logo\":{\"@type\":\"ImageObject\",\"inLanguage\":\"de\",\"@id\":\"https:\\\/\\\/www.campelplanet.com\\\/de\\\/#\\\/schema\\\/logo\\\/image\\\/\",\"url\":\"https:\\\/\\\/www.campelplanet.com\\\/wp-content\\\/uploads\\\/2024\\\/01\\\/cropped-CampElPlanet_bla.png\",\"contentUrl\":\"https:\\\/\\\/www.campelplanet.com\\\/wp-content\\\/uploads\\\/2024\\\/01\\\/cropped-CampElPlanet_bla.png\",\"width\":440,\"height\":256,\"caption\":\"Camp El Planet's\"},\"image\":{\"@id\":\"https:\\\/\\\/www.campelplanet.com\\\/de\\\/#\\\/schema\\\/logo\\\/image\\\/\"},\"sameAs\":[\"https:\\\/\\\/www.facebook.com\\\/campelplanet\",\"https:\\\/\\\/www.instagram.com\\\/campelplanet\\\/\"]}]}<\/script>\n<!-- \/ Yoast SEO Premium plugin. -->","yoast_head_json":{"title":"Aktiver Urlaub - Camp El Planet","description":"Die Costa Blanca bietet eine Vielzahl von M\u00f6glichkeiten f\u00fcr diejenigen, die einen aktiven Urlaub verbringen m\u00f6chten. Eine Nummer haben wir bereits vorgestellt...","robots":{"index":"index","follow":"follow","max-snippet":"max-snippet:-1","max-image-preview":"max-image-preview:large","max-video-preview":"max-video-preview:-1"},"canonical":"https:\/\/www.campelplanet.com\/de\/aktiver-urlaub\/","og_locale":"de_DE","og_type":"article","og_title":"Aktiver Urlaub","og_description":"Die Costa Blanca bietet eine Vielzahl von M\u00f6glichkeiten f\u00fcr diejenigen, die einen aktiven Urlaub verbringen m\u00f6chten. Eine Nummer haben wir bereits vorgestellt...","og_url":"https:\/\/www.campelplanet.com\/de\/aktiver-urlaub\/","og_site_name":"Camp El Planet","article_publisher":"https:\/\/www.facebook.com\/campelplanet","article_modified_time":"2024-12-23T06:59:19+00:00","og_image":[{"width":1300,"height":975,"url":"https:\/\/www.campelplanet.com\/wp-content\/uploads\/2024\/01\/IMG_2886-e1581328102904.jpg","type":"image\/jpeg"}],"twitter_card":"summary_large_image","schema":{"@context":"https:\/\/schema.org","@graph":[{"@type":"WebPage","@id":"https:\/\/www.campelplanet.com\/de\/aktiver-urlaub\/","url":"https:\/\/www.campelplanet.com\/de\/aktiver-urlaub\/","name":"Aktiver Urlaub - Camp El Planet","isPartOf":{"@id":"https:\/\/www.campelplanet.com\/de\/#website"},"primaryImageOfPage":{"@id":"https:\/\/www.campelplanet.com\/de\/aktiver-urlaub\/#primaryimage"},"image":{"@id":"https:\/\/www.campelplanet.com\/de\/aktiver-urlaub\/#primaryimage"},"thumbnailUrl":"https:\/\/www.campelplanet.com\/wp-content\/uploads\/2024\/01\/IMG_2886-e1581328102904.jpg","datePublished":"2024-01-03T11:09:57+00:00","dateModified":"2024-12-23T06:59:19+00:00","description":"Die Costa Blanca bietet eine Vielzahl von M\u00f6glichkeiten f\u00fcr diejenigen, die einen aktiven Urlaub verbringen m\u00f6chten. Eine Nummer haben wir bereits vorgestellt...","breadcrumb":{"@id":"https:\/\/www.campelplanet.com\/de\/aktiver-urlaub\/#breadcrumb"},"inLanguage":"de","potentialAction":[{"@type":"ReadAction","target":["https:\/\/www.campelplanet.com\/de\/aktiver-urlaub\/"]}]},{"@type":"ImageObject","inLanguage":"de","@id":"https:\/\/www.campelplanet.com\/de\/aktiver-urlaub\/#primaryimage","url":"https:\/\/www.campelplanet.com\/wp-content\/uploads\/2024\/01\/IMG_2886-e1581328102904.jpg","contentUrl":"https:\/\/www.campelplanet.com\/wp-content\/uploads\/2024\/01\/IMG_2886-e1581328102904.jpg","width":1300,"height":975,"caption":"active holiday"},{"@type":"BreadcrumbList","@id":"https:\/\/www.campelplanet.com\/de\/aktiver-urlaub\/#breadcrumb","itemListElement":[{"@type":"ListItem","position":1,"name":"Home","item":"https:\/\/www.campelplanet.com\/de\/"},{"@type":"ListItem","position":2,"name":"Aktiver Urlaub"}]},{"@type":"WebSite","@id":"https:\/\/www.campelplanet.com\/de\/#website","url":"https:\/\/www.campelplanet.com\/de\/","name":"Camp El Planet's","description":"The soul of the Costa Blanca","publisher":{"@id":"https:\/\/www.campelplanet.com\/de\/#organization"},"potentialAction":[{"@type":"SearchAction","target":{"@type":"EntryPoint","urlTemplate":"https:\/\/www.campelplanet.com\/de\/?s={search_term_string}"},"query-input":{"@type":"PropertyValueSpecification","valueRequired":true,"valueName":"search_term_string"}}],"inLanguage":"de"},{"@type":"Organization","@id":"https:\/\/www.campelplanet.com\/de\/#organization","name":"Camp El Planet's","url":"https:\/\/www.campelplanet.com\/de\/","logo":{"@type":"ImageObject","inLanguage":"de","@id":"https:\/\/www.campelplanet.com\/de\/#\/schema\/logo\/image\/","url":"https:\/\/www.campelplanet.com\/wp-content\/uploads\/2024\/01\/cropped-CampElPlanet_bla.png","contentUrl":"https:\/\/www.campelplanet.com\/wp-content\/uploads\/2024\/01\/cropped-CampElPlanet_bla.png","width":440,"height":256,"caption":"Camp El Planet's"},"image":{"@id":"https:\/\/www.campelplanet.com\/de\/#\/schema\/logo\/image\/"},"sameAs":["https:\/\/www.facebook.com\/campelplanet","https:\/\/www.instagram.com\/campelplanet\/"]}]}},"_links":{"self":[{"href":"https:\/\/www.campelplanet.com\/de\/wp-json\/wp\/v2\/pages\/922","targetHints":{"allow":["GET"]}}],"collection":[{"href":"https:\/\/www.campelplanet.com\/de\/wp-json\/wp\/v2\/pages"}],"about":[{"href":"https:\/\/www.campelplanet.com\/de\/wp-json\/wp\/v2\/types\/page"}],"author":[{"embeddable":true,"href":"https:\/\/www.campelplanet.com\/de\/wp-json\/wp\/v2\/users\/1"}],"replies":[{"embeddable":true,"href":"https:\/\/www.campelplanet.com\/de\/wp-json\/wp\/v2\/comments?post=922"}],"version-history":[{"count":1,"href":"https:\/\/www.campelplanet.com\/de\/wp-json\/wp\/v2\/pages\/922\/revisions"}],"predecessor-version":[{"id":5327,"href":"https:\/\/www.campelplanet.com\/de\/wp-json\/wp\/v2\/pages\/922\/revisions\/5327"}],"wp:featuredmedia":[{"embeddable":true,"href":"https:\/\/www.campelplanet.com\/de\/wp-json\/wp\/v2\/media\/616"}],"wp:attachment":[{"href":"https:\/\/www.campelplanet.com\/de\/wp-json\/wp\/v2\/media?parent=922"}],"curies":[{"name":"wp","href":"https:\/\/api.w.org\/{rel}","templated":true}]}}