{"id":914,"date":"2024-01-03T12:01:45","date_gmt":"2024-01-03T11:01:45","guid":{"rendered":"https:\/\/www.campelplanet.com\/tennis-padel\/"},"modified":"2024-12-23T07:51:22","modified_gmt":"2024-12-23T06:51:22","slug":"tennis-padel","status":"publish","type":"page","link":"https:\/\/www.campelplanet.com\/de\/tennis-padel\/","title":{"rendered":"Tennis &amp; Padel"},"content":{"rendered":"\t\t<div data-elementor-type=\"wp-page\" data-elementor-id=\"914\" class=\"elementor elementor-914 elementor-218\" data-elementor-post-type=\"page\">\n\t\t\t\t\t\t<section class=\"elementor-section elementor-top-section elementor-element elementor-element-aa7405e elementor-section-boxed elementor-section-height-default elementor-section-height-default\" data-id=\"aa7405e\" data-element_type=\"section\" data-e-type=\"section\" data-settings=\"{&quot;background_background&quot;:&quot;classic&quot;}\">\n\t\t\t\t\t\t\t<div class=\"elementor-background-overlay\"><\/div>\n\t\t\t\t\t\t\t<div class=\"elementor-container elementor-column-gap-no\">\n\t\t\t\t\t<div class=\"elementor-column elementor-col-100 elementor-top-column elementor-element elementor-element-5057017\" data-id=\"5057017\" data-element_type=\"column\" data-e-type=\"column\">\n\t\t\t<div class=\"elementor-widget-wrap elementor-element-populated\">\n\t\t\t\t\t\t\t<\/div>\n\t\t<\/div>\n\t\t\t\t\t<\/div>\n\t\t<\/section>\n\t\t<div class=\"elementor-element elementor-element-2bbe783 e-flex e-con-boxed e-con e-parent\" data-id=\"2bbe783\" data-element_type=\"container\" data-e-type=\"container\">\n\t\t\t\t\t<div class=\"e-con-inner\">\n\t\t<div class=\"elementor-element elementor-element-7d13df3 e-con-full e-flex e-con e-child\" data-id=\"7d13df3\" data-element_type=\"container\" data-e-type=\"container\">\n\t\t\t\t<div class=\"elementor-element elementor-element-40a0268 elementor-widget elementor-widget-image\" data-id=\"40a0268\" data-element_type=\"widget\" data-e-type=\"widget\" data-widget_type=\"image.default\">\n\t\t\t\t\t\t\t\t\t\t\t\t\t\t\t<img decoding=\"async\" src=\"https:\/\/www.campelplanet.com\/wp-content\/uploads\/2024\/12\/pexels-isabella-mendes-342360-scaled-1.jpg\" title=\"pexels-isabella-mendes-342360-scaled.jpg\" alt=\"pexels-isabella-mendes-342360-scaled.jpg\" loading=\"lazy\" \/>\t\t\t\t\t\t\t\t\t\t\t\t\t\t\t<\/div>\n\t\t\t\t<\/div>\n\t\t<div class=\"elementor-element elementor-element-fee2443 e-con-full e-flex e-con e-child\" data-id=\"fee2443\" data-element_type=\"container\" data-e-type=\"container\">\n\t\t\t\t<div class=\"elementor-element elementor-element-5908ee7 elementor-widget elementor-widget-text-editor\" data-id=\"5908ee7\" data-element_type=\"widget\" data-e-type=\"widget\" data-widget_type=\"text-editor.default\">\n\t\t\t\t\t\t\t\t\t<p>Es gibt viele \u00f6rtliche <a href=\"https:\/\/www.mejorset.com\/blog-eng\/how-big-is-a-padel-court-and-what-is-the-difference-in-size-with-a-tennis-court\" target=\"_blank\" rel=\"noopener\">Tennis- und Padelpl\u00e4tz<\/a>e, und angesichts des Umfangs des Angebots ist der Zugang relativ einfach. Zwei der Clubs in unserer N\u00e4he verf\u00fcgen auch \u00fcber Sandpl\u00e4tze. Das Mieten von Ausr\u00fcstung ist grunds\u00e4tzlich kein Problem. <a href=\"https:\/\/www.campelplanet.com\/activities\/\" target=\"_blank\" rel=\"noopener\">Die<\/a> besuchenden Tennismannschaften und G\u00e4ste, die in den \u00f6rtlichen Vereinen gespielt haben, waren von der Qualit\u00e4t der Einrichtungen uneingeschr\u00e4nkt positiv. Ganz zu schweigen von der Serviceorientierung des Clubpersonals.<\/p>\n\t\t\t\t\t\t\t\t<\/div>\n\t\t\t\t<\/div>\n\t\t\t\t\t<\/div>\n\t\t\t\t<\/div>\n\t\t\t\t<\/div>\n\t\t","protected":false},"excerpt":{"rendered":"<p>Es gibt viele \u00f6rtliche Tennis- und Padelpl\u00e4tze, und angesichts des Umfangs des Angebots ist der Zugang relativ einfach. Zwei der Clubs in unserer N\u00e4he verf\u00fcgen auch \u00fcber Sandpl\u00e4tze. Das Mieten von Ausr\u00fcstung ist grunds\u00e4tzlich kein Problem. Die besuchenden Tennismannschaften und G\u00e4ste, die in den \u00f6rtlichen Vereinen gespielt haben, waren von der Qualit\u00e4t der Einrichtungen uneingeschr\u00e4nkt [&hellip;]<\/p>\n","protected":false},"author":1,"featured_media":756,"parent":0,"menu_order":0,"comment_status":"closed","ping_status":"closed","template":"elementor_header_footer","meta":{"footnotes":""},"class_list":["post-914","page","type-page","status-publish","has-post-thumbnail","hentry"],"yoast_head":"<!-- This site is optimized with the Yoast SEO Premium plugin v27.4 (Yoast SEO v27.4) - https:\/\/yoast.com\/product\/yoast-seo-premium-wordpress\/ -->\n<title>Tennis &amp; Padel - Camp El Planet<\/title>\n<meta name=\"description\" content=\"Es gibt viele \u00f6rtliche Tennis- und Padelpl\u00e4tze, und angesichts des Umfangs des Angebots ist der Zugang relativ einfach\" \/>\n<meta name=\"robots\" content=\"index, follow, max-snippet:-1, max-image-preview:large, max-video-preview:-1\" \/>\n<link rel=\"canonical\" href=\"https:\/\/www.campelplanet.com\/de\/tennis-padel\/\" \/>\n<meta property=\"og:locale\" content=\"de_DE\" \/>\n<meta property=\"og:type\" content=\"article\" \/>\n<meta property=\"og:title\" content=\"Tennis &amp; Padel\" \/>\n<meta property=\"og:description\" content=\"Es gibt viele \u00f6rtliche Tennis- und Padelpl\u00e4tze, und angesichts des Umfangs des Angebots ist der Zugang relativ einfach\" \/>\n<meta property=\"og:url\" content=\"https:\/\/www.campelplanet.com\/de\/tennis-padel\/\" \/>\n<meta property=\"og:site_name\" content=\"Camp El Planet\" \/>\n<meta property=\"article:publisher\" content=\"https:\/\/www.facebook.com\/campelplanet\" \/>\n<meta property=\"article:modified_time\" content=\"2024-12-23T06:51:22+00:00\" \/>\n<meta property=\"og:image\" content=\"https:\/\/www.campelplanet.com\/wp-content\/uploads\/2024\/01\/pexels-mudassir-ali-1619860-scaled.jpg\" \/>\n\t<meta property=\"og:image:width\" content=\"2560\" \/>\n\t<meta property=\"og:image:height\" content=\"1340\" \/>\n\t<meta property=\"og:image:type\" content=\"image\/jpeg\" \/>\n<meta name=\"twitter:card\" content=\"summary_large_image\" \/>\n<script type=\"application\/ld+json\" class=\"yoast-schema-graph\">{\"@context\":\"https:\\\/\\\/schema.org\",\"@graph\":[{\"@type\":\"WebPage\",\"@id\":\"https:\\\/\\\/www.campelplanet.com\\\/de\\\/tennis-padel\\\/\",\"url\":\"https:\\\/\\\/www.campelplanet.com\\\/de\\\/tennis-padel\\\/\",\"name\":\"Tennis &amp; Padel - Camp El Planet\",\"isPartOf\":{\"@id\":\"https:\\\/\\\/www.campelplanet.com\\\/de\\\/#website\"},\"primaryImageOfPage\":{\"@id\":\"https:\\\/\\\/www.campelplanet.com\\\/de\\\/tennis-padel\\\/#primaryimage\"},\"image\":{\"@id\":\"https:\\\/\\\/www.campelplanet.com\\\/de\\\/tennis-padel\\\/#primaryimage\"},\"thumbnailUrl\":\"https:\\\/\\\/www.campelplanet.com\\\/wp-content\\\/uploads\\\/2024\\\/01\\\/pexels-mudassir-ali-1619860-scaled.jpg\",\"datePublished\":\"2024-01-03T11:01:45+00:00\",\"dateModified\":\"2024-12-23T06:51:22+00:00\",\"description\":\"Es gibt viele \u00f6rtliche Tennis- und Padelpl\u00e4tze, und angesichts des Umfangs des Angebots ist der Zugang relativ einfach\",\"breadcrumb\":{\"@id\":\"https:\\\/\\\/www.campelplanet.com\\\/de\\\/tennis-padel\\\/#breadcrumb\"},\"inLanguage\":\"de\",\"potentialAction\":[{\"@type\":\"ReadAction\",\"target\":[\"https:\\\/\\\/www.campelplanet.com\\\/de\\\/tennis-padel\\\/\"]}]},{\"@type\":\"ImageObject\",\"inLanguage\":\"de\",\"@id\":\"https:\\\/\\\/www.campelplanet.com\\\/de\\\/tennis-padel\\\/#primaryimage\",\"url\":\"https:\\\/\\\/www.campelplanet.com\\\/wp-content\\\/uploads\\\/2024\\\/01\\\/pexels-mudassir-ali-1619860-scaled.jpg\",\"contentUrl\":\"https:\\\/\\\/www.campelplanet.com\\\/wp-content\\\/uploads\\\/2024\\\/01\\\/pexels-mudassir-ali-1619860-scaled.jpg\",\"width\":2560,\"height\":1340,\"caption\":\"Tennis & Padel\"},{\"@type\":\"BreadcrumbList\",\"@id\":\"https:\\\/\\\/www.campelplanet.com\\\/de\\\/tennis-padel\\\/#breadcrumb\",\"itemListElement\":[{\"@type\":\"ListItem\",\"position\":1,\"name\":\"Home\",\"item\":\"https:\\\/\\\/www.campelplanet.com\\\/de\\\/\"},{\"@type\":\"ListItem\",\"position\":2,\"name\":\"Tennis &amp; Padel\"}]},{\"@type\":\"WebSite\",\"@id\":\"https:\\\/\\\/www.campelplanet.com\\\/de\\\/#website\",\"url\":\"https:\\\/\\\/www.campelplanet.com\\\/de\\\/\",\"name\":\"Camp El Planet's\",\"description\":\"The soul of the Costa Blanca\",\"publisher\":{\"@id\":\"https:\\\/\\\/www.campelplanet.com\\\/de\\\/#organization\"},\"potentialAction\":[{\"@type\":\"SearchAction\",\"target\":{\"@type\":\"EntryPoint\",\"urlTemplate\":\"https:\\\/\\\/www.campelplanet.com\\\/de\\\/?s={search_term_string}\"},\"query-input\":{\"@type\":\"PropertyValueSpecification\",\"valueRequired\":true,\"valueName\":\"search_term_string\"}}],\"inLanguage\":\"de\"},{\"@type\":\"Organization\",\"@id\":\"https:\\\/\\\/www.campelplanet.com\\\/de\\\/#organization\",\"name\":\"Camp El Planet's\",\"url\":\"https:\\\/\\\/www.campelplanet.com\\\/de\\\/\",\"logo\":{\"@type\":\"ImageObject\",\"inLanguage\":\"de\",\"@id\":\"https:\\\/\\\/www.campelplanet.com\\\/de\\\/#\\\/schema\\\/logo\\\/image\\\/\",\"url\":\"https:\\\/\\\/www.campelplanet.com\\\/wp-content\\\/uploads\\\/2024\\\/01\\\/cropped-CampElPlanet_bla.png\",\"contentUrl\":\"https:\\\/\\\/www.campelplanet.com\\\/wp-content\\\/uploads\\\/2024\\\/01\\\/cropped-CampElPlanet_bla.png\",\"width\":440,\"height\":256,\"caption\":\"Camp El Planet's\"},\"image\":{\"@id\":\"https:\\\/\\\/www.campelplanet.com\\\/de\\\/#\\\/schema\\\/logo\\\/image\\\/\"},\"sameAs\":[\"https:\\\/\\\/www.facebook.com\\\/campelplanet\",\"https:\\\/\\\/www.instagram.com\\\/campelplanet\\\/\"]}]}<\/script>\n<!-- \/ Yoast SEO Premium plugin. -->","yoast_head_json":{"title":"Tennis &amp; Padel - Camp El Planet","description":"Es gibt viele \u00f6rtliche Tennis- und Padelpl\u00e4tze, und angesichts des Umfangs des Angebots ist der Zugang relativ einfach","robots":{"index":"index","follow":"follow","max-snippet":"max-snippet:-1","max-image-preview":"max-image-preview:large","max-video-preview":"max-video-preview:-1"},"canonical":"https:\/\/www.campelplanet.com\/de\/tennis-padel\/","og_locale":"de_DE","og_type":"article","og_title":"Tennis &amp; Padel","og_description":"Es gibt viele \u00f6rtliche Tennis- und Padelpl\u00e4tze, und angesichts des Umfangs des Angebots ist der Zugang relativ einfach","og_url":"https:\/\/www.campelplanet.com\/de\/tennis-padel\/","og_site_name":"Camp El Planet","article_publisher":"https:\/\/www.facebook.com\/campelplanet","article_modified_time":"2024-12-23T06:51:22+00:00","og_image":[{"width":2560,"height":1340,"url":"https:\/\/www.campelplanet.com\/wp-content\/uploads\/2024\/01\/pexels-mudassir-ali-1619860-scaled.jpg","type":"image\/jpeg"}],"twitter_card":"summary_large_image","schema":{"@context":"https:\/\/schema.org","@graph":[{"@type":"WebPage","@id":"https:\/\/www.campelplanet.com\/de\/tennis-padel\/","url":"https:\/\/www.campelplanet.com\/de\/tennis-padel\/","name":"Tennis &amp; Padel - Camp El Planet","isPartOf":{"@id":"https:\/\/www.campelplanet.com\/de\/#website"},"primaryImageOfPage":{"@id":"https:\/\/www.campelplanet.com\/de\/tennis-padel\/#primaryimage"},"image":{"@id":"https:\/\/www.campelplanet.com\/de\/tennis-padel\/#primaryimage"},"thumbnailUrl":"https:\/\/www.campelplanet.com\/wp-content\/uploads\/2024\/01\/pexels-mudassir-ali-1619860-scaled.jpg","datePublished":"2024-01-03T11:01:45+00:00","dateModified":"2024-12-23T06:51:22+00:00","description":"Es gibt viele \u00f6rtliche Tennis- und Padelpl\u00e4tze, und angesichts des Umfangs des Angebots ist der Zugang relativ einfach","breadcrumb":{"@id":"https:\/\/www.campelplanet.com\/de\/tennis-padel\/#breadcrumb"},"inLanguage":"de","potentialAction":[{"@type":"ReadAction","target":["https:\/\/www.campelplanet.com\/de\/tennis-padel\/"]}]},{"@type":"ImageObject","inLanguage":"de","@id":"https:\/\/www.campelplanet.com\/de\/tennis-padel\/#primaryimage","url":"https:\/\/www.campelplanet.com\/wp-content\/uploads\/2024\/01\/pexels-mudassir-ali-1619860-scaled.jpg","contentUrl":"https:\/\/www.campelplanet.com\/wp-content\/uploads\/2024\/01\/pexels-mudassir-ali-1619860-scaled.jpg","width":2560,"height":1340,"caption":"Tennis & Padel"},{"@type":"BreadcrumbList","@id":"https:\/\/www.campelplanet.com\/de\/tennis-padel\/#breadcrumb","itemListElement":[{"@type":"ListItem","position":1,"name":"Home","item":"https:\/\/www.campelplanet.com\/de\/"},{"@type":"ListItem","position":2,"name":"Tennis &amp; Padel"}]},{"@type":"WebSite","@id":"https:\/\/www.campelplanet.com\/de\/#website","url":"https:\/\/www.campelplanet.com\/de\/","name":"Camp El Planet's","description":"The soul of the Costa Blanca","publisher":{"@id":"https:\/\/www.campelplanet.com\/de\/#organization"},"potentialAction":[{"@type":"SearchAction","target":{"@type":"EntryPoint","urlTemplate":"https:\/\/www.campelplanet.com\/de\/?s={search_term_string}"},"query-input":{"@type":"PropertyValueSpecification","valueRequired":true,"valueName":"search_term_string"}}],"inLanguage":"de"},{"@type":"Organization","@id":"https:\/\/www.campelplanet.com\/de\/#organization","name":"Camp El Planet's","url":"https:\/\/www.campelplanet.com\/de\/","logo":{"@type":"ImageObject","inLanguage":"de","@id":"https:\/\/www.campelplanet.com\/de\/#\/schema\/logo\/image\/","url":"https:\/\/www.campelplanet.com\/wp-content\/uploads\/2024\/01\/cropped-CampElPlanet_bla.png","contentUrl":"https:\/\/www.campelplanet.com\/wp-content\/uploads\/2024\/01\/cropped-CampElPlanet_bla.png","width":440,"height":256,"caption":"Camp El Planet's"},"image":{"@id":"https:\/\/www.campelplanet.com\/de\/#\/schema\/logo\/image\/"},"sameAs":["https:\/\/www.facebook.com\/campelplanet","https:\/\/www.instagram.com\/campelplanet\/"]}]}},"_links":{"self":[{"href":"https:\/\/www.campelplanet.com\/de\/wp-json\/wp\/v2\/pages\/914","targetHints":{"allow":["GET"]}}],"collection":[{"href":"https:\/\/www.campelplanet.com\/de\/wp-json\/wp\/v2\/pages"}],"about":[{"href":"https:\/\/www.campelplanet.com\/de\/wp-json\/wp\/v2\/types\/page"}],"author":[{"embeddable":true,"href":"https:\/\/www.campelplanet.com\/de\/wp-json\/wp\/v2\/users\/1"}],"replies":[{"embeddable":true,"href":"https:\/\/www.campelplanet.com\/de\/wp-json\/wp\/v2\/comments?post=914"}],"version-history":[{"count":1,"href":"https:\/\/www.campelplanet.com\/de\/wp-json\/wp\/v2\/pages\/914\/revisions"}],"predecessor-version":[{"id":5321,"href":"https:\/\/www.campelplanet.com\/de\/wp-json\/wp\/v2\/pages\/914\/revisions\/5321"}],"wp:featuredmedia":[{"embeddable":true,"href":"https:\/\/www.campelplanet.com\/de\/wp-json\/wp\/v2\/media\/756"}],"wp:attachment":[{"href":"https:\/\/www.campelplanet.com\/de\/wp-json\/wp\/v2\/media?parent=914"}],"curies":[{"name":"wp","href":"https:\/\/api.w.org\/{rel}","templated":true}]}}