{"id":896,"date":"2024-01-03T11:23:15","date_gmt":"2024-01-03T10:23:15","guid":{"rendered":"https:\/\/www.campelplanet.com\/klettern\/"},"modified":"2024-12-23T07:43:46","modified_gmt":"2024-12-23T06:43:46","slug":"klettern","status":"publish","type":"page","link":"https:\/\/www.campelplanet.com\/de\/klettern\/","title":{"rendered":"Klettern"},"content":{"rendered":"\t\t<div data-elementor-type=\"wp-page\" data-elementor-id=\"896\" class=\"elementor elementor-896 elementor-195\" data-elementor-post-type=\"page\">\n\t\t\t\t\t\t<section class=\"elementor-section elementor-top-section elementor-element elementor-element-b5b2df4 elementor-section-boxed elementor-section-height-default elementor-section-height-default\" data-id=\"b5b2df4\" data-element_type=\"section\" data-e-type=\"section\" data-settings=\"{&quot;background_background&quot;:&quot;classic&quot;}\">\n\t\t\t\t\t\t<div class=\"elementor-container elementor-column-gap-no\">\n\t\t\t\t\t<div class=\"elementor-column elementor-col-100 elementor-top-column elementor-element elementor-element-eb1adb3\" data-id=\"eb1adb3\" data-element_type=\"column\" data-e-type=\"column\">\n\t\t\t<div class=\"elementor-widget-wrap elementor-element-populated\">\n\t\t\t\t\t\t\t<\/div>\n\t\t<\/div>\n\t\t\t\t\t<\/div>\n\t\t<\/section>\n\t\t<div class=\"elementor-element elementor-element-c2e8d87 e-flex e-con-boxed e-con e-parent\" data-id=\"c2e8d87\" data-element_type=\"container\" data-e-type=\"container\">\n\t\t\t\t\t<div class=\"e-con-inner\">\n\t\t<div class=\"elementor-element elementor-element-d819652 e-con-full e-flex e-con e-child\" data-id=\"d819652\" data-element_type=\"container\" data-e-type=\"container\">\n\t\t\t\t<div class=\"elementor-element elementor-element-1a18c24 elementor-widget elementor-widget-image\" data-id=\"1a18c24\" data-element_type=\"widget\" data-e-type=\"widget\" data-widget_type=\"image.default\">\n\t\t\t\t\t\t\t\t\t\t\t\t\t\t\t<img fetchpriority=\"high\" decoding=\"async\" width=\"800\" height=\"500\" src=\"https:\/\/www.campelplanet.com\/wp-content\/uploads\/2024\/12\/AdobeStock_124297029_Preview.webp\" class=\"attachment-large size-large wp-image-4934\" alt=\"\" srcset=\"https:\/\/www.campelplanet.com\/wp-content\/uploads\/2024\/12\/AdobeStock_124297029_Preview.webp 1000w, https:\/\/www.campelplanet.com\/wp-content\/uploads\/2024\/12\/AdobeStock_124297029_Preview-300x188.webp 300w, https:\/\/www.campelplanet.com\/wp-content\/uploads\/2024\/12\/AdobeStock_124297029_Preview-768x480.webp 768w\" sizes=\"(max-width: 800px) 100vw, 800px\" \/>\t\t\t\t\t\t\t\t\t\t\t\t\t\t\t<\/div>\n\t\t\t\t<div class=\"elementor-element elementor-element-2549170 elementor-widget elementor-widget-image\" data-id=\"2549170\" data-element_type=\"widget\" data-e-type=\"widget\" data-widget_type=\"image.default\">\n\t\t\t\t\t\t\t\t\t\t\t\t\t\t\t<img decoding=\"async\" width=\"800\" height=\"600\" src=\"https:\/\/www.campelplanet.com\/wp-content\/uploads\/2024\/12\/20231226_135931-scaled-1-1024x768.jpg\" class=\"attachment-large size-large wp-image-4940\" alt=\"\" srcset=\"https:\/\/www.campelplanet.com\/wp-content\/uploads\/2024\/12\/20231226_135931-scaled-1-1024x768.jpg 1024w, https:\/\/www.campelplanet.com\/wp-content\/uploads\/2024\/12\/20231226_135931-scaled-1-300x225.jpg 300w, https:\/\/www.campelplanet.com\/wp-content\/uploads\/2024\/12\/20231226_135931-scaled-1-768x576.jpg 768w, https:\/\/www.campelplanet.com\/wp-content\/uploads\/2024\/12\/20231226_135931-scaled-1-1536x1152.jpg 1536w, https:\/\/www.campelplanet.com\/wp-content\/uploads\/2024\/12\/20231226_135931-scaled-1-2048x1536.jpg 2048w\" sizes=\"(max-width: 800px) 100vw, 800px\" \/>\t\t\t\t\t\t\t\t\t\t\t\t\t\t\t<\/div>\n\t\t\t\t<\/div>\n\t\t<div class=\"elementor-element elementor-element-9ae93fa e-con-full e-flex e-con e-child\" data-id=\"9ae93fa\" data-element_type=\"container\" data-e-type=\"container\">\n\t\t\t\t<div class=\"elementor-element elementor-element-9a2f2f2 elementor-widget elementor-widget-text-editor\" data-id=\"9a2f2f2\" data-element_type=\"widget\" data-e-type=\"widget\" data-widget_type=\"text-editor.default\">\n\t\t\t\t\t\t\t\t\t<p><strong>\u201eWeil es da ist.\u201c &#8211; George Mallory.<\/strong><\/p>\n<p>Nun, die Berge in der Region haben kaum \u00c4hnlichkeit mit dem Himalaya, gelten aber dennoch international als hervorragender Ort zum Klettern an <span data-sheets-root=\"1\" data-sheets-value=\"{\"1\":2,\"2\":\"climbing Costa Blanca\"}\" data-sheets-userformat=\"{\"2\":14851,\"3\":{\"1\":0},\"4\":{\"1\":2,\"2\":16777215},\"12\":0,\"14\":{\"1\":2,\"2\":0},\"15\":\"Lexend\",\"16\":11}\">der Costa Blanca<\/span>. Die gro\u00dfe Anzahl an Felsen und Felsbrocken und das sehr g\u00fcnstige Wetter machen diese Gegend der Costa Blanca zu einem Ziel f\u00fcr Kletterer aus aller Welt. Das Klettern an der Costa Blanca ist sehr umfangreich und abwechslungsreich, aber noch wichtiger ist die fantastische Qualit\u00e4t der Routen. Im Gro\u00dfen und Ganzen; Hochwertiger verschraubter Kalkstein.<\/p>\n<p>Das Felsklettern <a href=\"https:\/\/www.campelplanet.com\/climbing\/\">variiert<\/a> von kurzen Einseill\u00e4ngen-Strecken am Stra\u00dfenrand bis hin zu langen Mehrseill\u00e4ngenrouten in <a href=\"https:\/\/en.wikipedia.org\/wiki\/Mountain\">den Bergen<\/a>. Die schiere Menge und Vielfalt der M\u00f6glichkeiten machen eine ausf\u00fchrliche Pr\u00e4sentation nahezu unm\u00f6glich. Es gibt eine Reihe von Websites mit sehr guten Beschreibungen der verschiedenen Routen. Lageplan, kurze Beschreibung der Schwierigkeitsgrade einschlie\u00dflich der Schwierigkeitsgrade, GPS-Koordinaten f\u00fcr den Parkplatz, hervorragende Bilder mit lokalen Topos und Informationen zur besten Zeit zum Klettern. Es sind auch Reisef\u00fchrer erh\u00e4ltlich, die die hervorragenden und abwechslungsreichen Kletterm\u00f6glichkeiten an der Costa Blanca vorstellen. Und wenn Sie online gehen und einfach nach \u201eKlettern an der Costa Blanca\u201c suchen, werden eine Reihe wirklich informativer und interessanter Websites auftauchen.<\/p>\n<p>Direkt zwischen Gandia im Norden und Alicante im S\u00fcden gelegen, erreichen Sie vom Camp El Planet aus die beliebtesten Veranstaltungsorte in weniger als 45 Minuten. Nach einem langen Tag in den Bergen haben Sie wahrscheinlich auch nichts dagegen, am fr\u00fchen Abend ein paar Stunden am Strand zu verbringen.<\/p>\n\t\t\t\t\t\t\t\t<\/div>\n\t\t\t\t<\/div>\n\t\t\t\t\t<\/div>\n\t\t\t\t<\/div>\n\t\t\t\t<\/div>\n\t\t","protected":false},"excerpt":{"rendered":"<p>\u201eWeil es da ist.\u201c &#8211; George Mallory. Nun, die Berge in der Region haben kaum \u00c4hnlichkeit mit dem Himalaya, gelten aber dennoch international als hervorragender Ort zum Klettern an der Costa Blanca. Die gro\u00dfe Anzahl an Felsen und Felsbrocken und das sehr g\u00fcnstige Wetter machen diese Gegend der Costa Blanca zu einem Ziel f\u00fcr Kletterer [&hellip;]<\/p>\n","protected":false},"author":1,"featured_media":731,"parent":0,"menu_order":0,"comment_status":"closed","ping_status":"closed","template":"elementor_header_footer","meta":{"footnotes":""},"class_list":["post-896","page","type-page","status-publish","has-post-thumbnail","hentry"],"yoast_head":"<!-- This site is optimized with the Yoast SEO Premium plugin v27.4 (Yoast SEO v27.4) - https:\/\/yoast.com\/product\/yoast-seo-premium-wordpress\/ -->\n<title>Klettern an der Costa Blanca<\/title>\n<meta name=\"description\" content=\"Nichtsdestotrotz sind wir international als hervorragender Ort zum Klettern an der Costa Blanca anerkannt. Die gro\u00dfe Anzahl an Felsen und Felsbrocken und die...\" \/>\n<meta name=\"robots\" content=\"index, follow, max-snippet:-1, max-image-preview:large, max-video-preview:-1\" \/>\n<link rel=\"canonical\" href=\"https:\/\/www.campelplanet.com\/de\/klettern\/\" \/>\n<meta property=\"og:locale\" content=\"de_DE\" \/>\n<meta property=\"og:type\" content=\"article\" \/>\n<meta property=\"og:title\" content=\"Klettern\" \/>\n<meta property=\"og:description\" content=\"Nichtsdestotrotz sind wir international als hervorragender Ort zum Klettern an der Costa Blanca anerkannt. Die gro\u00dfe Anzahl an Felsen und Felsbrocken und die...\" \/>\n<meta property=\"og:url\" content=\"https:\/\/www.campelplanet.com\/de\/klettern\/\" \/>\n<meta property=\"og:site_name\" content=\"Camp El Planet\" \/>\n<meta property=\"article:publisher\" content=\"https:\/\/www.facebook.com\/campelplanet\" \/>\n<meta property=\"article:modified_time\" content=\"2024-12-23T06:43:46+00:00\" \/>\n<meta property=\"og:image\" content=\"https:\/\/www.campelplanet.com\/wp-content\/uploads\/2024\/01\/pexels-ashok-j-kshetri-15065901-scaled.jpg\" \/>\n\t<meta property=\"og:image:width\" content=\"2560\" \/>\n\t<meta property=\"og:image:height\" content=\"1707\" \/>\n\t<meta property=\"og:image:type\" content=\"image\/jpeg\" \/>\n<meta name=\"twitter:card\" content=\"summary_large_image\" \/>\n<script type=\"application\/ld+json\" class=\"yoast-schema-graph\">{\"@context\":\"https:\\\/\\\/schema.org\",\"@graph\":[{\"@type\":\"WebPage\",\"@id\":\"https:\\\/\\\/www.campelplanet.com\\\/de\\\/klettern\\\/\",\"url\":\"https:\\\/\\\/www.campelplanet.com\\\/de\\\/klettern\\\/\",\"name\":\"Klettern an der Costa Blanca\",\"isPartOf\":{\"@id\":\"https:\\\/\\\/www.campelplanet.com\\\/de\\\/#website\"},\"primaryImageOfPage\":{\"@id\":\"https:\\\/\\\/www.campelplanet.com\\\/de\\\/klettern\\\/#primaryimage\"},\"image\":{\"@id\":\"https:\\\/\\\/www.campelplanet.com\\\/de\\\/klettern\\\/#primaryimage\"},\"thumbnailUrl\":\"https:\\\/\\\/www.campelplanet.com\\\/wp-content\\\/uploads\\\/2024\\\/01\\\/pexels-ashok-j-kshetri-15065901-scaled.jpg\",\"datePublished\":\"2024-01-03T10:23:15+00:00\",\"dateModified\":\"2024-12-23T06:43:46+00:00\",\"description\":\"Nichtsdestotrotz sind wir international als hervorragender Ort zum Klettern an der Costa Blanca anerkannt. Die gro\u00dfe Anzahl an Felsen und Felsbrocken und die...\",\"breadcrumb\":{\"@id\":\"https:\\\/\\\/www.campelplanet.com\\\/de\\\/klettern\\\/#breadcrumb\"},\"inLanguage\":\"de\",\"potentialAction\":[{\"@type\":\"ReadAction\",\"target\":[\"https:\\\/\\\/www.campelplanet.com\\\/de\\\/klettern\\\/\"]}]},{\"@type\":\"ImageObject\",\"inLanguage\":\"de\",\"@id\":\"https:\\\/\\\/www.campelplanet.com\\\/de\\\/klettern\\\/#primaryimage\",\"url\":\"https:\\\/\\\/www.campelplanet.com\\\/wp-content\\\/uploads\\\/2024\\\/01\\\/pexels-ashok-j-kshetri-15065901-scaled.jpg\",\"contentUrl\":\"https:\\\/\\\/www.campelplanet.com\\\/wp-content\\\/uploads\\\/2024\\\/01\\\/pexels-ashok-j-kshetri-15065901-scaled.jpg\",\"width\":2560,\"height\":1707,\"caption\":\"climbing Costa Blanca\"},{\"@type\":\"BreadcrumbList\",\"@id\":\"https:\\\/\\\/www.campelplanet.com\\\/de\\\/klettern\\\/#breadcrumb\",\"itemListElement\":[{\"@type\":\"ListItem\",\"position\":1,\"name\":\"Home\",\"item\":\"https:\\\/\\\/www.campelplanet.com\\\/de\\\/\"},{\"@type\":\"ListItem\",\"position\":2,\"name\":\"Klettern\"}]},{\"@type\":\"WebSite\",\"@id\":\"https:\\\/\\\/www.campelplanet.com\\\/de\\\/#website\",\"url\":\"https:\\\/\\\/www.campelplanet.com\\\/de\\\/\",\"name\":\"Camp El Planet's\",\"description\":\"The soul of the Costa Blanca\",\"publisher\":{\"@id\":\"https:\\\/\\\/www.campelplanet.com\\\/de\\\/#organization\"},\"potentialAction\":[{\"@type\":\"SearchAction\",\"target\":{\"@type\":\"EntryPoint\",\"urlTemplate\":\"https:\\\/\\\/www.campelplanet.com\\\/de\\\/?s={search_term_string}\"},\"query-input\":{\"@type\":\"PropertyValueSpecification\",\"valueRequired\":true,\"valueName\":\"search_term_string\"}}],\"inLanguage\":\"de\"},{\"@type\":\"Organization\",\"@id\":\"https:\\\/\\\/www.campelplanet.com\\\/de\\\/#organization\",\"name\":\"Camp El Planet's\",\"url\":\"https:\\\/\\\/www.campelplanet.com\\\/de\\\/\",\"logo\":{\"@type\":\"ImageObject\",\"inLanguage\":\"de\",\"@id\":\"https:\\\/\\\/www.campelplanet.com\\\/de\\\/#\\\/schema\\\/logo\\\/image\\\/\",\"url\":\"https:\\\/\\\/www.campelplanet.com\\\/wp-content\\\/uploads\\\/2024\\\/01\\\/cropped-CampElPlanet_bla.png\",\"contentUrl\":\"https:\\\/\\\/www.campelplanet.com\\\/wp-content\\\/uploads\\\/2024\\\/01\\\/cropped-CampElPlanet_bla.png\",\"width\":440,\"height\":256,\"caption\":\"Camp El Planet's\"},\"image\":{\"@id\":\"https:\\\/\\\/www.campelplanet.com\\\/de\\\/#\\\/schema\\\/logo\\\/image\\\/\"},\"sameAs\":[\"https:\\\/\\\/www.facebook.com\\\/campelplanet\",\"https:\\\/\\\/www.instagram.com\\\/campelplanet\\\/\"]}]}<\/script>\n<!-- \/ Yoast SEO Premium plugin. -->","yoast_head_json":{"title":"Klettern an der Costa Blanca","description":"Nichtsdestotrotz sind wir international als hervorragender Ort zum Klettern an der Costa Blanca anerkannt. Die gro\u00dfe Anzahl an Felsen und Felsbrocken und die...","robots":{"index":"index","follow":"follow","max-snippet":"max-snippet:-1","max-image-preview":"max-image-preview:large","max-video-preview":"max-video-preview:-1"},"canonical":"https:\/\/www.campelplanet.com\/de\/klettern\/","og_locale":"de_DE","og_type":"article","og_title":"Klettern","og_description":"Nichtsdestotrotz sind wir international als hervorragender Ort zum Klettern an der Costa Blanca anerkannt. Die gro\u00dfe Anzahl an Felsen und Felsbrocken und die...","og_url":"https:\/\/www.campelplanet.com\/de\/klettern\/","og_site_name":"Camp El Planet","article_publisher":"https:\/\/www.facebook.com\/campelplanet","article_modified_time":"2024-12-23T06:43:46+00:00","og_image":[{"width":2560,"height":1707,"url":"https:\/\/www.campelplanet.com\/wp-content\/uploads\/2024\/01\/pexels-ashok-j-kshetri-15065901-scaled.jpg","type":"image\/jpeg"}],"twitter_card":"summary_large_image","schema":{"@context":"https:\/\/schema.org","@graph":[{"@type":"WebPage","@id":"https:\/\/www.campelplanet.com\/de\/klettern\/","url":"https:\/\/www.campelplanet.com\/de\/klettern\/","name":"Klettern an der Costa Blanca","isPartOf":{"@id":"https:\/\/www.campelplanet.com\/de\/#website"},"primaryImageOfPage":{"@id":"https:\/\/www.campelplanet.com\/de\/klettern\/#primaryimage"},"image":{"@id":"https:\/\/www.campelplanet.com\/de\/klettern\/#primaryimage"},"thumbnailUrl":"https:\/\/www.campelplanet.com\/wp-content\/uploads\/2024\/01\/pexels-ashok-j-kshetri-15065901-scaled.jpg","datePublished":"2024-01-03T10:23:15+00:00","dateModified":"2024-12-23T06:43:46+00:00","description":"Nichtsdestotrotz sind wir international als hervorragender Ort zum Klettern an der Costa Blanca anerkannt. Die gro\u00dfe Anzahl an Felsen und Felsbrocken und die...","breadcrumb":{"@id":"https:\/\/www.campelplanet.com\/de\/klettern\/#breadcrumb"},"inLanguage":"de","potentialAction":[{"@type":"ReadAction","target":["https:\/\/www.campelplanet.com\/de\/klettern\/"]}]},{"@type":"ImageObject","inLanguage":"de","@id":"https:\/\/www.campelplanet.com\/de\/klettern\/#primaryimage","url":"https:\/\/www.campelplanet.com\/wp-content\/uploads\/2024\/01\/pexels-ashok-j-kshetri-15065901-scaled.jpg","contentUrl":"https:\/\/www.campelplanet.com\/wp-content\/uploads\/2024\/01\/pexels-ashok-j-kshetri-15065901-scaled.jpg","width":2560,"height":1707,"caption":"climbing Costa Blanca"},{"@type":"BreadcrumbList","@id":"https:\/\/www.campelplanet.com\/de\/klettern\/#breadcrumb","itemListElement":[{"@type":"ListItem","position":1,"name":"Home","item":"https:\/\/www.campelplanet.com\/de\/"},{"@type":"ListItem","position":2,"name":"Klettern"}]},{"@type":"WebSite","@id":"https:\/\/www.campelplanet.com\/de\/#website","url":"https:\/\/www.campelplanet.com\/de\/","name":"Camp El Planet's","description":"The soul of the Costa Blanca","publisher":{"@id":"https:\/\/www.campelplanet.com\/de\/#organization"},"potentialAction":[{"@type":"SearchAction","target":{"@type":"EntryPoint","urlTemplate":"https:\/\/www.campelplanet.com\/de\/?s={search_term_string}"},"query-input":{"@type":"PropertyValueSpecification","valueRequired":true,"valueName":"search_term_string"}}],"inLanguage":"de"},{"@type":"Organization","@id":"https:\/\/www.campelplanet.com\/de\/#organization","name":"Camp El Planet's","url":"https:\/\/www.campelplanet.com\/de\/","logo":{"@type":"ImageObject","inLanguage":"de","@id":"https:\/\/www.campelplanet.com\/de\/#\/schema\/logo\/image\/","url":"https:\/\/www.campelplanet.com\/wp-content\/uploads\/2024\/01\/cropped-CampElPlanet_bla.png","contentUrl":"https:\/\/www.campelplanet.com\/wp-content\/uploads\/2024\/01\/cropped-CampElPlanet_bla.png","width":440,"height":256,"caption":"Camp El Planet's"},"image":{"@id":"https:\/\/www.campelplanet.com\/de\/#\/schema\/logo\/image\/"},"sameAs":["https:\/\/www.facebook.com\/campelplanet","https:\/\/www.instagram.com\/campelplanet\/"]}]}},"_links":{"self":[{"href":"https:\/\/www.campelplanet.com\/de\/wp-json\/wp\/v2\/pages\/896","targetHints":{"allow":["GET"]}}],"collection":[{"href":"https:\/\/www.campelplanet.com\/de\/wp-json\/wp\/v2\/pages"}],"about":[{"href":"https:\/\/www.campelplanet.com\/de\/wp-json\/wp\/v2\/types\/page"}],"author":[{"embeddable":true,"href":"https:\/\/www.campelplanet.com\/de\/wp-json\/wp\/v2\/users\/1"}],"replies":[{"embeddable":true,"href":"https:\/\/www.campelplanet.com\/de\/wp-json\/wp\/v2\/comments?post=896"}],"version-history":[{"count":1,"href":"https:\/\/www.campelplanet.com\/de\/wp-json\/wp\/v2\/pages\/896\/revisions"}],"predecessor-version":[{"id":5309,"href":"https:\/\/www.campelplanet.com\/de\/wp-json\/wp\/v2\/pages\/896\/revisions\/5309"}],"wp:featuredmedia":[{"embeddable":true,"href":"https:\/\/www.campelplanet.com\/de\/wp-json\/wp\/v2\/media\/731"}],"wp:attachment":[{"href":"https:\/\/www.campelplanet.com\/de\/wp-json\/wp\/v2\/media?parent=896"}],"curies":[{"name":"wp","href":"https:\/\/api.w.org\/{rel}","templated":true}]}}