{"id":890,"date":"2024-01-03T11:35:46","date_gmt":"2024-01-03T10:35:46","guid":{"rendered":"https:\/\/www.campelplanet.com\/golf\/"},"modified":"2024-12-23T07:48:01","modified_gmt":"2024-12-23T06:48:01","slug":"golf","status":"publish","type":"page","link":"https:\/\/www.campelplanet.com\/de\/golf\/","title":{"rendered":"Golf"},"content":{"rendered":"\t\t<div data-elementor-type=\"wp-page\" data-elementor-id=\"890\" class=\"elementor elementor-890 elementor-205\" data-elementor-post-type=\"page\">\n\t\t\t\t\t\t<section class=\"elementor-section elementor-top-section elementor-element elementor-element-b6e25f7 elementor-section-boxed elementor-section-height-default elementor-section-height-default\" data-id=\"b6e25f7\" data-element_type=\"section\" data-e-type=\"section\" data-settings=\"{&quot;background_background&quot;:&quot;classic&quot;}\">\n\t\t\t\t\t\t<div class=\"elementor-container elementor-column-gap-no\">\n\t\t\t\t\t<div class=\"elementor-column elementor-col-100 elementor-top-column elementor-element elementor-element-ed1565a\" data-id=\"ed1565a\" data-element_type=\"column\" data-e-type=\"column\">\n\t\t\t<div class=\"elementor-widget-wrap elementor-element-populated\">\n\t\t\t\t\t\t\t<\/div>\n\t\t<\/div>\n\t\t\t\t\t<\/div>\n\t\t<\/section>\n\t\t<div class=\"elementor-element elementor-element-4cd3f5b e-flex e-con-boxed e-con e-parent\" data-id=\"4cd3f5b\" data-element_type=\"container\" data-e-type=\"container\">\n\t\t\t\t\t<div class=\"e-con-inner\">\n\t\t<div class=\"elementor-element elementor-element-154b330 e-con-full e-flex e-con e-child\" data-id=\"154b330\" data-element_type=\"container\" data-e-type=\"container\">\n\t\t\t\t<div class=\"elementor-element elementor-element-03b3f2b elementor-widget elementor-widget-image\" data-id=\"03b3f2b\" data-element_type=\"widget\" data-e-type=\"widget\" data-widget_type=\"image.default\">\n\t\t\t\t\t\t\t\t\t\t\t\t\t\t\t<img decoding=\"async\" src=\"https:\/\/www.campelplanet.com\/wp-content\/uploads\/2024\/12\/pexels-hugo-sykes-13421523-scaled-1.jpg\" title=\"\" alt=\"\" loading=\"lazy\" \/>\t\t\t\t\t\t\t\t\t\t\t\t\t\t\t<\/div>\n\t\t\t\t<\/div>\n\t\t<div class=\"elementor-element elementor-element-4a9e8cb e-con-full e-flex e-con e-child\" data-id=\"4a9e8cb\" data-element_type=\"container\" data-e-type=\"container\">\n\t\t\t\t<div class=\"elementor-element elementor-element-8ffc778 elementor-widget__width-inherit elementor-widget elementor-widget-text-editor\" data-id=\"8ffc778\" data-element_type=\"widget\" data-e-type=\"widget\" data-widget_type=\"text-editor.default\">\n\t\t\t\t\t\t\t\t\t<img fetchpriority=\"high\" decoding=\"async\" class=\"size-medium wp-image-3878 alignright\" src=\"https:\/\/www.campelplanet.com\/wp-content\/uploads\/2024\/11\/AdobeStock_221562895_Preview-300x200.webp\" alt=\"\" width=\"300\" height=\"200\" \/><strong>\u201eGolf ist ein Spiel, bei dem man \u201evorne\u201c schreit, sechs schie\u00dft und f\u00fcnf aufschreibt.\u201c \u2013 Paul Harvey.<\/strong>\n<br><br>\n<p>Angesichts des g\u00fcnstigen Klimas ist es kein Wunder, dass es an der Costa Blanca viele Golfpl\u00e4tze gibt. Die Costa Blanca ist eines der wichtigsten internationalen Referenzzentren f\u00fcr Golf\u00fcbungen mit 21 Golfpl\u00e4tzen (3 davon Pitch &amp; Putt), die alle in einer typisch mediterranen <a href=\"https:\/\/www.houzz.com\/photos\/mediterranean-landscaping-ideas-phbr1-bp~t_728~s_2109\">Landschaft liegen<\/a>. Bei einer durchschnittlichen Jahrestemperatur von 17 Grad Celsius k\u00f6nnen Sie das ganze Jahr \u00fcber Golf spielen.DSC00923 \u2013 Kopi (2)Die Golfpl\u00e4tze im n\u00f6rdlichen Teil der Costa Blanca sind in 30 bis 45 Minuten mit dem Auto erreichbar. die Kurse s\u00fcdlich von Alicante werden etwas l\u00e4nger dauern. <a href=\"https:\/\/www.campelplanet.com\/de\/camp-el-planet\/\">Camp El Planet<\/a> ist auch ein gro\u00dfartiger Ort f\u00fcr diejenigen, die Golfen mit anderen Aktivit\u00e4ten wie Radfahren, Wandern und\/oder Klettern kombinieren m\u00f6chten. Ganz zu schweigen von der M\u00f6glichkeit, nach einem langen Golftag an einen ruhigen und ruhigen Ort zur\u00fcckzukehren. Lehnen Sie sich einfach zur\u00fcck und entspannen Sie sich. Kein Stress. Nur Sie und Ihre Golfpartner. Richtig oder falsch; Wir gehen respektvoll davon aus, dass unsere Gastgolfer genauso viel \u00fcber die hervorragende Auswahl an Golfpl\u00e4tzen wissen wie wir. Schlie\u00dflich geh\u00f6rt die Costa Blanca zu den besten Golfdestinationen in Europa. Und das aus gutem Grund. Klicken Sie auf den Link unten, um eine Karte der Golfpl\u00e4tze anzuzeigen. Die Seite enth\u00e4lt auch Informationen zu den Kursen. Karte der Golfpl\u00e4tze.<\/p>\t\t\t\t\t\t\t\t<\/div>\n\t\t\t\t<\/div>\n\t\t\t\t\t<\/div>\n\t\t\t\t<\/div>\n\t\t\t\t<\/div>\n\t\t","protected":false},"excerpt":{"rendered":"<p>\u201eGolf ist ein Spiel, bei dem man \u201evorne\u201c schreit, sechs schie\u00dft und f\u00fcnf aufschreibt.\u201c \u2013 Paul Harvey. Angesichts des g\u00fcnstigen Klimas ist es kein Wunder, dass es an der Costa Blanca viele Golfpl\u00e4tze gibt. Die Costa Blanca ist eines der wichtigsten internationalen Referenzzentren f\u00fcr Golf\u00fcbungen mit 21 Golfpl\u00e4tzen (3 davon Pitch &amp; Putt), die alle [&hellip;]<\/p>\n","protected":false},"author":1,"featured_media":746,"parent":0,"menu_order":0,"comment_status":"closed","ping_status":"closed","template":"","meta":{"footnotes":""},"class_list":["post-890","page","type-page","status-publish","has-post-thumbnail","hentry"],"yoast_head":"<!-- This site is optimized with the Yoast SEO Premium plugin v27.4 (Yoast SEO v27.4) - https:\/\/yoast.com\/product\/yoast-seo-premium-wordpress\/ -->\n<title>golf - Camp El Planet<\/title>\n<meta name=\"description\" content=\"Golf ist ein Spiel, bei dem man \u201evorne\u201c schreit, sechs schie\u00dft und f\u00fcnf aufschreibt.\u201c \u2013 Paul Harvey. Angesichts des g\u00fcnstigen Klimas ist es kein Wunder...\" \/>\n<meta name=\"robots\" content=\"index, follow, max-snippet:-1, max-image-preview:large, max-video-preview:-1\" \/>\n<link rel=\"canonical\" href=\"https:\/\/www.campelplanet.com\/de\/golf\/\" \/>\n<meta property=\"og:locale\" content=\"de_DE\" \/>\n<meta property=\"og:type\" content=\"article\" \/>\n<meta property=\"og:title\" content=\"Golf\" \/>\n<meta property=\"og:description\" content=\"Golf ist ein Spiel, bei dem man \u201evorne\u201c schreit, sechs schie\u00dft und f\u00fcnf aufschreibt.\u201c \u2013 Paul Harvey. Angesichts des g\u00fcnstigen Klimas ist es kein Wunder...\" \/>\n<meta property=\"og:url\" content=\"https:\/\/www.campelplanet.com\/de\/golf\/\" \/>\n<meta property=\"og:site_name\" content=\"Camp El Planet\" \/>\n<meta property=\"article:publisher\" content=\"https:\/\/www.facebook.com\/campelplanet\" \/>\n<meta property=\"article:modified_time\" content=\"2024-12-23T06:48:01+00:00\" \/>\n<meta property=\"og:image\" content=\"https:\/\/www.campelplanet.com\/wp-content\/uploads\/2024\/01\/pexels-hugo-sykes-13421523-scaled.jpg\" \/>\n\t<meta property=\"og:image:width\" content=\"1707\" \/>\n\t<meta property=\"og:image:height\" content=\"2560\" \/>\n\t<meta property=\"og:image:type\" content=\"image\/jpeg\" \/>\n<meta name=\"twitter:card\" content=\"summary_large_image\" \/>\n<script type=\"application\/ld+json\" class=\"yoast-schema-graph\">{\"@context\":\"https:\\\/\\\/schema.org\",\"@graph\":[{\"@type\":\"WebPage\",\"@id\":\"https:\\\/\\\/www.campelplanet.com\\\/de\\\/golf\\\/\",\"url\":\"https:\\\/\\\/www.campelplanet.com\\\/de\\\/golf\\\/\",\"name\":\"golf - Camp El Planet\",\"isPartOf\":{\"@id\":\"https:\\\/\\\/www.campelplanet.com\\\/de\\\/#website\"},\"primaryImageOfPage\":{\"@id\":\"https:\\\/\\\/www.campelplanet.com\\\/de\\\/golf\\\/#primaryimage\"},\"image\":{\"@id\":\"https:\\\/\\\/www.campelplanet.com\\\/de\\\/golf\\\/#primaryimage\"},\"thumbnailUrl\":\"https:\\\/\\\/www.campelplanet.com\\\/wp-content\\\/uploads\\\/2024\\\/01\\\/pexels-hugo-sykes-13421523-scaled.jpg\",\"datePublished\":\"2024-01-03T10:35:46+00:00\",\"dateModified\":\"2024-12-23T06:48:01+00:00\",\"description\":\"Golf ist ein Spiel, bei dem man \u201evorne\u201c schreit, sechs schie\u00dft und f\u00fcnf aufschreibt.\u201c \u2013 Paul Harvey. Angesichts des g\u00fcnstigen Klimas ist es kein Wunder...\",\"breadcrumb\":{\"@id\":\"https:\\\/\\\/www.campelplanet.com\\\/de\\\/golf\\\/#breadcrumb\"},\"inLanguage\":\"de\",\"potentialAction\":[{\"@type\":\"ReadAction\",\"target\":[\"https:\\\/\\\/www.campelplanet.com\\\/de\\\/golf\\\/\"]}]},{\"@type\":\"ImageObject\",\"inLanguage\":\"de\",\"@id\":\"https:\\\/\\\/www.campelplanet.com\\\/de\\\/golf\\\/#primaryimage\",\"url\":\"https:\\\/\\\/www.campelplanet.com\\\/wp-content\\\/uploads\\\/2024\\\/01\\\/pexels-hugo-sykes-13421523-scaled.jpg\",\"contentUrl\":\"https:\\\/\\\/www.campelplanet.com\\\/wp-content\\\/uploads\\\/2024\\\/01\\\/pexels-hugo-sykes-13421523-scaled.jpg\",\"width\":1707,\"height\":2560,\"caption\":\"golf practice\"},{\"@type\":\"BreadcrumbList\",\"@id\":\"https:\\\/\\\/www.campelplanet.com\\\/de\\\/golf\\\/#breadcrumb\",\"itemListElement\":[{\"@type\":\"ListItem\",\"position\":1,\"name\":\"Home\",\"item\":\"https:\\\/\\\/www.campelplanet.com\\\/de\\\/\"},{\"@type\":\"ListItem\",\"position\":2,\"name\":\"Golf\"}]},{\"@type\":\"WebSite\",\"@id\":\"https:\\\/\\\/www.campelplanet.com\\\/de\\\/#website\",\"url\":\"https:\\\/\\\/www.campelplanet.com\\\/de\\\/\",\"name\":\"Camp El Planet's\",\"description\":\"The soul of the Costa Blanca\",\"publisher\":{\"@id\":\"https:\\\/\\\/www.campelplanet.com\\\/de\\\/#organization\"},\"potentialAction\":[{\"@type\":\"SearchAction\",\"target\":{\"@type\":\"EntryPoint\",\"urlTemplate\":\"https:\\\/\\\/www.campelplanet.com\\\/de\\\/?s={search_term_string}\"},\"query-input\":{\"@type\":\"PropertyValueSpecification\",\"valueRequired\":true,\"valueName\":\"search_term_string\"}}],\"inLanguage\":\"de\"},{\"@type\":\"Organization\",\"@id\":\"https:\\\/\\\/www.campelplanet.com\\\/de\\\/#organization\",\"name\":\"Camp El Planet's\",\"url\":\"https:\\\/\\\/www.campelplanet.com\\\/de\\\/\",\"logo\":{\"@type\":\"ImageObject\",\"inLanguage\":\"de\",\"@id\":\"https:\\\/\\\/www.campelplanet.com\\\/de\\\/#\\\/schema\\\/logo\\\/image\\\/\",\"url\":\"https:\\\/\\\/www.campelplanet.com\\\/wp-content\\\/uploads\\\/2024\\\/01\\\/cropped-CampElPlanet_bla.png\",\"contentUrl\":\"https:\\\/\\\/www.campelplanet.com\\\/wp-content\\\/uploads\\\/2024\\\/01\\\/cropped-CampElPlanet_bla.png\",\"width\":440,\"height\":256,\"caption\":\"Camp El Planet's\"},\"image\":{\"@id\":\"https:\\\/\\\/www.campelplanet.com\\\/de\\\/#\\\/schema\\\/logo\\\/image\\\/\"},\"sameAs\":[\"https:\\\/\\\/www.facebook.com\\\/campelplanet\",\"https:\\\/\\\/www.instagram.com\\\/campelplanet\\\/\"]}]}<\/script>\n<!-- \/ Yoast SEO Premium plugin. -->","yoast_head_json":{"title":"golf - Camp El Planet","description":"Golf ist ein Spiel, bei dem man \u201evorne\u201c schreit, sechs schie\u00dft und f\u00fcnf aufschreibt.\u201c \u2013 Paul Harvey. Angesichts des g\u00fcnstigen Klimas ist es kein Wunder...","robots":{"index":"index","follow":"follow","max-snippet":"max-snippet:-1","max-image-preview":"max-image-preview:large","max-video-preview":"max-video-preview:-1"},"canonical":"https:\/\/www.campelplanet.com\/de\/golf\/","og_locale":"de_DE","og_type":"article","og_title":"Golf","og_description":"Golf ist ein Spiel, bei dem man \u201evorne\u201c schreit, sechs schie\u00dft und f\u00fcnf aufschreibt.\u201c \u2013 Paul Harvey. Angesichts des g\u00fcnstigen Klimas ist es kein Wunder...","og_url":"https:\/\/www.campelplanet.com\/de\/golf\/","og_site_name":"Camp El Planet","article_publisher":"https:\/\/www.facebook.com\/campelplanet","article_modified_time":"2024-12-23T06:48:01+00:00","og_image":[{"width":1707,"height":2560,"url":"https:\/\/www.campelplanet.com\/wp-content\/uploads\/2024\/01\/pexels-hugo-sykes-13421523-scaled.jpg","type":"image\/jpeg"}],"twitter_card":"summary_large_image","schema":{"@context":"https:\/\/schema.org","@graph":[{"@type":"WebPage","@id":"https:\/\/www.campelplanet.com\/de\/golf\/","url":"https:\/\/www.campelplanet.com\/de\/golf\/","name":"golf - Camp El Planet","isPartOf":{"@id":"https:\/\/www.campelplanet.com\/de\/#website"},"primaryImageOfPage":{"@id":"https:\/\/www.campelplanet.com\/de\/golf\/#primaryimage"},"image":{"@id":"https:\/\/www.campelplanet.com\/de\/golf\/#primaryimage"},"thumbnailUrl":"https:\/\/www.campelplanet.com\/wp-content\/uploads\/2024\/01\/pexels-hugo-sykes-13421523-scaled.jpg","datePublished":"2024-01-03T10:35:46+00:00","dateModified":"2024-12-23T06:48:01+00:00","description":"Golf ist ein Spiel, bei dem man \u201evorne\u201c schreit, sechs schie\u00dft und f\u00fcnf aufschreibt.\u201c \u2013 Paul Harvey. Angesichts des g\u00fcnstigen Klimas ist es kein Wunder...","breadcrumb":{"@id":"https:\/\/www.campelplanet.com\/de\/golf\/#breadcrumb"},"inLanguage":"de","potentialAction":[{"@type":"ReadAction","target":["https:\/\/www.campelplanet.com\/de\/golf\/"]}]},{"@type":"ImageObject","inLanguage":"de","@id":"https:\/\/www.campelplanet.com\/de\/golf\/#primaryimage","url":"https:\/\/www.campelplanet.com\/wp-content\/uploads\/2024\/01\/pexels-hugo-sykes-13421523-scaled.jpg","contentUrl":"https:\/\/www.campelplanet.com\/wp-content\/uploads\/2024\/01\/pexels-hugo-sykes-13421523-scaled.jpg","width":1707,"height":2560,"caption":"golf practice"},{"@type":"BreadcrumbList","@id":"https:\/\/www.campelplanet.com\/de\/golf\/#breadcrumb","itemListElement":[{"@type":"ListItem","position":1,"name":"Home","item":"https:\/\/www.campelplanet.com\/de\/"},{"@type":"ListItem","position":2,"name":"Golf"}]},{"@type":"WebSite","@id":"https:\/\/www.campelplanet.com\/de\/#website","url":"https:\/\/www.campelplanet.com\/de\/","name":"Camp El Planet's","description":"The soul of the Costa Blanca","publisher":{"@id":"https:\/\/www.campelplanet.com\/de\/#organization"},"potentialAction":[{"@type":"SearchAction","target":{"@type":"EntryPoint","urlTemplate":"https:\/\/www.campelplanet.com\/de\/?s={search_term_string}"},"query-input":{"@type":"PropertyValueSpecification","valueRequired":true,"valueName":"search_term_string"}}],"inLanguage":"de"},{"@type":"Organization","@id":"https:\/\/www.campelplanet.com\/de\/#organization","name":"Camp El Planet's","url":"https:\/\/www.campelplanet.com\/de\/","logo":{"@type":"ImageObject","inLanguage":"de","@id":"https:\/\/www.campelplanet.com\/de\/#\/schema\/logo\/image\/","url":"https:\/\/www.campelplanet.com\/wp-content\/uploads\/2024\/01\/cropped-CampElPlanet_bla.png","contentUrl":"https:\/\/www.campelplanet.com\/wp-content\/uploads\/2024\/01\/cropped-CampElPlanet_bla.png","width":440,"height":256,"caption":"Camp El Planet's"},"image":{"@id":"https:\/\/www.campelplanet.com\/de\/#\/schema\/logo\/image\/"},"sameAs":["https:\/\/www.facebook.com\/campelplanet","https:\/\/www.instagram.com\/campelplanet\/"]}]}},"_links":{"self":[{"href":"https:\/\/www.campelplanet.com\/de\/wp-json\/wp\/v2\/pages\/890","targetHints":{"allow":["GET"]}}],"collection":[{"href":"https:\/\/www.campelplanet.com\/de\/wp-json\/wp\/v2\/pages"}],"about":[{"href":"https:\/\/www.campelplanet.com\/de\/wp-json\/wp\/v2\/types\/page"}],"author":[{"embeddable":true,"href":"https:\/\/www.campelplanet.com\/de\/wp-json\/wp\/v2\/users\/1"}],"replies":[{"embeddable":true,"href":"https:\/\/www.campelplanet.com\/de\/wp-json\/wp\/v2\/comments?post=890"}],"version-history":[{"count":1,"href":"https:\/\/www.campelplanet.com\/de\/wp-json\/wp\/v2\/pages\/890\/revisions"}],"predecessor-version":[{"id":5318,"href":"https:\/\/www.campelplanet.com\/de\/wp-json\/wp\/v2\/pages\/890\/revisions\/5318"}],"wp:featuredmedia":[{"embeddable":true,"href":"https:\/\/www.campelplanet.com\/de\/wp-json\/wp\/v2\/media\/746"}],"wp:attachment":[{"href":"https:\/\/www.campelplanet.com\/de\/wp-json\/wp\/v2\/media?parent=890"}],"curies":[{"name":"wp","href":"https:\/\/api.w.org\/{rel}","templated":true}]}}