{"id":864,"date":"2024-01-03T11:15:58","date_gmt":"2024-01-03T10:15:58","guid":{"rendered":"https:\/\/www.campelplanet.com\/gehen\/"},"modified":"2024-12-23T07:40:20","modified_gmt":"2024-12-23T06:40:20","slug":"gehen","status":"publish","type":"page","link":"https:\/\/www.campelplanet.com\/de\/gehen\/","title":{"rendered":"Gehen"},"content":{"rendered":"\t\t<div data-elementor-type=\"wp-page\" data-elementor-id=\"864\" class=\"elementor elementor-864 elementor-186\" data-elementor-post-type=\"page\">\n\t\t\t\t\t\t<section class=\"elementor-section elementor-top-section elementor-element elementor-element-f48b242 elementor-section-boxed elementor-section-height-default elementor-section-height-default\" data-id=\"f48b242\" data-element_type=\"section\" data-e-type=\"section\" data-settings=\"{&quot;background_background&quot;:&quot;classic&quot;}\">\n\t\t\t\t\t\t<div class=\"elementor-container elementor-column-gap-no\">\n\t\t\t\t\t<div class=\"elementor-column elementor-col-100 elementor-top-column elementor-element elementor-element-9fd436f\" data-id=\"9fd436f\" data-element_type=\"column\" data-e-type=\"column\">\n\t\t\t<div class=\"elementor-widget-wrap elementor-element-populated\">\n\t\t\t\t\t\t\t<\/div>\n\t\t<\/div>\n\t\t\t\t\t<\/div>\n\t\t<\/section>\n\t\t<div class=\"elementor-element elementor-element-28cfc45 e-flex e-con-boxed e-con e-parent\" data-id=\"28cfc45\" data-element_type=\"container\" data-e-type=\"container\">\n\t\t\t\t\t<div class=\"e-con-inner\">\n\t\t<div class=\"elementor-element elementor-element-0ef89d8 e-con-full e-flex e-con e-child\" data-id=\"0ef89d8\" data-element_type=\"container\" data-e-type=\"container\">\n\t\t\t\t<div class=\"elementor-element elementor-element-1f01b41 elementor-widget elementor-widget-image\" data-id=\"1f01b41\" data-element_type=\"widget\" data-e-type=\"widget\" data-widget_type=\"image.default\">\n\t\t\t\t\t\t\t\t\t\t\t\t\t\t\t<img fetchpriority=\"high\" decoding=\"async\" width=\"800\" height=\"600\" src=\"https:\/\/www.campelplanet.com\/wp-content\/uploads\/2024\/12\/IMG_9631-1024x768.jpeg\" class=\"attachment-large size-large wp-image-5169\" alt=\"\" srcset=\"https:\/\/www.campelplanet.com\/wp-content\/uploads\/2024\/12\/IMG_9631-1024x768.jpeg 1024w, https:\/\/www.campelplanet.com\/wp-content\/uploads\/2024\/12\/IMG_9631-300x225.jpeg 300w, https:\/\/www.campelplanet.com\/wp-content\/uploads\/2024\/12\/IMG_9631-768x576.jpeg 768w, https:\/\/www.campelplanet.com\/wp-content\/uploads\/2024\/12\/IMG_9631-1536x1152.jpeg 1536w, https:\/\/www.campelplanet.com\/wp-content\/uploads\/2024\/12\/IMG_9631.jpeg 2048w\" sizes=\"(max-width: 800px) 100vw, 800px\" \/>\t\t\t\t\t\t\t\t\t\t\t\t\t\t\t<\/div>\n\t\t\t\t<\/div>\n\t\t<div class=\"elementor-element elementor-element-b0eb9ff e-con-full e-flex e-con e-child\" data-id=\"b0eb9ff\" data-element_type=\"container\" data-e-type=\"container\">\n\t\t\t\t<div class=\"elementor-element elementor-element-050507e elementor-widget elementor-widget-text-editor\" data-id=\"050507e\" data-element_type=\"widget\" data-e-type=\"widget\" data-widget_type=\"text-editor.default\">\n\t\t\t\t\t\t\t\t\t<p>Wir haben hier zwischen Wandern und Spazierengehen <a href=\"https:\/\/www.campelplanet.com\/de\/gehen\/\">unterschieden<\/a>. In der Kategorie \u201eWandern\u201c konzentrieren wir uns auf die weniger anstrengenden Wanderungen, da die nahegelegenen Berge recht schroff sind und die Wanderungen dort recht anstrengend und anspruchsvoll sein k\u00f6nnen. Spazierg\u00e4nge in der Kategorie \u201eGehen\u201c sind jedoch weniger auf und ab und k\u00f6nnen gem\u00fctlicher durchgef\u00fchrt werden.<br \/>Von allen Vorteilen, die das Gehen mit sich bringt, ist der Seelenfrieden vielleicht der gr\u00f6\u00dfte. Untersuchungen zeigen, dass bereits 10 Minuten zu Fu\u00df die Stimmung heben k\u00f6nnen. Stellen Sie sich dann vor, was ein zweist\u00fcndiger Spaziergang durch das Jalon-Tal, La Vall de <a href=\"https:\/\/www.linkalicante.com\/en\/guadalest-guide\/\">Gallinera<\/a> oder entlang des Flusses Guadalest f\u00fcr Ihren Geist und Ihren K\u00f6rper bedeutet. Dass Gehen gut f\u00fcr die k\u00f6rperliche Gesundheit ist, ist kein Geheimnis, aber dass Gehen zu weniger Stress, besserem Schlaf und einer Verbesserung der Stimmung beitr\u00e4gt, ist wahrscheinlich weniger bekannt.<\/p>\n<p>Hinzu kommen ein verbessertes Immunsystem, ein verbessertes Verdauungssystem, ein verz\u00f6gertes Auftreten von Krampfadern, eine Linderung von Gelenkschmerzen und ein verringertes Risiko chronischer Erkrankungen. Dann stellt sich die Frage: Warum gehen wir nicht alle mehr zu Fu\u00df? Moderne Studien best\u00e4tigen, was Hippokrates bereits vor rund 2.400 Jahren wusste, als er verk\u00fcndete: \u201eGehen ist die beste Medizin des Menschen.\u201c Er wusste auch, dass Gehen mehr als nur k\u00f6rperliche Vorteile bringt, als er vorschlug: \u201eWenn Sie schlechte Laune haben, gehen Sie spazieren.\u201c Wenn Sie immer noch schlechte Laune haben, machen Sie einen weiteren Spaziergang.\u201c<br \/>An der Costa Blanca sind die Wanderbedingungen nahezu perfekt. Es gibt Spazierg\u00e4nge entlang der K\u00fcste, in den T\u00e4lern, von Dorf zu Dorf, entlang von Flussbetten, auf dem Land und einige relativ einfache Spazierg\u00e4nge in den Bergen. Gerne geben wir Empfehlungen.<\/p>\n\t\t\t\t\t\t\t\t<\/div>\n\t\t\t\t<\/div>\n\t\t\t\t\t<\/div>\n\t\t\t\t<\/div>\n\t\t\t\t<\/div>\n\t\t","protected":false},"excerpt":{"rendered":"<p>Wir haben hier zwischen Wandern und Spazierengehen unterschieden. In der Kategorie \u201eWandern\u201c konzentrieren wir uns auf die weniger anstrengenden Wanderungen, da die nahegelegenen Berge recht schroff sind und die Wanderungen dort recht anstrengend und anspruchsvoll sein k\u00f6nnen. Spazierg\u00e4nge in der Kategorie \u201eGehen\u201c sind jedoch weniger auf und ab und k\u00f6nnen gem\u00fctlicher durchgef\u00fchrt werden.Von allen Vorteilen, [&hellip;]<\/p>\n","protected":false},"author":1,"featured_media":711,"parent":0,"menu_order":0,"comment_status":"closed","ping_status":"closed","template":"elementor_header_footer","meta":{"footnotes":""},"class_list":["post-864","page","type-page","status-publish","has-post-thumbnail","hentry"],"yoast_head":"<!-- This site is optimized with the Yoast SEO Premium plugin v27.4 (Yoast SEO v27.4) - https:\/\/yoast.com\/product\/yoast-seo-premium-wordpress\/ -->\n<title>Gehen - Camp El Planet<\/title>\n<meta name=\"description\" content=\"Wir haben hier zwischen Wandern und Spazierengehen unterschieden. In der Kategorie \u201eWandern\u201c konzentrieren wir uns auf die weniger anstrengenden Spazierg\u00e4nge in der N\u00e4he....\" \/>\n<meta name=\"robots\" content=\"index, follow, max-snippet:-1, max-image-preview:large, max-video-preview:-1\" \/>\n<link rel=\"canonical\" href=\"https:\/\/www.campelplanet.com\/de\/gehen\/\" \/>\n<meta property=\"og:locale\" content=\"de_DE\" \/>\n<meta property=\"og:type\" content=\"article\" \/>\n<meta property=\"og:title\" content=\"Gehen\" \/>\n<meta property=\"og:description\" content=\"Wir haben hier zwischen Wandern und Spazierengehen unterschieden. In der Kategorie \u201eWandern\u201c konzentrieren wir uns auf die weniger anstrengenden Spazierg\u00e4nge in der N\u00e4he....\" \/>\n<meta property=\"og:url\" content=\"https:\/\/www.campelplanet.com\/de\/gehen\/\" \/>\n<meta property=\"og:site_name\" content=\"Camp El Planet\" \/>\n<meta property=\"article:publisher\" content=\"https:\/\/www.facebook.com\/campelplanet\" \/>\n<meta property=\"article:modified_time\" content=\"2024-12-23T06:40:20+00:00\" \/>\n<meta property=\"og:image\" content=\"https:\/\/www.campelplanet.com\/wp-content\/uploads\/2024\/01\/pexels-amine-msiouri-2055556-2-scaled.jpg\" \/>\n\t<meta property=\"og:image:width\" content=\"1707\" \/>\n\t<meta property=\"og:image:height\" content=\"2560\" \/>\n\t<meta property=\"og:image:type\" content=\"image\/jpeg\" \/>\n<meta name=\"twitter:card\" content=\"summary_large_image\" \/>\n<script type=\"application\/ld+json\" class=\"yoast-schema-graph\">{\"@context\":\"https:\\\/\\\/schema.org\",\"@graph\":[{\"@type\":\"WebPage\",\"@id\":\"https:\\\/\\\/www.campelplanet.com\\\/de\\\/gehen\\\/\",\"url\":\"https:\\\/\\\/www.campelplanet.com\\\/de\\\/gehen\\\/\",\"name\":\"Gehen - Camp El Planet\",\"isPartOf\":{\"@id\":\"https:\\\/\\\/www.campelplanet.com\\\/de\\\/#website\"},\"primaryImageOfPage\":{\"@id\":\"https:\\\/\\\/www.campelplanet.com\\\/de\\\/gehen\\\/#primaryimage\"},\"image\":{\"@id\":\"https:\\\/\\\/www.campelplanet.com\\\/de\\\/gehen\\\/#primaryimage\"},\"thumbnailUrl\":\"https:\\\/\\\/www.campelplanet.com\\\/wp-content\\\/uploads\\\/2024\\\/01\\\/pexels-amine-msiouri-2055556-2-scaled.jpg\",\"datePublished\":\"2024-01-03T10:15:58+00:00\",\"dateModified\":\"2024-12-23T06:40:20+00:00\",\"description\":\"Wir haben hier zwischen Wandern und Spazierengehen unterschieden. In der Kategorie \u201eWandern\u201c konzentrieren wir uns auf die weniger anstrengenden Spazierg\u00e4nge in der N\u00e4he....\",\"breadcrumb\":{\"@id\":\"https:\\\/\\\/www.campelplanet.com\\\/de\\\/gehen\\\/#breadcrumb\"},\"inLanguage\":\"de\",\"potentialAction\":[{\"@type\":\"ReadAction\",\"target\":[\"https:\\\/\\\/www.campelplanet.com\\\/de\\\/gehen\\\/\"]}]},{\"@type\":\"ImageObject\",\"inLanguage\":\"de\",\"@id\":\"https:\\\/\\\/www.campelplanet.com\\\/de\\\/gehen\\\/#primaryimage\",\"url\":\"https:\\\/\\\/www.campelplanet.com\\\/wp-content\\\/uploads\\\/2024\\\/01\\\/pexels-amine-msiouri-2055556-2-scaled.jpg\",\"contentUrl\":\"https:\\\/\\\/www.campelplanet.com\\\/wp-content\\\/uploads\\\/2024\\\/01\\\/pexels-amine-msiouri-2055556-2-scaled.jpg\",\"width\":1707,\"height\":2560,\"caption\":\"Walking\"},{\"@type\":\"BreadcrumbList\",\"@id\":\"https:\\\/\\\/www.campelplanet.com\\\/de\\\/gehen\\\/#breadcrumb\",\"itemListElement\":[{\"@type\":\"ListItem\",\"position\":1,\"name\":\"Home\",\"item\":\"https:\\\/\\\/www.campelplanet.com\\\/de\\\/\"},{\"@type\":\"ListItem\",\"position\":2,\"name\":\"Gehen\"}]},{\"@type\":\"WebSite\",\"@id\":\"https:\\\/\\\/www.campelplanet.com\\\/de\\\/#website\",\"url\":\"https:\\\/\\\/www.campelplanet.com\\\/de\\\/\",\"name\":\"Camp El Planet's\",\"description\":\"The soul of the Costa Blanca\",\"publisher\":{\"@id\":\"https:\\\/\\\/www.campelplanet.com\\\/de\\\/#organization\"},\"potentialAction\":[{\"@type\":\"SearchAction\",\"target\":{\"@type\":\"EntryPoint\",\"urlTemplate\":\"https:\\\/\\\/www.campelplanet.com\\\/de\\\/?s={search_term_string}\"},\"query-input\":{\"@type\":\"PropertyValueSpecification\",\"valueRequired\":true,\"valueName\":\"search_term_string\"}}],\"inLanguage\":\"de\"},{\"@type\":\"Organization\",\"@id\":\"https:\\\/\\\/www.campelplanet.com\\\/de\\\/#organization\",\"name\":\"Camp El Planet's\",\"url\":\"https:\\\/\\\/www.campelplanet.com\\\/de\\\/\",\"logo\":{\"@type\":\"ImageObject\",\"inLanguage\":\"de\",\"@id\":\"https:\\\/\\\/www.campelplanet.com\\\/de\\\/#\\\/schema\\\/logo\\\/image\\\/\",\"url\":\"https:\\\/\\\/www.campelplanet.com\\\/wp-content\\\/uploads\\\/2024\\\/01\\\/cropped-CampElPlanet_bla.png\",\"contentUrl\":\"https:\\\/\\\/www.campelplanet.com\\\/wp-content\\\/uploads\\\/2024\\\/01\\\/cropped-CampElPlanet_bla.png\",\"width\":440,\"height\":256,\"caption\":\"Camp El Planet's\"},\"image\":{\"@id\":\"https:\\\/\\\/www.campelplanet.com\\\/de\\\/#\\\/schema\\\/logo\\\/image\\\/\"},\"sameAs\":[\"https:\\\/\\\/www.facebook.com\\\/campelplanet\",\"https:\\\/\\\/www.instagram.com\\\/campelplanet\\\/\"]}]}<\/script>\n<!-- \/ Yoast SEO Premium plugin. -->","yoast_head_json":{"title":"Gehen - Camp El Planet","description":"Wir haben hier zwischen Wandern und Spazierengehen unterschieden. In der Kategorie \u201eWandern\u201c konzentrieren wir uns auf die weniger anstrengenden Spazierg\u00e4nge in der N\u00e4he....","robots":{"index":"index","follow":"follow","max-snippet":"max-snippet:-1","max-image-preview":"max-image-preview:large","max-video-preview":"max-video-preview:-1"},"canonical":"https:\/\/www.campelplanet.com\/de\/gehen\/","og_locale":"de_DE","og_type":"article","og_title":"Gehen","og_description":"Wir haben hier zwischen Wandern und Spazierengehen unterschieden. In der Kategorie \u201eWandern\u201c konzentrieren wir uns auf die weniger anstrengenden Spazierg\u00e4nge in der N\u00e4he....","og_url":"https:\/\/www.campelplanet.com\/de\/gehen\/","og_site_name":"Camp El Planet","article_publisher":"https:\/\/www.facebook.com\/campelplanet","article_modified_time":"2024-12-23T06:40:20+00:00","og_image":[{"width":1707,"height":2560,"url":"https:\/\/www.campelplanet.com\/wp-content\/uploads\/2024\/01\/pexels-amine-msiouri-2055556-2-scaled.jpg","type":"image\/jpeg"}],"twitter_card":"summary_large_image","schema":{"@context":"https:\/\/schema.org","@graph":[{"@type":"WebPage","@id":"https:\/\/www.campelplanet.com\/de\/gehen\/","url":"https:\/\/www.campelplanet.com\/de\/gehen\/","name":"Gehen - Camp El Planet","isPartOf":{"@id":"https:\/\/www.campelplanet.com\/de\/#website"},"primaryImageOfPage":{"@id":"https:\/\/www.campelplanet.com\/de\/gehen\/#primaryimage"},"image":{"@id":"https:\/\/www.campelplanet.com\/de\/gehen\/#primaryimage"},"thumbnailUrl":"https:\/\/www.campelplanet.com\/wp-content\/uploads\/2024\/01\/pexels-amine-msiouri-2055556-2-scaled.jpg","datePublished":"2024-01-03T10:15:58+00:00","dateModified":"2024-12-23T06:40:20+00:00","description":"Wir haben hier zwischen Wandern und Spazierengehen unterschieden. In der Kategorie \u201eWandern\u201c konzentrieren wir uns auf die weniger anstrengenden Spazierg\u00e4nge in der N\u00e4he....","breadcrumb":{"@id":"https:\/\/www.campelplanet.com\/de\/gehen\/#breadcrumb"},"inLanguage":"de","potentialAction":[{"@type":"ReadAction","target":["https:\/\/www.campelplanet.com\/de\/gehen\/"]}]},{"@type":"ImageObject","inLanguage":"de","@id":"https:\/\/www.campelplanet.com\/de\/gehen\/#primaryimage","url":"https:\/\/www.campelplanet.com\/wp-content\/uploads\/2024\/01\/pexels-amine-msiouri-2055556-2-scaled.jpg","contentUrl":"https:\/\/www.campelplanet.com\/wp-content\/uploads\/2024\/01\/pexels-amine-msiouri-2055556-2-scaled.jpg","width":1707,"height":2560,"caption":"Walking"},{"@type":"BreadcrumbList","@id":"https:\/\/www.campelplanet.com\/de\/gehen\/#breadcrumb","itemListElement":[{"@type":"ListItem","position":1,"name":"Home","item":"https:\/\/www.campelplanet.com\/de\/"},{"@type":"ListItem","position":2,"name":"Gehen"}]},{"@type":"WebSite","@id":"https:\/\/www.campelplanet.com\/de\/#website","url":"https:\/\/www.campelplanet.com\/de\/","name":"Camp El Planet's","description":"The soul of the Costa Blanca","publisher":{"@id":"https:\/\/www.campelplanet.com\/de\/#organization"},"potentialAction":[{"@type":"SearchAction","target":{"@type":"EntryPoint","urlTemplate":"https:\/\/www.campelplanet.com\/de\/?s={search_term_string}"},"query-input":{"@type":"PropertyValueSpecification","valueRequired":true,"valueName":"search_term_string"}}],"inLanguage":"de"},{"@type":"Organization","@id":"https:\/\/www.campelplanet.com\/de\/#organization","name":"Camp El Planet's","url":"https:\/\/www.campelplanet.com\/de\/","logo":{"@type":"ImageObject","inLanguage":"de","@id":"https:\/\/www.campelplanet.com\/de\/#\/schema\/logo\/image\/","url":"https:\/\/www.campelplanet.com\/wp-content\/uploads\/2024\/01\/cropped-CampElPlanet_bla.png","contentUrl":"https:\/\/www.campelplanet.com\/wp-content\/uploads\/2024\/01\/cropped-CampElPlanet_bla.png","width":440,"height":256,"caption":"Camp El Planet's"},"image":{"@id":"https:\/\/www.campelplanet.com\/de\/#\/schema\/logo\/image\/"},"sameAs":["https:\/\/www.facebook.com\/campelplanet","https:\/\/www.instagram.com\/campelplanet\/"]}]}},"_links":{"self":[{"href":"https:\/\/www.campelplanet.com\/de\/wp-json\/wp\/v2\/pages\/864","targetHints":{"allow":["GET"]}}],"collection":[{"href":"https:\/\/www.campelplanet.com\/de\/wp-json\/wp\/v2\/pages"}],"about":[{"href":"https:\/\/www.campelplanet.com\/de\/wp-json\/wp\/v2\/types\/page"}],"author":[{"embeddable":true,"href":"https:\/\/www.campelplanet.com\/de\/wp-json\/wp\/v2\/users\/1"}],"replies":[{"embeddable":true,"href":"https:\/\/www.campelplanet.com\/de\/wp-json\/wp\/v2\/comments?post=864"}],"version-history":[{"count":1,"href":"https:\/\/www.campelplanet.com\/de\/wp-json\/wp\/v2\/pages\/864\/revisions"}],"predecessor-version":[{"id":5306,"href":"https:\/\/www.campelplanet.com\/de\/wp-json\/wp\/v2\/pages\/864\/revisions\/5306"}],"wp:featuredmedia":[{"embeddable":true,"href":"https:\/\/www.campelplanet.com\/de\/wp-json\/wp\/v2\/media\/711"}],"wp:attachment":[{"href":"https:\/\/www.campelplanet.com\/de\/wp-json\/wp\/v2\/media?parent=864"}],"curies":[{"name":"wp","href":"https:\/\/api.w.org\/{rel}","templated":true}]}}