{"id":854,"date":"2024-01-03T11:13:35","date_gmt":"2024-01-03T10:13:35","guid":{"rendered":"https:\/\/www.campelplanet.com\/wandern\/"},"modified":"2024-12-23T07:37:42","modified_gmt":"2024-12-23T06:37:42","slug":"wandern","status":"publish","type":"page","link":"https:\/\/www.campelplanet.com\/de\/wandern\/","title":{"rendered":"Wandern"},"content":{"rendered":"\t\t<div data-elementor-type=\"wp-page\" data-elementor-id=\"854\" class=\"elementor elementor-854 elementor-177\" data-elementor-post-type=\"page\">\n\t\t\t\t\t\t<section class=\"elementor-section elementor-top-section elementor-element elementor-element-2e1efbd elementor-section-boxed elementor-section-height-default elementor-section-height-default\" data-id=\"2e1efbd\" data-element_type=\"section\" data-e-type=\"section\" data-settings=\"{&quot;background_background&quot;:&quot;classic&quot;}\">\n\t\t\t\t\t\t<div class=\"elementor-container elementor-column-gap-no\">\n\t\t\t\t\t<div class=\"elementor-column elementor-col-100 elementor-top-column elementor-element elementor-element-9507812\" data-id=\"9507812\" data-element_type=\"column\" data-e-type=\"column\">\n\t\t\t<div class=\"elementor-widget-wrap elementor-element-populated\">\n\t\t\t\t\t\t\t<\/div>\n\t\t<\/div>\n\t\t\t\t\t<\/div>\n\t\t<\/section>\n\t\t<div class=\"elementor-element elementor-element-adfc3f0 e-flex e-con-boxed e-con e-parent\" data-id=\"adfc3f0\" data-element_type=\"container\" data-e-type=\"container\">\n\t\t\t\t\t<div class=\"e-con-inner\">\n\t\t<div class=\"elementor-element elementor-element-483c005 e-con-full e-flex e-con e-child\" data-id=\"483c005\" data-element_type=\"container\" data-e-type=\"container\">\n\t\t\t\t<div class=\"elementor-element elementor-element-9353f4e elementor-widget__width-initial elementor-widget elementor-widget-text-editor\" data-id=\"9353f4e\" data-element_type=\"widget\" data-e-type=\"widget\" data-widget_type=\"text-editor.default\">\n\t\t\t\t\t\t\t\t\t<p><img fetchpriority=\"high\" decoding=\"async\" class=\"alignnone size-medium wp-image-3827\" src=\"https:\/\/www.campelplanet.com\/wp-content\/uploads\/2024\/11\/20230110_141529-300x225.webp\" alt=\"\" width=\"300\" height=\"225\" srcset=\"https:\/\/www.campelplanet.com\/wp-content\/uploads\/2024\/11\/20230110_141529-300x225.webp 300w, https:\/\/www.campelplanet.com\/wp-content\/uploads\/2024\/11\/20230110_141529-1024x768.webp 1024w, https:\/\/www.campelplanet.com\/wp-content\/uploads\/2024\/11\/20230110_141529-768x576.webp 768w, https:\/\/www.campelplanet.com\/wp-content\/uploads\/2024\/11\/20230110_141529-1536x1152.webp 1536w, https:\/\/www.campelplanet.com\/wp-content\/uploads\/2024\/11\/20230110_141529-scaled.webp 1920w\" sizes=\"(max-width: 300px) 100vw, 300px\" \/><img decoding=\"async\" class=\"alignnone size-medium wp-image-3833\" src=\"https:\/\/www.campelplanet.com\/wp-content\/uploads\/2024\/11\/20221228_142405-300x225.webp\" alt=\"\" width=\"300\" height=\"225\" srcset=\"https:\/\/www.campelplanet.com\/wp-content\/uploads\/2024\/11\/20221228_142405-300x225.webp 300w, https:\/\/www.campelplanet.com\/wp-content\/uploads\/2024\/11\/20221228_142405-1024x768.webp 1024w, https:\/\/www.campelplanet.com\/wp-content\/uploads\/2024\/11\/20221228_142405-768x576.webp 768w, https:\/\/www.campelplanet.com\/wp-content\/uploads\/2024\/11\/20221228_142405-1536x1152.webp 1536w, https:\/\/www.campelplanet.com\/wp-content\/uploads\/2024\/11\/20221228_142405-scaled.webp 1920w\" sizes=\"(max-width: 300px) 100vw, 300px\" \/><strong><em><img decoding=\"async\" class=\"alignnone size-medium wp-image-3821\" src=\"https:\/\/www.campelplanet.com\/wp-content\/uploads\/2024\/11\/20231005_140258-300x225.webp\" alt=\"\" width=\"300\" height=\"225\" srcset=\"https:\/\/www.campelplanet.com\/wp-content\/uploads\/2024\/11\/20231005_140258-300x225.webp 300w, https:\/\/www.campelplanet.com\/wp-content\/uploads\/2024\/11\/20231005_140258-1024x768.webp 1024w, https:\/\/www.campelplanet.com\/wp-content\/uploads\/2024\/11\/20231005_140258-768x576.webp 768w, https:\/\/www.campelplanet.com\/wp-content\/uploads\/2024\/11\/20231005_140258-1536x1152.webp 1536w, https:\/\/www.campelplanet.com\/wp-content\/uploads\/2024\/11\/20231005_140258-scaled.webp 1920w\" sizes=\"(max-width: 300px) 100vw, 300px\" \/><\/em><\/strong><\/p><p><strong><em>\u201eMit einem schweren Rucksack von Felsbrocken zu Felsbrocken zu springen und dabei nie zu fallen, ist einfacher, als es sich anh\u00f6rt; Man kann einfach nicht fallen, wenn man in den Rhythmus des Tanzes kommt.\u201c \u2013 Jack Kerouac, The Dharma Bums<\/em><\/strong><\/p><p style=\"background: white;\"><span style=\"font-size: 11.5pt; font-family: 'Work Sans'; color: #7a7a7a;\">Als Norweger lassen wir uns von Bergen nicht so leicht beeindrucken. Dennoch sind die Berge der Costa Blanca auf jeden Fall beeindruckend. Von <a href=\"https:\/\/www.campelplanet.com\/de\/camp-el-planet\/\">Camp El Planet<\/a> aus erreichen wir das Meer nach einem kurzen Spaziergang in eine Richtung, und wenn wir uns umdrehen, sehen wir die beeindruckenden Sehensw\u00fcrdigkeiten und Bergr\u00fccken von Puig Campana, Monte Ponoig und Serra Bernia, die ein hoch aufragendes und majest\u00e4tisches Hufeisen um das untere Tal bilden. Direkt vom Meer aus erheben sich die Serra Helada und das Wahrzeichen von Calpe. <a href=\"https:\/\/en.wikipedia.org\/wiki\/Penyal_d%27Ifac_Natural_Park\">Penon de Ifach.<\/a><\/span><\/p><p>Die Kontraste sind ebenso faszinierend wie atemberaubend. F\u00fcgen Sie der Landschaft noch das besondere Mikroklima hinzu, das wir in der Region genie\u00dfen, und Sie werden wissen, warum dies ein Paradies f\u00fcr Wanderer und Kletterer ist. Hier k\u00f6nnen Sie das ganze Jahr \u00fcber die Natur genie\u00dfen.<\/p><p>Es gibt buchst\u00e4blich einen Berg an B\u00fcchern und Artikeln \u00fcber Bergwandern an der Costa Blanca. Die B\u00fccher beispielsweise sind im Gro\u00dfen und Ganzen informativ, praktisch und preisg\u00fcnstig. Bevor Sie jedoch eines davon bestellen, empfehlen wir Ihnen, eine (wenn nicht alle) der unten verlinkten Websites zu besuchen.<\/p><p>Spazierg\u00e4nge in Spanien; Bergwanderungen an der Costa Blanca; KaliTravel ;Wanderrouten; Bergfreunde der Costa Blanca;<\/p><p>Hier finden Sie zahlreiche n\u00fctzliche Informationen; m\u00f6glicherweise alle Informationen, die Sie ben\u00f6tigen. Die Zusammenstellung einer Woche voller interessanter und abwechslungsreicher Spazierg\u00e4nge erfordert einen relativ geringen Rechercheaufwand. Da wir einige dieser Wanderungen selbst gemacht haben, helfen wir Ihnen gerne bei der Auswahl.<\/p><p>Wenn Sie sich f\u00fcr B\u00fccher \u00fcber Wanderungen in den Bergen der Costa Blanca entscheiden, gibt es mehrere. Sie alle enthalten ziemlich ausf\u00fchrliche Beschreibungen verschiedener Wanderungen; gesch\u00e4tzte Gehzeiten, L\u00e4nge, H\u00f6henunterschied, Schwierigkeitsgrad (leicht, mittel, schwer), GPS-Daten, Karten, Sehensw\u00fcrdigkeiten und Anfahrt. Wir haben \u201eRother Walking Guide Costa Blanca\u201c und \u201eWalk the Costa Blanca Mountains\u201c genutzt und k\u00f6nnen beide empfehlen. Sie k\u00f6nnen online bestellt werden, kosten ca. 15 \u20ac und haben eine sehr handliche und \u00fcberschaubare Gr\u00f6\u00dfe.<\/p><p>F\u00fcr begeisterte Wanderer stehen zahlreiche Wander-Apps zur Verf\u00fcgung. Wir nutzen Wikiloc und sind damit sehr zufrieden. Denken Sie auch daran, dass es auf dem gesamten Weg eine gro\u00dfe Anzahl markierter Wanderwege gibt und dass Sie nur dann eine Karte ben\u00f6tigen, wenn Sie zum Ausgangspunkt des Weges gelangen. In einem solchen Fall reicht die mit Ihrem Telefon gelieferte Karte aus. Anbei finden Sie einen Link zu den in der valencianischen Gemeinschaft registrierten \u201eKurzwanderungen\u201c. Pequeno Recorrido. Diese Wege sind gut gepflegt, beliebt und leicht zu befahren. Bitte beachten Sie jedoch, dass alle Informationen auf Spanisch und Valenciano vorliegen.<\/p>\t\t\t\t\t\t\t\t<\/div>\n\t\t\t\t<\/div>\n\t\t\t\t\t<\/div>\n\t\t\t\t<\/div>\n\t\t\t\t<\/div>\n\t\t","protected":false},"excerpt":{"rendered":"<p>\u201eMit einem schweren Rucksack von Felsbrocken zu Felsbrocken zu springen und dabei nie zu fallen, ist einfacher, als es sich anh\u00f6rt; Man kann einfach nicht fallen, wenn man in den Rhythmus des Tanzes kommt.\u201c \u2013 Jack Kerouac, The Dharma Bums Als Norweger lassen wir uns von Bergen nicht so leicht beeindrucken. Dennoch sind die Berge [&hellip;]<\/p>\n","protected":false},"author":1,"featured_media":716,"parent":0,"menu_order":0,"comment_status":"closed","ping_status":"closed","template":"elementor_header_footer","meta":{"footnotes":""},"class_list":["post-854","page","type-page","status-publish","has-post-thumbnail","hentry"],"yoast_head":"<!-- This site is optimized with the Yoast SEO Premium plugin v27.4 (Yoast SEO v27.4) - https:\/\/yoast.com\/product\/yoast-seo-premium-wordpress\/ -->\n<title>Wandern - Camp El Planet<\/title>\n<meta name=\"description\" content=\"Jumping from boulder to boulder and never falling, with a heavy pack, is easier than it sounds; you just can\u2019t fall when you get into...\" \/>\n<meta name=\"robots\" content=\"index, follow, max-snippet:-1, max-image-preview:large, max-video-preview:-1\" \/>\n<link rel=\"canonical\" href=\"https:\/\/www.campelplanet.com\/de\/wandern\/\" \/>\n<meta property=\"og:locale\" content=\"de_DE\" \/>\n<meta property=\"og:type\" content=\"article\" \/>\n<meta property=\"og:title\" content=\"Wandern\" \/>\n<meta property=\"og:description\" content=\"Jumping from boulder to boulder and never falling, with a heavy pack, is easier than it sounds; you just can\u2019t fall when you get into...\" \/>\n<meta property=\"og:url\" content=\"https:\/\/www.campelplanet.com\/de\/wandern\/\" \/>\n<meta property=\"og:site_name\" content=\"Camp El Planet\" \/>\n<meta property=\"article:publisher\" content=\"https:\/\/www.facebook.com\/campelplanet\" \/>\n<meta property=\"article:modified_time\" content=\"2024-12-23T06:37:42+00:00\" \/>\n<meta property=\"og:image\" content=\"https:\/\/www.campelplanet.com\/wp-content\/uploads\/2024\/01\/pexels-rifqi-ramadhan-788213-scaled.jpg\" \/>\n\t<meta property=\"og:image:width\" content=\"2048\" \/>\n\t<meta property=\"og:image:height\" content=\"2560\" \/>\n\t<meta property=\"og:image:type\" content=\"image\/jpeg\" \/>\n<meta name=\"twitter:card\" content=\"summary_large_image\" \/>\n<script type=\"application\/ld+json\" class=\"yoast-schema-graph\">{\"@context\":\"https:\\\/\\\/schema.org\",\"@graph\":[{\"@type\":\"WebPage\",\"@id\":\"https:\\\/\\\/www.campelplanet.com\\\/de\\\/wandern\\\/\",\"url\":\"https:\\\/\\\/www.campelplanet.com\\\/de\\\/wandern\\\/\",\"name\":\"Wandern - Camp El Planet\",\"isPartOf\":{\"@id\":\"https:\\\/\\\/www.campelplanet.com\\\/de\\\/#website\"},\"primaryImageOfPage\":{\"@id\":\"https:\\\/\\\/www.campelplanet.com\\\/de\\\/wandern\\\/#primaryimage\"},\"image\":{\"@id\":\"https:\\\/\\\/www.campelplanet.com\\\/de\\\/wandern\\\/#primaryimage\"},\"thumbnailUrl\":\"https:\\\/\\\/www.campelplanet.com\\\/wp-content\\\/uploads\\\/2024\\\/01\\\/pexels-rifqi-ramadhan-788213-scaled.jpg\",\"datePublished\":\"2024-01-03T10:13:35+00:00\",\"dateModified\":\"2024-12-23T06:37:42+00:00\",\"description\":\"Jumping from boulder to boulder and never falling, with a heavy pack, is easier than it sounds; you just can\u2019t fall when you get into...\",\"breadcrumb\":{\"@id\":\"https:\\\/\\\/www.campelplanet.com\\\/de\\\/wandern\\\/#breadcrumb\"},\"inLanguage\":\"de\",\"potentialAction\":[{\"@type\":\"ReadAction\",\"target\":[\"https:\\\/\\\/www.campelplanet.com\\\/de\\\/wandern\\\/\"]}]},{\"@type\":\"ImageObject\",\"inLanguage\":\"de\",\"@id\":\"https:\\\/\\\/www.campelplanet.com\\\/de\\\/wandern\\\/#primaryimage\",\"url\":\"https:\\\/\\\/www.campelplanet.com\\\/wp-content\\\/uploads\\\/2024\\\/01\\\/pexels-rifqi-ramadhan-788213-scaled.jpg\",\"contentUrl\":\"https:\\\/\\\/www.campelplanet.com\\\/wp-content\\\/uploads\\\/2024\\\/01\\\/pexels-rifqi-ramadhan-788213-scaled.jpg\",\"width\":2048,\"height\":2560,\"caption\":\"Hiking\"},{\"@type\":\"BreadcrumbList\",\"@id\":\"https:\\\/\\\/www.campelplanet.com\\\/de\\\/wandern\\\/#breadcrumb\",\"itemListElement\":[{\"@type\":\"ListItem\",\"position\":1,\"name\":\"Home\",\"item\":\"https:\\\/\\\/www.campelplanet.com\\\/de\\\/\"},{\"@type\":\"ListItem\",\"position\":2,\"name\":\"Wandern\"}]},{\"@type\":\"WebSite\",\"@id\":\"https:\\\/\\\/www.campelplanet.com\\\/de\\\/#website\",\"url\":\"https:\\\/\\\/www.campelplanet.com\\\/de\\\/\",\"name\":\"Camp El Planet's\",\"description\":\"The soul of the Costa Blanca\",\"publisher\":{\"@id\":\"https:\\\/\\\/www.campelplanet.com\\\/de\\\/#organization\"},\"potentialAction\":[{\"@type\":\"SearchAction\",\"target\":{\"@type\":\"EntryPoint\",\"urlTemplate\":\"https:\\\/\\\/www.campelplanet.com\\\/de\\\/?s={search_term_string}\"},\"query-input\":{\"@type\":\"PropertyValueSpecification\",\"valueRequired\":true,\"valueName\":\"search_term_string\"}}],\"inLanguage\":\"de\"},{\"@type\":\"Organization\",\"@id\":\"https:\\\/\\\/www.campelplanet.com\\\/de\\\/#organization\",\"name\":\"Camp El Planet's\",\"url\":\"https:\\\/\\\/www.campelplanet.com\\\/de\\\/\",\"logo\":{\"@type\":\"ImageObject\",\"inLanguage\":\"de\",\"@id\":\"https:\\\/\\\/www.campelplanet.com\\\/de\\\/#\\\/schema\\\/logo\\\/image\\\/\",\"url\":\"https:\\\/\\\/www.campelplanet.com\\\/wp-content\\\/uploads\\\/2024\\\/01\\\/cropped-CampElPlanet_bla.png\",\"contentUrl\":\"https:\\\/\\\/www.campelplanet.com\\\/wp-content\\\/uploads\\\/2024\\\/01\\\/cropped-CampElPlanet_bla.png\",\"width\":440,\"height\":256,\"caption\":\"Camp El Planet's\"},\"image\":{\"@id\":\"https:\\\/\\\/www.campelplanet.com\\\/de\\\/#\\\/schema\\\/logo\\\/image\\\/\"},\"sameAs\":[\"https:\\\/\\\/www.facebook.com\\\/campelplanet\",\"https:\\\/\\\/www.instagram.com\\\/campelplanet\\\/\"]}]}<\/script>\n<!-- \/ Yoast SEO Premium plugin. -->","yoast_head_json":{"title":"Wandern - Camp El Planet","description":"Jumping from boulder to boulder and never falling, with a heavy pack, is easier than it sounds; you just can\u2019t fall when you get into...","robots":{"index":"index","follow":"follow","max-snippet":"max-snippet:-1","max-image-preview":"max-image-preview:large","max-video-preview":"max-video-preview:-1"},"canonical":"https:\/\/www.campelplanet.com\/de\/wandern\/","og_locale":"de_DE","og_type":"article","og_title":"Wandern","og_description":"Jumping from boulder to boulder and never falling, with a heavy pack, is easier than it sounds; you just can\u2019t fall when you get into...","og_url":"https:\/\/www.campelplanet.com\/de\/wandern\/","og_site_name":"Camp El Planet","article_publisher":"https:\/\/www.facebook.com\/campelplanet","article_modified_time":"2024-12-23T06:37:42+00:00","og_image":[{"width":2048,"height":2560,"url":"https:\/\/www.campelplanet.com\/wp-content\/uploads\/2024\/01\/pexels-rifqi-ramadhan-788213-scaled.jpg","type":"image\/jpeg"}],"twitter_card":"summary_large_image","schema":{"@context":"https:\/\/schema.org","@graph":[{"@type":"WebPage","@id":"https:\/\/www.campelplanet.com\/de\/wandern\/","url":"https:\/\/www.campelplanet.com\/de\/wandern\/","name":"Wandern - Camp El Planet","isPartOf":{"@id":"https:\/\/www.campelplanet.com\/de\/#website"},"primaryImageOfPage":{"@id":"https:\/\/www.campelplanet.com\/de\/wandern\/#primaryimage"},"image":{"@id":"https:\/\/www.campelplanet.com\/de\/wandern\/#primaryimage"},"thumbnailUrl":"https:\/\/www.campelplanet.com\/wp-content\/uploads\/2024\/01\/pexels-rifqi-ramadhan-788213-scaled.jpg","datePublished":"2024-01-03T10:13:35+00:00","dateModified":"2024-12-23T06:37:42+00:00","description":"Jumping from boulder to boulder and never falling, with a heavy pack, is easier than it sounds; you just can\u2019t fall when you get into...","breadcrumb":{"@id":"https:\/\/www.campelplanet.com\/de\/wandern\/#breadcrumb"},"inLanguage":"de","potentialAction":[{"@type":"ReadAction","target":["https:\/\/www.campelplanet.com\/de\/wandern\/"]}]},{"@type":"ImageObject","inLanguage":"de","@id":"https:\/\/www.campelplanet.com\/de\/wandern\/#primaryimage","url":"https:\/\/www.campelplanet.com\/wp-content\/uploads\/2024\/01\/pexels-rifqi-ramadhan-788213-scaled.jpg","contentUrl":"https:\/\/www.campelplanet.com\/wp-content\/uploads\/2024\/01\/pexels-rifqi-ramadhan-788213-scaled.jpg","width":2048,"height":2560,"caption":"Hiking"},{"@type":"BreadcrumbList","@id":"https:\/\/www.campelplanet.com\/de\/wandern\/#breadcrumb","itemListElement":[{"@type":"ListItem","position":1,"name":"Home","item":"https:\/\/www.campelplanet.com\/de\/"},{"@type":"ListItem","position":2,"name":"Wandern"}]},{"@type":"WebSite","@id":"https:\/\/www.campelplanet.com\/de\/#website","url":"https:\/\/www.campelplanet.com\/de\/","name":"Camp El Planet's","description":"The soul of the Costa Blanca","publisher":{"@id":"https:\/\/www.campelplanet.com\/de\/#organization"},"potentialAction":[{"@type":"SearchAction","target":{"@type":"EntryPoint","urlTemplate":"https:\/\/www.campelplanet.com\/de\/?s={search_term_string}"},"query-input":{"@type":"PropertyValueSpecification","valueRequired":true,"valueName":"search_term_string"}}],"inLanguage":"de"},{"@type":"Organization","@id":"https:\/\/www.campelplanet.com\/de\/#organization","name":"Camp El Planet's","url":"https:\/\/www.campelplanet.com\/de\/","logo":{"@type":"ImageObject","inLanguage":"de","@id":"https:\/\/www.campelplanet.com\/de\/#\/schema\/logo\/image\/","url":"https:\/\/www.campelplanet.com\/wp-content\/uploads\/2024\/01\/cropped-CampElPlanet_bla.png","contentUrl":"https:\/\/www.campelplanet.com\/wp-content\/uploads\/2024\/01\/cropped-CampElPlanet_bla.png","width":440,"height":256,"caption":"Camp El Planet's"},"image":{"@id":"https:\/\/www.campelplanet.com\/de\/#\/schema\/logo\/image\/"},"sameAs":["https:\/\/www.facebook.com\/campelplanet","https:\/\/www.instagram.com\/campelplanet\/"]}]}},"_links":{"self":[{"href":"https:\/\/www.campelplanet.com\/de\/wp-json\/wp\/v2\/pages\/854","targetHints":{"allow":["GET"]}}],"collection":[{"href":"https:\/\/www.campelplanet.com\/de\/wp-json\/wp\/v2\/pages"}],"about":[{"href":"https:\/\/www.campelplanet.com\/de\/wp-json\/wp\/v2\/types\/page"}],"author":[{"embeddable":true,"href":"https:\/\/www.campelplanet.com\/de\/wp-json\/wp\/v2\/users\/1"}],"replies":[{"embeddable":true,"href":"https:\/\/www.campelplanet.com\/de\/wp-json\/wp\/v2\/comments?post=854"}],"version-history":[{"count":1,"href":"https:\/\/www.campelplanet.com\/de\/wp-json\/wp\/v2\/pages\/854\/revisions"}],"predecessor-version":[{"id":5303,"href":"https:\/\/www.campelplanet.com\/de\/wp-json\/wp\/v2\/pages\/854\/revisions\/5303"}],"wp:featuredmedia":[{"embeddable":true,"href":"https:\/\/www.campelplanet.com\/de\/wp-json\/wp\/v2\/media\/716"}],"wp:attachment":[{"href":"https:\/\/www.campelplanet.com\/de\/wp-json\/wp\/v2\/media?parent=854"}],"curies":[{"name":"wp","href":"https:\/\/api.w.org\/{rel}","templated":true}]}}