{"id":842,"date":"2024-01-03T10:51:53","date_gmt":"2024-01-03T09:51:53","guid":{"rendered":"https:\/\/www.campelplanet.com\/radfahren\/"},"modified":"2024-12-26T06:35:45","modified_gmt":"2024-12-26T05:35:45","slug":"radfahren","status":"publish","type":"page","link":"https:\/\/www.campelplanet.com\/de\/radfahren\/","title":{"rendered":"Radfahren"},"content":{"rendered":"\t\t<div data-elementor-type=\"wp-page\" data-elementor-id=\"842\" class=\"elementor elementor-842 elementor-171\" data-elementor-post-type=\"page\">\n\t\t\t\t\t\t<section class=\"elementor-section elementor-top-section elementor-element elementor-element-3a7ba7b elementor-section-boxed elementor-section-height-default elementor-section-height-default\" data-id=\"3a7ba7b\" data-element_type=\"section\" data-e-type=\"section\" data-settings=\"{&quot;background_background&quot;:&quot;classic&quot;}\">\n\t\t\t\t\t\t<div class=\"elementor-container elementor-column-gap-no\">\n\t\t\t\t\t<div class=\"elementor-column elementor-col-100 elementor-top-column elementor-element elementor-element-42fa259\" data-id=\"42fa259\" data-element_type=\"column\" data-e-type=\"column\">\n\t\t\t<div class=\"elementor-widget-wrap elementor-element-populated\">\n\t\t\t\t\t\t\t<\/div>\n\t\t<\/div>\n\t\t\t\t\t<\/div>\n\t\t<\/section>\n\t\t<div class=\"elementor-element elementor-element-b696140 e-flex e-con-boxed e-con e-parent\" data-id=\"b696140\" data-element_type=\"container\" data-e-type=\"container\">\n\t\t\t\t\t<div class=\"e-con-inner\">\n\t\t<div class=\"elementor-element elementor-element-90211d3 e-con-full e-flex e-con e-child\" data-id=\"90211d3\" data-element_type=\"container\" data-e-type=\"container\">\n\t\t\t\t<div class=\"elementor-element elementor-element-3a76266 elementor-widget elementor-widget-image\" data-id=\"3a76266\" data-element_type=\"widget\" data-e-type=\"widget\" data-widget_type=\"image.default\">\n\t\t\t\t\t\t\t\t\t\t\t\t\t\t\t<img decoding=\"async\" src=\"https:\/\/www.campelplanet.com\/wp-content\/uploads\/2024\/12\/download.webp\" title=\"\" alt=\"\" loading=\"lazy\" \/>\t\t\t\t\t\t\t\t\t\t\t\t\t\t\t<\/div>\n\t\t\t\t<\/div>\n\t\t<div class=\"elementor-element elementor-element-c8b487d e-con-full e-flex e-con e-child\" data-id=\"c8b487d\" data-element_type=\"container\" data-e-type=\"container\">\n\t\t\t\t<div class=\"elementor-element elementor-element-939842d elementor-widget elementor-widget-text-editor\" data-id=\"939842d\" data-element_type=\"widget\" data-e-type=\"widget\" data-widget_type=\"text-editor.default\">\n\t\t\t\t\t\t\t\t\t<p>Life is like riding a cycling. Um das Gleichgewicht zu halten, m\u00fcssen Sie in Bewegung bleiben. ~ Brief von Albert Einstein an seinen Sohn Eduard, 1930.<\/p>\n<p>F\u00fcr die meisten Radfahrer ist es wahrscheinlich Zeitverschwendung, wenn man ihnen eine ausf\u00fchrliche Beschreibung dessen gibt, was die Costa Blanca zu bieten hat. Es gen\u00fcgt zu sagen, dass Costa Blanca seit langem als eines der absolut besten Fahrradgebiete Europas gilt. Das warme und trockene Klima gepaart mit einem sehr abwechslungsreichen Gel\u00e4nde sorgen f\u00fcr ideale Trainingsbedingungen.<\/p>\n<p>Man kann zwischen einer Vielzahl von Routen w\u00e4hlen; Sie k\u00f6nnen Ihre Route praktisch ganz nach Ihren W\u00fcnschen und Bed\u00fcrfnissen zusammenstellen. Entlang der K\u00fcste sind die Routen relativ flach, w\u00e4hrend es im Landesinneren eher h\u00fcgelig ist. Besonders die Bergstrecken sind recht anspruchsvoll.<\/p>\n\t\t\t\t\t\t\t\t<\/div>\n\t\t\t\t<\/div>\n\t\t\t\t\t<\/div>\n\t\t\t\t<\/div>\n\t\t<div class=\"elementor-element elementor-element-b7146ca e-flex e-con-boxed e-con e-parent\" data-id=\"b7146ca\" data-element_type=\"container\" data-e-type=\"container\">\n\t\t\t\t\t<div class=\"e-con-inner\">\n\t\t<div class=\"elementor-element elementor-element-f81a244 e-con-full e-flex e-con e-child\" data-id=\"f81a244\" data-element_type=\"container\" data-e-type=\"container\">\n\t\t\t\t<div class=\"elementor-element elementor-element-6a5cb91 elementor-widget elementor-widget-text-editor\" data-id=\"6a5cb91\" data-element_type=\"widget\" data-e-type=\"widget\" data-widget_type=\"text-editor.default\">\n\t\t\t\t\t\t\t\t\t<p>Mit seiner zentralen Lage ist <a href=\"https:\/\/www.campelplanet.com\/de\/camp-el-planet\/\" target=\"_blank\" rel=\"noopener\">Camp El Planet<\/a> ideal f\u00fcr Stra\u00dfen- und Mountainbiketouren. Vom Camp aus kann man entweder in die Berge aufbrechen oder eine Route aus einem breiten Stra\u00dfennetz ausw\u00e4hlen.<\/p>\n<p>amp El Planet richtet sich in erster Linie an Radsportteams <a href=\"https:\/\/en.wikipedia.org\/wiki\/Cycling\" target=\"_blank\" rel=\"noopener\">cycling<\/a> und Radfahrergruppen. Wir glauben, dass Gruppen und Teams es vorziehen, wenn sich die Gruppen- und Teammitglieder an einem Ort versammeln und nicht \u00fcber einen gro\u00dfen Hotel- oder Apartmentkomplex verstreut sind. Camp El Planet bietet Gruppen Unterkunft und Verpflegung an einem ruhigen und abgeschiedenen Ort; aber dennoch in kurzer Entfernung zur K\u00fcste, zu den Bergen, zu Sportpl\u00e4tzen, zu Flugh\u00e4fen und zu nahe gelegenen St\u00e4dten wie Altea, Alfaz und Albir. Eine gro\u00dfe Gruppe wird die R\u00e4umlichkeiten dominieren und f\u00fcr Zusammenhalt, N\u00e4he und ein starkes Gemeinschaftsgef\u00fchl sorgen. <\/p>\n<p>Zwischen den Trainingseinheiten war die Gruppe beim Essen, am Pool oder auf dem Petanque-Platz zusammen. Dies erleichtert die informelle Interaktion in einer entspannten und freundlichen Umgebung, was den Zusammenhalt des Teams nochmals st\u00e4rkt. Eine gro\u00dfe Gruppe kann auch exklusiven Zugang zur Cafeteria und zur K\u00fcche beantragen und ihre eigenen Team- oder Gruppenmahlzeiten zubereiten und verwalten.<\/p>\n\t\t\t\t\t\t\t\t<\/div>\n\t\t\t\t<\/div>\n\t\t<div class=\"elementor-element elementor-element-c2d4340 e-con-full e-flex e-con e-child\" data-id=\"c2d4340\" data-element_type=\"container\" data-e-type=\"container\">\n\t\t\t\t<div class=\"elementor-element elementor-element-d45cbe9 elementor-widget elementor-widget-image\" data-id=\"d45cbe9\" data-element_type=\"widget\" data-e-type=\"widget\" data-widget_type=\"image.default\">\n\t\t\t\t\t\t\t\t\t\t\t\t\t\t\t<img fetchpriority=\"high\" decoding=\"async\" width=\"800\" height=\"600\" src=\"https:\/\/www.campelplanet.com\/wp-content\/uploads\/2024\/12\/IMG_8279-1024x768.webp\" class=\"attachment-large size-large wp-image-5151\" alt=\"\" srcset=\"https:\/\/www.campelplanet.com\/wp-content\/uploads\/2024\/12\/IMG_8279-1024x768.webp 1024w, https:\/\/www.campelplanet.com\/wp-content\/uploads\/2024\/12\/IMG_8279-300x225.webp 300w, https:\/\/www.campelplanet.com\/wp-content\/uploads\/2024\/12\/IMG_8279-768x576.webp 768w, https:\/\/www.campelplanet.com\/wp-content\/uploads\/2024\/12\/IMG_8279-1536x1152.webp 1536w, https:\/\/www.campelplanet.com\/wp-content\/uploads\/2024\/12\/IMG_8279.webp 1920w\" sizes=\"(max-width: 800px) 100vw, 800px\" \/>\t\t\t\t\t\t\t\t\t\t\t\t\t\t\t<\/div>\n\t\t\t\t<\/div>\n\t\t\t\t\t<\/div>\n\t\t\t\t<\/div>\n\t\t<div class=\"elementor-element elementor-element-607563c e-flex e-con-boxed e-con e-parent\" data-id=\"607563c\" data-element_type=\"container\" data-e-type=\"container\">\n\t\t\t\t\t<div class=\"e-con-inner\">\n\t\t\t\t<div class=\"elementor-element elementor-element-d7ab013 elementor-widget elementor-widget-text-editor\" data-id=\"d7ab013\" data-element_type=\"widget\" data-e-type=\"widget\" data-widget_type=\"text-editor.default\">\n\t\t\t\t\t\t\t\t\t<p>Wir glauben auch, dass die pers\u00f6nliche Aufmerksamkeit, Leidenschaft und Begeisterung der Eigent\u00fcmer einen positiven Beitrag leisten werden. Da wir in einer Wohnung auf dem Gel\u00e4nde wohnen, sind wir jederzeit in Ihrer N\u00e4he und k\u00f6nnen auf eventuell auftretende Bed\u00fcrfnisse sofort eingehen.<\/p>\n\t\t\t\t\t\t\t\t<\/div>\n\t\t\t\t\t<\/div>\n\t\t\t\t<\/div>\n\t\t\t\t<\/div>\n\t\t","protected":false},"excerpt":{"rendered":"<p>Life is like riding a cycling. Um das Gleichgewicht zu halten, m\u00fcssen Sie in Bewegung bleiben. ~ Brief von Albert Einstein an seinen Sohn Eduard, 1930. F\u00fcr die meisten Radfahrer ist es wahrscheinlich Zeitverschwendung, wenn man ihnen eine ausf\u00fchrliche Beschreibung dessen gibt, was die Costa Blanca zu bieten hat. Es gen\u00fcgt zu sagen, dass Costa [&hellip;]<\/p>\n","protected":false},"author":1,"featured_media":701,"parent":0,"menu_order":0,"comment_status":"closed","ping_status":"closed","template":"","meta":{"footnotes":""},"class_list":["post-842","page","type-page","status-publish","has-post-thumbnail","hentry"],"yoast_head":"<!-- This site is optimized with the Yoast SEO Premium plugin v27.4 (Yoast SEO v27.4) - https:\/\/yoast.com\/product\/yoast-seo-premium-wordpress\/ -->\n<title>Radfahren - Camp El Planet<\/title>\n<meta name=\"description\" content=\"Life is like riding a cycling. Um das Gleichgewicht zu halten, m\u00fcssen Sie in Bewegung bleiben. ~ Brief von Albert Einstein an seinen Sohn Eduard, 1930.\" \/>\n<meta name=\"robots\" content=\"index, follow, max-snippet:-1, max-image-preview:large, max-video-preview:-1\" \/>\n<link rel=\"canonical\" href=\"https:\/\/www.campelplanet.com\/de\/radfahren\/\" \/>\n<meta property=\"og:locale\" content=\"de_DE\" \/>\n<meta property=\"og:type\" content=\"article\" \/>\n<meta property=\"og:title\" content=\"Radfahren\" \/>\n<meta property=\"og:description\" content=\"Life is like riding a cycling. Um das Gleichgewicht zu halten, m\u00fcssen Sie in Bewegung bleiben. ~ Brief von Albert Einstein an seinen Sohn Eduard, 1930.\" \/>\n<meta property=\"og:url\" content=\"https:\/\/www.campelplanet.com\/de\/radfahren\/\" \/>\n<meta property=\"og:site_name\" content=\"Camp El Planet\" \/>\n<meta property=\"article:publisher\" content=\"https:\/\/www.facebook.com\/campelplanet\" \/>\n<meta property=\"article:modified_time\" content=\"2024-12-26T05:35:45+00:00\" \/>\n<meta property=\"og:image\" content=\"https:\/\/www.campelplanet.com\/wp-content\/uploads\/2024\/01\/pexels-do-castle-2270328-scaled.jpg\" \/>\n\t<meta property=\"og:image:width\" content=\"2560\" \/>\n\t<meta property=\"og:image:height\" content=\"1707\" \/>\n\t<meta property=\"og:image:type\" content=\"image\/jpeg\" \/>\n<meta name=\"twitter:card\" content=\"summary_large_image\" \/>\n<script type=\"application\/ld+json\" class=\"yoast-schema-graph\">{\"@context\":\"https:\\\/\\\/schema.org\",\"@graph\":[{\"@type\":\"WebPage\",\"@id\":\"https:\\\/\\\/www.campelplanet.com\\\/de\\\/radfahren\\\/\",\"url\":\"https:\\\/\\\/www.campelplanet.com\\\/de\\\/radfahren\\\/\",\"name\":\"Radfahren - Camp El Planet\",\"isPartOf\":{\"@id\":\"https:\\\/\\\/www.campelplanet.com\\\/de\\\/#website\"},\"primaryImageOfPage\":{\"@id\":\"https:\\\/\\\/www.campelplanet.com\\\/de\\\/radfahren\\\/#primaryimage\"},\"image\":{\"@id\":\"https:\\\/\\\/www.campelplanet.com\\\/de\\\/radfahren\\\/#primaryimage\"},\"thumbnailUrl\":\"https:\\\/\\\/www.campelplanet.com\\\/wp-content\\\/uploads\\\/2024\\\/01\\\/pexels-do-castle-2270328-scaled.jpg\",\"datePublished\":\"2024-01-03T09:51:53+00:00\",\"dateModified\":\"2024-12-26T05:35:45+00:00\",\"description\":\"Life is like riding a cycling. Um das Gleichgewicht zu halten, m\u00fcssen Sie in Bewegung bleiben. ~ Brief von Albert Einstein an seinen Sohn Eduard, 1930.\",\"breadcrumb\":{\"@id\":\"https:\\\/\\\/www.campelplanet.com\\\/de\\\/radfahren\\\/#breadcrumb\"},\"inLanguage\":\"de\",\"potentialAction\":[{\"@type\":\"ReadAction\",\"target\":[\"https:\\\/\\\/www.campelplanet.com\\\/de\\\/radfahren\\\/\"]}]},{\"@type\":\"ImageObject\",\"inLanguage\":\"de\",\"@id\":\"https:\\\/\\\/www.campelplanet.com\\\/de\\\/radfahren\\\/#primaryimage\",\"url\":\"https:\\\/\\\/www.campelplanet.com\\\/wp-content\\\/uploads\\\/2024\\\/01\\\/pexels-do-castle-2270328-scaled.jpg\",\"contentUrl\":\"https:\\\/\\\/www.campelplanet.com\\\/wp-content\\\/uploads\\\/2024\\\/01\\\/pexels-do-castle-2270328-scaled.jpg\",\"width\":2560,\"height\":1707,\"caption\":\"Cycling\"},{\"@type\":\"BreadcrumbList\",\"@id\":\"https:\\\/\\\/www.campelplanet.com\\\/de\\\/radfahren\\\/#breadcrumb\",\"itemListElement\":[{\"@type\":\"ListItem\",\"position\":1,\"name\":\"Home\",\"item\":\"https:\\\/\\\/www.campelplanet.com\\\/de\\\/\"},{\"@type\":\"ListItem\",\"position\":2,\"name\":\"Radfahren\"}]},{\"@type\":\"WebSite\",\"@id\":\"https:\\\/\\\/www.campelplanet.com\\\/de\\\/#website\",\"url\":\"https:\\\/\\\/www.campelplanet.com\\\/de\\\/\",\"name\":\"Camp El Planet's\",\"description\":\"The soul of the Costa Blanca\",\"publisher\":{\"@id\":\"https:\\\/\\\/www.campelplanet.com\\\/de\\\/#organization\"},\"potentialAction\":[{\"@type\":\"SearchAction\",\"target\":{\"@type\":\"EntryPoint\",\"urlTemplate\":\"https:\\\/\\\/www.campelplanet.com\\\/de\\\/?s={search_term_string}\"},\"query-input\":{\"@type\":\"PropertyValueSpecification\",\"valueRequired\":true,\"valueName\":\"search_term_string\"}}],\"inLanguage\":\"de\"},{\"@type\":\"Organization\",\"@id\":\"https:\\\/\\\/www.campelplanet.com\\\/de\\\/#organization\",\"name\":\"Camp El Planet's\",\"url\":\"https:\\\/\\\/www.campelplanet.com\\\/de\\\/\",\"logo\":{\"@type\":\"ImageObject\",\"inLanguage\":\"de\",\"@id\":\"https:\\\/\\\/www.campelplanet.com\\\/de\\\/#\\\/schema\\\/logo\\\/image\\\/\",\"url\":\"https:\\\/\\\/www.campelplanet.com\\\/wp-content\\\/uploads\\\/2024\\\/01\\\/cropped-CampElPlanet_bla.png\",\"contentUrl\":\"https:\\\/\\\/www.campelplanet.com\\\/wp-content\\\/uploads\\\/2024\\\/01\\\/cropped-CampElPlanet_bla.png\",\"width\":440,\"height\":256,\"caption\":\"Camp El Planet's\"},\"image\":{\"@id\":\"https:\\\/\\\/www.campelplanet.com\\\/de\\\/#\\\/schema\\\/logo\\\/image\\\/\"},\"sameAs\":[\"https:\\\/\\\/www.facebook.com\\\/campelplanet\",\"https:\\\/\\\/www.instagram.com\\\/campelplanet\\\/\"]}]}<\/script>\n<!-- \/ Yoast SEO Premium plugin. -->","yoast_head_json":{"title":"Radfahren - Camp El Planet","description":"Life is like riding a cycling. Um das Gleichgewicht zu halten, m\u00fcssen Sie in Bewegung bleiben. ~ Brief von Albert Einstein an seinen Sohn Eduard, 1930.","robots":{"index":"index","follow":"follow","max-snippet":"max-snippet:-1","max-image-preview":"max-image-preview:large","max-video-preview":"max-video-preview:-1"},"canonical":"https:\/\/www.campelplanet.com\/de\/radfahren\/","og_locale":"de_DE","og_type":"article","og_title":"Radfahren","og_description":"Life is like riding a cycling. Um das Gleichgewicht zu halten, m\u00fcssen Sie in Bewegung bleiben. ~ Brief von Albert Einstein an seinen Sohn Eduard, 1930.","og_url":"https:\/\/www.campelplanet.com\/de\/radfahren\/","og_site_name":"Camp El Planet","article_publisher":"https:\/\/www.facebook.com\/campelplanet","article_modified_time":"2024-12-26T05:35:45+00:00","og_image":[{"width":2560,"height":1707,"url":"https:\/\/www.campelplanet.com\/wp-content\/uploads\/2024\/01\/pexels-do-castle-2270328-scaled.jpg","type":"image\/jpeg"}],"twitter_card":"summary_large_image","schema":{"@context":"https:\/\/schema.org","@graph":[{"@type":"WebPage","@id":"https:\/\/www.campelplanet.com\/de\/radfahren\/","url":"https:\/\/www.campelplanet.com\/de\/radfahren\/","name":"Radfahren - Camp El Planet","isPartOf":{"@id":"https:\/\/www.campelplanet.com\/de\/#website"},"primaryImageOfPage":{"@id":"https:\/\/www.campelplanet.com\/de\/radfahren\/#primaryimage"},"image":{"@id":"https:\/\/www.campelplanet.com\/de\/radfahren\/#primaryimage"},"thumbnailUrl":"https:\/\/www.campelplanet.com\/wp-content\/uploads\/2024\/01\/pexels-do-castle-2270328-scaled.jpg","datePublished":"2024-01-03T09:51:53+00:00","dateModified":"2024-12-26T05:35:45+00:00","description":"Life is like riding a cycling. Um das Gleichgewicht zu halten, m\u00fcssen Sie in Bewegung bleiben. ~ Brief von Albert Einstein an seinen Sohn Eduard, 1930.","breadcrumb":{"@id":"https:\/\/www.campelplanet.com\/de\/radfahren\/#breadcrumb"},"inLanguage":"de","potentialAction":[{"@type":"ReadAction","target":["https:\/\/www.campelplanet.com\/de\/radfahren\/"]}]},{"@type":"ImageObject","inLanguage":"de","@id":"https:\/\/www.campelplanet.com\/de\/radfahren\/#primaryimage","url":"https:\/\/www.campelplanet.com\/wp-content\/uploads\/2024\/01\/pexels-do-castle-2270328-scaled.jpg","contentUrl":"https:\/\/www.campelplanet.com\/wp-content\/uploads\/2024\/01\/pexels-do-castle-2270328-scaled.jpg","width":2560,"height":1707,"caption":"Cycling"},{"@type":"BreadcrumbList","@id":"https:\/\/www.campelplanet.com\/de\/radfahren\/#breadcrumb","itemListElement":[{"@type":"ListItem","position":1,"name":"Home","item":"https:\/\/www.campelplanet.com\/de\/"},{"@type":"ListItem","position":2,"name":"Radfahren"}]},{"@type":"WebSite","@id":"https:\/\/www.campelplanet.com\/de\/#website","url":"https:\/\/www.campelplanet.com\/de\/","name":"Camp El Planet's","description":"The soul of the Costa Blanca","publisher":{"@id":"https:\/\/www.campelplanet.com\/de\/#organization"},"potentialAction":[{"@type":"SearchAction","target":{"@type":"EntryPoint","urlTemplate":"https:\/\/www.campelplanet.com\/de\/?s={search_term_string}"},"query-input":{"@type":"PropertyValueSpecification","valueRequired":true,"valueName":"search_term_string"}}],"inLanguage":"de"},{"@type":"Organization","@id":"https:\/\/www.campelplanet.com\/de\/#organization","name":"Camp El Planet's","url":"https:\/\/www.campelplanet.com\/de\/","logo":{"@type":"ImageObject","inLanguage":"de","@id":"https:\/\/www.campelplanet.com\/de\/#\/schema\/logo\/image\/","url":"https:\/\/www.campelplanet.com\/wp-content\/uploads\/2024\/01\/cropped-CampElPlanet_bla.png","contentUrl":"https:\/\/www.campelplanet.com\/wp-content\/uploads\/2024\/01\/cropped-CampElPlanet_bla.png","width":440,"height":256,"caption":"Camp El Planet's"},"image":{"@id":"https:\/\/www.campelplanet.com\/de\/#\/schema\/logo\/image\/"},"sameAs":["https:\/\/www.facebook.com\/campelplanet","https:\/\/www.instagram.com\/campelplanet\/"]}]}},"_links":{"self":[{"href":"https:\/\/www.campelplanet.com\/de\/wp-json\/wp\/v2\/pages\/842","targetHints":{"allow":["GET"]}}],"collection":[{"href":"https:\/\/www.campelplanet.com\/de\/wp-json\/wp\/v2\/pages"}],"about":[{"href":"https:\/\/www.campelplanet.com\/de\/wp-json\/wp\/v2\/types\/page"}],"author":[{"embeddable":true,"href":"https:\/\/www.campelplanet.com\/de\/wp-json\/wp\/v2\/users\/1"}],"replies":[{"embeddable":true,"href":"https:\/\/www.campelplanet.com\/de\/wp-json\/wp\/v2\/comments?post=842"}],"version-history":[{"count":1,"href":"https:\/\/www.campelplanet.com\/de\/wp-json\/wp\/v2\/pages\/842\/revisions"}],"predecessor-version":[{"id":5662,"href":"https:\/\/www.campelplanet.com\/de\/wp-json\/wp\/v2\/pages\/842\/revisions\/5662"}],"wp:featuredmedia":[{"embeddable":true,"href":"https:\/\/www.campelplanet.com\/de\/wp-json\/wp\/v2\/media\/701"}],"wp:attachment":[{"href":"https:\/\/www.campelplanet.com\/de\/wp-json\/wp\/v2\/media?parent=842"}],"curies":[{"name":"wp","href":"https:\/\/api.w.org\/{rel}","templated":true}]}}