{"id":823,"date":"2024-01-02T16:17:44","date_gmt":"2024-01-02T15:17:44","guid":{"rendered":"https:\/\/www.campelplanet.com\/kontaktiere-uns\/"},"modified":"2025-11-23T18:43:44","modified_gmt":"2025-11-23T17:43:44","slug":"kontaktiere-uns","status":"publish","type":"page","link":"https:\/\/www.campelplanet.com\/de\/kontaktiere-uns\/","title":{"rendered":"Kontaktiere uns"},"content":{"rendered":"\t\t<div data-elementor-type=\"wp-page\" data-elementor-id=\"823\" class=\"elementor elementor-823 elementor-122\" data-elementor-post-type=\"page\">\n\t\t\t\t\t\t<section class=\"elementor-section elementor-top-section elementor-element elementor-element-2a8956df elementor-section-boxed elementor-section-height-default elementor-section-height-default\" data-id=\"2a8956df\" data-element_type=\"section\" data-e-type=\"section\" data-settings=\"{&quot;background_background&quot;:&quot;classic&quot;}\">\n\t\t\t\t\t\t\t<div class=\"elementor-background-overlay\"><\/div>\n\t\t\t\t\t\t\t<div class=\"elementor-container elementor-column-gap-no\">\n\t\t\t\t\t<div class=\"elementor-column elementor-col-50 elementor-top-column elementor-element elementor-element-2d0601dc\" data-id=\"2d0601dc\" data-element_type=\"column\" data-e-type=\"column\">\n\t\t\t<div class=\"elementor-widget-wrap elementor-element-populated\">\n\t\t\t\t\t\t<div class=\"elementor-element elementor-element-1ed2fe22 elementor-widget elementor-widget-heading\" data-id=\"1ed2fe22\" data-element_type=\"widget\" data-e-type=\"widget\" data-widget_type=\"heading.default\">\n\t\t\t\t\t<h2 class=\"elementor-heading-title elementor-size-default\">Kontaktiere uns<\/h2>\t\t\t\t<\/div>\n\t\t\t\t<div class=\"elementor-element elementor-element-4d04fefa elementor-widget elementor-widget-text-editor\" data-id=\"4d04fefa\" data-element_type=\"widget\" data-e-type=\"widget\" data-widget_type=\"text-editor.default\">\n\t\t\t\t\t\t\t\t\t<p>Nehmen Sie Kontakt mit uns auf. Ihre Anfragen sind wichtig. Kontaktieren Sie uns noch heute f\u00fcr Unterst\u00fctzung, Informationen oder Fragen.<\/p>\n\t\t\t\t\t\t\t\t<\/div>\n\t\t\t\t\t<\/div>\n\t\t<\/div>\n\t\t\t\t<div class=\"elementor-column elementor-col-50 elementor-top-column elementor-element elementor-element-7baa9808\" data-id=\"7baa9808\" data-element_type=\"column\" data-e-type=\"column\">\n\t\t\t<div class=\"elementor-widget-wrap\">\n\t\t\t\t\t\t\t<\/div>\n\t\t<\/div>\n\t\t\t\t\t<\/div>\n\t\t<\/section>\n\t\t\t\t<section class=\"elementor-section elementor-top-section elementor-element elementor-element-439fc18d elementor-section-content-middle elementor-section-boxed elementor-section-height-default elementor-section-height-default\" data-id=\"439fc18d\" data-element_type=\"section\" data-e-type=\"section\">\n\t\t\t\t\t\t<div class=\"elementor-container elementor-column-gap-no\">\n\t\t\t\t\t<div class=\"elementor-column elementor-col-50 elementor-top-column elementor-element elementor-element-723a12bd\" data-id=\"723a12bd\" data-element_type=\"column\" data-e-type=\"column\">\n\t\t\t<div class=\"elementor-widget-wrap elementor-element-populated\">\n\t\t\t\t\t\t<div class=\"elementor-element elementor-element-56c1be3a elementor-widget elementor-widget-heading\" data-id=\"56c1be3a\" data-element_type=\"widget\" data-e-type=\"widget\" data-widget_type=\"heading.default\">\n\t\t\t\t\t<h2 class=\"elementor-heading-title elementor-size-default\">In Kontakt kommen<\/h2>\t\t\t\t<\/div>\n\t\t\t\t<div class=\"elementor-element elementor-element-76a15d51 elementor-widget elementor-widget-text-editor\" data-id=\"76a15d51\" data-element_type=\"widget\" data-e-type=\"widget\" data-widget_type=\"text-editor.default\">\n\t\t\t\t\t\t\t\t\t<p>Verbinde dich mit uns. F\u00fcr Anfragen, Hilfe oder Informationen wenden Sie sich bitte an uns. Wir sind hier um zu helfen. Nehmen Sie noch heute Kontakt mit uns auf.<\/p>\t\t\t\t\t\t\t\t<\/div>\n\t\t\t\t<section class=\"elementor-section elementor-inner-section elementor-element elementor-element-2db1e98a elementor-section-boxed elementor-section-height-default elementor-section-height-default\" data-id=\"2db1e98a\" data-element_type=\"section\" data-e-type=\"section\">\n\t\t\t\t\t\t<div class=\"elementor-container elementor-column-gap-no\">\n\t\t\t\t\t<div class=\"elementor-column elementor-col-50 elementor-inner-column elementor-element elementor-element-458b5d34\" data-id=\"458b5d34\" data-element_type=\"column\" data-e-type=\"column\">\n\t\t\t<div class=\"elementor-widget-wrap elementor-element-populated\">\n\t\t\t\t\t\t<div class=\"elementor-element elementor-element-7112b5f9 elementor-widget elementor-widget-heading\" data-id=\"7112b5f9\" data-element_type=\"widget\" data-e-type=\"widget\" data-widget_type=\"heading.default\">\n\t\t\t\t\t<h2 class=\"elementor-heading-title elementor-size-default\">Elin Svennevik<\/h2>\t\t\t\t<\/div>\n\t\t\t\t<div class=\"elementor-element elementor-element-769b089 elementor-icon-list--layout-traditional elementor-list-item-link-full_width elementor-widget elementor-widget-icon-list\" data-id=\"769b089\" data-element_type=\"widget\" data-e-type=\"widget\" data-widget_type=\"icon-list.default\">\n\t\t\t\t\t\t\t<ul class=\"elementor-icon-list-items\">\n\t\t\t\t\t\t\t<li class=\"elementor-icon-list-item\">\n\t\t\t\t\t\t\t\t\t\t\t<span class=\"elementor-icon-list-icon\">\n\t\t\t\t\t\t\t<svg aria-hidden=\"true\" class=\"e-font-icon-svg e-fas-phone-alt\" viewBox=\"0 0 512 512\" xmlns=\"http:\/\/www.w3.org\/2000\/svg\"><path d=\"M497.39 361.8l-112-48a24 24 0 0 0-28 6.9l-49.6 60.6A370.66 370.66 0 0 1 130.6 204.11l60.6-49.6a23.94 23.94 0 0 0 6.9-28l-48-112A24.16 24.16 0 0 0 122.6.61l-104 24A24 24 0 0 0 0 48c0 256.5 207.9 464 464 464a24 24 0 0 0 23.4-18.6l24-104a24.29 24.29 0 0 0-14.01-27.6z\"><\/path><\/svg>\t\t\t\t\t\t<\/span>\n\t\t\t\t\t\t\t\t\t\t<span class=\"elementor-icon-list-text\">  + 47 97 15 20 71<\/span>\n\t\t\t\t\t\t\t\t\t<\/li>\n\t\t\t\t\t\t\t\t<li class=\"elementor-icon-list-item\">\n\t\t\t\t\t\t\t\t\t\t\t<span class=\"elementor-icon-list-icon\">\n\t\t\t\t\t\t\t<i aria-hidden=\"true\" class=\"jki jki-whatsapp\"><\/i>\t\t\t\t\t\t<\/span>\n\t\t\t\t\t\t\t\t\t\t<span class=\"elementor-icon-list-text\">  + 47 97 15 20 71<\/span>\n\t\t\t\t\t\t\t\t\t<\/li>\n\t\t\t\t\t\t\t\t<li class=\"elementor-icon-list-item\">\n\t\t\t\t\t\t\t\t\t\t\t<span class=\"elementor-icon-list-icon\">\n\t\t\t\t\t\t\t<svg aria-hidden=\"true\" class=\"e-font-icon-svg e-fas-envelope\" viewBox=\"0 0 512 512\" xmlns=\"http:\/\/www.w3.org\/2000\/svg\"><path d=\"M502.3 190.8c3.9-3.1 9.7-.2 9.7 4.7V400c0 26.5-21.5 48-48 48H48c-26.5 0-48-21.5-48-48V195.6c0-5 5.7-7.8 9.7-4.7 22.4 17.4 52.1 39.5 154.1 113.6 21.1 15.4 56.7 47.8 92.2 47.6 35.7.3 72-32.8 92.3-47.6 102-74.1 131.6-96.3 154-113.7zM256 320c23.2.4 56.6-29.2 73.4-41.4 132.7-96.3 142.8-104.7 173.4-128.7 5.8-4.5 9.2-11.5 9.2-18.9v-19c0-26.5-21.5-48-48-48H48C21.5 64 0 85.5 0 112v19c0 7.4 3.4 14.3 9.2 18.9 30.6 23.9 40.7 32.4 173.4 128.7 16.8 12.2 50.2 41.8 73.4 41.4z\"><\/path><\/svg>\t\t\t\t\t\t<\/span>\n\t\t\t\t\t\t\t\t\t\t<span class=\"elementor-icon-list-text\">elin.svennevik@gmail.com<\/span>\n\t\t\t\t\t\t\t\t\t<\/li>\n\t\t\t\t\t\t<\/ul>\n\t\t\t\t\t\t<\/div>\n\t\t\t\t\t<\/div>\n\t\t<\/div>\n\t\t\t\t<div class=\"elementor-column elementor-col-50 elementor-inner-column elementor-element elementor-element-23c9ee2f\" data-id=\"23c9ee2f\" data-element_type=\"column\" data-e-type=\"column\">\n\t\t\t<div class=\"elementor-widget-wrap elementor-element-populated\">\n\t\t\t\t\t\t<div class=\"elementor-element elementor-element-45288701 elementor-widget elementor-widget-heading\" data-id=\"45288701\" data-element_type=\"widget\" data-e-type=\"widget\" data-widget_type=\"heading.default\">\n\t\t\t\t\t<h2 class=\"elementor-heading-title elementor-size-default\">Erik Nielsen:<\/h2>\t\t\t\t<\/div>\n\t\t\t\t<div class=\"elementor-element elementor-element-39a25950 elementor-icon-list--layout-traditional elementor-list-item-link-full_width elementor-widget elementor-widget-icon-list\" data-id=\"39a25950\" data-element_type=\"widget\" data-e-type=\"widget\" data-widget_type=\"icon-list.default\">\n\t\t\t\t\t\t\t<ul class=\"elementor-icon-list-items\">\n\t\t\t\t\t\t\t<li class=\"elementor-icon-list-item\">\n\t\t\t\t\t\t\t\t\t\t\t<span class=\"elementor-icon-list-icon\">\n\t\t\t\t\t\t\t<svg aria-hidden=\"true\" class=\"e-font-icon-svg e-fas-phone-alt\" viewBox=\"0 0 512 512\" xmlns=\"http:\/\/www.w3.org\/2000\/svg\"><path d=\"M497.39 361.8l-112-48a24 24 0 0 0-28 6.9l-49.6 60.6A370.66 370.66 0 0 1 130.6 204.11l60.6-49.6a23.94 23.94 0 0 0 6.9-28l-48-112A24.16 24.16 0 0 0 122.6.61l-104 24A24 24 0 0 0 0 48c0 256.5 207.9 464 464 464a24 24 0 0 0 23.4-18.6l24-104a24.29 24.29 0 0 0-14.01-27.6z\"><\/path><\/svg>\t\t\t\t\t\t<\/span>\n\t\t\t\t\t\t\t\t\t\t<span class=\"elementor-icon-list-text\">+34 672 972 005<\/span>\n\t\t\t\t\t\t\t\t\t<\/li>\n\t\t\t\t\t\t\t\t<li class=\"elementor-icon-list-item\">\n\t\t\t\t\t\t\t\t\t\t\t<span class=\"elementor-icon-list-icon\">\n\t\t\t\t\t\t\t<i aria-hidden=\"true\" class=\"jki jki-whatsapp\"><\/i>\t\t\t\t\t\t<\/span>\n\t\t\t\t\t\t\t\t\t\t<span class=\"elementor-icon-list-text\">+34 672 972 005<\/span>\n\t\t\t\t\t\t\t\t\t<\/li>\n\t\t\t\t\t\t\t\t<li class=\"elementor-icon-list-item\">\n\t\t\t\t\t\t\t\t\t\t\t<span class=\"elementor-icon-list-icon\">\n\t\t\t\t\t\t\t<svg aria-hidden=\"true\" class=\"e-font-icon-svg e-fas-envelope\" viewBox=\"0 0 512 512\" xmlns=\"http:\/\/www.w3.org\/2000\/svg\"><path d=\"M502.3 190.8c3.9-3.1 9.7-.2 9.7 4.7V400c0 26.5-21.5 48-48 48H48c-26.5 0-48-21.5-48-48V195.6c0-5 5.7-7.8 9.7-4.7 22.4 17.4 52.1 39.5 154.1 113.6 21.1 15.4 56.7 47.8 92.2 47.6 35.7.3 72-32.8 92.3-47.6 102-74.1 131.6-96.3 154-113.7zM256 320c23.2.4 56.6-29.2 73.4-41.4 132.7-96.3 142.8-104.7 173.4-128.7 5.8-4.5 9.2-11.5 9.2-18.9v-19c0-26.5-21.5-48-48-48H48C21.5 64 0 85.5 0 112v19c0 7.4 3.4 14.3 9.2 18.9 30.6 23.9 40.7 32.4 173.4 128.7 16.8 12.2 50.2 41.8 73.4 41.4z\"><\/path><\/svg>\t\t\t\t\t\t<\/span>\n\t\t\t\t\t\t\t\t\t\t<span class=\"elementor-icon-list-text\">eranielsen@gmail.com<\/span>\n\t\t\t\t\t\t\t\t\t<\/li>\n\t\t\t\t\t\t<\/ul>\n\t\t\t\t\t\t<\/div>\n\t\t\t\t\t<\/div>\n\t\t<\/div>\n\t\t\t\t\t<\/div>\n\t\t<\/section>\n\t\t\t\t\t<\/div>\n\t\t<\/div>\n\t\t\t\t<div class=\"elementor-column elementor-col-50 elementor-top-column elementor-element elementor-element-447cc1df\" data-id=\"447cc1df\" data-element_type=\"column\" data-e-type=\"column\" data-settings=\"{&quot;background_background&quot;:&quot;classic&quot;}\">\n\t\t\t<div class=\"elementor-widget-wrap\">\n\t\t\t\t\t\t\t<\/div>\n\t\t<\/div>\n\t\t\t\t\t<\/div>\n\t\t<\/section>\n\t\t\t\t<section class=\"elementor-section elementor-top-section elementor-element elementor-element-533ec299 elementor-section-full_width elementor-section-height-default elementor-section-height-default\" data-id=\"533ec299\" data-element_type=\"section\" data-e-type=\"section\">\n\t\t\t\t\t\t<div class=\"elementor-container elementor-column-gap-no\">\n\t\t\t\t\t<div class=\"elementor-column elementor-col-100 elementor-top-column elementor-element elementor-element-66093cb\" data-id=\"66093cb\" data-element_type=\"column\" data-e-type=\"column\">\n\t\t\t<div class=\"elementor-widget-wrap elementor-element-populated\">\n\t\t\t\t\t\t<div class=\"elementor-element elementor-element-1f4c9c26 elementor-widget elementor-widget-google_maps\" data-id=\"1f4c9c26\" data-element_type=\"widget\" data-e-type=\"widget\" data-widget_type=\"google_maps.default\">\n\t\t\t\t\t\t\t<div class=\"elementor-custom-embed\">\n\t\t\t<iframe loading=\"lazy\"\n\t\t\t\t\tsrc=\"https:\/\/maps.google.com\/maps?q=Camp%20el%20planet&#038;t=m&#038;z=15&#038;output=embed&#038;iwloc=near\"\n\t\t\t\t\ttitle=\"Camp el planet\"\n\t\t\t\t\taria-label=\"Camp el planet\"\n\t\t\t><\/iframe>\n\t\t<\/div>\n\t\t\t\t\t\t<\/div>\n\t\t\t\t\t<\/div>\n\t\t<\/div>\n\t\t\t\t\t<\/div>\n\t\t<\/section>\n\t\t\t\t<\/div>\n\t\t","protected":false},"excerpt":{"rendered":"<p>Kontaktiere uns Nehmen Sie Kontakt mit uns auf. Ihre Anfragen sind wichtig. Kontaktieren Sie uns noch heute f\u00fcr Unterst\u00fctzung, Informationen oder Fragen. In Kontakt kommen Verbinde dich mit uns. F\u00fcr Anfragen, Hilfe oder Informationen wenden Sie sich bitte an uns. Wir sind hier um zu helfen. Nehmen Sie noch heute Kontakt mit uns auf. Elin [&hellip;]<\/p>\n","protected":false},"author":1,"featured_media":1229,"parent":0,"menu_order":0,"comment_status":"closed","ping_status":"closed","template":"elementor_header_footer","meta":{"footnotes":""},"class_list":["post-823","page","type-page","status-publish","has-post-thumbnail","hentry"],"yoast_head":"<!-- This site is optimized with the Yoast SEO Premium plugin v27.4 (Yoast SEO v27.4) - https:\/\/yoast.com\/product\/yoast-seo-premium-wordpress\/ -->\n<title>Kontaktiere uns - Camp El Planet<\/title>\n<meta name=\"description\" content=\"Nehmen Sie Kontakt mit uns auf. Ihre Anfragen sind wichtig. Kontaktieren Sie uns noch heute f\u00fcr Unterst\u00fctzung, Informationen oder Fragen.\" \/>\n<meta name=\"robots\" content=\"index, follow, max-snippet:-1, max-image-preview:large, max-video-preview:-1\" \/>\n<link rel=\"canonical\" href=\"https:\/\/www.campelplanet.com\/de\/kontaktiere-uns\/\" \/>\n<meta property=\"og:locale\" content=\"de_DE\" \/>\n<meta property=\"og:type\" content=\"article\" \/>\n<meta property=\"og:title\" content=\"Kontaktiere uns\" \/>\n<meta property=\"og:description\" content=\"Nehmen Sie Kontakt mit uns auf. Ihre Anfragen sind wichtig. Kontaktieren Sie uns noch heute f\u00fcr Unterst\u00fctzung, Informationen oder Fragen.\" \/>\n<meta property=\"og:url\" content=\"https:\/\/www.campelplanet.com\/de\/kontaktiere-uns\/\" \/>\n<meta property=\"og:site_name\" content=\"Camp El Planet\" \/>\n<meta property=\"article:publisher\" content=\"https:\/\/www.facebook.com\/campelplanet\" \/>\n<meta property=\"article:modified_time\" content=\"2025-11-23T17:43:44+00:00\" \/>\n<meta property=\"og:image\" content=\"https:\/\/www.campelplanet.com\/wp-content\/uploads\/2024\/01\/young-man-on-vacation-with-the-camper-1.jpg\" \/>\n\t<meta property=\"og:image:width\" content=\"2000\" \/>\n\t<meta property=\"og:image:height\" content=\"1333\" \/>\n\t<meta property=\"og:image:type\" content=\"image\/jpeg\" \/>\n<meta name=\"twitter:card\" content=\"summary_large_image\" \/>\n<meta name=\"twitter:label1\" content=\"Gesch\u00e4tzte Lesezeit\" \/>\n\t<meta name=\"twitter:data1\" content=\"1\u00a0Minute\" \/>\n<script type=\"application\/ld+json\" class=\"yoast-schema-graph\">{\"@context\":\"https:\\\/\\\/schema.org\",\"@graph\":[{\"@type\":\"WebPage\",\"@id\":\"https:\\\/\\\/www.campelplanet.com\\\/de\\\/kontaktiere-uns\\\/\",\"url\":\"https:\\\/\\\/www.campelplanet.com\\\/de\\\/kontaktiere-uns\\\/\",\"name\":\"Kontaktiere uns - Camp El Planet\",\"isPartOf\":{\"@id\":\"https:\\\/\\\/www.campelplanet.com\\\/de\\\/#website\"},\"primaryImageOfPage\":{\"@id\":\"https:\\\/\\\/www.campelplanet.com\\\/de\\\/kontaktiere-uns\\\/#primaryimage\"},\"image\":{\"@id\":\"https:\\\/\\\/www.campelplanet.com\\\/de\\\/kontaktiere-uns\\\/#primaryimage\"},\"thumbnailUrl\":\"https:\\\/\\\/www.campelplanet.com\\\/wp-content\\\/uploads\\\/2024\\\/01\\\/young-man-on-vacation-with-the-camper-1.jpg\",\"datePublished\":\"2024-01-02T15:17:44+00:00\",\"dateModified\":\"2025-11-23T17:43:44+00:00\",\"description\":\"Nehmen Sie Kontakt mit uns auf. Ihre Anfragen sind wichtig. Kontaktieren Sie uns noch heute f\u00fcr Unterst\u00fctzung, Informationen oder Fragen.\",\"breadcrumb\":{\"@id\":\"https:\\\/\\\/www.campelplanet.com\\\/de\\\/kontaktiere-uns\\\/#breadcrumb\"},\"inLanguage\":\"de\",\"potentialAction\":[{\"@type\":\"ReadAction\",\"target\":[\"https:\\\/\\\/www.campelplanet.com\\\/de\\\/kontaktiere-uns\\\/\"]}]},{\"@type\":\"ImageObject\",\"inLanguage\":\"de\",\"@id\":\"https:\\\/\\\/www.campelplanet.com\\\/de\\\/kontaktiere-uns\\\/#primaryimage\",\"url\":\"https:\\\/\\\/www.campelplanet.com\\\/wp-content\\\/uploads\\\/2024\\\/01\\\/young-man-on-vacation-with-the-camper-1.jpg\",\"contentUrl\":\"https:\\\/\\\/www.campelplanet.com\\\/wp-content\\\/uploads\\\/2024\\\/01\\\/young-man-on-vacation-with-the-camper-1.jpg\",\"width\":2000,\"height\":1333,\"caption\":\"Contact Us\"},{\"@type\":\"BreadcrumbList\",\"@id\":\"https:\\\/\\\/www.campelplanet.com\\\/de\\\/kontaktiere-uns\\\/#breadcrumb\",\"itemListElement\":[{\"@type\":\"ListItem\",\"position\":1,\"name\":\"Home\",\"item\":\"https:\\\/\\\/www.campelplanet.com\\\/de\\\/\"},{\"@type\":\"ListItem\",\"position\":2,\"name\":\"Kontaktiere uns\"}]},{\"@type\":\"WebSite\",\"@id\":\"https:\\\/\\\/www.campelplanet.com\\\/de\\\/#website\",\"url\":\"https:\\\/\\\/www.campelplanet.com\\\/de\\\/\",\"name\":\"Camp El Planet's\",\"description\":\"The soul of the Costa Blanca\",\"publisher\":{\"@id\":\"https:\\\/\\\/www.campelplanet.com\\\/de\\\/#organization\"},\"potentialAction\":[{\"@type\":\"SearchAction\",\"target\":{\"@type\":\"EntryPoint\",\"urlTemplate\":\"https:\\\/\\\/www.campelplanet.com\\\/de\\\/?s={search_term_string}\"},\"query-input\":{\"@type\":\"PropertyValueSpecification\",\"valueRequired\":true,\"valueName\":\"search_term_string\"}}],\"inLanguage\":\"de\"},{\"@type\":\"Organization\",\"@id\":\"https:\\\/\\\/www.campelplanet.com\\\/de\\\/#organization\",\"name\":\"Camp El Planet's\",\"url\":\"https:\\\/\\\/www.campelplanet.com\\\/de\\\/\",\"logo\":{\"@type\":\"ImageObject\",\"inLanguage\":\"de\",\"@id\":\"https:\\\/\\\/www.campelplanet.com\\\/de\\\/#\\\/schema\\\/logo\\\/image\\\/\",\"url\":\"https:\\\/\\\/www.campelplanet.com\\\/wp-content\\\/uploads\\\/2024\\\/01\\\/cropped-CampElPlanet_bla.png\",\"contentUrl\":\"https:\\\/\\\/www.campelplanet.com\\\/wp-content\\\/uploads\\\/2024\\\/01\\\/cropped-CampElPlanet_bla.png\",\"width\":440,\"height\":256,\"caption\":\"Camp El Planet's\"},\"image\":{\"@id\":\"https:\\\/\\\/www.campelplanet.com\\\/de\\\/#\\\/schema\\\/logo\\\/image\\\/\"},\"sameAs\":[\"https:\\\/\\\/www.facebook.com\\\/campelplanet\",\"https:\\\/\\\/www.instagram.com\\\/campelplanet\\\/\"]}]}<\/script>\n<!-- \/ Yoast SEO Premium plugin. -->","yoast_head_json":{"title":"Kontaktiere uns - Camp El Planet","description":"Nehmen Sie Kontakt mit uns auf. Ihre Anfragen sind wichtig. Kontaktieren Sie uns noch heute f\u00fcr Unterst\u00fctzung, Informationen oder Fragen.","robots":{"index":"index","follow":"follow","max-snippet":"max-snippet:-1","max-image-preview":"max-image-preview:large","max-video-preview":"max-video-preview:-1"},"canonical":"https:\/\/www.campelplanet.com\/de\/kontaktiere-uns\/","og_locale":"de_DE","og_type":"article","og_title":"Kontaktiere uns","og_description":"Nehmen Sie Kontakt mit uns auf. Ihre Anfragen sind wichtig. Kontaktieren Sie uns noch heute f\u00fcr Unterst\u00fctzung, Informationen oder Fragen.","og_url":"https:\/\/www.campelplanet.com\/de\/kontaktiere-uns\/","og_site_name":"Camp El Planet","article_publisher":"https:\/\/www.facebook.com\/campelplanet","article_modified_time":"2025-11-23T17:43:44+00:00","og_image":[{"width":2000,"height":1333,"url":"https:\/\/www.campelplanet.com\/wp-content\/uploads\/2024\/01\/young-man-on-vacation-with-the-camper-1.jpg","type":"image\/jpeg"}],"twitter_card":"summary_large_image","twitter_misc":{"Gesch\u00e4tzte Lesezeit":"1\u00a0Minute"},"schema":{"@context":"https:\/\/schema.org","@graph":[{"@type":"WebPage","@id":"https:\/\/www.campelplanet.com\/de\/kontaktiere-uns\/","url":"https:\/\/www.campelplanet.com\/de\/kontaktiere-uns\/","name":"Kontaktiere uns - Camp El Planet","isPartOf":{"@id":"https:\/\/www.campelplanet.com\/de\/#website"},"primaryImageOfPage":{"@id":"https:\/\/www.campelplanet.com\/de\/kontaktiere-uns\/#primaryimage"},"image":{"@id":"https:\/\/www.campelplanet.com\/de\/kontaktiere-uns\/#primaryimage"},"thumbnailUrl":"https:\/\/www.campelplanet.com\/wp-content\/uploads\/2024\/01\/young-man-on-vacation-with-the-camper-1.jpg","datePublished":"2024-01-02T15:17:44+00:00","dateModified":"2025-11-23T17:43:44+00:00","description":"Nehmen Sie Kontakt mit uns auf. Ihre Anfragen sind wichtig. Kontaktieren Sie uns noch heute f\u00fcr Unterst\u00fctzung, Informationen oder Fragen.","breadcrumb":{"@id":"https:\/\/www.campelplanet.com\/de\/kontaktiere-uns\/#breadcrumb"},"inLanguage":"de","potentialAction":[{"@type":"ReadAction","target":["https:\/\/www.campelplanet.com\/de\/kontaktiere-uns\/"]}]},{"@type":"ImageObject","inLanguage":"de","@id":"https:\/\/www.campelplanet.com\/de\/kontaktiere-uns\/#primaryimage","url":"https:\/\/www.campelplanet.com\/wp-content\/uploads\/2024\/01\/young-man-on-vacation-with-the-camper-1.jpg","contentUrl":"https:\/\/www.campelplanet.com\/wp-content\/uploads\/2024\/01\/young-man-on-vacation-with-the-camper-1.jpg","width":2000,"height":1333,"caption":"Contact Us"},{"@type":"BreadcrumbList","@id":"https:\/\/www.campelplanet.com\/de\/kontaktiere-uns\/#breadcrumb","itemListElement":[{"@type":"ListItem","position":1,"name":"Home","item":"https:\/\/www.campelplanet.com\/de\/"},{"@type":"ListItem","position":2,"name":"Kontaktiere uns"}]},{"@type":"WebSite","@id":"https:\/\/www.campelplanet.com\/de\/#website","url":"https:\/\/www.campelplanet.com\/de\/","name":"Camp El Planet's","description":"The soul of the Costa Blanca","publisher":{"@id":"https:\/\/www.campelplanet.com\/de\/#organization"},"potentialAction":[{"@type":"SearchAction","target":{"@type":"EntryPoint","urlTemplate":"https:\/\/www.campelplanet.com\/de\/?s={search_term_string}"},"query-input":{"@type":"PropertyValueSpecification","valueRequired":true,"valueName":"search_term_string"}}],"inLanguage":"de"},{"@type":"Organization","@id":"https:\/\/www.campelplanet.com\/de\/#organization","name":"Camp El Planet's","url":"https:\/\/www.campelplanet.com\/de\/","logo":{"@type":"ImageObject","inLanguage":"de","@id":"https:\/\/www.campelplanet.com\/de\/#\/schema\/logo\/image\/","url":"https:\/\/www.campelplanet.com\/wp-content\/uploads\/2024\/01\/cropped-CampElPlanet_bla.png","contentUrl":"https:\/\/www.campelplanet.com\/wp-content\/uploads\/2024\/01\/cropped-CampElPlanet_bla.png","width":440,"height":256,"caption":"Camp El Planet's"},"image":{"@id":"https:\/\/www.campelplanet.com\/de\/#\/schema\/logo\/image\/"},"sameAs":["https:\/\/www.facebook.com\/campelplanet","https:\/\/www.instagram.com\/campelplanet\/"]}]}},"_links":{"self":[{"href":"https:\/\/www.campelplanet.com\/de\/wp-json\/wp\/v2\/pages\/823","targetHints":{"allow":["GET"]}}],"collection":[{"href":"https:\/\/www.campelplanet.com\/de\/wp-json\/wp\/v2\/pages"}],"about":[{"href":"https:\/\/www.campelplanet.com\/de\/wp-json\/wp\/v2\/types\/page"}],"author":[{"embeddable":true,"href":"https:\/\/www.campelplanet.com\/de\/wp-json\/wp\/v2\/users\/1"}],"replies":[{"embeddable":true,"href":"https:\/\/www.campelplanet.com\/de\/wp-json\/wp\/v2\/comments?post=823"}],"version-history":[{"count":1,"href":"https:\/\/www.campelplanet.com\/de\/wp-json\/wp\/v2\/pages\/823\/revisions"}],"predecessor-version":[{"id":5761,"href":"https:\/\/www.campelplanet.com\/de\/wp-json\/wp\/v2\/pages\/823\/revisions\/5761"}],"wp:featuredmedia":[{"embeddable":true,"href":"https:\/\/www.campelplanet.com\/de\/wp-json\/wp\/v2\/media\/1229"}],"wp:attachment":[{"href":"https:\/\/www.campelplanet.com\/de\/wp-json\/wp\/v2\/media?parent=823"}],"curies":[{"name":"wp","href":"https:\/\/api.w.org\/{rel}","templated":true}]}}